{"id":92020,"date":"2025-11-26T18:46:22","date_gmt":"2025-11-26T17:46:22","guid":{"rendered":"https:\/\/nordicpadel.com\/sv\/product\/varlion-lw-carbon-9-prisma\/"},"modified":"2025-11-27T17:23:00","modified_gmt":"2025-11-27T16:23:00","slug":"varlion-lw-carbon-9-prisma","status":"publish","type":"product","link":"https:\/\/nordicpadel.com\/sv\/product\/varlion-lw-carbon-9-prisma\/","title":{"rendered":"Varlion LW Carbon 9 Prisma"},"content":{"rendered":"<p>Varlion LW Carbon 9 Prisma \u00e4r det perfekta <a href=\"https:\/\/nordicpadel.com\/sv\/product-category\/padelracket\/\">padelracket<\/a> f\u00f6r den avancerade padelspelaren som s\u00f6ker ultimat kontroll och precision. Med sin runda form och tillverkad av dubbelriktat kolfiber ger detta racket optimal respons och h\u00e5llbarhet. Dess k\u00e4rna av 38 mm Eva Hypersoft-gummi med medelh\u00e5rdhet \u00e4r laminerad av lager av kol- och glasfibertyg samt f\u00f6rst\u00e4rkt med kolfibertyger impregnerade med Varlions exklusiva VAR-FLEX epoxiharts, vilket ger maximal elasticitet och motst\u00e5ndskraft. Dessutom \u00e4r hj\u00e4rtomr\u00e5det t\u00e4ckt av ett lager titandioxid som ger extra skydd.<br id=\"isPasted\"><br \/>Varlion LW Carbon 9 Prisma \u00e4r efterf\u00f6ljaren till de legendariska LW Carbon 3, LW Carbon 5 och LW Carbon 8, och det \u00e4r inte sv\u00e5rt att f\u00f6rst\u00e5 varf\u00f6r. Inbyggd i denna senaste modell \u00e4r Prisma-ramen, vilket ger h\u00f6gre acceleration och snabbare r\u00f6relser tack vare sin aerodynamiska design. Aerodynamisk borrning reducerar turbulensen, vilket ger st\u00f6rre motst\u00e5nd i k\u00e4rnan och st\u00f6rre stabilitet under tr\u00e4ffen. Detta g\u00f6r att mitten av racketen b\u00f6js mindre, vilket resulterar i en \u00f6kning av racketens sweet spot.<\/p>\n<p>Varlion LW Carbon 9 Prisma \u00e4r ocks\u00e5 utrustad med den sj\u00e4lvh\u00e4ftande Prisma-st\u00f6tf\u00e5ngaren som absorberar st\u00f6tar och repor och \u00e4r f\u00e4st p\u00e5 racketens ram med ett lim f\u00f6r att undvika vibrationer. Slice-teknologin appliceras p\u00e5 tr\u00e4ffytan genom ett direkt 3D-screenutskriftssystem, vilket hj\u00e4lper spelaren att applicera effekter p\u00e5 bollen mer effektivt. Slutligen, med Handlesafety-tekniken, g\u00e5r repet genom handtagets tv\u00e5 v\u00e4ggar och kommer ut p\u00e5 b\u00e5da sidor av spetsen, vilket ger 100% s\u00e4kerhet och komfort till greppet.<\/p>\n<p>Varlion LW Carbon 9 Prisma \u00e4r ett kvalitetsracket med tekniska f\u00f6rb\u00e4ttringar i dess material, design och prestanda som garanterat kommer att ta ditt spel till en ny niv\u00e5!<\/p>\n","protected":false},"excerpt":{"rendered":"<p>Varlion LW Carbon 9 Prisma \u00e4r det perfekta padelracket f\u00f6r den avancerade padelspelaren som s\u00f6ker ultimat kontroll och precision. Med sin runda form och tillverkad av dubbelriktat kolfiber ger detta racket optimal respons och h\u00e5llbarhet. Dess k\u00e4rna av 38 mm Eva Hypersoft-gummi med medelh\u00e5rdhet \u00e4r laminerad av lager av kol- och glasfibertyg samt f\u00f6rst\u00e4rkt med [&hellip;]<\/p>\n","protected":false},"featured_media":92011,"comment_status":"open","ping_status":"closed","template":"","meta":[],"pwb-brand":[],"product_cat":[462],"product_tag":[],"woo-feed-brand":[],"class_list":{"0":"post-92020","1":"product","2":"type-product","3":"status-publish","4":"has-post-thumbnail","6":"product_cat-varlion","7":"pa_varumarke-varlion","9":"first","10":"outofstock","11":"sale","12":"taxable","13":"shipping-taxable","14":"purchasable","15":"product-type-simple"},"bundled_by":[],"bundle_stock_status":"outofstock","bundle_stock_quantity":0,"bundle_virtual":false,"bundle_layout":"","bundle_add_to_cart_form_location":"","bundle_editable_in_cart":false,"bundle_sold_individually_context":"","bundle_item_grouping":"","bundle_min_size":"","bundle_max_size":"","bundled_items":[],"bundle_sell_ids":[],"acf":[],"yoast_head":"<!-- This site is optimized with the Yoast SEO plugin v23.1 - https:\/\/yoast.com\/wordpress\/plugins\/seo\/ -->\n<title>Varlion LW Carbon 9 Prisma - Nordic Padel<\/title>\n<meta name=\"robots\" content=\"index, follow, max-snippet:-1, max-image-preview:large, max-video-preview:-1\" \/>\n<link rel=\"canonical\" href=\"https:\/\/nordicpadel.com\/sv\/product\/varlion-lw-carbon-9-prisma\/\" \/>\n<meta property=\"og:locale\" content=\"sv_SE\" \/>\n<meta property=\"og:type\" content=\"article\" \/>\n<meta property=\"og:title\" content=\"Varlion LW Carbon 9 Prisma - Nordic Padel\" \/>\n<meta property=\"og:description\" content=\"Varlion LW Carbon 9 Prisma \u00e4r det perfekta padelracket f\u00f6r den avancerade padelspelaren som s\u00f6ker ultimat kontroll och precision. Med sin runda form och tillverkad av dubbelriktat kolfiber ger detta racket optimal respons och h\u00e5llbarhet. Dess k\u00e4rna av 38 mm Eva Hypersoft-gummi med medelh\u00e5rdhet \u00e4r laminerad av lager av kol- och glasfibertyg samt f\u00f6rst\u00e4rkt med [&hellip;]\" \/>\n<meta property=\"og:url\" content=\"https:\/\/nordicpadel.com\/sv\/product\/varlion-lw-carbon-9-prisma\/\" \/>\n<meta property=\"og:site_name\" content=\"Nordic Padel\" \/>\n<meta property=\"article:modified_time\" content=\"2025-11-27T16:23:00+00:00\" \/>\n<meta property=\"og:image\" content=\"https:\/\/nordicpadel.com\/sv\/wp-content\/uploads\/sites\/10\/2025\/11\/5c615be9de0c9c4e864a962acb65b236.png\" \/>\n\t<meta property=\"og:image:width\" content=\"800\" \/>\n\t<meta property=\"og:image:height\" content=\"800\" \/>\n\t<meta property=\"og:image:type\" content=\"image\/png\" \/>\n<meta name=\"twitter:card\" content=\"summary_large_image\" \/>\n<meta name=\"twitter:label1\" content=\"Ber\u00e4knad l\u00e4stid\" \/>\n\t<meta name=\"twitter:data1\" content=\"1 minut\" \/>\n<script type=\"application\/ld+json\" class=\"yoast-schema-graph\">{\"@context\":\"https:\/\/schema.org\",\"@graph\":[{\"@type\":\"WebPage\",\"@id\":\"https:\/\/nordicpadel.com\/sv\/product\/varlion-lw-carbon-9-prisma\/\",\"url\":\"https:\/\/nordicpadel.com\/sv\/product\/varlion-lw-carbon-9-prisma\/\",\"name\":\"Varlion LW Carbon 9 Prisma - Nordic Padel\",\"isPartOf\":{\"@id\":\"https:\/\/nordicpadel.com\/sv\/#website\"},\"primaryImageOfPage\":{\"@id\":\"https:\/\/nordicpadel.com\/sv\/product\/varlion-lw-carbon-9-prisma\/#primaryimage\"},\"image\":{\"@id\":\"https:\/\/nordicpadel.com\/sv\/product\/varlion-lw-carbon-9-prisma\/#primaryimage\"},\"thumbnailUrl\":\"https:\/\/nordicpadel.com\/sv\/wp-content\/uploads\/sites\/10\/2025\/11\/5c615be9de0c9c4e864a962acb65b236.png\",\"datePublished\":\"2025-11-26T17:46:22+00:00\",\"dateModified\":\"2025-11-27T16:23:00+00:00\",\"breadcrumb\":{\"@id\":\"https:\/\/nordicpadel.com\/sv\/product\/varlion-lw-carbon-9-prisma\/#breadcrumb\"},\"inLanguage\":\"sv-SE\",\"potentialAction\":[{\"@type\":\"ReadAction\",\"target\":[\"https:\/\/nordicpadel.com\/sv\/product\/varlion-lw-carbon-9-prisma\/\"]}]},{\"@type\":\"ImageObject\",\"inLanguage\":\"sv-SE\",\"@id\":\"https:\/\/nordicpadel.com\/sv\/product\/varlion-lw-carbon-9-prisma\/#primaryimage\",\"url\":\"https:\/\/nordicpadel.com\/sv\/wp-content\/uploads\/sites\/10\/2025\/11\/5c615be9de0c9c4e864a962acb65b236.png\",\"contentUrl\":\"https:\/\/nordicpadel.com\/sv\/wp-content\/uploads\/sites\/10\/2025\/11\/5c615be9de0c9c4e864a962acb65b236.png\",\"width\":800,\"height\":800,\"caption\":\"Varlion LW Carbon 9 Prisma\"},{\"@type\":\"BreadcrumbList\",\"@id\":\"https:\/\/nordicpadel.com\/sv\/product\/varlion-lw-carbon-9-prisma\/#breadcrumb\",\"itemListElement\":[{\"@type\":\"ListItem\",\"position\":1,\"name\":\"Hem\",\"item\":\"https:\/\/nordicpadel.com\/sv\/\"},{\"@type\":\"ListItem\",\"position\":2,\"name\":\"Shop\",\"item\":\"https:\/\/nordicpadel.com\/sv\/shop\/\"},{\"@type\":\"ListItem\",\"position\":3,\"name\":\"Varlion LW Carbon 9 Prisma\"}]},{\"@type\":\"WebSite\",\"@id\":\"https:\/\/nordicpadel.com\/sv\/#website\",\"url\":\"https:\/\/nordicpadel.com\/sv\/\",\"name\":\"Nordic Padel\",\"description\":\"\",\"publisher\":{\"@id\":\"https:\/\/nordicpadel.com\/sv\/#organization\"},\"potentialAction\":[{\"@type\":\"SearchAction\",\"target\":{\"@type\":\"EntryPoint\",\"urlTemplate\":\"https:\/\/nordicpadel.com\/sv\/?s={search_term_string}\"},\"query-input\":\"required name=search_term_string\"}],\"inLanguage\":\"sv-SE\"},{\"@type\":\"Organization\",\"@id\":\"https:\/\/nordicpadel.com\/sv\/#organization\",\"name\":\"Nordic Padel\",\"url\":\"https:\/\/nordicpadel.com\/sv\/\",\"logo\":{\"@type\":\"ImageObject\",\"inLanguage\":\"sv-SE\",\"@id\":\"https:\/\/nordicpadel.com\/sv\/#\/schema\/logo\/image\/\",\"url\":\"https:\/\/nordicpadel.com\/sv\/wp-content\/uploads\/sites\/10\/2022\/12\/Nordic-Padel-small_1-1.png\",\"contentUrl\":\"https:\/\/nordicpadel.com\/sv\/wp-content\/uploads\/sites\/10\/2022\/12\/Nordic-Padel-small_1-1.png\",\"width\":400,\"height\":119,\"caption\":\"Nordic Padel\"},\"image\":{\"@id\":\"https:\/\/nordicpadel.com\/sv\/#\/schema\/logo\/image\/\"}}]}<\/script>\n<!-- \/ Yoast SEO plugin. -->","yoast_head_json":{"title":"Varlion LW Carbon 9 Prisma - Nordic Padel","robots":{"index":"index","follow":"follow","max-snippet":"max-snippet:-1","max-image-preview":"max-image-preview:large","max-video-preview":"max-video-preview:-1"},"canonical":"https:\/\/nordicpadel.com\/sv\/product\/varlion-lw-carbon-9-prisma\/","og_locale":"sv_SE","og_type":"article","og_title":"Varlion LW Carbon 9 Prisma - Nordic Padel","og_description":"Varlion LW Carbon 9 Prisma \u00e4r det perfekta padelracket f\u00f6r den avancerade padelspelaren som s\u00f6ker ultimat kontroll och precision. Med sin runda form och tillverkad av dubbelriktat kolfiber ger detta racket optimal respons och h\u00e5llbarhet. Dess k\u00e4rna av 38 mm Eva Hypersoft-gummi med medelh\u00e5rdhet \u00e4r laminerad av lager av kol- och glasfibertyg samt f\u00f6rst\u00e4rkt med [&hellip;]","og_url":"https:\/\/nordicpadel.com\/sv\/product\/varlion-lw-carbon-9-prisma\/","og_site_name":"Nordic Padel","article_modified_time":"2025-11-27T16:23:00+00:00","og_image":[{"width":800,"height":800,"url":"https:\/\/nordicpadel.com\/sv\/wp-content\/uploads\/sites\/10\/2025\/11\/5c615be9de0c9c4e864a962acb65b236.png","type":"image\/png"}],"twitter_card":"summary_large_image","twitter_misc":{"Ber\u00e4knad l\u00e4stid":"1 minut"},"schema":{"@context":"https:\/\/schema.org","@graph":[{"@type":"WebPage","@id":"https:\/\/nordicpadel.com\/sv\/product\/varlion-lw-carbon-9-prisma\/","url":"https:\/\/nordicpadel.com\/sv\/product\/varlion-lw-carbon-9-prisma\/","name":"Varlion LW Carbon 9 Prisma - Nordic Padel","isPartOf":{"@id":"https:\/\/nordicpadel.com\/sv\/#website"},"primaryImageOfPage":{"@id":"https:\/\/nordicpadel.com\/sv\/product\/varlion-lw-carbon-9-prisma\/#primaryimage"},"image":{"@id":"https:\/\/nordicpadel.com\/sv\/product\/varlion-lw-carbon-9-prisma\/#primaryimage"},"thumbnailUrl":"https:\/\/nordicpadel.com\/sv\/wp-content\/uploads\/sites\/10\/2025\/11\/5c615be9de0c9c4e864a962acb65b236.png","datePublished":"2025-11-26T17:46:22+00:00","dateModified":"2025-11-27T16:23:00+00:00","breadcrumb":{"@id":"https:\/\/nordicpadel.com\/sv\/product\/varlion-lw-carbon-9-prisma\/#breadcrumb"},"inLanguage":"sv-SE","potentialAction":[{"@type":"ReadAction","target":["https:\/\/nordicpadel.com\/sv\/product\/varlion-lw-carbon-9-prisma\/"]}]},{"@type":"ImageObject","inLanguage":"sv-SE","@id":"https:\/\/nordicpadel.com\/sv\/product\/varlion-lw-carbon-9-prisma\/#primaryimage","url":"https:\/\/nordicpadel.com\/sv\/wp-content\/uploads\/sites\/10\/2025\/11\/5c615be9de0c9c4e864a962acb65b236.png","contentUrl":"https:\/\/nordicpadel.com\/sv\/wp-content\/uploads\/sites\/10\/2025\/11\/5c615be9de0c9c4e864a962acb65b236.png","width":800,"height":800,"caption":"Varlion LW Carbon 9 Prisma"},{"@type":"BreadcrumbList","@id":"https:\/\/nordicpadel.com\/sv\/product\/varlion-lw-carbon-9-prisma\/#breadcrumb","itemListElement":[{"@type":"ListItem","position":1,"name":"Hem","item":"https:\/\/nordicpadel.com\/sv\/"},{"@type":"ListItem","position":2,"name":"Shop","item":"https:\/\/nordicpadel.com\/sv\/shop\/"},{"@type":"ListItem","position":3,"name":"Varlion LW Carbon 9 Prisma"}]},{"@type":"WebSite","@id":"https:\/\/nordicpadel.com\/sv\/#website","url":"https:\/\/nordicpadel.com\/sv\/","name":"Nordic Padel","description":"","publisher":{"@id":"https:\/\/nordicpadel.com\/sv\/#organization"},"potentialAction":[{"@type":"SearchAction","target":{"@type":"EntryPoint","urlTemplate":"https:\/\/nordicpadel.com\/sv\/?s={search_term_string}"},"query-input":"required name=search_term_string"}],"inLanguage":"sv-SE"},{"@type":"Organization","@id":"https:\/\/nordicpadel.com\/sv\/#organization","name":"Nordic Padel","url":"https:\/\/nordicpadel.com\/sv\/","logo":{"@type":"ImageObject","inLanguage":"sv-SE","@id":"https:\/\/nordicpadel.com\/sv\/#\/schema\/logo\/image\/","url":"https:\/\/nordicpadel.com\/sv\/wp-content\/uploads\/sites\/10\/2022\/12\/Nordic-Padel-small_1-1.png","contentUrl":"https:\/\/nordicpadel.com\/sv\/wp-content\/uploads\/sites\/10\/2022\/12\/Nordic-Padel-small_1-1.png","width":400,"height":119,"caption":"Nordic Padel"},"image":{"@id":"https:\/\/nordicpadel.com\/sv\/#\/schema\/logo\/image\/"}}]}},"brands":[],"_links":{"self":[{"href":"https:\/\/nordicpadel.com\/sv\/wp-json\/wp\/v2\/product\/92020","targetHints":{"allow":["GET"]}}],"collection":[{"href":"https:\/\/nordicpadel.com\/sv\/wp-json\/wp\/v2\/product"}],"about":[{"href":"https:\/\/nordicpadel.com\/sv\/wp-json\/wp\/v2\/types\/product"}],"replies":[{"embeddable":true,"href":"https:\/\/nordicpadel.com\/sv\/wp-json\/wp\/v2\/comments?post=92020"}],"wp:featuredmedia":[{"embeddable":true,"href":"https:\/\/nordicpadel.com\/sv\/wp-json\/wp\/v2\/media\/92011"}],"wp:attachment":[{"href":"https:\/\/nordicpadel.com\/sv\/wp-json\/wp\/v2\/media?parent=92020"}],"wp:term":[{"taxonomy":"pwb-brand","embeddable":true,"href":"https:\/\/nordicpadel.com\/sv\/wp-json\/wp\/v2\/pwb-brand?post=92020"},{"taxonomy":"product_cat","embeddable":true,"href":"https:\/\/nordicpadel.com\/sv\/wp-json\/wp\/v2\/product_cat?post=92020"},{"taxonomy":"product_tag","embeddable":true,"href":"https:\/\/nordicpadel.com\/sv\/wp-json\/wp\/v2\/product_tag?post=92020"},{"taxonomy":"woo-feed-brand","embeddable":true,"href":"https:\/\/nordicpadel.com\/sv\/wp-json\/wp\/v2\/woo-feed-brand?post=92020"}],"curies":[{"name":"wp","href":"https:\/\/api.w.org\/{rel}","templated":true}]}}