{"id":91996,"date":"2025-11-26T18:46:02","date_gmt":"2025-11-26T17:46:02","guid":{"rendered":"https:\/\/nordicpadel.com\/sv\/product\/bullpadel-hack-vibram\/"},"modified":"2026-01-12T11:05:46","modified_gmt":"2026-01-12T10:05:46","slug":"bullpadel-hack-vibram","status":"publish","type":"product","link":"https:\/\/nordicpadel.com\/sv\/product\/bullpadel-hack-vibram\/","title":{"rendered":"BULLPADEL Hack Vibram"},"content":{"rendered":"<p>Limiterd utg\u00e5va av Bullpadels toppmodell i samarbete med skotillverkaren Vibram.<\/p>\n<p> Ovandelen i ventilerande mesh l\u00e5ter f\u00f6tterna andas samtidigt som en gummif\u00f6rst\u00e4rkning vid t\u00e5n ger skydd mot slitage. Den tekniska X-ABRADE-sulan fr\u00e5n Vibram ger utm\u00e4rkt grepp p\u00e5 padelbanan och \u00e4r mycket slitt\u00e5lig. Ortholine innersulan ger god komfort redan fr\u00e5n f\u00f6rsta anv\u00e4ndning och absorberar fukt s\u00e5 att dina f\u00f6tter h\u00e5ller sig torra l\u00e4ngre. <\/p>\n<p>L\u00e4s g\u00e4rna v\u00e5r <a href=\"https:\/\/nordicpadel.com\/sv\/guide-padelskor\/\">skoguide<\/a> som inneh\u00e5ller tips samt en storleksguide f\u00f6r att hj\u00e4lpa dig hitta r\u00e4tt skor.<\/p>\n","protected":false},"excerpt":{"rendered":"<p>Limiterd utg\u00e5va av Bullpadels toppmodell i samarbete med skotillverkaren Vibram. Ovandelen i ventilerande mesh l\u00e5ter f\u00f6tterna andas samtidigt som en gummif\u00f6rst\u00e4rkning vid t\u00e5n ger skydd mot slitage. Den tekniska X-ABRADE-sulan fr\u00e5n Vibram ger utm\u00e4rkt grepp p\u00e5 padelbanan och \u00e4r mycket slitt\u00e5lig. Ortholine innersulan ger god komfort redan fr\u00e5n f\u00f6rsta anv\u00e4ndning och absorberar fukt s\u00e5 att [&hellip;]<\/p>\n","protected":false},"featured_media":91984,"comment_status":"open","ping_status":"closed","template":"","meta":[],"pwb-brand":[],"product_cat":[457,38],"product_tag":[],"woo-feed-brand":[],"class_list":{"0":"post-91996","1":"product","2":"type-product","3":"status-publish","4":"has-post-thumbnail","6":"product_cat-bullpadel","7":"product_cat-herr","8":"pa_varumarke-bullpadel","10":"first","11":"outofstock","12":"sale","13":"taxable","14":"shipping-taxable","15":"product-type-variable"},"bundled_by":[],"bundle_stock_status":"outofstock","bundle_stock_quantity":0,"bundle_virtual":false,"bundle_layout":"","bundle_add_to_cart_form_location":"","bundle_editable_in_cart":false,"bundle_sold_individually_context":"","bundle_item_grouping":"","bundle_min_size":"","bundle_max_size":"","bundled_items":[],"bundle_sell_ids":[],"acf":[],"yoast_head":"<!-- This site is optimized with the Yoast SEO plugin v23.1 - https:\/\/yoast.com\/wordpress\/plugins\/seo\/ -->\n<title>BULLPADEL Hack Vibram - Nordic Padel<\/title>\n<meta name=\"robots\" content=\"index, follow, max-snippet:-1, max-image-preview:large, max-video-preview:-1\" \/>\n<link rel=\"canonical\" href=\"https:\/\/nordicpadel.com\/sv\/product\/bullpadel-hack-vibram\/\" \/>\n<meta property=\"og:locale\" content=\"sv_SE\" \/>\n<meta property=\"og:type\" content=\"article\" \/>\n<meta property=\"og:title\" content=\"BULLPADEL Hack Vibram - Nordic Padel\" \/>\n<meta property=\"og:description\" content=\"Limiterd utg\u00e5va av Bullpadels toppmodell i samarbete med skotillverkaren Vibram. Ovandelen i ventilerande mesh l\u00e5ter f\u00f6tterna andas samtidigt som en gummif\u00f6rst\u00e4rkning vid t\u00e5n ger skydd mot slitage. Den tekniska X-ABRADE-sulan fr\u00e5n Vibram ger utm\u00e4rkt grepp p\u00e5 padelbanan och \u00e4r mycket slitt\u00e5lig. Ortholine innersulan ger god komfort redan fr\u00e5n f\u00f6rsta anv\u00e4ndning och absorberar fukt s\u00e5 att [&hellip;]\" \/>\n<meta property=\"og:url\" content=\"https:\/\/nordicpadel.com\/sv\/product\/bullpadel-hack-vibram\/\" \/>\n<meta property=\"og:site_name\" content=\"Nordic Padel\" \/>\n<meta property=\"article:modified_time\" content=\"2026-01-12T10:05:46+00:00\" \/>\n<meta property=\"og:image\" content=\"https:\/\/nordicpadel.com\/sv\/wp-content\/uploads\/sites\/10\/2025\/11\/269d535538479396d8a506976f3c68bb.png\" \/>\n\t<meta property=\"og:image:width\" content=\"800\" \/>\n\t<meta property=\"og:image:height\" content=\"800\" \/>\n\t<meta property=\"og:image:type\" content=\"image\/png\" \/>\n<meta name=\"twitter:card\" content=\"summary_large_image\" \/>\n<meta name=\"twitter:label1\" content=\"Ber\u00e4knad l\u00e4stid\" \/>\n\t<meta name=\"twitter:data1\" content=\"1 minut\" \/>\n<script type=\"application\/ld+json\" class=\"yoast-schema-graph\">{\"@context\":\"https:\/\/schema.org\",\"@graph\":[{\"@type\":\"WebPage\",\"@id\":\"https:\/\/nordicpadel.com\/sv\/product\/bullpadel-hack-vibram\/\",\"url\":\"https:\/\/nordicpadel.com\/sv\/product\/bullpadel-hack-vibram\/\",\"name\":\"BULLPADEL Hack Vibram - Nordic Padel\",\"isPartOf\":{\"@id\":\"https:\/\/nordicpadel.com\/sv\/#website\"},\"primaryImageOfPage\":{\"@id\":\"https:\/\/nordicpadel.com\/sv\/product\/bullpadel-hack-vibram\/#primaryimage\"},\"image\":{\"@id\":\"https:\/\/nordicpadel.com\/sv\/product\/bullpadel-hack-vibram\/#primaryimage\"},\"thumbnailUrl\":\"https:\/\/nordicpadel.com\/sv\/wp-content\/uploads\/sites\/10\/2025\/11\/269d535538479396d8a506976f3c68bb.png\",\"datePublished\":\"2025-11-26T17:46:02+00:00\",\"dateModified\":\"2026-01-12T10:05:46+00:00\",\"breadcrumb\":{\"@id\":\"https:\/\/nordicpadel.com\/sv\/product\/bullpadel-hack-vibram\/#breadcrumb\"},\"inLanguage\":\"sv-SE\",\"potentialAction\":[{\"@type\":\"ReadAction\",\"target\":[\"https:\/\/nordicpadel.com\/sv\/product\/bullpadel-hack-vibram\/\"]}]},{\"@type\":\"ImageObject\",\"inLanguage\":\"sv-SE\",\"@id\":\"https:\/\/nordicpadel.com\/sv\/product\/bullpadel-hack-vibram\/#primaryimage\",\"url\":\"https:\/\/nordicpadel.com\/sv\/wp-content\/uploads\/sites\/10\/2025\/11\/269d535538479396d8a506976f3c68bb.png\",\"contentUrl\":\"https:\/\/nordicpadel.com\/sv\/wp-content\/uploads\/sites\/10\/2025\/11\/269d535538479396d8a506976f3c68bb.png\",\"width\":800,\"height\":800,\"caption\":\"BULLPADEL Hack Vibram\"},{\"@type\":\"BreadcrumbList\",\"@id\":\"https:\/\/nordicpadel.com\/sv\/product\/bullpadel-hack-vibram\/#breadcrumb\",\"itemListElement\":[{\"@type\":\"ListItem\",\"position\":1,\"name\":\"Hem\",\"item\":\"https:\/\/nordicpadel.com\/sv\/\"},{\"@type\":\"ListItem\",\"position\":2,\"name\":\"Shop\",\"item\":\"https:\/\/nordicpadel.com\/sv\/shop\/\"},{\"@type\":\"ListItem\",\"position\":3,\"name\":\"BULLPADEL Hack Vibram\"}]},{\"@type\":\"WebSite\",\"@id\":\"https:\/\/nordicpadel.com\/sv\/#website\",\"url\":\"https:\/\/nordicpadel.com\/sv\/\",\"name\":\"Nordic Padel\",\"description\":\"\",\"publisher\":{\"@id\":\"https:\/\/nordicpadel.com\/sv\/#organization\"},\"potentialAction\":[{\"@type\":\"SearchAction\",\"target\":{\"@type\":\"EntryPoint\",\"urlTemplate\":\"https:\/\/nordicpadel.com\/sv\/?s={search_term_string}\"},\"query-input\":\"required name=search_term_string\"}],\"inLanguage\":\"sv-SE\"},{\"@type\":\"Organization\",\"@id\":\"https:\/\/nordicpadel.com\/sv\/#organization\",\"name\":\"Nordic Padel\",\"url\":\"https:\/\/nordicpadel.com\/sv\/\",\"logo\":{\"@type\":\"ImageObject\",\"inLanguage\":\"sv-SE\",\"@id\":\"https:\/\/nordicpadel.com\/sv\/#\/schema\/logo\/image\/\",\"url\":\"https:\/\/nordicpadel.com\/sv\/wp-content\/uploads\/sites\/10\/2022\/12\/Nordic-Padel-small_1-1.png\",\"contentUrl\":\"https:\/\/nordicpadel.com\/sv\/wp-content\/uploads\/sites\/10\/2022\/12\/Nordic-Padel-small_1-1.png\",\"width\":400,\"height\":119,\"caption\":\"Nordic Padel\"},\"image\":{\"@id\":\"https:\/\/nordicpadel.com\/sv\/#\/schema\/logo\/image\/\"}}]}<\/script>\n<!-- \/ Yoast SEO plugin. -->","yoast_head_json":{"title":"BULLPADEL Hack Vibram - Nordic Padel","robots":{"index":"index","follow":"follow","max-snippet":"max-snippet:-1","max-image-preview":"max-image-preview:large","max-video-preview":"max-video-preview:-1"},"canonical":"https:\/\/nordicpadel.com\/sv\/product\/bullpadel-hack-vibram\/","og_locale":"sv_SE","og_type":"article","og_title":"BULLPADEL Hack Vibram - Nordic Padel","og_description":"Limiterd utg\u00e5va av Bullpadels toppmodell i samarbete med skotillverkaren Vibram. Ovandelen i ventilerande mesh l\u00e5ter f\u00f6tterna andas samtidigt som en gummif\u00f6rst\u00e4rkning vid t\u00e5n ger skydd mot slitage. Den tekniska X-ABRADE-sulan fr\u00e5n Vibram ger utm\u00e4rkt grepp p\u00e5 padelbanan och \u00e4r mycket slitt\u00e5lig. Ortholine innersulan ger god komfort redan fr\u00e5n f\u00f6rsta anv\u00e4ndning och absorberar fukt s\u00e5 att [&hellip;]","og_url":"https:\/\/nordicpadel.com\/sv\/product\/bullpadel-hack-vibram\/","og_site_name":"Nordic Padel","article_modified_time":"2026-01-12T10:05:46+00:00","og_image":[{"width":800,"height":800,"url":"https:\/\/nordicpadel.com\/sv\/wp-content\/uploads\/sites\/10\/2025\/11\/269d535538479396d8a506976f3c68bb.png","type":"image\/png"}],"twitter_card":"summary_large_image","twitter_misc":{"Ber\u00e4knad l\u00e4stid":"1 minut"},"schema":{"@context":"https:\/\/schema.org","@graph":[{"@type":"WebPage","@id":"https:\/\/nordicpadel.com\/sv\/product\/bullpadel-hack-vibram\/","url":"https:\/\/nordicpadel.com\/sv\/product\/bullpadel-hack-vibram\/","name":"BULLPADEL Hack Vibram - Nordic Padel","isPartOf":{"@id":"https:\/\/nordicpadel.com\/sv\/#website"},"primaryImageOfPage":{"@id":"https:\/\/nordicpadel.com\/sv\/product\/bullpadel-hack-vibram\/#primaryimage"},"image":{"@id":"https:\/\/nordicpadel.com\/sv\/product\/bullpadel-hack-vibram\/#primaryimage"},"thumbnailUrl":"https:\/\/nordicpadel.com\/sv\/wp-content\/uploads\/sites\/10\/2025\/11\/269d535538479396d8a506976f3c68bb.png","datePublished":"2025-11-26T17:46:02+00:00","dateModified":"2026-01-12T10:05:46+00:00","breadcrumb":{"@id":"https:\/\/nordicpadel.com\/sv\/product\/bullpadel-hack-vibram\/#breadcrumb"},"inLanguage":"sv-SE","potentialAction":[{"@type":"ReadAction","target":["https:\/\/nordicpadel.com\/sv\/product\/bullpadel-hack-vibram\/"]}]},{"@type":"ImageObject","inLanguage":"sv-SE","@id":"https:\/\/nordicpadel.com\/sv\/product\/bullpadel-hack-vibram\/#primaryimage","url":"https:\/\/nordicpadel.com\/sv\/wp-content\/uploads\/sites\/10\/2025\/11\/269d535538479396d8a506976f3c68bb.png","contentUrl":"https:\/\/nordicpadel.com\/sv\/wp-content\/uploads\/sites\/10\/2025\/11\/269d535538479396d8a506976f3c68bb.png","width":800,"height":800,"caption":"BULLPADEL Hack Vibram"},{"@type":"BreadcrumbList","@id":"https:\/\/nordicpadel.com\/sv\/product\/bullpadel-hack-vibram\/#breadcrumb","itemListElement":[{"@type":"ListItem","position":1,"name":"Hem","item":"https:\/\/nordicpadel.com\/sv\/"},{"@type":"ListItem","position":2,"name":"Shop","item":"https:\/\/nordicpadel.com\/sv\/shop\/"},{"@type":"ListItem","position":3,"name":"BULLPADEL Hack Vibram"}]},{"@type":"WebSite","@id":"https:\/\/nordicpadel.com\/sv\/#website","url":"https:\/\/nordicpadel.com\/sv\/","name":"Nordic Padel","description":"","publisher":{"@id":"https:\/\/nordicpadel.com\/sv\/#organization"},"potentialAction":[{"@type":"SearchAction","target":{"@type":"EntryPoint","urlTemplate":"https:\/\/nordicpadel.com\/sv\/?s={search_term_string}"},"query-input":"required name=search_term_string"}],"inLanguage":"sv-SE"},{"@type":"Organization","@id":"https:\/\/nordicpadel.com\/sv\/#organization","name":"Nordic Padel","url":"https:\/\/nordicpadel.com\/sv\/","logo":{"@type":"ImageObject","inLanguage":"sv-SE","@id":"https:\/\/nordicpadel.com\/sv\/#\/schema\/logo\/image\/","url":"https:\/\/nordicpadel.com\/sv\/wp-content\/uploads\/sites\/10\/2022\/12\/Nordic-Padel-small_1-1.png","contentUrl":"https:\/\/nordicpadel.com\/sv\/wp-content\/uploads\/sites\/10\/2022\/12\/Nordic-Padel-small_1-1.png","width":400,"height":119,"caption":"Nordic Padel"},"image":{"@id":"https:\/\/nordicpadel.com\/sv\/#\/schema\/logo\/image\/"}}]}},"brands":[],"_links":{"self":[{"href":"https:\/\/nordicpadel.com\/sv\/wp-json\/wp\/v2\/product\/91996","targetHints":{"allow":["GET"]}}],"collection":[{"href":"https:\/\/nordicpadel.com\/sv\/wp-json\/wp\/v2\/product"}],"about":[{"href":"https:\/\/nordicpadel.com\/sv\/wp-json\/wp\/v2\/types\/product"}],"replies":[{"embeddable":true,"href":"https:\/\/nordicpadel.com\/sv\/wp-json\/wp\/v2\/comments?post=91996"}],"wp:featuredmedia":[{"embeddable":true,"href":"https:\/\/nordicpadel.com\/sv\/wp-json\/wp\/v2\/media\/91984"}],"wp:attachment":[{"href":"https:\/\/nordicpadel.com\/sv\/wp-json\/wp\/v2\/media?parent=91996"}],"wp:term":[{"taxonomy":"pwb-brand","embeddable":true,"href":"https:\/\/nordicpadel.com\/sv\/wp-json\/wp\/v2\/pwb-brand?post=91996"},{"taxonomy":"product_cat","embeddable":true,"href":"https:\/\/nordicpadel.com\/sv\/wp-json\/wp\/v2\/product_cat?post=91996"},{"taxonomy":"product_tag","embeddable":true,"href":"https:\/\/nordicpadel.com\/sv\/wp-json\/wp\/v2\/product_tag?post=91996"},{"taxonomy":"woo-feed-brand","embeddable":true,"href":"https:\/\/nordicpadel.com\/sv\/wp-json\/wp\/v2\/woo-feed-brand?post=91996"}],"curies":[{"name":"wp","href":"https:\/\/api.w.org\/{rel}","templated":true}]}}