{"id":91985,"date":"2025-11-26T18:45:55","date_gmt":"2025-11-26T17:45:55","guid":{"rendered":"https:\/\/nordicpadel.com\/sv\/product\/babolat-padel-sock-quarter\/"},"modified":"2026-02-28T23:09:36","modified_gmt":"2026-02-28T22:09:36","slug":"babolat-padel-sock-quarter","status":"publish","type":"product","link":"https:\/\/nordicpadel.com\/sv\/product\/babolat-padel-sock-quarter\/","title":{"rendered":"Babolat Padel Sock Quarter"},"content":{"rendered":"<p>Babolat padelstrumpa &#8211; F\u00f6r Ultimat Komfort och Stabilitet p\u00e5 Padelbanan<br id=\"isPasted\"><br \/>F\u00f6rb\u00e4ttra din prestation p\u00e5 padelbanan med Babolats nya unika padelstrumpa. Designad s\u00e4rskilt f\u00f6r padels r\u00f6relsem\u00f6nster, den h\u00e4r strumpan ger ultimat komfort och stabilitet till dina f\u00f6tter. Med tjockare 3D-kuddar p\u00e5 framfoten och n\u00e4rmare h\u00e4len skyddas dina f\u00f6tter mot skavs\u00e5r och bl\u00e5sor, vilket hj\u00e4lper dig att spela l\u00e4ngre och h\u00e5rdare. Dessutom transporteras svett och fukt bort effektivt tack vare den patenterade Dri-Release Technology som inneh\u00e5ller naturliga fiber i strumpan. Ventilationsr\u00e4nderna p\u00e5 strumpans ovansida g\u00f6r strumpan bekv\u00e4m och leder bort fukten fr\u00e5n dina f\u00f6tter, vilket skapar en perfekt synergi mellan strumpan och dina padelskor. St\u00f6dbandet under foten h\u00e5ller strumpan p\u00e5 plats s\u00e5 att den inte glider och kommer snett i skon. G\u00f6r dig redo f\u00f6r en b\u00e4ttre padelupplevelse med Babolats padelstrumpor.<\/p>\n<p>Specifikationer:<br \/>Material: 75% Polyamid \/ 21% Dri-Release \/ 4% Elasten<\/p>\n","protected":false},"excerpt":{"rendered":"<p>Babolat padelstrumpa &#8211; F\u00f6r Ultimat Komfort och Stabilitet p\u00e5 PadelbananF\u00f6rb\u00e4ttra din prestation p\u00e5 padelbanan med Babolats nya unika padelstrumpa. Designad s\u00e4rskilt f\u00f6r padels r\u00f6relsem\u00f6nster, den h\u00e4r strumpan ger ultimat komfort och stabilitet till dina f\u00f6tter. Med tjockare 3D-kuddar p\u00e5 framfoten och n\u00e4rmare h\u00e4len skyddas dina f\u00f6tter mot skavs\u00e5r och bl\u00e5sor, vilket hj\u00e4lper dig att spela [&hellip;]<\/p>\n","protected":false},"featured_media":91973,"comment_status":"open","ping_status":"closed","template":"","meta":[],"pwb-brand":[],"product_cat":[456],"product_tag":[],"woo-feed-brand":[],"class_list":{"0":"post-91985","1":"product","2":"type-product","3":"status-publish","4":"has-post-thumbnail","6":"product_cat-babolat","7":"pa_varumarke-babolat","9":"first","10":"outofstock","11":"taxable","12":"shipping-taxable","13":"purchasable","14":"product-type-variable"},"bundled_by":[],"bundle_stock_status":"outofstock","bundle_stock_quantity":0,"bundle_virtual":false,"bundle_layout":"","bundle_add_to_cart_form_location":"","bundle_editable_in_cart":false,"bundle_sold_individually_context":"","bundle_item_grouping":"","bundle_min_size":"","bundle_max_size":"","bundled_items":[],"bundle_sell_ids":[],"acf":[],"yoast_head":"<!-- This site is optimized with the Yoast SEO plugin v23.1 - https:\/\/yoast.com\/wordpress\/plugins\/seo\/ -->\n<title>Babolat Padel Sock Quarter - Nordic Padel<\/title>\n<meta name=\"robots\" content=\"index, follow, max-snippet:-1, max-image-preview:large, max-video-preview:-1\" \/>\n<link rel=\"canonical\" href=\"https:\/\/nordicpadel.com\/sv\/product\/babolat-padel-sock-quarter\/\" \/>\n<meta property=\"og:locale\" content=\"sv_SE\" \/>\n<meta property=\"og:type\" content=\"article\" \/>\n<meta property=\"og:title\" content=\"Babolat Padel Sock Quarter - Nordic Padel\" \/>\n<meta property=\"og:description\" content=\"Babolat padelstrumpa &#8211; F\u00f6r Ultimat Komfort och Stabilitet p\u00e5 PadelbananF\u00f6rb\u00e4ttra din prestation p\u00e5 padelbanan med Babolats nya unika padelstrumpa. Designad s\u00e4rskilt f\u00f6r padels r\u00f6relsem\u00f6nster, den h\u00e4r strumpan ger ultimat komfort och stabilitet till dina f\u00f6tter. Med tjockare 3D-kuddar p\u00e5 framfoten och n\u00e4rmare h\u00e4len skyddas dina f\u00f6tter mot skavs\u00e5r och bl\u00e5sor, vilket hj\u00e4lper dig att spela [&hellip;]\" \/>\n<meta property=\"og:url\" content=\"https:\/\/nordicpadel.com\/sv\/product\/babolat-padel-sock-quarter\/\" \/>\n<meta property=\"og:site_name\" content=\"Nordic Padel\" \/>\n<meta property=\"article:modified_time\" content=\"2026-02-28T22:09:36+00:00\" \/>\n<meta property=\"og:image\" content=\"https:\/\/nordicpadel.com\/sv\/wp-content\/uploads\/sites\/10\/2025\/11\/d2f10bdffcaaef39b83ffe765b01d0ff.png\" \/>\n\t<meta property=\"og:image:width\" content=\"800\" \/>\n\t<meta property=\"og:image:height\" content=\"800\" \/>\n\t<meta property=\"og:image:type\" content=\"image\/png\" \/>\n<meta name=\"twitter:card\" content=\"summary_large_image\" \/>\n<meta name=\"twitter:label1\" content=\"Ber\u00e4knad l\u00e4stid\" \/>\n\t<meta name=\"twitter:data1\" content=\"1 minut\" \/>\n<script type=\"application\/ld+json\" class=\"yoast-schema-graph\">{\"@context\":\"https:\/\/schema.org\",\"@graph\":[{\"@type\":\"WebPage\",\"@id\":\"https:\/\/nordicpadel.com\/sv\/product\/babolat-padel-sock-quarter\/\",\"url\":\"https:\/\/nordicpadel.com\/sv\/product\/babolat-padel-sock-quarter\/\",\"name\":\"Babolat Padel Sock Quarter - Nordic Padel\",\"isPartOf\":{\"@id\":\"https:\/\/nordicpadel.com\/sv\/#website\"},\"primaryImageOfPage\":{\"@id\":\"https:\/\/nordicpadel.com\/sv\/product\/babolat-padel-sock-quarter\/#primaryimage\"},\"image\":{\"@id\":\"https:\/\/nordicpadel.com\/sv\/product\/babolat-padel-sock-quarter\/#primaryimage\"},\"thumbnailUrl\":\"https:\/\/nordicpadel.com\/sv\/wp-content\/uploads\/sites\/10\/2025\/11\/d2f10bdffcaaef39b83ffe765b01d0ff.png\",\"datePublished\":\"2025-11-26T17:45:55+00:00\",\"dateModified\":\"2026-02-28T22:09:36+00:00\",\"breadcrumb\":{\"@id\":\"https:\/\/nordicpadel.com\/sv\/product\/babolat-padel-sock-quarter\/#breadcrumb\"},\"inLanguage\":\"sv-SE\",\"potentialAction\":[{\"@type\":\"ReadAction\",\"target\":[\"https:\/\/nordicpadel.com\/sv\/product\/babolat-padel-sock-quarter\/\"]}]},{\"@type\":\"ImageObject\",\"inLanguage\":\"sv-SE\",\"@id\":\"https:\/\/nordicpadel.com\/sv\/product\/babolat-padel-sock-quarter\/#primaryimage\",\"url\":\"https:\/\/nordicpadel.com\/sv\/wp-content\/uploads\/sites\/10\/2025\/11\/d2f10bdffcaaef39b83ffe765b01d0ff.png\",\"contentUrl\":\"https:\/\/nordicpadel.com\/sv\/wp-content\/uploads\/sites\/10\/2025\/11\/d2f10bdffcaaef39b83ffe765b01d0ff.png\",\"width\":800,\"height\":800,\"caption\":\"Babolat Padel Sock Quarter\"},{\"@type\":\"BreadcrumbList\",\"@id\":\"https:\/\/nordicpadel.com\/sv\/product\/babolat-padel-sock-quarter\/#breadcrumb\",\"itemListElement\":[{\"@type\":\"ListItem\",\"position\":1,\"name\":\"Hem\",\"item\":\"https:\/\/nordicpadel.com\/sv\/\"},{\"@type\":\"ListItem\",\"position\":2,\"name\":\"Shop\",\"item\":\"https:\/\/nordicpadel.com\/sv\/shop\/\"},{\"@type\":\"ListItem\",\"position\":3,\"name\":\"Babolat Padel Sock Quarter\"}]},{\"@type\":\"WebSite\",\"@id\":\"https:\/\/nordicpadel.com\/sv\/#website\",\"url\":\"https:\/\/nordicpadel.com\/sv\/\",\"name\":\"Nordic Padel\",\"description\":\"\",\"publisher\":{\"@id\":\"https:\/\/nordicpadel.com\/sv\/#organization\"},\"potentialAction\":[{\"@type\":\"SearchAction\",\"target\":{\"@type\":\"EntryPoint\",\"urlTemplate\":\"https:\/\/nordicpadel.com\/sv\/?s={search_term_string}\"},\"query-input\":\"required name=search_term_string\"}],\"inLanguage\":\"sv-SE\"},{\"@type\":\"Organization\",\"@id\":\"https:\/\/nordicpadel.com\/sv\/#organization\",\"name\":\"Nordic Padel\",\"url\":\"https:\/\/nordicpadel.com\/sv\/\",\"logo\":{\"@type\":\"ImageObject\",\"inLanguage\":\"sv-SE\",\"@id\":\"https:\/\/nordicpadel.com\/sv\/#\/schema\/logo\/image\/\",\"url\":\"https:\/\/nordicpadel.com\/sv\/wp-content\/uploads\/sites\/10\/2022\/12\/Nordic-Padel-small_1-1.png\",\"contentUrl\":\"https:\/\/nordicpadel.com\/sv\/wp-content\/uploads\/sites\/10\/2022\/12\/Nordic-Padel-small_1-1.png\",\"width\":400,\"height\":119,\"caption\":\"Nordic Padel\"},\"image\":{\"@id\":\"https:\/\/nordicpadel.com\/sv\/#\/schema\/logo\/image\/\"}}]}<\/script>\n<!-- \/ Yoast SEO plugin. -->","yoast_head_json":{"title":"Babolat Padel Sock Quarter - Nordic Padel","robots":{"index":"index","follow":"follow","max-snippet":"max-snippet:-1","max-image-preview":"max-image-preview:large","max-video-preview":"max-video-preview:-1"},"canonical":"https:\/\/nordicpadel.com\/sv\/product\/babolat-padel-sock-quarter\/","og_locale":"sv_SE","og_type":"article","og_title":"Babolat Padel Sock Quarter - Nordic Padel","og_description":"Babolat padelstrumpa &#8211; F\u00f6r Ultimat Komfort och Stabilitet p\u00e5 PadelbananF\u00f6rb\u00e4ttra din prestation p\u00e5 padelbanan med Babolats nya unika padelstrumpa. Designad s\u00e4rskilt f\u00f6r padels r\u00f6relsem\u00f6nster, den h\u00e4r strumpan ger ultimat komfort och stabilitet till dina f\u00f6tter. Med tjockare 3D-kuddar p\u00e5 framfoten och n\u00e4rmare h\u00e4len skyddas dina f\u00f6tter mot skavs\u00e5r och bl\u00e5sor, vilket hj\u00e4lper dig att spela [&hellip;]","og_url":"https:\/\/nordicpadel.com\/sv\/product\/babolat-padel-sock-quarter\/","og_site_name":"Nordic Padel","article_modified_time":"2026-02-28T22:09:36+00:00","og_image":[{"width":800,"height":800,"url":"https:\/\/nordicpadel.com\/sv\/wp-content\/uploads\/sites\/10\/2025\/11\/d2f10bdffcaaef39b83ffe765b01d0ff.png","type":"image\/png"}],"twitter_card":"summary_large_image","twitter_misc":{"Ber\u00e4knad l\u00e4stid":"1 minut"},"schema":{"@context":"https:\/\/schema.org","@graph":[{"@type":"WebPage","@id":"https:\/\/nordicpadel.com\/sv\/product\/babolat-padel-sock-quarter\/","url":"https:\/\/nordicpadel.com\/sv\/product\/babolat-padel-sock-quarter\/","name":"Babolat Padel Sock Quarter - Nordic Padel","isPartOf":{"@id":"https:\/\/nordicpadel.com\/sv\/#website"},"primaryImageOfPage":{"@id":"https:\/\/nordicpadel.com\/sv\/product\/babolat-padel-sock-quarter\/#primaryimage"},"image":{"@id":"https:\/\/nordicpadel.com\/sv\/product\/babolat-padel-sock-quarter\/#primaryimage"},"thumbnailUrl":"https:\/\/nordicpadel.com\/sv\/wp-content\/uploads\/sites\/10\/2025\/11\/d2f10bdffcaaef39b83ffe765b01d0ff.png","datePublished":"2025-11-26T17:45:55+00:00","dateModified":"2026-02-28T22:09:36+00:00","breadcrumb":{"@id":"https:\/\/nordicpadel.com\/sv\/product\/babolat-padel-sock-quarter\/#breadcrumb"},"inLanguage":"sv-SE","potentialAction":[{"@type":"ReadAction","target":["https:\/\/nordicpadel.com\/sv\/product\/babolat-padel-sock-quarter\/"]}]},{"@type":"ImageObject","inLanguage":"sv-SE","@id":"https:\/\/nordicpadel.com\/sv\/product\/babolat-padel-sock-quarter\/#primaryimage","url":"https:\/\/nordicpadel.com\/sv\/wp-content\/uploads\/sites\/10\/2025\/11\/d2f10bdffcaaef39b83ffe765b01d0ff.png","contentUrl":"https:\/\/nordicpadel.com\/sv\/wp-content\/uploads\/sites\/10\/2025\/11\/d2f10bdffcaaef39b83ffe765b01d0ff.png","width":800,"height":800,"caption":"Babolat Padel Sock Quarter"},{"@type":"BreadcrumbList","@id":"https:\/\/nordicpadel.com\/sv\/product\/babolat-padel-sock-quarter\/#breadcrumb","itemListElement":[{"@type":"ListItem","position":1,"name":"Hem","item":"https:\/\/nordicpadel.com\/sv\/"},{"@type":"ListItem","position":2,"name":"Shop","item":"https:\/\/nordicpadel.com\/sv\/shop\/"},{"@type":"ListItem","position":3,"name":"Babolat Padel Sock Quarter"}]},{"@type":"WebSite","@id":"https:\/\/nordicpadel.com\/sv\/#website","url":"https:\/\/nordicpadel.com\/sv\/","name":"Nordic Padel","description":"","publisher":{"@id":"https:\/\/nordicpadel.com\/sv\/#organization"},"potentialAction":[{"@type":"SearchAction","target":{"@type":"EntryPoint","urlTemplate":"https:\/\/nordicpadel.com\/sv\/?s={search_term_string}"},"query-input":"required name=search_term_string"}],"inLanguage":"sv-SE"},{"@type":"Organization","@id":"https:\/\/nordicpadel.com\/sv\/#organization","name":"Nordic Padel","url":"https:\/\/nordicpadel.com\/sv\/","logo":{"@type":"ImageObject","inLanguage":"sv-SE","@id":"https:\/\/nordicpadel.com\/sv\/#\/schema\/logo\/image\/","url":"https:\/\/nordicpadel.com\/sv\/wp-content\/uploads\/sites\/10\/2022\/12\/Nordic-Padel-small_1-1.png","contentUrl":"https:\/\/nordicpadel.com\/sv\/wp-content\/uploads\/sites\/10\/2022\/12\/Nordic-Padel-small_1-1.png","width":400,"height":119,"caption":"Nordic Padel"},"image":{"@id":"https:\/\/nordicpadel.com\/sv\/#\/schema\/logo\/image\/"}}]}},"brands":[],"_links":{"self":[{"href":"https:\/\/nordicpadel.com\/sv\/wp-json\/wp\/v2\/product\/91985","targetHints":{"allow":["GET"]}}],"collection":[{"href":"https:\/\/nordicpadel.com\/sv\/wp-json\/wp\/v2\/product"}],"about":[{"href":"https:\/\/nordicpadel.com\/sv\/wp-json\/wp\/v2\/types\/product"}],"replies":[{"embeddable":true,"href":"https:\/\/nordicpadel.com\/sv\/wp-json\/wp\/v2\/comments?post=91985"}],"wp:featuredmedia":[{"embeddable":true,"href":"https:\/\/nordicpadel.com\/sv\/wp-json\/wp\/v2\/media\/91973"}],"wp:attachment":[{"href":"https:\/\/nordicpadel.com\/sv\/wp-json\/wp\/v2\/media?parent=91985"}],"wp:term":[{"taxonomy":"pwb-brand","embeddable":true,"href":"https:\/\/nordicpadel.com\/sv\/wp-json\/wp\/v2\/pwb-brand?post=91985"},{"taxonomy":"product_cat","embeddable":true,"href":"https:\/\/nordicpadel.com\/sv\/wp-json\/wp\/v2\/product_cat?post=91985"},{"taxonomy":"product_tag","embeddable":true,"href":"https:\/\/nordicpadel.com\/sv\/wp-json\/wp\/v2\/product_tag?post=91985"},{"taxonomy":"woo-feed-brand","embeddable":true,"href":"https:\/\/nordicpadel.com\/sv\/wp-json\/wp\/v2\/woo-feed-brand?post=91985"}],"curies":[{"name":"wp","href":"https:\/\/api.w.org\/{rel}","templated":true}]}}