{"id":91943,"date":"2025-11-26T18:45:44","date_gmt":"2025-11-26T17:45:44","guid":{"rendered":"https:\/\/nordicpadel.com\/sv\/product\/smellwell-freshener-bag-xl\/"},"modified":"2025-11-26T19:35:59","modified_gmt":"2025-11-26T18:35:59","slug":"smellwell-freshener-bag-xl","status":"publish","type":"product","link":"https:\/\/nordicpadel.com\/sv\/product\/smellwell-freshener-bag-xl\/","title":{"rendered":"SmellWell Freshener Bag XL"},"content":{"rendered":"<p>SmellWell Freshener Bag \u00e4r en funktionell v\u00e4ska som h\u00e5ller dina skor och kl\u00e4der fr\u00e4scha. V\u00e4skan absorberar fukt, tar bort d\u00e5lig lukt och motverkar uppkomsten av bakterier. Den har en mild parfym som l\u00e4mnar en fr\u00e4sch doft. Doften kan avta med tiden. F\u00f6r att \u00e5terf\u00e5 effekten kan du v\u00e4nda v\u00e4skan in och ut och placera den i solen n\u00e5gra g\u00e5nger per \u00e5r. Du kan anv\u00e4nda v\u00e4skan som en gympap\u00e5se eller f\u00f6r att separera dina anv\u00e4nda skor, tr\u00e4ningskl\u00e4der eller handduk fr\u00e5n resten av dina saker i gymv\u00e4skan. V\u00e4skan rymmer 20 liter.<br id=\"isPasted\"><br \/>100 % klimatneutral<br \/>H\u00e5ller kl\u00e4der och tillbeh\u00f6r fr\u00e4scha<br \/>Motverkar bakterier<\/p>\n","protected":false},"excerpt":{"rendered":"<p>SmellWell Freshener Bag \u00e4r en funktionell v\u00e4ska som h\u00e5ller dina skor och kl\u00e4der fr\u00e4scha. V\u00e4skan absorberar fukt, tar bort d\u00e5lig lukt och motverkar uppkomsten av bakterier. Den har en mild parfym som l\u00e4mnar en fr\u00e4sch doft. Doften kan avta med tiden. F\u00f6r att \u00e5terf\u00e5 effekten kan du v\u00e4nda v\u00e4skan in och ut och placera den [&hellip;]<\/p>\n","protected":false},"featured_media":91904,"comment_status":"open","ping_status":"closed","template":"","meta":[],"pwb-brand":[],"product_cat":[46],"product_tag":[],"woo-feed-brand":[],"class_list":{"0":"post-91943","1":"product","2":"type-product","3":"status-publish","4":"has-post-thumbnail","6":"product_cat-ovrigt","7":"pa_varumarke-smellwell","9":"first","10":"outofstock","11":"taxable","12":"shipping-taxable","13":"purchasable","14":"product-type-simple"},"bundled_by":[],"bundle_stock_status":"outofstock","bundle_stock_quantity":0,"bundle_virtual":false,"bundle_layout":"","bundle_add_to_cart_form_location":"","bundle_editable_in_cart":false,"bundle_sold_individually_context":"","bundle_item_grouping":"","bundle_min_size":"","bundle_max_size":"","bundled_items":[],"bundle_sell_ids":[],"acf":[],"yoast_head":"<!-- This site is optimized with the Yoast SEO plugin v23.1 - https:\/\/yoast.com\/wordpress\/plugins\/seo\/ -->\n<title>SmellWell Freshener Bag XL - Nordic Padel<\/title>\n<meta name=\"robots\" content=\"index, follow, max-snippet:-1, max-image-preview:large, max-video-preview:-1\" \/>\n<link rel=\"canonical\" href=\"https:\/\/nordicpadel.com\/sv\/product\/smellwell-freshener-bag-xl\/\" \/>\n<meta property=\"og:locale\" content=\"sv_SE\" \/>\n<meta property=\"og:type\" content=\"article\" \/>\n<meta property=\"og:title\" content=\"SmellWell Freshener Bag XL - Nordic Padel\" \/>\n<meta property=\"og:description\" content=\"SmellWell Freshener Bag \u00e4r en funktionell v\u00e4ska som h\u00e5ller dina skor och kl\u00e4der fr\u00e4scha. V\u00e4skan absorberar fukt, tar bort d\u00e5lig lukt och motverkar uppkomsten av bakterier. Den har en mild parfym som l\u00e4mnar en fr\u00e4sch doft. Doften kan avta med tiden. F\u00f6r att \u00e5terf\u00e5 effekten kan du v\u00e4nda v\u00e4skan in och ut och placera den [&hellip;]\" \/>\n<meta property=\"og:url\" content=\"https:\/\/nordicpadel.com\/sv\/product\/smellwell-freshener-bag-xl\/\" \/>\n<meta property=\"og:site_name\" content=\"Nordic Padel\" \/>\n<meta property=\"article:modified_time\" content=\"2025-11-26T18:35:59+00:00\" \/>\n<meta property=\"og:image\" content=\"https:\/\/nordicpadel.com\/sv\/wp-content\/uploads\/sites\/10\/2025\/11\/41f8161f35a3a0332c0bbdd90bee05e9.png\" \/>\n\t<meta property=\"og:image:width\" content=\"800\" \/>\n\t<meta property=\"og:image:height\" content=\"800\" \/>\n\t<meta property=\"og:image:type\" content=\"image\/png\" \/>\n<meta name=\"twitter:card\" content=\"summary_large_image\" \/>\n<meta name=\"twitter:label1\" content=\"Ber\u00e4knad l\u00e4stid\" \/>\n\t<meta name=\"twitter:data1\" content=\"1 minut\" \/>\n<script type=\"application\/ld+json\" class=\"yoast-schema-graph\">{\"@context\":\"https:\/\/schema.org\",\"@graph\":[{\"@type\":\"WebPage\",\"@id\":\"https:\/\/nordicpadel.com\/sv\/product\/smellwell-freshener-bag-xl\/\",\"url\":\"https:\/\/nordicpadel.com\/sv\/product\/smellwell-freshener-bag-xl\/\",\"name\":\"SmellWell Freshener Bag XL - Nordic Padel\",\"isPartOf\":{\"@id\":\"https:\/\/nordicpadel.com\/sv\/#website\"},\"primaryImageOfPage\":{\"@id\":\"https:\/\/nordicpadel.com\/sv\/product\/smellwell-freshener-bag-xl\/#primaryimage\"},\"image\":{\"@id\":\"https:\/\/nordicpadel.com\/sv\/product\/smellwell-freshener-bag-xl\/#primaryimage\"},\"thumbnailUrl\":\"https:\/\/nordicpadel.com\/sv\/wp-content\/uploads\/sites\/10\/2025\/11\/41f8161f35a3a0332c0bbdd90bee05e9.png\",\"datePublished\":\"2025-11-26T17:45:44+00:00\",\"dateModified\":\"2025-11-26T18:35:59+00:00\",\"breadcrumb\":{\"@id\":\"https:\/\/nordicpadel.com\/sv\/product\/smellwell-freshener-bag-xl\/#breadcrumb\"},\"inLanguage\":\"sv-SE\",\"potentialAction\":[{\"@type\":\"ReadAction\",\"target\":[\"https:\/\/nordicpadel.com\/sv\/product\/smellwell-freshener-bag-xl\/\"]}]},{\"@type\":\"ImageObject\",\"inLanguage\":\"sv-SE\",\"@id\":\"https:\/\/nordicpadel.com\/sv\/product\/smellwell-freshener-bag-xl\/#primaryimage\",\"url\":\"https:\/\/nordicpadel.com\/sv\/wp-content\/uploads\/sites\/10\/2025\/11\/41f8161f35a3a0332c0bbdd90bee05e9.png\",\"contentUrl\":\"https:\/\/nordicpadel.com\/sv\/wp-content\/uploads\/sites\/10\/2025\/11\/41f8161f35a3a0332c0bbdd90bee05e9.png\",\"width\":800,\"height\":800,\"caption\":\"SmellWell Freshener Bag XL\"},{\"@type\":\"BreadcrumbList\",\"@id\":\"https:\/\/nordicpadel.com\/sv\/product\/smellwell-freshener-bag-xl\/#breadcrumb\",\"itemListElement\":[{\"@type\":\"ListItem\",\"position\":1,\"name\":\"Hem\",\"item\":\"https:\/\/nordicpadel.com\/sv\/\"},{\"@type\":\"ListItem\",\"position\":2,\"name\":\"Shop\",\"item\":\"https:\/\/nordicpadel.com\/sv\/shop\/\"},{\"@type\":\"ListItem\",\"position\":3,\"name\":\"SmellWell Freshener Bag XL\"}]},{\"@type\":\"WebSite\",\"@id\":\"https:\/\/nordicpadel.com\/sv\/#website\",\"url\":\"https:\/\/nordicpadel.com\/sv\/\",\"name\":\"Nordic Padel\",\"description\":\"\",\"publisher\":{\"@id\":\"https:\/\/nordicpadel.com\/sv\/#organization\"},\"potentialAction\":[{\"@type\":\"SearchAction\",\"target\":{\"@type\":\"EntryPoint\",\"urlTemplate\":\"https:\/\/nordicpadel.com\/sv\/?s={search_term_string}\"},\"query-input\":\"required name=search_term_string\"}],\"inLanguage\":\"sv-SE\"},{\"@type\":\"Organization\",\"@id\":\"https:\/\/nordicpadel.com\/sv\/#organization\",\"name\":\"Nordic Padel\",\"url\":\"https:\/\/nordicpadel.com\/sv\/\",\"logo\":{\"@type\":\"ImageObject\",\"inLanguage\":\"sv-SE\",\"@id\":\"https:\/\/nordicpadel.com\/sv\/#\/schema\/logo\/image\/\",\"url\":\"https:\/\/nordicpadel.com\/sv\/wp-content\/uploads\/sites\/10\/2022\/12\/Nordic-Padel-small_1-1.png\",\"contentUrl\":\"https:\/\/nordicpadel.com\/sv\/wp-content\/uploads\/sites\/10\/2022\/12\/Nordic-Padel-small_1-1.png\",\"width\":400,\"height\":119,\"caption\":\"Nordic Padel\"},\"image\":{\"@id\":\"https:\/\/nordicpadel.com\/sv\/#\/schema\/logo\/image\/\"}}]}<\/script>\n<!-- \/ Yoast SEO plugin. -->","yoast_head_json":{"title":"SmellWell Freshener Bag XL - Nordic Padel","robots":{"index":"index","follow":"follow","max-snippet":"max-snippet:-1","max-image-preview":"max-image-preview:large","max-video-preview":"max-video-preview:-1"},"canonical":"https:\/\/nordicpadel.com\/sv\/product\/smellwell-freshener-bag-xl\/","og_locale":"sv_SE","og_type":"article","og_title":"SmellWell Freshener Bag XL - Nordic Padel","og_description":"SmellWell Freshener Bag \u00e4r en funktionell v\u00e4ska som h\u00e5ller dina skor och kl\u00e4der fr\u00e4scha. V\u00e4skan absorberar fukt, tar bort d\u00e5lig lukt och motverkar uppkomsten av bakterier. Den har en mild parfym som l\u00e4mnar en fr\u00e4sch doft. Doften kan avta med tiden. F\u00f6r att \u00e5terf\u00e5 effekten kan du v\u00e4nda v\u00e4skan in och ut och placera den [&hellip;]","og_url":"https:\/\/nordicpadel.com\/sv\/product\/smellwell-freshener-bag-xl\/","og_site_name":"Nordic Padel","article_modified_time":"2025-11-26T18:35:59+00:00","og_image":[{"width":800,"height":800,"url":"https:\/\/nordicpadel.com\/sv\/wp-content\/uploads\/sites\/10\/2025\/11\/41f8161f35a3a0332c0bbdd90bee05e9.png","type":"image\/png"}],"twitter_card":"summary_large_image","twitter_misc":{"Ber\u00e4knad l\u00e4stid":"1 minut"},"schema":{"@context":"https:\/\/schema.org","@graph":[{"@type":"WebPage","@id":"https:\/\/nordicpadel.com\/sv\/product\/smellwell-freshener-bag-xl\/","url":"https:\/\/nordicpadel.com\/sv\/product\/smellwell-freshener-bag-xl\/","name":"SmellWell Freshener Bag XL - Nordic Padel","isPartOf":{"@id":"https:\/\/nordicpadel.com\/sv\/#website"},"primaryImageOfPage":{"@id":"https:\/\/nordicpadel.com\/sv\/product\/smellwell-freshener-bag-xl\/#primaryimage"},"image":{"@id":"https:\/\/nordicpadel.com\/sv\/product\/smellwell-freshener-bag-xl\/#primaryimage"},"thumbnailUrl":"https:\/\/nordicpadel.com\/sv\/wp-content\/uploads\/sites\/10\/2025\/11\/41f8161f35a3a0332c0bbdd90bee05e9.png","datePublished":"2025-11-26T17:45:44+00:00","dateModified":"2025-11-26T18:35:59+00:00","breadcrumb":{"@id":"https:\/\/nordicpadel.com\/sv\/product\/smellwell-freshener-bag-xl\/#breadcrumb"},"inLanguage":"sv-SE","potentialAction":[{"@type":"ReadAction","target":["https:\/\/nordicpadel.com\/sv\/product\/smellwell-freshener-bag-xl\/"]}]},{"@type":"ImageObject","inLanguage":"sv-SE","@id":"https:\/\/nordicpadel.com\/sv\/product\/smellwell-freshener-bag-xl\/#primaryimage","url":"https:\/\/nordicpadel.com\/sv\/wp-content\/uploads\/sites\/10\/2025\/11\/41f8161f35a3a0332c0bbdd90bee05e9.png","contentUrl":"https:\/\/nordicpadel.com\/sv\/wp-content\/uploads\/sites\/10\/2025\/11\/41f8161f35a3a0332c0bbdd90bee05e9.png","width":800,"height":800,"caption":"SmellWell Freshener Bag XL"},{"@type":"BreadcrumbList","@id":"https:\/\/nordicpadel.com\/sv\/product\/smellwell-freshener-bag-xl\/#breadcrumb","itemListElement":[{"@type":"ListItem","position":1,"name":"Hem","item":"https:\/\/nordicpadel.com\/sv\/"},{"@type":"ListItem","position":2,"name":"Shop","item":"https:\/\/nordicpadel.com\/sv\/shop\/"},{"@type":"ListItem","position":3,"name":"SmellWell Freshener Bag XL"}]},{"@type":"WebSite","@id":"https:\/\/nordicpadel.com\/sv\/#website","url":"https:\/\/nordicpadel.com\/sv\/","name":"Nordic Padel","description":"","publisher":{"@id":"https:\/\/nordicpadel.com\/sv\/#organization"},"potentialAction":[{"@type":"SearchAction","target":{"@type":"EntryPoint","urlTemplate":"https:\/\/nordicpadel.com\/sv\/?s={search_term_string}"},"query-input":"required name=search_term_string"}],"inLanguage":"sv-SE"},{"@type":"Organization","@id":"https:\/\/nordicpadel.com\/sv\/#organization","name":"Nordic Padel","url":"https:\/\/nordicpadel.com\/sv\/","logo":{"@type":"ImageObject","inLanguage":"sv-SE","@id":"https:\/\/nordicpadel.com\/sv\/#\/schema\/logo\/image\/","url":"https:\/\/nordicpadel.com\/sv\/wp-content\/uploads\/sites\/10\/2022\/12\/Nordic-Padel-small_1-1.png","contentUrl":"https:\/\/nordicpadel.com\/sv\/wp-content\/uploads\/sites\/10\/2022\/12\/Nordic-Padel-small_1-1.png","width":400,"height":119,"caption":"Nordic Padel"},"image":{"@id":"https:\/\/nordicpadel.com\/sv\/#\/schema\/logo\/image\/"}}]}},"brands":[],"_links":{"self":[{"href":"https:\/\/nordicpadel.com\/sv\/wp-json\/wp\/v2\/product\/91943","targetHints":{"allow":["GET"]}}],"collection":[{"href":"https:\/\/nordicpadel.com\/sv\/wp-json\/wp\/v2\/product"}],"about":[{"href":"https:\/\/nordicpadel.com\/sv\/wp-json\/wp\/v2\/types\/product"}],"replies":[{"embeddable":true,"href":"https:\/\/nordicpadel.com\/sv\/wp-json\/wp\/v2\/comments?post=91943"}],"wp:featuredmedia":[{"embeddable":true,"href":"https:\/\/nordicpadel.com\/sv\/wp-json\/wp\/v2\/media\/91904"}],"wp:attachment":[{"href":"https:\/\/nordicpadel.com\/sv\/wp-json\/wp\/v2\/media?parent=91943"}],"wp:term":[{"taxonomy":"pwb-brand","embeddable":true,"href":"https:\/\/nordicpadel.com\/sv\/wp-json\/wp\/v2\/pwb-brand?post=91943"},{"taxonomy":"product_cat","embeddable":true,"href":"https:\/\/nordicpadel.com\/sv\/wp-json\/wp\/v2\/product_cat?post=91943"},{"taxonomy":"product_tag","embeddable":true,"href":"https:\/\/nordicpadel.com\/sv\/wp-json\/wp\/v2\/product_tag?post=91943"},{"taxonomy":"woo-feed-brand","embeddable":true,"href":"https:\/\/nordicpadel.com\/sv\/wp-json\/wp\/v2\/woo-feed-brand?post=91943"}],"curies":[{"name":"wp","href":"https:\/\/api.w.org\/{rel}","templated":true}]}}