{"id":91636,"date":"2025-11-26T18:44:19","date_gmt":"2025-11-26T17:44:19","guid":{"rendered":"https:\/\/nordicpadel.com\/sv\/product\/asics-gel-game-9\/"},"modified":"2026-02-02T23:09:18","modified_gmt":"2026-02-02T22:09:18","slug":"asics-gel-game-9","status":"publish","type":"product","link":"https:\/\/nordicpadel.com\/sv\/product\/asics-gel-game-9\/","title":{"rendered":"Asics Gel Game 9"},"content":{"rendered":"<p>GEL-GAME\u2122 9 \u00e4r en bekv\u00e4m, m\u00e5ngsidig sko f\u00f6r dig som spelar flera g\u00e5nger i veckan. Skorna \u00e4r f\u00f6rsedda med TRUSSTIC\u2122-teknik i mellansulan f\u00f6r b\u00e4ttre stabilitet p\u00e5 banan. Tack vare skornas bepr\u00f6vat st\u00f6djande egenskaper har Asics kunnat fokusera p\u00e5 att f\u00f6rb\u00e4ttra skons ventilation och flexibilitet. De har en \u00f6ppen mesh-design p\u00e5 ovandelen f\u00f6r att f\u00f6rb\u00e4ttra luftfl\u00f6det och h\u00e5lla f\u00f6tterna svala. De \u00e4r ocks\u00e5 f\u00f6rsedda med syntetskinn och en film av PU (polyuretan) som ger f\u00f6rb\u00e4ttrad stabilitet vid pl\u00f6tsliga \u00f6verg\u00e5ngar och riktnings\u00e4ndringar. EVA-mellansula i skum med GEL\u2122-teknik i framfoten ger responsiv st\u00f6td\u00e4mpning och komfort i steget. Dessutom ger den padelspecifika yttersulan mer flexibilitet och \u00f6kad slitstyrka.<br id=\"isPasted\"><br \/>Skorna har en allcourt-sula som passar perfekt f\u00f6r spel p\u00e5 banor med mindre sand.<\/p>\n<p>L\u00e4s g\u00e4rna v\u00e5r <a href=\"https:\/\/nordicpadel.com\/sv\/guide-padelskor\/\">skoguide<\/a> som inneh\u00e5ller tips samt en storleksguide f\u00f6r att hj\u00e4lpa dig hitta r\u00e4tt skor.<\/p>\n","protected":false},"excerpt":{"rendered":"<p>GEL-GAME\u2122 9 \u00e4r en bekv\u00e4m, m\u00e5ngsidig sko f\u00f6r dig som spelar flera g\u00e5nger i veckan. Skorna \u00e4r f\u00f6rsedda med TRUSSTIC\u2122-teknik i mellansulan f\u00f6r b\u00e4ttre stabilitet p\u00e5 banan. Tack vare skornas bepr\u00f6vat st\u00f6djande egenskaper har Asics kunnat fokusera p\u00e5 att f\u00f6rb\u00e4ttra skons ventilation och flexibilitet. De har en \u00f6ppen mesh-design p\u00e5 ovandelen f\u00f6r att f\u00f6rb\u00e4ttra luftfl\u00f6det [&hellip;]<\/p>\n","protected":false},"featured_media":91593,"comment_status":"open","ping_status":"closed","template":"","meta":[],"pwb-brand":[],"product_cat":[38,467],"product_tag":[],"woo-feed-brand":[],"class_list":{"0":"post-91636","1":"product","2":"type-product","3":"status-publish","4":"has-post-thumbnail","6":"product_cat-herr","7":"product_cat-asics","8":"pa_varumarke-asics","10":"first","11":"outofstock","12":"sale","13":"taxable","14":"shipping-taxable","15":"purchasable","16":"product-type-variable"},"bundled_by":[],"bundle_stock_status":"outofstock","bundle_stock_quantity":0,"bundle_virtual":false,"bundle_layout":"","bundle_add_to_cart_form_location":"","bundle_editable_in_cart":false,"bundle_sold_individually_context":"","bundle_item_grouping":"","bundle_min_size":"","bundle_max_size":"","bundled_items":[],"bundle_sell_ids":[],"acf":[],"yoast_head":"<!-- This site is optimized with the Yoast SEO plugin v23.1 - https:\/\/yoast.com\/wordpress\/plugins\/seo\/ -->\n<title>Asics Gel Game 9 - Nordic Padel<\/title>\n<meta name=\"robots\" content=\"index, follow, max-snippet:-1, max-image-preview:large, max-video-preview:-1\" \/>\n<link rel=\"canonical\" href=\"https:\/\/nordicpadel.com\/sv\/product\/asics-gel-game-9\/\" \/>\n<meta property=\"og:locale\" content=\"sv_SE\" \/>\n<meta property=\"og:type\" content=\"article\" \/>\n<meta property=\"og:title\" content=\"Asics Gel Game 9 - Nordic Padel\" \/>\n<meta property=\"og:description\" content=\"GEL-GAME\u2122 9 \u00e4r en bekv\u00e4m, m\u00e5ngsidig sko f\u00f6r dig som spelar flera g\u00e5nger i veckan. Skorna \u00e4r f\u00f6rsedda med TRUSSTIC\u2122-teknik i mellansulan f\u00f6r b\u00e4ttre stabilitet p\u00e5 banan. Tack vare skornas bepr\u00f6vat st\u00f6djande egenskaper har Asics kunnat fokusera p\u00e5 att f\u00f6rb\u00e4ttra skons ventilation och flexibilitet. De har en \u00f6ppen mesh-design p\u00e5 ovandelen f\u00f6r att f\u00f6rb\u00e4ttra luftfl\u00f6det [&hellip;]\" \/>\n<meta property=\"og:url\" content=\"https:\/\/nordicpadel.com\/sv\/product\/asics-gel-game-9\/\" \/>\n<meta property=\"og:site_name\" content=\"Nordic Padel\" \/>\n<meta property=\"article:modified_time\" content=\"2026-02-02T22:09:18+00:00\" \/>\n<meta property=\"og:image\" content=\"https:\/\/nordicpadel.com\/sv\/wp-content\/uploads\/sites\/10\/2025\/11\/f3ce4b10c7049e82a578df92ee7f61b7.png\" \/>\n\t<meta property=\"og:image:width\" content=\"800\" \/>\n\t<meta property=\"og:image:height\" content=\"800\" \/>\n\t<meta property=\"og:image:type\" content=\"image\/png\" \/>\n<meta name=\"twitter:card\" content=\"summary_large_image\" \/>\n<meta name=\"twitter:label1\" content=\"Ber\u00e4knad l\u00e4stid\" \/>\n\t<meta name=\"twitter:data1\" content=\"1 minut\" \/>\n<script type=\"application\/ld+json\" class=\"yoast-schema-graph\">{\"@context\":\"https:\/\/schema.org\",\"@graph\":[{\"@type\":\"WebPage\",\"@id\":\"https:\/\/nordicpadel.com\/sv\/product\/asics-gel-game-9\/\",\"url\":\"https:\/\/nordicpadel.com\/sv\/product\/asics-gel-game-9\/\",\"name\":\"Asics Gel Game 9 - Nordic Padel\",\"isPartOf\":{\"@id\":\"https:\/\/nordicpadel.com\/sv\/#website\"},\"primaryImageOfPage\":{\"@id\":\"https:\/\/nordicpadel.com\/sv\/product\/asics-gel-game-9\/#primaryimage\"},\"image\":{\"@id\":\"https:\/\/nordicpadel.com\/sv\/product\/asics-gel-game-9\/#primaryimage\"},\"thumbnailUrl\":\"https:\/\/nordicpadel.com\/sv\/wp-content\/uploads\/sites\/10\/2025\/11\/f3ce4b10c7049e82a578df92ee7f61b7.png\",\"datePublished\":\"2025-11-26T17:44:19+00:00\",\"dateModified\":\"2026-02-02T22:09:18+00:00\",\"breadcrumb\":{\"@id\":\"https:\/\/nordicpadel.com\/sv\/product\/asics-gel-game-9\/#breadcrumb\"},\"inLanguage\":\"sv-SE\",\"potentialAction\":[{\"@type\":\"ReadAction\",\"target\":[\"https:\/\/nordicpadel.com\/sv\/product\/asics-gel-game-9\/\"]}]},{\"@type\":\"ImageObject\",\"inLanguage\":\"sv-SE\",\"@id\":\"https:\/\/nordicpadel.com\/sv\/product\/asics-gel-game-9\/#primaryimage\",\"url\":\"https:\/\/nordicpadel.com\/sv\/wp-content\/uploads\/sites\/10\/2025\/11\/f3ce4b10c7049e82a578df92ee7f61b7.png\",\"contentUrl\":\"https:\/\/nordicpadel.com\/sv\/wp-content\/uploads\/sites\/10\/2025\/11\/f3ce4b10c7049e82a578df92ee7f61b7.png\",\"width\":800,\"height\":800,\"caption\":\"Asics Gel Game 9\"},{\"@type\":\"BreadcrumbList\",\"@id\":\"https:\/\/nordicpadel.com\/sv\/product\/asics-gel-game-9\/#breadcrumb\",\"itemListElement\":[{\"@type\":\"ListItem\",\"position\":1,\"name\":\"Hem\",\"item\":\"https:\/\/nordicpadel.com\/sv\/\"},{\"@type\":\"ListItem\",\"position\":2,\"name\":\"Shop\",\"item\":\"https:\/\/nordicpadel.com\/sv\/shop\/\"},{\"@type\":\"ListItem\",\"position\":3,\"name\":\"Asics Gel Game 9\"}]},{\"@type\":\"WebSite\",\"@id\":\"https:\/\/nordicpadel.com\/sv\/#website\",\"url\":\"https:\/\/nordicpadel.com\/sv\/\",\"name\":\"Nordic Padel\",\"description\":\"\",\"publisher\":{\"@id\":\"https:\/\/nordicpadel.com\/sv\/#organization\"},\"potentialAction\":[{\"@type\":\"SearchAction\",\"target\":{\"@type\":\"EntryPoint\",\"urlTemplate\":\"https:\/\/nordicpadel.com\/sv\/?s={search_term_string}\"},\"query-input\":\"required name=search_term_string\"}],\"inLanguage\":\"sv-SE\"},{\"@type\":\"Organization\",\"@id\":\"https:\/\/nordicpadel.com\/sv\/#organization\",\"name\":\"Nordic Padel\",\"url\":\"https:\/\/nordicpadel.com\/sv\/\",\"logo\":{\"@type\":\"ImageObject\",\"inLanguage\":\"sv-SE\",\"@id\":\"https:\/\/nordicpadel.com\/sv\/#\/schema\/logo\/image\/\",\"url\":\"https:\/\/nordicpadel.com\/sv\/wp-content\/uploads\/sites\/10\/2022\/12\/Nordic-Padel-small_1-1.png\",\"contentUrl\":\"https:\/\/nordicpadel.com\/sv\/wp-content\/uploads\/sites\/10\/2022\/12\/Nordic-Padel-small_1-1.png\",\"width\":400,\"height\":119,\"caption\":\"Nordic Padel\"},\"image\":{\"@id\":\"https:\/\/nordicpadel.com\/sv\/#\/schema\/logo\/image\/\"}}]}<\/script>\n<!-- \/ Yoast SEO plugin. -->","yoast_head_json":{"title":"Asics Gel Game 9 - Nordic Padel","robots":{"index":"index","follow":"follow","max-snippet":"max-snippet:-1","max-image-preview":"max-image-preview:large","max-video-preview":"max-video-preview:-1"},"canonical":"https:\/\/nordicpadel.com\/sv\/product\/asics-gel-game-9\/","og_locale":"sv_SE","og_type":"article","og_title":"Asics Gel Game 9 - Nordic Padel","og_description":"GEL-GAME\u2122 9 \u00e4r en bekv\u00e4m, m\u00e5ngsidig sko f\u00f6r dig som spelar flera g\u00e5nger i veckan. Skorna \u00e4r f\u00f6rsedda med TRUSSTIC\u2122-teknik i mellansulan f\u00f6r b\u00e4ttre stabilitet p\u00e5 banan. Tack vare skornas bepr\u00f6vat st\u00f6djande egenskaper har Asics kunnat fokusera p\u00e5 att f\u00f6rb\u00e4ttra skons ventilation och flexibilitet. De har en \u00f6ppen mesh-design p\u00e5 ovandelen f\u00f6r att f\u00f6rb\u00e4ttra luftfl\u00f6det [&hellip;]","og_url":"https:\/\/nordicpadel.com\/sv\/product\/asics-gel-game-9\/","og_site_name":"Nordic Padel","article_modified_time":"2026-02-02T22:09:18+00:00","og_image":[{"width":800,"height":800,"url":"https:\/\/nordicpadel.com\/sv\/wp-content\/uploads\/sites\/10\/2025\/11\/f3ce4b10c7049e82a578df92ee7f61b7.png","type":"image\/png"}],"twitter_card":"summary_large_image","twitter_misc":{"Ber\u00e4knad l\u00e4stid":"1 minut"},"schema":{"@context":"https:\/\/schema.org","@graph":[{"@type":"WebPage","@id":"https:\/\/nordicpadel.com\/sv\/product\/asics-gel-game-9\/","url":"https:\/\/nordicpadel.com\/sv\/product\/asics-gel-game-9\/","name":"Asics Gel Game 9 - Nordic Padel","isPartOf":{"@id":"https:\/\/nordicpadel.com\/sv\/#website"},"primaryImageOfPage":{"@id":"https:\/\/nordicpadel.com\/sv\/product\/asics-gel-game-9\/#primaryimage"},"image":{"@id":"https:\/\/nordicpadel.com\/sv\/product\/asics-gel-game-9\/#primaryimage"},"thumbnailUrl":"https:\/\/nordicpadel.com\/sv\/wp-content\/uploads\/sites\/10\/2025\/11\/f3ce4b10c7049e82a578df92ee7f61b7.png","datePublished":"2025-11-26T17:44:19+00:00","dateModified":"2026-02-02T22:09:18+00:00","breadcrumb":{"@id":"https:\/\/nordicpadel.com\/sv\/product\/asics-gel-game-9\/#breadcrumb"},"inLanguage":"sv-SE","potentialAction":[{"@type":"ReadAction","target":["https:\/\/nordicpadel.com\/sv\/product\/asics-gel-game-9\/"]}]},{"@type":"ImageObject","inLanguage":"sv-SE","@id":"https:\/\/nordicpadel.com\/sv\/product\/asics-gel-game-9\/#primaryimage","url":"https:\/\/nordicpadel.com\/sv\/wp-content\/uploads\/sites\/10\/2025\/11\/f3ce4b10c7049e82a578df92ee7f61b7.png","contentUrl":"https:\/\/nordicpadel.com\/sv\/wp-content\/uploads\/sites\/10\/2025\/11\/f3ce4b10c7049e82a578df92ee7f61b7.png","width":800,"height":800,"caption":"Asics Gel Game 9"},{"@type":"BreadcrumbList","@id":"https:\/\/nordicpadel.com\/sv\/product\/asics-gel-game-9\/#breadcrumb","itemListElement":[{"@type":"ListItem","position":1,"name":"Hem","item":"https:\/\/nordicpadel.com\/sv\/"},{"@type":"ListItem","position":2,"name":"Shop","item":"https:\/\/nordicpadel.com\/sv\/shop\/"},{"@type":"ListItem","position":3,"name":"Asics Gel Game 9"}]},{"@type":"WebSite","@id":"https:\/\/nordicpadel.com\/sv\/#website","url":"https:\/\/nordicpadel.com\/sv\/","name":"Nordic Padel","description":"","publisher":{"@id":"https:\/\/nordicpadel.com\/sv\/#organization"},"potentialAction":[{"@type":"SearchAction","target":{"@type":"EntryPoint","urlTemplate":"https:\/\/nordicpadel.com\/sv\/?s={search_term_string}"},"query-input":"required name=search_term_string"}],"inLanguage":"sv-SE"},{"@type":"Organization","@id":"https:\/\/nordicpadel.com\/sv\/#organization","name":"Nordic Padel","url":"https:\/\/nordicpadel.com\/sv\/","logo":{"@type":"ImageObject","inLanguage":"sv-SE","@id":"https:\/\/nordicpadel.com\/sv\/#\/schema\/logo\/image\/","url":"https:\/\/nordicpadel.com\/sv\/wp-content\/uploads\/sites\/10\/2022\/12\/Nordic-Padel-small_1-1.png","contentUrl":"https:\/\/nordicpadel.com\/sv\/wp-content\/uploads\/sites\/10\/2022\/12\/Nordic-Padel-small_1-1.png","width":400,"height":119,"caption":"Nordic Padel"},"image":{"@id":"https:\/\/nordicpadel.com\/sv\/#\/schema\/logo\/image\/"}}]}},"brands":[],"_links":{"self":[{"href":"https:\/\/nordicpadel.com\/sv\/wp-json\/wp\/v2\/product\/91636","targetHints":{"allow":["GET"]}}],"collection":[{"href":"https:\/\/nordicpadel.com\/sv\/wp-json\/wp\/v2\/product"}],"about":[{"href":"https:\/\/nordicpadel.com\/sv\/wp-json\/wp\/v2\/types\/product"}],"replies":[{"embeddable":true,"href":"https:\/\/nordicpadel.com\/sv\/wp-json\/wp\/v2\/comments?post=91636"}],"wp:featuredmedia":[{"embeddable":true,"href":"https:\/\/nordicpadel.com\/sv\/wp-json\/wp\/v2\/media\/91593"}],"wp:attachment":[{"href":"https:\/\/nordicpadel.com\/sv\/wp-json\/wp\/v2\/media?parent=91636"}],"wp:term":[{"taxonomy":"pwb-brand","embeddable":true,"href":"https:\/\/nordicpadel.com\/sv\/wp-json\/wp\/v2\/pwb-brand?post=91636"},{"taxonomy":"product_cat","embeddable":true,"href":"https:\/\/nordicpadel.com\/sv\/wp-json\/wp\/v2\/product_cat?post=91636"},{"taxonomy":"product_tag","embeddable":true,"href":"https:\/\/nordicpadel.com\/sv\/wp-json\/wp\/v2\/product_tag?post=91636"},{"taxonomy":"woo-feed-brand","embeddable":true,"href":"https:\/\/nordicpadel.com\/sv\/wp-json\/wp\/v2\/woo-feed-brand?post=91636"}],"curies":[{"name":"wp","href":"https:\/\/api.w.org\/{rel}","templated":true}]}}