{"id":91554,"date":"2025-11-26T18:43:56","date_gmt":"2025-11-26T17:43:56","guid":{"rendered":"https:\/\/nordicpadel.com\/sv\/product\/asics-court-ff-3-clay\/"},"modified":"2026-02-02T23:08:53","modified_gmt":"2026-02-02T22:08:53","slug":"asics-court-ff-3-clay","status":"publish","type":"product","link":"https:\/\/nordicpadel.com\/sv\/product\/asics-court-ff-3-clay\/","title":{"rendered":"Asics Court FF 3 Clay"},"content":{"rendered":"<p>Asics Court FF \u00e4r Asics abosoluta toppsko som kombinerar det b\u00e4sta av tv\u00e5 v\u00e4rldar och ger en superb stabil samt dynamisk sko. I v\u00e5rt tycke den mest kompletta skon p\u00e5 marknaden. Detta \u00e4r \u00e4ven den sko som Novak Djokovic spelar med.&nbsp;<br id=\"isPasted\"><br \/>Skons FLYTEFOAM\u00ae mellansula v\u00e4ger 55% mindre och ger 76% b\u00e4ttre d\u00e4mpning \u00e4n standardsulor, detta bidrar till en l\u00e4tt och komfortabel sko. Vidare s\u00e5 \u00e4r skon f\u00f6rsedd med GEL\u00ae -teknologi i s\u00e5v\u00e4l fram som bakdel, som d\u00e4mpar stegis\u00e4ttningen. Komfort \u00e4r nyckelordet i Court FF och d\u00e4rmed \u00e4r detta den enda modellen hos Asics som har MONO-SOCK \u2122-passform, g\u00f6r att skon ger en v\u00e4ldigt n\u00e4ra passform.<\/p>\n<p>Yttersulan \u00e4r tillverkad av AHAR\u00ae-gummi och denna gummiblanding ger en otroligt slitstark yttersula med grovt fiskbensm\u00f6nster som ger dig perfekt grepp p\u00e5 underlag med mer sand.<\/p>\n<p>L\u00e4s g\u00e4rna v\u00e5r <a href=\"https:\/\/nordicpadel.com\/sv\/guide-padelskor\/\">skoguide<\/a> som inneh\u00e5ller tips samt en storleksguide f\u00f6r att hj\u00e4lpa dig hitta r\u00e4tt skor.<\/p>\n","protected":false},"excerpt":{"rendered":"<p>Asics Court FF \u00e4r Asics abosoluta toppsko som kombinerar det b\u00e4sta av tv\u00e5 v\u00e4rldar och ger en superb stabil samt dynamisk sko. I v\u00e5rt tycke den mest kompletta skon p\u00e5 marknaden. Detta \u00e4r \u00e4ven den sko som Novak Djokovic spelar med.&nbsp;Skons FLYTEFOAM\u00ae mellansula v\u00e4ger 55% mindre och ger 76% b\u00e4ttre d\u00e4mpning \u00e4n standardsulor, detta bidrar [&hellip;]<\/p>\n","protected":false},"featured_media":91545,"comment_status":"open","ping_status":"closed","template":"","meta":[],"pwb-brand":[],"product_cat":[38],"product_tag":[],"woo-feed-brand":[],"class_list":{"0":"post-91554","1":"product","2":"type-product","3":"status-publish","4":"has-post-thumbnail","6":"product_cat-herr","7":"pa_varumarke-asics","9":"first","10":"outofstock","11":"sale","12":"taxable","13":"shipping-taxable","14":"purchasable","15":"product-type-variable"},"bundled_by":[],"bundle_stock_status":"outofstock","bundle_stock_quantity":0,"bundle_virtual":false,"bundle_layout":"","bundle_add_to_cart_form_location":"","bundle_editable_in_cart":false,"bundle_sold_individually_context":"","bundle_item_grouping":"","bundle_min_size":"","bundle_max_size":"","bundled_items":[],"bundle_sell_ids":[],"acf":[],"yoast_head":"<!-- This site is optimized with the Yoast SEO plugin v23.1 - https:\/\/yoast.com\/wordpress\/plugins\/seo\/ -->\n<title>Asics Court FF 3 Clay - Nordic Padel<\/title>\n<meta name=\"robots\" content=\"index, follow, max-snippet:-1, max-image-preview:large, max-video-preview:-1\" \/>\n<link rel=\"canonical\" href=\"https:\/\/nordicpadel.com\/sv\/product\/asics-court-ff-3-clay\/\" \/>\n<meta property=\"og:locale\" content=\"sv_SE\" \/>\n<meta property=\"og:type\" content=\"article\" \/>\n<meta property=\"og:title\" content=\"Asics Court FF 3 Clay - Nordic Padel\" \/>\n<meta property=\"og:description\" content=\"Asics Court FF \u00e4r Asics abosoluta toppsko som kombinerar det b\u00e4sta av tv\u00e5 v\u00e4rldar och ger en superb stabil samt dynamisk sko. I v\u00e5rt tycke den mest kompletta skon p\u00e5 marknaden. Detta \u00e4r \u00e4ven den sko som Novak Djokovic spelar med.&nbsp;Skons FLYTEFOAM\u00ae mellansula v\u00e4ger 55% mindre och ger 76% b\u00e4ttre d\u00e4mpning \u00e4n standardsulor, detta bidrar [&hellip;]\" \/>\n<meta property=\"og:url\" content=\"https:\/\/nordicpadel.com\/sv\/product\/asics-court-ff-3-clay\/\" \/>\n<meta property=\"og:site_name\" content=\"Nordic Padel\" \/>\n<meta property=\"article:modified_time\" content=\"2026-02-02T22:08:53+00:00\" \/>\n<meta property=\"og:image\" content=\"https:\/\/nordicpadel.com\/sv\/wp-content\/uploads\/sites\/10\/2025\/11\/72b4f6d66259ea729cd3976bf076eca2.png\" \/>\n\t<meta property=\"og:image:width\" content=\"800\" \/>\n\t<meta property=\"og:image:height\" content=\"800\" \/>\n\t<meta property=\"og:image:type\" content=\"image\/png\" \/>\n<meta name=\"twitter:card\" content=\"summary_large_image\" \/>\n<meta name=\"twitter:label1\" content=\"Ber\u00e4knad l\u00e4stid\" \/>\n\t<meta name=\"twitter:data1\" content=\"1 minut\" \/>\n<script type=\"application\/ld+json\" class=\"yoast-schema-graph\">{\"@context\":\"https:\/\/schema.org\",\"@graph\":[{\"@type\":\"WebPage\",\"@id\":\"https:\/\/nordicpadel.com\/sv\/product\/asics-court-ff-3-clay\/\",\"url\":\"https:\/\/nordicpadel.com\/sv\/product\/asics-court-ff-3-clay\/\",\"name\":\"Asics Court FF 3 Clay - Nordic Padel\",\"isPartOf\":{\"@id\":\"https:\/\/nordicpadel.com\/sv\/#website\"},\"primaryImageOfPage\":{\"@id\":\"https:\/\/nordicpadel.com\/sv\/product\/asics-court-ff-3-clay\/#primaryimage\"},\"image\":{\"@id\":\"https:\/\/nordicpadel.com\/sv\/product\/asics-court-ff-3-clay\/#primaryimage\"},\"thumbnailUrl\":\"https:\/\/nordicpadel.com\/sv\/wp-content\/uploads\/sites\/10\/2025\/11\/72b4f6d66259ea729cd3976bf076eca2.png\",\"datePublished\":\"2025-11-26T17:43:56+00:00\",\"dateModified\":\"2026-02-02T22:08:53+00:00\",\"breadcrumb\":{\"@id\":\"https:\/\/nordicpadel.com\/sv\/product\/asics-court-ff-3-clay\/#breadcrumb\"},\"inLanguage\":\"sv-SE\",\"potentialAction\":[{\"@type\":\"ReadAction\",\"target\":[\"https:\/\/nordicpadel.com\/sv\/product\/asics-court-ff-3-clay\/\"]}]},{\"@type\":\"ImageObject\",\"inLanguage\":\"sv-SE\",\"@id\":\"https:\/\/nordicpadel.com\/sv\/product\/asics-court-ff-3-clay\/#primaryimage\",\"url\":\"https:\/\/nordicpadel.com\/sv\/wp-content\/uploads\/sites\/10\/2025\/11\/72b4f6d66259ea729cd3976bf076eca2.png\",\"contentUrl\":\"https:\/\/nordicpadel.com\/sv\/wp-content\/uploads\/sites\/10\/2025\/11\/72b4f6d66259ea729cd3976bf076eca2.png\",\"width\":800,\"height\":800,\"caption\":\"Asics Court FF 3 Clay\"},{\"@type\":\"BreadcrumbList\",\"@id\":\"https:\/\/nordicpadel.com\/sv\/product\/asics-court-ff-3-clay\/#breadcrumb\",\"itemListElement\":[{\"@type\":\"ListItem\",\"position\":1,\"name\":\"Hem\",\"item\":\"https:\/\/nordicpadel.com\/sv\/\"},{\"@type\":\"ListItem\",\"position\":2,\"name\":\"Shop\",\"item\":\"https:\/\/nordicpadel.com\/sv\/shop\/\"},{\"@type\":\"ListItem\",\"position\":3,\"name\":\"Asics Court FF 3 Clay\"}]},{\"@type\":\"WebSite\",\"@id\":\"https:\/\/nordicpadel.com\/sv\/#website\",\"url\":\"https:\/\/nordicpadel.com\/sv\/\",\"name\":\"Nordic Padel\",\"description\":\"\",\"publisher\":{\"@id\":\"https:\/\/nordicpadel.com\/sv\/#organization\"},\"potentialAction\":[{\"@type\":\"SearchAction\",\"target\":{\"@type\":\"EntryPoint\",\"urlTemplate\":\"https:\/\/nordicpadel.com\/sv\/?s={search_term_string}\"},\"query-input\":\"required name=search_term_string\"}],\"inLanguage\":\"sv-SE\"},{\"@type\":\"Organization\",\"@id\":\"https:\/\/nordicpadel.com\/sv\/#organization\",\"name\":\"Nordic Padel\",\"url\":\"https:\/\/nordicpadel.com\/sv\/\",\"logo\":{\"@type\":\"ImageObject\",\"inLanguage\":\"sv-SE\",\"@id\":\"https:\/\/nordicpadel.com\/sv\/#\/schema\/logo\/image\/\",\"url\":\"https:\/\/nordicpadel.com\/sv\/wp-content\/uploads\/sites\/10\/2022\/12\/Nordic-Padel-small_1-1.png\",\"contentUrl\":\"https:\/\/nordicpadel.com\/sv\/wp-content\/uploads\/sites\/10\/2022\/12\/Nordic-Padel-small_1-1.png\",\"width\":400,\"height\":119,\"caption\":\"Nordic Padel\"},\"image\":{\"@id\":\"https:\/\/nordicpadel.com\/sv\/#\/schema\/logo\/image\/\"}}]}<\/script>\n<!-- \/ Yoast SEO plugin. -->","yoast_head_json":{"title":"Asics Court FF 3 Clay - Nordic Padel","robots":{"index":"index","follow":"follow","max-snippet":"max-snippet:-1","max-image-preview":"max-image-preview:large","max-video-preview":"max-video-preview:-1"},"canonical":"https:\/\/nordicpadel.com\/sv\/product\/asics-court-ff-3-clay\/","og_locale":"sv_SE","og_type":"article","og_title":"Asics Court FF 3 Clay - Nordic Padel","og_description":"Asics Court FF \u00e4r Asics abosoluta toppsko som kombinerar det b\u00e4sta av tv\u00e5 v\u00e4rldar och ger en superb stabil samt dynamisk sko. I v\u00e5rt tycke den mest kompletta skon p\u00e5 marknaden. Detta \u00e4r \u00e4ven den sko som Novak Djokovic spelar med.&nbsp;Skons FLYTEFOAM\u00ae mellansula v\u00e4ger 55% mindre och ger 76% b\u00e4ttre d\u00e4mpning \u00e4n standardsulor, detta bidrar [&hellip;]","og_url":"https:\/\/nordicpadel.com\/sv\/product\/asics-court-ff-3-clay\/","og_site_name":"Nordic Padel","article_modified_time":"2026-02-02T22:08:53+00:00","og_image":[{"width":800,"height":800,"url":"https:\/\/nordicpadel.com\/sv\/wp-content\/uploads\/sites\/10\/2025\/11\/72b4f6d66259ea729cd3976bf076eca2.png","type":"image\/png"}],"twitter_card":"summary_large_image","twitter_misc":{"Ber\u00e4knad l\u00e4stid":"1 minut"},"schema":{"@context":"https:\/\/schema.org","@graph":[{"@type":"WebPage","@id":"https:\/\/nordicpadel.com\/sv\/product\/asics-court-ff-3-clay\/","url":"https:\/\/nordicpadel.com\/sv\/product\/asics-court-ff-3-clay\/","name":"Asics Court FF 3 Clay - Nordic Padel","isPartOf":{"@id":"https:\/\/nordicpadel.com\/sv\/#website"},"primaryImageOfPage":{"@id":"https:\/\/nordicpadel.com\/sv\/product\/asics-court-ff-3-clay\/#primaryimage"},"image":{"@id":"https:\/\/nordicpadel.com\/sv\/product\/asics-court-ff-3-clay\/#primaryimage"},"thumbnailUrl":"https:\/\/nordicpadel.com\/sv\/wp-content\/uploads\/sites\/10\/2025\/11\/72b4f6d66259ea729cd3976bf076eca2.png","datePublished":"2025-11-26T17:43:56+00:00","dateModified":"2026-02-02T22:08:53+00:00","breadcrumb":{"@id":"https:\/\/nordicpadel.com\/sv\/product\/asics-court-ff-3-clay\/#breadcrumb"},"inLanguage":"sv-SE","potentialAction":[{"@type":"ReadAction","target":["https:\/\/nordicpadel.com\/sv\/product\/asics-court-ff-3-clay\/"]}]},{"@type":"ImageObject","inLanguage":"sv-SE","@id":"https:\/\/nordicpadel.com\/sv\/product\/asics-court-ff-3-clay\/#primaryimage","url":"https:\/\/nordicpadel.com\/sv\/wp-content\/uploads\/sites\/10\/2025\/11\/72b4f6d66259ea729cd3976bf076eca2.png","contentUrl":"https:\/\/nordicpadel.com\/sv\/wp-content\/uploads\/sites\/10\/2025\/11\/72b4f6d66259ea729cd3976bf076eca2.png","width":800,"height":800,"caption":"Asics Court FF 3 Clay"},{"@type":"BreadcrumbList","@id":"https:\/\/nordicpadel.com\/sv\/product\/asics-court-ff-3-clay\/#breadcrumb","itemListElement":[{"@type":"ListItem","position":1,"name":"Hem","item":"https:\/\/nordicpadel.com\/sv\/"},{"@type":"ListItem","position":2,"name":"Shop","item":"https:\/\/nordicpadel.com\/sv\/shop\/"},{"@type":"ListItem","position":3,"name":"Asics Court FF 3 Clay"}]},{"@type":"WebSite","@id":"https:\/\/nordicpadel.com\/sv\/#website","url":"https:\/\/nordicpadel.com\/sv\/","name":"Nordic Padel","description":"","publisher":{"@id":"https:\/\/nordicpadel.com\/sv\/#organization"},"potentialAction":[{"@type":"SearchAction","target":{"@type":"EntryPoint","urlTemplate":"https:\/\/nordicpadel.com\/sv\/?s={search_term_string}"},"query-input":"required name=search_term_string"}],"inLanguage":"sv-SE"},{"@type":"Organization","@id":"https:\/\/nordicpadel.com\/sv\/#organization","name":"Nordic Padel","url":"https:\/\/nordicpadel.com\/sv\/","logo":{"@type":"ImageObject","inLanguage":"sv-SE","@id":"https:\/\/nordicpadel.com\/sv\/#\/schema\/logo\/image\/","url":"https:\/\/nordicpadel.com\/sv\/wp-content\/uploads\/sites\/10\/2022\/12\/Nordic-Padel-small_1-1.png","contentUrl":"https:\/\/nordicpadel.com\/sv\/wp-content\/uploads\/sites\/10\/2022\/12\/Nordic-Padel-small_1-1.png","width":400,"height":119,"caption":"Nordic Padel"},"image":{"@id":"https:\/\/nordicpadel.com\/sv\/#\/schema\/logo\/image\/"}}]}},"brands":[],"_links":{"self":[{"href":"https:\/\/nordicpadel.com\/sv\/wp-json\/wp\/v2\/product\/91554","targetHints":{"allow":["GET"]}}],"collection":[{"href":"https:\/\/nordicpadel.com\/sv\/wp-json\/wp\/v2\/product"}],"about":[{"href":"https:\/\/nordicpadel.com\/sv\/wp-json\/wp\/v2\/types\/product"}],"replies":[{"embeddable":true,"href":"https:\/\/nordicpadel.com\/sv\/wp-json\/wp\/v2\/comments?post=91554"}],"wp:featuredmedia":[{"embeddable":true,"href":"https:\/\/nordicpadel.com\/sv\/wp-json\/wp\/v2\/media\/91545"}],"wp:attachment":[{"href":"https:\/\/nordicpadel.com\/sv\/wp-json\/wp\/v2\/media?parent=91554"}],"wp:term":[{"taxonomy":"pwb-brand","embeddable":true,"href":"https:\/\/nordicpadel.com\/sv\/wp-json\/wp\/v2\/pwb-brand?post=91554"},{"taxonomy":"product_cat","embeddable":true,"href":"https:\/\/nordicpadel.com\/sv\/wp-json\/wp\/v2\/product_cat?post=91554"},{"taxonomy":"product_tag","embeddable":true,"href":"https:\/\/nordicpadel.com\/sv\/wp-json\/wp\/v2\/product_tag?post=91554"},{"taxonomy":"woo-feed-brand","embeddable":true,"href":"https:\/\/nordicpadel.com\/sv\/wp-json\/wp\/v2\/woo-feed-brand?post=91554"}],"curies":[{"name":"wp","href":"https:\/\/api.w.org\/{rel}","templated":true}]}}