{"id":91421,"date":"2025-11-26T18:43:20","date_gmt":"2025-11-26T17:43:20","guid":{"rendered":"https:\/\/nordicpadel.com\/sv\/product\/wilson-pro-staff-elite-v2\/"},"modified":"2025-11-27T17:15:25","modified_gmt":"2025-11-27T16:15:25","slug":"wilson-pro-staff-elite-v2","status":"publish","type":"product","link":"https:\/\/nordicpadel.com\/sv\/product\/wilson-pro-staff-elite-v2\/","title":{"rendered":"Wilson Pro Staff Elite V2"},"content":{"rendered":"<p>Wilson Pro Staff Elite V2 har en rund utformning f\u00f6r att skapa en stor sweetspot, vilket i sin tur g\u00f6r att \u00e4ven tr\u00e4ffar lite l\u00e4ngre ut mot ramen levererar bra fart, kontroll och k\u00e4nsla. Racketen reducerar vibrationer vid bolltr\u00e4ff p\u00e5 ett mycket effektivt s\u00e4tt vilket bidrar till en h\u00e4rlig tr\u00e4ffk\u00e4nsla.<\/p>\n<p>Kombinationen av den runda utformningen och den l\u00e5ga balansen ger spelaren mycket kontrollerat spel med h\u00f6g precision. Den l\u00e5ga balansen g\u00f6r \u00e4ven racket mer l\u00e4ttman\u00f6vrerat s\u00e5 att spelaren snabbt kan n\u00e5 bollen oavsett position p\u00e5 banan.<\/p>\n<p>Tr\u00e4ffytan \u00e4r tillverkad i Carbon Fiberglass Composite, som \u00e4r en kombination av kolfiber och glasfiber vilket g\u00f6r den lite styvare j\u00e4mf\u00f6rt med syskonet Pro Staff Team men lite mjukare och mer f\u00f6rl\u00e5tande j\u00e4mf\u00f6rt med \u00e4n vanliga Pro Staff. Tr\u00e4ffytan har \u00e4ven utrustats med&nbsp;<span id=\"isPasted\" style=\"font-family: sans-serif;font-size: 14px;font-style: normal;font-weight: 400;letter-spacing: normal;text-align: left;text-indent: 0px;text-transform: none;display: inline !important;float: none\">Spin Effect Grip f\u00f6r att ge b\u00e4ttre access till spinn p\u00e5 bollen och mer effekt vid exempelvis kickade smashar.<\/span><\/p>\n<p>Vidare har racket en Soft EVA Foam &#8211; en mjukare k\u00e4rna fr\u00e5n Wilson som g\u00f6r det mer skonsamt och bidrar till en sk\u00f6n tr\u00e4ffk\u00e4nsla. Denna k\u00e4rna hj\u00e4lper ocks\u00e5 spelare som kanske inte har den perfekta tekniken eller styrkan bakom att f\u00e5 fart p\u00e5 bollen.<\/p>\n<p>Dessa specifikationer tillsammans ger ett <a href=\"https:\/\/nordicpadel.com\/sv\/product-category\/padelracket\/\">padelracket<\/a> med mycket kontroll och k\u00e4nsla, samtidigt som spelaren har access till h\u00f6g fart och kraft, vilket \u00e4r perfekt f\u00f6r att sl\u00e5 de avslutande och offensiva slagen.<\/p>\n","protected":false},"excerpt":{"rendered":"<p>Wilson Pro Staff Elite V2 har en rund utformning f\u00f6r att skapa en stor sweetspot, vilket i sin tur g\u00f6r att \u00e4ven tr\u00e4ffar lite l\u00e4ngre ut mot ramen levererar bra fart, kontroll och k\u00e4nsla. Racketen reducerar vibrationer vid bolltr\u00e4ff p\u00e5 ett mycket effektivt s\u00e4tt vilket bidrar till en h\u00e4rlig tr\u00e4ffk\u00e4nsla. Kombinationen av den runda utformningen [&hellip;]<\/p>\n","protected":false},"featured_media":91399,"comment_status":"open","ping_status":"closed","template":"","meta":[],"pwb-brand":[],"product_cat":[461],"product_tag":[],"woo-feed-brand":[],"class_list":{"0":"post-91421","1":"product","2":"type-product","3":"status-publish","4":"has-post-thumbnail","6":"product_cat-wilson","7":"pa_varumarke-wilson","9":"first","10":"outofstock","11":"sale","12":"taxable","13":"shipping-taxable","14":"purchasable","15":"product-type-simple"},"bundled_by":[],"bundle_stock_status":"outofstock","bundle_stock_quantity":0,"bundle_virtual":false,"bundle_layout":"","bundle_add_to_cart_form_location":"","bundle_editable_in_cart":false,"bundle_sold_individually_context":"","bundle_item_grouping":"","bundle_min_size":"","bundle_max_size":"","bundled_items":[],"bundle_sell_ids":[],"acf":[],"yoast_head":"<!-- This site is optimized with the Yoast SEO plugin v23.1 - https:\/\/yoast.com\/wordpress\/plugins\/seo\/ -->\n<title>Wilson Pro Staff Elite V2 - Nordic Padel<\/title>\n<meta name=\"robots\" content=\"index, follow, max-snippet:-1, max-image-preview:large, max-video-preview:-1\" \/>\n<link rel=\"canonical\" href=\"https:\/\/nordicpadel.com\/sv\/product\/wilson-pro-staff-elite-v2\/\" \/>\n<meta property=\"og:locale\" content=\"sv_SE\" \/>\n<meta property=\"og:type\" content=\"article\" \/>\n<meta property=\"og:title\" content=\"Wilson Pro Staff Elite V2 - Nordic Padel\" \/>\n<meta property=\"og:description\" content=\"Wilson Pro Staff Elite V2 har en rund utformning f\u00f6r att skapa en stor sweetspot, vilket i sin tur g\u00f6r att \u00e4ven tr\u00e4ffar lite l\u00e4ngre ut mot ramen levererar bra fart, kontroll och k\u00e4nsla. Racketen reducerar vibrationer vid bolltr\u00e4ff p\u00e5 ett mycket effektivt s\u00e4tt vilket bidrar till en h\u00e4rlig tr\u00e4ffk\u00e4nsla. Kombinationen av den runda utformningen [&hellip;]\" \/>\n<meta property=\"og:url\" content=\"https:\/\/nordicpadel.com\/sv\/product\/wilson-pro-staff-elite-v2\/\" \/>\n<meta property=\"og:site_name\" content=\"Nordic Padel\" \/>\n<meta property=\"article:modified_time\" content=\"2025-11-27T16:15:25+00:00\" \/>\n<meta property=\"og:image\" content=\"https:\/\/nordicpadel.com\/sv\/wp-content\/uploads\/sites\/10\/2025\/11\/78029449c00ac1e29aeb42ddf96206df.png\" \/>\n\t<meta property=\"og:image:width\" content=\"800\" \/>\n\t<meta property=\"og:image:height\" content=\"800\" \/>\n\t<meta property=\"og:image:type\" content=\"image\/png\" \/>\n<meta name=\"twitter:card\" content=\"summary_large_image\" \/>\n<meta name=\"twitter:label1\" content=\"Ber\u00e4knad l\u00e4stid\" \/>\n\t<meta name=\"twitter:data1\" content=\"1 minut\" \/>\n<script type=\"application\/ld+json\" class=\"yoast-schema-graph\">{\"@context\":\"https:\/\/schema.org\",\"@graph\":[{\"@type\":\"WebPage\",\"@id\":\"https:\/\/nordicpadel.com\/sv\/product\/wilson-pro-staff-elite-v2\/\",\"url\":\"https:\/\/nordicpadel.com\/sv\/product\/wilson-pro-staff-elite-v2\/\",\"name\":\"Wilson Pro Staff Elite V2 - Nordic Padel\",\"isPartOf\":{\"@id\":\"https:\/\/nordicpadel.com\/sv\/#website\"},\"primaryImageOfPage\":{\"@id\":\"https:\/\/nordicpadel.com\/sv\/product\/wilson-pro-staff-elite-v2\/#primaryimage\"},\"image\":{\"@id\":\"https:\/\/nordicpadel.com\/sv\/product\/wilson-pro-staff-elite-v2\/#primaryimage\"},\"thumbnailUrl\":\"https:\/\/nordicpadel.com\/sv\/wp-content\/uploads\/sites\/10\/2025\/11\/78029449c00ac1e29aeb42ddf96206df.png\",\"datePublished\":\"2025-11-26T17:43:20+00:00\",\"dateModified\":\"2025-11-27T16:15:25+00:00\",\"breadcrumb\":{\"@id\":\"https:\/\/nordicpadel.com\/sv\/product\/wilson-pro-staff-elite-v2\/#breadcrumb\"},\"inLanguage\":\"sv-SE\",\"potentialAction\":[{\"@type\":\"ReadAction\",\"target\":[\"https:\/\/nordicpadel.com\/sv\/product\/wilson-pro-staff-elite-v2\/\"]}]},{\"@type\":\"ImageObject\",\"inLanguage\":\"sv-SE\",\"@id\":\"https:\/\/nordicpadel.com\/sv\/product\/wilson-pro-staff-elite-v2\/#primaryimage\",\"url\":\"https:\/\/nordicpadel.com\/sv\/wp-content\/uploads\/sites\/10\/2025\/11\/78029449c00ac1e29aeb42ddf96206df.png\",\"contentUrl\":\"https:\/\/nordicpadel.com\/sv\/wp-content\/uploads\/sites\/10\/2025\/11\/78029449c00ac1e29aeb42ddf96206df.png\",\"width\":800,\"height\":800,\"caption\":\"Wilson Pro Staff Elite V2\"},{\"@type\":\"BreadcrumbList\",\"@id\":\"https:\/\/nordicpadel.com\/sv\/product\/wilson-pro-staff-elite-v2\/#breadcrumb\",\"itemListElement\":[{\"@type\":\"ListItem\",\"position\":1,\"name\":\"Hem\",\"item\":\"https:\/\/nordicpadel.com\/sv\/\"},{\"@type\":\"ListItem\",\"position\":2,\"name\":\"Shop\",\"item\":\"https:\/\/nordicpadel.com\/sv\/shop\/\"},{\"@type\":\"ListItem\",\"position\":3,\"name\":\"Wilson Pro Staff Elite V2\"}]},{\"@type\":\"WebSite\",\"@id\":\"https:\/\/nordicpadel.com\/sv\/#website\",\"url\":\"https:\/\/nordicpadel.com\/sv\/\",\"name\":\"Nordic Padel\",\"description\":\"\",\"publisher\":{\"@id\":\"https:\/\/nordicpadel.com\/sv\/#organization\"},\"potentialAction\":[{\"@type\":\"SearchAction\",\"target\":{\"@type\":\"EntryPoint\",\"urlTemplate\":\"https:\/\/nordicpadel.com\/sv\/?s={search_term_string}\"},\"query-input\":\"required name=search_term_string\"}],\"inLanguage\":\"sv-SE\"},{\"@type\":\"Organization\",\"@id\":\"https:\/\/nordicpadel.com\/sv\/#organization\",\"name\":\"Nordic Padel\",\"url\":\"https:\/\/nordicpadel.com\/sv\/\",\"logo\":{\"@type\":\"ImageObject\",\"inLanguage\":\"sv-SE\",\"@id\":\"https:\/\/nordicpadel.com\/sv\/#\/schema\/logo\/image\/\",\"url\":\"https:\/\/nordicpadel.com\/sv\/wp-content\/uploads\/sites\/10\/2022\/12\/Nordic-Padel-small_1-1.png\",\"contentUrl\":\"https:\/\/nordicpadel.com\/sv\/wp-content\/uploads\/sites\/10\/2022\/12\/Nordic-Padel-small_1-1.png\",\"width\":400,\"height\":119,\"caption\":\"Nordic Padel\"},\"image\":{\"@id\":\"https:\/\/nordicpadel.com\/sv\/#\/schema\/logo\/image\/\"}}]}<\/script>\n<!-- \/ Yoast SEO plugin. -->","yoast_head_json":{"title":"Wilson Pro Staff Elite V2 - Nordic Padel","robots":{"index":"index","follow":"follow","max-snippet":"max-snippet:-1","max-image-preview":"max-image-preview:large","max-video-preview":"max-video-preview:-1"},"canonical":"https:\/\/nordicpadel.com\/sv\/product\/wilson-pro-staff-elite-v2\/","og_locale":"sv_SE","og_type":"article","og_title":"Wilson Pro Staff Elite V2 - Nordic Padel","og_description":"Wilson Pro Staff Elite V2 har en rund utformning f\u00f6r att skapa en stor sweetspot, vilket i sin tur g\u00f6r att \u00e4ven tr\u00e4ffar lite l\u00e4ngre ut mot ramen levererar bra fart, kontroll och k\u00e4nsla. Racketen reducerar vibrationer vid bolltr\u00e4ff p\u00e5 ett mycket effektivt s\u00e4tt vilket bidrar till en h\u00e4rlig tr\u00e4ffk\u00e4nsla. Kombinationen av den runda utformningen [&hellip;]","og_url":"https:\/\/nordicpadel.com\/sv\/product\/wilson-pro-staff-elite-v2\/","og_site_name":"Nordic Padel","article_modified_time":"2025-11-27T16:15:25+00:00","og_image":[{"width":800,"height":800,"url":"https:\/\/nordicpadel.com\/sv\/wp-content\/uploads\/sites\/10\/2025\/11\/78029449c00ac1e29aeb42ddf96206df.png","type":"image\/png"}],"twitter_card":"summary_large_image","twitter_misc":{"Ber\u00e4knad l\u00e4stid":"1 minut"},"schema":{"@context":"https:\/\/schema.org","@graph":[{"@type":"WebPage","@id":"https:\/\/nordicpadel.com\/sv\/product\/wilson-pro-staff-elite-v2\/","url":"https:\/\/nordicpadel.com\/sv\/product\/wilson-pro-staff-elite-v2\/","name":"Wilson Pro Staff Elite V2 - Nordic Padel","isPartOf":{"@id":"https:\/\/nordicpadel.com\/sv\/#website"},"primaryImageOfPage":{"@id":"https:\/\/nordicpadel.com\/sv\/product\/wilson-pro-staff-elite-v2\/#primaryimage"},"image":{"@id":"https:\/\/nordicpadel.com\/sv\/product\/wilson-pro-staff-elite-v2\/#primaryimage"},"thumbnailUrl":"https:\/\/nordicpadel.com\/sv\/wp-content\/uploads\/sites\/10\/2025\/11\/78029449c00ac1e29aeb42ddf96206df.png","datePublished":"2025-11-26T17:43:20+00:00","dateModified":"2025-11-27T16:15:25+00:00","breadcrumb":{"@id":"https:\/\/nordicpadel.com\/sv\/product\/wilson-pro-staff-elite-v2\/#breadcrumb"},"inLanguage":"sv-SE","potentialAction":[{"@type":"ReadAction","target":["https:\/\/nordicpadel.com\/sv\/product\/wilson-pro-staff-elite-v2\/"]}]},{"@type":"ImageObject","inLanguage":"sv-SE","@id":"https:\/\/nordicpadel.com\/sv\/product\/wilson-pro-staff-elite-v2\/#primaryimage","url":"https:\/\/nordicpadel.com\/sv\/wp-content\/uploads\/sites\/10\/2025\/11\/78029449c00ac1e29aeb42ddf96206df.png","contentUrl":"https:\/\/nordicpadel.com\/sv\/wp-content\/uploads\/sites\/10\/2025\/11\/78029449c00ac1e29aeb42ddf96206df.png","width":800,"height":800,"caption":"Wilson Pro Staff Elite V2"},{"@type":"BreadcrumbList","@id":"https:\/\/nordicpadel.com\/sv\/product\/wilson-pro-staff-elite-v2\/#breadcrumb","itemListElement":[{"@type":"ListItem","position":1,"name":"Hem","item":"https:\/\/nordicpadel.com\/sv\/"},{"@type":"ListItem","position":2,"name":"Shop","item":"https:\/\/nordicpadel.com\/sv\/shop\/"},{"@type":"ListItem","position":3,"name":"Wilson Pro Staff Elite V2"}]},{"@type":"WebSite","@id":"https:\/\/nordicpadel.com\/sv\/#website","url":"https:\/\/nordicpadel.com\/sv\/","name":"Nordic Padel","description":"","publisher":{"@id":"https:\/\/nordicpadel.com\/sv\/#organization"},"potentialAction":[{"@type":"SearchAction","target":{"@type":"EntryPoint","urlTemplate":"https:\/\/nordicpadel.com\/sv\/?s={search_term_string}"},"query-input":"required name=search_term_string"}],"inLanguage":"sv-SE"},{"@type":"Organization","@id":"https:\/\/nordicpadel.com\/sv\/#organization","name":"Nordic Padel","url":"https:\/\/nordicpadel.com\/sv\/","logo":{"@type":"ImageObject","inLanguage":"sv-SE","@id":"https:\/\/nordicpadel.com\/sv\/#\/schema\/logo\/image\/","url":"https:\/\/nordicpadel.com\/sv\/wp-content\/uploads\/sites\/10\/2022\/12\/Nordic-Padel-small_1-1.png","contentUrl":"https:\/\/nordicpadel.com\/sv\/wp-content\/uploads\/sites\/10\/2022\/12\/Nordic-Padel-small_1-1.png","width":400,"height":119,"caption":"Nordic Padel"},"image":{"@id":"https:\/\/nordicpadel.com\/sv\/#\/schema\/logo\/image\/"}}]}},"brands":[],"_links":{"self":[{"href":"https:\/\/nordicpadel.com\/sv\/wp-json\/wp\/v2\/product\/91421","targetHints":{"allow":["GET"]}}],"collection":[{"href":"https:\/\/nordicpadel.com\/sv\/wp-json\/wp\/v2\/product"}],"about":[{"href":"https:\/\/nordicpadel.com\/sv\/wp-json\/wp\/v2\/types\/product"}],"replies":[{"embeddable":true,"href":"https:\/\/nordicpadel.com\/sv\/wp-json\/wp\/v2\/comments?post=91421"}],"wp:featuredmedia":[{"embeddable":true,"href":"https:\/\/nordicpadel.com\/sv\/wp-json\/wp\/v2\/media\/91399"}],"wp:attachment":[{"href":"https:\/\/nordicpadel.com\/sv\/wp-json\/wp\/v2\/media?parent=91421"}],"wp:term":[{"taxonomy":"pwb-brand","embeddable":true,"href":"https:\/\/nordicpadel.com\/sv\/wp-json\/wp\/v2\/pwb-brand?post=91421"},{"taxonomy":"product_cat","embeddable":true,"href":"https:\/\/nordicpadel.com\/sv\/wp-json\/wp\/v2\/product_cat?post=91421"},{"taxonomy":"product_tag","embeddable":true,"href":"https:\/\/nordicpadel.com\/sv\/wp-json\/wp\/v2\/product_tag?post=91421"},{"taxonomy":"woo-feed-brand","embeddable":true,"href":"https:\/\/nordicpadel.com\/sv\/wp-json\/wp\/v2\/woo-feed-brand?post=91421"}],"curies":[{"name":"wp","href":"https:\/\/api.w.org\/{rel}","templated":true}]}}