{"id":91247,"date":"2025-11-26T18:42:25","date_gmt":"2025-11-26T17:42:25","guid":{"rendered":"https:\/\/nordicpadel.com\/sv\/product\/babolat-veron-air-2\/"},"modified":"2025-11-28T17:31:39","modified_gmt":"2025-11-28T16:31:39","slug":"babolat-veron-air-2","status":"publish","type":"product","link":"https:\/\/nordicpadel.com\/sv\/product\/babolat-veron-air-2\/","title":{"rendered":"Babolat Veron Air"},"content":{"rendered":"<p>Babolat Veron Air 2023 \u00e4r framtagen f\u00f6r spelaren som vill ha ett l\u00e4tthanterat <a href=\"https:\/\/nordicpadel.com\/sv\/product-category\/padelracket\/\">padelracket<\/a>. Ett unikt utformat rackethuvud med slimmad design tillsammans med en l\u00e4ttare vikt resulterar i ett otroligt snabbt racket. Tack vare att tr\u00e4ffytan best\u00e5r av b\u00e5de karbon och glasfiber \u00f6kar sweetspot och spelaren f\u00e5r enklare tillg\u00e5ng till fart fr\u00e5n racket.<br id=\"isPasted\"><br \/>Tack vare att tr\u00e4ffytan best\u00e5r av b\u00e5de kolfiber och glasfiber \u00f6kar racketens sweetspot och spelaren f\u00e5r enklare tillg\u00e5ng till fart fr\u00e5n racket. I den innovativ tr\u00e4ffytan har kolfiber och glasfiber v\u00e4vts samman f\u00f6r att kombinera f\u00f6rdelarna med de tv\u00e5 materialen: kolfiber som bidrar med explosiv fart samt glasfiber som ger en mer l\u00e4ttillg\u00e4nglig fart. Carbon Flex Technology ger s\u00e5ledes den perfekta blandningen f\u00f6r att skapa ett mer mjukt och flexibelt racket som ger en dynamisk fart och \u00e4r perfekt f\u00f6r motion\u00e4ren. Ytan har dessutom ett r\u00e4fflat m\u00f6nster och med 3D Spin f\u00e5r spelaren mer grepp p\u00e5 bollen och en ut\u00f6kad spinn.<\/p>\n<p>Racket \u00e4r vidare utrustat med ett vibrationsd\u00e4mpande system som \u00e4r integrerat i racket hals ovanf\u00f6r handtaget och reducerar vibrationerna som uppst\u00e5r i varje slag. Resultatet \u00e4r en ut\u00f6kad komfort och en minskad risk f\u00f6r skador s\u00e5som padelarmb\u00e5ge.<\/p>\n<p>Nytt f\u00f6r i \u00e5r \u00e4r att du kan byta handledsrem p\u00e5 ditt racket, till exempelvis denna&nbsp;<a href=\"https:\/\/nordicpadel.com\/sv\/product\/babolat-wrist-strap-padel-2\/\">rem<\/a>.<\/p>\n<p>Vill du testspela racket? Kontakta oss s\u00e5 l\u00e5ter vi dig testspela racket mot en kostnad p\u00e5 269kr.<\/p>\n","protected":false},"excerpt":{"rendered":"<p>Babolat Veron Air 2023 \u00e4r framtagen f\u00f6r spelaren som vill ha ett l\u00e4tthanterat padelracket. Ett unikt utformat rackethuvud med slimmad design tillsammans med en l\u00e4ttare vikt resulterar i ett otroligt snabbt racket. Tack vare att tr\u00e4ffytan best\u00e5r av b\u00e5de karbon och glasfiber \u00f6kar sweetspot och spelaren f\u00e5r enklare tillg\u00e5ng till fart fr\u00e5n racket.Tack vare att [&hellip;]<\/p>\n","protected":false},"featured_media":94494,"comment_status":"open","ping_status":"closed","template":"","meta":[],"pwb-brand":[],"product_cat":[456],"product_tag":[],"woo-feed-brand":[],"class_list":{"0":"post-91247","1":"product","2":"type-product","3":"status-publish","4":"has-post-thumbnail","6":"product_cat-babolat","7":"pa_varumarke-babolat","9":"first","10":"outofstock","11":"sale","12":"taxable","13":"shipping-taxable","14":"purchasable","15":"product-type-simple"},"bundled_by":[],"bundle_stock_status":"outofstock","bundle_stock_quantity":0,"bundle_virtual":false,"bundle_layout":"","bundle_add_to_cart_form_location":"","bundle_editable_in_cart":false,"bundle_sold_individually_context":"","bundle_item_grouping":"","bundle_min_size":"","bundle_max_size":"","bundled_items":[],"bundle_sell_ids":[],"acf":[],"yoast_head":"<!-- This site is optimized with the Yoast SEO plugin v23.1 - https:\/\/yoast.com\/wordpress\/plugins\/seo\/ -->\n<title>Babolat Veron Air - Nordic Padel<\/title>\n<meta name=\"robots\" content=\"index, follow, max-snippet:-1, max-image-preview:large, max-video-preview:-1\" \/>\n<link rel=\"canonical\" href=\"https:\/\/nordicpadel.com\/sv\/product\/babolat-veron-air-2\/\" \/>\n<meta property=\"og:locale\" content=\"sv_SE\" \/>\n<meta property=\"og:type\" content=\"article\" \/>\n<meta property=\"og:title\" content=\"Babolat Veron Air - Nordic Padel\" \/>\n<meta property=\"og:description\" content=\"Babolat Veron Air 2023 \u00e4r framtagen f\u00f6r spelaren som vill ha ett l\u00e4tthanterat padelracket. Ett unikt utformat rackethuvud med slimmad design tillsammans med en l\u00e4ttare vikt resulterar i ett otroligt snabbt racket. Tack vare att tr\u00e4ffytan best\u00e5r av b\u00e5de karbon och glasfiber \u00f6kar sweetspot och spelaren f\u00e5r enklare tillg\u00e5ng till fart fr\u00e5n racket.Tack vare att [&hellip;]\" \/>\n<meta property=\"og:url\" content=\"https:\/\/nordicpadel.com\/sv\/product\/babolat-veron-air-2\/\" \/>\n<meta property=\"og:site_name\" content=\"Nordic Padel\" \/>\n<meta property=\"article:modified_time\" content=\"2025-11-28T16:31:39+00:00\" \/>\n<meta property=\"og:image\" content=\"https:\/\/nordicpadel.com\/sv\/wp-content\/uploads\/sites\/10\/2025\/11\/55a3d14293be91c70b65febe23411439-1.png\" \/>\n\t<meta property=\"og:image:width\" content=\"800\" \/>\n\t<meta property=\"og:image:height\" content=\"800\" \/>\n\t<meta property=\"og:image:type\" content=\"image\/png\" \/>\n<meta name=\"twitter:card\" content=\"summary_large_image\" \/>\n<meta name=\"twitter:label1\" content=\"Ber\u00e4knad l\u00e4stid\" \/>\n\t<meta name=\"twitter:data1\" content=\"1 minut\" \/>\n<script type=\"application\/ld+json\" class=\"yoast-schema-graph\">{\"@context\":\"https:\/\/schema.org\",\"@graph\":[{\"@type\":\"WebPage\",\"@id\":\"https:\/\/nordicpadel.com\/sv\/product\/babolat-veron-air-2\/\",\"url\":\"https:\/\/nordicpadel.com\/sv\/product\/babolat-veron-air-2\/\",\"name\":\"Babolat Veron Air - Nordic Padel\",\"isPartOf\":{\"@id\":\"https:\/\/nordicpadel.com\/sv\/#website\"},\"primaryImageOfPage\":{\"@id\":\"https:\/\/nordicpadel.com\/sv\/product\/babolat-veron-air-2\/#primaryimage\"},\"image\":{\"@id\":\"https:\/\/nordicpadel.com\/sv\/product\/babolat-veron-air-2\/#primaryimage\"},\"thumbnailUrl\":\"https:\/\/nordicpadel.com\/sv\/wp-content\/uploads\/sites\/10\/2025\/11\/55a3d14293be91c70b65febe23411439-1.png\",\"datePublished\":\"2025-11-26T17:42:25+00:00\",\"dateModified\":\"2025-11-28T16:31:39+00:00\",\"breadcrumb\":{\"@id\":\"https:\/\/nordicpadel.com\/sv\/product\/babolat-veron-air-2\/#breadcrumb\"},\"inLanguage\":\"sv-SE\",\"potentialAction\":[{\"@type\":\"ReadAction\",\"target\":[\"https:\/\/nordicpadel.com\/sv\/product\/babolat-veron-air-2\/\"]}]},{\"@type\":\"ImageObject\",\"inLanguage\":\"sv-SE\",\"@id\":\"https:\/\/nordicpadel.com\/sv\/product\/babolat-veron-air-2\/#primaryimage\",\"url\":\"https:\/\/nordicpadel.com\/sv\/wp-content\/uploads\/sites\/10\/2025\/11\/55a3d14293be91c70b65febe23411439-1.png\",\"contentUrl\":\"https:\/\/nordicpadel.com\/sv\/wp-content\/uploads\/sites\/10\/2025\/11\/55a3d14293be91c70b65febe23411439-1.png\",\"width\":800,\"height\":800,\"caption\":\"Babolat Veron Air\"},{\"@type\":\"BreadcrumbList\",\"@id\":\"https:\/\/nordicpadel.com\/sv\/product\/babolat-veron-air-2\/#breadcrumb\",\"itemListElement\":[{\"@type\":\"ListItem\",\"position\":1,\"name\":\"Hem\",\"item\":\"https:\/\/nordicpadel.com\/sv\/\"},{\"@type\":\"ListItem\",\"position\":2,\"name\":\"Shop\",\"item\":\"https:\/\/nordicpadel.com\/sv\/shop\/\"},{\"@type\":\"ListItem\",\"position\":3,\"name\":\"Babolat Veron Air\"}]},{\"@type\":\"WebSite\",\"@id\":\"https:\/\/nordicpadel.com\/sv\/#website\",\"url\":\"https:\/\/nordicpadel.com\/sv\/\",\"name\":\"Nordic Padel\",\"description\":\"\",\"publisher\":{\"@id\":\"https:\/\/nordicpadel.com\/sv\/#organization\"},\"potentialAction\":[{\"@type\":\"SearchAction\",\"target\":{\"@type\":\"EntryPoint\",\"urlTemplate\":\"https:\/\/nordicpadel.com\/sv\/?s={search_term_string}\"},\"query-input\":\"required name=search_term_string\"}],\"inLanguage\":\"sv-SE\"},{\"@type\":\"Organization\",\"@id\":\"https:\/\/nordicpadel.com\/sv\/#organization\",\"name\":\"Nordic Padel\",\"url\":\"https:\/\/nordicpadel.com\/sv\/\",\"logo\":{\"@type\":\"ImageObject\",\"inLanguage\":\"sv-SE\",\"@id\":\"https:\/\/nordicpadel.com\/sv\/#\/schema\/logo\/image\/\",\"url\":\"https:\/\/nordicpadel.com\/sv\/wp-content\/uploads\/sites\/10\/2022\/12\/Nordic-Padel-small_1-1.png\",\"contentUrl\":\"https:\/\/nordicpadel.com\/sv\/wp-content\/uploads\/sites\/10\/2022\/12\/Nordic-Padel-small_1-1.png\",\"width\":400,\"height\":119,\"caption\":\"Nordic Padel\"},\"image\":{\"@id\":\"https:\/\/nordicpadel.com\/sv\/#\/schema\/logo\/image\/\"}}]}<\/script>\n<!-- \/ Yoast SEO plugin. -->","yoast_head_json":{"title":"Babolat Veron Air - Nordic Padel","robots":{"index":"index","follow":"follow","max-snippet":"max-snippet:-1","max-image-preview":"max-image-preview:large","max-video-preview":"max-video-preview:-1"},"canonical":"https:\/\/nordicpadel.com\/sv\/product\/babolat-veron-air-2\/","og_locale":"sv_SE","og_type":"article","og_title":"Babolat Veron Air - Nordic Padel","og_description":"Babolat Veron Air 2023 \u00e4r framtagen f\u00f6r spelaren som vill ha ett l\u00e4tthanterat padelracket. Ett unikt utformat rackethuvud med slimmad design tillsammans med en l\u00e4ttare vikt resulterar i ett otroligt snabbt racket. Tack vare att tr\u00e4ffytan best\u00e5r av b\u00e5de karbon och glasfiber \u00f6kar sweetspot och spelaren f\u00e5r enklare tillg\u00e5ng till fart fr\u00e5n racket.Tack vare att [&hellip;]","og_url":"https:\/\/nordicpadel.com\/sv\/product\/babolat-veron-air-2\/","og_site_name":"Nordic Padel","article_modified_time":"2025-11-28T16:31:39+00:00","og_image":[{"width":800,"height":800,"url":"https:\/\/nordicpadel.com\/sv\/wp-content\/uploads\/sites\/10\/2025\/11\/55a3d14293be91c70b65febe23411439-1.png","type":"image\/png"}],"twitter_card":"summary_large_image","twitter_misc":{"Ber\u00e4knad l\u00e4stid":"1 minut"},"schema":{"@context":"https:\/\/schema.org","@graph":[{"@type":"WebPage","@id":"https:\/\/nordicpadel.com\/sv\/product\/babolat-veron-air-2\/","url":"https:\/\/nordicpadel.com\/sv\/product\/babolat-veron-air-2\/","name":"Babolat Veron Air - Nordic Padel","isPartOf":{"@id":"https:\/\/nordicpadel.com\/sv\/#website"},"primaryImageOfPage":{"@id":"https:\/\/nordicpadel.com\/sv\/product\/babolat-veron-air-2\/#primaryimage"},"image":{"@id":"https:\/\/nordicpadel.com\/sv\/product\/babolat-veron-air-2\/#primaryimage"},"thumbnailUrl":"https:\/\/nordicpadel.com\/sv\/wp-content\/uploads\/sites\/10\/2025\/11\/55a3d14293be91c70b65febe23411439-1.png","datePublished":"2025-11-26T17:42:25+00:00","dateModified":"2025-11-28T16:31:39+00:00","breadcrumb":{"@id":"https:\/\/nordicpadel.com\/sv\/product\/babolat-veron-air-2\/#breadcrumb"},"inLanguage":"sv-SE","potentialAction":[{"@type":"ReadAction","target":["https:\/\/nordicpadel.com\/sv\/product\/babolat-veron-air-2\/"]}]},{"@type":"ImageObject","inLanguage":"sv-SE","@id":"https:\/\/nordicpadel.com\/sv\/product\/babolat-veron-air-2\/#primaryimage","url":"https:\/\/nordicpadel.com\/sv\/wp-content\/uploads\/sites\/10\/2025\/11\/55a3d14293be91c70b65febe23411439-1.png","contentUrl":"https:\/\/nordicpadel.com\/sv\/wp-content\/uploads\/sites\/10\/2025\/11\/55a3d14293be91c70b65febe23411439-1.png","width":800,"height":800,"caption":"Babolat Veron Air"},{"@type":"BreadcrumbList","@id":"https:\/\/nordicpadel.com\/sv\/product\/babolat-veron-air-2\/#breadcrumb","itemListElement":[{"@type":"ListItem","position":1,"name":"Hem","item":"https:\/\/nordicpadel.com\/sv\/"},{"@type":"ListItem","position":2,"name":"Shop","item":"https:\/\/nordicpadel.com\/sv\/shop\/"},{"@type":"ListItem","position":3,"name":"Babolat Veron Air"}]},{"@type":"WebSite","@id":"https:\/\/nordicpadel.com\/sv\/#website","url":"https:\/\/nordicpadel.com\/sv\/","name":"Nordic Padel","description":"","publisher":{"@id":"https:\/\/nordicpadel.com\/sv\/#organization"},"potentialAction":[{"@type":"SearchAction","target":{"@type":"EntryPoint","urlTemplate":"https:\/\/nordicpadel.com\/sv\/?s={search_term_string}"},"query-input":"required name=search_term_string"}],"inLanguage":"sv-SE"},{"@type":"Organization","@id":"https:\/\/nordicpadel.com\/sv\/#organization","name":"Nordic Padel","url":"https:\/\/nordicpadel.com\/sv\/","logo":{"@type":"ImageObject","inLanguage":"sv-SE","@id":"https:\/\/nordicpadel.com\/sv\/#\/schema\/logo\/image\/","url":"https:\/\/nordicpadel.com\/sv\/wp-content\/uploads\/sites\/10\/2022\/12\/Nordic-Padel-small_1-1.png","contentUrl":"https:\/\/nordicpadel.com\/sv\/wp-content\/uploads\/sites\/10\/2022\/12\/Nordic-Padel-small_1-1.png","width":400,"height":119,"caption":"Nordic Padel"},"image":{"@id":"https:\/\/nordicpadel.com\/sv\/#\/schema\/logo\/image\/"}}]}},"brands":[],"_links":{"self":[{"href":"https:\/\/nordicpadel.com\/sv\/wp-json\/wp\/v2\/product\/91247","targetHints":{"allow":["GET"]}}],"collection":[{"href":"https:\/\/nordicpadel.com\/sv\/wp-json\/wp\/v2\/product"}],"about":[{"href":"https:\/\/nordicpadel.com\/sv\/wp-json\/wp\/v2\/types\/product"}],"replies":[{"embeddable":true,"href":"https:\/\/nordicpadel.com\/sv\/wp-json\/wp\/v2\/comments?post=91247"}],"wp:featuredmedia":[{"embeddable":true,"href":"https:\/\/nordicpadel.com\/sv\/wp-json\/wp\/v2\/media\/94494"}],"wp:attachment":[{"href":"https:\/\/nordicpadel.com\/sv\/wp-json\/wp\/v2\/media?parent=91247"}],"wp:term":[{"taxonomy":"pwb-brand","embeddable":true,"href":"https:\/\/nordicpadel.com\/sv\/wp-json\/wp\/v2\/pwb-brand?post=91247"},{"taxonomy":"product_cat","embeddable":true,"href":"https:\/\/nordicpadel.com\/sv\/wp-json\/wp\/v2\/product_cat?post=91247"},{"taxonomy":"product_tag","embeddable":true,"href":"https:\/\/nordicpadel.com\/sv\/wp-json\/wp\/v2\/product_tag?post=91247"},{"taxonomy":"woo-feed-brand","embeddable":true,"href":"https:\/\/nordicpadel.com\/sv\/wp-json\/wp\/v2\/woo-feed-brand?post=91247"}],"curies":[{"name":"wp","href":"https:\/\/api.w.org\/{rel}","templated":true}]}}