{"id":91190,"date":"2025-11-26T18:42:00","date_gmt":"2025-11-26T17:42:00","guid":{"rendered":"https:\/\/nordicpadel.com\/sv\/product\/varlion-lw-prisma-summum-airflow-w\/"},"modified":"2025-11-27T15:08:00","modified_gmt":"2025-11-27T14:08:00","slug":"varlion-lw-prisma-summum-airflow-w","status":"publish","type":"product","link":"https:\/\/nordicpadel.com\/sv\/product\/varlion-lw-prisma-summum-airflow-w\/","title":{"rendered":"Varlion LW Prisma Summum Airflow W"},"content":{"rendered":"<p>Varlion LW Summum Prisma Airflow \u00e4r ett <a href=\"https:\/\/nordicpadel.com\/sv\/product-category\/padelracket\/\">padelracket<\/a> f\u00f6r dig som s\u00f6ker ett racket kontrollracket med grym precision.<\/p>\n<p>Racket har en rund form, vilket medf\u00f6r en stor och centrerad sweet spot. Balansen klassas som medel, eller l\u00e5g, och g\u00f6r att racket blir v\u00e4ldigt l\u00e4tt att man\u00f6verera i h\u00f6rnen samt i volleyspelet. Tillsammans med en tr\u00e4ffyta i 12k kolfiber och en h\u00e5rd k\u00e4rna s\u00e5 ger racket \u00e4ven otroligt fin precision i slagen. I tr\u00e4ffytan \u00e5terfinns \u00e4ven en grov struktur som hj\u00e4lper till att producera spin i slagen.<\/p>\n<p>Nytt f\u00f6r i \u00e5r \u00e4r Airflow-kanalerna i tr\u00e4ffytan som reducerar luftmotst\u00e5ndet i svingen och g\u00f6r racket mer stabilt. Detta g\u00f6r att racket blir mer l\u00e4ttsvingat och det kr\u00e4vs en mindre kraftfull sving f\u00f6r att f\u00e5 samma fart i slagen.<\/p>\n<p>Vikten \u00e4r till i \u00e5r n\u00e5got h\u00f6gre \u00e4n f\u00f6reg\u00e5ende \u00e5rsmodell och racket v\u00e4ger in p\u00e5 ca 360g. N\u00e5got som d\u00e4remot inte har \u00e4ndrats \u00e4r det l\u00e4ngre handtaget som till\u00e5ter spelaren att spela en dubbelfattad backhand.<\/p>\n<p>Sammanfattningsvis \u00e4r detta ett av f\u00e5 renodlade kontrollracketar p\u00e5 marknaden.<\/p>\n","protected":false},"excerpt":{"rendered":"<p>Varlion LW Summum Prisma Airflow \u00e4r ett padelracket f\u00f6r dig som s\u00f6ker ett racket kontrollracket med grym precision. Racket har en rund form, vilket medf\u00f6r en stor och centrerad sweet spot. Balansen klassas som medel, eller l\u00e5g, och g\u00f6r att racket blir v\u00e4ldigt l\u00e4tt att man\u00f6verera i h\u00f6rnen samt i volleyspelet. Tillsammans med en tr\u00e4ffyta [&hellip;]<\/p>\n","protected":false},"featured_media":91135,"comment_status":"open","ping_status":"closed","template":"","meta":[],"pwb-brand":[],"product_cat":[462],"product_tag":[],"woo-feed-brand":[],"class_list":{"0":"post-91190","1":"product","2":"type-product","3":"status-publish","4":"has-post-thumbnail","6":"product_cat-varlion","7":"pa_varumarke-varlion","9":"first","10":"outofstock","11":"sale","12":"taxable","13":"shipping-taxable","14":"purchasable","15":"product-type-simple"},"bundled_by":[],"bundle_stock_status":"outofstock","bundle_stock_quantity":0,"bundle_virtual":false,"bundle_layout":"","bundle_add_to_cart_form_location":"","bundle_editable_in_cart":false,"bundle_sold_individually_context":"","bundle_item_grouping":"","bundle_min_size":"","bundle_max_size":"","bundled_items":[],"bundle_sell_ids":[],"acf":[],"yoast_head":"<!-- This site is optimized with the Yoast SEO plugin v23.1 - https:\/\/yoast.com\/wordpress\/plugins\/seo\/ -->\n<title>Varlion LW Prisma Summum Airflow W - Nordic Padel<\/title>\n<meta name=\"robots\" content=\"index, follow, max-snippet:-1, max-image-preview:large, max-video-preview:-1\" \/>\n<link rel=\"canonical\" href=\"https:\/\/nordicpadel.com\/sv\/product\/varlion-lw-prisma-summum-airflow-w\/\" \/>\n<meta property=\"og:locale\" content=\"sv_SE\" \/>\n<meta property=\"og:type\" content=\"article\" \/>\n<meta property=\"og:title\" content=\"Varlion LW Prisma Summum Airflow W - Nordic Padel\" \/>\n<meta property=\"og:description\" content=\"Varlion LW Summum Prisma Airflow \u00e4r ett padelracket f\u00f6r dig som s\u00f6ker ett racket kontrollracket med grym precision. Racket har en rund form, vilket medf\u00f6r en stor och centrerad sweet spot. Balansen klassas som medel, eller l\u00e5g, och g\u00f6r att racket blir v\u00e4ldigt l\u00e4tt att man\u00f6verera i h\u00f6rnen samt i volleyspelet. Tillsammans med en tr\u00e4ffyta [&hellip;]\" \/>\n<meta property=\"og:url\" content=\"https:\/\/nordicpadel.com\/sv\/product\/varlion-lw-prisma-summum-airflow-w\/\" \/>\n<meta property=\"og:site_name\" content=\"Nordic Padel\" \/>\n<meta property=\"article:modified_time\" content=\"2025-11-27T14:08:00+00:00\" \/>\n<meta property=\"og:image\" content=\"https:\/\/nordicpadel.com\/sv\/wp-content\/uploads\/sites\/10\/2025\/11\/e8f9e767938f78f44002c3e2fcd9e4a7.png\" \/>\n\t<meta property=\"og:image:width\" content=\"800\" \/>\n\t<meta property=\"og:image:height\" content=\"800\" \/>\n\t<meta property=\"og:image:type\" content=\"image\/png\" \/>\n<meta name=\"twitter:card\" content=\"summary_large_image\" \/>\n<meta name=\"twitter:label1\" content=\"Ber\u00e4knad l\u00e4stid\" \/>\n\t<meta name=\"twitter:data1\" content=\"1 minut\" \/>\n<script type=\"application\/ld+json\" class=\"yoast-schema-graph\">{\"@context\":\"https:\/\/schema.org\",\"@graph\":[{\"@type\":\"WebPage\",\"@id\":\"https:\/\/nordicpadel.com\/sv\/product\/varlion-lw-prisma-summum-airflow-w\/\",\"url\":\"https:\/\/nordicpadel.com\/sv\/product\/varlion-lw-prisma-summum-airflow-w\/\",\"name\":\"Varlion LW Prisma Summum Airflow W - Nordic Padel\",\"isPartOf\":{\"@id\":\"https:\/\/nordicpadel.com\/sv\/#website\"},\"primaryImageOfPage\":{\"@id\":\"https:\/\/nordicpadel.com\/sv\/product\/varlion-lw-prisma-summum-airflow-w\/#primaryimage\"},\"image\":{\"@id\":\"https:\/\/nordicpadel.com\/sv\/product\/varlion-lw-prisma-summum-airflow-w\/#primaryimage\"},\"thumbnailUrl\":\"https:\/\/nordicpadel.com\/sv\/wp-content\/uploads\/sites\/10\/2025\/11\/e8f9e767938f78f44002c3e2fcd9e4a7.png\",\"datePublished\":\"2025-11-26T17:42:00+00:00\",\"dateModified\":\"2025-11-27T14:08:00+00:00\",\"breadcrumb\":{\"@id\":\"https:\/\/nordicpadel.com\/sv\/product\/varlion-lw-prisma-summum-airflow-w\/#breadcrumb\"},\"inLanguage\":\"sv-SE\",\"potentialAction\":[{\"@type\":\"ReadAction\",\"target\":[\"https:\/\/nordicpadel.com\/sv\/product\/varlion-lw-prisma-summum-airflow-w\/\"]}]},{\"@type\":\"ImageObject\",\"inLanguage\":\"sv-SE\",\"@id\":\"https:\/\/nordicpadel.com\/sv\/product\/varlion-lw-prisma-summum-airflow-w\/#primaryimage\",\"url\":\"https:\/\/nordicpadel.com\/sv\/wp-content\/uploads\/sites\/10\/2025\/11\/e8f9e767938f78f44002c3e2fcd9e4a7.png\",\"contentUrl\":\"https:\/\/nordicpadel.com\/sv\/wp-content\/uploads\/sites\/10\/2025\/11\/e8f9e767938f78f44002c3e2fcd9e4a7.png\",\"width\":800,\"height\":800,\"caption\":\"Varlion LW Prisma Summum Airflow W\"},{\"@type\":\"BreadcrumbList\",\"@id\":\"https:\/\/nordicpadel.com\/sv\/product\/varlion-lw-prisma-summum-airflow-w\/#breadcrumb\",\"itemListElement\":[{\"@type\":\"ListItem\",\"position\":1,\"name\":\"Hem\",\"item\":\"https:\/\/nordicpadel.com\/sv\/\"},{\"@type\":\"ListItem\",\"position\":2,\"name\":\"Shop\",\"item\":\"https:\/\/nordicpadel.com\/sv\/shop\/\"},{\"@type\":\"ListItem\",\"position\":3,\"name\":\"Varlion LW Prisma Summum Airflow W\"}]},{\"@type\":\"WebSite\",\"@id\":\"https:\/\/nordicpadel.com\/sv\/#website\",\"url\":\"https:\/\/nordicpadel.com\/sv\/\",\"name\":\"Nordic Padel\",\"description\":\"\",\"publisher\":{\"@id\":\"https:\/\/nordicpadel.com\/sv\/#organization\"},\"potentialAction\":[{\"@type\":\"SearchAction\",\"target\":{\"@type\":\"EntryPoint\",\"urlTemplate\":\"https:\/\/nordicpadel.com\/sv\/?s={search_term_string}\"},\"query-input\":\"required name=search_term_string\"}],\"inLanguage\":\"sv-SE\"},{\"@type\":\"Organization\",\"@id\":\"https:\/\/nordicpadel.com\/sv\/#organization\",\"name\":\"Nordic Padel\",\"url\":\"https:\/\/nordicpadel.com\/sv\/\",\"logo\":{\"@type\":\"ImageObject\",\"inLanguage\":\"sv-SE\",\"@id\":\"https:\/\/nordicpadel.com\/sv\/#\/schema\/logo\/image\/\",\"url\":\"https:\/\/nordicpadel.com\/sv\/wp-content\/uploads\/sites\/10\/2022\/12\/Nordic-Padel-small_1-1.png\",\"contentUrl\":\"https:\/\/nordicpadel.com\/sv\/wp-content\/uploads\/sites\/10\/2022\/12\/Nordic-Padel-small_1-1.png\",\"width\":400,\"height\":119,\"caption\":\"Nordic Padel\"},\"image\":{\"@id\":\"https:\/\/nordicpadel.com\/sv\/#\/schema\/logo\/image\/\"}}]}<\/script>\n<!-- \/ Yoast SEO plugin. -->","yoast_head_json":{"title":"Varlion LW Prisma Summum Airflow W - Nordic Padel","robots":{"index":"index","follow":"follow","max-snippet":"max-snippet:-1","max-image-preview":"max-image-preview:large","max-video-preview":"max-video-preview:-1"},"canonical":"https:\/\/nordicpadel.com\/sv\/product\/varlion-lw-prisma-summum-airflow-w\/","og_locale":"sv_SE","og_type":"article","og_title":"Varlion LW Prisma Summum Airflow W - Nordic Padel","og_description":"Varlion LW Summum Prisma Airflow \u00e4r ett padelracket f\u00f6r dig som s\u00f6ker ett racket kontrollracket med grym precision. Racket har en rund form, vilket medf\u00f6r en stor och centrerad sweet spot. Balansen klassas som medel, eller l\u00e5g, och g\u00f6r att racket blir v\u00e4ldigt l\u00e4tt att man\u00f6verera i h\u00f6rnen samt i volleyspelet. Tillsammans med en tr\u00e4ffyta [&hellip;]","og_url":"https:\/\/nordicpadel.com\/sv\/product\/varlion-lw-prisma-summum-airflow-w\/","og_site_name":"Nordic Padel","article_modified_time":"2025-11-27T14:08:00+00:00","og_image":[{"width":800,"height":800,"url":"https:\/\/nordicpadel.com\/sv\/wp-content\/uploads\/sites\/10\/2025\/11\/e8f9e767938f78f44002c3e2fcd9e4a7.png","type":"image\/png"}],"twitter_card":"summary_large_image","twitter_misc":{"Ber\u00e4knad l\u00e4stid":"1 minut"},"schema":{"@context":"https:\/\/schema.org","@graph":[{"@type":"WebPage","@id":"https:\/\/nordicpadel.com\/sv\/product\/varlion-lw-prisma-summum-airflow-w\/","url":"https:\/\/nordicpadel.com\/sv\/product\/varlion-lw-prisma-summum-airflow-w\/","name":"Varlion LW Prisma Summum Airflow W - Nordic Padel","isPartOf":{"@id":"https:\/\/nordicpadel.com\/sv\/#website"},"primaryImageOfPage":{"@id":"https:\/\/nordicpadel.com\/sv\/product\/varlion-lw-prisma-summum-airflow-w\/#primaryimage"},"image":{"@id":"https:\/\/nordicpadel.com\/sv\/product\/varlion-lw-prisma-summum-airflow-w\/#primaryimage"},"thumbnailUrl":"https:\/\/nordicpadel.com\/sv\/wp-content\/uploads\/sites\/10\/2025\/11\/e8f9e767938f78f44002c3e2fcd9e4a7.png","datePublished":"2025-11-26T17:42:00+00:00","dateModified":"2025-11-27T14:08:00+00:00","breadcrumb":{"@id":"https:\/\/nordicpadel.com\/sv\/product\/varlion-lw-prisma-summum-airflow-w\/#breadcrumb"},"inLanguage":"sv-SE","potentialAction":[{"@type":"ReadAction","target":["https:\/\/nordicpadel.com\/sv\/product\/varlion-lw-prisma-summum-airflow-w\/"]}]},{"@type":"ImageObject","inLanguage":"sv-SE","@id":"https:\/\/nordicpadel.com\/sv\/product\/varlion-lw-prisma-summum-airflow-w\/#primaryimage","url":"https:\/\/nordicpadel.com\/sv\/wp-content\/uploads\/sites\/10\/2025\/11\/e8f9e767938f78f44002c3e2fcd9e4a7.png","contentUrl":"https:\/\/nordicpadel.com\/sv\/wp-content\/uploads\/sites\/10\/2025\/11\/e8f9e767938f78f44002c3e2fcd9e4a7.png","width":800,"height":800,"caption":"Varlion LW Prisma Summum Airflow W"},{"@type":"BreadcrumbList","@id":"https:\/\/nordicpadel.com\/sv\/product\/varlion-lw-prisma-summum-airflow-w\/#breadcrumb","itemListElement":[{"@type":"ListItem","position":1,"name":"Hem","item":"https:\/\/nordicpadel.com\/sv\/"},{"@type":"ListItem","position":2,"name":"Shop","item":"https:\/\/nordicpadel.com\/sv\/shop\/"},{"@type":"ListItem","position":3,"name":"Varlion LW Prisma Summum Airflow W"}]},{"@type":"WebSite","@id":"https:\/\/nordicpadel.com\/sv\/#website","url":"https:\/\/nordicpadel.com\/sv\/","name":"Nordic Padel","description":"","publisher":{"@id":"https:\/\/nordicpadel.com\/sv\/#organization"},"potentialAction":[{"@type":"SearchAction","target":{"@type":"EntryPoint","urlTemplate":"https:\/\/nordicpadel.com\/sv\/?s={search_term_string}"},"query-input":"required name=search_term_string"}],"inLanguage":"sv-SE"},{"@type":"Organization","@id":"https:\/\/nordicpadel.com\/sv\/#organization","name":"Nordic Padel","url":"https:\/\/nordicpadel.com\/sv\/","logo":{"@type":"ImageObject","inLanguage":"sv-SE","@id":"https:\/\/nordicpadel.com\/sv\/#\/schema\/logo\/image\/","url":"https:\/\/nordicpadel.com\/sv\/wp-content\/uploads\/sites\/10\/2022\/12\/Nordic-Padel-small_1-1.png","contentUrl":"https:\/\/nordicpadel.com\/sv\/wp-content\/uploads\/sites\/10\/2022\/12\/Nordic-Padel-small_1-1.png","width":400,"height":119,"caption":"Nordic Padel"},"image":{"@id":"https:\/\/nordicpadel.com\/sv\/#\/schema\/logo\/image\/"}}]}},"brands":[],"_links":{"self":[{"href":"https:\/\/nordicpadel.com\/sv\/wp-json\/wp\/v2\/product\/91190","targetHints":{"allow":["GET"]}}],"collection":[{"href":"https:\/\/nordicpadel.com\/sv\/wp-json\/wp\/v2\/product"}],"about":[{"href":"https:\/\/nordicpadel.com\/sv\/wp-json\/wp\/v2\/types\/product"}],"replies":[{"embeddable":true,"href":"https:\/\/nordicpadel.com\/sv\/wp-json\/wp\/v2\/comments?post=91190"}],"wp:featuredmedia":[{"embeddable":true,"href":"https:\/\/nordicpadel.com\/sv\/wp-json\/wp\/v2\/media\/91135"}],"wp:attachment":[{"href":"https:\/\/nordicpadel.com\/sv\/wp-json\/wp\/v2\/media?parent=91190"}],"wp:term":[{"taxonomy":"pwb-brand","embeddable":true,"href":"https:\/\/nordicpadel.com\/sv\/wp-json\/wp\/v2\/pwb-brand?post=91190"},{"taxonomy":"product_cat","embeddable":true,"href":"https:\/\/nordicpadel.com\/sv\/wp-json\/wp\/v2\/product_cat?post=91190"},{"taxonomy":"product_tag","embeddable":true,"href":"https:\/\/nordicpadel.com\/sv\/wp-json\/wp\/v2\/product_tag?post=91190"},{"taxonomy":"woo-feed-brand","embeddable":true,"href":"https:\/\/nordicpadel.com\/sv\/wp-json\/wp\/v2\/woo-feed-brand?post=91190"}],"curies":[{"name":"wp","href":"https:\/\/api.w.org\/{rel}","templated":true}]}}