{"id":91181,"date":"2025-11-26T18:41:57","date_gmt":"2025-11-26T17:41:57","guid":{"rendered":"https:\/\/nordicpadel.com\/sv\/product\/nike-zoom-court-pro-w-2\/"},"modified":"2026-02-02T23:04:55","modified_gmt":"2026-02-02T22:04:55","slug":"nike-zoom-court-pro-w-2","status":"publish","type":"product","link":"https:\/\/nordicpadel.com\/sv\/product\/nike-zoom-court-pro-w-2\/","title":{"rendered":"NIKE Zoom Court Pro W"},"content":{"rendered":"<p>Ta ditt spel till nya h\u00f6jder med Nike Court Zoom Pro &lt;a href=&quot;https:\/\/nordicpadel.com\/sv\/product-category\/<a href=\"https:\/\/nordicpadel.com\/sv\/product-category\/padelskor\/dam\/\">padelsko<\/a>\/dam\/&#8221;&gt;<a href=\"https:\/\/nordicpadel.com\/sv\/product-category\/padelskor\/dam\/\">padelsko<\/a><\/a> f\u00f6r damer. Den unika Zoom Air-enheten fungerar tillsammans med en full\u00e4ngdsplatta som agerar som en studsmatta, vilket ger en b\u00e4ttre energi\u00e5tergivning och \u00f6kad stabilitet. Skon har ocks\u00e5 en s\u00e4rskild mesh-konstruktion och vinkelformad design som ger en mer linj\u00e4r r\u00f6relse, vilket hj\u00e4lper dig att r\u00f6ra dig smidigt p\u00e5 padelbanan. F\u00f6r ytterligare komfort har skon en vadderad krage som h\u00e5ller dina f\u00f6tter svala under de tuffaste matcherna. Uppt\u00e4ck den ultimata kombinationen av stil och prestanda med NikeCourt Zoom Pro &lt;a href=&quot;https:\/\/nordicpadel.com\/sv\/product-category\/<a href=\"https:\/\/nordicpadel.com\/sv\/product-category\/padelskor\/dam\/\">padelsko<\/a>\/dam\/&#8221;&gt;<a href=\"https:\/\/nordicpadel.com\/sv\/product-category\/padelskor\/dam\/\">padelsko<\/a><\/a> f\u00f6r damer<br \/>L\u00e4s g\u00e4rna v\u00e5r <a href=\"https:\/\/nordicpadel.com\/sv\/guide-padelskor\/\">skoguide<\/a> som inneh\u00e5ller tips samt en storleksguide f\u00f6r att hj\u00e4lpa dig hitta r\u00e4tt skor.<\/p>\n","protected":false},"excerpt":{"rendered":"<p>Ta ditt spel till nya h\u00f6jder med Nike Court Zoom Pro &lt;a href=&quot;https:\/\/nordicpadel.com\/sv\/product-category\/padelsko\/dam\/&#8221;&gt;padelsko f\u00f6r damer. Den unika Zoom Air-enheten fungerar tillsammans med en full\u00e4ngdsplatta som agerar som en studsmatta, vilket ger en b\u00e4ttre energi\u00e5tergivning och \u00f6kad stabilitet. Skon har ocks\u00e5 en s\u00e4rskild mesh-konstruktion och vinkelformad design som ger en mer linj\u00e4r r\u00f6relse, vilket hj\u00e4lper dig [&hellip;]<\/p>\n","protected":false},"featured_media":91144,"comment_status":"open","ping_status":"closed","template":"","meta":[],"pwb-brand":[],"product_cat":[37,471],"product_tag":[],"woo-feed-brand":[],"class_list":{"0":"post-91181","1":"product","2":"type-product","3":"status-publish","4":"has-post-thumbnail","6":"product_cat-dam","7":"product_cat-nike","8":"pa_varumarke-nike","10":"first","11":"outofstock","12":"sale","13":"taxable","14":"shipping-taxable","15":"purchasable","16":"product-type-simple"},"bundled_by":[],"bundle_stock_status":"outofstock","bundle_stock_quantity":0,"bundle_virtual":false,"bundle_layout":"","bundle_add_to_cart_form_location":"","bundle_editable_in_cart":false,"bundle_sold_individually_context":"","bundle_item_grouping":"","bundle_min_size":"","bundle_max_size":"","bundled_items":[],"bundle_sell_ids":[],"acf":[],"yoast_head":"<!-- This site is optimized with the Yoast SEO plugin v23.1 - https:\/\/yoast.com\/wordpress\/plugins\/seo\/ -->\n<title>NIKE Zoom Court Pro W - Nordic Padel<\/title>\n<meta name=\"robots\" content=\"index, follow, max-snippet:-1, max-image-preview:large, max-video-preview:-1\" \/>\n<link rel=\"canonical\" href=\"https:\/\/nordicpadel.com\/sv\/product\/nike-zoom-court-pro-w-2\/\" \/>\n<meta property=\"og:locale\" content=\"sv_SE\" \/>\n<meta property=\"og:type\" content=\"article\" \/>\n<meta property=\"og:title\" content=\"NIKE Zoom Court Pro W - Nordic Padel\" \/>\n<meta property=\"og:description\" content=\"Ta ditt spel till nya h\u00f6jder med Nike Court Zoom Pro &lt;a href=&quot;https:\/\/nordicpadel.com\/sv\/product-category\/padelsko\/dam\/&#8221;&gt;padelsko f\u00f6r damer. Den unika Zoom Air-enheten fungerar tillsammans med en full\u00e4ngdsplatta som agerar som en studsmatta, vilket ger en b\u00e4ttre energi\u00e5tergivning och \u00f6kad stabilitet. Skon har ocks\u00e5 en s\u00e4rskild mesh-konstruktion och vinkelformad design som ger en mer linj\u00e4r r\u00f6relse, vilket hj\u00e4lper dig [&hellip;]\" \/>\n<meta property=\"og:url\" content=\"https:\/\/nordicpadel.com\/sv\/product\/nike-zoom-court-pro-w-2\/\" \/>\n<meta property=\"og:site_name\" content=\"Nordic Padel\" \/>\n<meta property=\"article:modified_time\" content=\"2026-02-02T22:04:55+00:00\" \/>\n<meta property=\"og:image\" content=\"https:\/\/nordicpadel.com\/sv\/wp-content\/uploads\/sites\/10\/2025\/11\/f2921c336b68e3be1013e769ddedaa07.png\" \/>\n\t<meta property=\"og:image:width\" content=\"800\" \/>\n\t<meta property=\"og:image:height\" content=\"800\" \/>\n\t<meta property=\"og:image:type\" content=\"image\/png\" \/>\n<meta name=\"twitter:card\" content=\"summary_large_image\" \/>\n<meta name=\"twitter:label1\" content=\"Ber\u00e4knad l\u00e4stid\" \/>\n\t<meta name=\"twitter:data1\" content=\"1 minut\" \/>\n<script type=\"application\/ld+json\" class=\"yoast-schema-graph\">{\"@context\":\"https:\/\/schema.org\",\"@graph\":[{\"@type\":\"WebPage\",\"@id\":\"https:\/\/nordicpadel.com\/sv\/product\/nike-zoom-court-pro-w-2\/\",\"url\":\"https:\/\/nordicpadel.com\/sv\/product\/nike-zoom-court-pro-w-2\/\",\"name\":\"NIKE Zoom Court Pro W - Nordic Padel\",\"isPartOf\":{\"@id\":\"https:\/\/nordicpadel.com\/sv\/#website\"},\"primaryImageOfPage\":{\"@id\":\"https:\/\/nordicpadel.com\/sv\/product\/nike-zoom-court-pro-w-2\/#primaryimage\"},\"image\":{\"@id\":\"https:\/\/nordicpadel.com\/sv\/product\/nike-zoom-court-pro-w-2\/#primaryimage\"},\"thumbnailUrl\":\"https:\/\/nordicpadel.com\/sv\/wp-content\/uploads\/sites\/10\/2025\/11\/f2921c336b68e3be1013e769ddedaa07.png\",\"datePublished\":\"2025-11-26T17:41:57+00:00\",\"dateModified\":\"2026-02-02T22:04:55+00:00\",\"breadcrumb\":{\"@id\":\"https:\/\/nordicpadel.com\/sv\/product\/nike-zoom-court-pro-w-2\/#breadcrumb\"},\"inLanguage\":\"sv-SE\",\"potentialAction\":[{\"@type\":\"ReadAction\",\"target\":[\"https:\/\/nordicpadel.com\/sv\/product\/nike-zoom-court-pro-w-2\/\"]}]},{\"@type\":\"ImageObject\",\"inLanguage\":\"sv-SE\",\"@id\":\"https:\/\/nordicpadel.com\/sv\/product\/nike-zoom-court-pro-w-2\/#primaryimage\",\"url\":\"https:\/\/nordicpadel.com\/sv\/wp-content\/uploads\/sites\/10\/2025\/11\/f2921c336b68e3be1013e769ddedaa07.png\",\"contentUrl\":\"https:\/\/nordicpadel.com\/sv\/wp-content\/uploads\/sites\/10\/2025\/11\/f2921c336b68e3be1013e769ddedaa07.png\",\"width\":800,\"height\":800,\"caption\":\"NIKE Zoom Court Pro W\"},{\"@type\":\"BreadcrumbList\",\"@id\":\"https:\/\/nordicpadel.com\/sv\/product\/nike-zoom-court-pro-w-2\/#breadcrumb\",\"itemListElement\":[{\"@type\":\"ListItem\",\"position\":1,\"name\":\"Hem\",\"item\":\"https:\/\/nordicpadel.com\/sv\/\"},{\"@type\":\"ListItem\",\"position\":2,\"name\":\"Shop\",\"item\":\"https:\/\/nordicpadel.com\/sv\/shop\/\"},{\"@type\":\"ListItem\",\"position\":3,\"name\":\"NIKE Zoom Court Pro W\"}]},{\"@type\":\"WebSite\",\"@id\":\"https:\/\/nordicpadel.com\/sv\/#website\",\"url\":\"https:\/\/nordicpadel.com\/sv\/\",\"name\":\"Nordic Padel\",\"description\":\"\",\"publisher\":{\"@id\":\"https:\/\/nordicpadel.com\/sv\/#organization\"},\"potentialAction\":[{\"@type\":\"SearchAction\",\"target\":{\"@type\":\"EntryPoint\",\"urlTemplate\":\"https:\/\/nordicpadel.com\/sv\/?s={search_term_string}\"},\"query-input\":\"required name=search_term_string\"}],\"inLanguage\":\"sv-SE\"},{\"@type\":\"Organization\",\"@id\":\"https:\/\/nordicpadel.com\/sv\/#organization\",\"name\":\"Nordic Padel\",\"url\":\"https:\/\/nordicpadel.com\/sv\/\",\"logo\":{\"@type\":\"ImageObject\",\"inLanguage\":\"sv-SE\",\"@id\":\"https:\/\/nordicpadel.com\/sv\/#\/schema\/logo\/image\/\",\"url\":\"https:\/\/nordicpadel.com\/sv\/wp-content\/uploads\/sites\/10\/2022\/12\/Nordic-Padel-small_1-1.png\",\"contentUrl\":\"https:\/\/nordicpadel.com\/sv\/wp-content\/uploads\/sites\/10\/2022\/12\/Nordic-Padel-small_1-1.png\",\"width\":400,\"height\":119,\"caption\":\"Nordic Padel\"},\"image\":{\"@id\":\"https:\/\/nordicpadel.com\/sv\/#\/schema\/logo\/image\/\"}}]}<\/script>\n<!-- \/ Yoast SEO plugin. -->","yoast_head_json":{"title":"NIKE Zoom Court Pro W - Nordic Padel","robots":{"index":"index","follow":"follow","max-snippet":"max-snippet:-1","max-image-preview":"max-image-preview:large","max-video-preview":"max-video-preview:-1"},"canonical":"https:\/\/nordicpadel.com\/sv\/product\/nike-zoom-court-pro-w-2\/","og_locale":"sv_SE","og_type":"article","og_title":"NIKE Zoom Court Pro W - Nordic Padel","og_description":"Ta ditt spel till nya h\u00f6jder med Nike Court Zoom Pro &lt;a href=&quot;https:\/\/nordicpadel.com\/sv\/product-category\/padelsko\/dam\/&#8221;&gt;padelsko f\u00f6r damer. Den unika Zoom Air-enheten fungerar tillsammans med en full\u00e4ngdsplatta som agerar som en studsmatta, vilket ger en b\u00e4ttre energi\u00e5tergivning och \u00f6kad stabilitet. Skon har ocks\u00e5 en s\u00e4rskild mesh-konstruktion och vinkelformad design som ger en mer linj\u00e4r r\u00f6relse, vilket hj\u00e4lper dig [&hellip;]","og_url":"https:\/\/nordicpadel.com\/sv\/product\/nike-zoom-court-pro-w-2\/","og_site_name":"Nordic Padel","article_modified_time":"2026-02-02T22:04:55+00:00","og_image":[{"width":800,"height":800,"url":"https:\/\/nordicpadel.com\/sv\/wp-content\/uploads\/sites\/10\/2025\/11\/f2921c336b68e3be1013e769ddedaa07.png","type":"image\/png"}],"twitter_card":"summary_large_image","twitter_misc":{"Ber\u00e4knad l\u00e4stid":"1 minut"},"schema":{"@context":"https:\/\/schema.org","@graph":[{"@type":"WebPage","@id":"https:\/\/nordicpadel.com\/sv\/product\/nike-zoom-court-pro-w-2\/","url":"https:\/\/nordicpadel.com\/sv\/product\/nike-zoom-court-pro-w-2\/","name":"NIKE Zoom Court Pro W - Nordic Padel","isPartOf":{"@id":"https:\/\/nordicpadel.com\/sv\/#website"},"primaryImageOfPage":{"@id":"https:\/\/nordicpadel.com\/sv\/product\/nike-zoom-court-pro-w-2\/#primaryimage"},"image":{"@id":"https:\/\/nordicpadel.com\/sv\/product\/nike-zoom-court-pro-w-2\/#primaryimage"},"thumbnailUrl":"https:\/\/nordicpadel.com\/sv\/wp-content\/uploads\/sites\/10\/2025\/11\/f2921c336b68e3be1013e769ddedaa07.png","datePublished":"2025-11-26T17:41:57+00:00","dateModified":"2026-02-02T22:04:55+00:00","breadcrumb":{"@id":"https:\/\/nordicpadel.com\/sv\/product\/nike-zoom-court-pro-w-2\/#breadcrumb"},"inLanguage":"sv-SE","potentialAction":[{"@type":"ReadAction","target":["https:\/\/nordicpadel.com\/sv\/product\/nike-zoom-court-pro-w-2\/"]}]},{"@type":"ImageObject","inLanguage":"sv-SE","@id":"https:\/\/nordicpadel.com\/sv\/product\/nike-zoom-court-pro-w-2\/#primaryimage","url":"https:\/\/nordicpadel.com\/sv\/wp-content\/uploads\/sites\/10\/2025\/11\/f2921c336b68e3be1013e769ddedaa07.png","contentUrl":"https:\/\/nordicpadel.com\/sv\/wp-content\/uploads\/sites\/10\/2025\/11\/f2921c336b68e3be1013e769ddedaa07.png","width":800,"height":800,"caption":"NIKE Zoom Court Pro W"},{"@type":"BreadcrumbList","@id":"https:\/\/nordicpadel.com\/sv\/product\/nike-zoom-court-pro-w-2\/#breadcrumb","itemListElement":[{"@type":"ListItem","position":1,"name":"Hem","item":"https:\/\/nordicpadel.com\/sv\/"},{"@type":"ListItem","position":2,"name":"Shop","item":"https:\/\/nordicpadel.com\/sv\/shop\/"},{"@type":"ListItem","position":3,"name":"NIKE Zoom Court Pro W"}]},{"@type":"WebSite","@id":"https:\/\/nordicpadel.com\/sv\/#website","url":"https:\/\/nordicpadel.com\/sv\/","name":"Nordic Padel","description":"","publisher":{"@id":"https:\/\/nordicpadel.com\/sv\/#organization"},"potentialAction":[{"@type":"SearchAction","target":{"@type":"EntryPoint","urlTemplate":"https:\/\/nordicpadel.com\/sv\/?s={search_term_string}"},"query-input":"required name=search_term_string"}],"inLanguage":"sv-SE"},{"@type":"Organization","@id":"https:\/\/nordicpadel.com\/sv\/#organization","name":"Nordic Padel","url":"https:\/\/nordicpadel.com\/sv\/","logo":{"@type":"ImageObject","inLanguage":"sv-SE","@id":"https:\/\/nordicpadel.com\/sv\/#\/schema\/logo\/image\/","url":"https:\/\/nordicpadel.com\/sv\/wp-content\/uploads\/sites\/10\/2022\/12\/Nordic-Padel-small_1-1.png","contentUrl":"https:\/\/nordicpadel.com\/sv\/wp-content\/uploads\/sites\/10\/2022\/12\/Nordic-Padel-small_1-1.png","width":400,"height":119,"caption":"Nordic Padel"},"image":{"@id":"https:\/\/nordicpadel.com\/sv\/#\/schema\/logo\/image\/"}}]}},"brands":[],"_links":{"self":[{"href":"https:\/\/nordicpadel.com\/sv\/wp-json\/wp\/v2\/product\/91181","targetHints":{"allow":["GET"]}}],"collection":[{"href":"https:\/\/nordicpadel.com\/sv\/wp-json\/wp\/v2\/product"}],"about":[{"href":"https:\/\/nordicpadel.com\/sv\/wp-json\/wp\/v2\/types\/product"}],"replies":[{"embeddable":true,"href":"https:\/\/nordicpadel.com\/sv\/wp-json\/wp\/v2\/comments?post=91181"}],"wp:featuredmedia":[{"embeddable":true,"href":"https:\/\/nordicpadel.com\/sv\/wp-json\/wp\/v2\/media\/91144"}],"wp:attachment":[{"href":"https:\/\/nordicpadel.com\/sv\/wp-json\/wp\/v2\/media?parent=91181"}],"wp:term":[{"taxonomy":"pwb-brand","embeddable":true,"href":"https:\/\/nordicpadel.com\/sv\/wp-json\/wp\/v2\/pwb-brand?post=91181"},{"taxonomy":"product_cat","embeddable":true,"href":"https:\/\/nordicpadel.com\/sv\/wp-json\/wp\/v2\/product_cat?post=91181"},{"taxonomy":"product_tag","embeddable":true,"href":"https:\/\/nordicpadel.com\/sv\/wp-json\/wp\/v2\/product_tag?post=91181"},{"taxonomy":"woo-feed-brand","embeddable":true,"href":"https:\/\/nordicpadel.com\/sv\/wp-json\/wp\/v2\/woo-feed-brand?post=91181"}],"curies":[{"name":"wp","href":"https:\/\/api.w.org\/{rel}","templated":true}]}}