{"id":90808,"date":"2025-11-26T18:39:13","date_gmt":"2025-11-26T17:39:13","guid":{"rendered":"https:\/\/nordicpadel.com\/sv\/product\/asics-solution-swift-ff-3\/"},"modified":"2026-02-02T22:57:41","modified_gmt":"2026-02-02T21:57:41","slug":"asics-solution-swift-ff-3","status":"publish","type":"product","link":"https:\/\/nordicpadel.com\/sv\/product\/asics-solution-swift-ff-3\/","title":{"rendered":"Asics Solution Swift FF"},"content":{"rendered":"<p>Asics Solution Swift FF \u00e4r en v\u00e4larbetad sko fr\u00e5n Asics med bra d\u00e4mpning b\u00e5de fram till och baktill. Skorna \u00e4r vidare f\u00f6rsedda med Flytefoam, ett l\u00e5gviktsmaterial som st\u00e5r emot tuff p\u00e5frestning och som levererar en komfortabel k\u00e4nsla i skon. Twistruss-teknologin i mellandelen av skon ger dig dessutom den stabilitet som en bra tennissko och <a href=\"https:\/\/nordicpadel.com\/sv\/product-category\/padelskor\/herr\/\">padelsko<\/a> ska ha. Sulan l\u00e4mpar sig perfekt f\u00f6r padelspelande.&nbsp;<br id=\"isPasted\"><br \/>Solution Swift tillh\u00f6r samma familj som Solution Speed och \u00e4r s\u00e5ledes en mer l\u00e4tt och dynamisk sko f\u00f6r dig som vill ha en mer f\u00f6ljsam och smidig k\u00e4nsla p\u00e5 banan.&nbsp;<\/p>\n<p>L\u00e4s g\u00e4rna v\u00e5r <a href=\"https:\/\/nordicpadel.com\/sv\/guide-padelskor\/\">skoguide<\/a> som inneh\u00e5ller tips samt en storleksguide f\u00f6r att hj\u00e4lpa dig hitta r\u00e4tt skor.<\/p>\n","protected":false},"excerpt":{"rendered":"<p>Asics Solution Swift FF \u00e4r en v\u00e4larbetad sko fr\u00e5n Asics med bra d\u00e4mpning b\u00e5de fram till och baktill. Skorna \u00e4r vidare f\u00f6rsedda med Flytefoam, ett l\u00e5gviktsmaterial som st\u00e5r emot tuff p\u00e5frestning och som levererar en komfortabel k\u00e4nsla i skon. Twistruss-teknologin i mellandelen av skon ger dig dessutom den stabilitet som en bra tennissko och padelsko [&hellip;]<\/p>\n","protected":false},"featured_media":90801,"comment_status":"open","ping_status":"closed","template":"","meta":[],"pwb-brand":[],"product_cat":[38],"product_tag":[],"woo-feed-brand":[],"class_list":{"0":"post-90808","1":"product","2":"type-product","3":"status-publish","4":"has-post-thumbnail","6":"product_cat-herr","7":"pa_varumarke-asics","9":"first","10":"outofstock","11":"sale","12":"taxable","13":"shipping-taxable","14":"purchasable","15":"product-type-variable"},"bundled_by":[],"bundle_stock_status":"outofstock","bundle_stock_quantity":0,"bundle_virtual":false,"bundle_layout":"","bundle_add_to_cart_form_location":"","bundle_editable_in_cart":false,"bundle_sold_individually_context":"","bundle_item_grouping":"","bundle_min_size":"","bundle_max_size":"","bundled_items":[],"bundle_sell_ids":[],"acf":[],"yoast_head":"<!-- This site is optimized with the Yoast SEO plugin v23.1 - https:\/\/yoast.com\/wordpress\/plugins\/seo\/ -->\n<title>Asics Solution Swift FF - Nordic Padel<\/title>\n<meta name=\"robots\" content=\"index, follow, max-snippet:-1, max-image-preview:large, max-video-preview:-1\" \/>\n<link rel=\"canonical\" href=\"https:\/\/nordicpadel.com\/sv\/product\/asics-solution-swift-ff-3\/\" \/>\n<meta property=\"og:locale\" content=\"sv_SE\" \/>\n<meta property=\"og:type\" content=\"article\" \/>\n<meta property=\"og:title\" content=\"Asics Solution Swift FF - Nordic Padel\" \/>\n<meta property=\"og:description\" content=\"Asics Solution Swift FF \u00e4r en v\u00e4larbetad sko fr\u00e5n Asics med bra d\u00e4mpning b\u00e5de fram till och baktill. Skorna \u00e4r vidare f\u00f6rsedda med Flytefoam, ett l\u00e5gviktsmaterial som st\u00e5r emot tuff p\u00e5frestning och som levererar en komfortabel k\u00e4nsla i skon. Twistruss-teknologin i mellandelen av skon ger dig dessutom den stabilitet som en bra tennissko och padelsko [&hellip;]\" \/>\n<meta property=\"og:url\" content=\"https:\/\/nordicpadel.com\/sv\/product\/asics-solution-swift-ff-3\/\" \/>\n<meta property=\"og:site_name\" content=\"Nordic Padel\" \/>\n<meta property=\"article:modified_time\" content=\"2026-02-02T21:57:41+00:00\" \/>\n<meta property=\"og:image\" content=\"https:\/\/nordicpadel.com\/sv\/wp-content\/uploads\/sites\/10\/2025\/11\/e5d2fccc60ceb38b8eb7d7d4012f34a5.png\" \/>\n\t<meta property=\"og:image:width\" content=\"800\" \/>\n\t<meta property=\"og:image:height\" content=\"800\" \/>\n\t<meta property=\"og:image:type\" content=\"image\/png\" \/>\n<meta name=\"twitter:card\" content=\"summary_large_image\" \/>\n<meta name=\"twitter:label1\" content=\"Ber\u00e4knad l\u00e4stid\" \/>\n\t<meta name=\"twitter:data1\" content=\"1 minut\" \/>\n<script type=\"application\/ld+json\" class=\"yoast-schema-graph\">{\"@context\":\"https:\/\/schema.org\",\"@graph\":[{\"@type\":\"WebPage\",\"@id\":\"https:\/\/nordicpadel.com\/sv\/product\/asics-solution-swift-ff-3\/\",\"url\":\"https:\/\/nordicpadel.com\/sv\/product\/asics-solution-swift-ff-3\/\",\"name\":\"Asics Solution Swift FF - Nordic Padel\",\"isPartOf\":{\"@id\":\"https:\/\/nordicpadel.com\/sv\/#website\"},\"primaryImageOfPage\":{\"@id\":\"https:\/\/nordicpadel.com\/sv\/product\/asics-solution-swift-ff-3\/#primaryimage\"},\"image\":{\"@id\":\"https:\/\/nordicpadel.com\/sv\/product\/asics-solution-swift-ff-3\/#primaryimage\"},\"thumbnailUrl\":\"https:\/\/nordicpadel.com\/sv\/wp-content\/uploads\/sites\/10\/2025\/11\/e5d2fccc60ceb38b8eb7d7d4012f34a5.png\",\"datePublished\":\"2025-11-26T17:39:13+00:00\",\"dateModified\":\"2026-02-02T21:57:41+00:00\",\"breadcrumb\":{\"@id\":\"https:\/\/nordicpadel.com\/sv\/product\/asics-solution-swift-ff-3\/#breadcrumb\"},\"inLanguage\":\"sv-SE\",\"potentialAction\":[{\"@type\":\"ReadAction\",\"target\":[\"https:\/\/nordicpadel.com\/sv\/product\/asics-solution-swift-ff-3\/\"]}]},{\"@type\":\"ImageObject\",\"inLanguage\":\"sv-SE\",\"@id\":\"https:\/\/nordicpadel.com\/sv\/product\/asics-solution-swift-ff-3\/#primaryimage\",\"url\":\"https:\/\/nordicpadel.com\/sv\/wp-content\/uploads\/sites\/10\/2025\/11\/e5d2fccc60ceb38b8eb7d7d4012f34a5.png\",\"contentUrl\":\"https:\/\/nordicpadel.com\/sv\/wp-content\/uploads\/sites\/10\/2025\/11\/e5d2fccc60ceb38b8eb7d7d4012f34a5.png\",\"width\":800,\"height\":800,\"caption\":\"Asics Solution Swift FF\"},{\"@type\":\"BreadcrumbList\",\"@id\":\"https:\/\/nordicpadel.com\/sv\/product\/asics-solution-swift-ff-3\/#breadcrumb\",\"itemListElement\":[{\"@type\":\"ListItem\",\"position\":1,\"name\":\"Hem\",\"item\":\"https:\/\/nordicpadel.com\/sv\/\"},{\"@type\":\"ListItem\",\"position\":2,\"name\":\"Shop\",\"item\":\"https:\/\/nordicpadel.com\/sv\/shop\/\"},{\"@type\":\"ListItem\",\"position\":3,\"name\":\"Asics Solution Swift FF\"}]},{\"@type\":\"WebSite\",\"@id\":\"https:\/\/nordicpadel.com\/sv\/#website\",\"url\":\"https:\/\/nordicpadel.com\/sv\/\",\"name\":\"Nordic Padel\",\"description\":\"\",\"publisher\":{\"@id\":\"https:\/\/nordicpadel.com\/sv\/#organization\"},\"potentialAction\":[{\"@type\":\"SearchAction\",\"target\":{\"@type\":\"EntryPoint\",\"urlTemplate\":\"https:\/\/nordicpadel.com\/sv\/?s={search_term_string}\"},\"query-input\":\"required name=search_term_string\"}],\"inLanguage\":\"sv-SE\"},{\"@type\":\"Organization\",\"@id\":\"https:\/\/nordicpadel.com\/sv\/#organization\",\"name\":\"Nordic Padel\",\"url\":\"https:\/\/nordicpadel.com\/sv\/\",\"logo\":{\"@type\":\"ImageObject\",\"inLanguage\":\"sv-SE\",\"@id\":\"https:\/\/nordicpadel.com\/sv\/#\/schema\/logo\/image\/\",\"url\":\"https:\/\/nordicpadel.com\/sv\/wp-content\/uploads\/sites\/10\/2022\/12\/Nordic-Padel-small_1-1.png\",\"contentUrl\":\"https:\/\/nordicpadel.com\/sv\/wp-content\/uploads\/sites\/10\/2022\/12\/Nordic-Padel-small_1-1.png\",\"width\":400,\"height\":119,\"caption\":\"Nordic Padel\"},\"image\":{\"@id\":\"https:\/\/nordicpadel.com\/sv\/#\/schema\/logo\/image\/\"}}]}<\/script>\n<!-- \/ Yoast SEO plugin. -->","yoast_head_json":{"title":"Asics Solution Swift FF - Nordic Padel","robots":{"index":"index","follow":"follow","max-snippet":"max-snippet:-1","max-image-preview":"max-image-preview:large","max-video-preview":"max-video-preview:-1"},"canonical":"https:\/\/nordicpadel.com\/sv\/product\/asics-solution-swift-ff-3\/","og_locale":"sv_SE","og_type":"article","og_title":"Asics Solution Swift FF - Nordic Padel","og_description":"Asics Solution Swift FF \u00e4r en v\u00e4larbetad sko fr\u00e5n Asics med bra d\u00e4mpning b\u00e5de fram till och baktill. Skorna \u00e4r vidare f\u00f6rsedda med Flytefoam, ett l\u00e5gviktsmaterial som st\u00e5r emot tuff p\u00e5frestning och som levererar en komfortabel k\u00e4nsla i skon. Twistruss-teknologin i mellandelen av skon ger dig dessutom den stabilitet som en bra tennissko och padelsko [&hellip;]","og_url":"https:\/\/nordicpadel.com\/sv\/product\/asics-solution-swift-ff-3\/","og_site_name":"Nordic Padel","article_modified_time":"2026-02-02T21:57:41+00:00","og_image":[{"width":800,"height":800,"url":"https:\/\/nordicpadel.com\/sv\/wp-content\/uploads\/sites\/10\/2025\/11\/e5d2fccc60ceb38b8eb7d7d4012f34a5.png","type":"image\/png"}],"twitter_card":"summary_large_image","twitter_misc":{"Ber\u00e4knad l\u00e4stid":"1 minut"},"schema":{"@context":"https:\/\/schema.org","@graph":[{"@type":"WebPage","@id":"https:\/\/nordicpadel.com\/sv\/product\/asics-solution-swift-ff-3\/","url":"https:\/\/nordicpadel.com\/sv\/product\/asics-solution-swift-ff-3\/","name":"Asics Solution Swift FF - Nordic Padel","isPartOf":{"@id":"https:\/\/nordicpadel.com\/sv\/#website"},"primaryImageOfPage":{"@id":"https:\/\/nordicpadel.com\/sv\/product\/asics-solution-swift-ff-3\/#primaryimage"},"image":{"@id":"https:\/\/nordicpadel.com\/sv\/product\/asics-solution-swift-ff-3\/#primaryimage"},"thumbnailUrl":"https:\/\/nordicpadel.com\/sv\/wp-content\/uploads\/sites\/10\/2025\/11\/e5d2fccc60ceb38b8eb7d7d4012f34a5.png","datePublished":"2025-11-26T17:39:13+00:00","dateModified":"2026-02-02T21:57:41+00:00","breadcrumb":{"@id":"https:\/\/nordicpadel.com\/sv\/product\/asics-solution-swift-ff-3\/#breadcrumb"},"inLanguage":"sv-SE","potentialAction":[{"@type":"ReadAction","target":["https:\/\/nordicpadel.com\/sv\/product\/asics-solution-swift-ff-3\/"]}]},{"@type":"ImageObject","inLanguage":"sv-SE","@id":"https:\/\/nordicpadel.com\/sv\/product\/asics-solution-swift-ff-3\/#primaryimage","url":"https:\/\/nordicpadel.com\/sv\/wp-content\/uploads\/sites\/10\/2025\/11\/e5d2fccc60ceb38b8eb7d7d4012f34a5.png","contentUrl":"https:\/\/nordicpadel.com\/sv\/wp-content\/uploads\/sites\/10\/2025\/11\/e5d2fccc60ceb38b8eb7d7d4012f34a5.png","width":800,"height":800,"caption":"Asics Solution Swift FF"},{"@type":"BreadcrumbList","@id":"https:\/\/nordicpadel.com\/sv\/product\/asics-solution-swift-ff-3\/#breadcrumb","itemListElement":[{"@type":"ListItem","position":1,"name":"Hem","item":"https:\/\/nordicpadel.com\/sv\/"},{"@type":"ListItem","position":2,"name":"Shop","item":"https:\/\/nordicpadel.com\/sv\/shop\/"},{"@type":"ListItem","position":3,"name":"Asics Solution Swift FF"}]},{"@type":"WebSite","@id":"https:\/\/nordicpadel.com\/sv\/#website","url":"https:\/\/nordicpadel.com\/sv\/","name":"Nordic Padel","description":"","publisher":{"@id":"https:\/\/nordicpadel.com\/sv\/#organization"},"potentialAction":[{"@type":"SearchAction","target":{"@type":"EntryPoint","urlTemplate":"https:\/\/nordicpadel.com\/sv\/?s={search_term_string}"},"query-input":"required name=search_term_string"}],"inLanguage":"sv-SE"},{"@type":"Organization","@id":"https:\/\/nordicpadel.com\/sv\/#organization","name":"Nordic Padel","url":"https:\/\/nordicpadel.com\/sv\/","logo":{"@type":"ImageObject","inLanguage":"sv-SE","@id":"https:\/\/nordicpadel.com\/sv\/#\/schema\/logo\/image\/","url":"https:\/\/nordicpadel.com\/sv\/wp-content\/uploads\/sites\/10\/2022\/12\/Nordic-Padel-small_1-1.png","contentUrl":"https:\/\/nordicpadel.com\/sv\/wp-content\/uploads\/sites\/10\/2022\/12\/Nordic-Padel-small_1-1.png","width":400,"height":119,"caption":"Nordic Padel"},"image":{"@id":"https:\/\/nordicpadel.com\/sv\/#\/schema\/logo\/image\/"}}]}},"brands":[],"_links":{"self":[{"href":"https:\/\/nordicpadel.com\/sv\/wp-json\/wp\/v2\/product\/90808","targetHints":{"allow":["GET"]}}],"collection":[{"href":"https:\/\/nordicpadel.com\/sv\/wp-json\/wp\/v2\/product"}],"about":[{"href":"https:\/\/nordicpadel.com\/sv\/wp-json\/wp\/v2\/types\/product"}],"replies":[{"embeddable":true,"href":"https:\/\/nordicpadel.com\/sv\/wp-json\/wp\/v2\/comments?post=90808"}],"wp:featuredmedia":[{"embeddable":true,"href":"https:\/\/nordicpadel.com\/sv\/wp-json\/wp\/v2\/media\/90801"}],"wp:attachment":[{"href":"https:\/\/nordicpadel.com\/sv\/wp-json\/wp\/v2\/media?parent=90808"}],"wp:term":[{"taxonomy":"pwb-brand","embeddable":true,"href":"https:\/\/nordicpadel.com\/sv\/wp-json\/wp\/v2\/pwb-brand?post=90808"},{"taxonomy":"product_cat","embeddable":true,"href":"https:\/\/nordicpadel.com\/sv\/wp-json\/wp\/v2\/product_cat?post=90808"},{"taxonomy":"product_tag","embeddable":true,"href":"https:\/\/nordicpadel.com\/sv\/wp-json\/wp\/v2\/product_tag?post=90808"},{"taxonomy":"woo-feed-brand","embeddable":true,"href":"https:\/\/nordicpadel.com\/sv\/wp-json\/wp\/v2\/woo-feed-brand?post=90808"}],"curies":[{"name":"wp","href":"https:\/\/api.w.org\/{rel}","templated":true}]}}