{"id":90744,"date":"2025-11-26T18:38:41","date_gmt":"2025-11-26T17:38:41","guid":{"rendered":"https:\/\/nordicpadel.com\/sv\/product\/rs-rialto-pro-caye\/"},"modified":"2025-11-27T17:20:45","modified_gmt":"2025-11-27T16:20:45","slug":"rs-rialto-pro-caye","status":"publish","type":"product","link":"https:\/\/nordicpadel.com\/sv\/product\/rs-rialto-pro-caye\/","title":{"rendered":"RS Rialto Pro Caye"},"content":{"rendered":"<p>RS Rialto Pro Cayetano Rocafort \u00e4r RS mest innovativa racket hittills. Med m\u00e4ngder av nya funktioner \u00e4r detta racket perfekt f\u00f6r b\u00e5da amat\u00f6rer och avancerade, professionella, spelare.<\/p>\n<p>Racket bjuder p\u00e5 otrolig spinn d\u00e5 den \u00e4r utrustad med s\u00e5v\u00e4l ett 3D-m\u00f6nster samt RS egna grid lock-teknologi (rutm\u00f6nstret som \u00e4r n\u00e5got upph\u00f6jt fr\u00e5n rackets yta) som ger extra spinn p\u00e5 bollen. P\u00e5 sidorna av racket \u00e5terfinns RS Stabil Driver som reducerar den negativa effekt och k\u00e4nslan vid slag d\u00e4r bolltr\u00e4ffen sker utanf\u00f6r sweet spot. Den avancerade geometrin \u00e4r utvecklad av RS som ger maximal bollkontroll, f\u00f6rl\u00e5tande k\u00e4nsla i feltr\u00e4ffar och en perfekt balans av rackethuvudet.<\/p>\n<p>Tack vare RS nya h\u00e5lm\u00f6nster f\u00f6rdelas rackets egenskaper p\u00e5 en betydligt st\u00f6rre del av tr\u00e4ffytan, vilket inneb\u00e4r b\u00e4ttre kraft och k\u00e4nsla vid bolltr\u00e4ff och b\u00e5de kraften och k\u00e4nslan \u00f6kar p\u00e5 en st\u00f6rre yta \u00e4n vad ni \u00e4r vana vid fr\u00e5n traditionella <a href=\"https:\/\/nordicpadel.com\/sv\/product-category\/padelracket\/\">padelracket<\/a>ar.<\/p>\n<p>Racket har en droppform och \u00e4r medelbalanserad. Tr\u00e4ffytan best\u00e5r av 3k kolfiber, detta ackompanjeras av en Pro Eva Soft-k\u00e4rna och sammantaget ger racket en fin respons och h\u00e4rlig komfort i slagen.<\/p>\n","protected":false},"excerpt":{"rendered":"<p>RS Rialto Pro Cayetano Rocafort \u00e4r RS mest innovativa racket hittills. Med m\u00e4ngder av nya funktioner \u00e4r detta racket perfekt f\u00f6r b\u00e5da amat\u00f6rer och avancerade, professionella, spelare. Racket bjuder p\u00e5 otrolig spinn d\u00e5 den \u00e4r utrustad med s\u00e5v\u00e4l ett 3D-m\u00f6nster samt RS egna grid lock-teknologi (rutm\u00f6nstret som \u00e4r n\u00e5got upph\u00f6jt fr\u00e5n rackets yta) som ger [&hellip;]<\/p>\n","protected":false},"featured_media":90731,"comment_status":"open","ping_status":"closed","template":"","meta":[],"pwb-brand":[],"product_cat":[476],"product_tag":[],"woo-feed-brand":[],"class_list":{"0":"post-90744","1":"product","2":"type-product","3":"status-publish","4":"has-post-thumbnail","6":"product_cat-rs-padel","7":"pa_varumarke-rs-robinsoderling-2","9":"first","10":"outofstock","11":"sale","12":"taxable","13":"shipping-taxable","14":"purchasable","15":"product-type-simple"},"bundled_by":[],"bundle_stock_status":"outofstock","bundle_stock_quantity":0,"bundle_virtual":false,"bundle_layout":"","bundle_add_to_cart_form_location":"","bundle_editable_in_cart":false,"bundle_sold_individually_context":"","bundle_item_grouping":"","bundle_min_size":"","bundle_max_size":"","bundled_items":[],"bundle_sell_ids":[],"acf":[],"yoast_head":"<!-- This site is optimized with the Yoast SEO plugin v23.1 - https:\/\/yoast.com\/wordpress\/plugins\/seo\/ -->\n<title>RS Rialto Pro Caye - Nordic Padel<\/title>\n<meta name=\"robots\" content=\"index, follow, max-snippet:-1, max-image-preview:large, max-video-preview:-1\" \/>\n<link rel=\"canonical\" href=\"https:\/\/nordicpadel.com\/sv\/product\/rs-rialto-pro-caye\/\" \/>\n<meta property=\"og:locale\" content=\"sv_SE\" \/>\n<meta property=\"og:type\" content=\"article\" \/>\n<meta property=\"og:title\" content=\"RS Rialto Pro Caye - Nordic Padel\" \/>\n<meta property=\"og:description\" content=\"RS Rialto Pro Cayetano Rocafort \u00e4r RS mest innovativa racket hittills. Med m\u00e4ngder av nya funktioner \u00e4r detta racket perfekt f\u00f6r b\u00e5da amat\u00f6rer och avancerade, professionella, spelare. Racket bjuder p\u00e5 otrolig spinn d\u00e5 den \u00e4r utrustad med s\u00e5v\u00e4l ett 3D-m\u00f6nster samt RS egna grid lock-teknologi (rutm\u00f6nstret som \u00e4r n\u00e5got upph\u00f6jt fr\u00e5n rackets yta) som ger [&hellip;]\" \/>\n<meta property=\"og:url\" content=\"https:\/\/nordicpadel.com\/sv\/product\/rs-rialto-pro-caye\/\" \/>\n<meta property=\"og:site_name\" content=\"Nordic Padel\" \/>\n<meta property=\"article:modified_time\" content=\"2025-11-27T16:20:45+00:00\" \/>\n<meta property=\"og:image\" content=\"https:\/\/nordicpadel.com\/sv\/wp-content\/uploads\/sites\/10\/2025\/11\/14f34309d18cce21e307a5eb3f971a6a.png\" \/>\n\t<meta property=\"og:image:width\" content=\"800\" \/>\n\t<meta property=\"og:image:height\" content=\"800\" \/>\n\t<meta property=\"og:image:type\" content=\"image\/png\" \/>\n<meta name=\"twitter:card\" content=\"summary_large_image\" \/>\n<meta name=\"twitter:label1\" content=\"Ber\u00e4knad l\u00e4stid\" \/>\n\t<meta name=\"twitter:data1\" content=\"1 minut\" \/>\n<script type=\"application\/ld+json\" class=\"yoast-schema-graph\">{\"@context\":\"https:\/\/schema.org\",\"@graph\":[{\"@type\":\"WebPage\",\"@id\":\"https:\/\/nordicpadel.com\/sv\/product\/rs-rialto-pro-caye\/\",\"url\":\"https:\/\/nordicpadel.com\/sv\/product\/rs-rialto-pro-caye\/\",\"name\":\"RS Rialto Pro Caye - Nordic Padel\",\"isPartOf\":{\"@id\":\"https:\/\/nordicpadel.com\/sv\/#website\"},\"primaryImageOfPage\":{\"@id\":\"https:\/\/nordicpadel.com\/sv\/product\/rs-rialto-pro-caye\/#primaryimage\"},\"image\":{\"@id\":\"https:\/\/nordicpadel.com\/sv\/product\/rs-rialto-pro-caye\/#primaryimage\"},\"thumbnailUrl\":\"https:\/\/nordicpadel.com\/sv\/wp-content\/uploads\/sites\/10\/2025\/11\/14f34309d18cce21e307a5eb3f971a6a.png\",\"datePublished\":\"2025-11-26T17:38:41+00:00\",\"dateModified\":\"2025-11-27T16:20:45+00:00\",\"breadcrumb\":{\"@id\":\"https:\/\/nordicpadel.com\/sv\/product\/rs-rialto-pro-caye\/#breadcrumb\"},\"inLanguage\":\"sv-SE\",\"potentialAction\":[{\"@type\":\"ReadAction\",\"target\":[\"https:\/\/nordicpadel.com\/sv\/product\/rs-rialto-pro-caye\/\"]}]},{\"@type\":\"ImageObject\",\"inLanguage\":\"sv-SE\",\"@id\":\"https:\/\/nordicpadel.com\/sv\/product\/rs-rialto-pro-caye\/#primaryimage\",\"url\":\"https:\/\/nordicpadel.com\/sv\/wp-content\/uploads\/sites\/10\/2025\/11\/14f34309d18cce21e307a5eb3f971a6a.png\",\"contentUrl\":\"https:\/\/nordicpadel.com\/sv\/wp-content\/uploads\/sites\/10\/2025\/11\/14f34309d18cce21e307a5eb3f971a6a.png\",\"width\":800,\"height\":800,\"caption\":\"RS Rialto Pro Caye\"},{\"@type\":\"BreadcrumbList\",\"@id\":\"https:\/\/nordicpadel.com\/sv\/product\/rs-rialto-pro-caye\/#breadcrumb\",\"itemListElement\":[{\"@type\":\"ListItem\",\"position\":1,\"name\":\"Hem\",\"item\":\"https:\/\/nordicpadel.com\/sv\/\"},{\"@type\":\"ListItem\",\"position\":2,\"name\":\"Shop\",\"item\":\"https:\/\/nordicpadel.com\/sv\/shop\/\"},{\"@type\":\"ListItem\",\"position\":3,\"name\":\"RS Rialto Pro Caye\"}]},{\"@type\":\"WebSite\",\"@id\":\"https:\/\/nordicpadel.com\/sv\/#website\",\"url\":\"https:\/\/nordicpadel.com\/sv\/\",\"name\":\"Nordic Padel\",\"description\":\"\",\"publisher\":{\"@id\":\"https:\/\/nordicpadel.com\/sv\/#organization\"},\"potentialAction\":[{\"@type\":\"SearchAction\",\"target\":{\"@type\":\"EntryPoint\",\"urlTemplate\":\"https:\/\/nordicpadel.com\/sv\/?s={search_term_string}\"},\"query-input\":\"required name=search_term_string\"}],\"inLanguage\":\"sv-SE\"},{\"@type\":\"Organization\",\"@id\":\"https:\/\/nordicpadel.com\/sv\/#organization\",\"name\":\"Nordic Padel\",\"url\":\"https:\/\/nordicpadel.com\/sv\/\",\"logo\":{\"@type\":\"ImageObject\",\"inLanguage\":\"sv-SE\",\"@id\":\"https:\/\/nordicpadel.com\/sv\/#\/schema\/logo\/image\/\",\"url\":\"https:\/\/nordicpadel.com\/sv\/wp-content\/uploads\/sites\/10\/2022\/12\/Nordic-Padel-small_1-1.png\",\"contentUrl\":\"https:\/\/nordicpadel.com\/sv\/wp-content\/uploads\/sites\/10\/2022\/12\/Nordic-Padel-small_1-1.png\",\"width\":400,\"height\":119,\"caption\":\"Nordic Padel\"},\"image\":{\"@id\":\"https:\/\/nordicpadel.com\/sv\/#\/schema\/logo\/image\/\"}}]}<\/script>\n<!-- \/ Yoast SEO plugin. -->","yoast_head_json":{"title":"RS Rialto Pro Caye - Nordic Padel","robots":{"index":"index","follow":"follow","max-snippet":"max-snippet:-1","max-image-preview":"max-image-preview:large","max-video-preview":"max-video-preview:-1"},"canonical":"https:\/\/nordicpadel.com\/sv\/product\/rs-rialto-pro-caye\/","og_locale":"sv_SE","og_type":"article","og_title":"RS Rialto Pro Caye - Nordic Padel","og_description":"RS Rialto Pro Cayetano Rocafort \u00e4r RS mest innovativa racket hittills. Med m\u00e4ngder av nya funktioner \u00e4r detta racket perfekt f\u00f6r b\u00e5da amat\u00f6rer och avancerade, professionella, spelare. Racket bjuder p\u00e5 otrolig spinn d\u00e5 den \u00e4r utrustad med s\u00e5v\u00e4l ett 3D-m\u00f6nster samt RS egna grid lock-teknologi (rutm\u00f6nstret som \u00e4r n\u00e5got upph\u00f6jt fr\u00e5n rackets yta) som ger [&hellip;]","og_url":"https:\/\/nordicpadel.com\/sv\/product\/rs-rialto-pro-caye\/","og_site_name":"Nordic Padel","article_modified_time":"2025-11-27T16:20:45+00:00","og_image":[{"width":800,"height":800,"url":"https:\/\/nordicpadel.com\/sv\/wp-content\/uploads\/sites\/10\/2025\/11\/14f34309d18cce21e307a5eb3f971a6a.png","type":"image\/png"}],"twitter_card":"summary_large_image","twitter_misc":{"Ber\u00e4knad l\u00e4stid":"1 minut"},"schema":{"@context":"https:\/\/schema.org","@graph":[{"@type":"WebPage","@id":"https:\/\/nordicpadel.com\/sv\/product\/rs-rialto-pro-caye\/","url":"https:\/\/nordicpadel.com\/sv\/product\/rs-rialto-pro-caye\/","name":"RS Rialto Pro Caye - Nordic Padel","isPartOf":{"@id":"https:\/\/nordicpadel.com\/sv\/#website"},"primaryImageOfPage":{"@id":"https:\/\/nordicpadel.com\/sv\/product\/rs-rialto-pro-caye\/#primaryimage"},"image":{"@id":"https:\/\/nordicpadel.com\/sv\/product\/rs-rialto-pro-caye\/#primaryimage"},"thumbnailUrl":"https:\/\/nordicpadel.com\/sv\/wp-content\/uploads\/sites\/10\/2025\/11\/14f34309d18cce21e307a5eb3f971a6a.png","datePublished":"2025-11-26T17:38:41+00:00","dateModified":"2025-11-27T16:20:45+00:00","breadcrumb":{"@id":"https:\/\/nordicpadel.com\/sv\/product\/rs-rialto-pro-caye\/#breadcrumb"},"inLanguage":"sv-SE","potentialAction":[{"@type":"ReadAction","target":["https:\/\/nordicpadel.com\/sv\/product\/rs-rialto-pro-caye\/"]}]},{"@type":"ImageObject","inLanguage":"sv-SE","@id":"https:\/\/nordicpadel.com\/sv\/product\/rs-rialto-pro-caye\/#primaryimage","url":"https:\/\/nordicpadel.com\/sv\/wp-content\/uploads\/sites\/10\/2025\/11\/14f34309d18cce21e307a5eb3f971a6a.png","contentUrl":"https:\/\/nordicpadel.com\/sv\/wp-content\/uploads\/sites\/10\/2025\/11\/14f34309d18cce21e307a5eb3f971a6a.png","width":800,"height":800,"caption":"RS Rialto Pro Caye"},{"@type":"BreadcrumbList","@id":"https:\/\/nordicpadel.com\/sv\/product\/rs-rialto-pro-caye\/#breadcrumb","itemListElement":[{"@type":"ListItem","position":1,"name":"Hem","item":"https:\/\/nordicpadel.com\/sv\/"},{"@type":"ListItem","position":2,"name":"Shop","item":"https:\/\/nordicpadel.com\/sv\/shop\/"},{"@type":"ListItem","position":3,"name":"RS Rialto Pro Caye"}]},{"@type":"WebSite","@id":"https:\/\/nordicpadel.com\/sv\/#website","url":"https:\/\/nordicpadel.com\/sv\/","name":"Nordic Padel","description":"","publisher":{"@id":"https:\/\/nordicpadel.com\/sv\/#organization"},"potentialAction":[{"@type":"SearchAction","target":{"@type":"EntryPoint","urlTemplate":"https:\/\/nordicpadel.com\/sv\/?s={search_term_string}"},"query-input":"required name=search_term_string"}],"inLanguage":"sv-SE"},{"@type":"Organization","@id":"https:\/\/nordicpadel.com\/sv\/#organization","name":"Nordic Padel","url":"https:\/\/nordicpadel.com\/sv\/","logo":{"@type":"ImageObject","inLanguage":"sv-SE","@id":"https:\/\/nordicpadel.com\/sv\/#\/schema\/logo\/image\/","url":"https:\/\/nordicpadel.com\/sv\/wp-content\/uploads\/sites\/10\/2022\/12\/Nordic-Padel-small_1-1.png","contentUrl":"https:\/\/nordicpadel.com\/sv\/wp-content\/uploads\/sites\/10\/2022\/12\/Nordic-Padel-small_1-1.png","width":400,"height":119,"caption":"Nordic Padel"},"image":{"@id":"https:\/\/nordicpadel.com\/sv\/#\/schema\/logo\/image\/"}}]}},"brands":[],"_links":{"self":[{"href":"https:\/\/nordicpadel.com\/sv\/wp-json\/wp\/v2\/product\/90744","targetHints":{"allow":["GET"]}}],"collection":[{"href":"https:\/\/nordicpadel.com\/sv\/wp-json\/wp\/v2\/product"}],"about":[{"href":"https:\/\/nordicpadel.com\/sv\/wp-json\/wp\/v2\/types\/product"}],"replies":[{"embeddable":true,"href":"https:\/\/nordicpadel.com\/sv\/wp-json\/wp\/v2\/comments?post=90744"}],"wp:featuredmedia":[{"embeddable":true,"href":"https:\/\/nordicpadel.com\/sv\/wp-json\/wp\/v2\/media\/90731"}],"wp:attachment":[{"href":"https:\/\/nordicpadel.com\/sv\/wp-json\/wp\/v2\/media?parent=90744"}],"wp:term":[{"taxonomy":"pwb-brand","embeddable":true,"href":"https:\/\/nordicpadel.com\/sv\/wp-json\/wp\/v2\/pwb-brand?post=90744"},{"taxonomy":"product_cat","embeddable":true,"href":"https:\/\/nordicpadel.com\/sv\/wp-json\/wp\/v2\/product_cat?post=90744"},{"taxonomy":"product_tag","embeddable":true,"href":"https:\/\/nordicpadel.com\/sv\/wp-json\/wp\/v2\/product_tag?post=90744"},{"taxonomy":"woo-feed-brand","embeddable":true,"href":"https:\/\/nordicpadel.com\/sv\/wp-json\/wp\/v2\/woo-feed-brand?post=90744"}],"curies":[{"name":"wp","href":"https:\/\/api.w.org\/{rel}","templated":true}]}}