{"id":90698,"date":"2025-11-26T18:38:16","date_gmt":"2025-11-26T17:38:16","guid":{"rendered":"https:\/\/nordicpadel.com\/sv\/product\/adidas-club-stretch-shorts\/"},"modified":"2026-03-09T01:08:41","modified_gmt":"2026-03-09T00:08:41","slug":"adidas-club-stretch-shorts","status":"publish","type":"product","link":"https:\/\/nordicpadel.com\/sv\/product\/adidas-club-stretch-shorts\/","title":{"rendered":"Adidas Club Stretch Shorts"},"content":{"rendered":"<p>Klubbstil med en modern twist. De h\u00e4r tennisshortsen fr\u00e5n Adidas ger dig en bekv\u00e4m k\u00e4nsla p\u00e5 planen tack vare en stretchig konstruktion, fuktabsorberande AEROREADY och en justerbar midja. Det mjuka och v\u00e4vda tyget best\u00e5r av \u00e5tervunnet Primegreen-material, som en del av Adidas arbete f\u00f6r att f\u00e5 ett slut p\u00e5 plastavfall. En l\u00e4ngre inners\u00f6m ger b\u00e4ttre skydd.<\/p>\n<p>Den h\u00e4r produkten \u00e4r gjord med Primegreen, en serie med mycket funktionella, \u00e5tervunna material.<\/p>\n<p>Shortsen har fickor p\u00e5 vardera sida, perfekta att f\u00f6rvara bollar i. L\u00e4ngd: 7&#8243;.<\/p>\n","protected":false},"excerpt":{"rendered":"<p>Klubbstil med en modern twist. De h\u00e4r tennisshortsen fr\u00e5n Adidas ger dig en bekv\u00e4m k\u00e4nsla p\u00e5 planen tack vare en stretchig konstruktion, fuktabsorberande AEROREADY och en justerbar midja. Det mjuka och v\u00e4vda tyget best\u00e5r av \u00e5tervunnet Primegreen-material, som en del av Adidas arbete f\u00f6r att f\u00e5 ett slut p\u00e5 plastavfall. En l\u00e4ngre inners\u00f6m ger b\u00e4ttre [&hellip;]<\/p>\n","protected":false},"featured_media":90693,"comment_status":"open","ping_status":"closed","template":"","meta":[],"pwb-brand":[],"product_cat":[458],"product_tag":[],"woo-feed-brand":[],"class_list":{"0":"post-90698","1":"product","2":"type-product","3":"status-publish","4":"has-post-thumbnail","6":"product_cat-adidas","7":"pa_varumarke-adidas","9":"first","10":"outofstock","11":"taxable","12":"shipping-taxable","13":"purchasable","14":"product-type-variable"},"bundled_by":[],"bundle_stock_status":"outofstock","bundle_stock_quantity":0,"bundle_virtual":false,"bundle_layout":"","bundle_add_to_cart_form_location":"","bundle_editable_in_cart":false,"bundle_sold_individually_context":"","bundle_item_grouping":"","bundle_min_size":"","bundle_max_size":"","bundled_items":[],"bundle_sell_ids":[],"acf":[],"yoast_head":"<!-- This site is optimized with the Yoast SEO plugin v23.1 - https:\/\/yoast.com\/wordpress\/plugins\/seo\/ -->\n<title>Adidas Club Stretch Shorts - Nordic Padel<\/title>\n<meta name=\"robots\" content=\"index, follow, max-snippet:-1, max-image-preview:large, max-video-preview:-1\" \/>\n<link rel=\"canonical\" href=\"https:\/\/nordicpadel.com\/sv\/product\/adidas-club-stretch-shorts\/\" \/>\n<meta property=\"og:locale\" content=\"sv_SE\" \/>\n<meta property=\"og:type\" content=\"article\" \/>\n<meta property=\"og:title\" content=\"Adidas Club Stretch Shorts - Nordic Padel\" \/>\n<meta property=\"og:description\" content=\"Klubbstil med en modern twist. De h\u00e4r tennisshortsen fr\u00e5n Adidas ger dig en bekv\u00e4m k\u00e4nsla p\u00e5 planen tack vare en stretchig konstruktion, fuktabsorberande AEROREADY och en justerbar midja. Det mjuka och v\u00e4vda tyget best\u00e5r av \u00e5tervunnet Primegreen-material, som en del av Adidas arbete f\u00f6r att f\u00e5 ett slut p\u00e5 plastavfall. En l\u00e4ngre inners\u00f6m ger b\u00e4ttre [&hellip;]\" \/>\n<meta property=\"og:url\" content=\"https:\/\/nordicpadel.com\/sv\/product\/adidas-club-stretch-shorts\/\" \/>\n<meta property=\"og:site_name\" content=\"Nordic Padel\" \/>\n<meta property=\"article:modified_time\" content=\"2026-03-09T00:08:41+00:00\" \/>\n<meta property=\"og:image\" content=\"https:\/\/nordicpadel.com\/sv\/wp-content\/uploads\/sites\/10\/2025\/11\/b2b12c0d4287e187d71d122fa8bbcd23.png\" \/>\n\t<meta property=\"og:image:width\" content=\"800\" \/>\n\t<meta property=\"og:image:height\" content=\"800\" \/>\n\t<meta property=\"og:image:type\" content=\"image\/png\" \/>\n<meta name=\"twitter:card\" content=\"summary_large_image\" \/>\n<script type=\"application\/ld+json\" class=\"yoast-schema-graph\">{\"@context\":\"https:\/\/schema.org\",\"@graph\":[{\"@type\":\"WebPage\",\"@id\":\"https:\/\/nordicpadel.com\/sv\/product\/adidas-club-stretch-shorts\/\",\"url\":\"https:\/\/nordicpadel.com\/sv\/product\/adidas-club-stretch-shorts\/\",\"name\":\"Adidas Club Stretch Shorts - Nordic Padel\",\"isPartOf\":{\"@id\":\"https:\/\/nordicpadel.com\/sv\/#website\"},\"primaryImageOfPage\":{\"@id\":\"https:\/\/nordicpadel.com\/sv\/product\/adidas-club-stretch-shorts\/#primaryimage\"},\"image\":{\"@id\":\"https:\/\/nordicpadel.com\/sv\/product\/adidas-club-stretch-shorts\/#primaryimage\"},\"thumbnailUrl\":\"https:\/\/nordicpadel.com\/sv\/wp-content\/uploads\/sites\/10\/2025\/11\/b2b12c0d4287e187d71d122fa8bbcd23.png\",\"datePublished\":\"2025-11-26T17:38:16+00:00\",\"dateModified\":\"2026-03-09T00:08:41+00:00\",\"breadcrumb\":{\"@id\":\"https:\/\/nordicpadel.com\/sv\/product\/adidas-club-stretch-shorts\/#breadcrumb\"},\"inLanguage\":\"sv-SE\",\"potentialAction\":[{\"@type\":\"ReadAction\",\"target\":[\"https:\/\/nordicpadel.com\/sv\/product\/adidas-club-stretch-shorts\/\"]}]},{\"@type\":\"ImageObject\",\"inLanguage\":\"sv-SE\",\"@id\":\"https:\/\/nordicpadel.com\/sv\/product\/adidas-club-stretch-shorts\/#primaryimage\",\"url\":\"https:\/\/nordicpadel.com\/sv\/wp-content\/uploads\/sites\/10\/2025\/11\/b2b12c0d4287e187d71d122fa8bbcd23.png\",\"contentUrl\":\"https:\/\/nordicpadel.com\/sv\/wp-content\/uploads\/sites\/10\/2025\/11\/b2b12c0d4287e187d71d122fa8bbcd23.png\",\"width\":800,\"height\":800,\"caption\":\"Adidas Club Stretch Shorts\"},{\"@type\":\"BreadcrumbList\",\"@id\":\"https:\/\/nordicpadel.com\/sv\/product\/adidas-club-stretch-shorts\/#breadcrumb\",\"itemListElement\":[{\"@type\":\"ListItem\",\"position\":1,\"name\":\"Hem\",\"item\":\"https:\/\/nordicpadel.com\/sv\/\"},{\"@type\":\"ListItem\",\"position\":2,\"name\":\"Shop\",\"item\":\"https:\/\/nordicpadel.com\/sv\/shop\/\"},{\"@type\":\"ListItem\",\"position\":3,\"name\":\"Adidas Club Stretch Shorts\"}]},{\"@type\":\"WebSite\",\"@id\":\"https:\/\/nordicpadel.com\/sv\/#website\",\"url\":\"https:\/\/nordicpadel.com\/sv\/\",\"name\":\"Nordic Padel\",\"description\":\"\",\"publisher\":{\"@id\":\"https:\/\/nordicpadel.com\/sv\/#organization\"},\"potentialAction\":[{\"@type\":\"SearchAction\",\"target\":{\"@type\":\"EntryPoint\",\"urlTemplate\":\"https:\/\/nordicpadel.com\/sv\/?s={search_term_string}\"},\"query-input\":\"required name=search_term_string\"}],\"inLanguage\":\"sv-SE\"},{\"@type\":\"Organization\",\"@id\":\"https:\/\/nordicpadel.com\/sv\/#organization\",\"name\":\"Nordic Padel\",\"url\":\"https:\/\/nordicpadel.com\/sv\/\",\"logo\":{\"@type\":\"ImageObject\",\"inLanguage\":\"sv-SE\",\"@id\":\"https:\/\/nordicpadel.com\/sv\/#\/schema\/logo\/image\/\",\"url\":\"https:\/\/nordicpadel.com\/sv\/wp-content\/uploads\/sites\/10\/2022\/12\/Nordic-Padel-small_1-1.png\",\"contentUrl\":\"https:\/\/nordicpadel.com\/sv\/wp-content\/uploads\/sites\/10\/2022\/12\/Nordic-Padel-small_1-1.png\",\"width\":400,\"height\":119,\"caption\":\"Nordic Padel\"},\"image\":{\"@id\":\"https:\/\/nordicpadel.com\/sv\/#\/schema\/logo\/image\/\"}}]}<\/script>\n<!-- \/ Yoast SEO plugin. -->","yoast_head_json":{"title":"Adidas Club Stretch Shorts - Nordic Padel","robots":{"index":"index","follow":"follow","max-snippet":"max-snippet:-1","max-image-preview":"max-image-preview:large","max-video-preview":"max-video-preview:-1"},"canonical":"https:\/\/nordicpadel.com\/sv\/product\/adidas-club-stretch-shorts\/","og_locale":"sv_SE","og_type":"article","og_title":"Adidas Club Stretch Shorts - Nordic Padel","og_description":"Klubbstil med en modern twist. De h\u00e4r tennisshortsen fr\u00e5n Adidas ger dig en bekv\u00e4m k\u00e4nsla p\u00e5 planen tack vare en stretchig konstruktion, fuktabsorberande AEROREADY och en justerbar midja. Det mjuka och v\u00e4vda tyget best\u00e5r av \u00e5tervunnet Primegreen-material, som en del av Adidas arbete f\u00f6r att f\u00e5 ett slut p\u00e5 plastavfall. En l\u00e4ngre inners\u00f6m ger b\u00e4ttre [&hellip;]","og_url":"https:\/\/nordicpadel.com\/sv\/product\/adidas-club-stretch-shorts\/","og_site_name":"Nordic Padel","article_modified_time":"2026-03-09T00:08:41+00:00","og_image":[{"width":800,"height":800,"url":"https:\/\/nordicpadel.com\/sv\/wp-content\/uploads\/sites\/10\/2025\/11\/b2b12c0d4287e187d71d122fa8bbcd23.png","type":"image\/png"}],"twitter_card":"summary_large_image","schema":{"@context":"https:\/\/schema.org","@graph":[{"@type":"WebPage","@id":"https:\/\/nordicpadel.com\/sv\/product\/adidas-club-stretch-shorts\/","url":"https:\/\/nordicpadel.com\/sv\/product\/adidas-club-stretch-shorts\/","name":"Adidas Club Stretch Shorts - Nordic Padel","isPartOf":{"@id":"https:\/\/nordicpadel.com\/sv\/#website"},"primaryImageOfPage":{"@id":"https:\/\/nordicpadel.com\/sv\/product\/adidas-club-stretch-shorts\/#primaryimage"},"image":{"@id":"https:\/\/nordicpadel.com\/sv\/product\/adidas-club-stretch-shorts\/#primaryimage"},"thumbnailUrl":"https:\/\/nordicpadel.com\/sv\/wp-content\/uploads\/sites\/10\/2025\/11\/b2b12c0d4287e187d71d122fa8bbcd23.png","datePublished":"2025-11-26T17:38:16+00:00","dateModified":"2026-03-09T00:08:41+00:00","breadcrumb":{"@id":"https:\/\/nordicpadel.com\/sv\/product\/adidas-club-stretch-shorts\/#breadcrumb"},"inLanguage":"sv-SE","potentialAction":[{"@type":"ReadAction","target":["https:\/\/nordicpadel.com\/sv\/product\/adidas-club-stretch-shorts\/"]}]},{"@type":"ImageObject","inLanguage":"sv-SE","@id":"https:\/\/nordicpadel.com\/sv\/product\/adidas-club-stretch-shorts\/#primaryimage","url":"https:\/\/nordicpadel.com\/sv\/wp-content\/uploads\/sites\/10\/2025\/11\/b2b12c0d4287e187d71d122fa8bbcd23.png","contentUrl":"https:\/\/nordicpadel.com\/sv\/wp-content\/uploads\/sites\/10\/2025\/11\/b2b12c0d4287e187d71d122fa8bbcd23.png","width":800,"height":800,"caption":"Adidas Club Stretch Shorts"},{"@type":"BreadcrumbList","@id":"https:\/\/nordicpadel.com\/sv\/product\/adidas-club-stretch-shorts\/#breadcrumb","itemListElement":[{"@type":"ListItem","position":1,"name":"Hem","item":"https:\/\/nordicpadel.com\/sv\/"},{"@type":"ListItem","position":2,"name":"Shop","item":"https:\/\/nordicpadel.com\/sv\/shop\/"},{"@type":"ListItem","position":3,"name":"Adidas Club Stretch Shorts"}]},{"@type":"WebSite","@id":"https:\/\/nordicpadel.com\/sv\/#website","url":"https:\/\/nordicpadel.com\/sv\/","name":"Nordic Padel","description":"","publisher":{"@id":"https:\/\/nordicpadel.com\/sv\/#organization"},"potentialAction":[{"@type":"SearchAction","target":{"@type":"EntryPoint","urlTemplate":"https:\/\/nordicpadel.com\/sv\/?s={search_term_string}"},"query-input":"required name=search_term_string"}],"inLanguage":"sv-SE"},{"@type":"Organization","@id":"https:\/\/nordicpadel.com\/sv\/#organization","name":"Nordic Padel","url":"https:\/\/nordicpadel.com\/sv\/","logo":{"@type":"ImageObject","inLanguage":"sv-SE","@id":"https:\/\/nordicpadel.com\/sv\/#\/schema\/logo\/image\/","url":"https:\/\/nordicpadel.com\/sv\/wp-content\/uploads\/sites\/10\/2022\/12\/Nordic-Padel-small_1-1.png","contentUrl":"https:\/\/nordicpadel.com\/sv\/wp-content\/uploads\/sites\/10\/2022\/12\/Nordic-Padel-small_1-1.png","width":400,"height":119,"caption":"Nordic Padel"},"image":{"@id":"https:\/\/nordicpadel.com\/sv\/#\/schema\/logo\/image\/"}}]}},"brands":[],"_links":{"self":[{"href":"https:\/\/nordicpadel.com\/sv\/wp-json\/wp\/v2\/product\/90698","targetHints":{"allow":["GET"]}}],"collection":[{"href":"https:\/\/nordicpadel.com\/sv\/wp-json\/wp\/v2\/product"}],"about":[{"href":"https:\/\/nordicpadel.com\/sv\/wp-json\/wp\/v2\/types\/product"}],"replies":[{"embeddable":true,"href":"https:\/\/nordicpadel.com\/sv\/wp-json\/wp\/v2\/comments?post=90698"}],"wp:featuredmedia":[{"embeddable":true,"href":"https:\/\/nordicpadel.com\/sv\/wp-json\/wp\/v2\/media\/90693"}],"wp:attachment":[{"href":"https:\/\/nordicpadel.com\/sv\/wp-json\/wp\/v2\/media?parent=90698"}],"wp:term":[{"taxonomy":"pwb-brand","embeddable":true,"href":"https:\/\/nordicpadel.com\/sv\/wp-json\/wp\/v2\/pwb-brand?post=90698"},{"taxonomy":"product_cat","embeddable":true,"href":"https:\/\/nordicpadel.com\/sv\/wp-json\/wp\/v2\/product_cat?post=90698"},{"taxonomy":"product_tag","embeddable":true,"href":"https:\/\/nordicpadel.com\/sv\/wp-json\/wp\/v2\/product_tag?post=90698"},{"taxonomy":"woo-feed-brand","embeddable":true,"href":"https:\/\/nordicpadel.com\/sv\/wp-json\/wp\/v2\/woo-feed-brand?post=90698"}],"curies":[{"name":"wp","href":"https:\/\/api.w.org\/{rel}","templated":true}]}}