{"id":90690,"date":"2025-11-26T18:38:12","date_gmt":"2025-11-26T17:38:12","guid":{"rendered":"https:\/\/nordicpadel.com\/sv\/product\/bullpadel-vertex-03-bag\/"},"modified":"2025-11-27T17:17:49","modified_gmt":"2025-11-27T16:17:49","slug":"bullpadel-vertex-03-bag","status":"publish","type":"product","link":"https:\/\/nordicpadel.com\/sv\/product\/bullpadel-vertex-03-bag\/","title":{"rendered":"Bullpadel Vertex 03 Bag"},"content":{"rendered":"<p><span id=\"isPasted\" style=\"font-family: sans-serif;font-size: 14px;font-style: normal;font-weight: 400;letter-spacing: normal;text-align: left;text-indent: 0px;text-transform: none;display: inline !important;float: none\"><a href=\"https:\/\/nordicpadel.com\/sv\/product-category\/padelvaska\/\">padelv\u00e4ska<\/a> fr\u00e5n Bullpadel med separata sidofack f\u00f6r racketar p\u00e5 vardera sida av v\u00e4skan. Stort huvudfack samt ett separat skofack ger smidig f\u00f6rvaring \u00e5t kl\u00e4der, skor, tillbeh\u00f6r och annat. Axelremmarna g\u00f6r att v\u00e4skan som f\u00f6rdel b\u00e4rs som en ryggs\u00e4ck.<\/span><\/p>\n","protected":false},"excerpt":{"rendered":"<p>padelv\u00e4ska fr\u00e5n Bullpadel med separata sidofack f\u00f6r racketar p\u00e5 vardera sida av v\u00e4skan. Stort huvudfack samt ett separat skofack ger smidig f\u00f6rvaring \u00e5t kl\u00e4der, skor, tillbeh\u00f6r och annat. Axelremmarna g\u00f6r att v\u00e4skan som f\u00f6rdel b\u00e4rs som en ryggs\u00e4ck.<\/p>\n","protected":false},"featured_media":90682,"comment_status":"open","ping_status":"closed","template":"","meta":[],"pwb-brand":[],"product_cat":[457],"product_tag":[],"woo-feed-brand":[],"class_list":{"0":"post-90690","1":"product","2":"type-product","3":"status-publish","4":"has-post-thumbnail","6":"product_cat-bullpadel","7":"pa_varumarke-bullpadel","9":"first","10":"outofstock","11":"sale","12":"taxable","13":"shipping-taxable","14":"purchasable","15":"product-type-simple"},"bundled_by":[],"bundle_stock_status":"outofstock","bundle_stock_quantity":0,"bundle_virtual":false,"bundle_layout":"","bundle_add_to_cart_form_location":"","bundle_editable_in_cart":false,"bundle_sold_individually_context":"","bundle_item_grouping":"","bundle_min_size":"","bundle_max_size":"","bundled_items":[],"bundle_sell_ids":[],"acf":[],"yoast_head":"<!-- This site is optimized with the Yoast SEO plugin v23.1 - https:\/\/yoast.com\/wordpress\/plugins\/seo\/ -->\n<title>Bullpadel Vertex 03 Bag - Nordic Padel<\/title>\n<meta name=\"robots\" content=\"index, follow, max-snippet:-1, max-image-preview:large, max-video-preview:-1\" \/>\n<link rel=\"canonical\" href=\"https:\/\/nordicpadel.com\/sv\/product\/bullpadel-vertex-03-bag\/\" \/>\n<meta property=\"og:locale\" content=\"sv_SE\" \/>\n<meta property=\"og:type\" content=\"article\" \/>\n<meta property=\"og:title\" content=\"Bullpadel Vertex 03 Bag - Nordic Padel\" \/>\n<meta property=\"og:description\" content=\"padelv\u00e4ska fr\u00e5n Bullpadel med separata sidofack f\u00f6r racketar p\u00e5 vardera sida av v\u00e4skan. Stort huvudfack samt ett separat skofack ger smidig f\u00f6rvaring \u00e5t kl\u00e4der, skor, tillbeh\u00f6r och annat. Axelremmarna g\u00f6r att v\u00e4skan som f\u00f6rdel b\u00e4rs som en ryggs\u00e4ck.\" \/>\n<meta property=\"og:url\" content=\"https:\/\/nordicpadel.com\/sv\/product\/bullpadel-vertex-03-bag\/\" \/>\n<meta property=\"og:site_name\" content=\"Nordic Padel\" \/>\n<meta property=\"article:modified_time\" content=\"2025-11-27T16:17:49+00:00\" \/>\n<meta property=\"og:image\" content=\"https:\/\/nordicpadel.com\/sv\/wp-content\/uploads\/sites\/10\/2025\/11\/153f7b30ad97dcc5899caefbd18cf4ec.png\" \/>\n\t<meta property=\"og:image:width\" content=\"800\" \/>\n\t<meta property=\"og:image:height\" content=\"800\" \/>\n\t<meta property=\"og:image:type\" content=\"image\/png\" \/>\n<meta name=\"twitter:card\" content=\"summary_large_image\" \/>\n<script type=\"application\/ld+json\" class=\"yoast-schema-graph\">{\"@context\":\"https:\/\/schema.org\",\"@graph\":[{\"@type\":\"WebPage\",\"@id\":\"https:\/\/nordicpadel.com\/sv\/product\/bullpadel-vertex-03-bag\/\",\"url\":\"https:\/\/nordicpadel.com\/sv\/product\/bullpadel-vertex-03-bag\/\",\"name\":\"Bullpadel Vertex 03 Bag - Nordic Padel\",\"isPartOf\":{\"@id\":\"https:\/\/nordicpadel.com\/sv\/#website\"},\"primaryImageOfPage\":{\"@id\":\"https:\/\/nordicpadel.com\/sv\/product\/bullpadel-vertex-03-bag\/#primaryimage\"},\"image\":{\"@id\":\"https:\/\/nordicpadel.com\/sv\/product\/bullpadel-vertex-03-bag\/#primaryimage\"},\"thumbnailUrl\":\"https:\/\/nordicpadel.com\/sv\/wp-content\/uploads\/sites\/10\/2025\/11\/153f7b30ad97dcc5899caefbd18cf4ec.png\",\"datePublished\":\"2025-11-26T17:38:12+00:00\",\"dateModified\":\"2025-11-27T16:17:49+00:00\",\"breadcrumb\":{\"@id\":\"https:\/\/nordicpadel.com\/sv\/product\/bullpadel-vertex-03-bag\/#breadcrumb\"},\"inLanguage\":\"sv-SE\",\"potentialAction\":[{\"@type\":\"ReadAction\",\"target\":[\"https:\/\/nordicpadel.com\/sv\/product\/bullpadel-vertex-03-bag\/\"]}]},{\"@type\":\"ImageObject\",\"inLanguage\":\"sv-SE\",\"@id\":\"https:\/\/nordicpadel.com\/sv\/product\/bullpadel-vertex-03-bag\/#primaryimage\",\"url\":\"https:\/\/nordicpadel.com\/sv\/wp-content\/uploads\/sites\/10\/2025\/11\/153f7b30ad97dcc5899caefbd18cf4ec.png\",\"contentUrl\":\"https:\/\/nordicpadel.com\/sv\/wp-content\/uploads\/sites\/10\/2025\/11\/153f7b30ad97dcc5899caefbd18cf4ec.png\",\"width\":800,\"height\":800,\"caption\":\"Bullpadel Vertex 03 Bag\"},{\"@type\":\"BreadcrumbList\",\"@id\":\"https:\/\/nordicpadel.com\/sv\/product\/bullpadel-vertex-03-bag\/#breadcrumb\",\"itemListElement\":[{\"@type\":\"ListItem\",\"position\":1,\"name\":\"Hem\",\"item\":\"https:\/\/nordicpadel.com\/sv\/\"},{\"@type\":\"ListItem\",\"position\":2,\"name\":\"Shop\",\"item\":\"https:\/\/nordicpadel.com\/sv\/shop\/\"},{\"@type\":\"ListItem\",\"position\":3,\"name\":\"Bullpadel Vertex 03 Bag\"}]},{\"@type\":\"WebSite\",\"@id\":\"https:\/\/nordicpadel.com\/sv\/#website\",\"url\":\"https:\/\/nordicpadel.com\/sv\/\",\"name\":\"Nordic Padel\",\"description\":\"\",\"publisher\":{\"@id\":\"https:\/\/nordicpadel.com\/sv\/#organization\"},\"potentialAction\":[{\"@type\":\"SearchAction\",\"target\":{\"@type\":\"EntryPoint\",\"urlTemplate\":\"https:\/\/nordicpadel.com\/sv\/?s={search_term_string}\"},\"query-input\":\"required name=search_term_string\"}],\"inLanguage\":\"sv-SE\"},{\"@type\":\"Organization\",\"@id\":\"https:\/\/nordicpadel.com\/sv\/#organization\",\"name\":\"Nordic Padel\",\"url\":\"https:\/\/nordicpadel.com\/sv\/\",\"logo\":{\"@type\":\"ImageObject\",\"inLanguage\":\"sv-SE\",\"@id\":\"https:\/\/nordicpadel.com\/sv\/#\/schema\/logo\/image\/\",\"url\":\"https:\/\/nordicpadel.com\/sv\/wp-content\/uploads\/sites\/10\/2022\/12\/Nordic-Padel-small_1-1.png\",\"contentUrl\":\"https:\/\/nordicpadel.com\/sv\/wp-content\/uploads\/sites\/10\/2022\/12\/Nordic-Padel-small_1-1.png\",\"width\":400,\"height\":119,\"caption\":\"Nordic Padel\"},\"image\":{\"@id\":\"https:\/\/nordicpadel.com\/sv\/#\/schema\/logo\/image\/\"}}]}<\/script>\n<!-- \/ Yoast SEO plugin. -->","yoast_head_json":{"title":"Bullpadel Vertex 03 Bag - Nordic Padel","robots":{"index":"index","follow":"follow","max-snippet":"max-snippet:-1","max-image-preview":"max-image-preview:large","max-video-preview":"max-video-preview:-1"},"canonical":"https:\/\/nordicpadel.com\/sv\/product\/bullpadel-vertex-03-bag\/","og_locale":"sv_SE","og_type":"article","og_title":"Bullpadel Vertex 03 Bag - Nordic Padel","og_description":"padelv\u00e4ska fr\u00e5n Bullpadel med separata sidofack f\u00f6r racketar p\u00e5 vardera sida av v\u00e4skan. Stort huvudfack samt ett separat skofack ger smidig f\u00f6rvaring \u00e5t kl\u00e4der, skor, tillbeh\u00f6r och annat. Axelremmarna g\u00f6r att v\u00e4skan som f\u00f6rdel b\u00e4rs som en ryggs\u00e4ck.","og_url":"https:\/\/nordicpadel.com\/sv\/product\/bullpadel-vertex-03-bag\/","og_site_name":"Nordic Padel","article_modified_time":"2025-11-27T16:17:49+00:00","og_image":[{"width":800,"height":800,"url":"https:\/\/nordicpadel.com\/sv\/wp-content\/uploads\/sites\/10\/2025\/11\/153f7b30ad97dcc5899caefbd18cf4ec.png","type":"image\/png"}],"twitter_card":"summary_large_image","schema":{"@context":"https:\/\/schema.org","@graph":[{"@type":"WebPage","@id":"https:\/\/nordicpadel.com\/sv\/product\/bullpadel-vertex-03-bag\/","url":"https:\/\/nordicpadel.com\/sv\/product\/bullpadel-vertex-03-bag\/","name":"Bullpadel Vertex 03 Bag - Nordic Padel","isPartOf":{"@id":"https:\/\/nordicpadel.com\/sv\/#website"},"primaryImageOfPage":{"@id":"https:\/\/nordicpadel.com\/sv\/product\/bullpadel-vertex-03-bag\/#primaryimage"},"image":{"@id":"https:\/\/nordicpadel.com\/sv\/product\/bullpadel-vertex-03-bag\/#primaryimage"},"thumbnailUrl":"https:\/\/nordicpadel.com\/sv\/wp-content\/uploads\/sites\/10\/2025\/11\/153f7b30ad97dcc5899caefbd18cf4ec.png","datePublished":"2025-11-26T17:38:12+00:00","dateModified":"2025-11-27T16:17:49+00:00","breadcrumb":{"@id":"https:\/\/nordicpadel.com\/sv\/product\/bullpadel-vertex-03-bag\/#breadcrumb"},"inLanguage":"sv-SE","potentialAction":[{"@type":"ReadAction","target":["https:\/\/nordicpadel.com\/sv\/product\/bullpadel-vertex-03-bag\/"]}]},{"@type":"ImageObject","inLanguage":"sv-SE","@id":"https:\/\/nordicpadel.com\/sv\/product\/bullpadel-vertex-03-bag\/#primaryimage","url":"https:\/\/nordicpadel.com\/sv\/wp-content\/uploads\/sites\/10\/2025\/11\/153f7b30ad97dcc5899caefbd18cf4ec.png","contentUrl":"https:\/\/nordicpadel.com\/sv\/wp-content\/uploads\/sites\/10\/2025\/11\/153f7b30ad97dcc5899caefbd18cf4ec.png","width":800,"height":800,"caption":"Bullpadel Vertex 03 Bag"},{"@type":"BreadcrumbList","@id":"https:\/\/nordicpadel.com\/sv\/product\/bullpadel-vertex-03-bag\/#breadcrumb","itemListElement":[{"@type":"ListItem","position":1,"name":"Hem","item":"https:\/\/nordicpadel.com\/sv\/"},{"@type":"ListItem","position":2,"name":"Shop","item":"https:\/\/nordicpadel.com\/sv\/shop\/"},{"@type":"ListItem","position":3,"name":"Bullpadel Vertex 03 Bag"}]},{"@type":"WebSite","@id":"https:\/\/nordicpadel.com\/sv\/#website","url":"https:\/\/nordicpadel.com\/sv\/","name":"Nordic Padel","description":"","publisher":{"@id":"https:\/\/nordicpadel.com\/sv\/#organization"},"potentialAction":[{"@type":"SearchAction","target":{"@type":"EntryPoint","urlTemplate":"https:\/\/nordicpadel.com\/sv\/?s={search_term_string}"},"query-input":"required name=search_term_string"}],"inLanguage":"sv-SE"},{"@type":"Organization","@id":"https:\/\/nordicpadel.com\/sv\/#organization","name":"Nordic Padel","url":"https:\/\/nordicpadel.com\/sv\/","logo":{"@type":"ImageObject","inLanguage":"sv-SE","@id":"https:\/\/nordicpadel.com\/sv\/#\/schema\/logo\/image\/","url":"https:\/\/nordicpadel.com\/sv\/wp-content\/uploads\/sites\/10\/2022\/12\/Nordic-Padel-small_1-1.png","contentUrl":"https:\/\/nordicpadel.com\/sv\/wp-content\/uploads\/sites\/10\/2022\/12\/Nordic-Padel-small_1-1.png","width":400,"height":119,"caption":"Nordic Padel"},"image":{"@id":"https:\/\/nordicpadel.com\/sv\/#\/schema\/logo\/image\/"}}]}},"brands":[],"_links":{"self":[{"href":"https:\/\/nordicpadel.com\/sv\/wp-json\/wp\/v2\/product\/90690","targetHints":{"allow":["GET"]}}],"collection":[{"href":"https:\/\/nordicpadel.com\/sv\/wp-json\/wp\/v2\/product"}],"about":[{"href":"https:\/\/nordicpadel.com\/sv\/wp-json\/wp\/v2\/types\/product"}],"replies":[{"embeddable":true,"href":"https:\/\/nordicpadel.com\/sv\/wp-json\/wp\/v2\/comments?post=90690"}],"wp:featuredmedia":[{"embeddable":true,"href":"https:\/\/nordicpadel.com\/sv\/wp-json\/wp\/v2\/media\/90682"}],"wp:attachment":[{"href":"https:\/\/nordicpadel.com\/sv\/wp-json\/wp\/v2\/media?parent=90690"}],"wp:term":[{"taxonomy":"pwb-brand","embeddable":true,"href":"https:\/\/nordicpadel.com\/sv\/wp-json\/wp\/v2\/pwb-brand?post=90690"},{"taxonomy":"product_cat","embeddable":true,"href":"https:\/\/nordicpadel.com\/sv\/wp-json\/wp\/v2\/product_cat?post=90690"},{"taxonomy":"product_tag","embeddable":true,"href":"https:\/\/nordicpadel.com\/sv\/wp-json\/wp\/v2\/product_tag?post=90690"},{"taxonomy":"woo-feed-brand","embeddable":true,"href":"https:\/\/nordicpadel.com\/sv\/wp-json\/wp\/v2\/woo-feed-brand?post=90690"}],"curies":[{"name":"wp","href":"https:\/\/api.w.org\/{rel}","templated":true}]}}