{"id":90633,"date":"2025-11-26T18:37:39","date_gmt":"2025-11-26T17:37:39","guid":{"rendered":"https:\/\/nordicpadel.com\/sv\/product\/starvie-basalto-osiris-pro-2-0\/"},"modified":"2025-11-26T22:21:35","modified_gmt":"2025-11-26T21:21:35","slug":"starvie-basalto-osiris-pro-2-0","status":"publish","type":"product","link":"https:\/\/nordicpadel.com\/sv\/product\/starvie-basalto-osiris-pro-2-0\/","title":{"rendered":"StarVie Basalto Osiris Pro 2.0"},"content":{"rendered":"<p>StarVie Basalto Osiris Pro 2.0 \u00e4r den styvare och mer sv\u00e5rspelade av de tv\u00e5 Basalto-varianterna. Racket \u00e4r droppformat och har en h\u00f6g balans. Detta medf\u00f6r att sweet spot \u00e5terfinns n\u00e5got h\u00f6gre upp i rackets tr\u00e4ffyta samt att det ger fin fart i overhead-spelet.<br id=\"isPasted\"><br \/>Signumet f\u00f6r modellen \u00e4r mixen av Basalt och 3k kolfiber som \u00e5terfinns i s\u00e5v\u00e4l ram som tr\u00e4ffyta och som ger racket en fantastisk h\u00e5llbarhet. Tr\u00e4ffytan har dessutom en r\u00e4fflad struktur som greppar tag i bollen och genererar mer spin.<\/p>\n<p>Till skillnad fr\u00e5n sin tvilling har detta racket en h\u00e5rdare k\u00e4rna, vilket g\u00f6r racket mindre f\u00f6rl\u00e5tande vid feltr\u00e4ffar, men som ocks\u00e5 bel\u00f6nar dig med en mer explosiv bollflykt och en mer responsiv k\u00e4nsla i slagen. S\u00e5ledes kan du b\u00e4ttre utnyttja din kraft i de offensiva slagen.<\/p>\n","protected":false},"excerpt":{"rendered":"<p>StarVie Basalto Osiris Pro 2.0 \u00e4r den styvare och mer sv\u00e5rspelade av de tv\u00e5 Basalto-varianterna. Racket \u00e4r droppformat och har en h\u00f6g balans. Detta medf\u00f6r att sweet spot \u00e5terfinns n\u00e5got h\u00f6gre upp i rackets tr\u00e4ffyta samt att det ger fin fart i overhead-spelet.Signumet f\u00f6r modellen \u00e4r mixen av Basalt och 3k kolfiber som \u00e5terfinns i [&hellip;]<\/p>\n","protected":false},"featured_media":90620,"comment_status":"open","ping_status":"closed","template":"","meta":[],"pwb-brand":[],"product_cat":[16],"product_tag":[],"woo-feed-brand":[],"class_list":{"0":"post-90633","1":"product","2":"type-product","3":"status-publish","4":"has-post-thumbnail","6":"product_cat-padelracket","7":"pa_varumarke-starvie","9":"first","10":"outofstock","11":"taxable","12":"shipping-taxable","13":"purchasable","14":"product-type-simple"},"bundled_by":[],"bundle_stock_status":"outofstock","bundle_stock_quantity":0,"bundle_virtual":false,"bundle_layout":"","bundle_add_to_cart_form_location":"","bundle_editable_in_cart":false,"bundle_sold_individually_context":"","bundle_item_grouping":"","bundle_min_size":"","bundle_max_size":"","bundled_items":[],"bundle_sell_ids":[],"acf":[],"yoast_head":"<!-- This site is optimized with the Yoast SEO plugin v23.1 - https:\/\/yoast.com\/wordpress\/plugins\/seo\/ -->\n<title>StarVie Basalto Osiris Pro 2.0 - Nordic Padel<\/title>\n<meta name=\"robots\" content=\"index, follow, max-snippet:-1, max-image-preview:large, max-video-preview:-1\" \/>\n<link rel=\"canonical\" href=\"https:\/\/nordicpadel.com\/sv\/product\/starvie-basalto-osiris-pro-2-0\/\" \/>\n<meta property=\"og:locale\" content=\"sv_SE\" \/>\n<meta property=\"og:type\" content=\"article\" \/>\n<meta property=\"og:title\" content=\"StarVie Basalto Osiris Pro 2.0 - Nordic Padel\" \/>\n<meta property=\"og:description\" content=\"StarVie Basalto Osiris Pro 2.0 \u00e4r den styvare och mer sv\u00e5rspelade av de tv\u00e5 Basalto-varianterna. Racket \u00e4r droppformat och har en h\u00f6g balans. Detta medf\u00f6r att sweet spot \u00e5terfinns n\u00e5got h\u00f6gre upp i rackets tr\u00e4ffyta samt att det ger fin fart i overhead-spelet.Signumet f\u00f6r modellen \u00e4r mixen av Basalt och 3k kolfiber som \u00e5terfinns i [&hellip;]\" \/>\n<meta property=\"og:url\" content=\"https:\/\/nordicpadel.com\/sv\/product\/starvie-basalto-osiris-pro-2-0\/\" \/>\n<meta property=\"og:site_name\" content=\"Nordic Padel\" \/>\n<meta property=\"article:modified_time\" content=\"2025-11-26T21:21:35+00:00\" \/>\n<meta property=\"og:image\" content=\"https:\/\/nordicpadel.com\/sv\/wp-content\/uploads\/sites\/10\/2025\/11\/bd8c7e9b55a88a48c97913bf50c28794.png\" \/>\n\t<meta property=\"og:image:width\" content=\"800\" \/>\n\t<meta property=\"og:image:height\" content=\"800\" \/>\n\t<meta property=\"og:image:type\" content=\"image\/png\" \/>\n<meta name=\"twitter:card\" content=\"summary_large_image\" \/>\n<meta name=\"twitter:label1\" content=\"Ber\u00e4knad l\u00e4stid\" \/>\n\t<meta name=\"twitter:data1\" content=\"1 minut\" \/>\n<script type=\"application\/ld+json\" class=\"yoast-schema-graph\">{\"@context\":\"https:\/\/schema.org\",\"@graph\":[{\"@type\":\"WebPage\",\"@id\":\"https:\/\/nordicpadel.com\/sv\/product\/starvie-basalto-osiris-pro-2-0\/\",\"url\":\"https:\/\/nordicpadel.com\/sv\/product\/starvie-basalto-osiris-pro-2-0\/\",\"name\":\"StarVie Basalto Osiris Pro 2.0 - Nordic Padel\",\"isPartOf\":{\"@id\":\"https:\/\/nordicpadel.com\/sv\/#website\"},\"primaryImageOfPage\":{\"@id\":\"https:\/\/nordicpadel.com\/sv\/product\/starvie-basalto-osiris-pro-2-0\/#primaryimage\"},\"image\":{\"@id\":\"https:\/\/nordicpadel.com\/sv\/product\/starvie-basalto-osiris-pro-2-0\/#primaryimage\"},\"thumbnailUrl\":\"https:\/\/nordicpadel.com\/sv\/wp-content\/uploads\/sites\/10\/2025\/11\/bd8c7e9b55a88a48c97913bf50c28794.png\",\"datePublished\":\"2025-11-26T17:37:39+00:00\",\"dateModified\":\"2025-11-26T21:21:35+00:00\",\"breadcrumb\":{\"@id\":\"https:\/\/nordicpadel.com\/sv\/product\/starvie-basalto-osiris-pro-2-0\/#breadcrumb\"},\"inLanguage\":\"sv-SE\",\"potentialAction\":[{\"@type\":\"ReadAction\",\"target\":[\"https:\/\/nordicpadel.com\/sv\/product\/starvie-basalto-osiris-pro-2-0\/\"]}]},{\"@type\":\"ImageObject\",\"inLanguage\":\"sv-SE\",\"@id\":\"https:\/\/nordicpadel.com\/sv\/product\/starvie-basalto-osiris-pro-2-0\/#primaryimage\",\"url\":\"https:\/\/nordicpadel.com\/sv\/wp-content\/uploads\/sites\/10\/2025\/11\/bd8c7e9b55a88a48c97913bf50c28794.png\",\"contentUrl\":\"https:\/\/nordicpadel.com\/sv\/wp-content\/uploads\/sites\/10\/2025\/11\/bd8c7e9b55a88a48c97913bf50c28794.png\",\"width\":800,\"height\":800,\"caption\":\"StarVie Basalto Osiris Pro 2.0\"},{\"@type\":\"BreadcrumbList\",\"@id\":\"https:\/\/nordicpadel.com\/sv\/product\/starvie-basalto-osiris-pro-2-0\/#breadcrumb\",\"itemListElement\":[{\"@type\":\"ListItem\",\"position\":1,\"name\":\"Hem\",\"item\":\"https:\/\/nordicpadel.com\/sv\/\"},{\"@type\":\"ListItem\",\"position\":2,\"name\":\"Shop\",\"item\":\"https:\/\/nordicpadel.com\/sv\/shop\/\"},{\"@type\":\"ListItem\",\"position\":3,\"name\":\"StarVie Basalto Osiris Pro 2.0\"}]},{\"@type\":\"WebSite\",\"@id\":\"https:\/\/nordicpadel.com\/sv\/#website\",\"url\":\"https:\/\/nordicpadel.com\/sv\/\",\"name\":\"Nordic Padel\",\"description\":\"\",\"publisher\":{\"@id\":\"https:\/\/nordicpadel.com\/sv\/#organization\"},\"potentialAction\":[{\"@type\":\"SearchAction\",\"target\":{\"@type\":\"EntryPoint\",\"urlTemplate\":\"https:\/\/nordicpadel.com\/sv\/?s={search_term_string}\"},\"query-input\":\"required name=search_term_string\"}],\"inLanguage\":\"sv-SE\"},{\"@type\":\"Organization\",\"@id\":\"https:\/\/nordicpadel.com\/sv\/#organization\",\"name\":\"Nordic Padel\",\"url\":\"https:\/\/nordicpadel.com\/sv\/\",\"logo\":{\"@type\":\"ImageObject\",\"inLanguage\":\"sv-SE\",\"@id\":\"https:\/\/nordicpadel.com\/sv\/#\/schema\/logo\/image\/\",\"url\":\"https:\/\/nordicpadel.com\/sv\/wp-content\/uploads\/sites\/10\/2022\/12\/Nordic-Padel-small_1-1.png\",\"contentUrl\":\"https:\/\/nordicpadel.com\/sv\/wp-content\/uploads\/sites\/10\/2022\/12\/Nordic-Padel-small_1-1.png\",\"width\":400,\"height\":119,\"caption\":\"Nordic Padel\"},\"image\":{\"@id\":\"https:\/\/nordicpadel.com\/sv\/#\/schema\/logo\/image\/\"}}]}<\/script>\n<!-- \/ Yoast SEO plugin. -->","yoast_head_json":{"title":"StarVie Basalto Osiris Pro 2.0 - Nordic Padel","robots":{"index":"index","follow":"follow","max-snippet":"max-snippet:-1","max-image-preview":"max-image-preview:large","max-video-preview":"max-video-preview:-1"},"canonical":"https:\/\/nordicpadel.com\/sv\/product\/starvie-basalto-osiris-pro-2-0\/","og_locale":"sv_SE","og_type":"article","og_title":"StarVie Basalto Osiris Pro 2.0 - Nordic Padel","og_description":"StarVie Basalto Osiris Pro 2.0 \u00e4r den styvare och mer sv\u00e5rspelade av de tv\u00e5 Basalto-varianterna. Racket \u00e4r droppformat och har en h\u00f6g balans. Detta medf\u00f6r att sweet spot \u00e5terfinns n\u00e5got h\u00f6gre upp i rackets tr\u00e4ffyta samt att det ger fin fart i overhead-spelet.Signumet f\u00f6r modellen \u00e4r mixen av Basalt och 3k kolfiber som \u00e5terfinns i [&hellip;]","og_url":"https:\/\/nordicpadel.com\/sv\/product\/starvie-basalto-osiris-pro-2-0\/","og_site_name":"Nordic Padel","article_modified_time":"2025-11-26T21:21:35+00:00","og_image":[{"width":800,"height":800,"url":"https:\/\/nordicpadel.com\/sv\/wp-content\/uploads\/sites\/10\/2025\/11\/bd8c7e9b55a88a48c97913bf50c28794.png","type":"image\/png"}],"twitter_card":"summary_large_image","twitter_misc":{"Ber\u00e4knad l\u00e4stid":"1 minut"},"schema":{"@context":"https:\/\/schema.org","@graph":[{"@type":"WebPage","@id":"https:\/\/nordicpadel.com\/sv\/product\/starvie-basalto-osiris-pro-2-0\/","url":"https:\/\/nordicpadel.com\/sv\/product\/starvie-basalto-osiris-pro-2-0\/","name":"StarVie Basalto Osiris Pro 2.0 - Nordic Padel","isPartOf":{"@id":"https:\/\/nordicpadel.com\/sv\/#website"},"primaryImageOfPage":{"@id":"https:\/\/nordicpadel.com\/sv\/product\/starvie-basalto-osiris-pro-2-0\/#primaryimage"},"image":{"@id":"https:\/\/nordicpadel.com\/sv\/product\/starvie-basalto-osiris-pro-2-0\/#primaryimage"},"thumbnailUrl":"https:\/\/nordicpadel.com\/sv\/wp-content\/uploads\/sites\/10\/2025\/11\/bd8c7e9b55a88a48c97913bf50c28794.png","datePublished":"2025-11-26T17:37:39+00:00","dateModified":"2025-11-26T21:21:35+00:00","breadcrumb":{"@id":"https:\/\/nordicpadel.com\/sv\/product\/starvie-basalto-osiris-pro-2-0\/#breadcrumb"},"inLanguage":"sv-SE","potentialAction":[{"@type":"ReadAction","target":["https:\/\/nordicpadel.com\/sv\/product\/starvie-basalto-osiris-pro-2-0\/"]}]},{"@type":"ImageObject","inLanguage":"sv-SE","@id":"https:\/\/nordicpadel.com\/sv\/product\/starvie-basalto-osiris-pro-2-0\/#primaryimage","url":"https:\/\/nordicpadel.com\/sv\/wp-content\/uploads\/sites\/10\/2025\/11\/bd8c7e9b55a88a48c97913bf50c28794.png","contentUrl":"https:\/\/nordicpadel.com\/sv\/wp-content\/uploads\/sites\/10\/2025\/11\/bd8c7e9b55a88a48c97913bf50c28794.png","width":800,"height":800,"caption":"StarVie Basalto Osiris Pro 2.0"},{"@type":"BreadcrumbList","@id":"https:\/\/nordicpadel.com\/sv\/product\/starvie-basalto-osiris-pro-2-0\/#breadcrumb","itemListElement":[{"@type":"ListItem","position":1,"name":"Hem","item":"https:\/\/nordicpadel.com\/sv\/"},{"@type":"ListItem","position":2,"name":"Shop","item":"https:\/\/nordicpadel.com\/sv\/shop\/"},{"@type":"ListItem","position":3,"name":"StarVie Basalto Osiris Pro 2.0"}]},{"@type":"WebSite","@id":"https:\/\/nordicpadel.com\/sv\/#website","url":"https:\/\/nordicpadel.com\/sv\/","name":"Nordic Padel","description":"","publisher":{"@id":"https:\/\/nordicpadel.com\/sv\/#organization"},"potentialAction":[{"@type":"SearchAction","target":{"@type":"EntryPoint","urlTemplate":"https:\/\/nordicpadel.com\/sv\/?s={search_term_string}"},"query-input":"required name=search_term_string"}],"inLanguage":"sv-SE"},{"@type":"Organization","@id":"https:\/\/nordicpadel.com\/sv\/#organization","name":"Nordic Padel","url":"https:\/\/nordicpadel.com\/sv\/","logo":{"@type":"ImageObject","inLanguage":"sv-SE","@id":"https:\/\/nordicpadel.com\/sv\/#\/schema\/logo\/image\/","url":"https:\/\/nordicpadel.com\/sv\/wp-content\/uploads\/sites\/10\/2022\/12\/Nordic-Padel-small_1-1.png","contentUrl":"https:\/\/nordicpadel.com\/sv\/wp-content\/uploads\/sites\/10\/2022\/12\/Nordic-Padel-small_1-1.png","width":400,"height":119,"caption":"Nordic Padel"},"image":{"@id":"https:\/\/nordicpadel.com\/sv\/#\/schema\/logo\/image\/"}}]}},"brands":[],"_links":{"self":[{"href":"https:\/\/nordicpadel.com\/sv\/wp-json\/wp\/v2\/product\/90633","targetHints":{"allow":["GET"]}}],"collection":[{"href":"https:\/\/nordicpadel.com\/sv\/wp-json\/wp\/v2\/product"}],"about":[{"href":"https:\/\/nordicpadel.com\/sv\/wp-json\/wp\/v2\/types\/product"}],"replies":[{"embeddable":true,"href":"https:\/\/nordicpadel.com\/sv\/wp-json\/wp\/v2\/comments?post=90633"}],"wp:featuredmedia":[{"embeddable":true,"href":"https:\/\/nordicpadel.com\/sv\/wp-json\/wp\/v2\/media\/90620"}],"wp:attachment":[{"href":"https:\/\/nordicpadel.com\/sv\/wp-json\/wp\/v2\/media?parent=90633"}],"wp:term":[{"taxonomy":"pwb-brand","embeddable":true,"href":"https:\/\/nordicpadel.com\/sv\/wp-json\/wp\/v2\/pwb-brand?post=90633"},{"taxonomy":"product_cat","embeddable":true,"href":"https:\/\/nordicpadel.com\/sv\/wp-json\/wp\/v2\/product_cat?post=90633"},{"taxonomy":"product_tag","embeddable":true,"href":"https:\/\/nordicpadel.com\/sv\/wp-json\/wp\/v2\/product_tag?post=90633"},{"taxonomy":"woo-feed-brand","embeddable":true,"href":"https:\/\/nordicpadel.com\/sv\/wp-json\/wp\/v2\/woo-feed-brand?post=90633"}],"curies":[{"name":"wp","href":"https:\/\/api.w.org\/{rel}","templated":true}]}}