{"id":90622,"date":"2025-11-26T18:37:33","date_gmt":"2025-11-26T17:37:33","guid":{"rendered":"https:\/\/nordicpadel.com\/sv\/product\/starvie-triton-pro-2-0\/"},"modified":"2025-11-26T19:35:50","modified_gmt":"2025-11-26T18:35:50","slug":"starvie-triton-pro-2-0","status":"publish","type":"product","link":"https:\/\/nordicpadel.com\/sv\/product\/starvie-triton-pro-2-0\/","title":{"rendered":"StarVie Triton Pro 2.0"},"content":{"rendered":"<p>StarVie Triton Pro 2.0 \u00e4r ett droppformat <a href=\"https:\/\/nordicpadel.com\/sv\/product-category\/padelracket\/\">padelracket<\/a> med en h\u00f6g balans. Tr\u00e4ffytan best\u00e5r av ett dubbelt lager 3k kolfiber som ger fin respons i bolltr\u00e4ffen. Tr\u00e4ffytan \u00e4r dessutom utrustad med en r\u00e4fflad struktur som greppar tag om bollen och genererar extra spin. K\u00e4rnan har en medelh\u00f6g densitet och ger racket en otroligt solid k\u00e4nsla.&nbsp;<\/p>\n<p>Responsen i bolltr\u00e4ffen upplevs v\u00e4ldigt direkt och racket riktar sig till dig som vill utnyttja dina offensiva kvaliteter p\u00e5 banan.&nbsp;<\/p>\n<p>Racket har \u00e4ven ett f\u00f6rl\u00e4ngt handtag som \u00e4r 1cm l\u00e4ngre \u00e4n standard.<\/p>\n<p>Notera att racket har en tvilling &#8211; StarVie Triton Speed 2.0 &#8211; som har en mjukare k\u00e4rna och s\u00e5ledes blir en mer f\u00f6rl\u00e5tande variant av racket.<\/p>\n","protected":false},"excerpt":{"rendered":"<p>StarVie Triton Pro 2.0 \u00e4r ett droppformat padelracket med en h\u00f6g balans. Tr\u00e4ffytan best\u00e5r av ett dubbelt lager 3k kolfiber som ger fin respons i bolltr\u00e4ffen. Tr\u00e4ffytan \u00e4r dessutom utrustad med en r\u00e4fflad struktur som greppar tag om bollen och genererar extra spin. K\u00e4rnan har en medelh\u00f6g densitet och ger racket en otroligt solid k\u00e4nsla.&nbsp; [&hellip;]<\/p>\n","protected":false},"featured_media":90605,"comment_status":"open","ping_status":"closed","template":"","meta":[],"pwb-brand":[],"product_cat":[16],"product_tag":[],"woo-feed-brand":[],"class_list":{"0":"post-90622","1":"product","2":"type-product","3":"status-publish","4":"has-post-thumbnail","6":"product_cat-padelracket","7":"pa_varumarke-starvie","9":"first","10":"outofstock","11":"taxable","12":"shipping-taxable","13":"purchasable","14":"product-type-simple"},"bundled_by":[],"bundle_stock_status":"outofstock","bundle_stock_quantity":0,"bundle_virtual":false,"bundle_layout":"","bundle_add_to_cart_form_location":"","bundle_editable_in_cart":false,"bundle_sold_individually_context":"","bundle_item_grouping":"","bundle_min_size":"","bundle_max_size":"","bundled_items":[],"bundle_sell_ids":[],"acf":[],"yoast_head":"<!-- This site is optimized with the Yoast SEO plugin v23.1 - https:\/\/yoast.com\/wordpress\/plugins\/seo\/ -->\n<title>StarVie Triton Pro 2.0 - Nordic Padel<\/title>\n<meta name=\"robots\" content=\"index, follow, max-snippet:-1, max-image-preview:large, max-video-preview:-1\" \/>\n<link rel=\"canonical\" href=\"https:\/\/nordicpadel.com\/sv\/product\/starvie-triton-pro-2-0\/\" \/>\n<meta property=\"og:locale\" content=\"sv_SE\" \/>\n<meta property=\"og:type\" content=\"article\" \/>\n<meta property=\"og:title\" content=\"StarVie Triton Pro 2.0 - Nordic Padel\" \/>\n<meta property=\"og:description\" content=\"StarVie Triton Pro 2.0 \u00e4r ett droppformat padelracket med en h\u00f6g balans. Tr\u00e4ffytan best\u00e5r av ett dubbelt lager 3k kolfiber som ger fin respons i bolltr\u00e4ffen. Tr\u00e4ffytan \u00e4r dessutom utrustad med en r\u00e4fflad struktur som greppar tag om bollen och genererar extra spin. K\u00e4rnan har en medelh\u00f6g densitet och ger racket en otroligt solid k\u00e4nsla.&nbsp; [&hellip;]\" \/>\n<meta property=\"og:url\" content=\"https:\/\/nordicpadel.com\/sv\/product\/starvie-triton-pro-2-0\/\" \/>\n<meta property=\"og:site_name\" content=\"Nordic Padel\" \/>\n<meta property=\"article:modified_time\" content=\"2025-11-26T18:35:50+00:00\" \/>\n<meta property=\"og:image\" content=\"https:\/\/nordicpadel.com\/sv\/wp-content\/uploads\/sites\/10\/2025\/11\/9765e3427ddb0e78090b2c4a8288f30c.png\" \/>\n\t<meta property=\"og:image:width\" content=\"800\" \/>\n\t<meta property=\"og:image:height\" content=\"800\" \/>\n\t<meta property=\"og:image:type\" content=\"image\/png\" \/>\n<meta name=\"twitter:card\" content=\"summary_large_image\" \/>\n<meta name=\"twitter:label1\" content=\"Ber\u00e4knad l\u00e4stid\" \/>\n\t<meta name=\"twitter:data1\" content=\"1 minut\" \/>\n<script type=\"application\/ld+json\" class=\"yoast-schema-graph\">{\"@context\":\"https:\/\/schema.org\",\"@graph\":[{\"@type\":\"WebPage\",\"@id\":\"https:\/\/nordicpadel.com\/sv\/product\/starvie-triton-pro-2-0\/\",\"url\":\"https:\/\/nordicpadel.com\/sv\/product\/starvie-triton-pro-2-0\/\",\"name\":\"StarVie Triton Pro 2.0 - Nordic Padel\",\"isPartOf\":{\"@id\":\"https:\/\/nordicpadel.com\/sv\/#website\"},\"primaryImageOfPage\":{\"@id\":\"https:\/\/nordicpadel.com\/sv\/product\/starvie-triton-pro-2-0\/#primaryimage\"},\"image\":{\"@id\":\"https:\/\/nordicpadel.com\/sv\/product\/starvie-triton-pro-2-0\/#primaryimage\"},\"thumbnailUrl\":\"https:\/\/nordicpadel.com\/sv\/wp-content\/uploads\/sites\/10\/2025\/11\/9765e3427ddb0e78090b2c4a8288f30c.png\",\"datePublished\":\"2025-11-26T17:37:33+00:00\",\"dateModified\":\"2025-11-26T18:35:50+00:00\",\"breadcrumb\":{\"@id\":\"https:\/\/nordicpadel.com\/sv\/product\/starvie-triton-pro-2-0\/#breadcrumb\"},\"inLanguage\":\"sv-SE\",\"potentialAction\":[{\"@type\":\"ReadAction\",\"target\":[\"https:\/\/nordicpadel.com\/sv\/product\/starvie-triton-pro-2-0\/\"]}]},{\"@type\":\"ImageObject\",\"inLanguage\":\"sv-SE\",\"@id\":\"https:\/\/nordicpadel.com\/sv\/product\/starvie-triton-pro-2-0\/#primaryimage\",\"url\":\"https:\/\/nordicpadel.com\/sv\/wp-content\/uploads\/sites\/10\/2025\/11\/9765e3427ddb0e78090b2c4a8288f30c.png\",\"contentUrl\":\"https:\/\/nordicpadel.com\/sv\/wp-content\/uploads\/sites\/10\/2025\/11\/9765e3427ddb0e78090b2c4a8288f30c.png\",\"width\":800,\"height\":800,\"caption\":\"StarVie Triton Pro 2.0\"},{\"@type\":\"BreadcrumbList\",\"@id\":\"https:\/\/nordicpadel.com\/sv\/product\/starvie-triton-pro-2-0\/#breadcrumb\",\"itemListElement\":[{\"@type\":\"ListItem\",\"position\":1,\"name\":\"Hem\",\"item\":\"https:\/\/nordicpadel.com\/sv\/\"},{\"@type\":\"ListItem\",\"position\":2,\"name\":\"Shop\",\"item\":\"https:\/\/nordicpadel.com\/sv\/shop\/\"},{\"@type\":\"ListItem\",\"position\":3,\"name\":\"StarVie Triton Pro 2.0\"}]},{\"@type\":\"WebSite\",\"@id\":\"https:\/\/nordicpadel.com\/sv\/#website\",\"url\":\"https:\/\/nordicpadel.com\/sv\/\",\"name\":\"Nordic Padel\",\"description\":\"\",\"publisher\":{\"@id\":\"https:\/\/nordicpadel.com\/sv\/#organization\"},\"potentialAction\":[{\"@type\":\"SearchAction\",\"target\":{\"@type\":\"EntryPoint\",\"urlTemplate\":\"https:\/\/nordicpadel.com\/sv\/?s={search_term_string}\"},\"query-input\":\"required name=search_term_string\"}],\"inLanguage\":\"sv-SE\"},{\"@type\":\"Organization\",\"@id\":\"https:\/\/nordicpadel.com\/sv\/#organization\",\"name\":\"Nordic Padel\",\"url\":\"https:\/\/nordicpadel.com\/sv\/\",\"logo\":{\"@type\":\"ImageObject\",\"inLanguage\":\"sv-SE\",\"@id\":\"https:\/\/nordicpadel.com\/sv\/#\/schema\/logo\/image\/\",\"url\":\"https:\/\/nordicpadel.com\/sv\/wp-content\/uploads\/sites\/10\/2022\/12\/Nordic-Padel-small_1-1.png\",\"contentUrl\":\"https:\/\/nordicpadel.com\/sv\/wp-content\/uploads\/sites\/10\/2022\/12\/Nordic-Padel-small_1-1.png\",\"width\":400,\"height\":119,\"caption\":\"Nordic Padel\"},\"image\":{\"@id\":\"https:\/\/nordicpadel.com\/sv\/#\/schema\/logo\/image\/\"}}]}<\/script>\n<!-- \/ Yoast SEO plugin. -->","yoast_head_json":{"title":"StarVie Triton Pro 2.0 - Nordic Padel","robots":{"index":"index","follow":"follow","max-snippet":"max-snippet:-1","max-image-preview":"max-image-preview:large","max-video-preview":"max-video-preview:-1"},"canonical":"https:\/\/nordicpadel.com\/sv\/product\/starvie-triton-pro-2-0\/","og_locale":"sv_SE","og_type":"article","og_title":"StarVie Triton Pro 2.0 - Nordic Padel","og_description":"StarVie Triton Pro 2.0 \u00e4r ett droppformat padelracket med en h\u00f6g balans. Tr\u00e4ffytan best\u00e5r av ett dubbelt lager 3k kolfiber som ger fin respons i bolltr\u00e4ffen. Tr\u00e4ffytan \u00e4r dessutom utrustad med en r\u00e4fflad struktur som greppar tag om bollen och genererar extra spin. K\u00e4rnan har en medelh\u00f6g densitet och ger racket en otroligt solid k\u00e4nsla.&nbsp; [&hellip;]","og_url":"https:\/\/nordicpadel.com\/sv\/product\/starvie-triton-pro-2-0\/","og_site_name":"Nordic Padel","article_modified_time":"2025-11-26T18:35:50+00:00","og_image":[{"width":800,"height":800,"url":"https:\/\/nordicpadel.com\/sv\/wp-content\/uploads\/sites\/10\/2025\/11\/9765e3427ddb0e78090b2c4a8288f30c.png","type":"image\/png"}],"twitter_card":"summary_large_image","twitter_misc":{"Ber\u00e4knad l\u00e4stid":"1 minut"},"schema":{"@context":"https:\/\/schema.org","@graph":[{"@type":"WebPage","@id":"https:\/\/nordicpadel.com\/sv\/product\/starvie-triton-pro-2-0\/","url":"https:\/\/nordicpadel.com\/sv\/product\/starvie-triton-pro-2-0\/","name":"StarVie Triton Pro 2.0 - Nordic Padel","isPartOf":{"@id":"https:\/\/nordicpadel.com\/sv\/#website"},"primaryImageOfPage":{"@id":"https:\/\/nordicpadel.com\/sv\/product\/starvie-triton-pro-2-0\/#primaryimage"},"image":{"@id":"https:\/\/nordicpadel.com\/sv\/product\/starvie-triton-pro-2-0\/#primaryimage"},"thumbnailUrl":"https:\/\/nordicpadel.com\/sv\/wp-content\/uploads\/sites\/10\/2025\/11\/9765e3427ddb0e78090b2c4a8288f30c.png","datePublished":"2025-11-26T17:37:33+00:00","dateModified":"2025-11-26T18:35:50+00:00","breadcrumb":{"@id":"https:\/\/nordicpadel.com\/sv\/product\/starvie-triton-pro-2-0\/#breadcrumb"},"inLanguage":"sv-SE","potentialAction":[{"@type":"ReadAction","target":["https:\/\/nordicpadel.com\/sv\/product\/starvie-triton-pro-2-0\/"]}]},{"@type":"ImageObject","inLanguage":"sv-SE","@id":"https:\/\/nordicpadel.com\/sv\/product\/starvie-triton-pro-2-0\/#primaryimage","url":"https:\/\/nordicpadel.com\/sv\/wp-content\/uploads\/sites\/10\/2025\/11\/9765e3427ddb0e78090b2c4a8288f30c.png","contentUrl":"https:\/\/nordicpadel.com\/sv\/wp-content\/uploads\/sites\/10\/2025\/11\/9765e3427ddb0e78090b2c4a8288f30c.png","width":800,"height":800,"caption":"StarVie Triton Pro 2.0"},{"@type":"BreadcrumbList","@id":"https:\/\/nordicpadel.com\/sv\/product\/starvie-triton-pro-2-0\/#breadcrumb","itemListElement":[{"@type":"ListItem","position":1,"name":"Hem","item":"https:\/\/nordicpadel.com\/sv\/"},{"@type":"ListItem","position":2,"name":"Shop","item":"https:\/\/nordicpadel.com\/sv\/shop\/"},{"@type":"ListItem","position":3,"name":"StarVie Triton Pro 2.0"}]},{"@type":"WebSite","@id":"https:\/\/nordicpadel.com\/sv\/#website","url":"https:\/\/nordicpadel.com\/sv\/","name":"Nordic Padel","description":"","publisher":{"@id":"https:\/\/nordicpadel.com\/sv\/#organization"},"potentialAction":[{"@type":"SearchAction","target":{"@type":"EntryPoint","urlTemplate":"https:\/\/nordicpadel.com\/sv\/?s={search_term_string}"},"query-input":"required name=search_term_string"}],"inLanguage":"sv-SE"},{"@type":"Organization","@id":"https:\/\/nordicpadel.com\/sv\/#organization","name":"Nordic Padel","url":"https:\/\/nordicpadel.com\/sv\/","logo":{"@type":"ImageObject","inLanguage":"sv-SE","@id":"https:\/\/nordicpadel.com\/sv\/#\/schema\/logo\/image\/","url":"https:\/\/nordicpadel.com\/sv\/wp-content\/uploads\/sites\/10\/2022\/12\/Nordic-Padel-small_1-1.png","contentUrl":"https:\/\/nordicpadel.com\/sv\/wp-content\/uploads\/sites\/10\/2022\/12\/Nordic-Padel-small_1-1.png","width":400,"height":119,"caption":"Nordic Padel"},"image":{"@id":"https:\/\/nordicpadel.com\/sv\/#\/schema\/logo\/image\/"}}]}},"brands":[],"_links":{"self":[{"href":"https:\/\/nordicpadel.com\/sv\/wp-json\/wp\/v2\/product\/90622","targetHints":{"allow":["GET"]}}],"collection":[{"href":"https:\/\/nordicpadel.com\/sv\/wp-json\/wp\/v2\/product"}],"about":[{"href":"https:\/\/nordicpadel.com\/sv\/wp-json\/wp\/v2\/types\/product"}],"replies":[{"embeddable":true,"href":"https:\/\/nordicpadel.com\/sv\/wp-json\/wp\/v2\/comments?post=90622"}],"wp:featuredmedia":[{"embeddable":true,"href":"https:\/\/nordicpadel.com\/sv\/wp-json\/wp\/v2\/media\/90605"}],"wp:attachment":[{"href":"https:\/\/nordicpadel.com\/sv\/wp-json\/wp\/v2\/media?parent=90622"}],"wp:term":[{"taxonomy":"pwb-brand","embeddable":true,"href":"https:\/\/nordicpadel.com\/sv\/wp-json\/wp\/v2\/pwb-brand?post=90622"},{"taxonomy":"product_cat","embeddable":true,"href":"https:\/\/nordicpadel.com\/sv\/wp-json\/wp\/v2\/product_cat?post=90622"},{"taxonomy":"product_tag","embeddable":true,"href":"https:\/\/nordicpadel.com\/sv\/wp-json\/wp\/v2\/product_tag?post=90622"},{"taxonomy":"woo-feed-brand","embeddable":true,"href":"https:\/\/nordicpadel.com\/sv\/wp-json\/wp\/v2\/woo-feed-brand?post=90622"}],"curies":[{"name":"wp","href":"https:\/\/api.w.org\/{rel}","templated":true}]}}