{"id":90603,"date":"2025-11-26T18:37:21","date_gmt":"2025-11-26T17:37:21","guid":{"rendered":"https:\/\/nordicpadel.com\/sv\/product\/drop-shot-canyon-pro-1-0-lima\/"},"modified":"2025-11-27T16:35:02","modified_gmt":"2025-11-27T15:35:02","slug":"drop-shot-canyon-pro-1-0-lima","status":"publish","type":"product","link":"https:\/\/nordicpadel.com\/sv\/product\/drop-shot-canyon-pro-1-0-lima\/","title":{"rendered":"Drop Shot Canyon Pro 1.0 Lima"},"content":{"rendered":"<p>Drop Shot Canyon Pro 1.0 \u00e4r Pablo Limas egna racket f\u00f6r 2023.&nbsp;<\/p>\n<p>Racket \u00e4r droppformat med medelh\u00f6g balans och en sweet spot som sitter n\u00e5got h\u00f6gre upp i racket. Ram och tr\u00e4ffyta \u00e4r tillverkat i kolfiber, med 24k kolfiber i tr\u00e4ffytan. Tillsammans med en k\u00e4rna av fast EVA-skum ger racket en snabb respons vid bolltr\u00e4ff.&nbsp;<\/p>\n<p>Specifikationsm\u00e4ssigt liknar racket Drop Shot Conqueror 11, men det en n\u00e5got mjukare k\u00e4rna. Med det sagt s\u00e5 \u00e4r detta ett styvt racket som st\u00e4ller st\u00f6rre krav p\u00e5 dig som spelare, men som ocks\u00e5 bel\u00f6nar dig med fin precision och fart n\u00e4r du kommer r\u00e4tt till bollen.&nbsp;<\/p><\/p>\n","protected":false},"excerpt":{"rendered":"<p>Drop Shot Canyon Pro 1.0 \u00e4r Pablo Limas egna racket f\u00f6r 2023.&nbsp; Racket \u00e4r droppformat med medelh\u00f6g balans och en sweet spot som sitter n\u00e5got h\u00f6gre upp i racket. Ram och tr\u00e4ffyta \u00e4r tillverkat i kolfiber, med 24k kolfiber i tr\u00e4ffytan. Tillsammans med en k\u00e4rna av fast EVA-skum ger racket en snabb respons vid bolltr\u00e4ff.&nbsp; [&hellip;]<\/p>\n","protected":false},"featured_media":90592,"comment_status":"open","ping_status":"closed","template":"","meta":[],"pwb-brand":[],"product_cat":[16],"product_tag":[],"woo-feed-brand":[],"class_list":{"0":"post-90603","1":"product","2":"type-product","3":"status-publish","4":"has-post-thumbnail","6":"product_cat-padelracket","7":"pa_varumarke-dropshot","9":"first","10":"outofstock","11":"sale","12":"taxable","13":"shipping-taxable","14":"purchasable","15":"product-type-simple"},"bundled_by":[],"bundle_stock_status":"outofstock","bundle_stock_quantity":0,"bundle_virtual":false,"bundle_layout":"","bundle_add_to_cart_form_location":"","bundle_editable_in_cart":false,"bundle_sold_individually_context":"","bundle_item_grouping":"","bundle_min_size":"","bundle_max_size":"","bundled_items":[],"bundle_sell_ids":[],"acf":[],"yoast_head":"<!-- This site is optimized with the Yoast SEO plugin v23.1 - https:\/\/yoast.com\/wordpress\/plugins\/seo\/ -->\n<title>Drop Shot Canyon Pro 1.0 Lima - Nordic Padel<\/title>\n<meta name=\"robots\" content=\"index, follow, max-snippet:-1, max-image-preview:large, max-video-preview:-1\" \/>\n<link rel=\"canonical\" href=\"https:\/\/nordicpadel.com\/sv\/product\/drop-shot-canyon-pro-1-0-lima\/\" \/>\n<meta property=\"og:locale\" content=\"sv_SE\" \/>\n<meta property=\"og:type\" content=\"article\" \/>\n<meta property=\"og:title\" content=\"Drop Shot Canyon Pro 1.0 Lima - Nordic Padel\" \/>\n<meta property=\"og:description\" content=\"Drop Shot Canyon Pro 1.0 \u00e4r Pablo Limas egna racket f\u00f6r 2023.&nbsp; Racket \u00e4r droppformat med medelh\u00f6g balans och en sweet spot som sitter n\u00e5got h\u00f6gre upp i racket. Ram och tr\u00e4ffyta \u00e4r tillverkat i kolfiber, med 24k kolfiber i tr\u00e4ffytan. Tillsammans med en k\u00e4rna av fast EVA-skum ger racket en snabb respons vid bolltr\u00e4ff.&nbsp; [&hellip;]\" \/>\n<meta property=\"og:url\" content=\"https:\/\/nordicpadel.com\/sv\/product\/drop-shot-canyon-pro-1-0-lima\/\" \/>\n<meta property=\"og:site_name\" content=\"Nordic Padel\" \/>\n<meta property=\"article:modified_time\" content=\"2025-11-27T15:35:02+00:00\" \/>\n<meta name=\"twitter:card\" content=\"summary_large_image\" \/>\n<meta name=\"twitter:label1\" content=\"Ber\u00e4knad l\u00e4stid\" \/>\n\t<meta name=\"twitter:data1\" content=\"1 minut\" \/>\n<script type=\"application\/ld+json\" class=\"yoast-schema-graph\">{\"@context\":\"https:\/\/schema.org\",\"@graph\":[{\"@type\":\"WebPage\",\"@id\":\"https:\/\/nordicpadel.com\/sv\/product\/drop-shot-canyon-pro-1-0-lima\/\",\"url\":\"https:\/\/nordicpadel.com\/sv\/product\/drop-shot-canyon-pro-1-0-lima\/\",\"name\":\"Drop Shot Canyon Pro 1.0 Lima - Nordic Padel\",\"isPartOf\":{\"@id\":\"https:\/\/nordicpadel.com\/sv\/#website\"},\"primaryImageOfPage\":{\"@id\":\"https:\/\/nordicpadel.com\/sv\/product\/drop-shot-canyon-pro-1-0-lima\/#primaryimage\"},\"image\":{\"@id\":\"https:\/\/nordicpadel.com\/sv\/product\/drop-shot-canyon-pro-1-0-lima\/#primaryimage\"},\"thumbnailUrl\":\"https:\/\/nordicpadel.com\/sv\/wp-content\/uploads\/sites\/10\/2025\/11\/ab6dfcf01c20dd58d5974c0932f2b909.png\",\"datePublished\":\"2025-11-26T17:37:21+00:00\",\"dateModified\":\"2025-11-27T15:35:02+00:00\",\"breadcrumb\":{\"@id\":\"https:\/\/nordicpadel.com\/sv\/product\/drop-shot-canyon-pro-1-0-lima\/#breadcrumb\"},\"inLanguage\":\"sv-SE\",\"potentialAction\":[{\"@type\":\"ReadAction\",\"target\":[\"https:\/\/nordicpadel.com\/sv\/product\/drop-shot-canyon-pro-1-0-lima\/\"]}]},{\"@type\":\"ImageObject\",\"inLanguage\":\"sv-SE\",\"@id\":\"https:\/\/nordicpadel.com\/sv\/product\/drop-shot-canyon-pro-1-0-lima\/#primaryimage\",\"url\":\"https:\/\/nordicpadel.com\/sv\/wp-content\/uploads\/sites\/10\/2025\/11\/ab6dfcf01c20dd58d5974c0932f2b909.png\",\"contentUrl\":\"https:\/\/nordicpadel.com\/sv\/wp-content\/uploads\/sites\/10\/2025\/11\/ab6dfcf01c20dd58d5974c0932f2b909.png\",\"width\":800,\"height\":800,\"caption\":\"Drop Shot Canyon Pro 1.0 Lima\"},{\"@type\":\"BreadcrumbList\",\"@id\":\"https:\/\/nordicpadel.com\/sv\/product\/drop-shot-canyon-pro-1-0-lima\/#breadcrumb\",\"itemListElement\":[{\"@type\":\"ListItem\",\"position\":1,\"name\":\"Hem\",\"item\":\"https:\/\/nordicpadel.com\/sv\/\"},{\"@type\":\"ListItem\",\"position\":2,\"name\":\"Shop\",\"item\":\"https:\/\/nordicpadel.com\/sv\/shop\/\"},{\"@type\":\"ListItem\",\"position\":3,\"name\":\"Drop Shot Canyon Pro 1.0 Lima\"}]},{\"@type\":\"WebSite\",\"@id\":\"https:\/\/nordicpadel.com\/sv\/#website\",\"url\":\"https:\/\/nordicpadel.com\/sv\/\",\"name\":\"Nordic Padel\",\"description\":\"\",\"publisher\":{\"@id\":\"https:\/\/nordicpadel.com\/sv\/#organization\"},\"potentialAction\":[{\"@type\":\"SearchAction\",\"target\":{\"@type\":\"EntryPoint\",\"urlTemplate\":\"https:\/\/nordicpadel.com\/sv\/?s={search_term_string}\"},\"query-input\":\"required name=search_term_string\"}],\"inLanguage\":\"sv-SE\"},{\"@type\":\"Organization\",\"@id\":\"https:\/\/nordicpadel.com\/sv\/#organization\",\"name\":\"Nordic Padel\",\"url\":\"https:\/\/nordicpadel.com\/sv\/\",\"logo\":{\"@type\":\"ImageObject\",\"inLanguage\":\"sv-SE\",\"@id\":\"https:\/\/nordicpadel.com\/sv\/#\/schema\/logo\/image\/\",\"url\":\"https:\/\/nordicpadel.com\/sv\/wp-content\/uploads\/sites\/10\/2022\/12\/Nordic-Padel-small_1-1.png\",\"contentUrl\":\"https:\/\/nordicpadel.com\/sv\/wp-content\/uploads\/sites\/10\/2022\/12\/Nordic-Padel-small_1-1.png\",\"width\":400,\"height\":119,\"caption\":\"Nordic Padel\"},\"image\":{\"@id\":\"https:\/\/nordicpadel.com\/sv\/#\/schema\/logo\/image\/\"}}]}<\/script>\n<!-- \/ Yoast SEO plugin. -->","yoast_head_json":{"title":"Drop Shot Canyon Pro 1.0 Lima - Nordic Padel","robots":{"index":"index","follow":"follow","max-snippet":"max-snippet:-1","max-image-preview":"max-image-preview:large","max-video-preview":"max-video-preview:-1"},"canonical":"https:\/\/nordicpadel.com\/sv\/product\/drop-shot-canyon-pro-1-0-lima\/","og_locale":"sv_SE","og_type":"article","og_title":"Drop Shot Canyon Pro 1.0 Lima - Nordic Padel","og_description":"Drop Shot Canyon Pro 1.0 \u00e4r Pablo Limas egna racket f\u00f6r 2023.&nbsp; Racket \u00e4r droppformat med medelh\u00f6g balans och en sweet spot som sitter n\u00e5got h\u00f6gre upp i racket. Ram och tr\u00e4ffyta \u00e4r tillverkat i kolfiber, med 24k kolfiber i tr\u00e4ffytan. Tillsammans med en k\u00e4rna av fast EVA-skum ger racket en snabb respons vid bolltr\u00e4ff.&nbsp; [&hellip;]","og_url":"https:\/\/nordicpadel.com\/sv\/product\/drop-shot-canyon-pro-1-0-lima\/","og_site_name":"Nordic Padel","article_modified_time":"2025-11-27T15:35:02+00:00","twitter_card":"summary_large_image","twitter_misc":{"Ber\u00e4knad l\u00e4stid":"1 minut"},"schema":{"@context":"https:\/\/schema.org","@graph":[{"@type":"WebPage","@id":"https:\/\/nordicpadel.com\/sv\/product\/drop-shot-canyon-pro-1-0-lima\/","url":"https:\/\/nordicpadel.com\/sv\/product\/drop-shot-canyon-pro-1-0-lima\/","name":"Drop Shot Canyon Pro 1.0 Lima - Nordic Padel","isPartOf":{"@id":"https:\/\/nordicpadel.com\/sv\/#website"},"primaryImageOfPage":{"@id":"https:\/\/nordicpadel.com\/sv\/product\/drop-shot-canyon-pro-1-0-lima\/#primaryimage"},"image":{"@id":"https:\/\/nordicpadel.com\/sv\/product\/drop-shot-canyon-pro-1-0-lima\/#primaryimage"},"thumbnailUrl":"https:\/\/nordicpadel.com\/sv\/wp-content\/uploads\/sites\/10\/2025\/11\/ab6dfcf01c20dd58d5974c0932f2b909.png","datePublished":"2025-11-26T17:37:21+00:00","dateModified":"2025-11-27T15:35:02+00:00","breadcrumb":{"@id":"https:\/\/nordicpadel.com\/sv\/product\/drop-shot-canyon-pro-1-0-lima\/#breadcrumb"},"inLanguage":"sv-SE","potentialAction":[{"@type":"ReadAction","target":["https:\/\/nordicpadel.com\/sv\/product\/drop-shot-canyon-pro-1-0-lima\/"]}]},{"@type":"ImageObject","inLanguage":"sv-SE","@id":"https:\/\/nordicpadel.com\/sv\/product\/drop-shot-canyon-pro-1-0-lima\/#primaryimage","url":"https:\/\/nordicpadel.com\/sv\/wp-content\/uploads\/sites\/10\/2025\/11\/ab6dfcf01c20dd58d5974c0932f2b909.png","contentUrl":"https:\/\/nordicpadel.com\/sv\/wp-content\/uploads\/sites\/10\/2025\/11\/ab6dfcf01c20dd58d5974c0932f2b909.png","width":800,"height":800,"caption":"Drop Shot Canyon Pro 1.0 Lima"},{"@type":"BreadcrumbList","@id":"https:\/\/nordicpadel.com\/sv\/product\/drop-shot-canyon-pro-1-0-lima\/#breadcrumb","itemListElement":[{"@type":"ListItem","position":1,"name":"Hem","item":"https:\/\/nordicpadel.com\/sv\/"},{"@type":"ListItem","position":2,"name":"Shop","item":"https:\/\/nordicpadel.com\/sv\/shop\/"},{"@type":"ListItem","position":3,"name":"Drop Shot Canyon Pro 1.0 Lima"}]},{"@type":"WebSite","@id":"https:\/\/nordicpadel.com\/sv\/#website","url":"https:\/\/nordicpadel.com\/sv\/","name":"Nordic Padel","description":"","publisher":{"@id":"https:\/\/nordicpadel.com\/sv\/#organization"},"potentialAction":[{"@type":"SearchAction","target":{"@type":"EntryPoint","urlTemplate":"https:\/\/nordicpadel.com\/sv\/?s={search_term_string}"},"query-input":"required name=search_term_string"}],"inLanguage":"sv-SE"},{"@type":"Organization","@id":"https:\/\/nordicpadel.com\/sv\/#organization","name":"Nordic Padel","url":"https:\/\/nordicpadel.com\/sv\/","logo":{"@type":"ImageObject","inLanguage":"sv-SE","@id":"https:\/\/nordicpadel.com\/sv\/#\/schema\/logo\/image\/","url":"https:\/\/nordicpadel.com\/sv\/wp-content\/uploads\/sites\/10\/2022\/12\/Nordic-Padel-small_1-1.png","contentUrl":"https:\/\/nordicpadel.com\/sv\/wp-content\/uploads\/sites\/10\/2022\/12\/Nordic-Padel-small_1-1.png","width":400,"height":119,"caption":"Nordic Padel"},"image":{"@id":"https:\/\/nordicpadel.com\/sv\/#\/schema\/logo\/image\/"}}]}},"brands":[],"_links":{"self":[{"href":"https:\/\/nordicpadel.com\/sv\/wp-json\/wp\/v2\/product\/90603","targetHints":{"allow":["GET"]}}],"collection":[{"href":"https:\/\/nordicpadel.com\/sv\/wp-json\/wp\/v2\/product"}],"about":[{"href":"https:\/\/nordicpadel.com\/sv\/wp-json\/wp\/v2\/types\/product"}],"replies":[{"embeddable":true,"href":"https:\/\/nordicpadel.com\/sv\/wp-json\/wp\/v2\/comments?post=90603"}],"wp:featuredmedia":[{"embeddable":true,"href":"https:\/\/nordicpadel.com\/sv\/wp-json\/wp\/v2\/media\/90592"}],"wp:attachment":[{"href":"https:\/\/nordicpadel.com\/sv\/wp-json\/wp\/v2\/media?parent=90603"}],"wp:term":[{"taxonomy":"pwb-brand","embeddable":true,"href":"https:\/\/nordicpadel.com\/sv\/wp-json\/wp\/v2\/pwb-brand?post=90603"},{"taxonomy":"product_cat","embeddable":true,"href":"https:\/\/nordicpadel.com\/sv\/wp-json\/wp\/v2\/product_cat?post=90603"},{"taxonomy":"product_tag","embeddable":true,"href":"https:\/\/nordicpadel.com\/sv\/wp-json\/wp\/v2\/product_tag?post=90603"},{"taxonomy":"woo-feed-brand","embeddable":true,"href":"https:\/\/nordicpadel.com\/sv\/wp-json\/wp\/v2\/woo-feed-brand?post=90603"}],"curies":[{"name":"wp","href":"https:\/\/api.w.org\/{rel}","templated":true}]}}