{"id":90601,"date":"2025-11-26T18:37:20","date_gmt":"2025-11-26T17:37:20","guid":{"rendered":"https:\/\/nordicpadel.com\/sv\/product\/wilson-bela-pro-padel-v2\/"},"modified":"2025-11-27T17:16:13","modified_gmt":"2025-11-27T16:16:13","slug":"wilson-bela-pro-padel-v2","status":"publish","type":"product","link":"https:\/\/nordicpadel.com\/sv\/product\/wilson-bela-pro-padel-v2\/","title":{"rendered":"Wilson Bela Pro Padel v2"},"content":{"rendered":"<p>Nu \u00e4r det h\u00e4r, 2023 \u00e5rs Wilson Bela Pro!<\/p>\n<p>Detta \u00e4r Fernando Belasteguins racketval och han har \u00e4ven varit med och co-designad racket. Det har en st\u00f6rre sweetspot \u00e4n f\u00f6reg\u00e5ngaren, som hj\u00e4lper till att \u00f6ka kraft och precision vid mer orena tr\u00e4ffar. Tr\u00e4ffytan \u00e4r tillverkad i 3K Primero Carbon och Wilson har valt att integrera premiumkarbon i ramen f\u00f6r att ge en mix av otrolig kraft och snabb respons. Vidare resulterar det fasta EVA-skummet i k\u00e4rnan precisa slag och snabbare bollflykt med utm\u00e4rkt kontroll.&nbsp;<\/p>\n<p>SpinEffect-strukturen har Belas signaturm\u00f6nster p\u00e5 ytan f\u00f6r ge maximal spin i slagen. Sharp Hole-teknologin bidrar ytterligare till att \u00f6ka spinnen som genereras vid skurna slag, tack vare en avancerad borrningsprocess. Racket har \u00e4ven en avtagbar handledsrem ansluten till handtaget. Dessutom levereras det med ett racketfodral.<\/p>\n<p>Racket v\u00e4ger ca 370 gram och balansen 265mm, vilket klassas som h\u00f6g balans.<\/p>\n","protected":false},"excerpt":{"rendered":"<p>Nu \u00e4r det h\u00e4r, 2023 \u00e5rs Wilson Bela Pro! Detta \u00e4r Fernando Belasteguins racketval och han har \u00e4ven varit med och co-designad racket. Det har en st\u00f6rre sweetspot \u00e4n f\u00f6reg\u00e5ngaren, som hj\u00e4lper till att \u00f6ka kraft och precision vid mer orena tr\u00e4ffar. Tr\u00e4ffytan \u00e4r tillverkad i 3K Primero Carbon och Wilson har valt att integrera [&hellip;]<\/p>\n","protected":false},"featured_media":90583,"comment_status":"open","ping_status":"closed","template":"","meta":[],"pwb-brand":[],"product_cat":[461],"product_tag":[],"woo-feed-brand":[],"class_list":{"0":"post-90601","1":"product","2":"type-product","3":"status-publish","4":"has-post-thumbnail","6":"product_cat-wilson","7":"pa_varumarke-wilson","9":"first","10":"outofstock","11":"sale","12":"taxable","13":"shipping-taxable","14":"purchasable","15":"product-type-simple"},"bundled_by":[],"bundle_stock_status":"outofstock","bundle_stock_quantity":0,"bundle_virtual":false,"bundle_layout":"","bundle_add_to_cart_form_location":"","bundle_editable_in_cart":false,"bundle_sold_individually_context":"","bundle_item_grouping":"","bundle_min_size":"","bundle_max_size":"","bundled_items":[],"bundle_sell_ids":[],"acf":[],"yoast_head":"<!-- This site is optimized with the Yoast SEO plugin v23.1 - https:\/\/yoast.com\/wordpress\/plugins\/seo\/ -->\n<title>Wilson Bela Pro Padel v2 - Nordic Padel<\/title>\n<meta name=\"robots\" content=\"index, follow, max-snippet:-1, max-image-preview:large, max-video-preview:-1\" \/>\n<link rel=\"canonical\" href=\"https:\/\/nordicpadel.com\/sv\/product\/wilson-bela-pro-padel-v2\/\" \/>\n<meta property=\"og:locale\" content=\"sv_SE\" \/>\n<meta property=\"og:type\" content=\"article\" \/>\n<meta property=\"og:title\" content=\"Wilson Bela Pro Padel v2 - Nordic Padel\" \/>\n<meta property=\"og:description\" content=\"Nu \u00e4r det h\u00e4r, 2023 \u00e5rs Wilson Bela Pro! Detta \u00e4r Fernando Belasteguins racketval och han har \u00e4ven varit med och co-designad racket. Det har en st\u00f6rre sweetspot \u00e4n f\u00f6reg\u00e5ngaren, som hj\u00e4lper till att \u00f6ka kraft och precision vid mer orena tr\u00e4ffar. Tr\u00e4ffytan \u00e4r tillverkad i 3K Primero Carbon och Wilson har valt att integrera [&hellip;]\" \/>\n<meta property=\"og:url\" content=\"https:\/\/nordicpadel.com\/sv\/product\/wilson-bela-pro-padel-v2\/\" \/>\n<meta property=\"og:site_name\" content=\"Nordic Padel\" \/>\n<meta property=\"article:modified_time\" content=\"2025-11-27T16:16:13+00:00\" \/>\n<meta name=\"twitter:card\" content=\"summary_large_image\" \/>\n<meta name=\"twitter:label1\" content=\"Ber\u00e4knad l\u00e4stid\" \/>\n\t<meta name=\"twitter:data1\" content=\"1 minut\" \/>\n<script type=\"application\/ld+json\" class=\"yoast-schema-graph\">{\"@context\":\"https:\/\/schema.org\",\"@graph\":[{\"@type\":\"WebPage\",\"@id\":\"https:\/\/nordicpadel.com\/sv\/product\/wilson-bela-pro-padel-v2\/\",\"url\":\"https:\/\/nordicpadel.com\/sv\/product\/wilson-bela-pro-padel-v2\/\",\"name\":\"Wilson Bela Pro Padel v2 - Nordic Padel\",\"isPartOf\":{\"@id\":\"https:\/\/nordicpadel.com\/sv\/#website\"},\"primaryImageOfPage\":{\"@id\":\"https:\/\/nordicpadel.com\/sv\/product\/wilson-bela-pro-padel-v2\/#primaryimage\"},\"image\":{\"@id\":\"https:\/\/nordicpadel.com\/sv\/product\/wilson-bela-pro-padel-v2\/#primaryimage\"},\"thumbnailUrl\":\"https:\/\/nordicpadel.com\/sv\/wp-content\/uploads\/sites\/10\/2025\/11\/883f2e75a014807494a3dd546d1958e3.png\",\"datePublished\":\"2025-11-26T17:37:20+00:00\",\"dateModified\":\"2025-11-27T16:16:13+00:00\",\"breadcrumb\":{\"@id\":\"https:\/\/nordicpadel.com\/sv\/product\/wilson-bela-pro-padel-v2\/#breadcrumb\"},\"inLanguage\":\"sv-SE\",\"potentialAction\":[{\"@type\":\"ReadAction\",\"target\":[\"https:\/\/nordicpadel.com\/sv\/product\/wilson-bela-pro-padel-v2\/\"]}]},{\"@type\":\"ImageObject\",\"inLanguage\":\"sv-SE\",\"@id\":\"https:\/\/nordicpadel.com\/sv\/product\/wilson-bela-pro-padel-v2\/#primaryimage\",\"url\":\"https:\/\/nordicpadel.com\/sv\/wp-content\/uploads\/sites\/10\/2025\/11\/883f2e75a014807494a3dd546d1958e3.png\",\"contentUrl\":\"https:\/\/nordicpadel.com\/sv\/wp-content\/uploads\/sites\/10\/2025\/11\/883f2e75a014807494a3dd546d1958e3.png\",\"width\":800,\"height\":800,\"caption\":\"Wilson Bela Pro Padel v2\"},{\"@type\":\"BreadcrumbList\",\"@id\":\"https:\/\/nordicpadel.com\/sv\/product\/wilson-bela-pro-padel-v2\/#breadcrumb\",\"itemListElement\":[{\"@type\":\"ListItem\",\"position\":1,\"name\":\"Hem\",\"item\":\"https:\/\/nordicpadel.com\/sv\/\"},{\"@type\":\"ListItem\",\"position\":2,\"name\":\"Shop\",\"item\":\"https:\/\/nordicpadel.com\/sv\/shop\/\"},{\"@type\":\"ListItem\",\"position\":3,\"name\":\"Wilson Bela Pro Padel v2\"}]},{\"@type\":\"WebSite\",\"@id\":\"https:\/\/nordicpadel.com\/sv\/#website\",\"url\":\"https:\/\/nordicpadel.com\/sv\/\",\"name\":\"Nordic Padel\",\"description\":\"\",\"publisher\":{\"@id\":\"https:\/\/nordicpadel.com\/sv\/#organization\"},\"potentialAction\":[{\"@type\":\"SearchAction\",\"target\":{\"@type\":\"EntryPoint\",\"urlTemplate\":\"https:\/\/nordicpadel.com\/sv\/?s={search_term_string}\"},\"query-input\":\"required name=search_term_string\"}],\"inLanguage\":\"sv-SE\"},{\"@type\":\"Organization\",\"@id\":\"https:\/\/nordicpadel.com\/sv\/#organization\",\"name\":\"Nordic Padel\",\"url\":\"https:\/\/nordicpadel.com\/sv\/\",\"logo\":{\"@type\":\"ImageObject\",\"inLanguage\":\"sv-SE\",\"@id\":\"https:\/\/nordicpadel.com\/sv\/#\/schema\/logo\/image\/\",\"url\":\"https:\/\/nordicpadel.com\/sv\/wp-content\/uploads\/sites\/10\/2022\/12\/Nordic-Padel-small_1-1.png\",\"contentUrl\":\"https:\/\/nordicpadel.com\/sv\/wp-content\/uploads\/sites\/10\/2022\/12\/Nordic-Padel-small_1-1.png\",\"width\":400,\"height\":119,\"caption\":\"Nordic Padel\"},\"image\":{\"@id\":\"https:\/\/nordicpadel.com\/sv\/#\/schema\/logo\/image\/\"}}]}<\/script>\n<!-- \/ Yoast SEO plugin. -->","yoast_head_json":{"title":"Wilson Bela Pro Padel v2 - Nordic Padel","robots":{"index":"index","follow":"follow","max-snippet":"max-snippet:-1","max-image-preview":"max-image-preview:large","max-video-preview":"max-video-preview:-1"},"canonical":"https:\/\/nordicpadel.com\/sv\/product\/wilson-bela-pro-padel-v2\/","og_locale":"sv_SE","og_type":"article","og_title":"Wilson Bela Pro Padel v2 - Nordic Padel","og_description":"Nu \u00e4r det h\u00e4r, 2023 \u00e5rs Wilson Bela Pro! Detta \u00e4r Fernando Belasteguins racketval och han har \u00e4ven varit med och co-designad racket. Det har en st\u00f6rre sweetspot \u00e4n f\u00f6reg\u00e5ngaren, som hj\u00e4lper till att \u00f6ka kraft och precision vid mer orena tr\u00e4ffar. Tr\u00e4ffytan \u00e4r tillverkad i 3K Primero Carbon och Wilson har valt att integrera [&hellip;]","og_url":"https:\/\/nordicpadel.com\/sv\/product\/wilson-bela-pro-padel-v2\/","og_site_name":"Nordic Padel","article_modified_time":"2025-11-27T16:16:13+00:00","twitter_card":"summary_large_image","twitter_misc":{"Ber\u00e4knad l\u00e4stid":"1 minut"},"schema":{"@context":"https:\/\/schema.org","@graph":[{"@type":"WebPage","@id":"https:\/\/nordicpadel.com\/sv\/product\/wilson-bela-pro-padel-v2\/","url":"https:\/\/nordicpadel.com\/sv\/product\/wilson-bela-pro-padel-v2\/","name":"Wilson Bela Pro Padel v2 - Nordic Padel","isPartOf":{"@id":"https:\/\/nordicpadel.com\/sv\/#website"},"primaryImageOfPage":{"@id":"https:\/\/nordicpadel.com\/sv\/product\/wilson-bela-pro-padel-v2\/#primaryimage"},"image":{"@id":"https:\/\/nordicpadel.com\/sv\/product\/wilson-bela-pro-padel-v2\/#primaryimage"},"thumbnailUrl":"https:\/\/nordicpadel.com\/sv\/wp-content\/uploads\/sites\/10\/2025\/11\/883f2e75a014807494a3dd546d1958e3.png","datePublished":"2025-11-26T17:37:20+00:00","dateModified":"2025-11-27T16:16:13+00:00","breadcrumb":{"@id":"https:\/\/nordicpadel.com\/sv\/product\/wilson-bela-pro-padel-v2\/#breadcrumb"},"inLanguage":"sv-SE","potentialAction":[{"@type":"ReadAction","target":["https:\/\/nordicpadel.com\/sv\/product\/wilson-bela-pro-padel-v2\/"]}]},{"@type":"ImageObject","inLanguage":"sv-SE","@id":"https:\/\/nordicpadel.com\/sv\/product\/wilson-bela-pro-padel-v2\/#primaryimage","url":"https:\/\/nordicpadel.com\/sv\/wp-content\/uploads\/sites\/10\/2025\/11\/883f2e75a014807494a3dd546d1958e3.png","contentUrl":"https:\/\/nordicpadel.com\/sv\/wp-content\/uploads\/sites\/10\/2025\/11\/883f2e75a014807494a3dd546d1958e3.png","width":800,"height":800,"caption":"Wilson Bela Pro Padel v2"},{"@type":"BreadcrumbList","@id":"https:\/\/nordicpadel.com\/sv\/product\/wilson-bela-pro-padel-v2\/#breadcrumb","itemListElement":[{"@type":"ListItem","position":1,"name":"Hem","item":"https:\/\/nordicpadel.com\/sv\/"},{"@type":"ListItem","position":2,"name":"Shop","item":"https:\/\/nordicpadel.com\/sv\/shop\/"},{"@type":"ListItem","position":3,"name":"Wilson Bela Pro Padel v2"}]},{"@type":"WebSite","@id":"https:\/\/nordicpadel.com\/sv\/#website","url":"https:\/\/nordicpadel.com\/sv\/","name":"Nordic Padel","description":"","publisher":{"@id":"https:\/\/nordicpadel.com\/sv\/#organization"},"potentialAction":[{"@type":"SearchAction","target":{"@type":"EntryPoint","urlTemplate":"https:\/\/nordicpadel.com\/sv\/?s={search_term_string}"},"query-input":"required name=search_term_string"}],"inLanguage":"sv-SE"},{"@type":"Organization","@id":"https:\/\/nordicpadel.com\/sv\/#organization","name":"Nordic Padel","url":"https:\/\/nordicpadel.com\/sv\/","logo":{"@type":"ImageObject","inLanguage":"sv-SE","@id":"https:\/\/nordicpadel.com\/sv\/#\/schema\/logo\/image\/","url":"https:\/\/nordicpadel.com\/sv\/wp-content\/uploads\/sites\/10\/2022\/12\/Nordic-Padel-small_1-1.png","contentUrl":"https:\/\/nordicpadel.com\/sv\/wp-content\/uploads\/sites\/10\/2022\/12\/Nordic-Padel-small_1-1.png","width":400,"height":119,"caption":"Nordic Padel"},"image":{"@id":"https:\/\/nordicpadel.com\/sv\/#\/schema\/logo\/image\/"}}]}},"brands":[],"_links":{"self":[{"href":"https:\/\/nordicpadel.com\/sv\/wp-json\/wp\/v2\/product\/90601","targetHints":{"allow":["GET"]}}],"collection":[{"href":"https:\/\/nordicpadel.com\/sv\/wp-json\/wp\/v2\/product"}],"about":[{"href":"https:\/\/nordicpadel.com\/sv\/wp-json\/wp\/v2\/types\/product"}],"replies":[{"embeddable":true,"href":"https:\/\/nordicpadel.com\/sv\/wp-json\/wp\/v2\/comments?post=90601"}],"wp:featuredmedia":[{"embeddable":true,"href":"https:\/\/nordicpadel.com\/sv\/wp-json\/wp\/v2\/media\/90583"}],"wp:attachment":[{"href":"https:\/\/nordicpadel.com\/sv\/wp-json\/wp\/v2\/media?parent=90601"}],"wp:term":[{"taxonomy":"pwb-brand","embeddable":true,"href":"https:\/\/nordicpadel.com\/sv\/wp-json\/wp\/v2\/pwb-brand?post=90601"},{"taxonomy":"product_cat","embeddable":true,"href":"https:\/\/nordicpadel.com\/sv\/wp-json\/wp\/v2\/product_cat?post=90601"},{"taxonomy":"product_tag","embeddable":true,"href":"https:\/\/nordicpadel.com\/sv\/wp-json\/wp\/v2\/product_tag?post=90601"},{"taxonomy":"woo-feed-brand","embeddable":true,"href":"https:\/\/nordicpadel.com\/sv\/wp-json\/wp\/v2\/woo-feed-brand?post=90601"}],"curies":[{"name":"wp","href":"https:\/\/api.w.org\/{rel}","templated":true}]}}