{"id":90570,"date":"2025-11-26T18:37:02","date_gmt":"2025-11-26T17:37:02","guid":{"rendered":"https:\/\/nordicpadel.com\/sv\/product\/asics-gel-resolution-8-clay\/"},"modified":"2026-02-02T22:56:58","modified_gmt":"2026-02-02T21:56:58","slug":"asics-gel-resolution-8-clay","status":"publish","type":"product","link":"https:\/\/nordicpadel.com\/sv\/product\/asics-gel-resolution-8-clay\/","title":{"rendered":"Asics Gel Resolution 8  Clay"},"content":{"rendered":"<p><span id=\"isPasted\" style=\"font-family: sans-serif;font-size: 14px;font-style: normal;font-weight: 400;letter-spacing: normal;text-align: left;text-indent: 0px;text-transform: none;display: inline !important;float: none\">Gel-resolution 8 \u00e4r Asics stors\u00e4ljare och l\u00e4mpar sig f\u00f6r dig som alltid vill ha ett perfekt grepp, \u00e4ven p\u00e5 mer sandat underlag. Undersula har n\u00e4mligen ett fiskbensm\u00f6nster, vilket g\u00f6r att du inte halkar p\u00e5 banan \u00e4ven om det \u00e4r mycket sand.<\/span><\/p>\n<p><span style=\"font-family: sans-serif;font-size: 14px;font-style: normal;font-weight: 400;letter-spacing: normal;text-align: left;text-indent: 0px;text-transform: none;display: inline !important;float: none\">Gel-Resolution 8 \u00e4r Asics mest stabila sko som ger dig s\u00e4kra sidledsf\u00f6rflytttningar och riktigt bra d\u00e4mpning fram och bak. L\u00e4ngs med skons yttersida \u00e5terfinns Dynawall-teknologin som bidrar till \u00f6kad stabilitet men som ocks\u00e5 fungerar som en spr\u00e5ngbr\u00e4da och ger dig extra skjuts i steget n\u00e4r du trycker ifr\u00e5n.<\/span><\/p>\n<p>L\u00e4s g\u00e4rna v\u00e5r <a href=\"https:\/\/nordicpadel.com\/sv\/guide-padelskor\/\">skoguide<\/a> som inneh\u00e5ller tips samt en storleksguide f\u00f6r att hj\u00e4lpa dig hitta r\u00e4tt skor.<\/p>\n","protected":false},"excerpt":{"rendered":"<p>Gel-resolution 8 \u00e4r Asics stors\u00e4ljare och l\u00e4mpar sig f\u00f6r dig som alltid vill ha ett perfekt grepp, \u00e4ven p\u00e5 mer sandat underlag. Undersula har n\u00e4mligen ett fiskbensm\u00f6nster, vilket g\u00f6r att du inte halkar p\u00e5 banan \u00e4ven om det \u00e4r mycket sand. Gel-Resolution 8 \u00e4r Asics mest stabila sko som ger dig s\u00e4kra sidledsf\u00f6rflytttningar och riktigt [&hellip;]<\/p>\n","protected":false},"featured_media":90568,"comment_status":"open","ping_status":"closed","template":"","meta":[],"pwb-brand":[],"product_cat":[38],"product_tag":[],"woo-feed-brand":[],"class_list":{"0":"post-90570","1":"product","2":"type-product","3":"status-publish","4":"has-post-thumbnail","6":"product_cat-herr","7":"pa_varumarke-asics","9":"first","10":"outofstock","11":"sale","12":"taxable","13":"shipping-taxable","14":"purchasable","15":"product-type-variable"},"bundled_by":[],"bundle_stock_status":"outofstock","bundle_stock_quantity":0,"bundle_virtual":false,"bundle_layout":"","bundle_add_to_cart_form_location":"","bundle_editable_in_cart":false,"bundle_sold_individually_context":"","bundle_item_grouping":"","bundle_min_size":"","bundle_max_size":"","bundled_items":[],"bundle_sell_ids":[],"acf":[],"yoast_head":"<!-- This site is optimized with the Yoast SEO plugin v23.1 - https:\/\/yoast.com\/wordpress\/plugins\/seo\/ -->\n<title>Asics Gel Resolution 8 Clay - Nordic Padel<\/title>\n<meta name=\"robots\" content=\"index, follow, max-snippet:-1, max-image-preview:large, max-video-preview:-1\" \/>\n<link rel=\"canonical\" href=\"https:\/\/nordicpadel.com\/sv\/product\/asics-gel-resolution-8-clay\/\" \/>\n<meta property=\"og:locale\" content=\"sv_SE\" \/>\n<meta property=\"og:type\" content=\"article\" \/>\n<meta property=\"og:title\" content=\"Asics Gel Resolution 8 Clay - Nordic Padel\" \/>\n<meta property=\"og:description\" content=\"Gel-resolution 8 \u00e4r Asics stors\u00e4ljare och l\u00e4mpar sig f\u00f6r dig som alltid vill ha ett perfekt grepp, \u00e4ven p\u00e5 mer sandat underlag. Undersula har n\u00e4mligen ett fiskbensm\u00f6nster, vilket g\u00f6r att du inte halkar p\u00e5 banan \u00e4ven om det \u00e4r mycket sand. Gel-Resolution 8 \u00e4r Asics mest stabila sko som ger dig s\u00e4kra sidledsf\u00f6rflytttningar och riktigt [&hellip;]\" \/>\n<meta property=\"og:url\" content=\"https:\/\/nordicpadel.com\/sv\/product\/asics-gel-resolution-8-clay\/\" \/>\n<meta property=\"og:site_name\" content=\"Nordic Padel\" \/>\n<meta property=\"article:modified_time\" content=\"2026-02-02T21:56:58+00:00\" \/>\n<meta property=\"og:image\" content=\"https:\/\/nordicpadel.com\/sv\/wp-content\/uploads\/sites\/10\/2025\/11\/8118ce2dc42f0538eb0c5ffa9578dc63.jpg\" \/>\n\t<meta property=\"og:image:width\" content=\"800\" \/>\n\t<meta property=\"og:image:height\" content=\"800\" \/>\n\t<meta property=\"og:image:type\" content=\"image\/jpeg\" \/>\n<meta name=\"twitter:card\" content=\"summary_large_image\" \/>\n<meta name=\"twitter:label1\" content=\"Ber\u00e4knad l\u00e4stid\" \/>\n\t<meta name=\"twitter:data1\" content=\"1 minut\" \/>\n<script type=\"application\/ld+json\" class=\"yoast-schema-graph\">{\"@context\":\"https:\/\/schema.org\",\"@graph\":[{\"@type\":\"WebPage\",\"@id\":\"https:\/\/nordicpadel.com\/sv\/product\/asics-gel-resolution-8-clay\/\",\"url\":\"https:\/\/nordicpadel.com\/sv\/product\/asics-gel-resolution-8-clay\/\",\"name\":\"Asics Gel Resolution 8 Clay - Nordic Padel\",\"isPartOf\":{\"@id\":\"https:\/\/nordicpadel.com\/sv\/#website\"},\"primaryImageOfPage\":{\"@id\":\"https:\/\/nordicpadel.com\/sv\/product\/asics-gel-resolution-8-clay\/#primaryimage\"},\"image\":{\"@id\":\"https:\/\/nordicpadel.com\/sv\/product\/asics-gel-resolution-8-clay\/#primaryimage\"},\"thumbnailUrl\":\"https:\/\/nordicpadel.com\/sv\/wp-content\/uploads\/sites\/10\/2025\/11\/8118ce2dc42f0538eb0c5ffa9578dc63.jpg\",\"datePublished\":\"2025-11-26T17:37:02+00:00\",\"dateModified\":\"2026-02-02T21:56:58+00:00\",\"breadcrumb\":{\"@id\":\"https:\/\/nordicpadel.com\/sv\/product\/asics-gel-resolution-8-clay\/#breadcrumb\"},\"inLanguage\":\"sv-SE\",\"potentialAction\":[{\"@type\":\"ReadAction\",\"target\":[\"https:\/\/nordicpadel.com\/sv\/product\/asics-gel-resolution-8-clay\/\"]}]},{\"@type\":\"ImageObject\",\"inLanguage\":\"sv-SE\",\"@id\":\"https:\/\/nordicpadel.com\/sv\/product\/asics-gel-resolution-8-clay\/#primaryimage\",\"url\":\"https:\/\/nordicpadel.com\/sv\/wp-content\/uploads\/sites\/10\/2025\/11\/8118ce2dc42f0538eb0c5ffa9578dc63.jpg\",\"contentUrl\":\"https:\/\/nordicpadel.com\/sv\/wp-content\/uploads\/sites\/10\/2025\/11\/8118ce2dc42f0538eb0c5ffa9578dc63.jpg\",\"width\":800,\"height\":800,\"caption\":\"Asics Gel Resolution 8 Clay\"},{\"@type\":\"BreadcrumbList\",\"@id\":\"https:\/\/nordicpadel.com\/sv\/product\/asics-gel-resolution-8-clay\/#breadcrumb\",\"itemListElement\":[{\"@type\":\"ListItem\",\"position\":1,\"name\":\"Hem\",\"item\":\"https:\/\/nordicpadel.com\/sv\/\"},{\"@type\":\"ListItem\",\"position\":2,\"name\":\"Shop\",\"item\":\"https:\/\/nordicpadel.com\/sv\/shop\/\"},{\"@type\":\"ListItem\",\"position\":3,\"name\":\"Asics Gel Resolution 8 Clay\"}]},{\"@type\":\"WebSite\",\"@id\":\"https:\/\/nordicpadel.com\/sv\/#website\",\"url\":\"https:\/\/nordicpadel.com\/sv\/\",\"name\":\"Nordic Padel\",\"description\":\"\",\"publisher\":{\"@id\":\"https:\/\/nordicpadel.com\/sv\/#organization\"},\"potentialAction\":[{\"@type\":\"SearchAction\",\"target\":{\"@type\":\"EntryPoint\",\"urlTemplate\":\"https:\/\/nordicpadel.com\/sv\/?s={search_term_string}\"},\"query-input\":\"required name=search_term_string\"}],\"inLanguage\":\"sv-SE\"},{\"@type\":\"Organization\",\"@id\":\"https:\/\/nordicpadel.com\/sv\/#organization\",\"name\":\"Nordic Padel\",\"url\":\"https:\/\/nordicpadel.com\/sv\/\",\"logo\":{\"@type\":\"ImageObject\",\"inLanguage\":\"sv-SE\",\"@id\":\"https:\/\/nordicpadel.com\/sv\/#\/schema\/logo\/image\/\",\"url\":\"https:\/\/nordicpadel.com\/sv\/wp-content\/uploads\/sites\/10\/2022\/12\/Nordic-Padel-small_1-1.png\",\"contentUrl\":\"https:\/\/nordicpadel.com\/sv\/wp-content\/uploads\/sites\/10\/2022\/12\/Nordic-Padel-small_1-1.png\",\"width\":400,\"height\":119,\"caption\":\"Nordic Padel\"},\"image\":{\"@id\":\"https:\/\/nordicpadel.com\/sv\/#\/schema\/logo\/image\/\"}}]}<\/script>\n<!-- \/ Yoast SEO plugin. -->","yoast_head_json":{"title":"Asics Gel Resolution 8 Clay - Nordic Padel","robots":{"index":"index","follow":"follow","max-snippet":"max-snippet:-1","max-image-preview":"max-image-preview:large","max-video-preview":"max-video-preview:-1"},"canonical":"https:\/\/nordicpadel.com\/sv\/product\/asics-gel-resolution-8-clay\/","og_locale":"sv_SE","og_type":"article","og_title":"Asics Gel Resolution 8 Clay - Nordic Padel","og_description":"Gel-resolution 8 \u00e4r Asics stors\u00e4ljare och l\u00e4mpar sig f\u00f6r dig som alltid vill ha ett perfekt grepp, \u00e4ven p\u00e5 mer sandat underlag. Undersula har n\u00e4mligen ett fiskbensm\u00f6nster, vilket g\u00f6r att du inte halkar p\u00e5 banan \u00e4ven om det \u00e4r mycket sand. Gel-Resolution 8 \u00e4r Asics mest stabila sko som ger dig s\u00e4kra sidledsf\u00f6rflytttningar och riktigt [&hellip;]","og_url":"https:\/\/nordicpadel.com\/sv\/product\/asics-gel-resolution-8-clay\/","og_site_name":"Nordic Padel","article_modified_time":"2026-02-02T21:56:58+00:00","og_image":[{"width":800,"height":800,"url":"https:\/\/nordicpadel.com\/sv\/wp-content\/uploads\/sites\/10\/2025\/11\/8118ce2dc42f0538eb0c5ffa9578dc63.jpg","type":"image\/jpeg"}],"twitter_card":"summary_large_image","twitter_misc":{"Ber\u00e4knad l\u00e4stid":"1 minut"},"schema":{"@context":"https:\/\/schema.org","@graph":[{"@type":"WebPage","@id":"https:\/\/nordicpadel.com\/sv\/product\/asics-gel-resolution-8-clay\/","url":"https:\/\/nordicpadel.com\/sv\/product\/asics-gel-resolution-8-clay\/","name":"Asics Gel Resolution 8 Clay - Nordic Padel","isPartOf":{"@id":"https:\/\/nordicpadel.com\/sv\/#website"},"primaryImageOfPage":{"@id":"https:\/\/nordicpadel.com\/sv\/product\/asics-gel-resolution-8-clay\/#primaryimage"},"image":{"@id":"https:\/\/nordicpadel.com\/sv\/product\/asics-gel-resolution-8-clay\/#primaryimage"},"thumbnailUrl":"https:\/\/nordicpadel.com\/sv\/wp-content\/uploads\/sites\/10\/2025\/11\/8118ce2dc42f0538eb0c5ffa9578dc63.jpg","datePublished":"2025-11-26T17:37:02+00:00","dateModified":"2026-02-02T21:56:58+00:00","breadcrumb":{"@id":"https:\/\/nordicpadel.com\/sv\/product\/asics-gel-resolution-8-clay\/#breadcrumb"},"inLanguage":"sv-SE","potentialAction":[{"@type":"ReadAction","target":["https:\/\/nordicpadel.com\/sv\/product\/asics-gel-resolution-8-clay\/"]}]},{"@type":"ImageObject","inLanguage":"sv-SE","@id":"https:\/\/nordicpadel.com\/sv\/product\/asics-gel-resolution-8-clay\/#primaryimage","url":"https:\/\/nordicpadel.com\/sv\/wp-content\/uploads\/sites\/10\/2025\/11\/8118ce2dc42f0538eb0c5ffa9578dc63.jpg","contentUrl":"https:\/\/nordicpadel.com\/sv\/wp-content\/uploads\/sites\/10\/2025\/11\/8118ce2dc42f0538eb0c5ffa9578dc63.jpg","width":800,"height":800,"caption":"Asics Gel Resolution 8 Clay"},{"@type":"BreadcrumbList","@id":"https:\/\/nordicpadel.com\/sv\/product\/asics-gel-resolution-8-clay\/#breadcrumb","itemListElement":[{"@type":"ListItem","position":1,"name":"Hem","item":"https:\/\/nordicpadel.com\/sv\/"},{"@type":"ListItem","position":2,"name":"Shop","item":"https:\/\/nordicpadel.com\/sv\/shop\/"},{"@type":"ListItem","position":3,"name":"Asics Gel Resolution 8 Clay"}]},{"@type":"WebSite","@id":"https:\/\/nordicpadel.com\/sv\/#website","url":"https:\/\/nordicpadel.com\/sv\/","name":"Nordic Padel","description":"","publisher":{"@id":"https:\/\/nordicpadel.com\/sv\/#organization"},"potentialAction":[{"@type":"SearchAction","target":{"@type":"EntryPoint","urlTemplate":"https:\/\/nordicpadel.com\/sv\/?s={search_term_string}"},"query-input":"required name=search_term_string"}],"inLanguage":"sv-SE"},{"@type":"Organization","@id":"https:\/\/nordicpadel.com\/sv\/#organization","name":"Nordic Padel","url":"https:\/\/nordicpadel.com\/sv\/","logo":{"@type":"ImageObject","inLanguage":"sv-SE","@id":"https:\/\/nordicpadel.com\/sv\/#\/schema\/logo\/image\/","url":"https:\/\/nordicpadel.com\/sv\/wp-content\/uploads\/sites\/10\/2022\/12\/Nordic-Padel-small_1-1.png","contentUrl":"https:\/\/nordicpadel.com\/sv\/wp-content\/uploads\/sites\/10\/2022\/12\/Nordic-Padel-small_1-1.png","width":400,"height":119,"caption":"Nordic Padel"},"image":{"@id":"https:\/\/nordicpadel.com\/sv\/#\/schema\/logo\/image\/"}}]}},"brands":[],"_links":{"self":[{"href":"https:\/\/nordicpadel.com\/sv\/wp-json\/wp\/v2\/product\/90570","targetHints":{"allow":["GET"]}}],"collection":[{"href":"https:\/\/nordicpadel.com\/sv\/wp-json\/wp\/v2\/product"}],"about":[{"href":"https:\/\/nordicpadel.com\/sv\/wp-json\/wp\/v2\/types\/product"}],"replies":[{"embeddable":true,"href":"https:\/\/nordicpadel.com\/sv\/wp-json\/wp\/v2\/comments?post=90570"}],"wp:featuredmedia":[{"embeddable":true,"href":"https:\/\/nordicpadel.com\/sv\/wp-json\/wp\/v2\/media\/90568"}],"wp:attachment":[{"href":"https:\/\/nordicpadel.com\/sv\/wp-json\/wp\/v2\/media?parent=90570"}],"wp:term":[{"taxonomy":"pwb-brand","embeddable":true,"href":"https:\/\/nordicpadel.com\/sv\/wp-json\/wp\/v2\/pwb-brand?post=90570"},{"taxonomy":"product_cat","embeddable":true,"href":"https:\/\/nordicpadel.com\/sv\/wp-json\/wp\/v2\/product_cat?post=90570"},{"taxonomy":"product_tag","embeddable":true,"href":"https:\/\/nordicpadel.com\/sv\/wp-json\/wp\/v2\/product_tag?post=90570"},{"taxonomy":"woo-feed-brand","embeddable":true,"href":"https:\/\/nordicpadel.com\/sv\/wp-json\/wp\/v2\/woo-feed-brand?post=90570"}],"curies":[{"name":"wp","href":"https:\/\/api.w.org\/{rel}","templated":true}]}}