{"id":90557,"date":"2025-11-26T18:36:54","date_gmt":"2025-11-26T17:36:54","guid":{"rendered":"https:\/\/nordicpadel.com\/sv\/product\/bullpadel-vertex-03-comfort-2\/"},"modified":"2025-11-27T15:08:22","modified_gmt":"2025-11-27T14:08:22","slug":"bullpadel-vertex-03-comfort-2","status":"publish","type":"product","link":"https:\/\/nordicpadel.com\/sv\/product\/bullpadel-vertex-03-comfort-2\/","title":{"rendered":"Bullpadel Vertex 03 Comfort"},"content":{"rendered":"<p>Bullpadel Vertex 03 Comfort 2023 \u00e4r ett ett diamantformat <a href=\"https:\/\/nordicpadel.com\/sv\/product-category\/padelracket\/\">padelracket<\/a> med h\u00f6g balans som passar f\u00f6r spelare som \u00e4r ute efter att f\u00e5 fart och tryck i bolltr\u00e4ffen \u2013 men som vill ha ett mer f\u00f6rl\u00e5tande racket.<br id=\"isPasted\"><br \/>Till skillnad fr\u00e5n Vertex 03 s\u00e5 best\u00e5r ytskiktet p\u00e5 Vertex 03 Comfort av det nya Fibrix-materialet, vilket \u00e4r en blandning av kolfiber och glasfiber. Detta \u00e4r d\u00e5 att j\u00e4mf\u00f6ra med den 12k kolfiber som \u00e5terfinns i Vertex 03 och som g\u00f6r Vertex 03 Comfort till ett mer behagligt racket med n\u00e5got mjukare k\u00e4nsla \u00e4n tidigare n\u00e4mnda toppvarianten Vertex 03.<\/p>\n<p>Likt Vertex 03 har Vertex 03 Comfort innerk\u00e4rnan Adaptiva Multieva,&nbsp;<span id=\"isPasted\" style=\"font-family: sans-serif;font-size: 14px;font-style: normal;font-weight: 400;letter-spacing: normal;text-align: left;text-indent: 0px;text-transform: none;display: inline !important;float: none\">som \u00e4r en flerlagersk\u00e4rna d\u00e4r k\u00e4rnan \u00e4r mjukare ut mot kanterna f\u00f6r att ge en mer f\u00f6rl\u00e5tande bolltr\u00e4ff vid orena tr\u00e4ffar. Vidare har k\u00e4rnans olika lager olika densitet, d\u00e4r det yttre lagret har en h\u00f6gre densitet som ger bra kraft vid h\u00e5rda slag, medan det inre lagret med en l\u00e4gre densitet ger en sk\u00f6n komfort och kontroll i de mjukare slagen<\/span>. Dessutom har det \u00e4ven samma ytskick, med en sandpappersliknande finnish f\u00f6r extra spinn.<\/p>\n<p>Vi tycker att detta \u00e4r ett ypperligt racketval f\u00f6r dig som vill ha ett racket med solid k\u00e4nsla och bra tryck, men som fortfarande vill ha n\u00e5got mer f\u00f6rl\u00e5tande egenskaper och mer komfort i slagen.<\/p>\n","protected":false},"excerpt":{"rendered":"<p>Bullpadel Vertex 03 Comfort 2023 \u00e4r ett ett diamantformat padelracket med h\u00f6g balans som passar f\u00f6r spelare som \u00e4r ute efter att f\u00e5 fart och tryck i bolltr\u00e4ffen \u2013 men som vill ha ett mer f\u00f6rl\u00e5tande racket.Till skillnad fr\u00e5n Vertex 03 s\u00e5 best\u00e5r ytskiktet p\u00e5 Vertex 03 Comfort av det nya Fibrix-materialet, vilket \u00e4r en [&hellip;]<\/p>\n","protected":false},"featured_media":90545,"comment_status":"open","ping_status":"closed","template":"","meta":[],"pwb-brand":[],"product_cat":[462],"product_tag":[],"woo-feed-brand":[],"class_list":{"0":"post-90557","1":"product","2":"type-product","3":"status-publish","4":"has-post-thumbnail","6":"product_cat-varlion","7":"pa_varumarke-bullpadel","9":"first","10":"outofstock","11":"sale","12":"taxable","13":"shipping-taxable","14":"purchasable","15":"product-type-simple"},"bundled_by":[],"bundle_stock_status":"outofstock","bundle_stock_quantity":0,"bundle_virtual":false,"bundle_layout":"","bundle_add_to_cart_form_location":"","bundle_editable_in_cart":false,"bundle_sold_individually_context":"","bundle_item_grouping":"","bundle_min_size":"","bundle_max_size":"","bundled_items":[],"bundle_sell_ids":[],"acf":[],"yoast_head":"<!-- This site is optimized with the Yoast SEO plugin v23.1 - https:\/\/yoast.com\/wordpress\/plugins\/seo\/ -->\n<title>Bullpadel Vertex 03 Comfort - Nordic Padel<\/title>\n<meta name=\"robots\" content=\"index, follow, max-snippet:-1, max-image-preview:large, max-video-preview:-1\" \/>\n<link rel=\"canonical\" href=\"https:\/\/nordicpadel.com\/sv\/product\/bullpadel-vertex-03-comfort-2\/\" \/>\n<meta property=\"og:locale\" content=\"sv_SE\" \/>\n<meta property=\"og:type\" content=\"article\" \/>\n<meta property=\"og:title\" content=\"Bullpadel Vertex 03 Comfort - Nordic Padel\" \/>\n<meta property=\"og:description\" content=\"Bullpadel Vertex 03 Comfort 2023 \u00e4r ett ett diamantformat padelracket med h\u00f6g balans som passar f\u00f6r spelare som \u00e4r ute efter att f\u00e5 fart och tryck i bolltr\u00e4ffen \u2013 men som vill ha ett mer f\u00f6rl\u00e5tande racket.Till skillnad fr\u00e5n Vertex 03 s\u00e5 best\u00e5r ytskiktet p\u00e5 Vertex 03 Comfort av det nya Fibrix-materialet, vilket \u00e4r en [&hellip;]\" \/>\n<meta property=\"og:url\" content=\"https:\/\/nordicpadel.com\/sv\/product\/bullpadel-vertex-03-comfort-2\/\" \/>\n<meta property=\"og:site_name\" content=\"Nordic Padel\" \/>\n<meta property=\"article:modified_time\" content=\"2025-11-27T14:08:22+00:00\" \/>\n<meta property=\"og:image\" content=\"https:\/\/nordicpadel.com\/sv\/wp-content\/uploads\/sites\/10\/2025\/11\/0a3c653ad65f1dfc8e9a2df976ec05c8.png\" \/>\n\t<meta property=\"og:image:width\" content=\"800\" \/>\n\t<meta property=\"og:image:height\" content=\"800\" \/>\n\t<meta property=\"og:image:type\" content=\"image\/png\" \/>\n<meta name=\"twitter:card\" content=\"summary_large_image\" \/>\n<meta name=\"twitter:label1\" content=\"Ber\u00e4knad l\u00e4stid\" \/>\n\t<meta name=\"twitter:data1\" content=\"1 minut\" \/>\n<script type=\"application\/ld+json\" class=\"yoast-schema-graph\">{\"@context\":\"https:\/\/schema.org\",\"@graph\":[{\"@type\":\"WebPage\",\"@id\":\"https:\/\/nordicpadel.com\/sv\/product\/bullpadel-vertex-03-comfort-2\/\",\"url\":\"https:\/\/nordicpadel.com\/sv\/product\/bullpadel-vertex-03-comfort-2\/\",\"name\":\"Bullpadel Vertex 03 Comfort - Nordic Padel\",\"isPartOf\":{\"@id\":\"https:\/\/nordicpadel.com\/sv\/#website\"},\"primaryImageOfPage\":{\"@id\":\"https:\/\/nordicpadel.com\/sv\/product\/bullpadel-vertex-03-comfort-2\/#primaryimage\"},\"image\":{\"@id\":\"https:\/\/nordicpadel.com\/sv\/product\/bullpadel-vertex-03-comfort-2\/#primaryimage\"},\"thumbnailUrl\":\"https:\/\/nordicpadel.com\/sv\/wp-content\/uploads\/sites\/10\/2025\/11\/0a3c653ad65f1dfc8e9a2df976ec05c8.png\",\"datePublished\":\"2025-11-26T17:36:54+00:00\",\"dateModified\":\"2025-11-27T14:08:22+00:00\",\"breadcrumb\":{\"@id\":\"https:\/\/nordicpadel.com\/sv\/product\/bullpadel-vertex-03-comfort-2\/#breadcrumb\"},\"inLanguage\":\"sv-SE\",\"potentialAction\":[{\"@type\":\"ReadAction\",\"target\":[\"https:\/\/nordicpadel.com\/sv\/product\/bullpadel-vertex-03-comfort-2\/\"]}]},{\"@type\":\"ImageObject\",\"inLanguage\":\"sv-SE\",\"@id\":\"https:\/\/nordicpadel.com\/sv\/product\/bullpadel-vertex-03-comfort-2\/#primaryimage\",\"url\":\"https:\/\/nordicpadel.com\/sv\/wp-content\/uploads\/sites\/10\/2025\/11\/0a3c653ad65f1dfc8e9a2df976ec05c8.png\",\"contentUrl\":\"https:\/\/nordicpadel.com\/sv\/wp-content\/uploads\/sites\/10\/2025\/11\/0a3c653ad65f1dfc8e9a2df976ec05c8.png\",\"width\":800,\"height\":800,\"caption\":\"Bullpadel Vertex 03 Comfort\"},{\"@type\":\"BreadcrumbList\",\"@id\":\"https:\/\/nordicpadel.com\/sv\/product\/bullpadel-vertex-03-comfort-2\/#breadcrumb\",\"itemListElement\":[{\"@type\":\"ListItem\",\"position\":1,\"name\":\"Hem\",\"item\":\"https:\/\/nordicpadel.com\/sv\/\"},{\"@type\":\"ListItem\",\"position\":2,\"name\":\"Shop\",\"item\":\"https:\/\/nordicpadel.com\/sv\/shop\/\"},{\"@type\":\"ListItem\",\"position\":3,\"name\":\"Bullpadel Vertex 03 Comfort\"}]},{\"@type\":\"WebSite\",\"@id\":\"https:\/\/nordicpadel.com\/sv\/#website\",\"url\":\"https:\/\/nordicpadel.com\/sv\/\",\"name\":\"Nordic Padel\",\"description\":\"\",\"publisher\":{\"@id\":\"https:\/\/nordicpadel.com\/sv\/#organization\"},\"potentialAction\":[{\"@type\":\"SearchAction\",\"target\":{\"@type\":\"EntryPoint\",\"urlTemplate\":\"https:\/\/nordicpadel.com\/sv\/?s={search_term_string}\"},\"query-input\":\"required name=search_term_string\"}],\"inLanguage\":\"sv-SE\"},{\"@type\":\"Organization\",\"@id\":\"https:\/\/nordicpadel.com\/sv\/#organization\",\"name\":\"Nordic Padel\",\"url\":\"https:\/\/nordicpadel.com\/sv\/\",\"logo\":{\"@type\":\"ImageObject\",\"inLanguage\":\"sv-SE\",\"@id\":\"https:\/\/nordicpadel.com\/sv\/#\/schema\/logo\/image\/\",\"url\":\"https:\/\/nordicpadel.com\/sv\/wp-content\/uploads\/sites\/10\/2022\/12\/Nordic-Padel-small_1-1.png\",\"contentUrl\":\"https:\/\/nordicpadel.com\/sv\/wp-content\/uploads\/sites\/10\/2022\/12\/Nordic-Padel-small_1-1.png\",\"width\":400,\"height\":119,\"caption\":\"Nordic Padel\"},\"image\":{\"@id\":\"https:\/\/nordicpadel.com\/sv\/#\/schema\/logo\/image\/\"}}]}<\/script>\n<!-- \/ Yoast SEO plugin. -->","yoast_head_json":{"title":"Bullpadel Vertex 03 Comfort - Nordic Padel","robots":{"index":"index","follow":"follow","max-snippet":"max-snippet:-1","max-image-preview":"max-image-preview:large","max-video-preview":"max-video-preview:-1"},"canonical":"https:\/\/nordicpadel.com\/sv\/product\/bullpadel-vertex-03-comfort-2\/","og_locale":"sv_SE","og_type":"article","og_title":"Bullpadel Vertex 03 Comfort - Nordic Padel","og_description":"Bullpadel Vertex 03 Comfort 2023 \u00e4r ett ett diamantformat padelracket med h\u00f6g balans som passar f\u00f6r spelare som \u00e4r ute efter att f\u00e5 fart och tryck i bolltr\u00e4ffen \u2013 men som vill ha ett mer f\u00f6rl\u00e5tande racket.Till skillnad fr\u00e5n Vertex 03 s\u00e5 best\u00e5r ytskiktet p\u00e5 Vertex 03 Comfort av det nya Fibrix-materialet, vilket \u00e4r en [&hellip;]","og_url":"https:\/\/nordicpadel.com\/sv\/product\/bullpadel-vertex-03-comfort-2\/","og_site_name":"Nordic Padel","article_modified_time":"2025-11-27T14:08:22+00:00","og_image":[{"width":800,"height":800,"url":"https:\/\/nordicpadel.com\/sv\/wp-content\/uploads\/sites\/10\/2025\/11\/0a3c653ad65f1dfc8e9a2df976ec05c8.png","type":"image\/png"}],"twitter_card":"summary_large_image","twitter_misc":{"Ber\u00e4knad l\u00e4stid":"1 minut"},"schema":{"@context":"https:\/\/schema.org","@graph":[{"@type":"WebPage","@id":"https:\/\/nordicpadel.com\/sv\/product\/bullpadel-vertex-03-comfort-2\/","url":"https:\/\/nordicpadel.com\/sv\/product\/bullpadel-vertex-03-comfort-2\/","name":"Bullpadel Vertex 03 Comfort - Nordic Padel","isPartOf":{"@id":"https:\/\/nordicpadel.com\/sv\/#website"},"primaryImageOfPage":{"@id":"https:\/\/nordicpadel.com\/sv\/product\/bullpadel-vertex-03-comfort-2\/#primaryimage"},"image":{"@id":"https:\/\/nordicpadel.com\/sv\/product\/bullpadel-vertex-03-comfort-2\/#primaryimage"},"thumbnailUrl":"https:\/\/nordicpadel.com\/sv\/wp-content\/uploads\/sites\/10\/2025\/11\/0a3c653ad65f1dfc8e9a2df976ec05c8.png","datePublished":"2025-11-26T17:36:54+00:00","dateModified":"2025-11-27T14:08:22+00:00","breadcrumb":{"@id":"https:\/\/nordicpadel.com\/sv\/product\/bullpadel-vertex-03-comfort-2\/#breadcrumb"},"inLanguage":"sv-SE","potentialAction":[{"@type":"ReadAction","target":["https:\/\/nordicpadel.com\/sv\/product\/bullpadel-vertex-03-comfort-2\/"]}]},{"@type":"ImageObject","inLanguage":"sv-SE","@id":"https:\/\/nordicpadel.com\/sv\/product\/bullpadel-vertex-03-comfort-2\/#primaryimage","url":"https:\/\/nordicpadel.com\/sv\/wp-content\/uploads\/sites\/10\/2025\/11\/0a3c653ad65f1dfc8e9a2df976ec05c8.png","contentUrl":"https:\/\/nordicpadel.com\/sv\/wp-content\/uploads\/sites\/10\/2025\/11\/0a3c653ad65f1dfc8e9a2df976ec05c8.png","width":800,"height":800,"caption":"Bullpadel Vertex 03 Comfort"},{"@type":"BreadcrumbList","@id":"https:\/\/nordicpadel.com\/sv\/product\/bullpadel-vertex-03-comfort-2\/#breadcrumb","itemListElement":[{"@type":"ListItem","position":1,"name":"Hem","item":"https:\/\/nordicpadel.com\/sv\/"},{"@type":"ListItem","position":2,"name":"Shop","item":"https:\/\/nordicpadel.com\/sv\/shop\/"},{"@type":"ListItem","position":3,"name":"Bullpadel Vertex 03 Comfort"}]},{"@type":"WebSite","@id":"https:\/\/nordicpadel.com\/sv\/#website","url":"https:\/\/nordicpadel.com\/sv\/","name":"Nordic Padel","description":"","publisher":{"@id":"https:\/\/nordicpadel.com\/sv\/#organization"},"potentialAction":[{"@type":"SearchAction","target":{"@type":"EntryPoint","urlTemplate":"https:\/\/nordicpadel.com\/sv\/?s={search_term_string}"},"query-input":"required name=search_term_string"}],"inLanguage":"sv-SE"},{"@type":"Organization","@id":"https:\/\/nordicpadel.com\/sv\/#organization","name":"Nordic Padel","url":"https:\/\/nordicpadel.com\/sv\/","logo":{"@type":"ImageObject","inLanguage":"sv-SE","@id":"https:\/\/nordicpadel.com\/sv\/#\/schema\/logo\/image\/","url":"https:\/\/nordicpadel.com\/sv\/wp-content\/uploads\/sites\/10\/2022\/12\/Nordic-Padel-small_1-1.png","contentUrl":"https:\/\/nordicpadel.com\/sv\/wp-content\/uploads\/sites\/10\/2022\/12\/Nordic-Padel-small_1-1.png","width":400,"height":119,"caption":"Nordic Padel"},"image":{"@id":"https:\/\/nordicpadel.com\/sv\/#\/schema\/logo\/image\/"}}]}},"brands":[],"_links":{"self":[{"href":"https:\/\/nordicpadel.com\/sv\/wp-json\/wp\/v2\/product\/90557","targetHints":{"allow":["GET"]}}],"collection":[{"href":"https:\/\/nordicpadel.com\/sv\/wp-json\/wp\/v2\/product"}],"about":[{"href":"https:\/\/nordicpadel.com\/sv\/wp-json\/wp\/v2\/types\/product"}],"replies":[{"embeddable":true,"href":"https:\/\/nordicpadel.com\/sv\/wp-json\/wp\/v2\/comments?post=90557"}],"wp:featuredmedia":[{"embeddable":true,"href":"https:\/\/nordicpadel.com\/sv\/wp-json\/wp\/v2\/media\/90545"}],"wp:attachment":[{"href":"https:\/\/nordicpadel.com\/sv\/wp-json\/wp\/v2\/media?parent=90557"}],"wp:term":[{"taxonomy":"pwb-brand","embeddable":true,"href":"https:\/\/nordicpadel.com\/sv\/wp-json\/wp\/v2\/pwb-brand?post=90557"},{"taxonomy":"product_cat","embeddable":true,"href":"https:\/\/nordicpadel.com\/sv\/wp-json\/wp\/v2\/product_cat?post=90557"},{"taxonomy":"product_tag","embeddable":true,"href":"https:\/\/nordicpadel.com\/sv\/wp-json\/wp\/v2\/product_tag?post=90557"},{"taxonomy":"woo-feed-brand","embeddable":true,"href":"https:\/\/nordicpadel.com\/sv\/wp-json\/wp\/v2\/woo-feed-brand?post=90557"}],"curies":[{"name":"wp","href":"https:\/\/api.w.org\/{rel}","templated":true}]}}