{"id":90537,"date":"2025-11-26T18:36:43","date_gmt":"2025-11-26T17:36:43","guid":{"rendered":"https:\/\/nordicpadel.com\/sv\/product\/adidas-adipower-multiweight-ctrl\/"},"modified":"2025-11-27T17:17:24","modified_gmt":"2025-11-27T16:17:24","slug":"adidas-adipower-multiweight-ctrl","status":"publish","type":"product","link":"https:\/\/nordicpadel.com\/sv\/product\/adidas-adipower-multiweight-ctrl\/","title":{"rendered":"Adidas Adipower Multiweight Ctrl"},"content":{"rendered":"<p>Adidas Adipower Multiweight Ctrl \u00e4r den senaste innovationen fr\u00e5n Adidas. Racket bygger vidare p\u00e5 den s\u00e5 popul\u00e4ra Adipower Ctrl, men denna variant \u00e4r anpassningsbar &#8211; helt utifr\u00e5n individens behov.<\/p>\n<p>P\u00e5 toppen och sidorna av racket \u00e5terfinns viktplattor som kan skruvas av, eller omplaceras, f\u00f6r att modifiera rackets vikt och balans. S\u00e5ledes kan du v\u00e4lja huruvida du vill ha ett l\u00e4tt eller tungt racket och du kan \u00e4ven anpassa racket f\u00f6r en h\u00f6g eller l\u00e5g balans. Detta g\u00f6r som sagt att du kan laborera dig fram f\u00f6r att hitta precis r\u00e4tt vikt och balans f\u00f6r dig. S\u00e5 du som trivs med ett runt racket men k\u00e4nner att du vill ha mer fart kan s\u00e5ledes g\u00f6ra racket mer topptungt och d\u00e4remed addera ytterligare en dimension till ditt spel. Racket kan totalt justeras med 9 gram.<\/p>\n<p>Specifikationsm\u00e4ssigt s\u00e5 \u00e4r racket runt och har en medelbalans som standard. Tr\u00e4ffytan \u00e4r tillverkad i 15k kolfiber och k\u00e4rnan utg\u00f6rs av EVA High Memory, som \u00e4r Adidas mest fasta gummiblandning och som ger en h\u00e4rlig respons i bolltr\u00e4ffen. Tr\u00e4ffytan har den r\u00e4fflade Spin Blade-strukturen f\u00f6r att ge extra grepp om bollen.<\/p>\n<p>Adidas jobbar \u00e4ven vidare med Dual Exoskeleton ramen, tillverkad i kolfiber, f\u00f6r att g\u00f6ra racket mer vridstyvt och t\u00e5ligt.<\/p><\/p>\n","protected":false},"excerpt":{"rendered":"<p>Adidas Adipower Multiweight Ctrl \u00e4r den senaste innovationen fr\u00e5n Adidas. Racket bygger vidare p\u00e5 den s\u00e5 popul\u00e4ra Adipower Ctrl, men denna variant \u00e4r anpassningsbar &#8211; helt utifr\u00e5n individens behov. P\u00e5 toppen och sidorna av racket \u00e5terfinns viktplattor som kan skruvas av, eller omplaceras, f\u00f6r att modifiera rackets vikt och balans. S\u00e5ledes kan du v\u00e4lja huruvida [&hellip;]<\/p>\n","protected":false},"featured_media":90505,"comment_status":"open","ping_status":"closed","template":"","meta":[],"pwb-brand":[],"product_cat":[458],"product_tag":[],"woo-feed-brand":[],"class_list":{"0":"post-90537","1":"product","2":"type-product","3":"status-publish","4":"has-post-thumbnail","6":"product_cat-adidas","7":"pa_varumarke-adidas","9":"first","10":"outofstock","11":"sale","12":"taxable","13":"shipping-taxable","14":"purchasable","15":"product-type-simple"},"bundled_by":[],"bundle_stock_status":"outofstock","bundle_stock_quantity":0,"bundle_virtual":false,"bundle_layout":"","bundle_add_to_cart_form_location":"","bundle_editable_in_cart":false,"bundle_sold_individually_context":"","bundle_item_grouping":"","bundle_min_size":"","bundle_max_size":"","bundled_items":[],"bundle_sell_ids":[],"acf":[],"yoast_head":"<!-- This site is optimized with the Yoast SEO plugin v23.1 - https:\/\/yoast.com\/wordpress\/plugins\/seo\/ -->\n<title>Adidas Adipower Multiweight Ctrl - Nordic Padel<\/title>\n<meta name=\"robots\" content=\"index, follow, max-snippet:-1, max-image-preview:large, max-video-preview:-1\" \/>\n<link rel=\"canonical\" href=\"https:\/\/nordicpadel.com\/sv\/product\/adidas-adipower-multiweight-ctrl\/\" \/>\n<meta property=\"og:locale\" content=\"sv_SE\" \/>\n<meta property=\"og:type\" content=\"article\" \/>\n<meta property=\"og:title\" content=\"Adidas Adipower Multiweight Ctrl - Nordic Padel\" \/>\n<meta property=\"og:description\" content=\"Adidas Adipower Multiweight Ctrl \u00e4r den senaste innovationen fr\u00e5n Adidas. Racket bygger vidare p\u00e5 den s\u00e5 popul\u00e4ra Adipower Ctrl, men denna variant \u00e4r anpassningsbar &#8211; helt utifr\u00e5n individens behov. P\u00e5 toppen och sidorna av racket \u00e5terfinns viktplattor som kan skruvas av, eller omplaceras, f\u00f6r att modifiera rackets vikt och balans. S\u00e5ledes kan du v\u00e4lja huruvida [&hellip;]\" \/>\n<meta property=\"og:url\" content=\"https:\/\/nordicpadel.com\/sv\/product\/adidas-adipower-multiweight-ctrl\/\" \/>\n<meta property=\"og:site_name\" content=\"Nordic Padel\" \/>\n<meta property=\"article:modified_time\" content=\"2025-11-27T16:17:24+00:00\" \/>\n<meta name=\"twitter:card\" content=\"summary_large_image\" \/>\n<meta name=\"twitter:label1\" content=\"Ber\u00e4knad l\u00e4stid\" \/>\n\t<meta name=\"twitter:data1\" content=\"1 minut\" \/>\n<script type=\"application\/ld+json\" class=\"yoast-schema-graph\">{\"@context\":\"https:\/\/schema.org\",\"@graph\":[{\"@type\":\"WebPage\",\"@id\":\"https:\/\/nordicpadel.com\/sv\/product\/adidas-adipower-multiweight-ctrl\/\",\"url\":\"https:\/\/nordicpadel.com\/sv\/product\/adidas-adipower-multiweight-ctrl\/\",\"name\":\"Adidas Adipower Multiweight Ctrl - Nordic Padel\",\"isPartOf\":{\"@id\":\"https:\/\/nordicpadel.com\/sv\/#website\"},\"primaryImageOfPage\":{\"@id\":\"https:\/\/nordicpadel.com\/sv\/product\/adidas-adipower-multiweight-ctrl\/#primaryimage\"},\"image\":{\"@id\":\"https:\/\/nordicpadel.com\/sv\/product\/adidas-adipower-multiweight-ctrl\/#primaryimage\"},\"thumbnailUrl\":\"https:\/\/nordicpadel.com\/sv\/wp-content\/uploads\/sites\/10\/2025\/11\/afde61158735636e23bc64659f5480f8.png\",\"datePublished\":\"2025-11-26T17:36:43+00:00\",\"dateModified\":\"2025-11-27T16:17:24+00:00\",\"breadcrumb\":{\"@id\":\"https:\/\/nordicpadel.com\/sv\/product\/adidas-adipower-multiweight-ctrl\/#breadcrumb\"},\"inLanguage\":\"sv-SE\",\"potentialAction\":[{\"@type\":\"ReadAction\",\"target\":[\"https:\/\/nordicpadel.com\/sv\/product\/adidas-adipower-multiweight-ctrl\/\"]}]},{\"@type\":\"ImageObject\",\"inLanguage\":\"sv-SE\",\"@id\":\"https:\/\/nordicpadel.com\/sv\/product\/adidas-adipower-multiweight-ctrl\/#primaryimage\",\"url\":\"https:\/\/nordicpadel.com\/sv\/wp-content\/uploads\/sites\/10\/2025\/11\/afde61158735636e23bc64659f5480f8.png\",\"contentUrl\":\"https:\/\/nordicpadel.com\/sv\/wp-content\/uploads\/sites\/10\/2025\/11\/afde61158735636e23bc64659f5480f8.png\",\"width\":800,\"height\":800,\"caption\":\"Adidas Adipower Multiweight Ctrl\"},{\"@type\":\"BreadcrumbList\",\"@id\":\"https:\/\/nordicpadel.com\/sv\/product\/adidas-adipower-multiweight-ctrl\/#breadcrumb\",\"itemListElement\":[{\"@type\":\"ListItem\",\"position\":1,\"name\":\"Hem\",\"item\":\"https:\/\/nordicpadel.com\/sv\/\"},{\"@type\":\"ListItem\",\"position\":2,\"name\":\"Shop\",\"item\":\"https:\/\/nordicpadel.com\/sv\/shop\/\"},{\"@type\":\"ListItem\",\"position\":3,\"name\":\"Adidas Adipower Multiweight Ctrl\"}]},{\"@type\":\"WebSite\",\"@id\":\"https:\/\/nordicpadel.com\/sv\/#website\",\"url\":\"https:\/\/nordicpadel.com\/sv\/\",\"name\":\"Nordic Padel\",\"description\":\"\",\"publisher\":{\"@id\":\"https:\/\/nordicpadel.com\/sv\/#organization\"},\"potentialAction\":[{\"@type\":\"SearchAction\",\"target\":{\"@type\":\"EntryPoint\",\"urlTemplate\":\"https:\/\/nordicpadel.com\/sv\/?s={search_term_string}\"},\"query-input\":\"required name=search_term_string\"}],\"inLanguage\":\"sv-SE\"},{\"@type\":\"Organization\",\"@id\":\"https:\/\/nordicpadel.com\/sv\/#organization\",\"name\":\"Nordic Padel\",\"url\":\"https:\/\/nordicpadel.com\/sv\/\",\"logo\":{\"@type\":\"ImageObject\",\"inLanguage\":\"sv-SE\",\"@id\":\"https:\/\/nordicpadel.com\/sv\/#\/schema\/logo\/image\/\",\"url\":\"https:\/\/nordicpadel.com\/sv\/wp-content\/uploads\/sites\/10\/2022\/12\/Nordic-Padel-small_1-1.png\",\"contentUrl\":\"https:\/\/nordicpadel.com\/sv\/wp-content\/uploads\/sites\/10\/2022\/12\/Nordic-Padel-small_1-1.png\",\"width\":400,\"height\":119,\"caption\":\"Nordic Padel\"},\"image\":{\"@id\":\"https:\/\/nordicpadel.com\/sv\/#\/schema\/logo\/image\/\"}}]}<\/script>\n<!-- \/ Yoast SEO plugin. -->","yoast_head_json":{"title":"Adidas Adipower Multiweight Ctrl - Nordic Padel","robots":{"index":"index","follow":"follow","max-snippet":"max-snippet:-1","max-image-preview":"max-image-preview:large","max-video-preview":"max-video-preview:-1"},"canonical":"https:\/\/nordicpadel.com\/sv\/product\/adidas-adipower-multiweight-ctrl\/","og_locale":"sv_SE","og_type":"article","og_title":"Adidas Adipower Multiweight Ctrl - Nordic Padel","og_description":"Adidas Adipower Multiweight Ctrl \u00e4r den senaste innovationen fr\u00e5n Adidas. Racket bygger vidare p\u00e5 den s\u00e5 popul\u00e4ra Adipower Ctrl, men denna variant \u00e4r anpassningsbar &#8211; helt utifr\u00e5n individens behov. P\u00e5 toppen och sidorna av racket \u00e5terfinns viktplattor som kan skruvas av, eller omplaceras, f\u00f6r att modifiera rackets vikt och balans. S\u00e5ledes kan du v\u00e4lja huruvida [&hellip;]","og_url":"https:\/\/nordicpadel.com\/sv\/product\/adidas-adipower-multiweight-ctrl\/","og_site_name":"Nordic Padel","article_modified_time":"2025-11-27T16:17:24+00:00","twitter_card":"summary_large_image","twitter_misc":{"Ber\u00e4knad l\u00e4stid":"1 minut"},"schema":{"@context":"https:\/\/schema.org","@graph":[{"@type":"WebPage","@id":"https:\/\/nordicpadel.com\/sv\/product\/adidas-adipower-multiweight-ctrl\/","url":"https:\/\/nordicpadel.com\/sv\/product\/adidas-adipower-multiweight-ctrl\/","name":"Adidas Adipower Multiweight Ctrl - Nordic Padel","isPartOf":{"@id":"https:\/\/nordicpadel.com\/sv\/#website"},"primaryImageOfPage":{"@id":"https:\/\/nordicpadel.com\/sv\/product\/adidas-adipower-multiweight-ctrl\/#primaryimage"},"image":{"@id":"https:\/\/nordicpadel.com\/sv\/product\/adidas-adipower-multiweight-ctrl\/#primaryimage"},"thumbnailUrl":"https:\/\/nordicpadel.com\/sv\/wp-content\/uploads\/sites\/10\/2025\/11\/afde61158735636e23bc64659f5480f8.png","datePublished":"2025-11-26T17:36:43+00:00","dateModified":"2025-11-27T16:17:24+00:00","breadcrumb":{"@id":"https:\/\/nordicpadel.com\/sv\/product\/adidas-adipower-multiweight-ctrl\/#breadcrumb"},"inLanguage":"sv-SE","potentialAction":[{"@type":"ReadAction","target":["https:\/\/nordicpadel.com\/sv\/product\/adidas-adipower-multiweight-ctrl\/"]}]},{"@type":"ImageObject","inLanguage":"sv-SE","@id":"https:\/\/nordicpadel.com\/sv\/product\/adidas-adipower-multiweight-ctrl\/#primaryimage","url":"https:\/\/nordicpadel.com\/sv\/wp-content\/uploads\/sites\/10\/2025\/11\/afde61158735636e23bc64659f5480f8.png","contentUrl":"https:\/\/nordicpadel.com\/sv\/wp-content\/uploads\/sites\/10\/2025\/11\/afde61158735636e23bc64659f5480f8.png","width":800,"height":800,"caption":"Adidas Adipower Multiweight Ctrl"},{"@type":"BreadcrumbList","@id":"https:\/\/nordicpadel.com\/sv\/product\/adidas-adipower-multiweight-ctrl\/#breadcrumb","itemListElement":[{"@type":"ListItem","position":1,"name":"Hem","item":"https:\/\/nordicpadel.com\/sv\/"},{"@type":"ListItem","position":2,"name":"Shop","item":"https:\/\/nordicpadel.com\/sv\/shop\/"},{"@type":"ListItem","position":3,"name":"Adidas Adipower Multiweight Ctrl"}]},{"@type":"WebSite","@id":"https:\/\/nordicpadel.com\/sv\/#website","url":"https:\/\/nordicpadel.com\/sv\/","name":"Nordic Padel","description":"","publisher":{"@id":"https:\/\/nordicpadel.com\/sv\/#organization"},"potentialAction":[{"@type":"SearchAction","target":{"@type":"EntryPoint","urlTemplate":"https:\/\/nordicpadel.com\/sv\/?s={search_term_string}"},"query-input":"required name=search_term_string"}],"inLanguage":"sv-SE"},{"@type":"Organization","@id":"https:\/\/nordicpadel.com\/sv\/#organization","name":"Nordic Padel","url":"https:\/\/nordicpadel.com\/sv\/","logo":{"@type":"ImageObject","inLanguage":"sv-SE","@id":"https:\/\/nordicpadel.com\/sv\/#\/schema\/logo\/image\/","url":"https:\/\/nordicpadel.com\/sv\/wp-content\/uploads\/sites\/10\/2022\/12\/Nordic-Padel-small_1-1.png","contentUrl":"https:\/\/nordicpadel.com\/sv\/wp-content\/uploads\/sites\/10\/2022\/12\/Nordic-Padel-small_1-1.png","width":400,"height":119,"caption":"Nordic Padel"},"image":{"@id":"https:\/\/nordicpadel.com\/sv\/#\/schema\/logo\/image\/"}}]}},"brands":[],"_links":{"self":[{"href":"https:\/\/nordicpadel.com\/sv\/wp-json\/wp\/v2\/product\/90537","targetHints":{"allow":["GET"]}}],"collection":[{"href":"https:\/\/nordicpadel.com\/sv\/wp-json\/wp\/v2\/product"}],"about":[{"href":"https:\/\/nordicpadel.com\/sv\/wp-json\/wp\/v2\/types\/product"}],"replies":[{"embeddable":true,"href":"https:\/\/nordicpadel.com\/sv\/wp-json\/wp\/v2\/comments?post=90537"}],"wp:featuredmedia":[{"embeddable":true,"href":"https:\/\/nordicpadel.com\/sv\/wp-json\/wp\/v2\/media\/90505"}],"wp:attachment":[{"href":"https:\/\/nordicpadel.com\/sv\/wp-json\/wp\/v2\/media?parent=90537"}],"wp:term":[{"taxonomy":"pwb-brand","embeddable":true,"href":"https:\/\/nordicpadel.com\/sv\/wp-json\/wp\/v2\/pwb-brand?post=90537"},{"taxonomy":"product_cat","embeddable":true,"href":"https:\/\/nordicpadel.com\/sv\/wp-json\/wp\/v2\/product_cat?post=90537"},{"taxonomy":"product_tag","embeddable":true,"href":"https:\/\/nordicpadel.com\/sv\/wp-json\/wp\/v2\/product_tag?post=90537"},{"taxonomy":"woo-feed-brand","embeddable":true,"href":"https:\/\/nordicpadel.com\/sv\/wp-json\/wp\/v2\/woo-feed-brand?post=90537"}],"curies":[{"name":"wp","href":"https:\/\/api.w.org\/{rel}","templated":true}]}}