{"id":90528,"date":"2025-11-26T18:36:39","date_gmt":"2025-11-26T17:36:39","guid":{"rendered":"https:\/\/nordicpadel.com\/sv\/product\/bullpadel-hack-control\/"},"modified":"2026-03-09T11:50:31","modified_gmt":"2026-03-09T10:50:31","slug":"bullpadel-hack-control","status":"publish","type":"product","link":"https:\/\/nordicpadel.com\/sv\/product\/bullpadel-hack-control\/","title":{"rendered":"Bullpadel Hack Control"},"content":{"rendered":"<p>Bullpadel Hack 03 Control 2023 har fortsatt en rund form med l\u00e5g balans. Bullpadel forts\u00e4tter arbeta med Adaptia-k\u00e4rnan som \u00e4r en flerlagersk\u00e4rna d\u00e4r k\u00e4rnan \u00e4r mjukare ut mot kanterna f\u00f6r att ge en mer f\u00f6rl\u00e5tande bolltr\u00e4ff vid orena tr\u00e4ffar. Vidare har k\u00e4rnans olika lager olika densitet, d\u00e4r det yttre lagret har en h\u00f6gre densitet som ger bra kraft vid h\u00e5rda slag, medan det inre lagret med en l\u00e4gre densitet ger en sk\u00f6n komfort och kontroll i de mjukare slagen. Tr\u00e4ffytan best\u00e5r av Tricarbon 24k kolfiber. Racket upplevs s\u00e5ledes styvt och riktar sig till dig som trivs med h\u00e5rda racketar.<br id=\"isPasted\"><br \/>Precis som samtliga Bullpadels Pro Line-racketar \u00e4r Hack Control utrustat med vibrationsd\u00e4mpningssystemet Vibradrive som best\u00e5r av ett silikonmaterial som ligger l\u00e4ngs hela handtaget. F\u00f6r att skydda racket mot slag och m\u00e4rken finns \u00e4ven ramskyddet Metalshield gjort av l\u00e4ttviktsaluminium. Handledsremmen \u00e4r tillverkad av ett bredare och sk\u00f6nare material i st\u00e4llet f\u00f6r det traditionella sn\u00f6ret.<\/p>\n<p>Rackets standardvikt 365-380 gram men spelaren kan individuellt anpassa rackets vikt och balans genom att kunna applicera 1-3 st tyngder i b\u00e5de ramen samt handtaget. Dessutom kommer Bullpadel Hack Control 2023 med ett f\u00e4rdigmonterat Hesacoregrepp, som minskar vibrationerna som kan ge upphov till padelarmb\u00e5ge.<\/p>\n","protected":false},"excerpt":{"rendered":"<p>Bullpadel Hack 03 Control 2023 har fortsatt en rund form med l\u00e5g balans. Bullpadel forts\u00e4tter arbeta med Adaptia-k\u00e4rnan som \u00e4r en flerlagersk\u00e4rna d\u00e4r k\u00e4rnan \u00e4r mjukare ut mot kanterna f\u00f6r att ge en mer f\u00f6rl\u00e5tande bolltr\u00e4ff vid orena tr\u00e4ffar. Vidare har k\u00e4rnans olika lager olika densitet, d\u00e4r det yttre lagret har en h\u00f6gre densitet som [&hellip;]<\/p>\n","protected":false},"featured_media":90516,"comment_status":"open","ping_status":"closed","template":"","meta":[],"pwb-brand":[],"product_cat":[462],"product_tag":[],"woo-feed-brand":[],"class_list":{"0":"post-90528","1":"product","2":"type-product","3":"status-publish","4":"has-post-thumbnail","6":"product_cat-varlion","7":"pa_varumarke-bullpadel","9":"first","10":"outofstock","11":"sale","12":"taxable","13":"shipping-taxable","14":"purchasable","15":"product-type-simple"},"bundled_by":[],"bundle_stock_status":"outofstock","bundle_stock_quantity":0,"bundle_virtual":false,"bundle_layout":"","bundle_add_to_cart_form_location":"","bundle_editable_in_cart":false,"bundle_sold_individually_context":"","bundle_item_grouping":"","bundle_min_size":"","bundle_max_size":"","bundled_items":[],"bundle_sell_ids":[],"acf":[],"yoast_head":"<!-- This site is optimized with the Yoast SEO plugin v23.1 - https:\/\/yoast.com\/wordpress\/plugins\/seo\/ -->\n<title>Bullpadel Hack Control - Nordic Padel<\/title>\n<meta name=\"robots\" content=\"index, follow, max-snippet:-1, max-image-preview:large, max-video-preview:-1\" \/>\n<link rel=\"canonical\" href=\"https:\/\/nordicpadel.com\/sv\/product\/bullpadel-hack-control\/\" \/>\n<meta property=\"og:locale\" content=\"sv_SE\" \/>\n<meta property=\"og:type\" content=\"article\" \/>\n<meta property=\"og:title\" content=\"Bullpadel Hack Control - Nordic Padel\" \/>\n<meta property=\"og:description\" content=\"Bullpadel Hack 03 Control 2023 har fortsatt en rund form med l\u00e5g balans. Bullpadel forts\u00e4tter arbeta med Adaptia-k\u00e4rnan som \u00e4r en flerlagersk\u00e4rna d\u00e4r k\u00e4rnan \u00e4r mjukare ut mot kanterna f\u00f6r att ge en mer f\u00f6rl\u00e5tande bolltr\u00e4ff vid orena tr\u00e4ffar. Vidare har k\u00e4rnans olika lager olika densitet, d\u00e4r det yttre lagret har en h\u00f6gre densitet som [&hellip;]\" \/>\n<meta property=\"og:url\" content=\"https:\/\/nordicpadel.com\/sv\/product\/bullpadel-hack-control\/\" \/>\n<meta property=\"og:site_name\" content=\"Nordic Padel\" \/>\n<meta property=\"article:modified_time\" content=\"2026-03-09T10:50:31+00:00\" \/>\n<meta property=\"og:image\" content=\"https:\/\/nordicpadel.com\/sv\/wp-content\/uploads\/sites\/10\/2025\/11\/02c516d4004070a2b6fb3f239eb94c41.png\" \/>\n\t<meta property=\"og:image:width\" content=\"800\" \/>\n\t<meta property=\"og:image:height\" content=\"800\" \/>\n\t<meta property=\"og:image:type\" content=\"image\/png\" \/>\n<meta name=\"twitter:card\" content=\"summary_large_image\" \/>\n<meta name=\"twitter:label1\" content=\"Ber\u00e4knad l\u00e4stid\" \/>\n\t<meta name=\"twitter:data1\" content=\"1 minut\" \/>\n<script type=\"application\/ld+json\" class=\"yoast-schema-graph\">{\"@context\":\"https:\/\/schema.org\",\"@graph\":[{\"@type\":\"WebPage\",\"@id\":\"https:\/\/nordicpadel.com\/sv\/product\/bullpadel-hack-control\/\",\"url\":\"https:\/\/nordicpadel.com\/sv\/product\/bullpadel-hack-control\/\",\"name\":\"Bullpadel Hack Control - Nordic Padel\",\"isPartOf\":{\"@id\":\"https:\/\/nordicpadel.com\/sv\/#website\"},\"primaryImageOfPage\":{\"@id\":\"https:\/\/nordicpadel.com\/sv\/product\/bullpadel-hack-control\/#primaryimage\"},\"image\":{\"@id\":\"https:\/\/nordicpadel.com\/sv\/product\/bullpadel-hack-control\/#primaryimage\"},\"thumbnailUrl\":\"https:\/\/nordicpadel.com\/sv\/wp-content\/uploads\/sites\/10\/2025\/11\/02c516d4004070a2b6fb3f239eb94c41.png\",\"datePublished\":\"2025-11-26T17:36:39+00:00\",\"dateModified\":\"2026-03-09T10:50:31+00:00\",\"breadcrumb\":{\"@id\":\"https:\/\/nordicpadel.com\/sv\/product\/bullpadel-hack-control\/#breadcrumb\"},\"inLanguage\":\"sv-SE\",\"potentialAction\":[{\"@type\":\"ReadAction\",\"target\":[\"https:\/\/nordicpadel.com\/sv\/product\/bullpadel-hack-control\/\"]}]},{\"@type\":\"ImageObject\",\"inLanguage\":\"sv-SE\",\"@id\":\"https:\/\/nordicpadel.com\/sv\/product\/bullpadel-hack-control\/#primaryimage\",\"url\":\"https:\/\/nordicpadel.com\/sv\/wp-content\/uploads\/sites\/10\/2025\/11\/02c516d4004070a2b6fb3f239eb94c41.png\",\"contentUrl\":\"https:\/\/nordicpadel.com\/sv\/wp-content\/uploads\/sites\/10\/2025\/11\/02c516d4004070a2b6fb3f239eb94c41.png\",\"width\":800,\"height\":800,\"caption\":\"Bullpadel Hack Control\"},{\"@type\":\"BreadcrumbList\",\"@id\":\"https:\/\/nordicpadel.com\/sv\/product\/bullpadel-hack-control\/#breadcrumb\",\"itemListElement\":[{\"@type\":\"ListItem\",\"position\":1,\"name\":\"Hem\",\"item\":\"https:\/\/nordicpadel.com\/sv\/\"},{\"@type\":\"ListItem\",\"position\":2,\"name\":\"Shop\",\"item\":\"https:\/\/nordicpadel.com\/sv\/shop\/\"},{\"@type\":\"ListItem\",\"position\":3,\"name\":\"Bullpadel Hack Control\"}]},{\"@type\":\"WebSite\",\"@id\":\"https:\/\/nordicpadel.com\/sv\/#website\",\"url\":\"https:\/\/nordicpadel.com\/sv\/\",\"name\":\"Nordic Padel\",\"description\":\"\",\"publisher\":{\"@id\":\"https:\/\/nordicpadel.com\/sv\/#organization\"},\"potentialAction\":[{\"@type\":\"SearchAction\",\"target\":{\"@type\":\"EntryPoint\",\"urlTemplate\":\"https:\/\/nordicpadel.com\/sv\/?s={search_term_string}\"},\"query-input\":\"required name=search_term_string\"}],\"inLanguage\":\"sv-SE\"},{\"@type\":\"Organization\",\"@id\":\"https:\/\/nordicpadel.com\/sv\/#organization\",\"name\":\"Nordic Padel\",\"url\":\"https:\/\/nordicpadel.com\/sv\/\",\"logo\":{\"@type\":\"ImageObject\",\"inLanguage\":\"sv-SE\",\"@id\":\"https:\/\/nordicpadel.com\/sv\/#\/schema\/logo\/image\/\",\"url\":\"https:\/\/nordicpadel.com\/sv\/wp-content\/uploads\/sites\/10\/2022\/12\/Nordic-Padel-small_1-1.png\",\"contentUrl\":\"https:\/\/nordicpadel.com\/sv\/wp-content\/uploads\/sites\/10\/2022\/12\/Nordic-Padel-small_1-1.png\",\"width\":400,\"height\":119,\"caption\":\"Nordic Padel\"},\"image\":{\"@id\":\"https:\/\/nordicpadel.com\/sv\/#\/schema\/logo\/image\/\"}}]}<\/script>\n<!-- \/ Yoast SEO plugin. -->","yoast_head_json":{"title":"Bullpadel Hack Control - Nordic Padel","robots":{"index":"index","follow":"follow","max-snippet":"max-snippet:-1","max-image-preview":"max-image-preview:large","max-video-preview":"max-video-preview:-1"},"canonical":"https:\/\/nordicpadel.com\/sv\/product\/bullpadel-hack-control\/","og_locale":"sv_SE","og_type":"article","og_title":"Bullpadel Hack Control - Nordic Padel","og_description":"Bullpadel Hack 03 Control 2023 har fortsatt en rund form med l\u00e5g balans. Bullpadel forts\u00e4tter arbeta med Adaptia-k\u00e4rnan som \u00e4r en flerlagersk\u00e4rna d\u00e4r k\u00e4rnan \u00e4r mjukare ut mot kanterna f\u00f6r att ge en mer f\u00f6rl\u00e5tande bolltr\u00e4ff vid orena tr\u00e4ffar. Vidare har k\u00e4rnans olika lager olika densitet, d\u00e4r det yttre lagret har en h\u00f6gre densitet som [&hellip;]","og_url":"https:\/\/nordicpadel.com\/sv\/product\/bullpadel-hack-control\/","og_site_name":"Nordic Padel","article_modified_time":"2026-03-09T10:50:31+00:00","og_image":[{"width":800,"height":800,"url":"https:\/\/nordicpadel.com\/sv\/wp-content\/uploads\/sites\/10\/2025\/11\/02c516d4004070a2b6fb3f239eb94c41.png","type":"image\/png"}],"twitter_card":"summary_large_image","twitter_misc":{"Ber\u00e4knad l\u00e4stid":"1 minut"},"schema":{"@context":"https:\/\/schema.org","@graph":[{"@type":"WebPage","@id":"https:\/\/nordicpadel.com\/sv\/product\/bullpadel-hack-control\/","url":"https:\/\/nordicpadel.com\/sv\/product\/bullpadel-hack-control\/","name":"Bullpadel Hack Control - Nordic Padel","isPartOf":{"@id":"https:\/\/nordicpadel.com\/sv\/#website"},"primaryImageOfPage":{"@id":"https:\/\/nordicpadel.com\/sv\/product\/bullpadel-hack-control\/#primaryimage"},"image":{"@id":"https:\/\/nordicpadel.com\/sv\/product\/bullpadel-hack-control\/#primaryimage"},"thumbnailUrl":"https:\/\/nordicpadel.com\/sv\/wp-content\/uploads\/sites\/10\/2025\/11\/02c516d4004070a2b6fb3f239eb94c41.png","datePublished":"2025-11-26T17:36:39+00:00","dateModified":"2026-03-09T10:50:31+00:00","breadcrumb":{"@id":"https:\/\/nordicpadel.com\/sv\/product\/bullpadel-hack-control\/#breadcrumb"},"inLanguage":"sv-SE","potentialAction":[{"@type":"ReadAction","target":["https:\/\/nordicpadel.com\/sv\/product\/bullpadel-hack-control\/"]}]},{"@type":"ImageObject","inLanguage":"sv-SE","@id":"https:\/\/nordicpadel.com\/sv\/product\/bullpadel-hack-control\/#primaryimage","url":"https:\/\/nordicpadel.com\/sv\/wp-content\/uploads\/sites\/10\/2025\/11\/02c516d4004070a2b6fb3f239eb94c41.png","contentUrl":"https:\/\/nordicpadel.com\/sv\/wp-content\/uploads\/sites\/10\/2025\/11\/02c516d4004070a2b6fb3f239eb94c41.png","width":800,"height":800,"caption":"Bullpadel Hack Control"},{"@type":"BreadcrumbList","@id":"https:\/\/nordicpadel.com\/sv\/product\/bullpadel-hack-control\/#breadcrumb","itemListElement":[{"@type":"ListItem","position":1,"name":"Hem","item":"https:\/\/nordicpadel.com\/sv\/"},{"@type":"ListItem","position":2,"name":"Shop","item":"https:\/\/nordicpadel.com\/sv\/shop\/"},{"@type":"ListItem","position":3,"name":"Bullpadel Hack Control"}]},{"@type":"WebSite","@id":"https:\/\/nordicpadel.com\/sv\/#website","url":"https:\/\/nordicpadel.com\/sv\/","name":"Nordic Padel","description":"","publisher":{"@id":"https:\/\/nordicpadel.com\/sv\/#organization"},"potentialAction":[{"@type":"SearchAction","target":{"@type":"EntryPoint","urlTemplate":"https:\/\/nordicpadel.com\/sv\/?s={search_term_string}"},"query-input":"required name=search_term_string"}],"inLanguage":"sv-SE"},{"@type":"Organization","@id":"https:\/\/nordicpadel.com\/sv\/#organization","name":"Nordic Padel","url":"https:\/\/nordicpadel.com\/sv\/","logo":{"@type":"ImageObject","inLanguage":"sv-SE","@id":"https:\/\/nordicpadel.com\/sv\/#\/schema\/logo\/image\/","url":"https:\/\/nordicpadel.com\/sv\/wp-content\/uploads\/sites\/10\/2022\/12\/Nordic-Padel-small_1-1.png","contentUrl":"https:\/\/nordicpadel.com\/sv\/wp-content\/uploads\/sites\/10\/2022\/12\/Nordic-Padel-small_1-1.png","width":400,"height":119,"caption":"Nordic Padel"},"image":{"@id":"https:\/\/nordicpadel.com\/sv\/#\/schema\/logo\/image\/"}}]}},"brands":[],"_links":{"self":[{"href":"https:\/\/nordicpadel.com\/sv\/wp-json\/wp\/v2\/product\/90528","targetHints":{"allow":["GET"]}}],"collection":[{"href":"https:\/\/nordicpadel.com\/sv\/wp-json\/wp\/v2\/product"}],"about":[{"href":"https:\/\/nordicpadel.com\/sv\/wp-json\/wp\/v2\/types\/product"}],"replies":[{"embeddable":true,"href":"https:\/\/nordicpadel.com\/sv\/wp-json\/wp\/v2\/comments?post=90528"}],"wp:featuredmedia":[{"embeddable":true,"href":"https:\/\/nordicpadel.com\/sv\/wp-json\/wp\/v2\/media\/90516"}],"wp:attachment":[{"href":"https:\/\/nordicpadel.com\/sv\/wp-json\/wp\/v2\/media?parent=90528"}],"wp:term":[{"taxonomy":"pwb-brand","embeddable":true,"href":"https:\/\/nordicpadel.com\/sv\/wp-json\/wp\/v2\/pwb-brand?post=90528"},{"taxonomy":"product_cat","embeddable":true,"href":"https:\/\/nordicpadel.com\/sv\/wp-json\/wp\/v2\/product_cat?post=90528"},{"taxonomy":"product_tag","embeddable":true,"href":"https:\/\/nordicpadel.com\/sv\/wp-json\/wp\/v2\/product_tag?post=90528"},{"taxonomy":"woo-feed-brand","embeddable":true,"href":"https:\/\/nordicpadel.com\/sv\/wp-json\/wp\/v2\/woo-feed-brand?post=90528"}],"curies":[{"name":"wp","href":"https:\/\/api.w.org\/{rel}","templated":true}]}}