{"id":90455,"date":"2025-11-26T18:35:58","date_gmt":"2025-11-26T17:35:58","guid":{"rendered":"https:\/\/nordicpadel.com\/sv\/product\/siux-sanyo-copper-edition-bag\/"},"modified":"2025-11-27T17:15:45","modified_gmt":"2025-11-27T16:15:45","slug":"siux-sanyo-copper-edition-bag","status":"publish","type":"product","link":"https:\/\/nordicpadel.com\/sv\/product\/siux-sanyo-copper-edition-bag\/","title":{"rendered":"Siux Sanyo Copper Edition + Bag"},"content":{"rendered":"<p>Siux Sanyo Copper Edition &#8211; en limiterad upplaga av Sanyo Guti\u00e9rrez alldeles egna racket.<\/p>\n<p>Racket har, f\u00f6rutom en url\u00e4cker design, en hybridform med medelbalans, vilket ger fina allround-egenskaper. S\u00e5v\u00e4l ram som tr\u00e4ffyta \u00e4r tillverkad i kolfiber, d\u00e4r tr\u00e4ffytan best\u00e5r av TexTreme 18k som ger h\u00e4rlig respons i bolltr\u00e4ffen. K\u00e4rnan best\u00e5r av ett medelh\u00e5rt Black Eva-foam och ger en sk\u00f6n mix av komfort och stans.&nbsp;<\/p>\n<p>Dessutom ing\u00e5r det en ryggs\u00e4ck fr\u00e5n Siux v\u00e4rd 349kr p\u00e5 k\u00f6pet.&nbsp;<\/p>\n<p>Racket tillverkas i ett limiterat antal s\u00e5 ta chansen att l\u00e4gga vantarna p\u00e5 ditt redan idag!<\/p>\n","protected":false},"excerpt":{"rendered":"<p>Siux Sanyo Copper Edition &#8211; en limiterad upplaga av Sanyo Guti\u00e9rrez alldeles egna racket. Racket har, f\u00f6rutom en url\u00e4cker design, en hybridform med medelbalans, vilket ger fina allround-egenskaper. S\u00e5v\u00e4l ram som tr\u00e4ffyta \u00e4r tillverkad i kolfiber, d\u00e4r tr\u00e4ffytan best\u00e5r av TexTreme 18k som ger h\u00e4rlig respons i bolltr\u00e4ffen. K\u00e4rnan best\u00e5r av ett medelh\u00e5rt Black Eva-foam [&hellip;]<\/p>\n","protected":false},"featured_media":90442,"comment_status":"open","ping_status":"closed","template":"","meta":[],"pwb-brand":[],"product_cat":[475],"product_tag":[],"woo-feed-brand":[],"class_list":{"0":"post-90455","1":"product","2":"type-product","3":"status-publish","4":"has-post-thumbnail","6":"product_cat-siux","7":"pa_varumarke-siux","9":"first","10":"outofstock","11":"sale","12":"taxable","13":"shipping-taxable","14":"purchasable","15":"product-type-simple"},"bundled_by":[],"bundle_stock_status":"outofstock","bundle_stock_quantity":0,"bundle_virtual":false,"bundle_layout":"","bundle_add_to_cart_form_location":"","bundle_editable_in_cart":false,"bundle_sold_individually_context":"","bundle_item_grouping":"","bundle_min_size":"","bundle_max_size":"","bundled_items":[],"bundle_sell_ids":[],"acf":[],"yoast_head":"<!-- This site is optimized with the Yoast SEO plugin v23.1 - https:\/\/yoast.com\/wordpress\/plugins\/seo\/ -->\n<title>Siux Sanyo Copper Edition + Bag - Nordic Padel<\/title>\n<meta name=\"robots\" content=\"index, follow, max-snippet:-1, max-image-preview:large, max-video-preview:-1\" \/>\n<link rel=\"canonical\" href=\"https:\/\/nordicpadel.com\/sv\/product\/siux-sanyo-copper-edition-bag\/\" \/>\n<meta property=\"og:locale\" content=\"sv_SE\" \/>\n<meta property=\"og:type\" content=\"article\" \/>\n<meta property=\"og:title\" content=\"Siux Sanyo Copper Edition + Bag - Nordic Padel\" \/>\n<meta property=\"og:description\" content=\"Siux Sanyo Copper Edition &#8211; en limiterad upplaga av Sanyo Guti\u00e9rrez alldeles egna racket. Racket har, f\u00f6rutom en url\u00e4cker design, en hybridform med medelbalans, vilket ger fina allround-egenskaper. S\u00e5v\u00e4l ram som tr\u00e4ffyta \u00e4r tillverkad i kolfiber, d\u00e4r tr\u00e4ffytan best\u00e5r av TexTreme 18k som ger h\u00e4rlig respons i bolltr\u00e4ffen. K\u00e4rnan best\u00e5r av ett medelh\u00e5rt Black Eva-foam [&hellip;]\" \/>\n<meta property=\"og:url\" content=\"https:\/\/nordicpadel.com\/sv\/product\/siux-sanyo-copper-edition-bag\/\" \/>\n<meta property=\"og:site_name\" content=\"Nordic Padel\" \/>\n<meta property=\"article:modified_time\" content=\"2025-11-27T16:15:45+00:00\" \/>\n<meta name=\"twitter:card\" content=\"summary_large_image\" \/>\n<meta name=\"twitter:label1\" content=\"Ber\u00e4knad l\u00e4stid\" \/>\n\t<meta name=\"twitter:data1\" content=\"1 minut\" \/>\n<script type=\"application\/ld+json\" class=\"yoast-schema-graph\">{\"@context\":\"https:\/\/schema.org\",\"@graph\":[{\"@type\":\"WebPage\",\"@id\":\"https:\/\/nordicpadel.com\/sv\/product\/siux-sanyo-copper-edition-bag\/\",\"url\":\"https:\/\/nordicpadel.com\/sv\/product\/siux-sanyo-copper-edition-bag\/\",\"name\":\"Siux Sanyo Copper Edition + Bag - Nordic Padel\",\"isPartOf\":{\"@id\":\"https:\/\/nordicpadel.com\/sv\/#website\"},\"primaryImageOfPage\":{\"@id\":\"https:\/\/nordicpadel.com\/sv\/product\/siux-sanyo-copper-edition-bag\/#primaryimage\"},\"image\":{\"@id\":\"https:\/\/nordicpadel.com\/sv\/product\/siux-sanyo-copper-edition-bag\/#primaryimage\"},\"thumbnailUrl\":\"https:\/\/nordicpadel.com\/sv\/wp-content\/uploads\/sites\/10\/2025\/11\/6556ddd7b3c0378f0a7c7b68ed24cd30.png\",\"datePublished\":\"2025-11-26T17:35:58+00:00\",\"dateModified\":\"2025-11-27T16:15:45+00:00\",\"breadcrumb\":{\"@id\":\"https:\/\/nordicpadel.com\/sv\/product\/siux-sanyo-copper-edition-bag\/#breadcrumb\"},\"inLanguage\":\"sv-SE\",\"potentialAction\":[{\"@type\":\"ReadAction\",\"target\":[\"https:\/\/nordicpadel.com\/sv\/product\/siux-sanyo-copper-edition-bag\/\"]}]},{\"@type\":\"ImageObject\",\"inLanguage\":\"sv-SE\",\"@id\":\"https:\/\/nordicpadel.com\/sv\/product\/siux-sanyo-copper-edition-bag\/#primaryimage\",\"url\":\"https:\/\/nordicpadel.com\/sv\/wp-content\/uploads\/sites\/10\/2025\/11\/6556ddd7b3c0378f0a7c7b68ed24cd30.png\",\"contentUrl\":\"https:\/\/nordicpadel.com\/sv\/wp-content\/uploads\/sites\/10\/2025\/11\/6556ddd7b3c0378f0a7c7b68ed24cd30.png\",\"width\":800,\"height\":800,\"caption\":\"Siux Sanyo Copper Edition + Bag\"},{\"@type\":\"BreadcrumbList\",\"@id\":\"https:\/\/nordicpadel.com\/sv\/product\/siux-sanyo-copper-edition-bag\/#breadcrumb\",\"itemListElement\":[{\"@type\":\"ListItem\",\"position\":1,\"name\":\"Hem\",\"item\":\"https:\/\/nordicpadel.com\/sv\/\"},{\"@type\":\"ListItem\",\"position\":2,\"name\":\"Shop\",\"item\":\"https:\/\/nordicpadel.com\/sv\/shop\/\"},{\"@type\":\"ListItem\",\"position\":3,\"name\":\"Siux Sanyo Copper Edition + Bag\"}]},{\"@type\":\"WebSite\",\"@id\":\"https:\/\/nordicpadel.com\/sv\/#website\",\"url\":\"https:\/\/nordicpadel.com\/sv\/\",\"name\":\"Nordic Padel\",\"description\":\"\",\"publisher\":{\"@id\":\"https:\/\/nordicpadel.com\/sv\/#organization\"},\"potentialAction\":[{\"@type\":\"SearchAction\",\"target\":{\"@type\":\"EntryPoint\",\"urlTemplate\":\"https:\/\/nordicpadel.com\/sv\/?s={search_term_string}\"},\"query-input\":\"required name=search_term_string\"}],\"inLanguage\":\"sv-SE\"},{\"@type\":\"Organization\",\"@id\":\"https:\/\/nordicpadel.com\/sv\/#organization\",\"name\":\"Nordic Padel\",\"url\":\"https:\/\/nordicpadel.com\/sv\/\",\"logo\":{\"@type\":\"ImageObject\",\"inLanguage\":\"sv-SE\",\"@id\":\"https:\/\/nordicpadel.com\/sv\/#\/schema\/logo\/image\/\",\"url\":\"https:\/\/nordicpadel.com\/sv\/wp-content\/uploads\/sites\/10\/2022\/12\/Nordic-Padel-small_1-1.png\",\"contentUrl\":\"https:\/\/nordicpadel.com\/sv\/wp-content\/uploads\/sites\/10\/2022\/12\/Nordic-Padel-small_1-1.png\",\"width\":400,\"height\":119,\"caption\":\"Nordic Padel\"},\"image\":{\"@id\":\"https:\/\/nordicpadel.com\/sv\/#\/schema\/logo\/image\/\"}}]}<\/script>\n<!-- \/ Yoast SEO plugin. -->","yoast_head_json":{"title":"Siux Sanyo Copper Edition + Bag - Nordic Padel","robots":{"index":"index","follow":"follow","max-snippet":"max-snippet:-1","max-image-preview":"max-image-preview:large","max-video-preview":"max-video-preview:-1"},"canonical":"https:\/\/nordicpadel.com\/sv\/product\/siux-sanyo-copper-edition-bag\/","og_locale":"sv_SE","og_type":"article","og_title":"Siux Sanyo Copper Edition + Bag - Nordic Padel","og_description":"Siux Sanyo Copper Edition &#8211; en limiterad upplaga av Sanyo Guti\u00e9rrez alldeles egna racket. Racket har, f\u00f6rutom en url\u00e4cker design, en hybridform med medelbalans, vilket ger fina allround-egenskaper. S\u00e5v\u00e4l ram som tr\u00e4ffyta \u00e4r tillverkad i kolfiber, d\u00e4r tr\u00e4ffytan best\u00e5r av TexTreme 18k som ger h\u00e4rlig respons i bolltr\u00e4ffen. K\u00e4rnan best\u00e5r av ett medelh\u00e5rt Black Eva-foam [&hellip;]","og_url":"https:\/\/nordicpadel.com\/sv\/product\/siux-sanyo-copper-edition-bag\/","og_site_name":"Nordic Padel","article_modified_time":"2025-11-27T16:15:45+00:00","twitter_card":"summary_large_image","twitter_misc":{"Ber\u00e4knad l\u00e4stid":"1 minut"},"schema":{"@context":"https:\/\/schema.org","@graph":[{"@type":"WebPage","@id":"https:\/\/nordicpadel.com\/sv\/product\/siux-sanyo-copper-edition-bag\/","url":"https:\/\/nordicpadel.com\/sv\/product\/siux-sanyo-copper-edition-bag\/","name":"Siux Sanyo Copper Edition + Bag - Nordic Padel","isPartOf":{"@id":"https:\/\/nordicpadel.com\/sv\/#website"},"primaryImageOfPage":{"@id":"https:\/\/nordicpadel.com\/sv\/product\/siux-sanyo-copper-edition-bag\/#primaryimage"},"image":{"@id":"https:\/\/nordicpadel.com\/sv\/product\/siux-sanyo-copper-edition-bag\/#primaryimage"},"thumbnailUrl":"https:\/\/nordicpadel.com\/sv\/wp-content\/uploads\/sites\/10\/2025\/11\/6556ddd7b3c0378f0a7c7b68ed24cd30.png","datePublished":"2025-11-26T17:35:58+00:00","dateModified":"2025-11-27T16:15:45+00:00","breadcrumb":{"@id":"https:\/\/nordicpadel.com\/sv\/product\/siux-sanyo-copper-edition-bag\/#breadcrumb"},"inLanguage":"sv-SE","potentialAction":[{"@type":"ReadAction","target":["https:\/\/nordicpadel.com\/sv\/product\/siux-sanyo-copper-edition-bag\/"]}]},{"@type":"ImageObject","inLanguage":"sv-SE","@id":"https:\/\/nordicpadel.com\/sv\/product\/siux-sanyo-copper-edition-bag\/#primaryimage","url":"https:\/\/nordicpadel.com\/sv\/wp-content\/uploads\/sites\/10\/2025\/11\/6556ddd7b3c0378f0a7c7b68ed24cd30.png","contentUrl":"https:\/\/nordicpadel.com\/sv\/wp-content\/uploads\/sites\/10\/2025\/11\/6556ddd7b3c0378f0a7c7b68ed24cd30.png","width":800,"height":800,"caption":"Siux Sanyo Copper Edition + Bag"},{"@type":"BreadcrumbList","@id":"https:\/\/nordicpadel.com\/sv\/product\/siux-sanyo-copper-edition-bag\/#breadcrumb","itemListElement":[{"@type":"ListItem","position":1,"name":"Hem","item":"https:\/\/nordicpadel.com\/sv\/"},{"@type":"ListItem","position":2,"name":"Shop","item":"https:\/\/nordicpadel.com\/sv\/shop\/"},{"@type":"ListItem","position":3,"name":"Siux Sanyo Copper Edition + Bag"}]},{"@type":"WebSite","@id":"https:\/\/nordicpadel.com\/sv\/#website","url":"https:\/\/nordicpadel.com\/sv\/","name":"Nordic Padel","description":"","publisher":{"@id":"https:\/\/nordicpadel.com\/sv\/#organization"},"potentialAction":[{"@type":"SearchAction","target":{"@type":"EntryPoint","urlTemplate":"https:\/\/nordicpadel.com\/sv\/?s={search_term_string}"},"query-input":"required name=search_term_string"}],"inLanguage":"sv-SE"},{"@type":"Organization","@id":"https:\/\/nordicpadel.com\/sv\/#organization","name":"Nordic Padel","url":"https:\/\/nordicpadel.com\/sv\/","logo":{"@type":"ImageObject","inLanguage":"sv-SE","@id":"https:\/\/nordicpadel.com\/sv\/#\/schema\/logo\/image\/","url":"https:\/\/nordicpadel.com\/sv\/wp-content\/uploads\/sites\/10\/2022\/12\/Nordic-Padel-small_1-1.png","contentUrl":"https:\/\/nordicpadel.com\/sv\/wp-content\/uploads\/sites\/10\/2022\/12\/Nordic-Padel-small_1-1.png","width":400,"height":119,"caption":"Nordic Padel"},"image":{"@id":"https:\/\/nordicpadel.com\/sv\/#\/schema\/logo\/image\/"}}]}},"brands":[],"_links":{"self":[{"href":"https:\/\/nordicpadel.com\/sv\/wp-json\/wp\/v2\/product\/90455","targetHints":{"allow":["GET"]}}],"collection":[{"href":"https:\/\/nordicpadel.com\/sv\/wp-json\/wp\/v2\/product"}],"about":[{"href":"https:\/\/nordicpadel.com\/sv\/wp-json\/wp\/v2\/types\/product"}],"replies":[{"embeddable":true,"href":"https:\/\/nordicpadel.com\/sv\/wp-json\/wp\/v2\/comments?post=90455"}],"wp:featuredmedia":[{"embeddable":true,"href":"https:\/\/nordicpadel.com\/sv\/wp-json\/wp\/v2\/media\/90442"}],"wp:attachment":[{"href":"https:\/\/nordicpadel.com\/sv\/wp-json\/wp\/v2\/media?parent=90455"}],"wp:term":[{"taxonomy":"pwb-brand","embeddable":true,"href":"https:\/\/nordicpadel.com\/sv\/wp-json\/wp\/v2\/pwb-brand?post=90455"},{"taxonomy":"product_cat","embeddable":true,"href":"https:\/\/nordicpadel.com\/sv\/wp-json\/wp\/v2\/product_cat?post=90455"},{"taxonomy":"product_tag","embeddable":true,"href":"https:\/\/nordicpadel.com\/sv\/wp-json\/wp\/v2\/product_tag?post=90455"},{"taxonomy":"woo-feed-brand","embeddable":true,"href":"https:\/\/nordicpadel.com\/sv\/wp-json\/wp\/v2\/woo-feed-brand?post=90455"}],"curies":[{"name":"wp","href":"https:\/\/api.w.org\/{rel}","templated":true}]}}