{"id":90450,"date":"2025-11-26T18:35:56","date_gmt":"2025-11-26T17:35:56","guid":{"rendered":"https:\/\/nordicpadel.com\/sv\/product\/head-speed-pro\/"},"modified":"2025-11-27T14:47:47","modified_gmt":"2025-11-27T13:47:47","slug":"head-speed-pro","status":"publish","type":"product","link":"https:\/\/nordicpadel.com\/sv\/product\/head-speed-pro\/","title":{"rendered":"HEAD Speed Pro"},"content":{"rendered":"<p>Heads nya Speed-serie bygger vidare p\u00e5 den s\u00e5 omtyckta Alpha-serien. Head producerar som alltid kvalitetsracketar i sin fabrik i \u00d6sterrike, d\u00e4r man ocks\u00e5 producerar sina skidor och tennisracketarna. Resultatet av detta har blivit en \u00f6verl\u00e4gsen kvalitet och ytterst l\u00e5g reklamationsgrad.<br id=\"isPasted\"><\/p>\n<p>Speed Pro har en droppform som ger en bra allround egenskaper och svarar upp fint i det offensiva spelet, samtidigt som det ger bra kontroll l\u00e4ngre bak i banan. Racket har en tr\u00e4ffyta i kol- och glasfiber som tillsammans med Heads Power Foam-k\u00e4rna ger racket fin respons i de offensiva slagen. D\u00e5 ytan, som sagt, \u00e4r tillverkad i en mix av kol- och glasfiber g\u00f6r detta att du dessutom f\u00e5r en relativt f\u00f6rl\u00e5tande bolltr\u00e4ff med bra komfort. Racket l\u00e4mpar sig som vill ha ett v\u00e4lbalanserat racket med s\u00e5v\u00e4l offensiva som defensiva egenskaper.<\/p>\n<p>Vikten ligger n\u00e4mligen p\u00e5 runt 370 gram och \u00e4r det l\u00e4ttaste i Speed-serien och har en h\u00f6g balans. Detta&nbsp;<span id=\"isPasted\" style=\"font-family: sans-serif\">bidrar till en stabil k\u00e4nsla i volley och overhead-spel d\u00e4r du med en lugn sving kan generera mycket fart i bollen.&nbsp;<\/span>Vikten och balansen st\u00e4ller dock h\u00f6gre krav p\u00e5 dig som spelare och vi rekommenderar s\u00e5ledes detta racket f\u00f6r den mer erfarna spelaren.<\/p>\n<p>Nytt f\u00f6r i \u00e5r \u00e4r \u00e4ven att Head lagt in gummi i knoppen som \u00f6kar komforten i greppet och hj\u00e4lper till att f\u00e5nga upp vibrationer fr\u00e5n slagen.<\/p>\n","protected":false},"excerpt":{"rendered":"<p>Heads nya Speed-serie bygger vidare p\u00e5 den s\u00e5 omtyckta Alpha-serien. Head producerar som alltid kvalitetsracketar i sin fabrik i \u00d6sterrike, d\u00e4r man ocks\u00e5 producerar sina skidor och tennisracketarna. Resultatet av detta har blivit en \u00f6verl\u00e4gsen kvalitet och ytterst l\u00e5g reklamationsgrad. Speed Pro har en droppform som ger en bra allround egenskaper och svarar upp fint [&hellip;]<\/p>\n","protected":false},"featured_media":90439,"comment_status":"open","ping_status":"closed","template":"","meta":[],"pwb-brand":[],"product_cat":[459],"product_tag":[],"woo-feed-brand":[],"class_list":{"0":"post-90450","1":"product","2":"type-product","3":"status-publish","4":"has-post-thumbnail","6":"product_cat-head","7":"pa_varumarke-head","9":"first","10":"outofstock","11":"sale","12":"taxable","13":"shipping-taxable","14":"purchasable","15":"product-type-simple"},"bundled_by":[],"bundle_stock_status":"outofstock","bundle_stock_quantity":0,"bundle_virtual":false,"bundle_layout":"","bundle_add_to_cart_form_location":"","bundle_editable_in_cart":false,"bundle_sold_individually_context":"","bundle_item_grouping":"","bundle_min_size":"","bundle_max_size":"","bundled_items":[],"bundle_sell_ids":[],"acf":[],"yoast_head":"<!-- This site is optimized with the Yoast SEO plugin v23.1 - https:\/\/yoast.com\/wordpress\/plugins\/seo\/ -->\n<title>HEAD Speed Pro - Nordic Padel<\/title>\n<meta name=\"robots\" content=\"index, follow, max-snippet:-1, max-image-preview:large, max-video-preview:-1\" \/>\n<link rel=\"canonical\" href=\"https:\/\/nordicpadel.com\/sv\/product\/head-speed-pro\/\" \/>\n<meta property=\"og:locale\" content=\"sv_SE\" \/>\n<meta property=\"og:type\" content=\"article\" \/>\n<meta property=\"og:title\" content=\"HEAD Speed Pro - Nordic Padel\" \/>\n<meta property=\"og:description\" content=\"Heads nya Speed-serie bygger vidare p\u00e5 den s\u00e5 omtyckta Alpha-serien. Head producerar som alltid kvalitetsracketar i sin fabrik i \u00d6sterrike, d\u00e4r man ocks\u00e5 producerar sina skidor och tennisracketarna. Resultatet av detta har blivit en \u00f6verl\u00e4gsen kvalitet och ytterst l\u00e5g reklamationsgrad. Speed Pro har en droppform som ger en bra allround egenskaper och svarar upp fint [&hellip;]\" \/>\n<meta property=\"og:url\" content=\"https:\/\/nordicpadel.com\/sv\/product\/head-speed-pro\/\" \/>\n<meta property=\"og:site_name\" content=\"Nordic Padel\" \/>\n<meta property=\"article:modified_time\" content=\"2025-11-27T13:47:47+00:00\" \/>\n<meta property=\"og:image\" content=\"https:\/\/nordicpadel.com\/sv\/wp-content\/uploads\/sites\/10\/2025\/11\/0c72259eb7570c2c2aa986f9c0a0cd67.png\" \/>\n\t<meta property=\"og:image:width\" content=\"800\" \/>\n\t<meta property=\"og:image:height\" content=\"800\" \/>\n\t<meta property=\"og:image:type\" content=\"image\/png\" \/>\n<meta name=\"twitter:card\" content=\"summary_large_image\" \/>\n<meta name=\"twitter:label1\" content=\"Ber\u00e4knad l\u00e4stid\" \/>\n\t<meta name=\"twitter:data1\" content=\"1 minut\" \/>\n<script type=\"application\/ld+json\" class=\"yoast-schema-graph\">{\"@context\":\"https:\/\/schema.org\",\"@graph\":[{\"@type\":\"WebPage\",\"@id\":\"https:\/\/nordicpadel.com\/sv\/product\/head-speed-pro\/\",\"url\":\"https:\/\/nordicpadel.com\/sv\/product\/head-speed-pro\/\",\"name\":\"HEAD Speed Pro - Nordic Padel\",\"isPartOf\":{\"@id\":\"https:\/\/nordicpadel.com\/sv\/#website\"},\"primaryImageOfPage\":{\"@id\":\"https:\/\/nordicpadel.com\/sv\/product\/head-speed-pro\/#primaryimage\"},\"image\":{\"@id\":\"https:\/\/nordicpadel.com\/sv\/product\/head-speed-pro\/#primaryimage\"},\"thumbnailUrl\":\"https:\/\/nordicpadel.com\/sv\/wp-content\/uploads\/sites\/10\/2025\/11\/0c72259eb7570c2c2aa986f9c0a0cd67.png\",\"datePublished\":\"2025-11-26T17:35:56+00:00\",\"dateModified\":\"2025-11-27T13:47:47+00:00\",\"breadcrumb\":{\"@id\":\"https:\/\/nordicpadel.com\/sv\/product\/head-speed-pro\/#breadcrumb\"},\"inLanguage\":\"sv-SE\",\"potentialAction\":[{\"@type\":\"ReadAction\",\"target\":[\"https:\/\/nordicpadel.com\/sv\/product\/head-speed-pro\/\"]}]},{\"@type\":\"ImageObject\",\"inLanguage\":\"sv-SE\",\"@id\":\"https:\/\/nordicpadel.com\/sv\/product\/head-speed-pro\/#primaryimage\",\"url\":\"https:\/\/nordicpadel.com\/sv\/wp-content\/uploads\/sites\/10\/2025\/11\/0c72259eb7570c2c2aa986f9c0a0cd67.png\",\"contentUrl\":\"https:\/\/nordicpadel.com\/sv\/wp-content\/uploads\/sites\/10\/2025\/11\/0c72259eb7570c2c2aa986f9c0a0cd67.png\",\"width\":800,\"height\":800,\"caption\":\"HEAD Speed Pro\"},{\"@type\":\"BreadcrumbList\",\"@id\":\"https:\/\/nordicpadel.com\/sv\/product\/head-speed-pro\/#breadcrumb\",\"itemListElement\":[{\"@type\":\"ListItem\",\"position\":1,\"name\":\"Hem\",\"item\":\"https:\/\/nordicpadel.com\/sv\/\"},{\"@type\":\"ListItem\",\"position\":2,\"name\":\"Shop\",\"item\":\"https:\/\/nordicpadel.com\/sv\/shop\/\"},{\"@type\":\"ListItem\",\"position\":3,\"name\":\"HEAD Speed Pro\"}]},{\"@type\":\"WebSite\",\"@id\":\"https:\/\/nordicpadel.com\/sv\/#website\",\"url\":\"https:\/\/nordicpadel.com\/sv\/\",\"name\":\"Nordic Padel\",\"description\":\"\",\"publisher\":{\"@id\":\"https:\/\/nordicpadel.com\/sv\/#organization\"},\"potentialAction\":[{\"@type\":\"SearchAction\",\"target\":{\"@type\":\"EntryPoint\",\"urlTemplate\":\"https:\/\/nordicpadel.com\/sv\/?s={search_term_string}\"},\"query-input\":\"required name=search_term_string\"}],\"inLanguage\":\"sv-SE\"},{\"@type\":\"Organization\",\"@id\":\"https:\/\/nordicpadel.com\/sv\/#organization\",\"name\":\"Nordic Padel\",\"url\":\"https:\/\/nordicpadel.com\/sv\/\",\"logo\":{\"@type\":\"ImageObject\",\"inLanguage\":\"sv-SE\",\"@id\":\"https:\/\/nordicpadel.com\/sv\/#\/schema\/logo\/image\/\",\"url\":\"https:\/\/nordicpadel.com\/sv\/wp-content\/uploads\/sites\/10\/2022\/12\/Nordic-Padel-small_1-1.png\",\"contentUrl\":\"https:\/\/nordicpadel.com\/sv\/wp-content\/uploads\/sites\/10\/2022\/12\/Nordic-Padel-small_1-1.png\",\"width\":400,\"height\":119,\"caption\":\"Nordic Padel\"},\"image\":{\"@id\":\"https:\/\/nordicpadel.com\/sv\/#\/schema\/logo\/image\/\"}}]}<\/script>\n<!-- \/ Yoast SEO plugin. -->","yoast_head_json":{"title":"HEAD Speed Pro - Nordic Padel","robots":{"index":"index","follow":"follow","max-snippet":"max-snippet:-1","max-image-preview":"max-image-preview:large","max-video-preview":"max-video-preview:-1"},"canonical":"https:\/\/nordicpadel.com\/sv\/product\/head-speed-pro\/","og_locale":"sv_SE","og_type":"article","og_title":"HEAD Speed Pro - Nordic Padel","og_description":"Heads nya Speed-serie bygger vidare p\u00e5 den s\u00e5 omtyckta Alpha-serien. Head producerar som alltid kvalitetsracketar i sin fabrik i \u00d6sterrike, d\u00e4r man ocks\u00e5 producerar sina skidor och tennisracketarna. Resultatet av detta har blivit en \u00f6verl\u00e4gsen kvalitet och ytterst l\u00e5g reklamationsgrad. Speed Pro har en droppform som ger en bra allround egenskaper och svarar upp fint [&hellip;]","og_url":"https:\/\/nordicpadel.com\/sv\/product\/head-speed-pro\/","og_site_name":"Nordic Padel","article_modified_time":"2025-11-27T13:47:47+00:00","og_image":[{"width":800,"height":800,"url":"https:\/\/nordicpadel.com\/sv\/wp-content\/uploads\/sites\/10\/2025\/11\/0c72259eb7570c2c2aa986f9c0a0cd67.png","type":"image\/png"}],"twitter_card":"summary_large_image","twitter_misc":{"Ber\u00e4knad l\u00e4stid":"1 minut"},"schema":{"@context":"https:\/\/schema.org","@graph":[{"@type":"WebPage","@id":"https:\/\/nordicpadel.com\/sv\/product\/head-speed-pro\/","url":"https:\/\/nordicpadel.com\/sv\/product\/head-speed-pro\/","name":"HEAD Speed Pro - Nordic Padel","isPartOf":{"@id":"https:\/\/nordicpadel.com\/sv\/#website"},"primaryImageOfPage":{"@id":"https:\/\/nordicpadel.com\/sv\/product\/head-speed-pro\/#primaryimage"},"image":{"@id":"https:\/\/nordicpadel.com\/sv\/product\/head-speed-pro\/#primaryimage"},"thumbnailUrl":"https:\/\/nordicpadel.com\/sv\/wp-content\/uploads\/sites\/10\/2025\/11\/0c72259eb7570c2c2aa986f9c0a0cd67.png","datePublished":"2025-11-26T17:35:56+00:00","dateModified":"2025-11-27T13:47:47+00:00","breadcrumb":{"@id":"https:\/\/nordicpadel.com\/sv\/product\/head-speed-pro\/#breadcrumb"},"inLanguage":"sv-SE","potentialAction":[{"@type":"ReadAction","target":["https:\/\/nordicpadel.com\/sv\/product\/head-speed-pro\/"]}]},{"@type":"ImageObject","inLanguage":"sv-SE","@id":"https:\/\/nordicpadel.com\/sv\/product\/head-speed-pro\/#primaryimage","url":"https:\/\/nordicpadel.com\/sv\/wp-content\/uploads\/sites\/10\/2025\/11\/0c72259eb7570c2c2aa986f9c0a0cd67.png","contentUrl":"https:\/\/nordicpadel.com\/sv\/wp-content\/uploads\/sites\/10\/2025\/11\/0c72259eb7570c2c2aa986f9c0a0cd67.png","width":800,"height":800,"caption":"HEAD Speed Pro"},{"@type":"BreadcrumbList","@id":"https:\/\/nordicpadel.com\/sv\/product\/head-speed-pro\/#breadcrumb","itemListElement":[{"@type":"ListItem","position":1,"name":"Hem","item":"https:\/\/nordicpadel.com\/sv\/"},{"@type":"ListItem","position":2,"name":"Shop","item":"https:\/\/nordicpadel.com\/sv\/shop\/"},{"@type":"ListItem","position":3,"name":"HEAD Speed Pro"}]},{"@type":"WebSite","@id":"https:\/\/nordicpadel.com\/sv\/#website","url":"https:\/\/nordicpadel.com\/sv\/","name":"Nordic Padel","description":"","publisher":{"@id":"https:\/\/nordicpadel.com\/sv\/#organization"},"potentialAction":[{"@type":"SearchAction","target":{"@type":"EntryPoint","urlTemplate":"https:\/\/nordicpadel.com\/sv\/?s={search_term_string}"},"query-input":"required name=search_term_string"}],"inLanguage":"sv-SE"},{"@type":"Organization","@id":"https:\/\/nordicpadel.com\/sv\/#organization","name":"Nordic Padel","url":"https:\/\/nordicpadel.com\/sv\/","logo":{"@type":"ImageObject","inLanguage":"sv-SE","@id":"https:\/\/nordicpadel.com\/sv\/#\/schema\/logo\/image\/","url":"https:\/\/nordicpadel.com\/sv\/wp-content\/uploads\/sites\/10\/2022\/12\/Nordic-Padel-small_1-1.png","contentUrl":"https:\/\/nordicpadel.com\/sv\/wp-content\/uploads\/sites\/10\/2022\/12\/Nordic-Padel-small_1-1.png","width":400,"height":119,"caption":"Nordic Padel"},"image":{"@id":"https:\/\/nordicpadel.com\/sv\/#\/schema\/logo\/image\/"}}]}},"brands":[],"_links":{"self":[{"href":"https:\/\/nordicpadel.com\/sv\/wp-json\/wp\/v2\/product\/90450","targetHints":{"allow":["GET"]}}],"collection":[{"href":"https:\/\/nordicpadel.com\/sv\/wp-json\/wp\/v2\/product"}],"about":[{"href":"https:\/\/nordicpadel.com\/sv\/wp-json\/wp\/v2\/types\/product"}],"replies":[{"embeddable":true,"href":"https:\/\/nordicpadel.com\/sv\/wp-json\/wp\/v2\/comments?post=90450"}],"wp:featuredmedia":[{"embeddable":true,"href":"https:\/\/nordicpadel.com\/sv\/wp-json\/wp\/v2\/media\/90439"}],"wp:attachment":[{"href":"https:\/\/nordicpadel.com\/sv\/wp-json\/wp\/v2\/media?parent=90450"}],"wp:term":[{"taxonomy":"pwb-brand","embeddable":true,"href":"https:\/\/nordicpadel.com\/sv\/wp-json\/wp\/v2\/pwb-brand?post=90450"},{"taxonomy":"product_cat","embeddable":true,"href":"https:\/\/nordicpadel.com\/sv\/wp-json\/wp\/v2\/product_cat?post=90450"},{"taxonomy":"product_tag","embeddable":true,"href":"https:\/\/nordicpadel.com\/sv\/wp-json\/wp\/v2\/product_tag?post=90450"},{"taxonomy":"woo-feed-brand","embeddable":true,"href":"https:\/\/nordicpadel.com\/sv\/wp-json\/wp\/v2\/woo-feed-brand?post=90450"}],"curies":[{"name":"wp","href":"https:\/\/api.w.org\/{rel}","templated":true}]}}