{"id":90419,"date":"2025-11-26T18:35:40","date_gmt":"2025-11-26T17:35:40","guid":{"rendered":"https:\/\/nordicpadel.com\/sv\/product\/babolat-viper-juan-lebron\/"},"modified":"2025-11-27T17:15:42","modified_gmt":"2025-11-27T16:15:42","slug":"babolat-viper-juan-lebron","status":"publish","type":"product","link":"https:\/\/nordicpadel.com\/sv\/product\/babolat-viper-juan-lebron\/","title":{"rendered":"Babolat Viper Juan Lebron"},"content":{"rendered":"<p>Ta chansen att spela som v\u00e4rldens h\u00f6gst rankade padelspelare, Juan \u201dEl Lobo\u201d Lebr\u00f3n! Denna nya modell fr\u00e5n Babolat \u00e4r framtagen tillsammans med Lebr\u00f3n och noga anpassad f\u00f6r hans aggressivt offensiva stil och \u00e4r det exakta racket han spelar med p\u00e5 World Padel Tour.<br id=\"isPasted\"><br \/>Viper Juan Lebr\u00f3n \u00e4r diamantformat och har en h\u00f6g balans. Rackets k\u00e4rna best\u00e5r av en solid styv k\u00e4rna f\u00f6r maximal kraft vid bolltr\u00e4ff. Vid h\u00e5rda slag s\u00e5som smash svarar k\u00e4rnan fort och skickar ut bollen med grym fart. Till skillnad fr\u00e5n Babolat Viper Technical s\u00e5 best\u00e5r detta racks tr\u00e4ffyta av 12k kolfiber med ett 40% tjockare karbon-lager. Resultatet \u00e4r en extra styv tr\u00e4ffyta f\u00f6r dominerande explosivitet i slagen. Detta g\u00f6r racket till ett av de absolut mest kraftfulla p\u00e5 marknaden men st\u00e4ller ocks\u00e5 st\u00f6rre krav p\u00e5 dig som spelare.<\/p>\n<p>J\u00e4mf\u00f6rt med andra modeller fr\u00e5n Babolat har Viper Juan Lebr\u00f3n en extra str\u00e4v yta f\u00f6r maximalt grepp p\u00e5 bollen. Ett r\u00e4fflat m\u00f6nster samt en grovkornig sandpapperyta levererar h\u00f6gsta m\u00f6jliga spinneffekt.<\/p>\n<p>Vidare \u00e4r samtliga toppmodeller fr\u00e5n Babolat \u00e4r designade med HPS-Technology, vilket inneb\u00e4r att h\u00e5len i racket \u00e4r strategisk placerade och anpassade efter rackets form. Just denna modell har tv\u00e5 extra h\u00e5l borrade i botten p\u00e5 racket f\u00f6r att kompensera f\u00f6r styvheten, ut\u00f6ka sweetspoten i rackets nedre del och underl\u00e4tta defensiva slag.<\/p>\n<p>F\u00f6r att g\u00f6ra detta styva racket mer skonsamt har Babolat implementerat ett d\u00e4mpningssystem f\u00f6r att minimera vibrationer i racket som kan leda till skador. Med nya uppdaterade Vibrasorb System2 reduceras vibrationerna ytterligare f\u00f6r att ge mer k\u00e4nsla, ut\u00f6kad komfort och mindre st\u00f6tar i slagen.<\/p>\n<p>Ytterligare en nyhet \u00e4r m\u00f6jligheten att ta av och byta handledsrem p\u00e5 racket. Oavsett om du vill byta f\u00e4rg eller l\u00e4gga det i tv\u00e4ttmaskinen tar det inte mer \u00e4n n\u00e5gra sekunder att ta av eller s\u00e4tta p\u00e5 ett nytt.<\/p>\n<p>Viper Juan Lebr\u00f3n levereras i en exklusiv box tillsammans med tv\u00e5 handledsremmar i olika f\u00e4rg.<\/p>\n<p><span id=\"isPasted\" style=\"font-family: sans-serif;font-size: 14px;font-style: normal;font-weight: 400;letter-spacing: normal;text-align: left;text-indent: 0px;text-transform: none;display: inline !important;float: none\">\u00c4r du intresserad av att testspela racket? Vi skickar racket till dig och l\u00e5ter dig testspela det i en vecka f\u00f6r 269kr. Kontakta oss via mail om du \u00e4r intresserad av detta.<\/span><\/p>\n","protected":false},"excerpt":{"rendered":"<p>Ta chansen att spela som v\u00e4rldens h\u00f6gst rankade padelspelare, Juan \u201dEl Lobo\u201d Lebr\u00f3n! Denna nya modell fr\u00e5n Babolat \u00e4r framtagen tillsammans med Lebr\u00f3n och noga anpassad f\u00f6r hans aggressivt offensiva stil och \u00e4r det exakta racket han spelar med p\u00e5 World Padel Tour.Viper Juan Lebr\u00f3n \u00e4r diamantformat och har en h\u00f6g balans. Rackets k\u00e4rna best\u00e5r [&hellip;]<\/p>\n","protected":false},"featured_media":90404,"comment_status":"open","ping_status":"closed","template":"","meta":[],"pwb-brand":[],"product_cat":[456],"product_tag":[],"woo-feed-brand":[],"class_list":{"0":"post-90419","1":"product","2":"type-product","3":"status-publish","4":"has-post-thumbnail","6":"product_cat-babolat","7":"pa_varumarke-babolat","9":"first","10":"outofstock","11":"sale","12":"taxable","13":"shipping-taxable","14":"purchasable","15":"product-type-simple"},"bundled_by":[],"bundle_stock_status":"outofstock","bundle_stock_quantity":0,"bundle_virtual":false,"bundle_layout":"","bundle_add_to_cart_form_location":"","bundle_editable_in_cart":false,"bundle_sold_individually_context":"","bundle_item_grouping":"","bundle_min_size":"","bundle_max_size":"","bundled_items":[],"bundle_sell_ids":[],"acf":[],"yoast_head":"<!-- This site is optimized with the Yoast SEO plugin v23.1 - https:\/\/yoast.com\/wordpress\/plugins\/seo\/ -->\n<title>Babolat Viper Juan Lebron - Nordic Padel<\/title>\n<meta name=\"robots\" content=\"index, follow, max-snippet:-1, max-image-preview:large, max-video-preview:-1\" \/>\n<link rel=\"canonical\" href=\"https:\/\/nordicpadel.com\/sv\/product\/babolat-viper-juan-lebron\/\" \/>\n<meta property=\"og:locale\" content=\"sv_SE\" \/>\n<meta property=\"og:type\" content=\"article\" \/>\n<meta property=\"og:title\" content=\"Babolat Viper Juan Lebron - Nordic Padel\" \/>\n<meta property=\"og:description\" content=\"Ta chansen att spela som v\u00e4rldens h\u00f6gst rankade padelspelare, Juan \u201dEl Lobo\u201d Lebr\u00f3n! Denna nya modell fr\u00e5n Babolat \u00e4r framtagen tillsammans med Lebr\u00f3n och noga anpassad f\u00f6r hans aggressivt offensiva stil och \u00e4r det exakta racket han spelar med p\u00e5 World Padel Tour.Viper Juan Lebr\u00f3n \u00e4r diamantformat och har en h\u00f6g balans. Rackets k\u00e4rna best\u00e5r [&hellip;]\" \/>\n<meta property=\"og:url\" content=\"https:\/\/nordicpadel.com\/sv\/product\/babolat-viper-juan-lebron\/\" \/>\n<meta property=\"og:site_name\" content=\"Nordic Padel\" \/>\n<meta property=\"article:modified_time\" content=\"2025-11-27T16:15:42+00:00\" \/>\n<meta property=\"og:image\" content=\"https:\/\/nordicpadel.com\/sv\/wp-content\/uploads\/sites\/10\/2025\/11\/0ec12959e7d6825378f67c59577d4897.png\" \/>\n\t<meta property=\"og:image:width\" content=\"800\" \/>\n\t<meta property=\"og:image:height\" content=\"800\" \/>\n\t<meta property=\"og:image:type\" content=\"image\/png\" \/>\n<meta name=\"twitter:card\" content=\"summary_large_image\" \/>\n<meta name=\"twitter:label1\" content=\"Ber\u00e4knad l\u00e4stid\" \/>\n\t<meta name=\"twitter:data1\" content=\"2 minuter\" \/>\n<script type=\"application\/ld+json\" class=\"yoast-schema-graph\">{\"@context\":\"https:\/\/schema.org\",\"@graph\":[{\"@type\":\"WebPage\",\"@id\":\"https:\/\/nordicpadel.com\/sv\/product\/babolat-viper-juan-lebron\/\",\"url\":\"https:\/\/nordicpadel.com\/sv\/product\/babolat-viper-juan-lebron\/\",\"name\":\"Babolat Viper Juan Lebron - Nordic Padel\",\"isPartOf\":{\"@id\":\"https:\/\/nordicpadel.com\/sv\/#website\"},\"primaryImageOfPage\":{\"@id\":\"https:\/\/nordicpadel.com\/sv\/product\/babolat-viper-juan-lebron\/#primaryimage\"},\"image\":{\"@id\":\"https:\/\/nordicpadel.com\/sv\/product\/babolat-viper-juan-lebron\/#primaryimage\"},\"thumbnailUrl\":\"https:\/\/nordicpadel.com\/sv\/wp-content\/uploads\/sites\/10\/2025\/11\/0ec12959e7d6825378f67c59577d4897.png\",\"datePublished\":\"2025-11-26T17:35:40+00:00\",\"dateModified\":\"2025-11-27T16:15:42+00:00\",\"breadcrumb\":{\"@id\":\"https:\/\/nordicpadel.com\/sv\/product\/babolat-viper-juan-lebron\/#breadcrumb\"},\"inLanguage\":\"sv-SE\",\"potentialAction\":[{\"@type\":\"ReadAction\",\"target\":[\"https:\/\/nordicpadel.com\/sv\/product\/babolat-viper-juan-lebron\/\"]}]},{\"@type\":\"ImageObject\",\"inLanguage\":\"sv-SE\",\"@id\":\"https:\/\/nordicpadel.com\/sv\/product\/babolat-viper-juan-lebron\/#primaryimage\",\"url\":\"https:\/\/nordicpadel.com\/sv\/wp-content\/uploads\/sites\/10\/2025\/11\/0ec12959e7d6825378f67c59577d4897.png\",\"contentUrl\":\"https:\/\/nordicpadel.com\/sv\/wp-content\/uploads\/sites\/10\/2025\/11\/0ec12959e7d6825378f67c59577d4897.png\",\"width\":800,\"height\":800,\"caption\":\"Babolat Viper Juan Lebron\"},{\"@type\":\"BreadcrumbList\",\"@id\":\"https:\/\/nordicpadel.com\/sv\/product\/babolat-viper-juan-lebron\/#breadcrumb\",\"itemListElement\":[{\"@type\":\"ListItem\",\"position\":1,\"name\":\"Hem\",\"item\":\"https:\/\/nordicpadel.com\/sv\/\"},{\"@type\":\"ListItem\",\"position\":2,\"name\":\"Shop\",\"item\":\"https:\/\/nordicpadel.com\/sv\/shop\/\"},{\"@type\":\"ListItem\",\"position\":3,\"name\":\"Babolat Viper Juan Lebron\"}]},{\"@type\":\"WebSite\",\"@id\":\"https:\/\/nordicpadel.com\/sv\/#website\",\"url\":\"https:\/\/nordicpadel.com\/sv\/\",\"name\":\"Nordic Padel\",\"description\":\"\",\"publisher\":{\"@id\":\"https:\/\/nordicpadel.com\/sv\/#organization\"},\"potentialAction\":[{\"@type\":\"SearchAction\",\"target\":{\"@type\":\"EntryPoint\",\"urlTemplate\":\"https:\/\/nordicpadel.com\/sv\/?s={search_term_string}\"},\"query-input\":\"required name=search_term_string\"}],\"inLanguage\":\"sv-SE\"},{\"@type\":\"Organization\",\"@id\":\"https:\/\/nordicpadel.com\/sv\/#organization\",\"name\":\"Nordic Padel\",\"url\":\"https:\/\/nordicpadel.com\/sv\/\",\"logo\":{\"@type\":\"ImageObject\",\"inLanguage\":\"sv-SE\",\"@id\":\"https:\/\/nordicpadel.com\/sv\/#\/schema\/logo\/image\/\",\"url\":\"https:\/\/nordicpadel.com\/sv\/wp-content\/uploads\/sites\/10\/2022\/12\/Nordic-Padel-small_1-1.png\",\"contentUrl\":\"https:\/\/nordicpadel.com\/sv\/wp-content\/uploads\/sites\/10\/2022\/12\/Nordic-Padel-small_1-1.png\",\"width\":400,\"height\":119,\"caption\":\"Nordic Padel\"},\"image\":{\"@id\":\"https:\/\/nordicpadel.com\/sv\/#\/schema\/logo\/image\/\"}}]}<\/script>\n<!-- \/ Yoast SEO plugin. -->","yoast_head_json":{"title":"Babolat Viper Juan Lebron - Nordic Padel","robots":{"index":"index","follow":"follow","max-snippet":"max-snippet:-1","max-image-preview":"max-image-preview:large","max-video-preview":"max-video-preview:-1"},"canonical":"https:\/\/nordicpadel.com\/sv\/product\/babolat-viper-juan-lebron\/","og_locale":"sv_SE","og_type":"article","og_title":"Babolat Viper Juan Lebron - Nordic Padel","og_description":"Ta chansen att spela som v\u00e4rldens h\u00f6gst rankade padelspelare, Juan \u201dEl Lobo\u201d Lebr\u00f3n! Denna nya modell fr\u00e5n Babolat \u00e4r framtagen tillsammans med Lebr\u00f3n och noga anpassad f\u00f6r hans aggressivt offensiva stil och \u00e4r det exakta racket han spelar med p\u00e5 World Padel Tour.Viper Juan Lebr\u00f3n \u00e4r diamantformat och har en h\u00f6g balans. Rackets k\u00e4rna best\u00e5r [&hellip;]","og_url":"https:\/\/nordicpadel.com\/sv\/product\/babolat-viper-juan-lebron\/","og_site_name":"Nordic Padel","article_modified_time":"2025-11-27T16:15:42+00:00","og_image":[{"width":800,"height":800,"url":"https:\/\/nordicpadel.com\/sv\/wp-content\/uploads\/sites\/10\/2025\/11\/0ec12959e7d6825378f67c59577d4897.png","type":"image\/png"}],"twitter_card":"summary_large_image","twitter_misc":{"Ber\u00e4knad l\u00e4stid":"2 minuter"},"schema":{"@context":"https:\/\/schema.org","@graph":[{"@type":"WebPage","@id":"https:\/\/nordicpadel.com\/sv\/product\/babolat-viper-juan-lebron\/","url":"https:\/\/nordicpadel.com\/sv\/product\/babolat-viper-juan-lebron\/","name":"Babolat Viper Juan Lebron - Nordic Padel","isPartOf":{"@id":"https:\/\/nordicpadel.com\/sv\/#website"},"primaryImageOfPage":{"@id":"https:\/\/nordicpadel.com\/sv\/product\/babolat-viper-juan-lebron\/#primaryimage"},"image":{"@id":"https:\/\/nordicpadel.com\/sv\/product\/babolat-viper-juan-lebron\/#primaryimage"},"thumbnailUrl":"https:\/\/nordicpadel.com\/sv\/wp-content\/uploads\/sites\/10\/2025\/11\/0ec12959e7d6825378f67c59577d4897.png","datePublished":"2025-11-26T17:35:40+00:00","dateModified":"2025-11-27T16:15:42+00:00","breadcrumb":{"@id":"https:\/\/nordicpadel.com\/sv\/product\/babolat-viper-juan-lebron\/#breadcrumb"},"inLanguage":"sv-SE","potentialAction":[{"@type":"ReadAction","target":["https:\/\/nordicpadel.com\/sv\/product\/babolat-viper-juan-lebron\/"]}]},{"@type":"ImageObject","inLanguage":"sv-SE","@id":"https:\/\/nordicpadel.com\/sv\/product\/babolat-viper-juan-lebron\/#primaryimage","url":"https:\/\/nordicpadel.com\/sv\/wp-content\/uploads\/sites\/10\/2025\/11\/0ec12959e7d6825378f67c59577d4897.png","contentUrl":"https:\/\/nordicpadel.com\/sv\/wp-content\/uploads\/sites\/10\/2025\/11\/0ec12959e7d6825378f67c59577d4897.png","width":800,"height":800,"caption":"Babolat Viper Juan Lebron"},{"@type":"BreadcrumbList","@id":"https:\/\/nordicpadel.com\/sv\/product\/babolat-viper-juan-lebron\/#breadcrumb","itemListElement":[{"@type":"ListItem","position":1,"name":"Hem","item":"https:\/\/nordicpadel.com\/sv\/"},{"@type":"ListItem","position":2,"name":"Shop","item":"https:\/\/nordicpadel.com\/sv\/shop\/"},{"@type":"ListItem","position":3,"name":"Babolat Viper Juan Lebron"}]},{"@type":"WebSite","@id":"https:\/\/nordicpadel.com\/sv\/#website","url":"https:\/\/nordicpadel.com\/sv\/","name":"Nordic Padel","description":"","publisher":{"@id":"https:\/\/nordicpadel.com\/sv\/#organization"},"potentialAction":[{"@type":"SearchAction","target":{"@type":"EntryPoint","urlTemplate":"https:\/\/nordicpadel.com\/sv\/?s={search_term_string}"},"query-input":"required name=search_term_string"}],"inLanguage":"sv-SE"},{"@type":"Organization","@id":"https:\/\/nordicpadel.com\/sv\/#organization","name":"Nordic Padel","url":"https:\/\/nordicpadel.com\/sv\/","logo":{"@type":"ImageObject","inLanguage":"sv-SE","@id":"https:\/\/nordicpadel.com\/sv\/#\/schema\/logo\/image\/","url":"https:\/\/nordicpadel.com\/sv\/wp-content\/uploads\/sites\/10\/2022\/12\/Nordic-Padel-small_1-1.png","contentUrl":"https:\/\/nordicpadel.com\/sv\/wp-content\/uploads\/sites\/10\/2022\/12\/Nordic-Padel-small_1-1.png","width":400,"height":119,"caption":"Nordic Padel"},"image":{"@id":"https:\/\/nordicpadel.com\/sv\/#\/schema\/logo\/image\/"}}]}},"brands":[],"_links":{"self":[{"href":"https:\/\/nordicpadel.com\/sv\/wp-json\/wp\/v2\/product\/90419","targetHints":{"allow":["GET"]}}],"collection":[{"href":"https:\/\/nordicpadel.com\/sv\/wp-json\/wp\/v2\/product"}],"about":[{"href":"https:\/\/nordicpadel.com\/sv\/wp-json\/wp\/v2\/types\/product"}],"replies":[{"embeddable":true,"href":"https:\/\/nordicpadel.com\/sv\/wp-json\/wp\/v2\/comments?post=90419"}],"wp:featuredmedia":[{"embeddable":true,"href":"https:\/\/nordicpadel.com\/sv\/wp-json\/wp\/v2\/media\/90404"}],"wp:attachment":[{"href":"https:\/\/nordicpadel.com\/sv\/wp-json\/wp\/v2\/media?parent=90419"}],"wp:term":[{"taxonomy":"pwb-brand","embeddable":true,"href":"https:\/\/nordicpadel.com\/sv\/wp-json\/wp\/v2\/pwb-brand?post=90419"},{"taxonomy":"product_cat","embeddable":true,"href":"https:\/\/nordicpadel.com\/sv\/wp-json\/wp\/v2\/product_cat?post=90419"},{"taxonomy":"product_tag","embeddable":true,"href":"https:\/\/nordicpadel.com\/sv\/wp-json\/wp\/v2\/product_tag?post=90419"},{"taxonomy":"woo-feed-brand","embeddable":true,"href":"https:\/\/nordicpadel.com\/sv\/wp-json\/wp\/v2\/woo-feed-brand?post=90419"}],"curies":[{"name":"wp","href":"https:\/\/api.w.org\/{rel}","templated":true}]}}