{"id":90402,"date":"2025-11-26T18:35:31","date_gmt":"2025-11-26T17:35:31","guid":{"rendered":"https:\/\/nordicpadel.com\/sv\/product\/adidas-adipower-light-3-2\/"},"modified":"2025-11-26T19:19:48","modified_gmt":"2025-11-26T18:19:48","slug":"adidas-adipower-light-3-2","status":"publish","type":"product","link":"https:\/\/nordicpadel.com\/sv\/product\/adidas-adipower-light-3-2\/","title":{"rendered":"Adidas Adipower Light 3.2"},"content":{"rendered":"<p>Adidas Adipower Light 3.2 2023 \u00e5rs vidareutveckling av Adipower Light-modellen. Racket har sedvanligt en rund form med medelbalans. Racket har en tr\u00e4ffyta tillverkad i 24k aluminizerat kolfiber och ger en v\u00e4ldigt fin respons i bolltr\u00e4ffen. Detta \u00e4r det mest styva tr\u00e4ffytan fr\u00e5n Adidas men i kombination med denna \u00e5terfinns en mjuk EVA Soft-k\u00e4rna i racket som ger en v\u00e4ldigt komfortabel och mer f\u00f6rl\u00e5tande bolltr\u00e4ff. S\u00e5ledes kan det s\u00e4gas att Adidas h\u00e4r kombinerar det b\u00e4sta av tv\u00e5 v\u00e4rldar, d\u00e4r tr\u00e4ffytan ger grym tillg\u00e5ng till fart samtidigt som k\u00e4rnan bidrar mer komfort och dessutom g\u00f6r racket mer f\u00f6rl\u00e5tande med en st\u00f6rre sweet spot.<\/p>\n<p>Vidare s\u00e5 har tr\u00e4ffytan fortsatt Spin Blade-teknologin, knottrig yta, som greppar tag om bollen och skapar mer spinn i slagen. Ramen \u00e4r likt tidigare \u00e5rsmodeller utformad med Dual Exoskeleton, en kolfiberkonstruktion som ger ett extra vridstyvt och h\u00e5llbart racket.<\/p>\n<p>Detta \u00e4r ett otroligt popul\u00e4rt racket f\u00f6r damer som spelat ett tag och som vill ha lite mer fart i spelet men fortfarande f\u00f6redrar ett l\u00e4ttare racket.<\/p>\n<p>Vikten ligger p\u00e5 ca 350-355 gram.<\/p>\n","protected":false},"excerpt":{"rendered":"<p>Adidas Adipower Light 3.2 2023 \u00e5rs vidareutveckling av Adipower Light-modellen. Racket har sedvanligt en rund form med medelbalans. Racket har en tr\u00e4ffyta tillverkad i 24k aluminizerat kolfiber och ger en v\u00e4ldigt fin respons i bolltr\u00e4ffen. Detta \u00e4r det mest styva tr\u00e4ffytan fr\u00e5n Adidas men i kombination med denna \u00e5terfinns en mjuk EVA Soft-k\u00e4rna i racket [&hellip;]<\/p>\n","protected":false},"featured_media":90396,"comment_status":"open","ping_status":"closed","template":"","meta":[],"pwb-brand":[],"product_cat":[16],"product_tag":[],"woo-feed-brand":[],"class_list":{"0":"post-90402","1":"product","2":"type-product","3":"status-publish","4":"has-post-thumbnail","6":"product_cat-padelracket","7":"pa_varumarke-adidas","9":"first","10":"outofstock","11":"taxable","12":"shipping-taxable","13":"purchasable","14":"product-type-simple"},"bundled_by":[],"bundle_stock_status":"outofstock","bundle_stock_quantity":0,"bundle_virtual":false,"bundle_layout":"","bundle_add_to_cart_form_location":"","bundle_editable_in_cart":false,"bundle_sold_individually_context":"","bundle_item_grouping":"","bundle_min_size":"","bundle_max_size":"","bundled_items":[],"bundle_sell_ids":[],"acf":[],"yoast_head":"<!-- This site is optimized with the Yoast SEO plugin v23.1 - https:\/\/yoast.com\/wordpress\/plugins\/seo\/ -->\n<title>Adidas Adipower Light 3.2 - Nordic Padel<\/title>\n<meta name=\"robots\" content=\"index, follow, max-snippet:-1, max-image-preview:large, max-video-preview:-1\" \/>\n<link rel=\"canonical\" href=\"https:\/\/nordicpadel.com\/sv\/product\/adidas-adipower-light-3-2\/\" \/>\n<meta property=\"og:locale\" content=\"sv_SE\" \/>\n<meta property=\"og:type\" content=\"article\" \/>\n<meta property=\"og:title\" content=\"Adidas Adipower Light 3.2 - Nordic Padel\" \/>\n<meta property=\"og:description\" content=\"Adidas Adipower Light 3.2 2023 \u00e5rs vidareutveckling av Adipower Light-modellen. Racket har sedvanligt en rund form med medelbalans. Racket har en tr\u00e4ffyta tillverkad i 24k aluminizerat kolfiber och ger en v\u00e4ldigt fin respons i bolltr\u00e4ffen. Detta \u00e4r det mest styva tr\u00e4ffytan fr\u00e5n Adidas men i kombination med denna \u00e5terfinns en mjuk EVA Soft-k\u00e4rna i racket [&hellip;]\" \/>\n<meta property=\"og:url\" content=\"https:\/\/nordicpadel.com\/sv\/product\/adidas-adipower-light-3-2\/\" \/>\n<meta property=\"og:site_name\" content=\"Nordic Padel\" \/>\n<meta property=\"article:modified_time\" content=\"2025-11-26T18:19:48+00:00\" \/>\n<meta name=\"twitter:card\" content=\"summary_large_image\" \/>\n<meta name=\"twitter:label1\" content=\"Ber\u00e4knad l\u00e4stid\" \/>\n\t<meta name=\"twitter:data1\" content=\"1 minut\" \/>\n<script type=\"application\/ld+json\" class=\"yoast-schema-graph\">{\"@context\":\"https:\/\/schema.org\",\"@graph\":[{\"@type\":\"WebPage\",\"@id\":\"https:\/\/nordicpadel.com\/sv\/product\/adidas-adipower-light-3-2\/\",\"url\":\"https:\/\/nordicpadel.com\/sv\/product\/adidas-adipower-light-3-2\/\",\"name\":\"Adidas Adipower Light 3.2 - Nordic Padel\",\"isPartOf\":{\"@id\":\"https:\/\/nordicpadel.com\/sv\/#website\"},\"primaryImageOfPage\":{\"@id\":\"https:\/\/nordicpadel.com\/sv\/product\/adidas-adipower-light-3-2\/#primaryimage\"},\"image\":{\"@id\":\"https:\/\/nordicpadel.com\/sv\/product\/adidas-adipower-light-3-2\/#primaryimage\"},\"thumbnailUrl\":\"https:\/\/nordicpadel.com\/sv\/wp-content\/uploads\/sites\/10\/2025\/11\/d87783866a11e5e1002ad81274bb0e8d.png\",\"datePublished\":\"2025-11-26T17:35:31+00:00\",\"dateModified\":\"2025-11-26T18:19:48+00:00\",\"breadcrumb\":{\"@id\":\"https:\/\/nordicpadel.com\/sv\/product\/adidas-adipower-light-3-2\/#breadcrumb\"},\"inLanguage\":\"sv-SE\",\"potentialAction\":[{\"@type\":\"ReadAction\",\"target\":[\"https:\/\/nordicpadel.com\/sv\/product\/adidas-adipower-light-3-2\/\"]}]},{\"@type\":\"ImageObject\",\"inLanguage\":\"sv-SE\",\"@id\":\"https:\/\/nordicpadel.com\/sv\/product\/adidas-adipower-light-3-2\/#primaryimage\",\"url\":\"https:\/\/nordicpadel.com\/sv\/wp-content\/uploads\/sites\/10\/2025\/11\/d87783866a11e5e1002ad81274bb0e8d.png\",\"contentUrl\":\"https:\/\/nordicpadel.com\/sv\/wp-content\/uploads\/sites\/10\/2025\/11\/d87783866a11e5e1002ad81274bb0e8d.png\",\"width\":800,\"height\":800,\"caption\":\"Adidas Adipower Light 3.2\"},{\"@type\":\"BreadcrumbList\",\"@id\":\"https:\/\/nordicpadel.com\/sv\/product\/adidas-adipower-light-3-2\/#breadcrumb\",\"itemListElement\":[{\"@type\":\"ListItem\",\"position\":1,\"name\":\"Hem\",\"item\":\"https:\/\/nordicpadel.com\/sv\/\"},{\"@type\":\"ListItem\",\"position\":2,\"name\":\"Shop\",\"item\":\"https:\/\/nordicpadel.com\/sv\/shop\/\"},{\"@type\":\"ListItem\",\"position\":3,\"name\":\"Adidas Adipower Light 3.2\"}]},{\"@type\":\"WebSite\",\"@id\":\"https:\/\/nordicpadel.com\/sv\/#website\",\"url\":\"https:\/\/nordicpadel.com\/sv\/\",\"name\":\"Nordic Padel\",\"description\":\"\",\"publisher\":{\"@id\":\"https:\/\/nordicpadel.com\/sv\/#organization\"},\"potentialAction\":[{\"@type\":\"SearchAction\",\"target\":{\"@type\":\"EntryPoint\",\"urlTemplate\":\"https:\/\/nordicpadel.com\/sv\/?s={search_term_string}\"},\"query-input\":\"required name=search_term_string\"}],\"inLanguage\":\"sv-SE\"},{\"@type\":\"Organization\",\"@id\":\"https:\/\/nordicpadel.com\/sv\/#organization\",\"name\":\"Nordic Padel\",\"url\":\"https:\/\/nordicpadel.com\/sv\/\",\"logo\":{\"@type\":\"ImageObject\",\"inLanguage\":\"sv-SE\",\"@id\":\"https:\/\/nordicpadel.com\/sv\/#\/schema\/logo\/image\/\",\"url\":\"https:\/\/nordicpadel.com\/sv\/wp-content\/uploads\/sites\/10\/2022\/12\/Nordic-Padel-small_1-1.png\",\"contentUrl\":\"https:\/\/nordicpadel.com\/sv\/wp-content\/uploads\/sites\/10\/2022\/12\/Nordic-Padel-small_1-1.png\",\"width\":400,\"height\":119,\"caption\":\"Nordic Padel\"},\"image\":{\"@id\":\"https:\/\/nordicpadel.com\/sv\/#\/schema\/logo\/image\/\"}}]}<\/script>\n<!-- \/ Yoast SEO plugin. -->","yoast_head_json":{"title":"Adidas Adipower Light 3.2 - Nordic Padel","robots":{"index":"index","follow":"follow","max-snippet":"max-snippet:-1","max-image-preview":"max-image-preview:large","max-video-preview":"max-video-preview:-1"},"canonical":"https:\/\/nordicpadel.com\/sv\/product\/adidas-adipower-light-3-2\/","og_locale":"sv_SE","og_type":"article","og_title":"Adidas Adipower Light 3.2 - Nordic Padel","og_description":"Adidas Adipower Light 3.2 2023 \u00e5rs vidareutveckling av Adipower Light-modellen. Racket har sedvanligt en rund form med medelbalans. Racket har en tr\u00e4ffyta tillverkad i 24k aluminizerat kolfiber och ger en v\u00e4ldigt fin respons i bolltr\u00e4ffen. Detta \u00e4r det mest styva tr\u00e4ffytan fr\u00e5n Adidas men i kombination med denna \u00e5terfinns en mjuk EVA Soft-k\u00e4rna i racket [&hellip;]","og_url":"https:\/\/nordicpadel.com\/sv\/product\/adidas-adipower-light-3-2\/","og_site_name":"Nordic Padel","article_modified_time":"2025-11-26T18:19:48+00:00","twitter_card":"summary_large_image","twitter_misc":{"Ber\u00e4knad l\u00e4stid":"1 minut"},"schema":{"@context":"https:\/\/schema.org","@graph":[{"@type":"WebPage","@id":"https:\/\/nordicpadel.com\/sv\/product\/adidas-adipower-light-3-2\/","url":"https:\/\/nordicpadel.com\/sv\/product\/adidas-adipower-light-3-2\/","name":"Adidas Adipower Light 3.2 - Nordic Padel","isPartOf":{"@id":"https:\/\/nordicpadel.com\/sv\/#website"},"primaryImageOfPage":{"@id":"https:\/\/nordicpadel.com\/sv\/product\/adidas-adipower-light-3-2\/#primaryimage"},"image":{"@id":"https:\/\/nordicpadel.com\/sv\/product\/adidas-adipower-light-3-2\/#primaryimage"},"thumbnailUrl":"https:\/\/nordicpadel.com\/sv\/wp-content\/uploads\/sites\/10\/2025\/11\/d87783866a11e5e1002ad81274bb0e8d.png","datePublished":"2025-11-26T17:35:31+00:00","dateModified":"2025-11-26T18:19:48+00:00","breadcrumb":{"@id":"https:\/\/nordicpadel.com\/sv\/product\/adidas-adipower-light-3-2\/#breadcrumb"},"inLanguage":"sv-SE","potentialAction":[{"@type":"ReadAction","target":["https:\/\/nordicpadel.com\/sv\/product\/adidas-adipower-light-3-2\/"]}]},{"@type":"ImageObject","inLanguage":"sv-SE","@id":"https:\/\/nordicpadel.com\/sv\/product\/adidas-adipower-light-3-2\/#primaryimage","url":"https:\/\/nordicpadel.com\/sv\/wp-content\/uploads\/sites\/10\/2025\/11\/d87783866a11e5e1002ad81274bb0e8d.png","contentUrl":"https:\/\/nordicpadel.com\/sv\/wp-content\/uploads\/sites\/10\/2025\/11\/d87783866a11e5e1002ad81274bb0e8d.png","width":800,"height":800,"caption":"Adidas Adipower Light 3.2"},{"@type":"BreadcrumbList","@id":"https:\/\/nordicpadel.com\/sv\/product\/adidas-adipower-light-3-2\/#breadcrumb","itemListElement":[{"@type":"ListItem","position":1,"name":"Hem","item":"https:\/\/nordicpadel.com\/sv\/"},{"@type":"ListItem","position":2,"name":"Shop","item":"https:\/\/nordicpadel.com\/sv\/shop\/"},{"@type":"ListItem","position":3,"name":"Adidas Adipower Light 3.2"}]},{"@type":"WebSite","@id":"https:\/\/nordicpadel.com\/sv\/#website","url":"https:\/\/nordicpadel.com\/sv\/","name":"Nordic Padel","description":"","publisher":{"@id":"https:\/\/nordicpadel.com\/sv\/#organization"},"potentialAction":[{"@type":"SearchAction","target":{"@type":"EntryPoint","urlTemplate":"https:\/\/nordicpadel.com\/sv\/?s={search_term_string}"},"query-input":"required name=search_term_string"}],"inLanguage":"sv-SE"},{"@type":"Organization","@id":"https:\/\/nordicpadel.com\/sv\/#organization","name":"Nordic Padel","url":"https:\/\/nordicpadel.com\/sv\/","logo":{"@type":"ImageObject","inLanguage":"sv-SE","@id":"https:\/\/nordicpadel.com\/sv\/#\/schema\/logo\/image\/","url":"https:\/\/nordicpadel.com\/sv\/wp-content\/uploads\/sites\/10\/2022\/12\/Nordic-Padel-small_1-1.png","contentUrl":"https:\/\/nordicpadel.com\/sv\/wp-content\/uploads\/sites\/10\/2022\/12\/Nordic-Padel-small_1-1.png","width":400,"height":119,"caption":"Nordic Padel"},"image":{"@id":"https:\/\/nordicpadel.com\/sv\/#\/schema\/logo\/image\/"}}]}},"brands":[],"_links":{"self":[{"href":"https:\/\/nordicpadel.com\/sv\/wp-json\/wp\/v2\/product\/90402","targetHints":{"allow":["GET"]}}],"collection":[{"href":"https:\/\/nordicpadel.com\/sv\/wp-json\/wp\/v2\/product"}],"about":[{"href":"https:\/\/nordicpadel.com\/sv\/wp-json\/wp\/v2\/types\/product"}],"replies":[{"embeddable":true,"href":"https:\/\/nordicpadel.com\/sv\/wp-json\/wp\/v2\/comments?post=90402"}],"wp:featuredmedia":[{"embeddable":true,"href":"https:\/\/nordicpadel.com\/sv\/wp-json\/wp\/v2\/media\/90396"}],"wp:attachment":[{"href":"https:\/\/nordicpadel.com\/sv\/wp-json\/wp\/v2\/media?parent=90402"}],"wp:term":[{"taxonomy":"pwb-brand","embeddable":true,"href":"https:\/\/nordicpadel.com\/sv\/wp-json\/wp\/v2\/pwb-brand?post=90402"},{"taxonomy":"product_cat","embeddable":true,"href":"https:\/\/nordicpadel.com\/sv\/wp-json\/wp\/v2\/product_cat?post=90402"},{"taxonomy":"product_tag","embeddable":true,"href":"https:\/\/nordicpadel.com\/sv\/wp-json\/wp\/v2\/product_tag?post=90402"},{"taxonomy":"woo-feed-brand","embeddable":true,"href":"https:\/\/nordicpadel.com\/sv\/wp-json\/wp\/v2\/woo-feed-brand?post=90402"}],"curies":[{"name":"wp","href":"https:\/\/api.w.org\/{rel}","templated":true}]}}