{"id":90393,"date":"2025-11-26T18:35:22","date_gmt":"2025-11-26T17:35:22","guid":{"rendered":"https:\/\/nordicpadel.com\/sv\/product\/adidas-metalbone-ctrl-3-2\/"},"modified":"2025-11-27T08:49:57","modified_gmt":"2025-11-27T07:49:57","slug":"adidas-metalbone-ctrl-3-2","status":"publish","type":"product","link":"https:\/\/nordicpadel.com\/sv\/product\/adidas-metalbone-ctrl-3-2\/","title":{"rendered":"Adidas Metalbone CTRL 3.2"},"content":{"rendered":"<p>Nya Adidas Metalbone CTRL 2023 \u00e4r ett toppracket, packad med alla teknologier som beh\u00f6vs f\u00f6r spela p\u00e5 h\u00f6gsta niv\u00e5.&nbsp;<\/p>\n<p>Racket har en rund, vilket g\u00f6r medf\u00f6r en stor och centrerad sweet spot. Vidare har racket en medelbalans och ger det fina all-round egenskaper, \u00e4ven om det (som namnet avsl\u00f6jar) \u00e4r en modell som riktar sig till dig som s\u00f6ker efter mer kontroll i ditt spel.<\/p>\n<p>K\u00e4rnan best\u00e5r av Eva Soft Performance och tillsammans med den styva aluminiserade kolfiberytan ger racket fin respons men en komfortabel tr\u00e4ffk\u00e4nsla och gener\u00f6s sweet spot tack vare den n\u00e5got mjukare k\u00e4rnan. Metalbone-ramen g\u00f6r racket vridstyvt och t\u00e5ligt.&nbsp;<\/p>\n<p>Tr\u00e4ffytan har \u00e4ven uttrustats med &#8220;Spinblade&#8221;-teknologin som g\u00f6r att du f\u00e5r extra grepp kring bollen och s\u00e5ledes kan generera mer skruv i dina slag.&nbsp;<\/p>\n<p>Med de avtagbara vikterna kan du anpassa rackets vikt med upp till 12 gram f\u00f6r att hitta den vikt och balans som passar just dig. Rackets vikt \u00e4r angiven utan vikter.<\/p><\/p>\n","protected":false},"excerpt":{"rendered":"<p>Nya Adidas Metalbone CTRL 2023 \u00e4r ett toppracket, packad med alla teknologier som beh\u00f6vs f\u00f6r spela p\u00e5 h\u00f6gsta niv\u00e5.&nbsp; Racket har en rund, vilket g\u00f6r medf\u00f6r en stor och centrerad sweet spot. Vidare har racket en medelbalans och ger det fina all-round egenskaper, \u00e4ven om det (som namnet avsl\u00f6jar) \u00e4r en modell som riktar sig [&hellip;]<\/p>\n","protected":false},"featured_media":90350,"comment_status":"open","ping_status":"closed","template":"","meta":[],"pwb-brand":[],"product_cat":[458],"product_tag":[],"woo-feed-brand":[],"class_list":{"0":"post-90393","1":"product","2":"type-product","3":"status-publish","4":"has-post-thumbnail","6":"product_cat-adidas","7":"pa_varumarke-adidas","9":"first","10":"outofstock","11":"taxable","12":"shipping-taxable","13":"purchasable","14":"product-type-simple"},"bundled_by":[],"bundle_stock_status":"outofstock","bundle_stock_quantity":0,"bundle_virtual":false,"bundle_layout":"","bundle_add_to_cart_form_location":"","bundle_editable_in_cart":false,"bundle_sold_individually_context":"","bundle_item_grouping":"","bundle_min_size":"","bundle_max_size":"","bundled_items":[],"bundle_sell_ids":[],"acf":[],"yoast_head":"<!-- This site is optimized with the Yoast SEO plugin v23.1 - https:\/\/yoast.com\/wordpress\/plugins\/seo\/ -->\n<title>Adidas Metalbone CTRL 3.2 - Nordic Padel<\/title>\n<meta name=\"robots\" content=\"index, follow, max-snippet:-1, max-image-preview:large, max-video-preview:-1\" \/>\n<link rel=\"canonical\" href=\"https:\/\/nordicpadel.com\/sv\/product\/adidas-metalbone-ctrl-3-2\/\" \/>\n<meta property=\"og:locale\" content=\"sv_SE\" \/>\n<meta property=\"og:type\" content=\"article\" \/>\n<meta property=\"og:title\" content=\"Adidas Metalbone CTRL 3.2 - Nordic Padel\" \/>\n<meta property=\"og:description\" content=\"Nya Adidas Metalbone CTRL 2023 \u00e4r ett toppracket, packad med alla teknologier som beh\u00f6vs f\u00f6r spela p\u00e5 h\u00f6gsta niv\u00e5.&nbsp; Racket har en rund, vilket g\u00f6r medf\u00f6r en stor och centrerad sweet spot. Vidare har racket en medelbalans och ger det fina all-round egenskaper, \u00e4ven om det (som namnet avsl\u00f6jar) \u00e4r en modell som riktar sig [&hellip;]\" \/>\n<meta property=\"og:url\" content=\"https:\/\/nordicpadel.com\/sv\/product\/adidas-metalbone-ctrl-3-2\/\" \/>\n<meta property=\"og:site_name\" content=\"Nordic Padel\" \/>\n<meta property=\"article:modified_time\" content=\"2025-11-27T07:49:57+00:00\" \/>\n<meta property=\"og:image\" content=\"https:\/\/nordicpadel.com\/sv\/wp-content\/uploads\/sites\/10\/2025\/11\/6d75bdd6d279b39078220f1c080c3c1e.png\" \/>\n\t<meta property=\"og:image:width\" content=\"800\" \/>\n\t<meta property=\"og:image:height\" content=\"800\" \/>\n\t<meta property=\"og:image:type\" content=\"image\/png\" \/>\n<meta name=\"twitter:card\" content=\"summary_large_image\" \/>\n<meta name=\"twitter:label1\" content=\"Ber\u00e4knad l\u00e4stid\" \/>\n\t<meta name=\"twitter:data1\" content=\"1 minut\" \/>\n<script type=\"application\/ld+json\" class=\"yoast-schema-graph\">{\"@context\":\"https:\/\/schema.org\",\"@graph\":[{\"@type\":\"WebPage\",\"@id\":\"https:\/\/nordicpadel.com\/sv\/product\/adidas-metalbone-ctrl-3-2\/\",\"url\":\"https:\/\/nordicpadel.com\/sv\/product\/adidas-metalbone-ctrl-3-2\/\",\"name\":\"Adidas Metalbone CTRL 3.2 - Nordic Padel\",\"isPartOf\":{\"@id\":\"https:\/\/nordicpadel.com\/sv\/#website\"},\"primaryImageOfPage\":{\"@id\":\"https:\/\/nordicpadel.com\/sv\/product\/adidas-metalbone-ctrl-3-2\/#primaryimage\"},\"image\":{\"@id\":\"https:\/\/nordicpadel.com\/sv\/product\/adidas-metalbone-ctrl-3-2\/#primaryimage\"},\"thumbnailUrl\":\"https:\/\/nordicpadel.com\/sv\/wp-content\/uploads\/sites\/10\/2025\/11\/6d75bdd6d279b39078220f1c080c3c1e.png\",\"datePublished\":\"2025-11-26T17:35:22+00:00\",\"dateModified\":\"2025-11-27T07:49:57+00:00\",\"breadcrumb\":{\"@id\":\"https:\/\/nordicpadel.com\/sv\/product\/adidas-metalbone-ctrl-3-2\/#breadcrumb\"},\"inLanguage\":\"sv-SE\",\"potentialAction\":[{\"@type\":\"ReadAction\",\"target\":[\"https:\/\/nordicpadel.com\/sv\/product\/adidas-metalbone-ctrl-3-2\/\"]}]},{\"@type\":\"ImageObject\",\"inLanguage\":\"sv-SE\",\"@id\":\"https:\/\/nordicpadel.com\/sv\/product\/adidas-metalbone-ctrl-3-2\/#primaryimage\",\"url\":\"https:\/\/nordicpadel.com\/sv\/wp-content\/uploads\/sites\/10\/2025\/11\/6d75bdd6d279b39078220f1c080c3c1e.png\",\"contentUrl\":\"https:\/\/nordicpadel.com\/sv\/wp-content\/uploads\/sites\/10\/2025\/11\/6d75bdd6d279b39078220f1c080c3c1e.png\",\"width\":800,\"height\":800,\"caption\":\"Adidas Metalbone CTRL 3.2\"},{\"@type\":\"BreadcrumbList\",\"@id\":\"https:\/\/nordicpadel.com\/sv\/product\/adidas-metalbone-ctrl-3-2\/#breadcrumb\",\"itemListElement\":[{\"@type\":\"ListItem\",\"position\":1,\"name\":\"Hem\",\"item\":\"https:\/\/nordicpadel.com\/sv\/\"},{\"@type\":\"ListItem\",\"position\":2,\"name\":\"Shop\",\"item\":\"https:\/\/nordicpadel.com\/sv\/shop\/\"},{\"@type\":\"ListItem\",\"position\":3,\"name\":\"Adidas Metalbone CTRL 3.2\"}]},{\"@type\":\"WebSite\",\"@id\":\"https:\/\/nordicpadel.com\/sv\/#website\",\"url\":\"https:\/\/nordicpadel.com\/sv\/\",\"name\":\"Nordic Padel\",\"description\":\"\",\"publisher\":{\"@id\":\"https:\/\/nordicpadel.com\/sv\/#organization\"},\"potentialAction\":[{\"@type\":\"SearchAction\",\"target\":{\"@type\":\"EntryPoint\",\"urlTemplate\":\"https:\/\/nordicpadel.com\/sv\/?s={search_term_string}\"},\"query-input\":\"required name=search_term_string\"}],\"inLanguage\":\"sv-SE\"},{\"@type\":\"Organization\",\"@id\":\"https:\/\/nordicpadel.com\/sv\/#organization\",\"name\":\"Nordic Padel\",\"url\":\"https:\/\/nordicpadel.com\/sv\/\",\"logo\":{\"@type\":\"ImageObject\",\"inLanguage\":\"sv-SE\",\"@id\":\"https:\/\/nordicpadel.com\/sv\/#\/schema\/logo\/image\/\",\"url\":\"https:\/\/nordicpadel.com\/sv\/wp-content\/uploads\/sites\/10\/2022\/12\/Nordic-Padel-small_1-1.png\",\"contentUrl\":\"https:\/\/nordicpadel.com\/sv\/wp-content\/uploads\/sites\/10\/2022\/12\/Nordic-Padel-small_1-1.png\",\"width\":400,\"height\":119,\"caption\":\"Nordic Padel\"},\"image\":{\"@id\":\"https:\/\/nordicpadel.com\/sv\/#\/schema\/logo\/image\/\"}}]}<\/script>\n<!-- \/ Yoast SEO plugin. -->","yoast_head_json":{"title":"Adidas Metalbone CTRL 3.2 - Nordic Padel","robots":{"index":"index","follow":"follow","max-snippet":"max-snippet:-1","max-image-preview":"max-image-preview:large","max-video-preview":"max-video-preview:-1"},"canonical":"https:\/\/nordicpadel.com\/sv\/product\/adidas-metalbone-ctrl-3-2\/","og_locale":"sv_SE","og_type":"article","og_title":"Adidas Metalbone CTRL 3.2 - Nordic Padel","og_description":"Nya Adidas Metalbone CTRL 2023 \u00e4r ett toppracket, packad med alla teknologier som beh\u00f6vs f\u00f6r spela p\u00e5 h\u00f6gsta niv\u00e5.&nbsp; Racket har en rund, vilket g\u00f6r medf\u00f6r en stor och centrerad sweet spot. Vidare har racket en medelbalans och ger det fina all-round egenskaper, \u00e4ven om det (som namnet avsl\u00f6jar) \u00e4r en modell som riktar sig [&hellip;]","og_url":"https:\/\/nordicpadel.com\/sv\/product\/adidas-metalbone-ctrl-3-2\/","og_site_name":"Nordic Padel","article_modified_time":"2025-11-27T07:49:57+00:00","og_image":[{"width":800,"height":800,"url":"https:\/\/nordicpadel.com\/sv\/wp-content\/uploads\/sites\/10\/2025\/11\/6d75bdd6d279b39078220f1c080c3c1e.png","type":"image\/png"}],"twitter_card":"summary_large_image","twitter_misc":{"Ber\u00e4knad l\u00e4stid":"1 minut"},"schema":{"@context":"https:\/\/schema.org","@graph":[{"@type":"WebPage","@id":"https:\/\/nordicpadel.com\/sv\/product\/adidas-metalbone-ctrl-3-2\/","url":"https:\/\/nordicpadel.com\/sv\/product\/adidas-metalbone-ctrl-3-2\/","name":"Adidas Metalbone CTRL 3.2 - Nordic Padel","isPartOf":{"@id":"https:\/\/nordicpadel.com\/sv\/#website"},"primaryImageOfPage":{"@id":"https:\/\/nordicpadel.com\/sv\/product\/adidas-metalbone-ctrl-3-2\/#primaryimage"},"image":{"@id":"https:\/\/nordicpadel.com\/sv\/product\/adidas-metalbone-ctrl-3-2\/#primaryimage"},"thumbnailUrl":"https:\/\/nordicpadel.com\/sv\/wp-content\/uploads\/sites\/10\/2025\/11\/6d75bdd6d279b39078220f1c080c3c1e.png","datePublished":"2025-11-26T17:35:22+00:00","dateModified":"2025-11-27T07:49:57+00:00","breadcrumb":{"@id":"https:\/\/nordicpadel.com\/sv\/product\/adidas-metalbone-ctrl-3-2\/#breadcrumb"},"inLanguage":"sv-SE","potentialAction":[{"@type":"ReadAction","target":["https:\/\/nordicpadel.com\/sv\/product\/adidas-metalbone-ctrl-3-2\/"]}]},{"@type":"ImageObject","inLanguage":"sv-SE","@id":"https:\/\/nordicpadel.com\/sv\/product\/adidas-metalbone-ctrl-3-2\/#primaryimage","url":"https:\/\/nordicpadel.com\/sv\/wp-content\/uploads\/sites\/10\/2025\/11\/6d75bdd6d279b39078220f1c080c3c1e.png","contentUrl":"https:\/\/nordicpadel.com\/sv\/wp-content\/uploads\/sites\/10\/2025\/11\/6d75bdd6d279b39078220f1c080c3c1e.png","width":800,"height":800,"caption":"Adidas Metalbone CTRL 3.2"},{"@type":"BreadcrumbList","@id":"https:\/\/nordicpadel.com\/sv\/product\/adidas-metalbone-ctrl-3-2\/#breadcrumb","itemListElement":[{"@type":"ListItem","position":1,"name":"Hem","item":"https:\/\/nordicpadel.com\/sv\/"},{"@type":"ListItem","position":2,"name":"Shop","item":"https:\/\/nordicpadel.com\/sv\/shop\/"},{"@type":"ListItem","position":3,"name":"Adidas Metalbone CTRL 3.2"}]},{"@type":"WebSite","@id":"https:\/\/nordicpadel.com\/sv\/#website","url":"https:\/\/nordicpadel.com\/sv\/","name":"Nordic Padel","description":"","publisher":{"@id":"https:\/\/nordicpadel.com\/sv\/#organization"},"potentialAction":[{"@type":"SearchAction","target":{"@type":"EntryPoint","urlTemplate":"https:\/\/nordicpadel.com\/sv\/?s={search_term_string}"},"query-input":"required name=search_term_string"}],"inLanguage":"sv-SE"},{"@type":"Organization","@id":"https:\/\/nordicpadel.com\/sv\/#organization","name":"Nordic Padel","url":"https:\/\/nordicpadel.com\/sv\/","logo":{"@type":"ImageObject","inLanguage":"sv-SE","@id":"https:\/\/nordicpadel.com\/sv\/#\/schema\/logo\/image\/","url":"https:\/\/nordicpadel.com\/sv\/wp-content\/uploads\/sites\/10\/2022\/12\/Nordic-Padel-small_1-1.png","contentUrl":"https:\/\/nordicpadel.com\/sv\/wp-content\/uploads\/sites\/10\/2022\/12\/Nordic-Padel-small_1-1.png","width":400,"height":119,"caption":"Nordic Padel"},"image":{"@id":"https:\/\/nordicpadel.com\/sv\/#\/schema\/logo\/image\/"}}]}},"brands":[],"_links":{"self":[{"href":"https:\/\/nordicpadel.com\/sv\/wp-json\/wp\/v2\/product\/90393","targetHints":{"allow":["GET"]}}],"collection":[{"href":"https:\/\/nordicpadel.com\/sv\/wp-json\/wp\/v2\/product"}],"about":[{"href":"https:\/\/nordicpadel.com\/sv\/wp-json\/wp\/v2\/types\/product"}],"replies":[{"embeddable":true,"href":"https:\/\/nordicpadel.com\/sv\/wp-json\/wp\/v2\/comments?post=90393"}],"wp:featuredmedia":[{"embeddable":true,"href":"https:\/\/nordicpadel.com\/sv\/wp-json\/wp\/v2\/media\/90350"}],"wp:attachment":[{"href":"https:\/\/nordicpadel.com\/sv\/wp-json\/wp\/v2\/media?parent=90393"}],"wp:term":[{"taxonomy":"pwb-brand","embeddable":true,"href":"https:\/\/nordicpadel.com\/sv\/wp-json\/wp\/v2\/pwb-brand?post=90393"},{"taxonomy":"product_cat","embeddable":true,"href":"https:\/\/nordicpadel.com\/sv\/wp-json\/wp\/v2\/product_cat?post=90393"},{"taxonomy":"product_tag","embeddable":true,"href":"https:\/\/nordicpadel.com\/sv\/wp-json\/wp\/v2\/product_tag?post=90393"},{"taxonomy":"woo-feed-brand","embeddable":true,"href":"https:\/\/nordicpadel.com\/sv\/wp-json\/wp\/v2\/woo-feed-brand?post=90393"}],"curies":[{"name":"wp","href":"https:\/\/api.w.org\/{rel}","templated":true}]}}