{"id":90342,"date":"2025-11-26T18:35:03","date_gmt":"2025-11-26T17:35:03","guid":{"rendered":"https:\/\/nordicpadel.com\/sv\/product\/bullpadel-vertex-02-box-2\/"},"modified":"2025-11-26T21:36:46","modified_gmt":"2025-11-26T20:36:46","slug":"bullpadel-vertex-02-box-2","status":"publish","type":"product","link":"https:\/\/nordicpadel.com\/sv\/product\/bullpadel-vertex-02-box-2\/","title":{"rendered":"Bullpadel Vertex 02 Box"},"content":{"rendered":"<p>Bullpadel Vertex 02 Pack \u00e4r allt du beh\u00f6ver f\u00f6r att spela padel. Paketet inneh\u00e5ller ett Vertex 02 racket, en v\u00e4ska, en keps, ett par svettband, en keps och ett Premium Pro-bollr\u00f6r.<\/p>\n<p>Vertex 02 var under m\u00e5nga \u00e5r ett av de mest popul\u00e4ra racketarna i Sverige. Racket \u00e4r diamantformat och har en h\u00f6g balans, vilket g\u00f6r att det l\u00e4mpar sig b\u00e4st f\u00f6r dig som gillar att spela mer offensivt. Tack vare materialsammans\u00e4ttningen s\u00e5 har racket en relativt stor sweet spot.<\/p>\n<p>Den inre k\u00e4rnan \u00e4r av det nya MultiEva-gummit, en k\u00e4rna med 2 olika densiteter f\u00f6r att kombinera fart med kontroll medan tr\u00e4ffytan \u00e4r tillverkad i en mix av glas och kolfiber. Ramen \u00e4r gjord av 100% kolfiber CarbonTube. &nbsp;<\/p>\n<p>Racket har en m\u00f6nstrad yta formad likt en stj\u00e4rna f\u00f6r st\u00f6rre spinn och mer kontroll p\u00e5 bollen. &nbsp;<\/p>\n<p>Vertex 02 kommer med 2DProtect, ett nylonskydd i 2 densiteter f\u00f6r att st\u00e4rka upp racket och har likt \u00f6vriga racketar i Vertex-serien har detta racket det signifikativa Vertex-hj\u00e4rtat.<\/p>\n<p>Medf\u00f6ljande v\u00e4ska har m\u00e5tten 58x30x30cm och har 2 st skyddande thermofack med plats f\u00f6r 4 rackets, ett st\u00f6rre fack samt ett skofack.<\/p>\n","protected":false},"excerpt":{"rendered":"<p>Bullpadel Vertex 02 Pack \u00e4r allt du beh\u00f6ver f\u00f6r att spela padel. Paketet inneh\u00e5ller ett Vertex 02 racket, en v\u00e4ska, en keps, ett par svettband, en keps och ett Premium Pro-bollr\u00f6r. Vertex 02 var under m\u00e5nga \u00e5r ett av de mest popul\u00e4ra racketarna i Sverige. Racket \u00e4r diamantformat och har en h\u00f6g balans, vilket g\u00f6r [&hellip;]<\/p>\n","protected":false},"featured_media":94740,"comment_status":"open","ping_status":"closed","template":"","meta":[],"pwb-brand":[],"product_cat":[457],"product_tag":[],"woo-feed-brand":[],"class_list":{"0":"post-90342","1":"product","2":"type-product","3":"status-publish","4":"has-post-thumbnail","6":"product_cat-bullpadel","7":"pa_varumarke-bullpadel","9":"first","10":"outofstock","11":"taxable","12":"shipping-taxable","13":"purchasable","14":"product-type-simple"},"bundled_by":[],"bundle_stock_status":"outofstock","bundle_stock_quantity":0,"bundle_virtual":false,"bundle_layout":"","bundle_add_to_cart_form_location":"","bundle_editable_in_cart":false,"bundle_sold_individually_context":"","bundle_item_grouping":"","bundle_min_size":"","bundle_max_size":"","bundled_items":[],"bundle_sell_ids":[],"acf":[],"yoast_head":"<!-- This site is optimized with the Yoast SEO plugin v23.1 - https:\/\/yoast.com\/wordpress\/plugins\/seo\/ -->\n<title>Bullpadel Vertex 02 Box - Nordic Padel<\/title>\n<meta name=\"robots\" content=\"index, follow, max-snippet:-1, max-image-preview:large, max-video-preview:-1\" \/>\n<link rel=\"canonical\" href=\"https:\/\/nordicpadel.com\/sv\/product\/bullpadel-vertex-02-box-2\/\" \/>\n<meta property=\"og:locale\" content=\"sv_SE\" \/>\n<meta property=\"og:type\" content=\"article\" \/>\n<meta property=\"og:title\" content=\"Bullpadel Vertex 02 Box - Nordic Padel\" \/>\n<meta property=\"og:description\" content=\"Bullpadel Vertex 02 Pack \u00e4r allt du beh\u00f6ver f\u00f6r att spela padel. Paketet inneh\u00e5ller ett Vertex 02 racket, en v\u00e4ska, en keps, ett par svettband, en keps och ett Premium Pro-bollr\u00f6r. Vertex 02 var under m\u00e5nga \u00e5r ett av de mest popul\u00e4ra racketarna i Sverige. Racket \u00e4r diamantformat och har en h\u00f6g balans, vilket g\u00f6r [&hellip;]\" \/>\n<meta property=\"og:url\" content=\"https:\/\/nordicpadel.com\/sv\/product\/bullpadel-vertex-02-box-2\/\" \/>\n<meta property=\"og:site_name\" content=\"Nordic Padel\" \/>\n<meta property=\"article:modified_time\" content=\"2025-11-26T20:36:46+00:00\" \/>\n<meta name=\"twitter:card\" content=\"summary_large_image\" \/>\n<meta name=\"twitter:label1\" content=\"Ber\u00e4knad l\u00e4stid\" \/>\n\t<meta name=\"twitter:data1\" content=\"1 minut\" \/>\n<script type=\"application\/ld+json\" class=\"yoast-schema-graph\">{\"@context\":\"https:\/\/schema.org\",\"@graph\":[{\"@type\":\"WebPage\",\"@id\":\"https:\/\/nordicpadel.com\/sv\/product\/bullpadel-vertex-02-box-2\/\",\"url\":\"https:\/\/nordicpadel.com\/sv\/product\/bullpadel-vertex-02-box-2\/\",\"name\":\"Bullpadel Vertex 02 Box - Nordic Padel\",\"isPartOf\":{\"@id\":\"https:\/\/nordicpadel.com\/sv\/#website\"},\"primaryImageOfPage\":{\"@id\":\"https:\/\/nordicpadel.com\/sv\/product\/bullpadel-vertex-02-box-2\/#primaryimage\"},\"image\":{\"@id\":\"https:\/\/nordicpadel.com\/sv\/product\/bullpadel-vertex-02-box-2\/#primaryimage\"},\"thumbnailUrl\":\"https:\/\/nordicpadel.com\/sv\/wp-content\/uploads\/sites\/10\/2025\/11\/926b0ef3dd1c98ebc3aaf2e758cae4d8-2.png\",\"datePublished\":\"2025-11-26T17:35:03+00:00\",\"dateModified\":\"2025-11-26T20:36:46+00:00\",\"breadcrumb\":{\"@id\":\"https:\/\/nordicpadel.com\/sv\/product\/bullpadel-vertex-02-box-2\/#breadcrumb\"},\"inLanguage\":\"sv-SE\",\"potentialAction\":[{\"@type\":\"ReadAction\",\"target\":[\"https:\/\/nordicpadel.com\/sv\/product\/bullpadel-vertex-02-box-2\/\"]}]},{\"@type\":\"ImageObject\",\"inLanguage\":\"sv-SE\",\"@id\":\"https:\/\/nordicpadel.com\/sv\/product\/bullpadel-vertex-02-box-2\/#primaryimage\",\"url\":\"https:\/\/nordicpadel.com\/sv\/wp-content\/uploads\/sites\/10\/2025\/11\/926b0ef3dd1c98ebc3aaf2e758cae4d8-2.png\",\"contentUrl\":\"https:\/\/nordicpadel.com\/sv\/wp-content\/uploads\/sites\/10\/2025\/11\/926b0ef3dd1c98ebc3aaf2e758cae4d8-2.png\",\"width\":800,\"height\":800,\"caption\":\"Bullpadel Vertex 02 Box\"},{\"@type\":\"BreadcrumbList\",\"@id\":\"https:\/\/nordicpadel.com\/sv\/product\/bullpadel-vertex-02-box-2\/#breadcrumb\",\"itemListElement\":[{\"@type\":\"ListItem\",\"position\":1,\"name\":\"Hem\",\"item\":\"https:\/\/nordicpadel.com\/sv\/\"},{\"@type\":\"ListItem\",\"position\":2,\"name\":\"Shop\",\"item\":\"https:\/\/nordicpadel.com\/sv\/shop\/\"},{\"@type\":\"ListItem\",\"position\":3,\"name\":\"Bullpadel Vertex 02 Box\"}]},{\"@type\":\"WebSite\",\"@id\":\"https:\/\/nordicpadel.com\/sv\/#website\",\"url\":\"https:\/\/nordicpadel.com\/sv\/\",\"name\":\"Nordic Padel\",\"description\":\"\",\"publisher\":{\"@id\":\"https:\/\/nordicpadel.com\/sv\/#organization\"},\"potentialAction\":[{\"@type\":\"SearchAction\",\"target\":{\"@type\":\"EntryPoint\",\"urlTemplate\":\"https:\/\/nordicpadel.com\/sv\/?s={search_term_string}\"},\"query-input\":\"required name=search_term_string\"}],\"inLanguage\":\"sv-SE\"},{\"@type\":\"Organization\",\"@id\":\"https:\/\/nordicpadel.com\/sv\/#organization\",\"name\":\"Nordic Padel\",\"url\":\"https:\/\/nordicpadel.com\/sv\/\",\"logo\":{\"@type\":\"ImageObject\",\"inLanguage\":\"sv-SE\",\"@id\":\"https:\/\/nordicpadel.com\/sv\/#\/schema\/logo\/image\/\",\"url\":\"https:\/\/nordicpadel.com\/sv\/wp-content\/uploads\/sites\/10\/2022\/12\/Nordic-Padel-small_1-1.png\",\"contentUrl\":\"https:\/\/nordicpadel.com\/sv\/wp-content\/uploads\/sites\/10\/2022\/12\/Nordic-Padel-small_1-1.png\",\"width\":400,\"height\":119,\"caption\":\"Nordic Padel\"},\"image\":{\"@id\":\"https:\/\/nordicpadel.com\/sv\/#\/schema\/logo\/image\/\"}}]}<\/script>\n<!-- \/ Yoast SEO plugin. -->","yoast_head_json":{"title":"Bullpadel Vertex 02 Box - Nordic Padel","robots":{"index":"index","follow":"follow","max-snippet":"max-snippet:-1","max-image-preview":"max-image-preview:large","max-video-preview":"max-video-preview:-1"},"canonical":"https:\/\/nordicpadel.com\/sv\/product\/bullpadel-vertex-02-box-2\/","og_locale":"sv_SE","og_type":"article","og_title":"Bullpadel Vertex 02 Box - Nordic Padel","og_description":"Bullpadel Vertex 02 Pack \u00e4r allt du beh\u00f6ver f\u00f6r att spela padel. Paketet inneh\u00e5ller ett Vertex 02 racket, en v\u00e4ska, en keps, ett par svettband, en keps och ett Premium Pro-bollr\u00f6r. Vertex 02 var under m\u00e5nga \u00e5r ett av de mest popul\u00e4ra racketarna i Sverige. Racket \u00e4r diamantformat och har en h\u00f6g balans, vilket g\u00f6r [&hellip;]","og_url":"https:\/\/nordicpadel.com\/sv\/product\/bullpadel-vertex-02-box-2\/","og_site_name":"Nordic Padel","article_modified_time":"2025-11-26T20:36:46+00:00","twitter_card":"summary_large_image","twitter_misc":{"Ber\u00e4knad l\u00e4stid":"1 minut"},"schema":{"@context":"https:\/\/schema.org","@graph":[{"@type":"WebPage","@id":"https:\/\/nordicpadel.com\/sv\/product\/bullpadel-vertex-02-box-2\/","url":"https:\/\/nordicpadel.com\/sv\/product\/bullpadel-vertex-02-box-2\/","name":"Bullpadel Vertex 02 Box - Nordic Padel","isPartOf":{"@id":"https:\/\/nordicpadel.com\/sv\/#website"},"primaryImageOfPage":{"@id":"https:\/\/nordicpadel.com\/sv\/product\/bullpadel-vertex-02-box-2\/#primaryimage"},"image":{"@id":"https:\/\/nordicpadel.com\/sv\/product\/bullpadel-vertex-02-box-2\/#primaryimage"},"thumbnailUrl":"https:\/\/nordicpadel.com\/sv\/wp-content\/uploads\/sites\/10\/2025\/11\/926b0ef3dd1c98ebc3aaf2e758cae4d8-2.png","datePublished":"2025-11-26T17:35:03+00:00","dateModified":"2025-11-26T20:36:46+00:00","breadcrumb":{"@id":"https:\/\/nordicpadel.com\/sv\/product\/bullpadel-vertex-02-box-2\/#breadcrumb"},"inLanguage":"sv-SE","potentialAction":[{"@type":"ReadAction","target":["https:\/\/nordicpadel.com\/sv\/product\/bullpadel-vertex-02-box-2\/"]}]},{"@type":"ImageObject","inLanguage":"sv-SE","@id":"https:\/\/nordicpadel.com\/sv\/product\/bullpadel-vertex-02-box-2\/#primaryimage","url":"https:\/\/nordicpadel.com\/sv\/wp-content\/uploads\/sites\/10\/2025\/11\/926b0ef3dd1c98ebc3aaf2e758cae4d8-2.png","contentUrl":"https:\/\/nordicpadel.com\/sv\/wp-content\/uploads\/sites\/10\/2025\/11\/926b0ef3dd1c98ebc3aaf2e758cae4d8-2.png","width":800,"height":800,"caption":"Bullpadel Vertex 02 Box"},{"@type":"BreadcrumbList","@id":"https:\/\/nordicpadel.com\/sv\/product\/bullpadel-vertex-02-box-2\/#breadcrumb","itemListElement":[{"@type":"ListItem","position":1,"name":"Hem","item":"https:\/\/nordicpadel.com\/sv\/"},{"@type":"ListItem","position":2,"name":"Shop","item":"https:\/\/nordicpadel.com\/sv\/shop\/"},{"@type":"ListItem","position":3,"name":"Bullpadel Vertex 02 Box"}]},{"@type":"WebSite","@id":"https:\/\/nordicpadel.com\/sv\/#website","url":"https:\/\/nordicpadel.com\/sv\/","name":"Nordic Padel","description":"","publisher":{"@id":"https:\/\/nordicpadel.com\/sv\/#organization"},"potentialAction":[{"@type":"SearchAction","target":{"@type":"EntryPoint","urlTemplate":"https:\/\/nordicpadel.com\/sv\/?s={search_term_string}"},"query-input":"required name=search_term_string"}],"inLanguage":"sv-SE"},{"@type":"Organization","@id":"https:\/\/nordicpadel.com\/sv\/#organization","name":"Nordic Padel","url":"https:\/\/nordicpadel.com\/sv\/","logo":{"@type":"ImageObject","inLanguage":"sv-SE","@id":"https:\/\/nordicpadel.com\/sv\/#\/schema\/logo\/image\/","url":"https:\/\/nordicpadel.com\/sv\/wp-content\/uploads\/sites\/10\/2022\/12\/Nordic-Padel-small_1-1.png","contentUrl":"https:\/\/nordicpadel.com\/sv\/wp-content\/uploads\/sites\/10\/2022\/12\/Nordic-Padel-small_1-1.png","width":400,"height":119,"caption":"Nordic Padel"},"image":{"@id":"https:\/\/nordicpadel.com\/sv\/#\/schema\/logo\/image\/"}}]}},"brands":[],"_links":{"self":[{"href":"https:\/\/nordicpadel.com\/sv\/wp-json\/wp\/v2\/product\/90342","targetHints":{"allow":["GET"]}}],"collection":[{"href":"https:\/\/nordicpadel.com\/sv\/wp-json\/wp\/v2\/product"}],"about":[{"href":"https:\/\/nordicpadel.com\/sv\/wp-json\/wp\/v2\/types\/product"}],"replies":[{"embeddable":true,"href":"https:\/\/nordicpadel.com\/sv\/wp-json\/wp\/v2\/comments?post=90342"}],"wp:featuredmedia":[{"embeddable":true,"href":"https:\/\/nordicpadel.com\/sv\/wp-json\/wp\/v2\/media\/94740"}],"wp:attachment":[{"href":"https:\/\/nordicpadel.com\/sv\/wp-json\/wp\/v2\/media?parent=90342"}],"wp:term":[{"taxonomy":"pwb-brand","embeddable":true,"href":"https:\/\/nordicpadel.com\/sv\/wp-json\/wp\/v2\/pwb-brand?post=90342"},{"taxonomy":"product_cat","embeddable":true,"href":"https:\/\/nordicpadel.com\/sv\/wp-json\/wp\/v2\/product_cat?post=90342"},{"taxonomy":"product_tag","embeddable":true,"href":"https:\/\/nordicpadel.com\/sv\/wp-json\/wp\/v2\/product_tag?post=90342"},{"taxonomy":"woo-feed-brand","embeddable":true,"href":"https:\/\/nordicpadel.com\/sv\/wp-json\/wp\/v2\/woo-feed-brand?post=90342"}],"curies":[{"name":"wp","href":"https:\/\/api.w.org\/{rel}","templated":true}]}}