{"id":90249,"date":"2025-11-26T18:34:29","date_gmt":"2025-11-26T17:34:29","guid":{"rendered":"https:\/\/nordicpadel.com\/sv\/product\/nox-at10-genius-attack-18k-2\/"},"modified":"2025-11-26T19:19:44","modified_gmt":"2025-11-26T18:19:44","slug":"nox-at10-genius-attack-18k-2","status":"publish","type":"product","link":"https:\/\/nordicpadel.com\/sv\/product\/nox-at10-genius-attack-18k-2\/","title":{"rendered":"NOX AT10 Genius Attack 18K"},"content":{"rendered":"<p>OBS! F\u00d6RBEST\u00c4LLNING, LEVERANS TIDIGAST 24\/11.<\/p>\n<p>AT10 Genius Attack 18K 2023 har, likt fjol\u00e5rets modell, utrustats med handledsremmen &#8220;Smart Strap System&#8221; som \u00e4r mer p\u00e5kostad och \u00e4ven g\u00e5r att byta ut.<br \/>AT10 Genius Attack 18K 2023 har en diamantform och en h\u00f6g balans, vilket ger fina egenskaper i det offensiva spelet. Racket ger en kraftfull tr\u00e4ffk\u00e4nsla och mycket tyngd i ditt spel, vilket g\u00f6r att det blir l\u00e4ttare att avg\u00f6ra bollen.&nbsp;<br \/>Slagytan \u00e4r tillverkad av det p\u00e5kostade kolfibermaterialet Carbon 18K. Det inneb\u00e4r att ytskikten best\u00e5r av ett kolfiber med 18000 kolfibertr\u00e5dar per cm\u00b2, att j\u00e4mf\u00f6ra med industristandard som \u00e4r 3K. Ju fler tr\u00e5dar desto snabbare och mer responsivt kolfiber som f\u00e5ngar upp och rekylerar bollen. Tr\u00e4ffytan har dessutom en sandpappersliknande finish f\u00f6r att generera mer spin i slagen.<\/p>\n<p>I komination med den h\u00e5rda tr\u00e4ffytan arbetar Nox med den n\u00e5got mjukare HR3 k\u00e4rnan som ger en komfortabel k\u00e4nsla i bolltr\u00e4ffen och som g\u00f6r att racket blir relativt f\u00f6rl\u00e5tande trots sin diamantform.&nbsp;<\/p>\n<p>F\u00f6r att g\u00f6ra racket mer skonsamt har gummidelar applicerats p\u00e5 vardera sida av rackethalsen f\u00f6r att reducera vibrationer vid bolltr\u00e4ff d\u00e5 vibrationerna r\u00f6r sig ned mot handtaget.<\/p>\n","protected":false},"excerpt":{"rendered":"<p>OBS! F\u00d6RBEST\u00c4LLNING, LEVERANS TIDIGAST 24\/11. AT10 Genius Attack 18K 2023 har, likt fjol\u00e5rets modell, utrustats med handledsremmen &#8220;Smart Strap System&#8221; som \u00e4r mer p\u00e5kostad och \u00e4ven g\u00e5r att byta ut.AT10 Genius Attack 18K 2023 har en diamantform och en h\u00f6g balans, vilket ger fina egenskaper i det offensiva spelet. Racket ger en kraftfull tr\u00e4ffk\u00e4nsla och [&hellip;]<\/p>\n","protected":false},"featured_media":90231,"comment_status":"open","ping_status":"closed","template":"","meta":[],"pwb-brand":[],"product_cat":[460],"product_tag":[],"woo-feed-brand":[],"class_list":{"0":"post-90249","1":"product","2":"type-product","3":"status-publish","4":"has-post-thumbnail","6":"product_cat-nox","7":"pa_varumarke-nox","9":"first","10":"outofstock","11":"taxable","12":"shipping-taxable","13":"purchasable","14":"product-type-simple"},"bundled_by":[],"bundle_stock_status":"outofstock","bundle_stock_quantity":0,"bundle_virtual":false,"bundle_layout":"","bundle_add_to_cart_form_location":"","bundle_editable_in_cart":false,"bundle_sold_individually_context":"","bundle_item_grouping":"","bundle_min_size":"","bundle_max_size":"","bundled_items":[],"bundle_sell_ids":[],"acf":[],"yoast_head":"<!-- This site is optimized with the Yoast SEO plugin v23.1 - https:\/\/yoast.com\/wordpress\/plugins\/seo\/ -->\n<title>NOX AT10 Genius Attack 18K - Nordic Padel<\/title>\n<meta name=\"robots\" content=\"index, follow, max-snippet:-1, max-image-preview:large, max-video-preview:-1\" \/>\n<link rel=\"canonical\" href=\"https:\/\/nordicpadel.com\/sv\/product\/nox-at10-genius-attack-18k-2\/\" \/>\n<meta property=\"og:locale\" content=\"sv_SE\" \/>\n<meta property=\"og:type\" content=\"article\" \/>\n<meta property=\"og:title\" content=\"NOX AT10 Genius Attack 18K - Nordic Padel\" \/>\n<meta property=\"og:description\" content=\"OBS! F\u00d6RBEST\u00c4LLNING, LEVERANS TIDIGAST 24\/11. AT10 Genius Attack 18K 2023 har, likt fjol\u00e5rets modell, utrustats med handledsremmen &#8220;Smart Strap System&#8221; som \u00e4r mer p\u00e5kostad och \u00e4ven g\u00e5r att byta ut.AT10 Genius Attack 18K 2023 har en diamantform och en h\u00f6g balans, vilket ger fina egenskaper i det offensiva spelet. Racket ger en kraftfull tr\u00e4ffk\u00e4nsla och [&hellip;]\" \/>\n<meta property=\"og:url\" content=\"https:\/\/nordicpadel.com\/sv\/product\/nox-at10-genius-attack-18k-2\/\" \/>\n<meta property=\"og:site_name\" content=\"Nordic Padel\" \/>\n<meta property=\"article:modified_time\" content=\"2025-11-26T18:19:44+00:00\" \/>\n<meta property=\"og:image\" content=\"https:\/\/nordicpadel.com\/sv\/wp-content\/uploads\/sites\/10\/2025\/11\/7a34e36934b1dd529a4b07be056b4289.png\" \/>\n\t<meta property=\"og:image:width\" content=\"800\" \/>\n\t<meta property=\"og:image:height\" content=\"800\" \/>\n\t<meta property=\"og:image:type\" content=\"image\/png\" \/>\n<meta name=\"twitter:card\" content=\"summary_large_image\" \/>\n<meta name=\"twitter:label1\" content=\"Ber\u00e4knad l\u00e4stid\" \/>\n\t<meta name=\"twitter:data1\" content=\"1 minut\" \/>\n<script type=\"application\/ld+json\" class=\"yoast-schema-graph\">{\"@context\":\"https:\/\/schema.org\",\"@graph\":[{\"@type\":\"WebPage\",\"@id\":\"https:\/\/nordicpadel.com\/sv\/product\/nox-at10-genius-attack-18k-2\/\",\"url\":\"https:\/\/nordicpadel.com\/sv\/product\/nox-at10-genius-attack-18k-2\/\",\"name\":\"NOX AT10 Genius Attack 18K - Nordic Padel\",\"isPartOf\":{\"@id\":\"https:\/\/nordicpadel.com\/sv\/#website\"},\"primaryImageOfPage\":{\"@id\":\"https:\/\/nordicpadel.com\/sv\/product\/nox-at10-genius-attack-18k-2\/#primaryimage\"},\"image\":{\"@id\":\"https:\/\/nordicpadel.com\/sv\/product\/nox-at10-genius-attack-18k-2\/#primaryimage\"},\"thumbnailUrl\":\"https:\/\/nordicpadel.com\/sv\/wp-content\/uploads\/sites\/10\/2025\/11\/7a34e36934b1dd529a4b07be056b4289.png\",\"datePublished\":\"2025-11-26T17:34:29+00:00\",\"dateModified\":\"2025-11-26T18:19:44+00:00\",\"breadcrumb\":{\"@id\":\"https:\/\/nordicpadel.com\/sv\/product\/nox-at10-genius-attack-18k-2\/#breadcrumb\"},\"inLanguage\":\"sv-SE\",\"potentialAction\":[{\"@type\":\"ReadAction\",\"target\":[\"https:\/\/nordicpadel.com\/sv\/product\/nox-at10-genius-attack-18k-2\/\"]}]},{\"@type\":\"ImageObject\",\"inLanguage\":\"sv-SE\",\"@id\":\"https:\/\/nordicpadel.com\/sv\/product\/nox-at10-genius-attack-18k-2\/#primaryimage\",\"url\":\"https:\/\/nordicpadel.com\/sv\/wp-content\/uploads\/sites\/10\/2025\/11\/7a34e36934b1dd529a4b07be056b4289.png\",\"contentUrl\":\"https:\/\/nordicpadel.com\/sv\/wp-content\/uploads\/sites\/10\/2025\/11\/7a34e36934b1dd529a4b07be056b4289.png\",\"width\":800,\"height\":800,\"caption\":\"NOX AT10 Genius Attack 18K\"},{\"@type\":\"BreadcrumbList\",\"@id\":\"https:\/\/nordicpadel.com\/sv\/product\/nox-at10-genius-attack-18k-2\/#breadcrumb\",\"itemListElement\":[{\"@type\":\"ListItem\",\"position\":1,\"name\":\"Hem\",\"item\":\"https:\/\/nordicpadel.com\/sv\/\"},{\"@type\":\"ListItem\",\"position\":2,\"name\":\"Shop\",\"item\":\"https:\/\/nordicpadel.com\/sv\/shop\/\"},{\"@type\":\"ListItem\",\"position\":3,\"name\":\"NOX AT10 Genius Attack 18K\"}]},{\"@type\":\"WebSite\",\"@id\":\"https:\/\/nordicpadel.com\/sv\/#website\",\"url\":\"https:\/\/nordicpadel.com\/sv\/\",\"name\":\"Nordic Padel\",\"description\":\"\",\"publisher\":{\"@id\":\"https:\/\/nordicpadel.com\/sv\/#organization\"},\"potentialAction\":[{\"@type\":\"SearchAction\",\"target\":{\"@type\":\"EntryPoint\",\"urlTemplate\":\"https:\/\/nordicpadel.com\/sv\/?s={search_term_string}\"},\"query-input\":\"required name=search_term_string\"}],\"inLanguage\":\"sv-SE\"},{\"@type\":\"Organization\",\"@id\":\"https:\/\/nordicpadel.com\/sv\/#organization\",\"name\":\"Nordic Padel\",\"url\":\"https:\/\/nordicpadel.com\/sv\/\",\"logo\":{\"@type\":\"ImageObject\",\"inLanguage\":\"sv-SE\",\"@id\":\"https:\/\/nordicpadel.com\/sv\/#\/schema\/logo\/image\/\",\"url\":\"https:\/\/nordicpadel.com\/sv\/wp-content\/uploads\/sites\/10\/2022\/12\/Nordic-Padel-small_1-1.png\",\"contentUrl\":\"https:\/\/nordicpadel.com\/sv\/wp-content\/uploads\/sites\/10\/2022\/12\/Nordic-Padel-small_1-1.png\",\"width\":400,\"height\":119,\"caption\":\"Nordic Padel\"},\"image\":{\"@id\":\"https:\/\/nordicpadel.com\/sv\/#\/schema\/logo\/image\/\"}}]}<\/script>\n<!-- \/ Yoast SEO plugin. -->","yoast_head_json":{"title":"NOX AT10 Genius Attack 18K - Nordic Padel","robots":{"index":"index","follow":"follow","max-snippet":"max-snippet:-1","max-image-preview":"max-image-preview:large","max-video-preview":"max-video-preview:-1"},"canonical":"https:\/\/nordicpadel.com\/sv\/product\/nox-at10-genius-attack-18k-2\/","og_locale":"sv_SE","og_type":"article","og_title":"NOX AT10 Genius Attack 18K - Nordic Padel","og_description":"OBS! F\u00d6RBEST\u00c4LLNING, LEVERANS TIDIGAST 24\/11. AT10 Genius Attack 18K 2023 har, likt fjol\u00e5rets modell, utrustats med handledsremmen &#8220;Smart Strap System&#8221; som \u00e4r mer p\u00e5kostad och \u00e4ven g\u00e5r att byta ut.AT10 Genius Attack 18K 2023 har en diamantform och en h\u00f6g balans, vilket ger fina egenskaper i det offensiva spelet. Racket ger en kraftfull tr\u00e4ffk\u00e4nsla och [&hellip;]","og_url":"https:\/\/nordicpadel.com\/sv\/product\/nox-at10-genius-attack-18k-2\/","og_site_name":"Nordic Padel","article_modified_time":"2025-11-26T18:19:44+00:00","og_image":[{"width":800,"height":800,"url":"https:\/\/nordicpadel.com\/sv\/wp-content\/uploads\/sites\/10\/2025\/11\/7a34e36934b1dd529a4b07be056b4289.png","type":"image\/png"}],"twitter_card":"summary_large_image","twitter_misc":{"Ber\u00e4knad l\u00e4stid":"1 minut"},"schema":{"@context":"https:\/\/schema.org","@graph":[{"@type":"WebPage","@id":"https:\/\/nordicpadel.com\/sv\/product\/nox-at10-genius-attack-18k-2\/","url":"https:\/\/nordicpadel.com\/sv\/product\/nox-at10-genius-attack-18k-2\/","name":"NOX AT10 Genius Attack 18K - Nordic Padel","isPartOf":{"@id":"https:\/\/nordicpadel.com\/sv\/#website"},"primaryImageOfPage":{"@id":"https:\/\/nordicpadel.com\/sv\/product\/nox-at10-genius-attack-18k-2\/#primaryimage"},"image":{"@id":"https:\/\/nordicpadel.com\/sv\/product\/nox-at10-genius-attack-18k-2\/#primaryimage"},"thumbnailUrl":"https:\/\/nordicpadel.com\/sv\/wp-content\/uploads\/sites\/10\/2025\/11\/7a34e36934b1dd529a4b07be056b4289.png","datePublished":"2025-11-26T17:34:29+00:00","dateModified":"2025-11-26T18:19:44+00:00","breadcrumb":{"@id":"https:\/\/nordicpadel.com\/sv\/product\/nox-at10-genius-attack-18k-2\/#breadcrumb"},"inLanguage":"sv-SE","potentialAction":[{"@type":"ReadAction","target":["https:\/\/nordicpadel.com\/sv\/product\/nox-at10-genius-attack-18k-2\/"]}]},{"@type":"ImageObject","inLanguage":"sv-SE","@id":"https:\/\/nordicpadel.com\/sv\/product\/nox-at10-genius-attack-18k-2\/#primaryimage","url":"https:\/\/nordicpadel.com\/sv\/wp-content\/uploads\/sites\/10\/2025\/11\/7a34e36934b1dd529a4b07be056b4289.png","contentUrl":"https:\/\/nordicpadel.com\/sv\/wp-content\/uploads\/sites\/10\/2025\/11\/7a34e36934b1dd529a4b07be056b4289.png","width":800,"height":800,"caption":"NOX AT10 Genius Attack 18K"},{"@type":"BreadcrumbList","@id":"https:\/\/nordicpadel.com\/sv\/product\/nox-at10-genius-attack-18k-2\/#breadcrumb","itemListElement":[{"@type":"ListItem","position":1,"name":"Hem","item":"https:\/\/nordicpadel.com\/sv\/"},{"@type":"ListItem","position":2,"name":"Shop","item":"https:\/\/nordicpadel.com\/sv\/shop\/"},{"@type":"ListItem","position":3,"name":"NOX AT10 Genius Attack 18K"}]},{"@type":"WebSite","@id":"https:\/\/nordicpadel.com\/sv\/#website","url":"https:\/\/nordicpadel.com\/sv\/","name":"Nordic Padel","description":"","publisher":{"@id":"https:\/\/nordicpadel.com\/sv\/#organization"},"potentialAction":[{"@type":"SearchAction","target":{"@type":"EntryPoint","urlTemplate":"https:\/\/nordicpadel.com\/sv\/?s={search_term_string}"},"query-input":"required name=search_term_string"}],"inLanguage":"sv-SE"},{"@type":"Organization","@id":"https:\/\/nordicpadel.com\/sv\/#organization","name":"Nordic Padel","url":"https:\/\/nordicpadel.com\/sv\/","logo":{"@type":"ImageObject","inLanguage":"sv-SE","@id":"https:\/\/nordicpadel.com\/sv\/#\/schema\/logo\/image\/","url":"https:\/\/nordicpadel.com\/sv\/wp-content\/uploads\/sites\/10\/2022\/12\/Nordic-Padel-small_1-1.png","contentUrl":"https:\/\/nordicpadel.com\/sv\/wp-content\/uploads\/sites\/10\/2022\/12\/Nordic-Padel-small_1-1.png","width":400,"height":119,"caption":"Nordic Padel"},"image":{"@id":"https:\/\/nordicpadel.com\/sv\/#\/schema\/logo\/image\/"}}]}},"brands":[],"_links":{"self":[{"href":"https:\/\/nordicpadel.com\/sv\/wp-json\/wp\/v2\/product\/90249","targetHints":{"allow":["GET"]}}],"collection":[{"href":"https:\/\/nordicpadel.com\/sv\/wp-json\/wp\/v2\/product"}],"about":[{"href":"https:\/\/nordicpadel.com\/sv\/wp-json\/wp\/v2\/types\/product"}],"replies":[{"embeddable":true,"href":"https:\/\/nordicpadel.com\/sv\/wp-json\/wp\/v2\/comments?post=90249"}],"wp:featuredmedia":[{"embeddable":true,"href":"https:\/\/nordicpadel.com\/sv\/wp-json\/wp\/v2\/media\/90231"}],"wp:attachment":[{"href":"https:\/\/nordicpadel.com\/sv\/wp-json\/wp\/v2\/media?parent=90249"}],"wp:term":[{"taxonomy":"pwb-brand","embeddable":true,"href":"https:\/\/nordicpadel.com\/sv\/wp-json\/wp\/v2\/pwb-brand?post=90249"},{"taxonomy":"product_cat","embeddable":true,"href":"https:\/\/nordicpadel.com\/sv\/wp-json\/wp\/v2\/product_cat?post=90249"},{"taxonomy":"product_tag","embeddable":true,"href":"https:\/\/nordicpadel.com\/sv\/wp-json\/wp\/v2\/product_tag?post=90249"},{"taxonomy":"woo-feed-brand","embeddable":true,"href":"https:\/\/nordicpadel.com\/sv\/wp-json\/wp\/v2\/woo-feed-brand?post=90249"}],"curies":[{"name":"wp","href":"https:\/\/api.w.org\/{rel}","templated":true}]}}