{"id":90210,"date":"2025-11-26T18:34:15","date_gmt":"2025-11-26T17:34:15","guid":{"rendered":"https:\/\/nordicpadel.com\/sv\/product\/nox-ml10-pro-cup-arena\/"},"modified":"2025-11-26T19:19:45","modified_gmt":"2025-11-26T18:19:45","slug":"nox-ml10-pro-cup-arena","status":"publish","type":"product","link":"https:\/\/nordicpadel.com\/sv\/product\/nox-ml10-pro-cup-arena\/","title":{"rendered":"NOX ML10 Pro Cup Arena"},"content":{"rendered":"<p>Nox ML10 Pro Cup har till 2023 f\u00e5tt en uppdaterad design. I \u00f6vrigt \u00e4r <a href=\"https:\/\/nordicpadel.com\/sv\/product-category\/padelracket\/\">padelracket<\/a> uppbyggt p\u00e5 samma s\u00e4tt som fjol\u00e5rets.<\/p>\n<p>Racket har en rund form med stor sweet spot vilket g\u00f6r att \u00e4ven tr\u00e4ffar lite l\u00e4ngre ut mot ramen levererar bra fart och k\u00e4nsla i slaget.<br \/>&nbsp;<\/p>\n<p>ML10 Pro Cup 2023 kommer har en l\u00e5g balans vilket bidrar till en h\u00e4rlig kontroll\/precision i slagen. Den lite mjukare slagytan g\u00f6r denna modell till det perfekta valet f\u00f6r dig som trivs med en lite mjukare tr\u00e4ffk\u00e4nsla och \u00e4r ocks\u00e5 ett utm\u00e4rkt val f\u00f6r dig som vill ha ett lite mer skonsamt racket f\u00f6r armen.<\/p>\n<p>Ramen \u00e4r gjord av kolfiber f\u00f6r att s\u00e4kerst\u00e4lla h\u00e5llbarheten samt g\u00f6ra racketen mer solid. Slagytan \u00e4r tillverkad av 3K Silver vilket bidrar till en mjuk och otroligt sk\u00f6n tr\u00e4ffk\u00e4nsla. 3K silver \u00e4r ett exklusivt ytskikt som inneb\u00e4r att man v\u00e4vt in glasfiber i 3K kolfiber f\u00f6r att \u00f6ka spelk\u00e4nslan. Detta g\u00f6r att racket blir v\u00e4ldigt skonsamt att spela med.<\/p>\n","protected":false},"excerpt":{"rendered":"<p>Nox ML10 Pro Cup har till 2023 f\u00e5tt en uppdaterad design. I \u00f6vrigt \u00e4r padelracket uppbyggt p\u00e5 samma s\u00e4tt som fjol\u00e5rets. Racket har en rund form med stor sweet spot vilket g\u00f6r att \u00e4ven tr\u00e4ffar lite l\u00e4ngre ut mot ramen levererar bra fart och k\u00e4nsla i slaget.&nbsp; ML10 Pro Cup 2023 kommer har en l\u00e5g [&hellip;]<\/p>\n","protected":false},"featured_media":90199,"comment_status":"open","ping_status":"closed","template":"","meta":[],"pwb-brand":[],"product_cat":[460],"product_tag":[],"woo-feed-brand":[],"class_list":{"0":"post-90210","1":"product","2":"type-product","3":"status-publish","4":"has-post-thumbnail","6":"product_cat-nox","7":"pa_varumarke-nox","9":"first","10":"outofstock","11":"taxable","12":"shipping-taxable","13":"purchasable","14":"product-type-simple"},"bundled_by":[],"bundle_stock_status":"outofstock","bundle_stock_quantity":0,"bundle_virtual":false,"bundle_layout":"","bundle_add_to_cart_form_location":"","bundle_editable_in_cart":false,"bundle_sold_individually_context":"","bundle_item_grouping":"","bundle_min_size":"","bundle_max_size":"","bundled_items":[],"bundle_sell_ids":[],"acf":[],"yoast_head":"<!-- This site is optimized with the Yoast SEO plugin v23.1 - https:\/\/yoast.com\/wordpress\/plugins\/seo\/ -->\n<title>NOX ML10 Pro Cup Arena - Nordic Padel<\/title>\n<meta name=\"robots\" content=\"index, follow, max-snippet:-1, max-image-preview:large, max-video-preview:-1\" \/>\n<link rel=\"canonical\" href=\"https:\/\/nordicpadel.com\/sv\/product\/nox-ml10-pro-cup-arena\/\" \/>\n<meta property=\"og:locale\" content=\"sv_SE\" \/>\n<meta property=\"og:type\" content=\"article\" \/>\n<meta property=\"og:title\" content=\"NOX ML10 Pro Cup Arena - Nordic Padel\" \/>\n<meta property=\"og:description\" content=\"Nox ML10 Pro Cup har till 2023 f\u00e5tt en uppdaterad design. I \u00f6vrigt \u00e4r padelracket uppbyggt p\u00e5 samma s\u00e4tt som fjol\u00e5rets. Racket har en rund form med stor sweet spot vilket g\u00f6r att \u00e4ven tr\u00e4ffar lite l\u00e4ngre ut mot ramen levererar bra fart och k\u00e4nsla i slaget.&nbsp; ML10 Pro Cup 2023 kommer har en l\u00e5g [&hellip;]\" \/>\n<meta property=\"og:url\" content=\"https:\/\/nordicpadel.com\/sv\/product\/nox-ml10-pro-cup-arena\/\" \/>\n<meta property=\"og:site_name\" content=\"Nordic Padel\" \/>\n<meta property=\"article:modified_time\" content=\"2025-11-26T18:19:45+00:00\" \/>\n<meta property=\"og:image\" content=\"https:\/\/nordicpadel.com\/sv\/wp-content\/uploads\/sites\/10\/2025\/11\/c162e06f17d17f01a82b24a878610cbb.png\" \/>\n\t<meta property=\"og:image:width\" content=\"800\" \/>\n\t<meta property=\"og:image:height\" content=\"800\" \/>\n\t<meta property=\"og:image:type\" content=\"image\/png\" \/>\n<meta name=\"twitter:card\" content=\"summary_large_image\" \/>\n<meta name=\"twitter:label1\" content=\"Ber\u00e4knad l\u00e4stid\" \/>\n\t<meta name=\"twitter:data1\" content=\"1 minut\" \/>\n<script type=\"application\/ld+json\" class=\"yoast-schema-graph\">{\"@context\":\"https:\/\/schema.org\",\"@graph\":[{\"@type\":\"WebPage\",\"@id\":\"https:\/\/nordicpadel.com\/sv\/product\/nox-ml10-pro-cup-arena\/\",\"url\":\"https:\/\/nordicpadel.com\/sv\/product\/nox-ml10-pro-cup-arena\/\",\"name\":\"NOX ML10 Pro Cup Arena - Nordic Padel\",\"isPartOf\":{\"@id\":\"https:\/\/nordicpadel.com\/sv\/#website\"},\"primaryImageOfPage\":{\"@id\":\"https:\/\/nordicpadel.com\/sv\/product\/nox-ml10-pro-cup-arena\/#primaryimage\"},\"image\":{\"@id\":\"https:\/\/nordicpadel.com\/sv\/product\/nox-ml10-pro-cup-arena\/#primaryimage\"},\"thumbnailUrl\":\"https:\/\/nordicpadel.com\/sv\/wp-content\/uploads\/sites\/10\/2025\/11\/c162e06f17d17f01a82b24a878610cbb.png\",\"datePublished\":\"2025-11-26T17:34:15+00:00\",\"dateModified\":\"2025-11-26T18:19:45+00:00\",\"breadcrumb\":{\"@id\":\"https:\/\/nordicpadel.com\/sv\/product\/nox-ml10-pro-cup-arena\/#breadcrumb\"},\"inLanguage\":\"sv-SE\",\"potentialAction\":[{\"@type\":\"ReadAction\",\"target\":[\"https:\/\/nordicpadel.com\/sv\/product\/nox-ml10-pro-cup-arena\/\"]}]},{\"@type\":\"ImageObject\",\"inLanguage\":\"sv-SE\",\"@id\":\"https:\/\/nordicpadel.com\/sv\/product\/nox-ml10-pro-cup-arena\/#primaryimage\",\"url\":\"https:\/\/nordicpadel.com\/sv\/wp-content\/uploads\/sites\/10\/2025\/11\/c162e06f17d17f01a82b24a878610cbb.png\",\"contentUrl\":\"https:\/\/nordicpadel.com\/sv\/wp-content\/uploads\/sites\/10\/2025\/11\/c162e06f17d17f01a82b24a878610cbb.png\",\"width\":800,\"height\":800,\"caption\":\"NOX ML10 Pro Cup Arena\"},{\"@type\":\"BreadcrumbList\",\"@id\":\"https:\/\/nordicpadel.com\/sv\/product\/nox-ml10-pro-cup-arena\/#breadcrumb\",\"itemListElement\":[{\"@type\":\"ListItem\",\"position\":1,\"name\":\"Hem\",\"item\":\"https:\/\/nordicpadel.com\/sv\/\"},{\"@type\":\"ListItem\",\"position\":2,\"name\":\"Shop\",\"item\":\"https:\/\/nordicpadel.com\/sv\/shop\/\"},{\"@type\":\"ListItem\",\"position\":3,\"name\":\"NOX ML10 Pro Cup Arena\"}]},{\"@type\":\"WebSite\",\"@id\":\"https:\/\/nordicpadel.com\/sv\/#website\",\"url\":\"https:\/\/nordicpadel.com\/sv\/\",\"name\":\"Nordic Padel\",\"description\":\"\",\"publisher\":{\"@id\":\"https:\/\/nordicpadel.com\/sv\/#organization\"},\"potentialAction\":[{\"@type\":\"SearchAction\",\"target\":{\"@type\":\"EntryPoint\",\"urlTemplate\":\"https:\/\/nordicpadel.com\/sv\/?s={search_term_string}\"},\"query-input\":\"required name=search_term_string\"}],\"inLanguage\":\"sv-SE\"},{\"@type\":\"Organization\",\"@id\":\"https:\/\/nordicpadel.com\/sv\/#organization\",\"name\":\"Nordic Padel\",\"url\":\"https:\/\/nordicpadel.com\/sv\/\",\"logo\":{\"@type\":\"ImageObject\",\"inLanguage\":\"sv-SE\",\"@id\":\"https:\/\/nordicpadel.com\/sv\/#\/schema\/logo\/image\/\",\"url\":\"https:\/\/nordicpadel.com\/sv\/wp-content\/uploads\/sites\/10\/2022\/12\/Nordic-Padel-small_1-1.png\",\"contentUrl\":\"https:\/\/nordicpadel.com\/sv\/wp-content\/uploads\/sites\/10\/2022\/12\/Nordic-Padel-small_1-1.png\",\"width\":400,\"height\":119,\"caption\":\"Nordic Padel\"},\"image\":{\"@id\":\"https:\/\/nordicpadel.com\/sv\/#\/schema\/logo\/image\/\"}}]}<\/script>\n<!-- \/ Yoast SEO plugin. -->","yoast_head_json":{"title":"NOX ML10 Pro Cup Arena - Nordic Padel","robots":{"index":"index","follow":"follow","max-snippet":"max-snippet:-1","max-image-preview":"max-image-preview:large","max-video-preview":"max-video-preview:-1"},"canonical":"https:\/\/nordicpadel.com\/sv\/product\/nox-ml10-pro-cup-arena\/","og_locale":"sv_SE","og_type":"article","og_title":"NOX ML10 Pro Cup Arena - Nordic Padel","og_description":"Nox ML10 Pro Cup har till 2023 f\u00e5tt en uppdaterad design. I \u00f6vrigt \u00e4r padelracket uppbyggt p\u00e5 samma s\u00e4tt som fjol\u00e5rets. Racket har en rund form med stor sweet spot vilket g\u00f6r att \u00e4ven tr\u00e4ffar lite l\u00e4ngre ut mot ramen levererar bra fart och k\u00e4nsla i slaget.&nbsp; ML10 Pro Cup 2023 kommer har en l\u00e5g [&hellip;]","og_url":"https:\/\/nordicpadel.com\/sv\/product\/nox-ml10-pro-cup-arena\/","og_site_name":"Nordic Padel","article_modified_time":"2025-11-26T18:19:45+00:00","og_image":[{"width":800,"height":800,"url":"https:\/\/nordicpadel.com\/sv\/wp-content\/uploads\/sites\/10\/2025\/11\/c162e06f17d17f01a82b24a878610cbb.png","type":"image\/png"}],"twitter_card":"summary_large_image","twitter_misc":{"Ber\u00e4knad l\u00e4stid":"1 minut"},"schema":{"@context":"https:\/\/schema.org","@graph":[{"@type":"WebPage","@id":"https:\/\/nordicpadel.com\/sv\/product\/nox-ml10-pro-cup-arena\/","url":"https:\/\/nordicpadel.com\/sv\/product\/nox-ml10-pro-cup-arena\/","name":"NOX ML10 Pro Cup Arena - Nordic Padel","isPartOf":{"@id":"https:\/\/nordicpadel.com\/sv\/#website"},"primaryImageOfPage":{"@id":"https:\/\/nordicpadel.com\/sv\/product\/nox-ml10-pro-cup-arena\/#primaryimage"},"image":{"@id":"https:\/\/nordicpadel.com\/sv\/product\/nox-ml10-pro-cup-arena\/#primaryimage"},"thumbnailUrl":"https:\/\/nordicpadel.com\/sv\/wp-content\/uploads\/sites\/10\/2025\/11\/c162e06f17d17f01a82b24a878610cbb.png","datePublished":"2025-11-26T17:34:15+00:00","dateModified":"2025-11-26T18:19:45+00:00","breadcrumb":{"@id":"https:\/\/nordicpadel.com\/sv\/product\/nox-ml10-pro-cup-arena\/#breadcrumb"},"inLanguage":"sv-SE","potentialAction":[{"@type":"ReadAction","target":["https:\/\/nordicpadel.com\/sv\/product\/nox-ml10-pro-cup-arena\/"]}]},{"@type":"ImageObject","inLanguage":"sv-SE","@id":"https:\/\/nordicpadel.com\/sv\/product\/nox-ml10-pro-cup-arena\/#primaryimage","url":"https:\/\/nordicpadel.com\/sv\/wp-content\/uploads\/sites\/10\/2025\/11\/c162e06f17d17f01a82b24a878610cbb.png","contentUrl":"https:\/\/nordicpadel.com\/sv\/wp-content\/uploads\/sites\/10\/2025\/11\/c162e06f17d17f01a82b24a878610cbb.png","width":800,"height":800,"caption":"NOX ML10 Pro Cup Arena"},{"@type":"BreadcrumbList","@id":"https:\/\/nordicpadel.com\/sv\/product\/nox-ml10-pro-cup-arena\/#breadcrumb","itemListElement":[{"@type":"ListItem","position":1,"name":"Hem","item":"https:\/\/nordicpadel.com\/sv\/"},{"@type":"ListItem","position":2,"name":"Shop","item":"https:\/\/nordicpadel.com\/sv\/shop\/"},{"@type":"ListItem","position":3,"name":"NOX ML10 Pro Cup Arena"}]},{"@type":"WebSite","@id":"https:\/\/nordicpadel.com\/sv\/#website","url":"https:\/\/nordicpadel.com\/sv\/","name":"Nordic Padel","description":"","publisher":{"@id":"https:\/\/nordicpadel.com\/sv\/#organization"},"potentialAction":[{"@type":"SearchAction","target":{"@type":"EntryPoint","urlTemplate":"https:\/\/nordicpadel.com\/sv\/?s={search_term_string}"},"query-input":"required name=search_term_string"}],"inLanguage":"sv-SE"},{"@type":"Organization","@id":"https:\/\/nordicpadel.com\/sv\/#organization","name":"Nordic Padel","url":"https:\/\/nordicpadel.com\/sv\/","logo":{"@type":"ImageObject","inLanguage":"sv-SE","@id":"https:\/\/nordicpadel.com\/sv\/#\/schema\/logo\/image\/","url":"https:\/\/nordicpadel.com\/sv\/wp-content\/uploads\/sites\/10\/2022\/12\/Nordic-Padel-small_1-1.png","contentUrl":"https:\/\/nordicpadel.com\/sv\/wp-content\/uploads\/sites\/10\/2022\/12\/Nordic-Padel-small_1-1.png","width":400,"height":119,"caption":"Nordic Padel"},"image":{"@id":"https:\/\/nordicpadel.com\/sv\/#\/schema\/logo\/image\/"}}]}},"brands":[],"_links":{"self":[{"href":"https:\/\/nordicpadel.com\/sv\/wp-json\/wp\/v2\/product\/90210","targetHints":{"allow":["GET"]}}],"collection":[{"href":"https:\/\/nordicpadel.com\/sv\/wp-json\/wp\/v2\/product"}],"about":[{"href":"https:\/\/nordicpadel.com\/sv\/wp-json\/wp\/v2\/types\/product"}],"replies":[{"embeddable":true,"href":"https:\/\/nordicpadel.com\/sv\/wp-json\/wp\/v2\/comments?post=90210"}],"wp:featuredmedia":[{"embeddable":true,"href":"https:\/\/nordicpadel.com\/sv\/wp-json\/wp\/v2\/media\/90199"}],"wp:attachment":[{"href":"https:\/\/nordicpadel.com\/sv\/wp-json\/wp\/v2\/media?parent=90210"}],"wp:term":[{"taxonomy":"pwb-brand","embeddable":true,"href":"https:\/\/nordicpadel.com\/sv\/wp-json\/wp\/v2\/pwb-brand?post=90210"},{"taxonomy":"product_cat","embeddable":true,"href":"https:\/\/nordicpadel.com\/sv\/wp-json\/wp\/v2\/product_cat?post=90210"},{"taxonomy":"product_tag","embeddable":true,"href":"https:\/\/nordicpadel.com\/sv\/wp-json\/wp\/v2\/product_tag?post=90210"},{"taxonomy":"woo-feed-brand","embeddable":true,"href":"https:\/\/nordicpadel.com\/sv\/wp-json\/wp\/v2\/woo-feed-brand?post=90210"}],"curies":[{"name":"wp","href":"https:\/\/api.w.org\/{rel}","templated":true}]}}