{"id":90151,"date":"2025-11-26T18:33:53","date_gmt":"2025-11-26T17:33:53","guid":{"rendered":"https:\/\/nordicpadel.com\/sv\/product\/wilson-elite-jurgen-klopp-edition\/"},"modified":"2025-11-27T17:16:59","modified_gmt":"2025-11-27T16:16:59","slug":"wilson-elite-jurgen-klopp-edition","status":"publish","type":"product","link":"https:\/\/nordicpadel.com\/sv\/product\/wilson-elite-jurgen-klopp-edition\/","title":{"rendered":"Wilson Elite J\u00fcrgen Klopp Edition"},"content":{"rendered":"<p>Wilson Klopp Elite \u00e4r ett racket framtaget Liverpooltr\u00e4naren och padelfantasten J\u00fcrgen Klopp.<br id=\"isPasted\"><\/p>\n<p>Racket tillh\u00f6r Wilsons Bela-serie. Likt Pro-varianten s\u00e5 \u00e4r racket diamantformat med en medelbalans. S\u00e5ledes st\u00e4ller det st\u00f6rre krav p\u00e5 en bra bolltr\u00e4ff men ger samtidigt otroligt bra utv\u00e4xling d\u00e5 du kommer r\u00e4tt till bollen. Trots sin diamantform s\u00e5 erbjuder racket f\u00f6rv\u00e5nansv\u00e4rt bra kontroll och precision vid f\u00f6rsvarsspel. Tr\u00e4ffytan \u00e4r tillverkad i n\u00e5got mjukare kolfiber \u00e4n Pro, men ger fortfarande en snabb respons vid bolltr\u00e4ff. Ytan har vidare en struktur som faktiskt \u00e4r inspirerad fr\u00e5n Wilsons basketbollar och \u00e4r knottrigt samt n\u00e5got str\u00e4v. Detta bidrar till extra skruv i kicksmashen eller bandejan.<\/p>\n<p>Rackets k\u00e4rna \u00e4r n\u00e5got mjukare och ben\u00e4mns av Wilson som Soft EVA Foam. Kolfiberytan och Firm Foam Core-k\u00e4rnan g\u00f6r att racket \u00e4r v\u00e4ldigt responsivt i det offensiva spelet och ger bra tyngd och kraft i volleys och over heads. Slutligen finns det \u00e4ven ett vibrationsd\u00e4mpande system i racket som reducerar vibrationerna fr\u00e5n bolltr\u00e4ffen och s\u00e5ledes g\u00f6r racket skonsammare mot armb\u00e5gen.<\/p><\/p>\n","protected":false},"excerpt":{"rendered":"<p>Wilson Klopp Elite \u00e4r ett racket framtaget Liverpooltr\u00e4naren och padelfantasten J\u00fcrgen Klopp. Racket tillh\u00f6r Wilsons Bela-serie. Likt Pro-varianten s\u00e5 \u00e4r racket diamantformat med en medelbalans. S\u00e5ledes st\u00e4ller det st\u00f6rre krav p\u00e5 en bra bolltr\u00e4ff men ger samtidigt otroligt bra utv\u00e4xling d\u00e5 du kommer r\u00e4tt till bollen. Trots sin diamantform s\u00e5 erbjuder racket f\u00f6rv\u00e5nansv\u00e4rt bra kontroll [&hellip;]<\/p>\n","protected":false},"featured_media":90133,"comment_status":"open","ping_status":"closed","template":"","meta":[],"pwb-brand":[],"product_cat":[461],"product_tag":[],"woo-feed-brand":[],"class_list":{"0":"post-90151","1":"product","2":"type-product","3":"status-publish","4":"has-post-thumbnail","6":"product_cat-wilson","7":"pa_varumarke-wilson","9":"first","10":"outofstock","11":"sale","12":"taxable","13":"shipping-taxable","14":"purchasable","15":"product-type-simple"},"bundled_by":[],"bundle_stock_status":"outofstock","bundle_stock_quantity":0,"bundle_virtual":false,"bundle_layout":"","bundle_add_to_cart_form_location":"","bundle_editable_in_cart":false,"bundle_sold_individually_context":"","bundle_item_grouping":"","bundle_min_size":"","bundle_max_size":"","bundled_items":[],"bundle_sell_ids":[],"acf":[],"yoast_head":"<!-- This site is optimized with the Yoast SEO plugin v23.1 - https:\/\/yoast.com\/wordpress\/plugins\/seo\/ -->\n<title>Wilson Elite J\u00fcrgen Klopp Edition - Nordic Padel<\/title>\n<meta name=\"robots\" content=\"index, follow, max-snippet:-1, max-image-preview:large, max-video-preview:-1\" \/>\n<link rel=\"canonical\" href=\"https:\/\/nordicpadel.com\/sv\/product\/wilson-elite-jurgen-klopp-edition\/\" \/>\n<meta property=\"og:locale\" content=\"sv_SE\" \/>\n<meta property=\"og:type\" content=\"article\" \/>\n<meta property=\"og:title\" content=\"Wilson Elite J\u00fcrgen Klopp Edition - Nordic Padel\" \/>\n<meta property=\"og:description\" content=\"Wilson Klopp Elite \u00e4r ett racket framtaget Liverpooltr\u00e4naren och padelfantasten J\u00fcrgen Klopp. Racket tillh\u00f6r Wilsons Bela-serie. Likt Pro-varianten s\u00e5 \u00e4r racket diamantformat med en medelbalans. S\u00e5ledes st\u00e4ller det st\u00f6rre krav p\u00e5 en bra bolltr\u00e4ff men ger samtidigt otroligt bra utv\u00e4xling d\u00e5 du kommer r\u00e4tt till bollen. Trots sin diamantform s\u00e5 erbjuder racket f\u00f6rv\u00e5nansv\u00e4rt bra kontroll [&hellip;]\" \/>\n<meta property=\"og:url\" content=\"https:\/\/nordicpadel.com\/sv\/product\/wilson-elite-jurgen-klopp-edition\/\" \/>\n<meta property=\"og:site_name\" content=\"Nordic Padel\" \/>\n<meta property=\"article:modified_time\" content=\"2025-11-27T16:16:59+00:00\" \/>\n<meta property=\"og:image\" content=\"https:\/\/nordicpadel.com\/sv\/wp-content\/uploads\/sites\/10\/2025\/11\/39e5a7817577511040d9e7746208be8f.png\" \/>\n\t<meta property=\"og:image:width\" content=\"800\" \/>\n\t<meta property=\"og:image:height\" content=\"800\" \/>\n\t<meta property=\"og:image:type\" content=\"image\/png\" \/>\n<meta name=\"twitter:card\" content=\"summary_large_image\" \/>\n<meta name=\"twitter:label1\" content=\"Ber\u00e4knad l\u00e4stid\" \/>\n\t<meta name=\"twitter:data1\" content=\"1 minut\" \/>\n<script type=\"application\/ld+json\" class=\"yoast-schema-graph\">{\"@context\":\"https:\/\/schema.org\",\"@graph\":[{\"@type\":\"WebPage\",\"@id\":\"https:\/\/nordicpadel.com\/sv\/product\/wilson-elite-jurgen-klopp-edition\/\",\"url\":\"https:\/\/nordicpadel.com\/sv\/product\/wilson-elite-jurgen-klopp-edition\/\",\"name\":\"Wilson Elite J\u00fcrgen Klopp Edition - Nordic Padel\",\"isPartOf\":{\"@id\":\"https:\/\/nordicpadel.com\/sv\/#website\"},\"primaryImageOfPage\":{\"@id\":\"https:\/\/nordicpadel.com\/sv\/product\/wilson-elite-jurgen-klopp-edition\/#primaryimage\"},\"image\":{\"@id\":\"https:\/\/nordicpadel.com\/sv\/product\/wilson-elite-jurgen-klopp-edition\/#primaryimage\"},\"thumbnailUrl\":\"https:\/\/nordicpadel.com\/sv\/wp-content\/uploads\/sites\/10\/2025\/11\/39e5a7817577511040d9e7746208be8f.png\",\"datePublished\":\"2025-11-26T17:33:53+00:00\",\"dateModified\":\"2025-11-27T16:16:59+00:00\",\"breadcrumb\":{\"@id\":\"https:\/\/nordicpadel.com\/sv\/product\/wilson-elite-jurgen-klopp-edition\/#breadcrumb\"},\"inLanguage\":\"sv-SE\",\"potentialAction\":[{\"@type\":\"ReadAction\",\"target\":[\"https:\/\/nordicpadel.com\/sv\/product\/wilson-elite-jurgen-klopp-edition\/\"]}]},{\"@type\":\"ImageObject\",\"inLanguage\":\"sv-SE\",\"@id\":\"https:\/\/nordicpadel.com\/sv\/product\/wilson-elite-jurgen-klopp-edition\/#primaryimage\",\"url\":\"https:\/\/nordicpadel.com\/sv\/wp-content\/uploads\/sites\/10\/2025\/11\/39e5a7817577511040d9e7746208be8f.png\",\"contentUrl\":\"https:\/\/nordicpadel.com\/sv\/wp-content\/uploads\/sites\/10\/2025\/11\/39e5a7817577511040d9e7746208be8f.png\",\"width\":800,\"height\":800,\"caption\":\"Wilson Elite J\u00fcrgen Klopp Edition\"},{\"@type\":\"BreadcrumbList\",\"@id\":\"https:\/\/nordicpadel.com\/sv\/product\/wilson-elite-jurgen-klopp-edition\/#breadcrumb\",\"itemListElement\":[{\"@type\":\"ListItem\",\"position\":1,\"name\":\"Hem\",\"item\":\"https:\/\/nordicpadel.com\/sv\/\"},{\"@type\":\"ListItem\",\"position\":2,\"name\":\"Shop\",\"item\":\"https:\/\/nordicpadel.com\/sv\/shop\/\"},{\"@type\":\"ListItem\",\"position\":3,\"name\":\"Wilson Elite J\u00fcrgen Klopp Edition\"}]},{\"@type\":\"WebSite\",\"@id\":\"https:\/\/nordicpadel.com\/sv\/#website\",\"url\":\"https:\/\/nordicpadel.com\/sv\/\",\"name\":\"Nordic Padel\",\"description\":\"\",\"publisher\":{\"@id\":\"https:\/\/nordicpadel.com\/sv\/#organization\"},\"potentialAction\":[{\"@type\":\"SearchAction\",\"target\":{\"@type\":\"EntryPoint\",\"urlTemplate\":\"https:\/\/nordicpadel.com\/sv\/?s={search_term_string}\"},\"query-input\":\"required name=search_term_string\"}],\"inLanguage\":\"sv-SE\"},{\"@type\":\"Organization\",\"@id\":\"https:\/\/nordicpadel.com\/sv\/#organization\",\"name\":\"Nordic Padel\",\"url\":\"https:\/\/nordicpadel.com\/sv\/\",\"logo\":{\"@type\":\"ImageObject\",\"inLanguage\":\"sv-SE\",\"@id\":\"https:\/\/nordicpadel.com\/sv\/#\/schema\/logo\/image\/\",\"url\":\"https:\/\/nordicpadel.com\/sv\/wp-content\/uploads\/sites\/10\/2022\/12\/Nordic-Padel-small_1-1.png\",\"contentUrl\":\"https:\/\/nordicpadel.com\/sv\/wp-content\/uploads\/sites\/10\/2022\/12\/Nordic-Padel-small_1-1.png\",\"width\":400,\"height\":119,\"caption\":\"Nordic Padel\"},\"image\":{\"@id\":\"https:\/\/nordicpadel.com\/sv\/#\/schema\/logo\/image\/\"}}]}<\/script>\n<!-- \/ Yoast SEO plugin. -->","yoast_head_json":{"title":"Wilson Elite J\u00fcrgen Klopp Edition - Nordic Padel","robots":{"index":"index","follow":"follow","max-snippet":"max-snippet:-1","max-image-preview":"max-image-preview:large","max-video-preview":"max-video-preview:-1"},"canonical":"https:\/\/nordicpadel.com\/sv\/product\/wilson-elite-jurgen-klopp-edition\/","og_locale":"sv_SE","og_type":"article","og_title":"Wilson Elite J\u00fcrgen Klopp Edition - Nordic Padel","og_description":"Wilson Klopp Elite \u00e4r ett racket framtaget Liverpooltr\u00e4naren och padelfantasten J\u00fcrgen Klopp. Racket tillh\u00f6r Wilsons Bela-serie. Likt Pro-varianten s\u00e5 \u00e4r racket diamantformat med en medelbalans. S\u00e5ledes st\u00e4ller det st\u00f6rre krav p\u00e5 en bra bolltr\u00e4ff men ger samtidigt otroligt bra utv\u00e4xling d\u00e5 du kommer r\u00e4tt till bollen. Trots sin diamantform s\u00e5 erbjuder racket f\u00f6rv\u00e5nansv\u00e4rt bra kontroll [&hellip;]","og_url":"https:\/\/nordicpadel.com\/sv\/product\/wilson-elite-jurgen-klopp-edition\/","og_site_name":"Nordic Padel","article_modified_time":"2025-11-27T16:16:59+00:00","og_image":[{"width":800,"height":800,"url":"https:\/\/nordicpadel.com\/sv\/wp-content\/uploads\/sites\/10\/2025\/11\/39e5a7817577511040d9e7746208be8f.png","type":"image\/png"}],"twitter_card":"summary_large_image","twitter_misc":{"Ber\u00e4knad l\u00e4stid":"1 minut"},"schema":{"@context":"https:\/\/schema.org","@graph":[{"@type":"WebPage","@id":"https:\/\/nordicpadel.com\/sv\/product\/wilson-elite-jurgen-klopp-edition\/","url":"https:\/\/nordicpadel.com\/sv\/product\/wilson-elite-jurgen-klopp-edition\/","name":"Wilson Elite J\u00fcrgen Klopp Edition - Nordic Padel","isPartOf":{"@id":"https:\/\/nordicpadel.com\/sv\/#website"},"primaryImageOfPage":{"@id":"https:\/\/nordicpadel.com\/sv\/product\/wilson-elite-jurgen-klopp-edition\/#primaryimage"},"image":{"@id":"https:\/\/nordicpadel.com\/sv\/product\/wilson-elite-jurgen-klopp-edition\/#primaryimage"},"thumbnailUrl":"https:\/\/nordicpadel.com\/sv\/wp-content\/uploads\/sites\/10\/2025\/11\/39e5a7817577511040d9e7746208be8f.png","datePublished":"2025-11-26T17:33:53+00:00","dateModified":"2025-11-27T16:16:59+00:00","breadcrumb":{"@id":"https:\/\/nordicpadel.com\/sv\/product\/wilson-elite-jurgen-klopp-edition\/#breadcrumb"},"inLanguage":"sv-SE","potentialAction":[{"@type":"ReadAction","target":["https:\/\/nordicpadel.com\/sv\/product\/wilson-elite-jurgen-klopp-edition\/"]}]},{"@type":"ImageObject","inLanguage":"sv-SE","@id":"https:\/\/nordicpadel.com\/sv\/product\/wilson-elite-jurgen-klopp-edition\/#primaryimage","url":"https:\/\/nordicpadel.com\/sv\/wp-content\/uploads\/sites\/10\/2025\/11\/39e5a7817577511040d9e7746208be8f.png","contentUrl":"https:\/\/nordicpadel.com\/sv\/wp-content\/uploads\/sites\/10\/2025\/11\/39e5a7817577511040d9e7746208be8f.png","width":800,"height":800,"caption":"Wilson Elite J\u00fcrgen Klopp Edition"},{"@type":"BreadcrumbList","@id":"https:\/\/nordicpadel.com\/sv\/product\/wilson-elite-jurgen-klopp-edition\/#breadcrumb","itemListElement":[{"@type":"ListItem","position":1,"name":"Hem","item":"https:\/\/nordicpadel.com\/sv\/"},{"@type":"ListItem","position":2,"name":"Shop","item":"https:\/\/nordicpadel.com\/sv\/shop\/"},{"@type":"ListItem","position":3,"name":"Wilson Elite J\u00fcrgen Klopp Edition"}]},{"@type":"WebSite","@id":"https:\/\/nordicpadel.com\/sv\/#website","url":"https:\/\/nordicpadel.com\/sv\/","name":"Nordic Padel","description":"","publisher":{"@id":"https:\/\/nordicpadel.com\/sv\/#organization"},"potentialAction":[{"@type":"SearchAction","target":{"@type":"EntryPoint","urlTemplate":"https:\/\/nordicpadel.com\/sv\/?s={search_term_string}"},"query-input":"required name=search_term_string"}],"inLanguage":"sv-SE"},{"@type":"Organization","@id":"https:\/\/nordicpadel.com\/sv\/#organization","name":"Nordic Padel","url":"https:\/\/nordicpadel.com\/sv\/","logo":{"@type":"ImageObject","inLanguage":"sv-SE","@id":"https:\/\/nordicpadel.com\/sv\/#\/schema\/logo\/image\/","url":"https:\/\/nordicpadel.com\/sv\/wp-content\/uploads\/sites\/10\/2022\/12\/Nordic-Padel-small_1-1.png","contentUrl":"https:\/\/nordicpadel.com\/sv\/wp-content\/uploads\/sites\/10\/2022\/12\/Nordic-Padel-small_1-1.png","width":400,"height":119,"caption":"Nordic Padel"},"image":{"@id":"https:\/\/nordicpadel.com\/sv\/#\/schema\/logo\/image\/"}}]}},"brands":[],"_links":{"self":[{"href":"https:\/\/nordicpadel.com\/sv\/wp-json\/wp\/v2\/product\/90151","targetHints":{"allow":["GET"]}}],"collection":[{"href":"https:\/\/nordicpadel.com\/sv\/wp-json\/wp\/v2\/product"}],"about":[{"href":"https:\/\/nordicpadel.com\/sv\/wp-json\/wp\/v2\/types\/product"}],"replies":[{"embeddable":true,"href":"https:\/\/nordicpadel.com\/sv\/wp-json\/wp\/v2\/comments?post=90151"}],"wp:featuredmedia":[{"embeddable":true,"href":"https:\/\/nordicpadel.com\/sv\/wp-json\/wp\/v2\/media\/90133"}],"wp:attachment":[{"href":"https:\/\/nordicpadel.com\/sv\/wp-json\/wp\/v2\/media?parent=90151"}],"wp:term":[{"taxonomy":"pwb-brand","embeddable":true,"href":"https:\/\/nordicpadel.com\/sv\/wp-json\/wp\/v2\/pwb-brand?post=90151"},{"taxonomy":"product_cat","embeddable":true,"href":"https:\/\/nordicpadel.com\/sv\/wp-json\/wp\/v2\/product_cat?post=90151"},{"taxonomy":"product_tag","embeddable":true,"href":"https:\/\/nordicpadel.com\/sv\/wp-json\/wp\/v2\/product_tag?post=90151"},{"taxonomy":"woo-feed-brand","embeddable":true,"href":"https:\/\/nordicpadel.com\/sv\/wp-json\/wp\/v2\/woo-feed-brand?post=90151"}],"curies":[{"name":"wp","href":"https:\/\/api.w.org\/{rel}","templated":true}]}}