{"id":90107,"date":"2025-11-26T18:33:37","date_gmt":"2025-11-26T17:33:37","guid":{"rendered":"https:\/\/nordicpadel.com\/sv\/product\/head-sprint-pro-3-5-sf\/"},"modified":"2026-02-02T22:56:49","modified_gmt":"2026-02-02T21:56:49","slug":"head-sprint-pro-3-5-sf","status":"publish","type":"product","link":"https:\/\/nordicpadel.com\/sv\/product\/head-sprint-pro-3-5-sf\/","title":{"rendered":"Head Sprint Pro 3.5 SF"},"content":{"rendered":"<p>Sprint Pro SF 3.5 \u00e4r Heads toppmodell och erbjuder en av marknadens mest innovativa och utvecklade teknologier. Skon erbjuder en niv\u00e5 av prestanda och komfort med en reducerad vikt. Tack vare implementeringen av det revolutionerande materialet SuperFabric\u00ae  \u00e4r dessa &lt;a href=&quot;https:\/\/nordicpadel.com\/sv\/product-category\/<a href=\"https:\/\/nordicpadel.com\/sv\/product-category\/padelskor\/herr\/\">padelsko<\/a>r\/&#8221;&gt;<a href=\"https:\/\/nordicpadel.com\/sv\/product-category\/padelskor\/herr\/\">padelsko<\/a>r<\/a> perfekta  f\u00f6r dig som vill vara snabbare p\u00e5 banan. Skon best\u00e5r av en strumpkonstruktion f\u00f6r att ge dig en mjukare och sk\u00f6nare innerk\u00e4nsla och en mer omfamnande passform. Trots den smidiga k\u00e4nslan och l\u00e4ttheten ger skon otroligt bra stabilitet s\u00e5 att du kan k\u00e4nna dig trygg i sidledsr\u00f6relser p\u00e5 banan.<\/p>\n<p>L\u00e4s g\u00e4rna v\u00e5r <a href=\"https:\/\/nordicpadel.com\/sv\/guide-padelskor\/\">skoguide<\/a> som inneh\u00e5ller tips samt en storleksguide f\u00f6r att hj\u00e4lpa dig hitta r\u00e4tt skor.<\/p>\n","protected":false},"excerpt":{"rendered":"<p>Sprint Pro SF 3.5 \u00e4r Heads toppmodell och erbjuder en av marknadens mest innovativa och utvecklade teknologier. Skon erbjuder en niv\u00e5 av prestanda och komfort med en reducerad vikt. Tack vare implementeringen av det revolutionerande materialet SuperFabric\u00ae \u00e4r dessa &lt;a href=&quot;https:\/\/nordicpadel.com\/sv\/product-category\/padelskor\/&#8221;&gt;padelskor perfekta f\u00f6r dig som vill vara snabbare p\u00e5 banan. Skon best\u00e5r av en strumpkonstruktion [&hellip;]<\/p>\n","protected":false},"featured_media":90096,"comment_status":"open","ping_status":"closed","template":"","meta":[],"pwb-brand":[],"product_cat":[459,38],"product_tag":[],"woo-feed-brand":[],"class_list":{"0":"post-90107","1":"product","2":"type-product","3":"status-publish","4":"has-post-thumbnail","6":"product_cat-head","7":"product_cat-herr","8":"pa_varumarke-head","10":"first","11":"instock","12":"sale","13":"taxable","14":"shipping-taxable","15":"purchasable","16":"product-type-variable"},"bundled_by":[],"bundle_stock_status":"instock","bundle_stock_quantity":1,"bundle_virtual":false,"bundle_layout":"","bundle_add_to_cart_form_location":"","bundle_editable_in_cart":false,"bundle_sold_individually_context":"","bundle_item_grouping":"","bundle_min_size":"","bundle_max_size":"","bundled_items":[],"bundle_sell_ids":[],"acf":[],"yoast_head":"<!-- This site is optimized with the Yoast SEO plugin v23.1 - https:\/\/yoast.com\/wordpress\/plugins\/seo\/ -->\n<title>Head Sprint Pro 3.5 SF - Nordic Padel<\/title>\n<meta name=\"robots\" content=\"index, follow, max-snippet:-1, max-image-preview:large, max-video-preview:-1\" \/>\n<link rel=\"canonical\" href=\"https:\/\/nordicpadel.com\/sv\/product\/head-sprint-pro-3-5-sf\/\" \/>\n<meta property=\"og:locale\" content=\"sv_SE\" \/>\n<meta property=\"og:type\" content=\"article\" \/>\n<meta property=\"og:title\" content=\"Head Sprint Pro 3.5 SF - Nordic Padel\" \/>\n<meta property=\"og:description\" content=\"Sprint Pro SF 3.5 \u00e4r Heads toppmodell och erbjuder en av marknadens mest innovativa och utvecklade teknologier. Skon erbjuder en niv\u00e5 av prestanda och komfort med en reducerad vikt. Tack vare implementeringen av det revolutionerande materialet SuperFabric\u00ae \u00e4r dessa &lt;a href=&quot;https:\/\/nordicpadel.com\/sv\/product-category\/padelskor\/&#8221;&gt;padelskor perfekta f\u00f6r dig som vill vara snabbare p\u00e5 banan. Skon best\u00e5r av en strumpkonstruktion [&hellip;]\" \/>\n<meta property=\"og:url\" content=\"https:\/\/nordicpadel.com\/sv\/product\/head-sprint-pro-3-5-sf\/\" \/>\n<meta property=\"og:site_name\" content=\"Nordic Padel\" \/>\n<meta property=\"article:modified_time\" content=\"2026-02-02T21:56:49+00:00\" \/>\n<meta property=\"og:image\" content=\"https:\/\/nordicpadel.com\/sv\/wp-content\/uploads\/sites\/10\/2025\/11\/c354a9b878269b14a0ce957ca5a5e2ac.png\" \/>\n\t<meta property=\"og:image:width\" content=\"800\" \/>\n\t<meta property=\"og:image:height\" content=\"800\" \/>\n\t<meta property=\"og:image:type\" content=\"image\/png\" \/>\n<meta name=\"twitter:card\" content=\"summary_large_image\" \/>\n<meta name=\"twitter:label1\" content=\"Ber\u00e4knad l\u00e4stid\" \/>\n\t<meta name=\"twitter:data1\" content=\"1 minut\" \/>\n<script type=\"application\/ld+json\" class=\"yoast-schema-graph\">{\"@context\":\"https:\/\/schema.org\",\"@graph\":[{\"@type\":\"WebPage\",\"@id\":\"https:\/\/nordicpadel.com\/sv\/product\/head-sprint-pro-3-5-sf\/\",\"url\":\"https:\/\/nordicpadel.com\/sv\/product\/head-sprint-pro-3-5-sf\/\",\"name\":\"Head Sprint Pro 3.5 SF - Nordic Padel\",\"isPartOf\":{\"@id\":\"https:\/\/nordicpadel.com\/sv\/#website\"},\"primaryImageOfPage\":{\"@id\":\"https:\/\/nordicpadel.com\/sv\/product\/head-sprint-pro-3-5-sf\/#primaryimage\"},\"image\":{\"@id\":\"https:\/\/nordicpadel.com\/sv\/product\/head-sprint-pro-3-5-sf\/#primaryimage\"},\"thumbnailUrl\":\"https:\/\/nordicpadel.com\/sv\/wp-content\/uploads\/sites\/10\/2025\/11\/c354a9b878269b14a0ce957ca5a5e2ac.png\",\"datePublished\":\"2025-11-26T17:33:37+00:00\",\"dateModified\":\"2026-02-02T21:56:49+00:00\",\"breadcrumb\":{\"@id\":\"https:\/\/nordicpadel.com\/sv\/product\/head-sprint-pro-3-5-sf\/#breadcrumb\"},\"inLanguage\":\"sv-SE\",\"potentialAction\":[{\"@type\":\"ReadAction\",\"target\":[\"https:\/\/nordicpadel.com\/sv\/product\/head-sprint-pro-3-5-sf\/\"]}]},{\"@type\":\"ImageObject\",\"inLanguage\":\"sv-SE\",\"@id\":\"https:\/\/nordicpadel.com\/sv\/product\/head-sprint-pro-3-5-sf\/#primaryimage\",\"url\":\"https:\/\/nordicpadel.com\/sv\/wp-content\/uploads\/sites\/10\/2025\/11\/c354a9b878269b14a0ce957ca5a5e2ac.png\",\"contentUrl\":\"https:\/\/nordicpadel.com\/sv\/wp-content\/uploads\/sites\/10\/2025\/11\/c354a9b878269b14a0ce957ca5a5e2ac.png\",\"width\":800,\"height\":800,\"caption\":\"Head Sprint Pro 3.5 SF\"},{\"@type\":\"BreadcrumbList\",\"@id\":\"https:\/\/nordicpadel.com\/sv\/product\/head-sprint-pro-3-5-sf\/#breadcrumb\",\"itemListElement\":[{\"@type\":\"ListItem\",\"position\":1,\"name\":\"Hem\",\"item\":\"https:\/\/nordicpadel.com\/sv\/\"},{\"@type\":\"ListItem\",\"position\":2,\"name\":\"Shop\",\"item\":\"https:\/\/nordicpadel.com\/sv\/shop\/\"},{\"@type\":\"ListItem\",\"position\":3,\"name\":\"Head Sprint Pro 3.5 SF\"}]},{\"@type\":\"WebSite\",\"@id\":\"https:\/\/nordicpadel.com\/sv\/#website\",\"url\":\"https:\/\/nordicpadel.com\/sv\/\",\"name\":\"Nordic Padel\",\"description\":\"\",\"publisher\":{\"@id\":\"https:\/\/nordicpadel.com\/sv\/#organization\"},\"potentialAction\":[{\"@type\":\"SearchAction\",\"target\":{\"@type\":\"EntryPoint\",\"urlTemplate\":\"https:\/\/nordicpadel.com\/sv\/?s={search_term_string}\"},\"query-input\":\"required name=search_term_string\"}],\"inLanguage\":\"sv-SE\"},{\"@type\":\"Organization\",\"@id\":\"https:\/\/nordicpadel.com\/sv\/#organization\",\"name\":\"Nordic Padel\",\"url\":\"https:\/\/nordicpadel.com\/sv\/\",\"logo\":{\"@type\":\"ImageObject\",\"inLanguage\":\"sv-SE\",\"@id\":\"https:\/\/nordicpadel.com\/sv\/#\/schema\/logo\/image\/\",\"url\":\"https:\/\/nordicpadel.com\/sv\/wp-content\/uploads\/sites\/10\/2022\/12\/Nordic-Padel-small_1-1.png\",\"contentUrl\":\"https:\/\/nordicpadel.com\/sv\/wp-content\/uploads\/sites\/10\/2022\/12\/Nordic-Padel-small_1-1.png\",\"width\":400,\"height\":119,\"caption\":\"Nordic Padel\"},\"image\":{\"@id\":\"https:\/\/nordicpadel.com\/sv\/#\/schema\/logo\/image\/\"}}]}<\/script>\n<!-- \/ Yoast SEO plugin. -->","yoast_head_json":{"title":"Head Sprint Pro 3.5 SF - Nordic Padel","robots":{"index":"index","follow":"follow","max-snippet":"max-snippet:-1","max-image-preview":"max-image-preview:large","max-video-preview":"max-video-preview:-1"},"canonical":"https:\/\/nordicpadel.com\/sv\/product\/head-sprint-pro-3-5-sf\/","og_locale":"sv_SE","og_type":"article","og_title":"Head Sprint Pro 3.5 SF - Nordic Padel","og_description":"Sprint Pro SF 3.5 \u00e4r Heads toppmodell och erbjuder en av marknadens mest innovativa och utvecklade teknologier. Skon erbjuder en niv\u00e5 av prestanda och komfort med en reducerad vikt. Tack vare implementeringen av det revolutionerande materialet SuperFabric\u00ae \u00e4r dessa &lt;a href=&quot;https:\/\/nordicpadel.com\/sv\/product-category\/padelskor\/&#8221;&gt;padelskor perfekta f\u00f6r dig som vill vara snabbare p\u00e5 banan. Skon best\u00e5r av en strumpkonstruktion [&hellip;]","og_url":"https:\/\/nordicpadel.com\/sv\/product\/head-sprint-pro-3-5-sf\/","og_site_name":"Nordic Padel","article_modified_time":"2026-02-02T21:56:49+00:00","og_image":[{"width":800,"height":800,"url":"https:\/\/nordicpadel.com\/sv\/wp-content\/uploads\/sites\/10\/2025\/11\/c354a9b878269b14a0ce957ca5a5e2ac.png","type":"image\/png"}],"twitter_card":"summary_large_image","twitter_misc":{"Ber\u00e4knad l\u00e4stid":"1 minut"},"schema":{"@context":"https:\/\/schema.org","@graph":[{"@type":"WebPage","@id":"https:\/\/nordicpadel.com\/sv\/product\/head-sprint-pro-3-5-sf\/","url":"https:\/\/nordicpadel.com\/sv\/product\/head-sprint-pro-3-5-sf\/","name":"Head Sprint Pro 3.5 SF - Nordic Padel","isPartOf":{"@id":"https:\/\/nordicpadel.com\/sv\/#website"},"primaryImageOfPage":{"@id":"https:\/\/nordicpadel.com\/sv\/product\/head-sprint-pro-3-5-sf\/#primaryimage"},"image":{"@id":"https:\/\/nordicpadel.com\/sv\/product\/head-sprint-pro-3-5-sf\/#primaryimage"},"thumbnailUrl":"https:\/\/nordicpadel.com\/sv\/wp-content\/uploads\/sites\/10\/2025\/11\/c354a9b878269b14a0ce957ca5a5e2ac.png","datePublished":"2025-11-26T17:33:37+00:00","dateModified":"2026-02-02T21:56:49+00:00","breadcrumb":{"@id":"https:\/\/nordicpadel.com\/sv\/product\/head-sprint-pro-3-5-sf\/#breadcrumb"},"inLanguage":"sv-SE","potentialAction":[{"@type":"ReadAction","target":["https:\/\/nordicpadel.com\/sv\/product\/head-sprint-pro-3-5-sf\/"]}]},{"@type":"ImageObject","inLanguage":"sv-SE","@id":"https:\/\/nordicpadel.com\/sv\/product\/head-sprint-pro-3-5-sf\/#primaryimage","url":"https:\/\/nordicpadel.com\/sv\/wp-content\/uploads\/sites\/10\/2025\/11\/c354a9b878269b14a0ce957ca5a5e2ac.png","contentUrl":"https:\/\/nordicpadel.com\/sv\/wp-content\/uploads\/sites\/10\/2025\/11\/c354a9b878269b14a0ce957ca5a5e2ac.png","width":800,"height":800,"caption":"Head Sprint Pro 3.5 SF"},{"@type":"BreadcrumbList","@id":"https:\/\/nordicpadel.com\/sv\/product\/head-sprint-pro-3-5-sf\/#breadcrumb","itemListElement":[{"@type":"ListItem","position":1,"name":"Hem","item":"https:\/\/nordicpadel.com\/sv\/"},{"@type":"ListItem","position":2,"name":"Shop","item":"https:\/\/nordicpadel.com\/sv\/shop\/"},{"@type":"ListItem","position":3,"name":"Head Sprint Pro 3.5 SF"}]},{"@type":"WebSite","@id":"https:\/\/nordicpadel.com\/sv\/#website","url":"https:\/\/nordicpadel.com\/sv\/","name":"Nordic Padel","description":"","publisher":{"@id":"https:\/\/nordicpadel.com\/sv\/#organization"},"potentialAction":[{"@type":"SearchAction","target":{"@type":"EntryPoint","urlTemplate":"https:\/\/nordicpadel.com\/sv\/?s={search_term_string}"},"query-input":"required name=search_term_string"}],"inLanguage":"sv-SE"},{"@type":"Organization","@id":"https:\/\/nordicpadel.com\/sv\/#organization","name":"Nordic Padel","url":"https:\/\/nordicpadel.com\/sv\/","logo":{"@type":"ImageObject","inLanguage":"sv-SE","@id":"https:\/\/nordicpadel.com\/sv\/#\/schema\/logo\/image\/","url":"https:\/\/nordicpadel.com\/sv\/wp-content\/uploads\/sites\/10\/2022\/12\/Nordic-Padel-small_1-1.png","contentUrl":"https:\/\/nordicpadel.com\/sv\/wp-content\/uploads\/sites\/10\/2022\/12\/Nordic-Padel-small_1-1.png","width":400,"height":119,"caption":"Nordic Padel"},"image":{"@id":"https:\/\/nordicpadel.com\/sv\/#\/schema\/logo\/image\/"}}]}},"brands":[],"_links":{"self":[{"href":"https:\/\/nordicpadel.com\/sv\/wp-json\/wp\/v2\/product\/90107","targetHints":{"allow":["GET"]}}],"collection":[{"href":"https:\/\/nordicpadel.com\/sv\/wp-json\/wp\/v2\/product"}],"about":[{"href":"https:\/\/nordicpadel.com\/sv\/wp-json\/wp\/v2\/types\/product"}],"replies":[{"embeddable":true,"href":"https:\/\/nordicpadel.com\/sv\/wp-json\/wp\/v2\/comments?post=90107"}],"wp:featuredmedia":[{"embeddable":true,"href":"https:\/\/nordicpadel.com\/sv\/wp-json\/wp\/v2\/media\/90096"}],"wp:attachment":[{"href":"https:\/\/nordicpadel.com\/sv\/wp-json\/wp\/v2\/media?parent=90107"}],"wp:term":[{"taxonomy":"pwb-brand","embeddable":true,"href":"https:\/\/nordicpadel.com\/sv\/wp-json\/wp\/v2\/pwb-brand?post=90107"},{"taxonomy":"product_cat","embeddable":true,"href":"https:\/\/nordicpadel.com\/sv\/wp-json\/wp\/v2\/product_cat?post=90107"},{"taxonomy":"product_tag","embeddable":true,"href":"https:\/\/nordicpadel.com\/sv\/wp-json\/wp\/v2\/product_tag?post=90107"},{"taxonomy":"woo-feed-brand","embeddable":true,"href":"https:\/\/nordicpadel.com\/sv\/wp-json\/wp\/v2\/woo-feed-brand?post=90107"}],"curies":[{"name":"wp","href":"https:\/\/api.w.org\/{rel}","templated":true}]}}