{"id":89939,"date":"2025-11-26T18:31:41","date_gmt":"2025-11-26T17:31:41","guid":{"rendered":"https:\/\/nordicpadel.com\/sv\/product\/head-sprint-pro-3-5-2\/"},"modified":"2026-02-02T22:56:38","modified_gmt":"2026-02-02T21:56:38","slug":"head-sprint-pro-3-5-2","status":"publish","type":"product","link":"https:\/\/nordicpadel.com\/sv\/product\/head-sprint-pro-3-5-2\/","title":{"rendered":"Head Sprint Pro 3.5"},"content":{"rendered":"<p>Head Sprint Pro 3.5 \u00e4r en ny <a href=\"https:\/\/nordicpadel.com\/sv\/product-category\/padelskor\/herr\/\">padelsko<\/a> som Head tagit fram och utvecklat. Skon \u00e4r otroligt l\u00e4tt och komfortabel samtidigt som den har en v\u00e4ldigt stilren och snygg design.<\/p>\n<p>Med en ovandel uppbyggd i mesh \u00e4r denna sko en smidigare variant med fint st\u00f6d som samtidigt h\u00e5ller f\u00f6tterna ventilerade och torra under spelet. Ovandelen \u00e4r \u00e4ven uppbyggd med mer slitstarka teknologier som g\u00f6r skon mer h\u00e5llbar.<\/p>\n<p>TRI-NRG \u00e4r en teknologi som g\u00f6r skon mer v\u00e4ld\u00e4mpad och l\u00e5ter spelaren r\u00f6ra sig snabbt och explosivt med h\u00f6g komfort.<\/p>\n<p>DRIFT DEFENSE-teknologin inneb\u00e4r att man har byggd upp ett grymt st\u00f6d vid t\u00e5rna och insidan av skon f\u00f6r att ge skon en b\u00e4ttre h\u00e5llbarhet.<\/p>\n<p>COOLING SYSTEM ventilerar skon med ovandelen av mesh och den perforerade yttersulan s\u00e5 att f\u00f6tterna h\u00e5lls torra under spelet.<\/p>\n<p>DELTASTRAP \u00e4r triangelformat mellanfotsband integrerat i sn\u00f6rningssystemet som bidrar till optimal stabilitet och \u00e4ven en individuell passform.<\/p>\n<p>HEEL STABILIZER \u00e4r ett stabilt TPU-st\u00f6d i h\u00e4len f\u00f6r b\u00e4sta passform.<\/p>\n<p>HYBRASION+ \u00e4r en speciell gummiblandning i yttersulan som g\u00f6r sulan mer slitstark samtidigt som det ger ett grymt grepp p\u00e5 banan.<br \/>L\u00e4s g\u00e4rna v\u00e5r <a href=\"https:\/\/nordicpadel.com\/sv\/guide-padelskor\/\">skoguide<\/a> som inneh\u00e5ller tips samt en storleksguide f\u00f6r att hj\u00e4lpa dig hitta r\u00e4tt skor.<\/p>\n","protected":false},"excerpt":{"rendered":"<p>Head Sprint Pro 3.5 \u00e4r en ny padelsko som Head tagit fram och utvecklat. Skon \u00e4r otroligt l\u00e4tt och komfortabel samtidigt som den har en v\u00e4ldigt stilren och snygg design. Med en ovandel uppbyggd i mesh \u00e4r denna sko en smidigare variant med fint st\u00f6d som samtidigt h\u00e5ller f\u00f6tterna ventilerade och torra under spelet. Ovandelen [&hellip;]<\/p>\n","protected":false},"featured_media":89934,"comment_status":"open","ping_status":"closed","template":"","meta":[],"pwb-brand":[],"product_cat":[459],"product_tag":[],"woo-feed-brand":[],"class_list":{"0":"post-89939","1":"product","2":"type-product","3":"status-publish","4":"has-post-thumbnail","6":"product_cat-head","7":"pa_varumarke-head","9":"first","10":"outofstock","11":"sale","12":"taxable","13":"shipping-taxable","14":"purchasable","15":"product-type-variable"},"bundled_by":[],"bundle_stock_status":"outofstock","bundle_stock_quantity":0,"bundle_virtual":false,"bundle_layout":"","bundle_add_to_cart_form_location":"","bundle_editable_in_cart":false,"bundle_sold_individually_context":"","bundle_item_grouping":"","bundle_min_size":"","bundle_max_size":"","bundled_items":[],"bundle_sell_ids":[],"acf":[],"yoast_head":"<!-- This site is optimized with the Yoast SEO plugin v23.1 - https:\/\/yoast.com\/wordpress\/plugins\/seo\/ -->\n<title>Head Sprint Pro 3.5 - Nordic Padel<\/title>\n<meta name=\"robots\" content=\"index, follow, max-snippet:-1, max-image-preview:large, max-video-preview:-1\" \/>\n<link rel=\"canonical\" href=\"https:\/\/nordicpadel.com\/sv\/product\/head-sprint-pro-3-5-2\/\" \/>\n<meta property=\"og:locale\" content=\"sv_SE\" \/>\n<meta property=\"og:type\" content=\"article\" \/>\n<meta property=\"og:title\" content=\"Head Sprint Pro 3.5 - Nordic Padel\" \/>\n<meta property=\"og:description\" content=\"Head Sprint Pro 3.5 \u00e4r en ny padelsko som Head tagit fram och utvecklat. Skon \u00e4r otroligt l\u00e4tt och komfortabel samtidigt som den har en v\u00e4ldigt stilren och snygg design. Med en ovandel uppbyggd i mesh \u00e4r denna sko en smidigare variant med fint st\u00f6d som samtidigt h\u00e5ller f\u00f6tterna ventilerade och torra under spelet. Ovandelen [&hellip;]\" \/>\n<meta property=\"og:url\" content=\"https:\/\/nordicpadel.com\/sv\/product\/head-sprint-pro-3-5-2\/\" \/>\n<meta property=\"og:site_name\" content=\"Nordic Padel\" \/>\n<meta property=\"article:modified_time\" content=\"2026-02-02T21:56:38+00:00\" \/>\n<meta property=\"og:image\" content=\"https:\/\/nordicpadel.com\/sv\/wp-content\/uploads\/sites\/10\/2025\/11\/27b6958e081f879515667b8c2cc1f144.png\" \/>\n\t<meta property=\"og:image:width\" content=\"800\" \/>\n\t<meta property=\"og:image:height\" content=\"800\" \/>\n\t<meta property=\"og:image:type\" content=\"image\/png\" \/>\n<meta name=\"twitter:card\" content=\"summary_large_image\" \/>\n<meta name=\"twitter:label1\" content=\"Ber\u00e4knad l\u00e4stid\" \/>\n\t<meta name=\"twitter:data1\" content=\"1 minut\" \/>\n<script type=\"application\/ld+json\" class=\"yoast-schema-graph\">{\"@context\":\"https:\/\/schema.org\",\"@graph\":[{\"@type\":\"WebPage\",\"@id\":\"https:\/\/nordicpadel.com\/sv\/product\/head-sprint-pro-3-5-2\/\",\"url\":\"https:\/\/nordicpadel.com\/sv\/product\/head-sprint-pro-3-5-2\/\",\"name\":\"Head Sprint Pro 3.5 - Nordic Padel\",\"isPartOf\":{\"@id\":\"https:\/\/nordicpadel.com\/sv\/#website\"},\"primaryImageOfPage\":{\"@id\":\"https:\/\/nordicpadel.com\/sv\/product\/head-sprint-pro-3-5-2\/#primaryimage\"},\"image\":{\"@id\":\"https:\/\/nordicpadel.com\/sv\/product\/head-sprint-pro-3-5-2\/#primaryimage\"},\"thumbnailUrl\":\"https:\/\/nordicpadel.com\/sv\/wp-content\/uploads\/sites\/10\/2025\/11\/27b6958e081f879515667b8c2cc1f144.png\",\"datePublished\":\"2025-11-26T17:31:41+00:00\",\"dateModified\":\"2026-02-02T21:56:38+00:00\",\"breadcrumb\":{\"@id\":\"https:\/\/nordicpadel.com\/sv\/product\/head-sprint-pro-3-5-2\/#breadcrumb\"},\"inLanguage\":\"sv-SE\",\"potentialAction\":[{\"@type\":\"ReadAction\",\"target\":[\"https:\/\/nordicpadel.com\/sv\/product\/head-sprint-pro-3-5-2\/\"]}]},{\"@type\":\"ImageObject\",\"inLanguage\":\"sv-SE\",\"@id\":\"https:\/\/nordicpadel.com\/sv\/product\/head-sprint-pro-3-5-2\/#primaryimage\",\"url\":\"https:\/\/nordicpadel.com\/sv\/wp-content\/uploads\/sites\/10\/2025\/11\/27b6958e081f879515667b8c2cc1f144.png\",\"contentUrl\":\"https:\/\/nordicpadel.com\/sv\/wp-content\/uploads\/sites\/10\/2025\/11\/27b6958e081f879515667b8c2cc1f144.png\",\"width\":800,\"height\":800,\"caption\":\"Head Sprint Pro 3.5\"},{\"@type\":\"BreadcrumbList\",\"@id\":\"https:\/\/nordicpadel.com\/sv\/product\/head-sprint-pro-3-5-2\/#breadcrumb\",\"itemListElement\":[{\"@type\":\"ListItem\",\"position\":1,\"name\":\"Hem\",\"item\":\"https:\/\/nordicpadel.com\/sv\/\"},{\"@type\":\"ListItem\",\"position\":2,\"name\":\"Shop\",\"item\":\"https:\/\/nordicpadel.com\/sv\/shop\/\"},{\"@type\":\"ListItem\",\"position\":3,\"name\":\"Head Sprint Pro 3.5\"}]},{\"@type\":\"WebSite\",\"@id\":\"https:\/\/nordicpadel.com\/sv\/#website\",\"url\":\"https:\/\/nordicpadel.com\/sv\/\",\"name\":\"Nordic Padel\",\"description\":\"\",\"publisher\":{\"@id\":\"https:\/\/nordicpadel.com\/sv\/#organization\"},\"potentialAction\":[{\"@type\":\"SearchAction\",\"target\":{\"@type\":\"EntryPoint\",\"urlTemplate\":\"https:\/\/nordicpadel.com\/sv\/?s={search_term_string}\"},\"query-input\":\"required name=search_term_string\"}],\"inLanguage\":\"sv-SE\"},{\"@type\":\"Organization\",\"@id\":\"https:\/\/nordicpadel.com\/sv\/#organization\",\"name\":\"Nordic Padel\",\"url\":\"https:\/\/nordicpadel.com\/sv\/\",\"logo\":{\"@type\":\"ImageObject\",\"inLanguage\":\"sv-SE\",\"@id\":\"https:\/\/nordicpadel.com\/sv\/#\/schema\/logo\/image\/\",\"url\":\"https:\/\/nordicpadel.com\/sv\/wp-content\/uploads\/sites\/10\/2022\/12\/Nordic-Padel-small_1-1.png\",\"contentUrl\":\"https:\/\/nordicpadel.com\/sv\/wp-content\/uploads\/sites\/10\/2022\/12\/Nordic-Padel-small_1-1.png\",\"width\":400,\"height\":119,\"caption\":\"Nordic Padel\"},\"image\":{\"@id\":\"https:\/\/nordicpadel.com\/sv\/#\/schema\/logo\/image\/\"}}]}<\/script>\n<!-- \/ Yoast SEO plugin. -->","yoast_head_json":{"title":"Head Sprint Pro 3.5 - Nordic Padel","robots":{"index":"index","follow":"follow","max-snippet":"max-snippet:-1","max-image-preview":"max-image-preview:large","max-video-preview":"max-video-preview:-1"},"canonical":"https:\/\/nordicpadel.com\/sv\/product\/head-sprint-pro-3-5-2\/","og_locale":"sv_SE","og_type":"article","og_title":"Head Sprint Pro 3.5 - Nordic Padel","og_description":"Head Sprint Pro 3.5 \u00e4r en ny padelsko som Head tagit fram och utvecklat. Skon \u00e4r otroligt l\u00e4tt och komfortabel samtidigt som den har en v\u00e4ldigt stilren och snygg design. Med en ovandel uppbyggd i mesh \u00e4r denna sko en smidigare variant med fint st\u00f6d som samtidigt h\u00e5ller f\u00f6tterna ventilerade och torra under spelet. Ovandelen [&hellip;]","og_url":"https:\/\/nordicpadel.com\/sv\/product\/head-sprint-pro-3-5-2\/","og_site_name":"Nordic Padel","article_modified_time":"2026-02-02T21:56:38+00:00","og_image":[{"width":800,"height":800,"url":"https:\/\/nordicpadel.com\/sv\/wp-content\/uploads\/sites\/10\/2025\/11\/27b6958e081f879515667b8c2cc1f144.png","type":"image\/png"}],"twitter_card":"summary_large_image","twitter_misc":{"Ber\u00e4knad l\u00e4stid":"1 minut"},"schema":{"@context":"https:\/\/schema.org","@graph":[{"@type":"WebPage","@id":"https:\/\/nordicpadel.com\/sv\/product\/head-sprint-pro-3-5-2\/","url":"https:\/\/nordicpadel.com\/sv\/product\/head-sprint-pro-3-5-2\/","name":"Head Sprint Pro 3.5 - Nordic Padel","isPartOf":{"@id":"https:\/\/nordicpadel.com\/sv\/#website"},"primaryImageOfPage":{"@id":"https:\/\/nordicpadel.com\/sv\/product\/head-sprint-pro-3-5-2\/#primaryimage"},"image":{"@id":"https:\/\/nordicpadel.com\/sv\/product\/head-sprint-pro-3-5-2\/#primaryimage"},"thumbnailUrl":"https:\/\/nordicpadel.com\/sv\/wp-content\/uploads\/sites\/10\/2025\/11\/27b6958e081f879515667b8c2cc1f144.png","datePublished":"2025-11-26T17:31:41+00:00","dateModified":"2026-02-02T21:56:38+00:00","breadcrumb":{"@id":"https:\/\/nordicpadel.com\/sv\/product\/head-sprint-pro-3-5-2\/#breadcrumb"},"inLanguage":"sv-SE","potentialAction":[{"@type":"ReadAction","target":["https:\/\/nordicpadel.com\/sv\/product\/head-sprint-pro-3-5-2\/"]}]},{"@type":"ImageObject","inLanguage":"sv-SE","@id":"https:\/\/nordicpadel.com\/sv\/product\/head-sprint-pro-3-5-2\/#primaryimage","url":"https:\/\/nordicpadel.com\/sv\/wp-content\/uploads\/sites\/10\/2025\/11\/27b6958e081f879515667b8c2cc1f144.png","contentUrl":"https:\/\/nordicpadel.com\/sv\/wp-content\/uploads\/sites\/10\/2025\/11\/27b6958e081f879515667b8c2cc1f144.png","width":800,"height":800,"caption":"Head Sprint Pro 3.5"},{"@type":"BreadcrumbList","@id":"https:\/\/nordicpadel.com\/sv\/product\/head-sprint-pro-3-5-2\/#breadcrumb","itemListElement":[{"@type":"ListItem","position":1,"name":"Hem","item":"https:\/\/nordicpadel.com\/sv\/"},{"@type":"ListItem","position":2,"name":"Shop","item":"https:\/\/nordicpadel.com\/sv\/shop\/"},{"@type":"ListItem","position":3,"name":"Head Sprint Pro 3.5"}]},{"@type":"WebSite","@id":"https:\/\/nordicpadel.com\/sv\/#website","url":"https:\/\/nordicpadel.com\/sv\/","name":"Nordic Padel","description":"","publisher":{"@id":"https:\/\/nordicpadel.com\/sv\/#organization"},"potentialAction":[{"@type":"SearchAction","target":{"@type":"EntryPoint","urlTemplate":"https:\/\/nordicpadel.com\/sv\/?s={search_term_string}"},"query-input":"required name=search_term_string"}],"inLanguage":"sv-SE"},{"@type":"Organization","@id":"https:\/\/nordicpadel.com\/sv\/#organization","name":"Nordic Padel","url":"https:\/\/nordicpadel.com\/sv\/","logo":{"@type":"ImageObject","inLanguage":"sv-SE","@id":"https:\/\/nordicpadel.com\/sv\/#\/schema\/logo\/image\/","url":"https:\/\/nordicpadel.com\/sv\/wp-content\/uploads\/sites\/10\/2022\/12\/Nordic-Padel-small_1-1.png","contentUrl":"https:\/\/nordicpadel.com\/sv\/wp-content\/uploads\/sites\/10\/2022\/12\/Nordic-Padel-small_1-1.png","width":400,"height":119,"caption":"Nordic Padel"},"image":{"@id":"https:\/\/nordicpadel.com\/sv\/#\/schema\/logo\/image\/"}}]}},"brands":[],"_links":{"self":[{"href":"https:\/\/nordicpadel.com\/sv\/wp-json\/wp\/v2\/product\/89939","targetHints":{"allow":["GET"]}}],"collection":[{"href":"https:\/\/nordicpadel.com\/sv\/wp-json\/wp\/v2\/product"}],"about":[{"href":"https:\/\/nordicpadel.com\/sv\/wp-json\/wp\/v2\/types\/product"}],"replies":[{"embeddable":true,"href":"https:\/\/nordicpadel.com\/sv\/wp-json\/wp\/v2\/comments?post=89939"}],"wp:featuredmedia":[{"embeddable":true,"href":"https:\/\/nordicpadel.com\/sv\/wp-json\/wp\/v2\/media\/89934"}],"wp:attachment":[{"href":"https:\/\/nordicpadel.com\/sv\/wp-json\/wp\/v2\/media?parent=89939"}],"wp:term":[{"taxonomy":"pwb-brand","embeddable":true,"href":"https:\/\/nordicpadel.com\/sv\/wp-json\/wp\/v2\/pwb-brand?post=89939"},{"taxonomy":"product_cat","embeddable":true,"href":"https:\/\/nordicpadel.com\/sv\/wp-json\/wp\/v2\/product_cat?post=89939"},{"taxonomy":"product_tag","embeddable":true,"href":"https:\/\/nordicpadel.com\/sv\/wp-json\/wp\/v2\/product_tag?post=89939"},{"taxonomy":"woo-feed-brand","embeddable":true,"href":"https:\/\/nordicpadel.com\/sv\/wp-json\/wp\/v2\/woo-feed-brand?post=89939"}],"curies":[{"name":"wp","href":"https:\/\/api.w.org\/{rel}","templated":true}]}}