{"id":89920,"date":"2025-11-26T18:31:28","date_gmt":"2025-11-26T17:31:28","guid":{"rendered":"https:\/\/nordicpadel.com\/sv\/product\/head-revolt-pro-4-0-w\/"},"modified":"2026-02-02T22:56:14","modified_gmt":"2026-02-02T21:56:14","slug":"head-revolt-pro-4-0-w","status":"publish","type":"product","link":"https:\/\/nordicpadel.com\/sv\/product\/head-revolt-pro-4-0-w\/","title":{"rendered":"Head Revolt Pro 4.0  W"},"content":{"rendered":"<p>Revolt Pro 4.0 \u00e4r den mest stabila tennisskon i Heads skosortiment, nu i en mer h\u00e5llbar och smidigare variant, utan att f\u00f6rlora en otrolig stabilitet.<\/p>\n<p>Med en ovandel uppbyggd i mesh \u00e4r denna sko en smidigare variant med fint st\u00f6d som samtidigt h\u00e5ller f\u00f6tterna ventilerade och torra under spelet. Ovandelen \u00e4r \u00e4ven uppbyggd med mer slitstarka teknologier som g\u00f6r skon mer h\u00e5llbar.<\/p>\n<p>T-KORE 360\u00ba \u00e4r en teknologi i hela skon som g\u00f6r skon starkare och d\u00e4rmed f\u00e5r skon en b\u00e4ttre h\u00e5llbarhet. Dessutom blir skon mer vridstyv vilket bidrar till en b\u00e4ttre stabilitet i det snabba spelet.<\/p>\n<p>TRI-NRG \u00e4r en teknologi som g\u00f6r skon mer v\u00e4ld\u00e4mpad och l\u00e5ter spelaren r\u00f6ra sig snabbt och explosivt med h\u00f6g komfort.<\/p>\n<p>DRIFT DEFENSE-teknologin inneb\u00e4r att man har byggd upp ett grymt st\u00f6d vid t\u00e5rna och insidan av skon f\u00f6r att ge skon en b\u00e4ttre h\u00e5llbarhet.<\/p>\n<p>COOLING SYSTEM ventilerar skon med ovandelen av mesh och den perforerade yttersulan s\u00e5 att f\u00f6tterna h\u00e5lls torra under spelet.<\/p>\n<p>LATERAL CONTROL inneb\u00e4r att man har byggd upp insidan samt utsidan av skon f\u00f6r att g\u00f6ra skon mer stabil i det snabba spelet och sidof\u00f6rflyttningar. Detta motverkar \u00e4ven skador s\u00e5som stukningar tack vare den uppbyggda sulan.<\/p>\n<p>HYBRASION+ \u00e4r en speciell gummiblandning i yttersulan som g\u00f6r sulan mer slitstark samtidigt som det ger ett grymt grepp p\u00e5 banan.<\/p>\n<p>LOCKDOWN STRAP \u00e4r ett mellanfotsband integrerat i sn\u00f6rningssystemet som hj\u00e4lper till att h\u00e5lla f\u00f6tterna p\u00e5 plast \u00e4ven vid det snabba spelet.<\/p>\n<p>Ska \u00e4ven s\u00e4gas att denna sko kan upplevas bredare framme vid t\u00e5rna.<\/p>\n<p>Revolt Pro 4.0 \u00e4r i grunden utformad fr\u00e4mst f\u00f6r tennis, men fungerar \u00e4ven bra f\u00f6r padel, framf\u00f6rallt banor med Mondogr\u00e4set.<br \/>L\u00e4s g\u00e4rna v\u00e5r <a href=\"https:\/\/nordicpadel.com\/sv\/guide-padelskor\/\">skoguide<\/a> som inneh\u00e5ller tips samt en storleksguide f\u00f6r att hj\u00e4lpa dig hitta r\u00e4tt skor.<\/p>\n","protected":false},"excerpt":{"rendered":"<p>Revolt Pro 4.0 \u00e4r den mest stabila tennisskon i Heads skosortiment, nu i en mer h\u00e5llbar och smidigare variant, utan att f\u00f6rlora en otrolig stabilitet. Med en ovandel uppbyggd i mesh \u00e4r denna sko en smidigare variant med fint st\u00f6d som samtidigt h\u00e5ller f\u00f6tterna ventilerade och torra under spelet. Ovandelen \u00e4r \u00e4ven uppbyggd med mer [&hellip;]<\/p>\n","protected":false},"featured_media":89918,"comment_status":"open","ping_status":"closed","template":"","meta":[],"pwb-brand":[],"product_cat":[459],"product_tag":[],"woo-feed-brand":[],"class_list":{"0":"post-89920","1":"product","2":"type-product","3":"status-publish","4":"has-post-thumbnail","6":"product_cat-head","7":"pa_varumarke-head","9":"first","10":"outofstock","11":"sale","12":"taxable","13":"shipping-taxable","14":"purchasable","15":"product-type-variable"},"bundled_by":[],"bundle_stock_status":"outofstock","bundle_stock_quantity":0,"bundle_virtual":false,"bundle_layout":"","bundle_add_to_cart_form_location":"","bundle_editable_in_cart":false,"bundle_sold_individually_context":"","bundle_item_grouping":"","bundle_min_size":"","bundle_max_size":"","bundled_items":[],"bundle_sell_ids":[],"acf":[],"yoast_head":"<!-- This site is optimized with the Yoast SEO plugin v23.1 - https:\/\/yoast.com\/wordpress\/plugins\/seo\/ -->\n<title>Head Revolt Pro 4.0 W - Nordic Padel<\/title>\n<meta name=\"robots\" content=\"index, follow, max-snippet:-1, max-image-preview:large, max-video-preview:-1\" \/>\n<link rel=\"canonical\" href=\"https:\/\/nordicpadel.com\/sv\/product\/head-revolt-pro-4-0-w\/\" \/>\n<meta property=\"og:locale\" content=\"sv_SE\" \/>\n<meta property=\"og:type\" content=\"article\" \/>\n<meta property=\"og:title\" content=\"Head Revolt Pro 4.0 W - Nordic Padel\" \/>\n<meta property=\"og:description\" content=\"Revolt Pro 4.0 \u00e4r den mest stabila tennisskon i Heads skosortiment, nu i en mer h\u00e5llbar och smidigare variant, utan att f\u00f6rlora en otrolig stabilitet. Med en ovandel uppbyggd i mesh \u00e4r denna sko en smidigare variant med fint st\u00f6d som samtidigt h\u00e5ller f\u00f6tterna ventilerade och torra under spelet. Ovandelen \u00e4r \u00e4ven uppbyggd med mer [&hellip;]\" \/>\n<meta property=\"og:url\" content=\"https:\/\/nordicpadel.com\/sv\/product\/head-revolt-pro-4-0-w\/\" \/>\n<meta property=\"og:site_name\" content=\"Nordic Padel\" \/>\n<meta property=\"article:modified_time\" content=\"2026-02-02T21:56:14+00:00\" \/>\n<meta property=\"og:image\" content=\"https:\/\/nordicpadel.com\/sv\/wp-content\/uploads\/sites\/10\/2025\/11\/d2b2ba881e4c4e836ab32b1f162a5c7b.png\" \/>\n\t<meta property=\"og:image:width\" content=\"800\" \/>\n\t<meta property=\"og:image:height\" content=\"800\" \/>\n\t<meta property=\"og:image:type\" content=\"image\/png\" \/>\n<meta name=\"twitter:card\" content=\"summary_large_image\" \/>\n<meta name=\"twitter:label1\" content=\"Ber\u00e4knad l\u00e4stid\" \/>\n\t<meta name=\"twitter:data1\" content=\"2 minuter\" \/>\n<script type=\"application\/ld+json\" class=\"yoast-schema-graph\">{\"@context\":\"https:\/\/schema.org\",\"@graph\":[{\"@type\":\"WebPage\",\"@id\":\"https:\/\/nordicpadel.com\/sv\/product\/head-revolt-pro-4-0-w\/\",\"url\":\"https:\/\/nordicpadel.com\/sv\/product\/head-revolt-pro-4-0-w\/\",\"name\":\"Head Revolt Pro 4.0 W - Nordic Padel\",\"isPartOf\":{\"@id\":\"https:\/\/nordicpadel.com\/sv\/#website\"},\"primaryImageOfPage\":{\"@id\":\"https:\/\/nordicpadel.com\/sv\/product\/head-revolt-pro-4-0-w\/#primaryimage\"},\"image\":{\"@id\":\"https:\/\/nordicpadel.com\/sv\/product\/head-revolt-pro-4-0-w\/#primaryimage\"},\"thumbnailUrl\":\"https:\/\/nordicpadel.com\/sv\/wp-content\/uploads\/sites\/10\/2025\/11\/d2b2ba881e4c4e836ab32b1f162a5c7b.png\",\"datePublished\":\"2025-11-26T17:31:28+00:00\",\"dateModified\":\"2026-02-02T21:56:14+00:00\",\"breadcrumb\":{\"@id\":\"https:\/\/nordicpadel.com\/sv\/product\/head-revolt-pro-4-0-w\/#breadcrumb\"},\"inLanguage\":\"sv-SE\",\"potentialAction\":[{\"@type\":\"ReadAction\",\"target\":[\"https:\/\/nordicpadel.com\/sv\/product\/head-revolt-pro-4-0-w\/\"]}]},{\"@type\":\"ImageObject\",\"inLanguage\":\"sv-SE\",\"@id\":\"https:\/\/nordicpadel.com\/sv\/product\/head-revolt-pro-4-0-w\/#primaryimage\",\"url\":\"https:\/\/nordicpadel.com\/sv\/wp-content\/uploads\/sites\/10\/2025\/11\/d2b2ba881e4c4e836ab32b1f162a5c7b.png\",\"contentUrl\":\"https:\/\/nordicpadel.com\/sv\/wp-content\/uploads\/sites\/10\/2025\/11\/d2b2ba881e4c4e836ab32b1f162a5c7b.png\",\"width\":800,\"height\":800,\"caption\":\"Head Revolt Pro 4.0 W\"},{\"@type\":\"BreadcrumbList\",\"@id\":\"https:\/\/nordicpadel.com\/sv\/product\/head-revolt-pro-4-0-w\/#breadcrumb\",\"itemListElement\":[{\"@type\":\"ListItem\",\"position\":1,\"name\":\"Hem\",\"item\":\"https:\/\/nordicpadel.com\/sv\/\"},{\"@type\":\"ListItem\",\"position\":2,\"name\":\"Shop\",\"item\":\"https:\/\/nordicpadel.com\/sv\/shop\/\"},{\"@type\":\"ListItem\",\"position\":3,\"name\":\"Head Revolt Pro 4.0 W\"}]},{\"@type\":\"WebSite\",\"@id\":\"https:\/\/nordicpadel.com\/sv\/#website\",\"url\":\"https:\/\/nordicpadel.com\/sv\/\",\"name\":\"Nordic Padel\",\"description\":\"\",\"publisher\":{\"@id\":\"https:\/\/nordicpadel.com\/sv\/#organization\"},\"potentialAction\":[{\"@type\":\"SearchAction\",\"target\":{\"@type\":\"EntryPoint\",\"urlTemplate\":\"https:\/\/nordicpadel.com\/sv\/?s={search_term_string}\"},\"query-input\":\"required name=search_term_string\"}],\"inLanguage\":\"sv-SE\"},{\"@type\":\"Organization\",\"@id\":\"https:\/\/nordicpadel.com\/sv\/#organization\",\"name\":\"Nordic Padel\",\"url\":\"https:\/\/nordicpadel.com\/sv\/\",\"logo\":{\"@type\":\"ImageObject\",\"inLanguage\":\"sv-SE\",\"@id\":\"https:\/\/nordicpadel.com\/sv\/#\/schema\/logo\/image\/\",\"url\":\"https:\/\/nordicpadel.com\/sv\/wp-content\/uploads\/sites\/10\/2022\/12\/Nordic-Padel-small_1-1.png\",\"contentUrl\":\"https:\/\/nordicpadel.com\/sv\/wp-content\/uploads\/sites\/10\/2022\/12\/Nordic-Padel-small_1-1.png\",\"width\":400,\"height\":119,\"caption\":\"Nordic Padel\"},\"image\":{\"@id\":\"https:\/\/nordicpadel.com\/sv\/#\/schema\/logo\/image\/\"}}]}<\/script>\n<!-- \/ Yoast SEO plugin. -->","yoast_head_json":{"title":"Head Revolt Pro 4.0 W - Nordic Padel","robots":{"index":"index","follow":"follow","max-snippet":"max-snippet:-1","max-image-preview":"max-image-preview:large","max-video-preview":"max-video-preview:-1"},"canonical":"https:\/\/nordicpadel.com\/sv\/product\/head-revolt-pro-4-0-w\/","og_locale":"sv_SE","og_type":"article","og_title":"Head Revolt Pro 4.0 W - Nordic Padel","og_description":"Revolt Pro 4.0 \u00e4r den mest stabila tennisskon i Heads skosortiment, nu i en mer h\u00e5llbar och smidigare variant, utan att f\u00f6rlora en otrolig stabilitet. Med en ovandel uppbyggd i mesh \u00e4r denna sko en smidigare variant med fint st\u00f6d som samtidigt h\u00e5ller f\u00f6tterna ventilerade och torra under spelet. Ovandelen \u00e4r \u00e4ven uppbyggd med mer [&hellip;]","og_url":"https:\/\/nordicpadel.com\/sv\/product\/head-revolt-pro-4-0-w\/","og_site_name":"Nordic Padel","article_modified_time":"2026-02-02T21:56:14+00:00","og_image":[{"width":800,"height":800,"url":"https:\/\/nordicpadel.com\/sv\/wp-content\/uploads\/sites\/10\/2025\/11\/d2b2ba881e4c4e836ab32b1f162a5c7b.png","type":"image\/png"}],"twitter_card":"summary_large_image","twitter_misc":{"Ber\u00e4knad l\u00e4stid":"2 minuter"},"schema":{"@context":"https:\/\/schema.org","@graph":[{"@type":"WebPage","@id":"https:\/\/nordicpadel.com\/sv\/product\/head-revolt-pro-4-0-w\/","url":"https:\/\/nordicpadel.com\/sv\/product\/head-revolt-pro-4-0-w\/","name":"Head Revolt Pro 4.0 W - Nordic Padel","isPartOf":{"@id":"https:\/\/nordicpadel.com\/sv\/#website"},"primaryImageOfPage":{"@id":"https:\/\/nordicpadel.com\/sv\/product\/head-revolt-pro-4-0-w\/#primaryimage"},"image":{"@id":"https:\/\/nordicpadel.com\/sv\/product\/head-revolt-pro-4-0-w\/#primaryimage"},"thumbnailUrl":"https:\/\/nordicpadel.com\/sv\/wp-content\/uploads\/sites\/10\/2025\/11\/d2b2ba881e4c4e836ab32b1f162a5c7b.png","datePublished":"2025-11-26T17:31:28+00:00","dateModified":"2026-02-02T21:56:14+00:00","breadcrumb":{"@id":"https:\/\/nordicpadel.com\/sv\/product\/head-revolt-pro-4-0-w\/#breadcrumb"},"inLanguage":"sv-SE","potentialAction":[{"@type":"ReadAction","target":["https:\/\/nordicpadel.com\/sv\/product\/head-revolt-pro-4-0-w\/"]}]},{"@type":"ImageObject","inLanguage":"sv-SE","@id":"https:\/\/nordicpadel.com\/sv\/product\/head-revolt-pro-4-0-w\/#primaryimage","url":"https:\/\/nordicpadel.com\/sv\/wp-content\/uploads\/sites\/10\/2025\/11\/d2b2ba881e4c4e836ab32b1f162a5c7b.png","contentUrl":"https:\/\/nordicpadel.com\/sv\/wp-content\/uploads\/sites\/10\/2025\/11\/d2b2ba881e4c4e836ab32b1f162a5c7b.png","width":800,"height":800,"caption":"Head Revolt Pro 4.0 W"},{"@type":"BreadcrumbList","@id":"https:\/\/nordicpadel.com\/sv\/product\/head-revolt-pro-4-0-w\/#breadcrumb","itemListElement":[{"@type":"ListItem","position":1,"name":"Hem","item":"https:\/\/nordicpadel.com\/sv\/"},{"@type":"ListItem","position":2,"name":"Shop","item":"https:\/\/nordicpadel.com\/sv\/shop\/"},{"@type":"ListItem","position":3,"name":"Head Revolt Pro 4.0 W"}]},{"@type":"WebSite","@id":"https:\/\/nordicpadel.com\/sv\/#website","url":"https:\/\/nordicpadel.com\/sv\/","name":"Nordic Padel","description":"","publisher":{"@id":"https:\/\/nordicpadel.com\/sv\/#organization"},"potentialAction":[{"@type":"SearchAction","target":{"@type":"EntryPoint","urlTemplate":"https:\/\/nordicpadel.com\/sv\/?s={search_term_string}"},"query-input":"required name=search_term_string"}],"inLanguage":"sv-SE"},{"@type":"Organization","@id":"https:\/\/nordicpadel.com\/sv\/#organization","name":"Nordic Padel","url":"https:\/\/nordicpadel.com\/sv\/","logo":{"@type":"ImageObject","inLanguage":"sv-SE","@id":"https:\/\/nordicpadel.com\/sv\/#\/schema\/logo\/image\/","url":"https:\/\/nordicpadel.com\/sv\/wp-content\/uploads\/sites\/10\/2022\/12\/Nordic-Padel-small_1-1.png","contentUrl":"https:\/\/nordicpadel.com\/sv\/wp-content\/uploads\/sites\/10\/2022\/12\/Nordic-Padel-small_1-1.png","width":400,"height":119,"caption":"Nordic Padel"},"image":{"@id":"https:\/\/nordicpadel.com\/sv\/#\/schema\/logo\/image\/"}}]}},"brands":[],"_links":{"self":[{"href":"https:\/\/nordicpadel.com\/sv\/wp-json\/wp\/v2\/product\/89920","targetHints":{"allow":["GET"]}}],"collection":[{"href":"https:\/\/nordicpadel.com\/sv\/wp-json\/wp\/v2\/product"}],"about":[{"href":"https:\/\/nordicpadel.com\/sv\/wp-json\/wp\/v2\/types\/product"}],"replies":[{"embeddable":true,"href":"https:\/\/nordicpadel.com\/sv\/wp-json\/wp\/v2\/comments?post=89920"}],"wp:featuredmedia":[{"embeddable":true,"href":"https:\/\/nordicpadel.com\/sv\/wp-json\/wp\/v2\/media\/89918"}],"wp:attachment":[{"href":"https:\/\/nordicpadel.com\/sv\/wp-json\/wp\/v2\/media?parent=89920"}],"wp:term":[{"taxonomy":"pwb-brand","embeddable":true,"href":"https:\/\/nordicpadel.com\/sv\/wp-json\/wp\/v2\/pwb-brand?post=89920"},{"taxonomy":"product_cat","embeddable":true,"href":"https:\/\/nordicpadel.com\/sv\/wp-json\/wp\/v2\/product_cat?post=89920"},{"taxonomy":"product_tag","embeddable":true,"href":"https:\/\/nordicpadel.com\/sv\/wp-json\/wp\/v2\/product_tag?post=89920"},{"taxonomy":"woo-feed-brand","embeddable":true,"href":"https:\/\/nordicpadel.com\/sv\/wp-json\/wp\/v2\/woo-feed-brand?post=89920"}],"curies":[{"name":"wp","href":"https:\/\/api.w.org\/{rel}","templated":true}]}}