{"id":89872,"date":"2025-11-26T18:30:41","date_gmt":"2025-11-26T17:30:41","guid":{"rendered":"https:\/\/nordicpadel.com\/sv\/product\/salming-padel-rebel-cayetano\/"},"modified":"2025-12-09T01:07:37","modified_gmt":"2025-12-09T00:07:37","slug":"salming-padel-rebel-cayetano","status":"publish","type":"product","link":"https:\/\/nordicpadel.com\/sv\/product\/salming-padel-rebel-cayetano\/","title":{"rendered":"SALMING Padel Rebel Cayetano"},"content":{"rendered":"<p>Salming Rebel \u00e4r byggd f\u00f6r att ge dig snabbhet och bra grepp i spelet. Rebel \u00e4r en mycket flexibel och l\u00e4tt <a href=\"https:\/\/nordicpadel.com\/sv\/product-category\/padelskor\/herr\/\">padelsko<\/a> som fortfarande \u00e4r stabil och ger ett bra st\u00f6d. Utvecklad f\u00f6r padel med fantastiska grepp tack vare den fiskbenssulan. Rebell \u00e4r designad med en l\u00e4tt EVA-mellansula inklusive en patenterad D30-insats ett h\u00f6gpresterande st\u00f6td\u00e4mpande material. KPU-\u00f6verdelen \u00e4r designad f\u00f6r ultimat komfort och stabilitet.<br id=\"isPasted\"><br \/>Vi upplever att skon har en otroligt mjuk och komfortabel k\u00e4nsla, s\u00e5v\u00e4l i skons framdel som i h\u00e4len och tror att detta kan bli en ny favorit hos m\u00e5nga padelspelare runt om i landet. Detta \u00e4r ocks\u00e5 skon som Cayetano Rocafort spelar med.<\/p>\n<p>L\u00e4s g\u00e4rna v\u00e5r <a href=\"https:\/\/nordicpadel.com\/sv\/guide-padelskor\/\">skoguide<\/a> som inneh\u00e5ller tips samt en storleksguide f\u00f6r att hj\u00e4lpa dig hitta r\u00e4tt skor.<\/p>\n","protected":false},"excerpt":{"rendered":"<p>Salming Rebel \u00e4r byggd f\u00f6r att ge dig snabbhet och bra grepp i spelet. Rebel \u00e4r en mycket flexibel och l\u00e4tt padelsko som fortfarande \u00e4r stabil och ger ett bra st\u00f6d. Utvecklad f\u00f6r padel med fantastiska grepp tack vare den fiskbenssulan. Rebell \u00e4r designad med en l\u00e4tt EVA-mellansula inklusive en patenterad D30-insats ett h\u00f6gpresterande st\u00f6td\u00e4mpande [&hellip;]<\/p>\n","protected":false},"featured_media":89860,"comment_status":"open","ping_status":"closed","template":"","meta":[],"pwb-brand":[],"product_cat":[37],"product_tag":[],"woo-feed-brand":[],"class_list":{"0":"post-89872","1":"product","2":"type-product","3":"status-publish","4":"has-post-thumbnail","6":"product_cat-dam","7":"pa_varumarke-salming","9":"first","10":"outofstock","11":"sale","12":"taxable","13":"shipping-taxable","14":"purchasable","15":"product-type-simple"},"bundled_by":[],"bundle_stock_status":"outofstock","bundle_stock_quantity":0,"bundle_virtual":false,"bundle_layout":"","bundle_add_to_cart_form_location":"","bundle_editable_in_cart":false,"bundle_sold_individually_context":"","bundle_item_grouping":"","bundle_min_size":"","bundle_max_size":"","bundled_items":[],"bundle_sell_ids":[],"acf":[],"yoast_head":"<!-- This site is optimized with the Yoast SEO plugin v23.1 - https:\/\/yoast.com\/wordpress\/plugins\/seo\/ -->\n<title>SALMING Padel Rebel Cayetano - Nordic Padel<\/title>\n<meta name=\"robots\" content=\"index, follow, max-snippet:-1, max-image-preview:large, max-video-preview:-1\" \/>\n<link rel=\"canonical\" href=\"https:\/\/nordicpadel.com\/sv\/product\/salming-padel-rebel-cayetano\/\" \/>\n<meta property=\"og:locale\" content=\"sv_SE\" \/>\n<meta property=\"og:type\" content=\"article\" \/>\n<meta property=\"og:title\" content=\"SALMING Padel Rebel Cayetano - Nordic Padel\" \/>\n<meta property=\"og:description\" content=\"Salming Rebel \u00e4r byggd f\u00f6r att ge dig snabbhet och bra grepp i spelet. Rebel \u00e4r en mycket flexibel och l\u00e4tt padelsko som fortfarande \u00e4r stabil och ger ett bra st\u00f6d. Utvecklad f\u00f6r padel med fantastiska grepp tack vare den fiskbenssulan. Rebell \u00e4r designad med en l\u00e4tt EVA-mellansula inklusive en patenterad D30-insats ett h\u00f6gpresterande st\u00f6td\u00e4mpande [&hellip;]\" \/>\n<meta property=\"og:url\" content=\"https:\/\/nordicpadel.com\/sv\/product\/salming-padel-rebel-cayetano\/\" \/>\n<meta property=\"og:site_name\" content=\"Nordic Padel\" \/>\n<meta property=\"article:modified_time\" content=\"2025-12-09T00:07:37+00:00\" \/>\n<meta property=\"og:image\" content=\"https:\/\/nordicpadel.com\/sv\/wp-content\/uploads\/sites\/10\/2025\/11\/8af89a25119b42014d551961accf3a9b-1.png\" \/>\n\t<meta property=\"og:image:width\" content=\"600\" \/>\n\t<meta property=\"og:image:height\" content=\"600\" \/>\n\t<meta property=\"og:image:type\" content=\"image\/png\" \/>\n<meta name=\"twitter:card\" content=\"summary_large_image\" \/>\n<meta name=\"twitter:label1\" content=\"Ber\u00e4knad l\u00e4stid\" \/>\n\t<meta name=\"twitter:data1\" content=\"1 minut\" \/>\n<script type=\"application\/ld+json\" class=\"yoast-schema-graph\">{\"@context\":\"https:\/\/schema.org\",\"@graph\":[{\"@type\":\"WebPage\",\"@id\":\"https:\/\/nordicpadel.com\/sv\/product\/salming-padel-rebel-cayetano\/\",\"url\":\"https:\/\/nordicpadel.com\/sv\/product\/salming-padel-rebel-cayetano\/\",\"name\":\"SALMING Padel Rebel Cayetano - Nordic Padel\",\"isPartOf\":{\"@id\":\"https:\/\/nordicpadel.com\/sv\/#website\"},\"primaryImageOfPage\":{\"@id\":\"https:\/\/nordicpadel.com\/sv\/product\/salming-padel-rebel-cayetano\/#primaryimage\"},\"image\":{\"@id\":\"https:\/\/nordicpadel.com\/sv\/product\/salming-padel-rebel-cayetano\/#primaryimage\"},\"thumbnailUrl\":\"https:\/\/nordicpadel.com\/sv\/wp-content\/uploads\/sites\/10\/2025\/11\/8af89a25119b42014d551961accf3a9b-1.png\",\"datePublished\":\"2025-11-26T17:30:41+00:00\",\"dateModified\":\"2025-12-09T00:07:37+00:00\",\"breadcrumb\":{\"@id\":\"https:\/\/nordicpadel.com\/sv\/product\/salming-padel-rebel-cayetano\/#breadcrumb\"},\"inLanguage\":\"sv-SE\",\"potentialAction\":[{\"@type\":\"ReadAction\",\"target\":[\"https:\/\/nordicpadel.com\/sv\/product\/salming-padel-rebel-cayetano\/\"]}]},{\"@type\":\"ImageObject\",\"inLanguage\":\"sv-SE\",\"@id\":\"https:\/\/nordicpadel.com\/sv\/product\/salming-padel-rebel-cayetano\/#primaryimage\",\"url\":\"https:\/\/nordicpadel.com\/sv\/wp-content\/uploads\/sites\/10\/2025\/11\/8af89a25119b42014d551961accf3a9b-1.png\",\"contentUrl\":\"https:\/\/nordicpadel.com\/sv\/wp-content\/uploads\/sites\/10\/2025\/11\/8af89a25119b42014d551961accf3a9b-1.png\",\"width\":600,\"height\":600,\"caption\":\"SALMING Padel Rebel Cayetano\"},{\"@type\":\"BreadcrumbList\",\"@id\":\"https:\/\/nordicpadel.com\/sv\/product\/salming-padel-rebel-cayetano\/#breadcrumb\",\"itemListElement\":[{\"@type\":\"ListItem\",\"position\":1,\"name\":\"Hem\",\"item\":\"https:\/\/nordicpadel.com\/sv\/\"},{\"@type\":\"ListItem\",\"position\":2,\"name\":\"Shop\",\"item\":\"https:\/\/nordicpadel.com\/sv\/shop\/\"},{\"@type\":\"ListItem\",\"position\":3,\"name\":\"SALMING Padel Rebel Cayetano\"}]},{\"@type\":\"WebSite\",\"@id\":\"https:\/\/nordicpadel.com\/sv\/#website\",\"url\":\"https:\/\/nordicpadel.com\/sv\/\",\"name\":\"Nordic Padel\",\"description\":\"\",\"publisher\":{\"@id\":\"https:\/\/nordicpadel.com\/sv\/#organization\"},\"potentialAction\":[{\"@type\":\"SearchAction\",\"target\":{\"@type\":\"EntryPoint\",\"urlTemplate\":\"https:\/\/nordicpadel.com\/sv\/?s={search_term_string}\"},\"query-input\":\"required name=search_term_string\"}],\"inLanguage\":\"sv-SE\"},{\"@type\":\"Organization\",\"@id\":\"https:\/\/nordicpadel.com\/sv\/#organization\",\"name\":\"Nordic Padel\",\"url\":\"https:\/\/nordicpadel.com\/sv\/\",\"logo\":{\"@type\":\"ImageObject\",\"inLanguage\":\"sv-SE\",\"@id\":\"https:\/\/nordicpadel.com\/sv\/#\/schema\/logo\/image\/\",\"url\":\"https:\/\/nordicpadel.com\/sv\/wp-content\/uploads\/sites\/10\/2022\/12\/Nordic-Padel-small_1-1.png\",\"contentUrl\":\"https:\/\/nordicpadel.com\/sv\/wp-content\/uploads\/sites\/10\/2022\/12\/Nordic-Padel-small_1-1.png\",\"width\":400,\"height\":119,\"caption\":\"Nordic Padel\"},\"image\":{\"@id\":\"https:\/\/nordicpadel.com\/sv\/#\/schema\/logo\/image\/\"}}]}<\/script>\n<!-- \/ Yoast SEO plugin. -->","yoast_head_json":{"title":"SALMING Padel Rebel Cayetano - Nordic Padel","robots":{"index":"index","follow":"follow","max-snippet":"max-snippet:-1","max-image-preview":"max-image-preview:large","max-video-preview":"max-video-preview:-1"},"canonical":"https:\/\/nordicpadel.com\/sv\/product\/salming-padel-rebel-cayetano\/","og_locale":"sv_SE","og_type":"article","og_title":"SALMING Padel Rebel Cayetano - Nordic Padel","og_description":"Salming Rebel \u00e4r byggd f\u00f6r att ge dig snabbhet och bra grepp i spelet. Rebel \u00e4r en mycket flexibel och l\u00e4tt padelsko som fortfarande \u00e4r stabil och ger ett bra st\u00f6d. Utvecklad f\u00f6r padel med fantastiska grepp tack vare den fiskbenssulan. Rebell \u00e4r designad med en l\u00e4tt EVA-mellansula inklusive en patenterad D30-insats ett h\u00f6gpresterande st\u00f6td\u00e4mpande [&hellip;]","og_url":"https:\/\/nordicpadel.com\/sv\/product\/salming-padel-rebel-cayetano\/","og_site_name":"Nordic Padel","article_modified_time":"2025-12-09T00:07:37+00:00","og_image":[{"width":600,"height":600,"url":"https:\/\/nordicpadel.com\/sv\/wp-content\/uploads\/sites\/10\/2025\/11\/8af89a25119b42014d551961accf3a9b-1.png","type":"image\/png"}],"twitter_card":"summary_large_image","twitter_misc":{"Ber\u00e4knad l\u00e4stid":"1 minut"},"schema":{"@context":"https:\/\/schema.org","@graph":[{"@type":"WebPage","@id":"https:\/\/nordicpadel.com\/sv\/product\/salming-padel-rebel-cayetano\/","url":"https:\/\/nordicpadel.com\/sv\/product\/salming-padel-rebel-cayetano\/","name":"SALMING Padel Rebel Cayetano - Nordic Padel","isPartOf":{"@id":"https:\/\/nordicpadel.com\/sv\/#website"},"primaryImageOfPage":{"@id":"https:\/\/nordicpadel.com\/sv\/product\/salming-padel-rebel-cayetano\/#primaryimage"},"image":{"@id":"https:\/\/nordicpadel.com\/sv\/product\/salming-padel-rebel-cayetano\/#primaryimage"},"thumbnailUrl":"https:\/\/nordicpadel.com\/sv\/wp-content\/uploads\/sites\/10\/2025\/11\/8af89a25119b42014d551961accf3a9b-1.png","datePublished":"2025-11-26T17:30:41+00:00","dateModified":"2025-12-09T00:07:37+00:00","breadcrumb":{"@id":"https:\/\/nordicpadel.com\/sv\/product\/salming-padel-rebel-cayetano\/#breadcrumb"},"inLanguage":"sv-SE","potentialAction":[{"@type":"ReadAction","target":["https:\/\/nordicpadel.com\/sv\/product\/salming-padel-rebel-cayetano\/"]}]},{"@type":"ImageObject","inLanguage":"sv-SE","@id":"https:\/\/nordicpadel.com\/sv\/product\/salming-padel-rebel-cayetano\/#primaryimage","url":"https:\/\/nordicpadel.com\/sv\/wp-content\/uploads\/sites\/10\/2025\/11\/8af89a25119b42014d551961accf3a9b-1.png","contentUrl":"https:\/\/nordicpadel.com\/sv\/wp-content\/uploads\/sites\/10\/2025\/11\/8af89a25119b42014d551961accf3a9b-1.png","width":600,"height":600,"caption":"SALMING Padel Rebel Cayetano"},{"@type":"BreadcrumbList","@id":"https:\/\/nordicpadel.com\/sv\/product\/salming-padel-rebel-cayetano\/#breadcrumb","itemListElement":[{"@type":"ListItem","position":1,"name":"Hem","item":"https:\/\/nordicpadel.com\/sv\/"},{"@type":"ListItem","position":2,"name":"Shop","item":"https:\/\/nordicpadel.com\/sv\/shop\/"},{"@type":"ListItem","position":3,"name":"SALMING Padel Rebel Cayetano"}]},{"@type":"WebSite","@id":"https:\/\/nordicpadel.com\/sv\/#website","url":"https:\/\/nordicpadel.com\/sv\/","name":"Nordic Padel","description":"","publisher":{"@id":"https:\/\/nordicpadel.com\/sv\/#organization"},"potentialAction":[{"@type":"SearchAction","target":{"@type":"EntryPoint","urlTemplate":"https:\/\/nordicpadel.com\/sv\/?s={search_term_string}"},"query-input":"required name=search_term_string"}],"inLanguage":"sv-SE"},{"@type":"Organization","@id":"https:\/\/nordicpadel.com\/sv\/#organization","name":"Nordic Padel","url":"https:\/\/nordicpadel.com\/sv\/","logo":{"@type":"ImageObject","inLanguage":"sv-SE","@id":"https:\/\/nordicpadel.com\/sv\/#\/schema\/logo\/image\/","url":"https:\/\/nordicpadel.com\/sv\/wp-content\/uploads\/sites\/10\/2022\/12\/Nordic-Padel-small_1-1.png","contentUrl":"https:\/\/nordicpadel.com\/sv\/wp-content\/uploads\/sites\/10\/2022\/12\/Nordic-Padel-small_1-1.png","width":400,"height":119,"caption":"Nordic Padel"},"image":{"@id":"https:\/\/nordicpadel.com\/sv\/#\/schema\/logo\/image\/"}}]}},"brands":[],"_links":{"self":[{"href":"https:\/\/nordicpadel.com\/sv\/wp-json\/wp\/v2\/product\/89872","targetHints":{"allow":["GET"]}}],"collection":[{"href":"https:\/\/nordicpadel.com\/sv\/wp-json\/wp\/v2\/product"}],"about":[{"href":"https:\/\/nordicpadel.com\/sv\/wp-json\/wp\/v2\/types\/product"}],"replies":[{"embeddable":true,"href":"https:\/\/nordicpadel.com\/sv\/wp-json\/wp\/v2\/comments?post=89872"}],"wp:featuredmedia":[{"embeddable":true,"href":"https:\/\/nordicpadel.com\/sv\/wp-json\/wp\/v2\/media\/89860"}],"wp:attachment":[{"href":"https:\/\/nordicpadel.com\/sv\/wp-json\/wp\/v2\/media?parent=89872"}],"wp:term":[{"taxonomy":"pwb-brand","embeddable":true,"href":"https:\/\/nordicpadel.com\/sv\/wp-json\/wp\/v2\/pwb-brand?post=89872"},{"taxonomy":"product_cat","embeddable":true,"href":"https:\/\/nordicpadel.com\/sv\/wp-json\/wp\/v2\/product_cat?post=89872"},{"taxonomy":"product_tag","embeddable":true,"href":"https:\/\/nordicpadel.com\/sv\/wp-json\/wp\/v2\/product_tag?post=89872"},{"taxonomy":"woo-feed-brand","embeddable":true,"href":"https:\/\/nordicpadel.com\/sv\/wp-json\/wp\/v2\/woo-feed-brand?post=89872"}],"curies":[{"name":"wp","href":"https:\/\/api.w.org\/{rel}","templated":true}]}}