{"id":89812,"date":"2025-11-26T18:29:56","date_gmt":"2025-11-26T17:29:56","guid":{"rendered":"https:\/\/nordicpadel.com\/sv\/product\/lacoste-ag-lt\/"},"modified":"2026-02-02T22:56:03","modified_gmt":"2026-02-02T21:56:03","slug":"lacoste-ag-lt","status":"publish","type":"product","link":"https:\/\/nordicpadel.com\/sv\/product\/lacoste-ag-lt\/","title":{"rendered":"LACOSTE AG-LT"},"content":{"rendered":"<p>Lacoste AG-LT \u00e4r en sko som designats f\u00f6r att vara m\u00e5ngsidig och klara av alla olika typer av r\u00f6relser p\u00e5 banan. Skon erbjuder s\u00e5ledes en h\u00e4rlig kombination av r\u00f6rlighet, snabbhet, stabilitet och h\u00e5llbarhet. Ovandelen \u00e4r tillverkad i flera lager av mesh som ger skon en l\u00e4tthet och en bra andningsf\u00f6rm\u00e5ga. Mellansulan har en sk\u00f6n d\u00e4mpning och ger fin stabilitet och dynamik.<\/p>\n<p>L\u00e4s g\u00e4rna v\u00e5r <a href=\"https:\/\/nordicpadel.com\/sv\/guide-padelskor\/\">skoguide<\/a> som inneh\u00e5ller tips samt en storleksguide f\u00f6r att hj\u00e4lpa dig hitta r\u00e4tt skor.<\/p>\n","protected":false},"excerpt":{"rendered":"<p>Lacoste AG-LT \u00e4r en sko som designats f\u00f6r att vara m\u00e5ngsidig och klara av alla olika typer av r\u00f6relser p\u00e5 banan. Skon erbjuder s\u00e5ledes en h\u00e4rlig kombination av r\u00f6rlighet, snabbhet, stabilitet och h\u00e5llbarhet. Ovandelen \u00e4r tillverkad i flera lager av mesh som ger skon en l\u00e4tthet och en bra andningsf\u00f6rm\u00e5ga. Mellansulan har en sk\u00f6n d\u00e4mpning [&hellip;]<\/p>\n","protected":false},"featured_media":89811,"comment_status":"open","ping_status":"closed","template":"","meta":[],"pwb-brand":[],"product_cat":[38],"product_tag":[],"woo-feed-brand":[],"class_list":{"0":"post-89812","1":"product","2":"type-product","3":"status-publish","4":"has-post-thumbnail","6":"product_cat-herr","7":"pa_varumarke-lacoste","9":"first","10":"instock","11":"sale","12":"taxable","13":"shipping-taxable","14":"purchasable","15":"product-type-variable"},"bundled_by":[],"bundle_stock_status":"instock","bundle_stock_quantity":3,"bundle_virtual":false,"bundle_layout":"","bundle_add_to_cart_form_location":"","bundle_editable_in_cart":false,"bundle_sold_individually_context":"","bundle_item_grouping":"","bundle_min_size":"","bundle_max_size":"","bundled_items":[],"bundle_sell_ids":[],"acf":[],"yoast_head":"<!-- This site is optimized with the Yoast SEO plugin v23.1 - https:\/\/yoast.com\/wordpress\/plugins\/seo\/ -->\n<title>LACOSTE AG-LT - Nordic Padel<\/title>\n<meta name=\"robots\" content=\"index, follow, max-snippet:-1, max-image-preview:large, max-video-preview:-1\" \/>\n<link rel=\"canonical\" href=\"https:\/\/nordicpadel.com\/sv\/product\/lacoste-ag-lt\/\" \/>\n<meta property=\"og:locale\" content=\"sv_SE\" \/>\n<meta property=\"og:type\" content=\"article\" \/>\n<meta property=\"og:title\" content=\"LACOSTE AG-LT - Nordic Padel\" \/>\n<meta property=\"og:description\" content=\"Lacoste AG-LT \u00e4r en sko som designats f\u00f6r att vara m\u00e5ngsidig och klara av alla olika typer av r\u00f6relser p\u00e5 banan. Skon erbjuder s\u00e5ledes en h\u00e4rlig kombination av r\u00f6rlighet, snabbhet, stabilitet och h\u00e5llbarhet. Ovandelen \u00e4r tillverkad i flera lager av mesh som ger skon en l\u00e4tthet och en bra andningsf\u00f6rm\u00e5ga. Mellansulan har en sk\u00f6n d\u00e4mpning [&hellip;]\" \/>\n<meta property=\"og:url\" content=\"https:\/\/nordicpadel.com\/sv\/product\/lacoste-ag-lt\/\" \/>\n<meta property=\"og:site_name\" content=\"Nordic Padel\" \/>\n<meta property=\"article:modified_time\" content=\"2026-02-02T21:56:03+00:00\" \/>\n<meta property=\"og:image\" content=\"https:\/\/nordicpadel.com\/sv\/wp-content\/uploads\/sites\/10\/2025\/11\/5207309214c0d301ff7c2ba966e205f0.jpg\" \/>\n\t<meta property=\"og:image:width\" content=\"800\" \/>\n\t<meta property=\"og:image:height\" content=\"800\" \/>\n\t<meta property=\"og:image:type\" content=\"image\/jpeg\" \/>\n<meta name=\"twitter:card\" content=\"summary_large_image\" \/>\n<script type=\"application\/ld+json\" class=\"yoast-schema-graph\">{\"@context\":\"https:\/\/schema.org\",\"@graph\":[{\"@type\":\"WebPage\",\"@id\":\"https:\/\/nordicpadel.com\/sv\/product\/lacoste-ag-lt\/\",\"url\":\"https:\/\/nordicpadel.com\/sv\/product\/lacoste-ag-lt\/\",\"name\":\"LACOSTE AG-LT - Nordic Padel\",\"isPartOf\":{\"@id\":\"https:\/\/nordicpadel.com\/sv\/#website\"},\"primaryImageOfPage\":{\"@id\":\"https:\/\/nordicpadel.com\/sv\/product\/lacoste-ag-lt\/#primaryimage\"},\"image\":{\"@id\":\"https:\/\/nordicpadel.com\/sv\/product\/lacoste-ag-lt\/#primaryimage\"},\"thumbnailUrl\":\"https:\/\/nordicpadel.com\/sv\/wp-content\/uploads\/sites\/10\/2025\/11\/5207309214c0d301ff7c2ba966e205f0.jpg\",\"datePublished\":\"2025-11-26T17:29:56+00:00\",\"dateModified\":\"2026-02-02T21:56:03+00:00\",\"breadcrumb\":{\"@id\":\"https:\/\/nordicpadel.com\/sv\/product\/lacoste-ag-lt\/#breadcrumb\"},\"inLanguage\":\"sv-SE\",\"potentialAction\":[{\"@type\":\"ReadAction\",\"target\":[\"https:\/\/nordicpadel.com\/sv\/product\/lacoste-ag-lt\/\"]}]},{\"@type\":\"ImageObject\",\"inLanguage\":\"sv-SE\",\"@id\":\"https:\/\/nordicpadel.com\/sv\/product\/lacoste-ag-lt\/#primaryimage\",\"url\":\"https:\/\/nordicpadel.com\/sv\/wp-content\/uploads\/sites\/10\/2025\/11\/5207309214c0d301ff7c2ba966e205f0.jpg\",\"contentUrl\":\"https:\/\/nordicpadel.com\/sv\/wp-content\/uploads\/sites\/10\/2025\/11\/5207309214c0d301ff7c2ba966e205f0.jpg\",\"width\":800,\"height\":800,\"caption\":\"LACOSTE AG-LT\"},{\"@type\":\"BreadcrumbList\",\"@id\":\"https:\/\/nordicpadel.com\/sv\/product\/lacoste-ag-lt\/#breadcrumb\",\"itemListElement\":[{\"@type\":\"ListItem\",\"position\":1,\"name\":\"Hem\",\"item\":\"https:\/\/nordicpadel.com\/sv\/\"},{\"@type\":\"ListItem\",\"position\":2,\"name\":\"Shop\",\"item\":\"https:\/\/nordicpadel.com\/sv\/shop\/\"},{\"@type\":\"ListItem\",\"position\":3,\"name\":\"LACOSTE AG-LT\"}]},{\"@type\":\"WebSite\",\"@id\":\"https:\/\/nordicpadel.com\/sv\/#website\",\"url\":\"https:\/\/nordicpadel.com\/sv\/\",\"name\":\"Nordic Padel\",\"description\":\"\",\"publisher\":{\"@id\":\"https:\/\/nordicpadel.com\/sv\/#organization\"},\"potentialAction\":[{\"@type\":\"SearchAction\",\"target\":{\"@type\":\"EntryPoint\",\"urlTemplate\":\"https:\/\/nordicpadel.com\/sv\/?s={search_term_string}\"},\"query-input\":\"required name=search_term_string\"}],\"inLanguage\":\"sv-SE\"},{\"@type\":\"Organization\",\"@id\":\"https:\/\/nordicpadel.com\/sv\/#organization\",\"name\":\"Nordic Padel\",\"url\":\"https:\/\/nordicpadel.com\/sv\/\",\"logo\":{\"@type\":\"ImageObject\",\"inLanguage\":\"sv-SE\",\"@id\":\"https:\/\/nordicpadel.com\/sv\/#\/schema\/logo\/image\/\",\"url\":\"https:\/\/nordicpadel.com\/sv\/wp-content\/uploads\/sites\/10\/2022\/12\/Nordic-Padel-small_1-1.png\",\"contentUrl\":\"https:\/\/nordicpadel.com\/sv\/wp-content\/uploads\/sites\/10\/2022\/12\/Nordic-Padel-small_1-1.png\",\"width\":400,\"height\":119,\"caption\":\"Nordic Padel\"},\"image\":{\"@id\":\"https:\/\/nordicpadel.com\/sv\/#\/schema\/logo\/image\/\"}}]}<\/script>\n<!-- \/ Yoast SEO plugin. -->","yoast_head_json":{"title":"LACOSTE AG-LT - Nordic Padel","robots":{"index":"index","follow":"follow","max-snippet":"max-snippet:-1","max-image-preview":"max-image-preview:large","max-video-preview":"max-video-preview:-1"},"canonical":"https:\/\/nordicpadel.com\/sv\/product\/lacoste-ag-lt\/","og_locale":"sv_SE","og_type":"article","og_title":"LACOSTE AG-LT - Nordic Padel","og_description":"Lacoste AG-LT \u00e4r en sko som designats f\u00f6r att vara m\u00e5ngsidig och klara av alla olika typer av r\u00f6relser p\u00e5 banan. Skon erbjuder s\u00e5ledes en h\u00e4rlig kombination av r\u00f6rlighet, snabbhet, stabilitet och h\u00e5llbarhet. Ovandelen \u00e4r tillverkad i flera lager av mesh som ger skon en l\u00e4tthet och en bra andningsf\u00f6rm\u00e5ga. Mellansulan har en sk\u00f6n d\u00e4mpning [&hellip;]","og_url":"https:\/\/nordicpadel.com\/sv\/product\/lacoste-ag-lt\/","og_site_name":"Nordic Padel","article_modified_time":"2026-02-02T21:56:03+00:00","og_image":[{"width":800,"height":800,"url":"https:\/\/nordicpadel.com\/sv\/wp-content\/uploads\/sites\/10\/2025\/11\/5207309214c0d301ff7c2ba966e205f0.jpg","type":"image\/jpeg"}],"twitter_card":"summary_large_image","schema":{"@context":"https:\/\/schema.org","@graph":[{"@type":"WebPage","@id":"https:\/\/nordicpadel.com\/sv\/product\/lacoste-ag-lt\/","url":"https:\/\/nordicpadel.com\/sv\/product\/lacoste-ag-lt\/","name":"LACOSTE AG-LT - Nordic Padel","isPartOf":{"@id":"https:\/\/nordicpadel.com\/sv\/#website"},"primaryImageOfPage":{"@id":"https:\/\/nordicpadel.com\/sv\/product\/lacoste-ag-lt\/#primaryimage"},"image":{"@id":"https:\/\/nordicpadel.com\/sv\/product\/lacoste-ag-lt\/#primaryimage"},"thumbnailUrl":"https:\/\/nordicpadel.com\/sv\/wp-content\/uploads\/sites\/10\/2025\/11\/5207309214c0d301ff7c2ba966e205f0.jpg","datePublished":"2025-11-26T17:29:56+00:00","dateModified":"2026-02-02T21:56:03+00:00","breadcrumb":{"@id":"https:\/\/nordicpadel.com\/sv\/product\/lacoste-ag-lt\/#breadcrumb"},"inLanguage":"sv-SE","potentialAction":[{"@type":"ReadAction","target":["https:\/\/nordicpadel.com\/sv\/product\/lacoste-ag-lt\/"]}]},{"@type":"ImageObject","inLanguage":"sv-SE","@id":"https:\/\/nordicpadel.com\/sv\/product\/lacoste-ag-lt\/#primaryimage","url":"https:\/\/nordicpadel.com\/sv\/wp-content\/uploads\/sites\/10\/2025\/11\/5207309214c0d301ff7c2ba966e205f0.jpg","contentUrl":"https:\/\/nordicpadel.com\/sv\/wp-content\/uploads\/sites\/10\/2025\/11\/5207309214c0d301ff7c2ba966e205f0.jpg","width":800,"height":800,"caption":"LACOSTE AG-LT"},{"@type":"BreadcrumbList","@id":"https:\/\/nordicpadel.com\/sv\/product\/lacoste-ag-lt\/#breadcrumb","itemListElement":[{"@type":"ListItem","position":1,"name":"Hem","item":"https:\/\/nordicpadel.com\/sv\/"},{"@type":"ListItem","position":2,"name":"Shop","item":"https:\/\/nordicpadel.com\/sv\/shop\/"},{"@type":"ListItem","position":3,"name":"LACOSTE AG-LT"}]},{"@type":"WebSite","@id":"https:\/\/nordicpadel.com\/sv\/#website","url":"https:\/\/nordicpadel.com\/sv\/","name":"Nordic Padel","description":"","publisher":{"@id":"https:\/\/nordicpadel.com\/sv\/#organization"},"potentialAction":[{"@type":"SearchAction","target":{"@type":"EntryPoint","urlTemplate":"https:\/\/nordicpadel.com\/sv\/?s={search_term_string}"},"query-input":"required name=search_term_string"}],"inLanguage":"sv-SE"},{"@type":"Organization","@id":"https:\/\/nordicpadel.com\/sv\/#organization","name":"Nordic Padel","url":"https:\/\/nordicpadel.com\/sv\/","logo":{"@type":"ImageObject","inLanguage":"sv-SE","@id":"https:\/\/nordicpadel.com\/sv\/#\/schema\/logo\/image\/","url":"https:\/\/nordicpadel.com\/sv\/wp-content\/uploads\/sites\/10\/2022\/12\/Nordic-Padel-small_1-1.png","contentUrl":"https:\/\/nordicpadel.com\/sv\/wp-content\/uploads\/sites\/10\/2022\/12\/Nordic-Padel-small_1-1.png","width":400,"height":119,"caption":"Nordic Padel"},"image":{"@id":"https:\/\/nordicpadel.com\/sv\/#\/schema\/logo\/image\/"}}]}},"brands":[],"_links":{"self":[{"href":"https:\/\/nordicpadel.com\/sv\/wp-json\/wp\/v2\/product\/89812","targetHints":{"allow":["GET"]}}],"collection":[{"href":"https:\/\/nordicpadel.com\/sv\/wp-json\/wp\/v2\/product"}],"about":[{"href":"https:\/\/nordicpadel.com\/sv\/wp-json\/wp\/v2\/types\/product"}],"replies":[{"embeddable":true,"href":"https:\/\/nordicpadel.com\/sv\/wp-json\/wp\/v2\/comments?post=89812"}],"wp:featuredmedia":[{"embeddable":true,"href":"https:\/\/nordicpadel.com\/sv\/wp-json\/wp\/v2\/media\/89811"}],"wp:attachment":[{"href":"https:\/\/nordicpadel.com\/sv\/wp-json\/wp\/v2\/media?parent=89812"}],"wp:term":[{"taxonomy":"pwb-brand","embeddable":true,"href":"https:\/\/nordicpadel.com\/sv\/wp-json\/wp\/v2\/pwb-brand?post=89812"},{"taxonomy":"product_cat","embeddable":true,"href":"https:\/\/nordicpadel.com\/sv\/wp-json\/wp\/v2\/product_cat?post=89812"},{"taxonomy":"product_tag","embeddable":true,"href":"https:\/\/nordicpadel.com\/sv\/wp-json\/wp\/v2\/product_tag?post=89812"},{"taxonomy":"woo-feed-brand","embeddable":true,"href":"https:\/\/nordicpadel.com\/sv\/wp-json\/wp\/v2\/woo-feed-brand?post=89812"}],"curies":[{"name":"wp","href":"https:\/\/api.w.org\/{rel}","templated":true}]}}