{"id":89806,"date":"2025-11-26T18:29:52","date_gmt":"2025-11-26T17:29:52","guid":{"rendered":"https:\/\/nordicpadel.com\/sv\/product\/lacoste-ultra\/"},"modified":"2026-02-02T22:56:10","modified_gmt":"2026-02-02T21:56:10","slug":"lacoste-ultra","status":"publish","type":"product","link":"https:\/\/nordicpadel.com\/sv\/product\/lacoste-ultra\/","title":{"rendered":"LACOSTE Ultra"},"content":{"rendered":"<p>Lacoste Ultra \u00e4r en sko som designats f\u00f6r att vara m\u00e5ngsidig och klara av alla olika typer av r\u00f6relser p\u00e5 banan. Skon erbjuder s\u00e5ledes en h\u00e4rlig kombination av r\u00f6rlighet, snabbhet, stabilitet och h\u00e5llbarhet. Ovandelen \u00e4r tillverkad i flera lager av mesh som ger skon en l\u00e4tthet och en bra andningsf\u00f6rm\u00e5ga.&nbsp;Mellansulan har en sk\u00f6n d\u00e4mpning och ger fin stabilitet och dynamik.<\/p>\n<p>L\u00e4s g\u00e4rna v\u00e5r <a href=\"https:\/\/nordicpadel.com\/sv\/guide-padelskor\/\">skoguide<\/a> som inneh\u00e5ller tips samt en storleksguide f\u00f6r att hj\u00e4lpa dig hitta r\u00e4tt skor.<\/p>\n","protected":false},"excerpt":{"rendered":"<p>Lacoste Ultra \u00e4r en sko som designats f\u00f6r att vara m\u00e5ngsidig och klara av alla olika typer av r\u00f6relser p\u00e5 banan. Skon erbjuder s\u00e5ledes en h\u00e4rlig kombination av r\u00f6rlighet, snabbhet, stabilitet och h\u00e5llbarhet. Ovandelen \u00e4r tillverkad i flera lager av mesh som ger skon en l\u00e4tthet och en bra andningsf\u00f6rm\u00e5ga.&nbsp;Mellansulan har en sk\u00f6n d\u00e4mpning och [&hellip;]<\/p>\n","protected":false},"featured_media":89802,"comment_status":"open","ping_status":"closed","template":"","meta":[],"pwb-brand":[],"product_cat":[38],"product_tag":[],"woo-feed-brand":[],"class_list":{"0":"post-89806","1":"product","2":"type-product","3":"status-publish","4":"has-post-thumbnail","6":"product_cat-herr","7":"pa_varumarke-lacoste","9":"first","10":"outofstock","11":"sale","12":"taxable","13":"shipping-taxable","14":"purchasable","15":"product-type-variable"},"bundled_by":[],"bundle_stock_status":"outofstock","bundle_stock_quantity":0,"bundle_virtual":false,"bundle_layout":"","bundle_add_to_cart_form_location":"","bundle_editable_in_cart":false,"bundle_sold_individually_context":"","bundle_item_grouping":"","bundle_min_size":"","bundle_max_size":"","bundled_items":[],"bundle_sell_ids":[],"acf":[],"yoast_head":"<!-- This site is optimized with the Yoast SEO plugin v23.1 - https:\/\/yoast.com\/wordpress\/plugins\/seo\/ -->\n<title>LACOSTE Ultra - Nordic Padel<\/title>\n<meta name=\"robots\" content=\"index, follow, max-snippet:-1, max-image-preview:large, max-video-preview:-1\" \/>\n<link rel=\"canonical\" href=\"https:\/\/nordicpadel.com\/sv\/product\/lacoste-ultra\/\" \/>\n<meta property=\"og:locale\" content=\"sv_SE\" \/>\n<meta property=\"og:type\" content=\"article\" \/>\n<meta property=\"og:title\" content=\"LACOSTE Ultra - Nordic Padel\" \/>\n<meta property=\"og:description\" content=\"Lacoste Ultra \u00e4r en sko som designats f\u00f6r att vara m\u00e5ngsidig och klara av alla olika typer av r\u00f6relser p\u00e5 banan. Skon erbjuder s\u00e5ledes en h\u00e4rlig kombination av r\u00f6rlighet, snabbhet, stabilitet och h\u00e5llbarhet. Ovandelen \u00e4r tillverkad i flera lager av mesh som ger skon en l\u00e4tthet och en bra andningsf\u00f6rm\u00e5ga.&nbsp;Mellansulan har en sk\u00f6n d\u00e4mpning och [&hellip;]\" \/>\n<meta property=\"og:url\" content=\"https:\/\/nordicpadel.com\/sv\/product\/lacoste-ultra\/\" \/>\n<meta property=\"og:site_name\" content=\"Nordic Padel\" \/>\n<meta property=\"article:modified_time\" content=\"2026-02-02T21:56:10+00:00\" \/>\n<meta property=\"og:image\" content=\"https:\/\/nordicpadel.com\/sv\/wp-content\/uploads\/sites\/10\/2025\/11\/7f36f9a03a7ca79a658e8bcc0c174110.png\" \/>\n\t<meta property=\"og:image:width\" content=\"800\" \/>\n\t<meta property=\"og:image:height\" content=\"800\" \/>\n\t<meta property=\"og:image:type\" content=\"image\/png\" \/>\n<meta name=\"twitter:card\" content=\"summary_large_image\" \/>\n<script type=\"application\/ld+json\" class=\"yoast-schema-graph\">{\"@context\":\"https:\/\/schema.org\",\"@graph\":[{\"@type\":\"WebPage\",\"@id\":\"https:\/\/nordicpadel.com\/sv\/product\/lacoste-ultra\/\",\"url\":\"https:\/\/nordicpadel.com\/sv\/product\/lacoste-ultra\/\",\"name\":\"LACOSTE Ultra - Nordic Padel\",\"isPartOf\":{\"@id\":\"https:\/\/nordicpadel.com\/sv\/#website\"},\"primaryImageOfPage\":{\"@id\":\"https:\/\/nordicpadel.com\/sv\/product\/lacoste-ultra\/#primaryimage\"},\"image\":{\"@id\":\"https:\/\/nordicpadel.com\/sv\/product\/lacoste-ultra\/#primaryimage\"},\"thumbnailUrl\":\"https:\/\/nordicpadel.com\/sv\/wp-content\/uploads\/sites\/10\/2025\/11\/7f36f9a03a7ca79a658e8bcc0c174110.png\",\"datePublished\":\"2025-11-26T17:29:52+00:00\",\"dateModified\":\"2026-02-02T21:56:10+00:00\",\"breadcrumb\":{\"@id\":\"https:\/\/nordicpadel.com\/sv\/product\/lacoste-ultra\/#breadcrumb\"},\"inLanguage\":\"sv-SE\",\"potentialAction\":[{\"@type\":\"ReadAction\",\"target\":[\"https:\/\/nordicpadel.com\/sv\/product\/lacoste-ultra\/\"]}]},{\"@type\":\"ImageObject\",\"inLanguage\":\"sv-SE\",\"@id\":\"https:\/\/nordicpadel.com\/sv\/product\/lacoste-ultra\/#primaryimage\",\"url\":\"https:\/\/nordicpadel.com\/sv\/wp-content\/uploads\/sites\/10\/2025\/11\/7f36f9a03a7ca79a658e8bcc0c174110.png\",\"contentUrl\":\"https:\/\/nordicpadel.com\/sv\/wp-content\/uploads\/sites\/10\/2025\/11\/7f36f9a03a7ca79a658e8bcc0c174110.png\",\"width\":800,\"height\":800,\"caption\":\"LACOSTE Ultra\"},{\"@type\":\"BreadcrumbList\",\"@id\":\"https:\/\/nordicpadel.com\/sv\/product\/lacoste-ultra\/#breadcrumb\",\"itemListElement\":[{\"@type\":\"ListItem\",\"position\":1,\"name\":\"Hem\",\"item\":\"https:\/\/nordicpadel.com\/sv\/\"},{\"@type\":\"ListItem\",\"position\":2,\"name\":\"Shop\",\"item\":\"https:\/\/nordicpadel.com\/sv\/shop\/\"},{\"@type\":\"ListItem\",\"position\":3,\"name\":\"LACOSTE Ultra\"}]},{\"@type\":\"WebSite\",\"@id\":\"https:\/\/nordicpadel.com\/sv\/#website\",\"url\":\"https:\/\/nordicpadel.com\/sv\/\",\"name\":\"Nordic Padel\",\"description\":\"\",\"publisher\":{\"@id\":\"https:\/\/nordicpadel.com\/sv\/#organization\"},\"potentialAction\":[{\"@type\":\"SearchAction\",\"target\":{\"@type\":\"EntryPoint\",\"urlTemplate\":\"https:\/\/nordicpadel.com\/sv\/?s={search_term_string}\"},\"query-input\":\"required name=search_term_string\"}],\"inLanguage\":\"sv-SE\"},{\"@type\":\"Organization\",\"@id\":\"https:\/\/nordicpadel.com\/sv\/#organization\",\"name\":\"Nordic Padel\",\"url\":\"https:\/\/nordicpadel.com\/sv\/\",\"logo\":{\"@type\":\"ImageObject\",\"inLanguage\":\"sv-SE\",\"@id\":\"https:\/\/nordicpadel.com\/sv\/#\/schema\/logo\/image\/\",\"url\":\"https:\/\/nordicpadel.com\/sv\/wp-content\/uploads\/sites\/10\/2022\/12\/Nordic-Padel-small_1-1.png\",\"contentUrl\":\"https:\/\/nordicpadel.com\/sv\/wp-content\/uploads\/sites\/10\/2022\/12\/Nordic-Padel-small_1-1.png\",\"width\":400,\"height\":119,\"caption\":\"Nordic Padel\"},\"image\":{\"@id\":\"https:\/\/nordicpadel.com\/sv\/#\/schema\/logo\/image\/\"}}]}<\/script>\n<!-- \/ Yoast SEO plugin. -->","yoast_head_json":{"title":"LACOSTE Ultra - Nordic Padel","robots":{"index":"index","follow":"follow","max-snippet":"max-snippet:-1","max-image-preview":"max-image-preview:large","max-video-preview":"max-video-preview:-1"},"canonical":"https:\/\/nordicpadel.com\/sv\/product\/lacoste-ultra\/","og_locale":"sv_SE","og_type":"article","og_title":"LACOSTE Ultra - Nordic Padel","og_description":"Lacoste Ultra \u00e4r en sko som designats f\u00f6r att vara m\u00e5ngsidig och klara av alla olika typer av r\u00f6relser p\u00e5 banan. Skon erbjuder s\u00e5ledes en h\u00e4rlig kombination av r\u00f6rlighet, snabbhet, stabilitet och h\u00e5llbarhet. Ovandelen \u00e4r tillverkad i flera lager av mesh som ger skon en l\u00e4tthet och en bra andningsf\u00f6rm\u00e5ga.&nbsp;Mellansulan har en sk\u00f6n d\u00e4mpning och [&hellip;]","og_url":"https:\/\/nordicpadel.com\/sv\/product\/lacoste-ultra\/","og_site_name":"Nordic Padel","article_modified_time":"2026-02-02T21:56:10+00:00","og_image":[{"width":800,"height":800,"url":"https:\/\/nordicpadel.com\/sv\/wp-content\/uploads\/sites\/10\/2025\/11\/7f36f9a03a7ca79a658e8bcc0c174110.png","type":"image\/png"}],"twitter_card":"summary_large_image","schema":{"@context":"https:\/\/schema.org","@graph":[{"@type":"WebPage","@id":"https:\/\/nordicpadel.com\/sv\/product\/lacoste-ultra\/","url":"https:\/\/nordicpadel.com\/sv\/product\/lacoste-ultra\/","name":"LACOSTE Ultra - Nordic Padel","isPartOf":{"@id":"https:\/\/nordicpadel.com\/sv\/#website"},"primaryImageOfPage":{"@id":"https:\/\/nordicpadel.com\/sv\/product\/lacoste-ultra\/#primaryimage"},"image":{"@id":"https:\/\/nordicpadel.com\/sv\/product\/lacoste-ultra\/#primaryimage"},"thumbnailUrl":"https:\/\/nordicpadel.com\/sv\/wp-content\/uploads\/sites\/10\/2025\/11\/7f36f9a03a7ca79a658e8bcc0c174110.png","datePublished":"2025-11-26T17:29:52+00:00","dateModified":"2026-02-02T21:56:10+00:00","breadcrumb":{"@id":"https:\/\/nordicpadel.com\/sv\/product\/lacoste-ultra\/#breadcrumb"},"inLanguage":"sv-SE","potentialAction":[{"@type":"ReadAction","target":["https:\/\/nordicpadel.com\/sv\/product\/lacoste-ultra\/"]}]},{"@type":"ImageObject","inLanguage":"sv-SE","@id":"https:\/\/nordicpadel.com\/sv\/product\/lacoste-ultra\/#primaryimage","url":"https:\/\/nordicpadel.com\/sv\/wp-content\/uploads\/sites\/10\/2025\/11\/7f36f9a03a7ca79a658e8bcc0c174110.png","contentUrl":"https:\/\/nordicpadel.com\/sv\/wp-content\/uploads\/sites\/10\/2025\/11\/7f36f9a03a7ca79a658e8bcc0c174110.png","width":800,"height":800,"caption":"LACOSTE Ultra"},{"@type":"BreadcrumbList","@id":"https:\/\/nordicpadel.com\/sv\/product\/lacoste-ultra\/#breadcrumb","itemListElement":[{"@type":"ListItem","position":1,"name":"Hem","item":"https:\/\/nordicpadel.com\/sv\/"},{"@type":"ListItem","position":2,"name":"Shop","item":"https:\/\/nordicpadel.com\/sv\/shop\/"},{"@type":"ListItem","position":3,"name":"LACOSTE Ultra"}]},{"@type":"WebSite","@id":"https:\/\/nordicpadel.com\/sv\/#website","url":"https:\/\/nordicpadel.com\/sv\/","name":"Nordic Padel","description":"","publisher":{"@id":"https:\/\/nordicpadel.com\/sv\/#organization"},"potentialAction":[{"@type":"SearchAction","target":{"@type":"EntryPoint","urlTemplate":"https:\/\/nordicpadel.com\/sv\/?s={search_term_string}"},"query-input":"required name=search_term_string"}],"inLanguage":"sv-SE"},{"@type":"Organization","@id":"https:\/\/nordicpadel.com\/sv\/#organization","name":"Nordic Padel","url":"https:\/\/nordicpadel.com\/sv\/","logo":{"@type":"ImageObject","inLanguage":"sv-SE","@id":"https:\/\/nordicpadel.com\/sv\/#\/schema\/logo\/image\/","url":"https:\/\/nordicpadel.com\/sv\/wp-content\/uploads\/sites\/10\/2022\/12\/Nordic-Padel-small_1-1.png","contentUrl":"https:\/\/nordicpadel.com\/sv\/wp-content\/uploads\/sites\/10\/2022\/12\/Nordic-Padel-small_1-1.png","width":400,"height":119,"caption":"Nordic Padel"},"image":{"@id":"https:\/\/nordicpadel.com\/sv\/#\/schema\/logo\/image\/"}}]}},"brands":[],"_links":{"self":[{"href":"https:\/\/nordicpadel.com\/sv\/wp-json\/wp\/v2\/product\/89806","targetHints":{"allow":["GET"]}}],"collection":[{"href":"https:\/\/nordicpadel.com\/sv\/wp-json\/wp\/v2\/product"}],"about":[{"href":"https:\/\/nordicpadel.com\/sv\/wp-json\/wp\/v2\/types\/product"}],"replies":[{"embeddable":true,"href":"https:\/\/nordicpadel.com\/sv\/wp-json\/wp\/v2\/comments?post=89806"}],"wp:featuredmedia":[{"embeddable":true,"href":"https:\/\/nordicpadel.com\/sv\/wp-json\/wp\/v2\/media\/89802"}],"wp:attachment":[{"href":"https:\/\/nordicpadel.com\/sv\/wp-json\/wp\/v2\/media?parent=89806"}],"wp:term":[{"taxonomy":"pwb-brand","embeddable":true,"href":"https:\/\/nordicpadel.com\/sv\/wp-json\/wp\/v2\/pwb-brand?post=89806"},{"taxonomy":"product_cat","embeddable":true,"href":"https:\/\/nordicpadel.com\/sv\/wp-json\/wp\/v2\/product_cat?post=89806"},{"taxonomy":"product_tag","embeddable":true,"href":"https:\/\/nordicpadel.com\/sv\/wp-json\/wp\/v2\/product_tag?post=89806"},{"taxonomy":"woo-feed-brand","embeddable":true,"href":"https:\/\/nordicpadel.com\/sv\/wp-json\/wp\/v2\/woo-feed-brand?post=89806"}],"curies":[{"name":"wp","href":"https:\/\/api.w.org\/{rel}","templated":true}]}}