{"id":89768,"date":"2025-11-26T18:29:17","date_gmt":"2025-11-26T17:29:17","guid":{"rendered":"https:\/\/nordicpadel.com\/sv\/product\/wilson-rush-pro-4-0\/"},"modified":"2025-11-26T18:32:37","modified_gmt":"2025-11-26T17:32:37","slug":"wilson-rush-pro-4-0","status":"publish","type":"product","link":"https:\/\/nordicpadel.com\/sv\/product\/wilson-rush-pro-4-0\/","title":{"rendered":"Wilson Rush Pro 4.0"},"content":{"rendered":"<p>Rush Pro 4.0 har en utm\u00e4rkt balans mellan stabilitet och explosivitet. Denna sko har en antitwist-yttersula som styr din kraft och hj\u00e4lper dig med explosiva rusher fram\u00e5t i banan.<\/p>\n<p>Detta \u00e4r egentligen en tennissko men har blivit enormt popul\u00e4r bland padelspelare d\u00e4r den framf\u00f6r allt l\u00e4mpar sig p\u00e5 det nya Mondogr\u00e4set.<\/p>\n<p>Teknologier:<\/p>\n<p>&#8211; 4D Support Chassis 2.0 delar sulan i tv\u00e5 delar: en del l\u00f6per under foten f\u00f6r att f\u00f6renkla fram\u00e5tr\u00f6relse, och den andra l\u00f6per i sidled fr\u00e5n t\u00e5 till h\u00e4ll f\u00f6r att ge spelaren total kontroll och stabilitet.<\/p>\n<p>&#8211; Sensifeel 2.0 f\u00f6rser spelaren med f\u00f6rb\u00e4ttrad komfort, andningsf\u00f6rm\u00e5ga och k\u00e4nsla.<\/p>\n<p>&#8211; Endofit f\u00f6rser spelaren med en h\u00e4rlig och naturlig passform och stabilitet via en inre strumpkonstruktion.<\/p>\n<p>&#8211; DF2 \u00e4r ett d\u00e4mpningssystem som f\u00f6rser spelaren med en bra balans mellan snabb respons och komfort.<\/p>\n<p>&#8211; Duralast \u00e4r en slitstark gummiblandning med stark dragkraft f\u00f6r alla underlag.<\/p>\n<p>&#8211; R-DST + kombinerar d\u00e4mpning och studs i avstamp f\u00f6r en dynamisk prestanda.<br \/>L\u00e4s g\u00e4rna v\u00e5r <a href=\"https:\/\/nordicpadel.com\/sv\/guide-padelskor\/\">skoguide<\/a> som inneh\u00e5ller tips samt en storleksguide f\u00f6r att hj\u00e4lpa dig hitta r\u00e4tt skor.<\/p>\n","protected":false},"excerpt":{"rendered":"<p>Rush Pro 4.0 har en utm\u00e4rkt balans mellan stabilitet och explosivitet. Denna sko har en antitwist-yttersula som styr din kraft och hj\u00e4lper dig med explosiva rusher fram\u00e5t i banan. Detta \u00e4r egentligen en tennissko men har blivit enormt popul\u00e4r bland padelspelare d\u00e4r den framf\u00f6r allt l\u00e4mpar sig p\u00e5 det nya Mondogr\u00e4set. Teknologier: &#8211; 4D Support [&hellip;]<\/p>\n","protected":false},"featured_media":89766,"comment_status":"open","ping_status":"closed","template":"","meta":[],"pwb-brand":[],"product_cat":[461,38],"product_tag":[],"woo-feed-brand":[],"class_list":{"0":"post-89768","1":"product","2":"type-product","3":"status-publish","4":"has-post-thumbnail","6":"product_cat-wilson","7":"product_cat-herr","8":"pa_varumarke-wilson","10":"first","11":"outofstock","12":"sale","13":"taxable","14":"shipping-taxable","15":"product-type-variable"},"bundled_by":[],"bundle_stock_status":"outofstock","bundle_stock_quantity":0,"bundle_virtual":false,"bundle_layout":"","bundle_add_to_cart_form_location":"","bundle_editable_in_cart":false,"bundle_sold_individually_context":"","bundle_item_grouping":"","bundle_min_size":"","bundle_max_size":"","bundled_items":[],"bundle_sell_ids":[],"acf":[],"yoast_head":"<!-- This site is optimized with the Yoast SEO plugin v23.1 - https:\/\/yoast.com\/wordpress\/plugins\/seo\/ -->\n<title>Wilson Rush Pro 4.0 - Nordic Padel<\/title>\n<meta name=\"robots\" content=\"index, follow, max-snippet:-1, max-image-preview:large, max-video-preview:-1\" \/>\n<link rel=\"canonical\" href=\"https:\/\/nordicpadel.com\/sv\/product\/wilson-rush-pro-4-0\/\" \/>\n<meta property=\"og:locale\" content=\"sv_SE\" \/>\n<meta property=\"og:type\" content=\"article\" \/>\n<meta property=\"og:title\" content=\"Wilson Rush Pro 4.0 - Nordic Padel\" \/>\n<meta property=\"og:description\" content=\"Rush Pro 4.0 har en utm\u00e4rkt balans mellan stabilitet och explosivitet. Denna sko har en antitwist-yttersula som styr din kraft och hj\u00e4lper dig med explosiva rusher fram\u00e5t i banan. Detta \u00e4r egentligen en tennissko men har blivit enormt popul\u00e4r bland padelspelare d\u00e4r den framf\u00f6r allt l\u00e4mpar sig p\u00e5 det nya Mondogr\u00e4set. Teknologier: &#8211; 4D Support [&hellip;]\" \/>\n<meta property=\"og:url\" content=\"https:\/\/nordicpadel.com\/sv\/product\/wilson-rush-pro-4-0\/\" \/>\n<meta property=\"og:site_name\" content=\"Nordic Padel\" \/>\n<meta property=\"article:modified_time\" content=\"2025-11-26T17:32:37+00:00\" \/>\n<meta name=\"twitter:card\" content=\"summary_large_image\" \/>\n<meta name=\"twitter:label1\" content=\"Ber\u00e4knad l\u00e4stid\" \/>\n\t<meta name=\"twitter:data1\" content=\"1 minut\" \/>\n<script type=\"application\/ld+json\" class=\"yoast-schema-graph\">{\"@context\":\"https:\/\/schema.org\",\"@graph\":[{\"@type\":\"WebPage\",\"@id\":\"https:\/\/nordicpadel.com\/sv\/product\/wilson-rush-pro-4-0\/\",\"url\":\"https:\/\/nordicpadel.com\/sv\/product\/wilson-rush-pro-4-0\/\",\"name\":\"Wilson Rush Pro 4.0 - Nordic Padel\",\"isPartOf\":{\"@id\":\"https:\/\/nordicpadel.com\/sv\/#website\"},\"primaryImageOfPage\":{\"@id\":\"https:\/\/nordicpadel.com\/sv\/product\/wilson-rush-pro-4-0\/#primaryimage\"},\"image\":{\"@id\":\"https:\/\/nordicpadel.com\/sv\/product\/wilson-rush-pro-4-0\/#primaryimage\"},\"thumbnailUrl\":\"https:\/\/nordicpadel.com\/sv\/wp-content\/uploads\/sites\/10\/2025\/11\/fcda790be50850d78740d9f62a75541c.png\",\"datePublished\":\"2025-11-26T17:29:17+00:00\",\"dateModified\":\"2025-11-26T17:32:37+00:00\",\"breadcrumb\":{\"@id\":\"https:\/\/nordicpadel.com\/sv\/product\/wilson-rush-pro-4-0\/#breadcrumb\"},\"inLanguage\":\"sv-SE\",\"potentialAction\":[{\"@type\":\"ReadAction\",\"target\":[\"https:\/\/nordicpadel.com\/sv\/product\/wilson-rush-pro-4-0\/\"]}]},{\"@type\":\"ImageObject\",\"inLanguage\":\"sv-SE\",\"@id\":\"https:\/\/nordicpadel.com\/sv\/product\/wilson-rush-pro-4-0\/#primaryimage\",\"url\":\"https:\/\/nordicpadel.com\/sv\/wp-content\/uploads\/sites\/10\/2025\/11\/fcda790be50850d78740d9f62a75541c.png\",\"contentUrl\":\"https:\/\/nordicpadel.com\/sv\/wp-content\/uploads\/sites\/10\/2025\/11\/fcda790be50850d78740d9f62a75541c.png\",\"width\":800,\"height\":800,\"caption\":\"Wilson Rush Pro 4.0\"},{\"@type\":\"BreadcrumbList\",\"@id\":\"https:\/\/nordicpadel.com\/sv\/product\/wilson-rush-pro-4-0\/#breadcrumb\",\"itemListElement\":[{\"@type\":\"ListItem\",\"position\":1,\"name\":\"Hem\",\"item\":\"https:\/\/nordicpadel.com\/sv\/\"},{\"@type\":\"ListItem\",\"position\":2,\"name\":\"Shop\",\"item\":\"https:\/\/nordicpadel.com\/sv\/shop\/\"},{\"@type\":\"ListItem\",\"position\":3,\"name\":\"Wilson Rush Pro 4.0\"}]},{\"@type\":\"WebSite\",\"@id\":\"https:\/\/nordicpadel.com\/sv\/#website\",\"url\":\"https:\/\/nordicpadel.com\/sv\/\",\"name\":\"Nordic Padel\",\"description\":\"\",\"publisher\":{\"@id\":\"https:\/\/nordicpadel.com\/sv\/#organization\"},\"potentialAction\":[{\"@type\":\"SearchAction\",\"target\":{\"@type\":\"EntryPoint\",\"urlTemplate\":\"https:\/\/nordicpadel.com\/sv\/?s={search_term_string}\"},\"query-input\":\"required name=search_term_string\"}],\"inLanguage\":\"sv-SE\"},{\"@type\":\"Organization\",\"@id\":\"https:\/\/nordicpadel.com\/sv\/#organization\",\"name\":\"Nordic Padel\",\"url\":\"https:\/\/nordicpadel.com\/sv\/\",\"logo\":{\"@type\":\"ImageObject\",\"inLanguage\":\"sv-SE\",\"@id\":\"https:\/\/nordicpadel.com\/sv\/#\/schema\/logo\/image\/\",\"url\":\"https:\/\/nordicpadel.com\/sv\/wp-content\/uploads\/sites\/10\/2022\/12\/Nordic-Padel-small_1-1.png\",\"contentUrl\":\"https:\/\/nordicpadel.com\/sv\/wp-content\/uploads\/sites\/10\/2022\/12\/Nordic-Padel-small_1-1.png\",\"width\":400,\"height\":119,\"caption\":\"Nordic Padel\"},\"image\":{\"@id\":\"https:\/\/nordicpadel.com\/sv\/#\/schema\/logo\/image\/\"}}]}<\/script>\n<!-- \/ Yoast SEO plugin. -->","yoast_head_json":{"title":"Wilson Rush Pro 4.0 - Nordic Padel","robots":{"index":"index","follow":"follow","max-snippet":"max-snippet:-1","max-image-preview":"max-image-preview:large","max-video-preview":"max-video-preview:-1"},"canonical":"https:\/\/nordicpadel.com\/sv\/product\/wilson-rush-pro-4-0\/","og_locale":"sv_SE","og_type":"article","og_title":"Wilson Rush Pro 4.0 - Nordic Padel","og_description":"Rush Pro 4.0 har en utm\u00e4rkt balans mellan stabilitet och explosivitet. Denna sko har en antitwist-yttersula som styr din kraft och hj\u00e4lper dig med explosiva rusher fram\u00e5t i banan. Detta \u00e4r egentligen en tennissko men har blivit enormt popul\u00e4r bland padelspelare d\u00e4r den framf\u00f6r allt l\u00e4mpar sig p\u00e5 det nya Mondogr\u00e4set. Teknologier: &#8211; 4D Support [&hellip;]","og_url":"https:\/\/nordicpadel.com\/sv\/product\/wilson-rush-pro-4-0\/","og_site_name":"Nordic Padel","article_modified_time":"2025-11-26T17:32:37+00:00","twitter_card":"summary_large_image","twitter_misc":{"Ber\u00e4knad l\u00e4stid":"1 minut"},"schema":{"@context":"https:\/\/schema.org","@graph":[{"@type":"WebPage","@id":"https:\/\/nordicpadel.com\/sv\/product\/wilson-rush-pro-4-0\/","url":"https:\/\/nordicpadel.com\/sv\/product\/wilson-rush-pro-4-0\/","name":"Wilson Rush Pro 4.0 - Nordic Padel","isPartOf":{"@id":"https:\/\/nordicpadel.com\/sv\/#website"},"primaryImageOfPage":{"@id":"https:\/\/nordicpadel.com\/sv\/product\/wilson-rush-pro-4-0\/#primaryimage"},"image":{"@id":"https:\/\/nordicpadel.com\/sv\/product\/wilson-rush-pro-4-0\/#primaryimage"},"thumbnailUrl":"https:\/\/nordicpadel.com\/sv\/wp-content\/uploads\/sites\/10\/2025\/11\/fcda790be50850d78740d9f62a75541c.png","datePublished":"2025-11-26T17:29:17+00:00","dateModified":"2025-11-26T17:32:37+00:00","breadcrumb":{"@id":"https:\/\/nordicpadel.com\/sv\/product\/wilson-rush-pro-4-0\/#breadcrumb"},"inLanguage":"sv-SE","potentialAction":[{"@type":"ReadAction","target":["https:\/\/nordicpadel.com\/sv\/product\/wilson-rush-pro-4-0\/"]}]},{"@type":"ImageObject","inLanguage":"sv-SE","@id":"https:\/\/nordicpadel.com\/sv\/product\/wilson-rush-pro-4-0\/#primaryimage","url":"https:\/\/nordicpadel.com\/sv\/wp-content\/uploads\/sites\/10\/2025\/11\/fcda790be50850d78740d9f62a75541c.png","contentUrl":"https:\/\/nordicpadel.com\/sv\/wp-content\/uploads\/sites\/10\/2025\/11\/fcda790be50850d78740d9f62a75541c.png","width":800,"height":800,"caption":"Wilson Rush Pro 4.0"},{"@type":"BreadcrumbList","@id":"https:\/\/nordicpadel.com\/sv\/product\/wilson-rush-pro-4-0\/#breadcrumb","itemListElement":[{"@type":"ListItem","position":1,"name":"Hem","item":"https:\/\/nordicpadel.com\/sv\/"},{"@type":"ListItem","position":2,"name":"Shop","item":"https:\/\/nordicpadel.com\/sv\/shop\/"},{"@type":"ListItem","position":3,"name":"Wilson Rush Pro 4.0"}]},{"@type":"WebSite","@id":"https:\/\/nordicpadel.com\/sv\/#website","url":"https:\/\/nordicpadel.com\/sv\/","name":"Nordic Padel","description":"","publisher":{"@id":"https:\/\/nordicpadel.com\/sv\/#organization"},"potentialAction":[{"@type":"SearchAction","target":{"@type":"EntryPoint","urlTemplate":"https:\/\/nordicpadel.com\/sv\/?s={search_term_string}"},"query-input":"required name=search_term_string"}],"inLanguage":"sv-SE"},{"@type":"Organization","@id":"https:\/\/nordicpadel.com\/sv\/#organization","name":"Nordic Padel","url":"https:\/\/nordicpadel.com\/sv\/","logo":{"@type":"ImageObject","inLanguage":"sv-SE","@id":"https:\/\/nordicpadel.com\/sv\/#\/schema\/logo\/image\/","url":"https:\/\/nordicpadel.com\/sv\/wp-content\/uploads\/sites\/10\/2022\/12\/Nordic-Padel-small_1-1.png","contentUrl":"https:\/\/nordicpadel.com\/sv\/wp-content\/uploads\/sites\/10\/2022\/12\/Nordic-Padel-small_1-1.png","width":400,"height":119,"caption":"Nordic Padel"},"image":{"@id":"https:\/\/nordicpadel.com\/sv\/#\/schema\/logo\/image\/"}}]}},"brands":[],"_links":{"self":[{"href":"https:\/\/nordicpadel.com\/sv\/wp-json\/wp\/v2\/product\/89768","targetHints":{"allow":["GET"]}}],"collection":[{"href":"https:\/\/nordicpadel.com\/sv\/wp-json\/wp\/v2\/product"}],"about":[{"href":"https:\/\/nordicpadel.com\/sv\/wp-json\/wp\/v2\/types\/product"}],"replies":[{"embeddable":true,"href":"https:\/\/nordicpadel.com\/sv\/wp-json\/wp\/v2\/comments?post=89768"}],"wp:featuredmedia":[{"embeddable":true,"href":"https:\/\/nordicpadel.com\/sv\/wp-json\/wp\/v2\/media\/89766"}],"wp:attachment":[{"href":"https:\/\/nordicpadel.com\/sv\/wp-json\/wp\/v2\/media?parent=89768"}],"wp:term":[{"taxonomy":"pwb-brand","embeddable":true,"href":"https:\/\/nordicpadel.com\/sv\/wp-json\/wp\/v2\/pwb-brand?post=89768"},{"taxonomy":"product_cat","embeddable":true,"href":"https:\/\/nordicpadel.com\/sv\/wp-json\/wp\/v2\/product_cat?post=89768"},{"taxonomy":"product_tag","embeddable":true,"href":"https:\/\/nordicpadel.com\/sv\/wp-json\/wp\/v2\/product_tag?post=89768"},{"taxonomy":"woo-feed-brand","embeddable":true,"href":"https:\/\/nordicpadel.com\/sv\/wp-json\/wp\/v2\/woo-feed-brand?post=89768"}],"curies":[{"name":"wp","href":"https:\/\/api.w.org\/{rel}","templated":true}]}}