{"id":89761,"date":"2025-11-26T18:28:57","date_gmt":"2025-11-26T17:28:57","guid":{"rendered":"https:\/\/nordicpadel.com\/sv\/product\/nike-vapor-lite-4\/"},"modified":"2026-02-02T22:55:51","modified_gmt":"2026-02-02T21:55:51","slug":"nike-vapor-lite-4","status":"publish","type":"product","link":"https:\/\/nordicpadel.com\/sv\/product\/nike-vapor-lite-4\/","title":{"rendered":"Nike Vapor Lite"},"content":{"rendered":"<p>Precis som p\u00e5 en racerbil finns merparten av NikeCourt Vapor Lites funktioner under huven. Det unika d\u00e4mpningssystemet \u00e4r designat f\u00f6r att du ska komma \u00e5t bollen s\u00e5 fort du kan. En innovativ rem med fyra punkter \u00e4r inspirerad av selen i en racerbil och h\u00e5ller foten p\u00e5 plats under de tuffaste matcherna. Skon har dessutom en l\u00e4tt och ventilerande design som ger en otroligt sk\u00f6n k\u00e4nsla.<br id=\"isPasted\"><br \/>L\u00e4tt och omslutande design.<br \/>Den st\u00f6djande remmen omsluter foten nerifr\u00e5n och upp, med en fyrpunktsdesign som har inspirerats av b\u00e4ltet i en racerbil. Ghillie-\u00f6glor p\u00e5 de tv\u00e5 nedre skosn\u00f6rena omsluter foten och ger extra st\u00f6d.<\/p>\n<p>Ventilerande och slitstark modell.<br \/>Extra slitstark och luftig mesh h\u00e5ller f\u00f6tterna svala. Det formgjutna topplagret i gummi p\u00e5 h\u00e5lfotssidan skyddar mot slitage vid t\u00e5n.<\/p>\n<p>Mjukt skummaterial n\u00e4ra h\u00e5lfoten g\u00f6r det l\u00e4ttare att bilda en rak linje mellan vristen och foten vid lutning. H\u00e5rdare skummaterial l\u00e4ngs utsidan av foten hj\u00e4lper dig att trycka ifr\u00e5n under snabba r\u00f6relser s\u00e5 att du kommer \u00e5t bollen s\u00e5 snabbt som m\u00f6jligt<\/p>\n<p>L\u00e4s g\u00e4rna v\u00e5r <a href=\"https:\/\/nordicpadel.com\/sv\/guide-padelskor\/\">skoguide<\/a> som inneh\u00e5ller tips samt en storleksguide f\u00f6r att hj\u00e4lpa dig hitta r\u00e4tt skor.<\/p>\n","protected":false},"excerpt":{"rendered":"<p>Precis som p\u00e5 en racerbil finns merparten av NikeCourt Vapor Lites funktioner under huven. Det unika d\u00e4mpningssystemet \u00e4r designat f\u00f6r att du ska komma \u00e5t bollen s\u00e5 fort du kan. En innovativ rem med fyra punkter \u00e4r inspirerad av selen i en racerbil och h\u00e5ller foten p\u00e5 plats under de tuffaste matcherna. Skon har dessutom [&hellip;]<\/p>\n","protected":false},"featured_media":89759,"comment_status":"open","ping_status":"closed","template":"","meta":[],"pwb-brand":[],"product_cat":[38,471],"product_tag":[],"woo-feed-brand":[],"class_list":{"0":"post-89761","1":"product","2":"type-product","3":"status-publish","4":"has-post-thumbnail","6":"product_cat-herr","7":"product_cat-nike","8":"pa_varumarke-nike","10":"first","11":"outofstock","12":"sale","13":"taxable","14":"shipping-taxable","15":"purchasable","16":"product-type-variable"},"bundled_by":[],"bundle_stock_status":"outofstock","bundle_stock_quantity":0,"bundle_virtual":false,"bundle_layout":"","bundle_add_to_cart_form_location":"","bundle_editable_in_cart":false,"bundle_sold_individually_context":"","bundle_item_grouping":"","bundle_min_size":"","bundle_max_size":"","bundled_items":[],"bundle_sell_ids":[],"acf":[],"yoast_head":"<!-- This site is optimized with the Yoast SEO plugin v23.1 - https:\/\/yoast.com\/wordpress\/plugins\/seo\/ -->\n<title>Nike Vapor Lite - Nordic Padel<\/title>\n<meta name=\"robots\" content=\"index, follow, max-snippet:-1, max-image-preview:large, max-video-preview:-1\" \/>\n<link rel=\"canonical\" href=\"https:\/\/nordicpadel.com\/sv\/product\/nike-vapor-lite-4\/\" \/>\n<meta property=\"og:locale\" content=\"sv_SE\" \/>\n<meta property=\"og:type\" content=\"article\" \/>\n<meta property=\"og:title\" content=\"Nike Vapor Lite - Nordic Padel\" \/>\n<meta property=\"og:description\" content=\"Precis som p\u00e5 en racerbil finns merparten av NikeCourt Vapor Lites funktioner under huven. Det unika d\u00e4mpningssystemet \u00e4r designat f\u00f6r att du ska komma \u00e5t bollen s\u00e5 fort du kan. En innovativ rem med fyra punkter \u00e4r inspirerad av selen i en racerbil och h\u00e5ller foten p\u00e5 plats under de tuffaste matcherna. Skon har dessutom [&hellip;]\" \/>\n<meta property=\"og:url\" content=\"https:\/\/nordicpadel.com\/sv\/product\/nike-vapor-lite-4\/\" \/>\n<meta property=\"og:site_name\" content=\"Nordic Padel\" \/>\n<meta property=\"article:modified_time\" content=\"2026-02-02T21:55:51+00:00\" \/>\n<meta property=\"og:image\" content=\"https:\/\/nordicpadel.com\/sv\/wp-content\/uploads\/sites\/10\/2025\/11\/9e7849969058f1c362e79d984fa52a62.png\" \/>\n\t<meta property=\"og:image:width\" content=\"800\" \/>\n\t<meta property=\"og:image:height\" content=\"800\" \/>\n\t<meta property=\"og:image:type\" content=\"image\/png\" \/>\n<meta name=\"twitter:card\" content=\"summary_large_image\" \/>\n<meta name=\"twitter:label1\" content=\"Ber\u00e4knad l\u00e4stid\" \/>\n\t<meta name=\"twitter:data1\" content=\"1 minut\" \/>\n<script type=\"application\/ld+json\" class=\"yoast-schema-graph\">{\"@context\":\"https:\/\/schema.org\",\"@graph\":[{\"@type\":\"WebPage\",\"@id\":\"https:\/\/nordicpadel.com\/sv\/product\/nike-vapor-lite-4\/\",\"url\":\"https:\/\/nordicpadel.com\/sv\/product\/nike-vapor-lite-4\/\",\"name\":\"Nike Vapor Lite - Nordic Padel\",\"isPartOf\":{\"@id\":\"https:\/\/nordicpadel.com\/sv\/#website\"},\"primaryImageOfPage\":{\"@id\":\"https:\/\/nordicpadel.com\/sv\/product\/nike-vapor-lite-4\/#primaryimage\"},\"image\":{\"@id\":\"https:\/\/nordicpadel.com\/sv\/product\/nike-vapor-lite-4\/#primaryimage\"},\"thumbnailUrl\":\"https:\/\/nordicpadel.com\/sv\/wp-content\/uploads\/sites\/10\/2025\/11\/9e7849969058f1c362e79d984fa52a62.png\",\"datePublished\":\"2025-11-26T17:28:57+00:00\",\"dateModified\":\"2026-02-02T21:55:51+00:00\",\"breadcrumb\":{\"@id\":\"https:\/\/nordicpadel.com\/sv\/product\/nike-vapor-lite-4\/#breadcrumb\"},\"inLanguage\":\"sv-SE\",\"potentialAction\":[{\"@type\":\"ReadAction\",\"target\":[\"https:\/\/nordicpadel.com\/sv\/product\/nike-vapor-lite-4\/\"]}]},{\"@type\":\"ImageObject\",\"inLanguage\":\"sv-SE\",\"@id\":\"https:\/\/nordicpadel.com\/sv\/product\/nike-vapor-lite-4\/#primaryimage\",\"url\":\"https:\/\/nordicpadel.com\/sv\/wp-content\/uploads\/sites\/10\/2025\/11\/9e7849969058f1c362e79d984fa52a62.png\",\"contentUrl\":\"https:\/\/nordicpadel.com\/sv\/wp-content\/uploads\/sites\/10\/2025\/11\/9e7849969058f1c362e79d984fa52a62.png\",\"width\":800,\"height\":800,\"caption\":\"Nike Vapor Lite\"},{\"@type\":\"BreadcrumbList\",\"@id\":\"https:\/\/nordicpadel.com\/sv\/product\/nike-vapor-lite-4\/#breadcrumb\",\"itemListElement\":[{\"@type\":\"ListItem\",\"position\":1,\"name\":\"Hem\",\"item\":\"https:\/\/nordicpadel.com\/sv\/\"},{\"@type\":\"ListItem\",\"position\":2,\"name\":\"Shop\",\"item\":\"https:\/\/nordicpadel.com\/sv\/shop\/\"},{\"@type\":\"ListItem\",\"position\":3,\"name\":\"Nike Vapor Lite\"}]},{\"@type\":\"WebSite\",\"@id\":\"https:\/\/nordicpadel.com\/sv\/#website\",\"url\":\"https:\/\/nordicpadel.com\/sv\/\",\"name\":\"Nordic Padel\",\"description\":\"\",\"publisher\":{\"@id\":\"https:\/\/nordicpadel.com\/sv\/#organization\"},\"potentialAction\":[{\"@type\":\"SearchAction\",\"target\":{\"@type\":\"EntryPoint\",\"urlTemplate\":\"https:\/\/nordicpadel.com\/sv\/?s={search_term_string}\"},\"query-input\":\"required name=search_term_string\"}],\"inLanguage\":\"sv-SE\"},{\"@type\":\"Organization\",\"@id\":\"https:\/\/nordicpadel.com\/sv\/#organization\",\"name\":\"Nordic Padel\",\"url\":\"https:\/\/nordicpadel.com\/sv\/\",\"logo\":{\"@type\":\"ImageObject\",\"inLanguage\":\"sv-SE\",\"@id\":\"https:\/\/nordicpadel.com\/sv\/#\/schema\/logo\/image\/\",\"url\":\"https:\/\/nordicpadel.com\/sv\/wp-content\/uploads\/sites\/10\/2022\/12\/Nordic-Padel-small_1-1.png\",\"contentUrl\":\"https:\/\/nordicpadel.com\/sv\/wp-content\/uploads\/sites\/10\/2022\/12\/Nordic-Padel-small_1-1.png\",\"width\":400,\"height\":119,\"caption\":\"Nordic Padel\"},\"image\":{\"@id\":\"https:\/\/nordicpadel.com\/sv\/#\/schema\/logo\/image\/\"}}]}<\/script>\n<!-- \/ Yoast SEO plugin. -->","yoast_head_json":{"title":"Nike Vapor Lite - Nordic Padel","robots":{"index":"index","follow":"follow","max-snippet":"max-snippet:-1","max-image-preview":"max-image-preview:large","max-video-preview":"max-video-preview:-1"},"canonical":"https:\/\/nordicpadel.com\/sv\/product\/nike-vapor-lite-4\/","og_locale":"sv_SE","og_type":"article","og_title":"Nike Vapor Lite - Nordic Padel","og_description":"Precis som p\u00e5 en racerbil finns merparten av NikeCourt Vapor Lites funktioner under huven. Det unika d\u00e4mpningssystemet \u00e4r designat f\u00f6r att du ska komma \u00e5t bollen s\u00e5 fort du kan. En innovativ rem med fyra punkter \u00e4r inspirerad av selen i en racerbil och h\u00e5ller foten p\u00e5 plats under de tuffaste matcherna. Skon har dessutom [&hellip;]","og_url":"https:\/\/nordicpadel.com\/sv\/product\/nike-vapor-lite-4\/","og_site_name":"Nordic Padel","article_modified_time":"2026-02-02T21:55:51+00:00","og_image":[{"width":800,"height":800,"url":"https:\/\/nordicpadel.com\/sv\/wp-content\/uploads\/sites\/10\/2025\/11\/9e7849969058f1c362e79d984fa52a62.png","type":"image\/png"}],"twitter_card":"summary_large_image","twitter_misc":{"Ber\u00e4knad l\u00e4stid":"1 minut"},"schema":{"@context":"https:\/\/schema.org","@graph":[{"@type":"WebPage","@id":"https:\/\/nordicpadel.com\/sv\/product\/nike-vapor-lite-4\/","url":"https:\/\/nordicpadel.com\/sv\/product\/nike-vapor-lite-4\/","name":"Nike Vapor Lite - Nordic Padel","isPartOf":{"@id":"https:\/\/nordicpadel.com\/sv\/#website"},"primaryImageOfPage":{"@id":"https:\/\/nordicpadel.com\/sv\/product\/nike-vapor-lite-4\/#primaryimage"},"image":{"@id":"https:\/\/nordicpadel.com\/sv\/product\/nike-vapor-lite-4\/#primaryimage"},"thumbnailUrl":"https:\/\/nordicpadel.com\/sv\/wp-content\/uploads\/sites\/10\/2025\/11\/9e7849969058f1c362e79d984fa52a62.png","datePublished":"2025-11-26T17:28:57+00:00","dateModified":"2026-02-02T21:55:51+00:00","breadcrumb":{"@id":"https:\/\/nordicpadel.com\/sv\/product\/nike-vapor-lite-4\/#breadcrumb"},"inLanguage":"sv-SE","potentialAction":[{"@type":"ReadAction","target":["https:\/\/nordicpadel.com\/sv\/product\/nike-vapor-lite-4\/"]}]},{"@type":"ImageObject","inLanguage":"sv-SE","@id":"https:\/\/nordicpadel.com\/sv\/product\/nike-vapor-lite-4\/#primaryimage","url":"https:\/\/nordicpadel.com\/sv\/wp-content\/uploads\/sites\/10\/2025\/11\/9e7849969058f1c362e79d984fa52a62.png","contentUrl":"https:\/\/nordicpadel.com\/sv\/wp-content\/uploads\/sites\/10\/2025\/11\/9e7849969058f1c362e79d984fa52a62.png","width":800,"height":800,"caption":"Nike Vapor Lite"},{"@type":"BreadcrumbList","@id":"https:\/\/nordicpadel.com\/sv\/product\/nike-vapor-lite-4\/#breadcrumb","itemListElement":[{"@type":"ListItem","position":1,"name":"Hem","item":"https:\/\/nordicpadel.com\/sv\/"},{"@type":"ListItem","position":2,"name":"Shop","item":"https:\/\/nordicpadel.com\/sv\/shop\/"},{"@type":"ListItem","position":3,"name":"Nike Vapor Lite"}]},{"@type":"WebSite","@id":"https:\/\/nordicpadel.com\/sv\/#website","url":"https:\/\/nordicpadel.com\/sv\/","name":"Nordic Padel","description":"","publisher":{"@id":"https:\/\/nordicpadel.com\/sv\/#organization"},"potentialAction":[{"@type":"SearchAction","target":{"@type":"EntryPoint","urlTemplate":"https:\/\/nordicpadel.com\/sv\/?s={search_term_string}"},"query-input":"required name=search_term_string"}],"inLanguage":"sv-SE"},{"@type":"Organization","@id":"https:\/\/nordicpadel.com\/sv\/#organization","name":"Nordic Padel","url":"https:\/\/nordicpadel.com\/sv\/","logo":{"@type":"ImageObject","inLanguage":"sv-SE","@id":"https:\/\/nordicpadel.com\/sv\/#\/schema\/logo\/image\/","url":"https:\/\/nordicpadel.com\/sv\/wp-content\/uploads\/sites\/10\/2022\/12\/Nordic-Padel-small_1-1.png","contentUrl":"https:\/\/nordicpadel.com\/sv\/wp-content\/uploads\/sites\/10\/2022\/12\/Nordic-Padel-small_1-1.png","width":400,"height":119,"caption":"Nordic Padel"},"image":{"@id":"https:\/\/nordicpadel.com\/sv\/#\/schema\/logo\/image\/"}}]}},"brands":[],"_links":{"self":[{"href":"https:\/\/nordicpadel.com\/sv\/wp-json\/wp\/v2\/product\/89761","targetHints":{"allow":["GET"]}}],"collection":[{"href":"https:\/\/nordicpadel.com\/sv\/wp-json\/wp\/v2\/product"}],"about":[{"href":"https:\/\/nordicpadel.com\/sv\/wp-json\/wp\/v2\/types\/product"}],"replies":[{"embeddable":true,"href":"https:\/\/nordicpadel.com\/sv\/wp-json\/wp\/v2\/comments?post=89761"}],"wp:featuredmedia":[{"embeddable":true,"href":"https:\/\/nordicpadel.com\/sv\/wp-json\/wp\/v2\/media\/89759"}],"wp:attachment":[{"href":"https:\/\/nordicpadel.com\/sv\/wp-json\/wp\/v2\/media?parent=89761"}],"wp:term":[{"taxonomy":"pwb-brand","embeddable":true,"href":"https:\/\/nordicpadel.com\/sv\/wp-json\/wp\/v2\/pwb-brand?post=89761"},{"taxonomy":"product_cat","embeddable":true,"href":"https:\/\/nordicpadel.com\/sv\/wp-json\/wp\/v2\/product_cat?post=89761"},{"taxonomy":"product_tag","embeddable":true,"href":"https:\/\/nordicpadel.com\/sv\/wp-json\/wp\/v2\/product_tag?post=89761"},{"taxonomy":"woo-feed-brand","embeddable":true,"href":"https:\/\/nordicpadel.com\/sv\/wp-json\/wp\/v2\/woo-feed-brand?post=89761"}],"curies":[{"name":"wp","href":"https:\/\/api.w.org\/{rel}","templated":true}]}}