{"id":89646,"date":"2025-11-26T18:19:14","date_gmt":"2025-11-26T17:19:14","guid":{"rendered":"https:\/\/nordicpadel.com\/sv\/product\/prince-jet-v2\/"},"modified":"2025-11-27T17:15:09","modified_gmt":"2025-11-27T16:15:09","slug":"prince-jet-v2","status":"publish","type":"product","link":"https:\/\/nordicpadel.com\/sv\/product\/prince-jet-v2\/","title":{"rendered":"PRINCE Jet V2"},"content":{"rendered":"<p>Ett riktigt fint och p\u00e5kostat <a href=\"https:\/\/nordicpadel.com\/sv\/product-category\/padelracket\/\">padelracket<\/a> fr\u00e5n Prince som v\u00e4nder sig till den offensiva padelspelaren som spelar mycket p\u00e5 kraft och fart. Racket \u00e4r diamantformat, vilket st\u00e4ller h\u00f6gre kvar p\u00e5 spelaren. Diamantformade racketar har generellt sett mindre sweetspot och blir s\u00e5ledes mer sv\u00e5rspelade men erbjuder ordentligt med fart i slaget d\u00e5 spelaren kommer r\u00e4tt i tr\u00e4ffen.<\/p>\n<p>Racket har en medelbalans, vilket g\u00f6r att racketen erbjuder aningen b\u00e4ttre kontroll j\u00e4mf\u00f6rt med m\u00e5nga diamantformade racketar p\u00e5 marknaden som ofta har en h\u00f6g balans.<\/p>\n<p>Prince Jet V2 \u00e4r fullproppat med teknologier f\u00f6r att ge racket de mest optimala egenskaperna f\u00f6r en kraftfull offensiv:<\/p>\n<p>Triple Threat \u00e4r en teknologi som skapar en b\u00e4ttre stabilitet, slitstyrka och rent av ger spelaren en mer solid tr\u00e4ffk\u00e4nsla. Detta m\u00f6jligg\u00f6rs med de tre olika stabilisatorerna som sitter placerade i rackethalsen, en vid klockan 10 av rackethuvudet och den sista klockan 2.<\/p>\n<p>Power Core \u00e4r en teknologi d\u00e4r Prince har valt att anv\u00e4nd sig av 2 olika storlekar p\u00e5 h\u00e5len i racketen. Vid center finner vi dom minsta h\u00e5len och l\u00e4ngst ut mot ramen \u00e4r h\u00e5len som st\u00f6rst. Detta motverkar vibrationer, \u00f6kar fart och kraften i slagen och ger en ett mer balanserat och kraftfullt <a href=\"https:\/\/nordicpadel.com\/sv\/product-category\/padelracket\/\">padelracket<\/a>. Dessutom bidrar detta till att <a href=\"https:\/\/nordicpadel.com\/sv\/product-category\/padelracket\/\">padelracket<\/a> blir mer aerodynamiskt s\u00e5 att spelaren f\u00e5r en l\u00e4ttare sving.<\/p>\n<p>Shot Spin \u00e4r en teknologi d\u00e4r man har applicerat struktur i slagytan f\u00f6r att ge spelaren access till mer spinn och kontroll i sitt spel.<\/p>\n<p>Black EVA kallas den styvare k\u00e4rnan som anv\u00e4nds i detta racket. Den styvare k\u00e4rnan ger spelaren access till mer fart i det offensiva spelet, samtidigt som spelaren f\u00e5r en fin kontroll i det lugna spelet.<\/p>\n<p>FTP (Fusion Thermo Polyamidex) \u00e4r den teknologi Prince har valt att utrusta slagytan med. Denna slagyta \u00e4r uppbyggd i tv\u00e5 lager, ett lager utav glasfiber och det andra i det styvare materialet 3K kolfiber. Den mjukare glasfiberytan ger spelaren en f\u00f6rl\u00e5tande och komfortabel k\u00e4nsla, medan den styvare kolfiberytan ger spelaren grym access till h\u00f6g fart i slagen.<\/p>\n<p>Sammanfattat \u00e4r Prince Jet V2 ett <a href=\"https:\/\/nordicpadel.com\/sv\/product-category\/padelracket\/\">padelracket<\/a> f\u00f6r den offensiva padelspelaren som s\u00f6ker ett kraftfullt <a href=\"https:\/\/nordicpadel.com\/sv\/product-category\/padelracket\/\">padelracket<\/a> med fina kontrollegenskaper.<\/p>\n","protected":false},"excerpt":{"rendered":"<p>Ett riktigt fint och p\u00e5kostat padelracket fr\u00e5n Prince som v\u00e4nder sig till den offensiva padelspelaren som spelar mycket p\u00e5 kraft och fart. Racket \u00e4r diamantformat, vilket st\u00e4ller h\u00f6gre kvar p\u00e5 spelaren. Diamantformade racketar har generellt sett mindre sweetspot och blir s\u00e5ledes mer sv\u00e5rspelade men erbjuder ordentligt med fart i slaget d\u00e5 spelaren kommer r\u00e4tt i [&hellip;]<\/p>\n","protected":false},"featured_media":89645,"comment_status":"open","ping_status":"closed","template":"","meta":[],"pwb-brand":[],"product_cat":[16],"product_tag":[],"woo-feed-brand":[],"class_list":{"0":"post-89646","1":"product","2":"type-product","3":"status-publish","4":"has-post-thumbnail","6":"product_cat-padelracket","7":"pa_varumarke-prince","9":"first","10":"outofstock","11":"sale","12":"taxable","13":"shipping-taxable","14":"purchasable","15":"product-type-simple"},"bundled_by":[],"bundle_stock_status":"outofstock","bundle_stock_quantity":0,"bundle_virtual":false,"bundle_layout":"","bundle_add_to_cart_form_location":"","bundle_editable_in_cart":false,"bundle_sold_individually_context":"","bundle_item_grouping":"","bundle_min_size":"","bundle_max_size":"","bundled_items":[],"bundle_sell_ids":[],"acf":[],"yoast_head":"<!-- This site is optimized with the Yoast SEO plugin v23.1 - https:\/\/yoast.com\/wordpress\/plugins\/seo\/ -->\n<title>PRINCE Jet V2 - Nordic Padel<\/title>\n<meta name=\"robots\" content=\"index, follow, max-snippet:-1, max-image-preview:large, max-video-preview:-1\" \/>\n<link rel=\"canonical\" href=\"https:\/\/nordicpadel.com\/sv\/product\/prince-jet-v2\/\" \/>\n<meta property=\"og:locale\" content=\"sv_SE\" \/>\n<meta property=\"og:type\" content=\"article\" \/>\n<meta property=\"og:title\" content=\"PRINCE Jet V2 - Nordic Padel\" \/>\n<meta property=\"og:description\" content=\"Ett riktigt fint och p\u00e5kostat padelracket fr\u00e5n Prince som v\u00e4nder sig till den offensiva padelspelaren som spelar mycket p\u00e5 kraft och fart. Racket \u00e4r diamantformat, vilket st\u00e4ller h\u00f6gre kvar p\u00e5 spelaren. Diamantformade racketar har generellt sett mindre sweetspot och blir s\u00e5ledes mer sv\u00e5rspelade men erbjuder ordentligt med fart i slaget d\u00e5 spelaren kommer r\u00e4tt i [&hellip;]\" \/>\n<meta property=\"og:url\" content=\"https:\/\/nordicpadel.com\/sv\/product\/prince-jet-v2\/\" \/>\n<meta property=\"og:site_name\" content=\"Nordic Padel\" \/>\n<meta property=\"article:modified_time\" content=\"2025-11-27T16:15:09+00:00\" \/>\n<meta property=\"og:image\" content=\"https:\/\/nordicpadel.com\/sv\/wp-content\/uploads\/sites\/10\/2025\/11\/94a4f38525697350f9e7377ff748caf0.png\" \/>\n\t<meta property=\"og:image:width\" content=\"800\" \/>\n\t<meta property=\"og:image:height\" content=\"800\" \/>\n\t<meta property=\"og:image:type\" content=\"image\/png\" \/>\n<meta name=\"twitter:card\" content=\"summary_large_image\" \/>\n<meta name=\"twitter:label1\" content=\"Ber\u00e4knad l\u00e4stid\" \/>\n\t<meta name=\"twitter:data1\" content=\"2 minuter\" \/>\n<script type=\"application\/ld+json\" class=\"yoast-schema-graph\">{\"@context\":\"https:\/\/schema.org\",\"@graph\":[{\"@type\":\"WebPage\",\"@id\":\"https:\/\/nordicpadel.com\/sv\/product\/prince-jet-v2\/\",\"url\":\"https:\/\/nordicpadel.com\/sv\/product\/prince-jet-v2\/\",\"name\":\"PRINCE Jet V2 - Nordic Padel\",\"isPartOf\":{\"@id\":\"https:\/\/nordicpadel.com\/sv\/#website\"},\"primaryImageOfPage\":{\"@id\":\"https:\/\/nordicpadel.com\/sv\/product\/prince-jet-v2\/#primaryimage\"},\"image\":{\"@id\":\"https:\/\/nordicpadel.com\/sv\/product\/prince-jet-v2\/#primaryimage\"},\"thumbnailUrl\":\"https:\/\/nordicpadel.com\/sv\/wp-content\/uploads\/sites\/10\/2025\/11\/94a4f38525697350f9e7377ff748caf0.png\",\"datePublished\":\"2025-11-26T17:19:14+00:00\",\"dateModified\":\"2025-11-27T16:15:09+00:00\",\"breadcrumb\":{\"@id\":\"https:\/\/nordicpadel.com\/sv\/product\/prince-jet-v2\/#breadcrumb\"},\"inLanguage\":\"sv-SE\",\"potentialAction\":[{\"@type\":\"ReadAction\",\"target\":[\"https:\/\/nordicpadel.com\/sv\/product\/prince-jet-v2\/\"]}]},{\"@type\":\"ImageObject\",\"inLanguage\":\"sv-SE\",\"@id\":\"https:\/\/nordicpadel.com\/sv\/product\/prince-jet-v2\/#primaryimage\",\"url\":\"https:\/\/nordicpadel.com\/sv\/wp-content\/uploads\/sites\/10\/2025\/11\/94a4f38525697350f9e7377ff748caf0.png\",\"contentUrl\":\"https:\/\/nordicpadel.com\/sv\/wp-content\/uploads\/sites\/10\/2025\/11\/94a4f38525697350f9e7377ff748caf0.png\",\"width\":800,\"height\":800,\"caption\":\"PRINCE Jet V2\"},{\"@type\":\"BreadcrumbList\",\"@id\":\"https:\/\/nordicpadel.com\/sv\/product\/prince-jet-v2\/#breadcrumb\",\"itemListElement\":[{\"@type\":\"ListItem\",\"position\":1,\"name\":\"Hem\",\"item\":\"https:\/\/nordicpadel.com\/sv\/\"},{\"@type\":\"ListItem\",\"position\":2,\"name\":\"Shop\",\"item\":\"https:\/\/nordicpadel.com\/sv\/shop\/\"},{\"@type\":\"ListItem\",\"position\":3,\"name\":\"PRINCE Jet V2\"}]},{\"@type\":\"WebSite\",\"@id\":\"https:\/\/nordicpadel.com\/sv\/#website\",\"url\":\"https:\/\/nordicpadel.com\/sv\/\",\"name\":\"Nordic Padel\",\"description\":\"\",\"publisher\":{\"@id\":\"https:\/\/nordicpadel.com\/sv\/#organization\"},\"potentialAction\":[{\"@type\":\"SearchAction\",\"target\":{\"@type\":\"EntryPoint\",\"urlTemplate\":\"https:\/\/nordicpadel.com\/sv\/?s={search_term_string}\"},\"query-input\":\"required name=search_term_string\"}],\"inLanguage\":\"sv-SE\"},{\"@type\":\"Organization\",\"@id\":\"https:\/\/nordicpadel.com\/sv\/#organization\",\"name\":\"Nordic Padel\",\"url\":\"https:\/\/nordicpadel.com\/sv\/\",\"logo\":{\"@type\":\"ImageObject\",\"inLanguage\":\"sv-SE\",\"@id\":\"https:\/\/nordicpadel.com\/sv\/#\/schema\/logo\/image\/\",\"url\":\"https:\/\/nordicpadel.com\/sv\/wp-content\/uploads\/sites\/10\/2022\/12\/Nordic-Padel-small_1-1.png\",\"contentUrl\":\"https:\/\/nordicpadel.com\/sv\/wp-content\/uploads\/sites\/10\/2022\/12\/Nordic-Padel-small_1-1.png\",\"width\":400,\"height\":119,\"caption\":\"Nordic Padel\"},\"image\":{\"@id\":\"https:\/\/nordicpadel.com\/sv\/#\/schema\/logo\/image\/\"}}]}<\/script>\n<!-- \/ Yoast SEO plugin. -->","yoast_head_json":{"title":"PRINCE Jet V2 - Nordic Padel","robots":{"index":"index","follow":"follow","max-snippet":"max-snippet:-1","max-image-preview":"max-image-preview:large","max-video-preview":"max-video-preview:-1"},"canonical":"https:\/\/nordicpadel.com\/sv\/product\/prince-jet-v2\/","og_locale":"sv_SE","og_type":"article","og_title":"PRINCE Jet V2 - Nordic Padel","og_description":"Ett riktigt fint och p\u00e5kostat padelracket fr\u00e5n Prince som v\u00e4nder sig till den offensiva padelspelaren som spelar mycket p\u00e5 kraft och fart. Racket \u00e4r diamantformat, vilket st\u00e4ller h\u00f6gre kvar p\u00e5 spelaren. Diamantformade racketar har generellt sett mindre sweetspot och blir s\u00e5ledes mer sv\u00e5rspelade men erbjuder ordentligt med fart i slaget d\u00e5 spelaren kommer r\u00e4tt i [&hellip;]","og_url":"https:\/\/nordicpadel.com\/sv\/product\/prince-jet-v2\/","og_site_name":"Nordic Padel","article_modified_time":"2025-11-27T16:15:09+00:00","og_image":[{"width":800,"height":800,"url":"https:\/\/nordicpadel.com\/sv\/wp-content\/uploads\/sites\/10\/2025\/11\/94a4f38525697350f9e7377ff748caf0.png","type":"image\/png"}],"twitter_card":"summary_large_image","twitter_misc":{"Ber\u00e4knad l\u00e4stid":"2 minuter"},"schema":{"@context":"https:\/\/schema.org","@graph":[{"@type":"WebPage","@id":"https:\/\/nordicpadel.com\/sv\/product\/prince-jet-v2\/","url":"https:\/\/nordicpadel.com\/sv\/product\/prince-jet-v2\/","name":"PRINCE Jet V2 - Nordic Padel","isPartOf":{"@id":"https:\/\/nordicpadel.com\/sv\/#website"},"primaryImageOfPage":{"@id":"https:\/\/nordicpadel.com\/sv\/product\/prince-jet-v2\/#primaryimage"},"image":{"@id":"https:\/\/nordicpadel.com\/sv\/product\/prince-jet-v2\/#primaryimage"},"thumbnailUrl":"https:\/\/nordicpadel.com\/sv\/wp-content\/uploads\/sites\/10\/2025\/11\/94a4f38525697350f9e7377ff748caf0.png","datePublished":"2025-11-26T17:19:14+00:00","dateModified":"2025-11-27T16:15:09+00:00","breadcrumb":{"@id":"https:\/\/nordicpadel.com\/sv\/product\/prince-jet-v2\/#breadcrumb"},"inLanguage":"sv-SE","potentialAction":[{"@type":"ReadAction","target":["https:\/\/nordicpadel.com\/sv\/product\/prince-jet-v2\/"]}]},{"@type":"ImageObject","inLanguage":"sv-SE","@id":"https:\/\/nordicpadel.com\/sv\/product\/prince-jet-v2\/#primaryimage","url":"https:\/\/nordicpadel.com\/sv\/wp-content\/uploads\/sites\/10\/2025\/11\/94a4f38525697350f9e7377ff748caf0.png","contentUrl":"https:\/\/nordicpadel.com\/sv\/wp-content\/uploads\/sites\/10\/2025\/11\/94a4f38525697350f9e7377ff748caf0.png","width":800,"height":800,"caption":"PRINCE Jet V2"},{"@type":"BreadcrumbList","@id":"https:\/\/nordicpadel.com\/sv\/product\/prince-jet-v2\/#breadcrumb","itemListElement":[{"@type":"ListItem","position":1,"name":"Hem","item":"https:\/\/nordicpadel.com\/sv\/"},{"@type":"ListItem","position":2,"name":"Shop","item":"https:\/\/nordicpadel.com\/sv\/shop\/"},{"@type":"ListItem","position":3,"name":"PRINCE Jet V2"}]},{"@type":"WebSite","@id":"https:\/\/nordicpadel.com\/sv\/#website","url":"https:\/\/nordicpadel.com\/sv\/","name":"Nordic Padel","description":"","publisher":{"@id":"https:\/\/nordicpadel.com\/sv\/#organization"},"potentialAction":[{"@type":"SearchAction","target":{"@type":"EntryPoint","urlTemplate":"https:\/\/nordicpadel.com\/sv\/?s={search_term_string}"},"query-input":"required name=search_term_string"}],"inLanguage":"sv-SE"},{"@type":"Organization","@id":"https:\/\/nordicpadel.com\/sv\/#organization","name":"Nordic Padel","url":"https:\/\/nordicpadel.com\/sv\/","logo":{"@type":"ImageObject","inLanguage":"sv-SE","@id":"https:\/\/nordicpadel.com\/sv\/#\/schema\/logo\/image\/","url":"https:\/\/nordicpadel.com\/sv\/wp-content\/uploads\/sites\/10\/2022\/12\/Nordic-Padel-small_1-1.png","contentUrl":"https:\/\/nordicpadel.com\/sv\/wp-content\/uploads\/sites\/10\/2022\/12\/Nordic-Padel-small_1-1.png","width":400,"height":119,"caption":"Nordic Padel"},"image":{"@id":"https:\/\/nordicpadel.com\/sv\/#\/schema\/logo\/image\/"}}]}},"brands":[],"_links":{"self":[{"href":"https:\/\/nordicpadel.com\/sv\/wp-json\/wp\/v2\/product\/89646","targetHints":{"allow":["GET"]}}],"collection":[{"href":"https:\/\/nordicpadel.com\/sv\/wp-json\/wp\/v2\/product"}],"about":[{"href":"https:\/\/nordicpadel.com\/sv\/wp-json\/wp\/v2\/types\/product"}],"replies":[{"embeddable":true,"href":"https:\/\/nordicpadel.com\/sv\/wp-json\/wp\/v2\/comments?post=89646"}],"wp:featuredmedia":[{"embeddable":true,"href":"https:\/\/nordicpadel.com\/sv\/wp-json\/wp\/v2\/media\/89645"}],"wp:attachment":[{"href":"https:\/\/nordicpadel.com\/sv\/wp-json\/wp\/v2\/media?parent=89646"}],"wp:term":[{"taxonomy":"pwb-brand","embeddable":true,"href":"https:\/\/nordicpadel.com\/sv\/wp-json\/wp\/v2\/pwb-brand?post=89646"},{"taxonomy":"product_cat","embeddable":true,"href":"https:\/\/nordicpadel.com\/sv\/wp-json\/wp\/v2\/product_cat?post=89646"},{"taxonomy":"product_tag","embeddable":true,"href":"https:\/\/nordicpadel.com\/sv\/wp-json\/wp\/v2\/product_tag?post=89646"},{"taxonomy":"woo-feed-brand","embeddable":true,"href":"https:\/\/nordicpadel.com\/sv\/wp-json\/wp\/v2\/woo-feed-brand?post=89646"}],"curies":[{"name":"wp","href":"https:\/\/api.w.org\/{rel}","templated":true}]}}