{"id":89642,"date":"2025-11-26T18:19:05","date_gmt":"2025-11-26T17:19:05","guid":{"rendered":"https:\/\/nordicpadel.com\/sv\/product\/prince-phantom-v2\/"},"modified":"2025-11-27T17:02:42","modified_gmt":"2025-11-27T16:02:42","slug":"prince-phantom-v2","status":"publish","type":"product","link":"https:\/\/nordicpadel.com\/sv\/product\/prince-phantom-v2\/","title":{"rendered":"PRINCE Phantom V2"},"content":{"rendered":"<p>Phantom V2 \u00e4r ett nytt p\u00e5kostat <a href=\"https:\/\/nordicpadel.com\/sv\/product-category\/padelracket\/\">padelracket<\/a> fr\u00e5n Prince. Slagytan \u00e4r tillverkad p\u00e5 100% kolfiber vilket bidrar till en v\u00e4ldigt solid och trevlig tr\u00e4ffk\u00e4nsla. K\u00e4rnan \u00e4r gjord av EVA Black vilket \u00e4r en mediumh\u00e5rd k\u00e4rna. Detta i kombination med den styvare slagytan g\u00f6r att detta racket svarar med bra och fin kontroll i det lugna spelet men svarar f\u00f6rv\u00e5nansv\u00e4rt bra \u00e4ven i det offensiva spelet d\u00e5 du v\u00e4l trycker p\u00e5.<\/p>\n<p>Den runda formen g\u00f6r att racketen har en stor sweetspot s\u00e5 att \u00e4ven tr\u00e4ffar lite l\u00e4ngre ut mot ramen levererar bra fart och k\u00e4nsla i slaget.<\/p>\n<p>Racketen har de senaste teknologierna fr\u00e5n Prince d\u00e4r n\u00e5gra listas nedan:<\/p>\n<p>AHS &#8211; \u00e4r ett vibrationssystem som \u00e4r inbyggt i handtaget f\u00f6r att reducera vibrationer vid bolltr\u00e4ff.<\/p>\n<p>Shot Spin Technology &#8211; inneb\u00e4r struktur p\u00e5 ytan vilket ger mer effekt vid t.ex. kickade smashar.<\/p>\n<p>Vi rekommenderar detta <a href=\"https:\/\/nordicpadel.com\/sv\/product-category\/padelracket\/\">padelracket<\/a> till en bred m\u00e5lgrupp spelare som s\u00f6ker ett p\u00e5kostat och estetiskt l\u00e4ckert <a href=\"https:\/\/nordicpadel.com\/sv\/product-category\/padelracket\/\">padelracket<\/a> med fokus p\u00e5 kontroll.<\/p>\n","protected":false},"excerpt":{"rendered":"<p>Phantom V2 \u00e4r ett nytt p\u00e5kostat padelracket fr\u00e5n Prince. Slagytan \u00e4r tillverkad p\u00e5 100% kolfiber vilket bidrar till en v\u00e4ldigt solid och trevlig tr\u00e4ffk\u00e4nsla. K\u00e4rnan \u00e4r gjord av EVA Black vilket \u00e4r en mediumh\u00e5rd k\u00e4rna. Detta i kombination med den styvare slagytan g\u00f6r att detta racket svarar med bra och fin kontroll i det lugna [&hellip;]<\/p>\n","protected":false},"featured_media":89641,"comment_status":"open","ping_status":"closed","template":"","meta":[],"pwb-brand":[],"product_cat":[16],"product_tag":[],"woo-feed-brand":[],"class_list":{"0":"post-89642","1":"product","2":"type-product","3":"status-publish","4":"has-post-thumbnail","6":"product_cat-padelracket","7":"pa_varumarke-prince","9":"first","10":"outofstock","11":"sale","12":"taxable","13":"shipping-taxable","14":"purchasable","15":"product-type-simple"},"bundled_by":[],"bundle_stock_status":"outofstock","bundle_stock_quantity":0,"bundle_virtual":false,"bundle_layout":"","bundle_add_to_cart_form_location":"","bundle_editable_in_cart":false,"bundle_sold_individually_context":"","bundle_item_grouping":"","bundle_min_size":"","bundle_max_size":"","bundled_items":[],"bundle_sell_ids":[],"acf":[],"yoast_head":"<!-- This site is optimized with the Yoast SEO plugin v23.1 - https:\/\/yoast.com\/wordpress\/plugins\/seo\/ -->\n<title>PRINCE Phantom V2 - Nordic Padel<\/title>\n<meta name=\"robots\" content=\"index, follow, max-snippet:-1, max-image-preview:large, max-video-preview:-1\" \/>\n<link rel=\"canonical\" href=\"https:\/\/nordicpadel.com\/sv\/product\/prince-phantom-v2\/\" \/>\n<meta property=\"og:locale\" content=\"sv_SE\" \/>\n<meta property=\"og:type\" content=\"article\" \/>\n<meta property=\"og:title\" content=\"PRINCE Phantom V2 - Nordic Padel\" \/>\n<meta property=\"og:description\" content=\"Phantom V2 \u00e4r ett nytt p\u00e5kostat padelracket fr\u00e5n Prince. Slagytan \u00e4r tillverkad p\u00e5 100% kolfiber vilket bidrar till en v\u00e4ldigt solid och trevlig tr\u00e4ffk\u00e4nsla. K\u00e4rnan \u00e4r gjord av EVA Black vilket \u00e4r en mediumh\u00e5rd k\u00e4rna. Detta i kombination med den styvare slagytan g\u00f6r att detta racket svarar med bra och fin kontroll i det lugna [&hellip;]\" \/>\n<meta property=\"og:url\" content=\"https:\/\/nordicpadel.com\/sv\/product\/prince-phantom-v2\/\" \/>\n<meta property=\"og:site_name\" content=\"Nordic Padel\" \/>\n<meta property=\"article:modified_time\" content=\"2025-11-27T16:02:42+00:00\" \/>\n<meta property=\"og:image\" content=\"https:\/\/nordicpadel.com\/sv\/wp-content\/uploads\/sites\/10\/2025\/11\/673c396aca317b762b1534197cae676a.png\" \/>\n\t<meta property=\"og:image:width\" content=\"800\" \/>\n\t<meta property=\"og:image:height\" content=\"800\" \/>\n\t<meta property=\"og:image:type\" content=\"image\/png\" \/>\n<meta name=\"twitter:card\" content=\"summary_large_image\" \/>\n<meta name=\"twitter:label1\" content=\"Ber\u00e4knad l\u00e4stid\" \/>\n\t<meta name=\"twitter:data1\" content=\"1 minut\" \/>\n<script type=\"application\/ld+json\" class=\"yoast-schema-graph\">{\"@context\":\"https:\/\/schema.org\",\"@graph\":[{\"@type\":\"WebPage\",\"@id\":\"https:\/\/nordicpadel.com\/sv\/product\/prince-phantom-v2\/\",\"url\":\"https:\/\/nordicpadel.com\/sv\/product\/prince-phantom-v2\/\",\"name\":\"PRINCE Phantom V2 - Nordic Padel\",\"isPartOf\":{\"@id\":\"https:\/\/nordicpadel.com\/sv\/#website\"},\"primaryImageOfPage\":{\"@id\":\"https:\/\/nordicpadel.com\/sv\/product\/prince-phantom-v2\/#primaryimage\"},\"image\":{\"@id\":\"https:\/\/nordicpadel.com\/sv\/product\/prince-phantom-v2\/#primaryimage\"},\"thumbnailUrl\":\"https:\/\/nordicpadel.com\/sv\/wp-content\/uploads\/sites\/10\/2025\/11\/673c396aca317b762b1534197cae676a.png\",\"datePublished\":\"2025-11-26T17:19:05+00:00\",\"dateModified\":\"2025-11-27T16:02:42+00:00\",\"breadcrumb\":{\"@id\":\"https:\/\/nordicpadel.com\/sv\/product\/prince-phantom-v2\/#breadcrumb\"},\"inLanguage\":\"sv-SE\",\"potentialAction\":[{\"@type\":\"ReadAction\",\"target\":[\"https:\/\/nordicpadel.com\/sv\/product\/prince-phantom-v2\/\"]}]},{\"@type\":\"ImageObject\",\"inLanguage\":\"sv-SE\",\"@id\":\"https:\/\/nordicpadel.com\/sv\/product\/prince-phantom-v2\/#primaryimage\",\"url\":\"https:\/\/nordicpadel.com\/sv\/wp-content\/uploads\/sites\/10\/2025\/11\/673c396aca317b762b1534197cae676a.png\",\"contentUrl\":\"https:\/\/nordicpadel.com\/sv\/wp-content\/uploads\/sites\/10\/2025\/11\/673c396aca317b762b1534197cae676a.png\",\"width\":800,\"height\":800,\"caption\":\"PRINCE Phantom V2\"},{\"@type\":\"BreadcrumbList\",\"@id\":\"https:\/\/nordicpadel.com\/sv\/product\/prince-phantom-v2\/#breadcrumb\",\"itemListElement\":[{\"@type\":\"ListItem\",\"position\":1,\"name\":\"Hem\",\"item\":\"https:\/\/nordicpadel.com\/sv\/\"},{\"@type\":\"ListItem\",\"position\":2,\"name\":\"Shop\",\"item\":\"https:\/\/nordicpadel.com\/sv\/shop\/\"},{\"@type\":\"ListItem\",\"position\":3,\"name\":\"PRINCE Phantom V2\"}]},{\"@type\":\"WebSite\",\"@id\":\"https:\/\/nordicpadel.com\/sv\/#website\",\"url\":\"https:\/\/nordicpadel.com\/sv\/\",\"name\":\"Nordic Padel\",\"description\":\"\",\"publisher\":{\"@id\":\"https:\/\/nordicpadel.com\/sv\/#organization\"},\"potentialAction\":[{\"@type\":\"SearchAction\",\"target\":{\"@type\":\"EntryPoint\",\"urlTemplate\":\"https:\/\/nordicpadel.com\/sv\/?s={search_term_string}\"},\"query-input\":\"required name=search_term_string\"}],\"inLanguage\":\"sv-SE\"},{\"@type\":\"Organization\",\"@id\":\"https:\/\/nordicpadel.com\/sv\/#organization\",\"name\":\"Nordic Padel\",\"url\":\"https:\/\/nordicpadel.com\/sv\/\",\"logo\":{\"@type\":\"ImageObject\",\"inLanguage\":\"sv-SE\",\"@id\":\"https:\/\/nordicpadel.com\/sv\/#\/schema\/logo\/image\/\",\"url\":\"https:\/\/nordicpadel.com\/sv\/wp-content\/uploads\/sites\/10\/2022\/12\/Nordic-Padel-small_1-1.png\",\"contentUrl\":\"https:\/\/nordicpadel.com\/sv\/wp-content\/uploads\/sites\/10\/2022\/12\/Nordic-Padel-small_1-1.png\",\"width\":400,\"height\":119,\"caption\":\"Nordic Padel\"},\"image\":{\"@id\":\"https:\/\/nordicpadel.com\/sv\/#\/schema\/logo\/image\/\"}}]}<\/script>\n<!-- \/ Yoast SEO plugin. -->","yoast_head_json":{"title":"PRINCE Phantom V2 - Nordic Padel","robots":{"index":"index","follow":"follow","max-snippet":"max-snippet:-1","max-image-preview":"max-image-preview:large","max-video-preview":"max-video-preview:-1"},"canonical":"https:\/\/nordicpadel.com\/sv\/product\/prince-phantom-v2\/","og_locale":"sv_SE","og_type":"article","og_title":"PRINCE Phantom V2 - Nordic Padel","og_description":"Phantom V2 \u00e4r ett nytt p\u00e5kostat padelracket fr\u00e5n Prince. Slagytan \u00e4r tillverkad p\u00e5 100% kolfiber vilket bidrar till en v\u00e4ldigt solid och trevlig tr\u00e4ffk\u00e4nsla. K\u00e4rnan \u00e4r gjord av EVA Black vilket \u00e4r en mediumh\u00e5rd k\u00e4rna. Detta i kombination med den styvare slagytan g\u00f6r att detta racket svarar med bra och fin kontroll i det lugna [&hellip;]","og_url":"https:\/\/nordicpadel.com\/sv\/product\/prince-phantom-v2\/","og_site_name":"Nordic Padel","article_modified_time":"2025-11-27T16:02:42+00:00","og_image":[{"width":800,"height":800,"url":"https:\/\/nordicpadel.com\/sv\/wp-content\/uploads\/sites\/10\/2025\/11\/673c396aca317b762b1534197cae676a.png","type":"image\/png"}],"twitter_card":"summary_large_image","twitter_misc":{"Ber\u00e4knad l\u00e4stid":"1 minut"},"schema":{"@context":"https:\/\/schema.org","@graph":[{"@type":"WebPage","@id":"https:\/\/nordicpadel.com\/sv\/product\/prince-phantom-v2\/","url":"https:\/\/nordicpadel.com\/sv\/product\/prince-phantom-v2\/","name":"PRINCE Phantom V2 - Nordic Padel","isPartOf":{"@id":"https:\/\/nordicpadel.com\/sv\/#website"},"primaryImageOfPage":{"@id":"https:\/\/nordicpadel.com\/sv\/product\/prince-phantom-v2\/#primaryimage"},"image":{"@id":"https:\/\/nordicpadel.com\/sv\/product\/prince-phantom-v2\/#primaryimage"},"thumbnailUrl":"https:\/\/nordicpadel.com\/sv\/wp-content\/uploads\/sites\/10\/2025\/11\/673c396aca317b762b1534197cae676a.png","datePublished":"2025-11-26T17:19:05+00:00","dateModified":"2025-11-27T16:02:42+00:00","breadcrumb":{"@id":"https:\/\/nordicpadel.com\/sv\/product\/prince-phantom-v2\/#breadcrumb"},"inLanguage":"sv-SE","potentialAction":[{"@type":"ReadAction","target":["https:\/\/nordicpadel.com\/sv\/product\/prince-phantom-v2\/"]}]},{"@type":"ImageObject","inLanguage":"sv-SE","@id":"https:\/\/nordicpadel.com\/sv\/product\/prince-phantom-v2\/#primaryimage","url":"https:\/\/nordicpadel.com\/sv\/wp-content\/uploads\/sites\/10\/2025\/11\/673c396aca317b762b1534197cae676a.png","contentUrl":"https:\/\/nordicpadel.com\/sv\/wp-content\/uploads\/sites\/10\/2025\/11\/673c396aca317b762b1534197cae676a.png","width":800,"height":800,"caption":"PRINCE Phantom V2"},{"@type":"BreadcrumbList","@id":"https:\/\/nordicpadel.com\/sv\/product\/prince-phantom-v2\/#breadcrumb","itemListElement":[{"@type":"ListItem","position":1,"name":"Hem","item":"https:\/\/nordicpadel.com\/sv\/"},{"@type":"ListItem","position":2,"name":"Shop","item":"https:\/\/nordicpadel.com\/sv\/shop\/"},{"@type":"ListItem","position":3,"name":"PRINCE Phantom V2"}]},{"@type":"WebSite","@id":"https:\/\/nordicpadel.com\/sv\/#website","url":"https:\/\/nordicpadel.com\/sv\/","name":"Nordic Padel","description":"","publisher":{"@id":"https:\/\/nordicpadel.com\/sv\/#organization"},"potentialAction":[{"@type":"SearchAction","target":{"@type":"EntryPoint","urlTemplate":"https:\/\/nordicpadel.com\/sv\/?s={search_term_string}"},"query-input":"required name=search_term_string"}],"inLanguage":"sv-SE"},{"@type":"Organization","@id":"https:\/\/nordicpadel.com\/sv\/#organization","name":"Nordic Padel","url":"https:\/\/nordicpadel.com\/sv\/","logo":{"@type":"ImageObject","inLanguage":"sv-SE","@id":"https:\/\/nordicpadel.com\/sv\/#\/schema\/logo\/image\/","url":"https:\/\/nordicpadel.com\/sv\/wp-content\/uploads\/sites\/10\/2022\/12\/Nordic-Padel-small_1-1.png","contentUrl":"https:\/\/nordicpadel.com\/sv\/wp-content\/uploads\/sites\/10\/2022\/12\/Nordic-Padel-small_1-1.png","width":400,"height":119,"caption":"Nordic Padel"},"image":{"@id":"https:\/\/nordicpadel.com\/sv\/#\/schema\/logo\/image\/"}}]}},"brands":[],"_links":{"self":[{"href":"https:\/\/nordicpadel.com\/sv\/wp-json\/wp\/v2\/product\/89642","targetHints":{"allow":["GET"]}}],"collection":[{"href":"https:\/\/nordicpadel.com\/sv\/wp-json\/wp\/v2\/product"}],"about":[{"href":"https:\/\/nordicpadel.com\/sv\/wp-json\/wp\/v2\/types\/product"}],"replies":[{"embeddable":true,"href":"https:\/\/nordicpadel.com\/sv\/wp-json\/wp\/v2\/comments?post=89642"}],"wp:featuredmedia":[{"embeddable":true,"href":"https:\/\/nordicpadel.com\/sv\/wp-json\/wp\/v2\/media\/89641"}],"wp:attachment":[{"href":"https:\/\/nordicpadel.com\/sv\/wp-json\/wp\/v2\/media?parent=89642"}],"wp:term":[{"taxonomy":"pwb-brand","embeddable":true,"href":"https:\/\/nordicpadel.com\/sv\/wp-json\/wp\/v2\/pwb-brand?post=89642"},{"taxonomy":"product_cat","embeddable":true,"href":"https:\/\/nordicpadel.com\/sv\/wp-json\/wp\/v2\/product_cat?post=89642"},{"taxonomy":"product_tag","embeddable":true,"href":"https:\/\/nordicpadel.com\/sv\/wp-json\/wp\/v2\/product_tag?post=89642"},{"taxonomy":"woo-feed-brand","embeddable":true,"href":"https:\/\/nordicpadel.com\/sv\/wp-json\/wp\/v2\/woo-feed-brand?post=89642"}],"curies":[{"name":"wp","href":"https:\/\/api.w.org\/{rel}","templated":true}]}}