{"id":89634,"date":"2025-11-26T18:18:48","date_gmt":"2025-11-26T17:18:48","guid":{"rendered":"https:\/\/nordicpadel.com\/sv\/product\/babolat-jet-premura-2-2\/"},"modified":"2026-01-19T00:38:08","modified_gmt":"2026-01-18T23:38:08","slug":"babolat-jet-premura-2-2","status":"publish","type":"product","link":"https:\/\/nordicpadel.com\/sv\/product\/babolat-jet-premura-2-2\/","title":{"rendered":"Babolat Jet Premura 2"},"content":{"rendered":"<p>Babolat tar \u00e4nnu en g\u00e5ng ett kliv g\u00e4llande utveckling av &lt;a href=&quot;https:\/\/nordicpadel.com\/sv\/product-category\/<a href=\"https:\/\/nordicpadel.com\/sv\/product-category\/padelskor\/herr\/\">padelsko<\/a>r\/&#8221;&gt;<a href=\"https:\/\/nordicpadel.com\/sv\/product-category\/padelskor\/herr\/\">padelsko<\/a>r<\/a> och g\u00f6r det b\u00e4sta \u00e4nnu b\u00e4ttre. Med nya Jet Premura 2 beh\u00e5ller Babolat allt som gjorde dess f\u00f6reg\u00e5ngare s\u00e5 popul\u00e4r och adderar ny teknologi som resulterar i det b\u00e4sta som padelmarknaden kan erbjuda.<br id=\"isPasted\"><br \/>Otroligt l\u00e4tt &#8211; Utan att kompromissa med vare sig support eller komfort s\u00e5 \u00e4r denna sko \u00e4nnu l\u00e4ttare \u00e4n tidigare (-13g). Ovansidan \u00e4r tillverkad av den senaste Matryx Evo-teknologin som ger ett mycket slitt\u00e5ligt material, fj\u00e4derl\u00e4tt vikt och sk\u00f6nt omslutande kring foten.<\/p>\n<p>\u00d6verl\u00e4gsen andning &#8211; Att transportera bort v\u00e4rme och fukt fr\u00e5n skons insida \u00e4r av stor vikt f\u00f6r dina f\u00f6tters komfort. Nya Jet Premura 2 har en unik design d\u00e4r b\u00e5da sidor har ett stort transparent andningsf\u00f6nster som leder bort svetten p\u00e5 ett \u00f6verl\u00e4gset s\u00e4tt. Undersulans mittdel \u00e4r perforerad f\u00f6r att ytterligare \u00f6ka luftgenomstr\u00f6mningen. Dina f\u00f6tter kommer att m\u00e5 b\u00e4ttre och du kan fokusera mer p\u00e5 spelet.<\/p>\n<p>Perfekt grepp &amp; slitt\u00e5lig &#8211; Undersulan p\u00e5 skon har \u00e4nnu en g\u00e5ng utvecklats och f\u00f6rb\u00e4ttrats av Babolats samarbetspartner Michelin, experter p\u00e5 gummitillverkning till bland annat bild\u00e4ck, f\u00f6r att erbjuda den ideala kombinationen av d\u00e4mpning, r\u00f6rlighet och h\u00e5llbarhet.<br \/>F\u00f6r att ge allra b\u00e4st grepp har Babolat kombinerat sm\u00e5 dubbar med ett sicksackm\u00f6nster vilket greppar tack i b\u00e5de gr\u00e4s och sand p\u00e5 ett utm\u00e4rkt s\u00e4tt.<\/p>\n<p>F\u00f6ljsam och r\u00f6rlig. Den patenterade 360\u00b0 Flex-teknologin k\u00e4nns igen fr\u00e5n tidigare modeller d\u00e4r skons framdel \u00e4r extra flexibel och b\u00f6jbar f\u00f6r att f\u00f6lja det speciella r\u00f6relsem\u00f6nstret i padel utan att hindra dig.<\/p>\n<p>Komfort. Babolats egetutvecklade d\u00e4mpningssystem KPRS-X i h\u00e4len skyddar mot st\u00f6tar b\u00e5de under h\u00e4len men \u00e4ven allra l\u00e4ngst bak i h\u00e4lpartiet, den delen som s\u00e4tts i f\u00f6rst vid l\u00e4ngre steg.<\/p>\n<p>L\u00e4s g\u00e4rna v\u00e5r <a href=\"https:\/\/nordicpadel.com\/sv\/guide-padelskor\/\">skoguide<\/a> som inneh\u00e5ller tips samt en storleksguide f\u00f6r att hj\u00e4lpa dig hitta r\u00e4tt skor.<\/p>\n","protected":false},"excerpt":{"rendered":"<p>Babolat tar \u00e4nnu en g\u00e5ng ett kliv g\u00e4llande utveckling av &lt;a href=&quot;https:\/\/nordicpadel.com\/sv\/product-category\/padelskor\/&#8221;&gt;padelskor och g\u00f6r det b\u00e4sta \u00e4nnu b\u00e4ttre. Med nya Jet Premura 2 beh\u00e5ller Babolat allt som gjorde dess f\u00f6reg\u00e5ngare s\u00e5 popul\u00e4r och adderar ny teknologi som resulterar i det b\u00e4sta som padelmarknaden kan erbjuda.Otroligt l\u00e4tt &#8211; Utan att kompromissa med vare sig support eller [&hellip;]<\/p>\n","protected":false},"featured_media":89631,"comment_status":"open","ping_status":"closed","template":"","meta":[],"pwb-brand":[],"product_cat":[456,38],"product_tag":[],"woo-feed-brand":[],"class_list":{"0":"post-89634","1":"product","2":"type-product","3":"status-publish","4":"has-post-thumbnail","6":"product_cat-babolat","7":"product_cat-herr","8":"pa_varumarke-babolat","10":"first","11":"instock","12":"sale","13":"taxable","14":"shipping-taxable","15":"purchasable","16":"product-type-variable"},"bundled_by":[],"bundle_stock_status":"instock","bundle_stock_quantity":1,"bundle_virtual":false,"bundle_layout":"","bundle_add_to_cart_form_location":"","bundle_editable_in_cart":false,"bundle_sold_individually_context":"","bundle_item_grouping":"","bundle_min_size":"","bundle_max_size":"","bundled_items":[],"bundle_sell_ids":[],"acf":[],"yoast_head":"<!-- This site is optimized with the Yoast SEO plugin v23.1 - https:\/\/yoast.com\/wordpress\/plugins\/seo\/ -->\n<title>Babolat Jet Premura 2 - Nordic Padel<\/title>\n<meta name=\"robots\" content=\"index, follow, max-snippet:-1, max-image-preview:large, max-video-preview:-1\" \/>\n<link rel=\"canonical\" href=\"https:\/\/nordicpadel.com\/sv\/product\/babolat-jet-premura-2-2\/\" \/>\n<meta property=\"og:locale\" content=\"sv_SE\" \/>\n<meta property=\"og:type\" content=\"article\" \/>\n<meta property=\"og:title\" content=\"Babolat Jet Premura 2 - Nordic Padel\" \/>\n<meta property=\"og:description\" content=\"Babolat tar \u00e4nnu en g\u00e5ng ett kliv g\u00e4llande utveckling av &lt;a href=&quot;https:\/\/nordicpadel.com\/sv\/product-category\/padelskor\/&#8221;&gt;padelskor och g\u00f6r det b\u00e4sta \u00e4nnu b\u00e4ttre. Med nya Jet Premura 2 beh\u00e5ller Babolat allt som gjorde dess f\u00f6reg\u00e5ngare s\u00e5 popul\u00e4r och adderar ny teknologi som resulterar i det b\u00e4sta som padelmarknaden kan erbjuda.Otroligt l\u00e4tt &#8211; Utan att kompromissa med vare sig support eller [&hellip;]\" \/>\n<meta property=\"og:url\" content=\"https:\/\/nordicpadel.com\/sv\/product\/babolat-jet-premura-2-2\/\" \/>\n<meta property=\"og:site_name\" content=\"Nordic Padel\" \/>\n<meta property=\"article:modified_time\" content=\"2026-01-18T23:38:08+00:00\" \/>\n<meta property=\"og:image\" content=\"https:\/\/nordicpadel.com\/sv\/wp-content\/uploads\/sites\/10\/2025\/11\/42607f3c4822e69ccef15bf93453e362.png\" \/>\n\t<meta property=\"og:image:width\" content=\"800\" \/>\n\t<meta property=\"og:image:height\" content=\"800\" \/>\n\t<meta property=\"og:image:type\" content=\"image\/png\" \/>\n<meta name=\"twitter:card\" content=\"summary_large_image\" \/>\n<meta name=\"twitter:label1\" content=\"Ber\u00e4knad l\u00e4stid\" \/>\n\t<meta name=\"twitter:data1\" content=\"2 minuter\" \/>\n<script type=\"application\/ld+json\" class=\"yoast-schema-graph\">{\"@context\":\"https:\/\/schema.org\",\"@graph\":[{\"@type\":\"WebPage\",\"@id\":\"https:\/\/nordicpadel.com\/sv\/product\/babolat-jet-premura-2-2\/\",\"url\":\"https:\/\/nordicpadel.com\/sv\/product\/babolat-jet-premura-2-2\/\",\"name\":\"Babolat Jet Premura 2 - Nordic Padel\",\"isPartOf\":{\"@id\":\"https:\/\/nordicpadel.com\/sv\/#website\"},\"primaryImageOfPage\":{\"@id\":\"https:\/\/nordicpadel.com\/sv\/product\/babolat-jet-premura-2-2\/#primaryimage\"},\"image\":{\"@id\":\"https:\/\/nordicpadel.com\/sv\/product\/babolat-jet-premura-2-2\/#primaryimage\"},\"thumbnailUrl\":\"https:\/\/nordicpadel.com\/sv\/wp-content\/uploads\/sites\/10\/2025\/11\/42607f3c4822e69ccef15bf93453e362.png\",\"datePublished\":\"2025-11-26T17:18:48+00:00\",\"dateModified\":\"2026-01-18T23:38:08+00:00\",\"breadcrumb\":{\"@id\":\"https:\/\/nordicpadel.com\/sv\/product\/babolat-jet-premura-2-2\/#breadcrumb\"},\"inLanguage\":\"sv-SE\",\"potentialAction\":[{\"@type\":\"ReadAction\",\"target\":[\"https:\/\/nordicpadel.com\/sv\/product\/babolat-jet-premura-2-2\/\"]}]},{\"@type\":\"ImageObject\",\"inLanguage\":\"sv-SE\",\"@id\":\"https:\/\/nordicpadel.com\/sv\/product\/babolat-jet-premura-2-2\/#primaryimage\",\"url\":\"https:\/\/nordicpadel.com\/sv\/wp-content\/uploads\/sites\/10\/2025\/11\/42607f3c4822e69ccef15bf93453e362.png\",\"contentUrl\":\"https:\/\/nordicpadel.com\/sv\/wp-content\/uploads\/sites\/10\/2025\/11\/42607f3c4822e69ccef15bf93453e362.png\",\"width\":800,\"height\":800,\"caption\":\"Babolat Jet Premura 2\"},{\"@type\":\"BreadcrumbList\",\"@id\":\"https:\/\/nordicpadel.com\/sv\/product\/babolat-jet-premura-2-2\/#breadcrumb\",\"itemListElement\":[{\"@type\":\"ListItem\",\"position\":1,\"name\":\"Hem\",\"item\":\"https:\/\/nordicpadel.com\/sv\/\"},{\"@type\":\"ListItem\",\"position\":2,\"name\":\"Shop\",\"item\":\"https:\/\/nordicpadel.com\/sv\/shop\/\"},{\"@type\":\"ListItem\",\"position\":3,\"name\":\"Babolat Jet Premura 2\"}]},{\"@type\":\"WebSite\",\"@id\":\"https:\/\/nordicpadel.com\/sv\/#website\",\"url\":\"https:\/\/nordicpadel.com\/sv\/\",\"name\":\"Nordic Padel\",\"description\":\"\",\"publisher\":{\"@id\":\"https:\/\/nordicpadel.com\/sv\/#organization\"},\"potentialAction\":[{\"@type\":\"SearchAction\",\"target\":{\"@type\":\"EntryPoint\",\"urlTemplate\":\"https:\/\/nordicpadel.com\/sv\/?s={search_term_string}\"},\"query-input\":\"required name=search_term_string\"}],\"inLanguage\":\"sv-SE\"},{\"@type\":\"Organization\",\"@id\":\"https:\/\/nordicpadel.com\/sv\/#organization\",\"name\":\"Nordic Padel\",\"url\":\"https:\/\/nordicpadel.com\/sv\/\",\"logo\":{\"@type\":\"ImageObject\",\"inLanguage\":\"sv-SE\",\"@id\":\"https:\/\/nordicpadel.com\/sv\/#\/schema\/logo\/image\/\",\"url\":\"https:\/\/nordicpadel.com\/sv\/wp-content\/uploads\/sites\/10\/2022\/12\/Nordic-Padel-small_1-1.png\",\"contentUrl\":\"https:\/\/nordicpadel.com\/sv\/wp-content\/uploads\/sites\/10\/2022\/12\/Nordic-Padel-small_1-1.png\",\"width\":400,\"height\":119,\"caption\":\"Nordic Padel\"},\"image\":{\"@id\":\"https:\/\/nordicpadel.com\/sv\/#\/schema\/logo\/image\/\"}}]}<\/script>\n<!-- \/ Yoast SEO plugin. -->","yoast_head_json":{"title":"Babolat Jet Premura 2 - Nordic Padel","robots":{"index":"index","follow":"follow","max-snippet":"max-snippet:-1","max-image-preview":"max-image-preview:large","max-video-preview":"max-video-preview:-1"},"canonical":"https:\/\/nordicpadel.com\/sv\/product\/babolat-jet-premura-2-2\/","og_locale":"sv_SE","og_type":"article","og_title":"Babolat Jet Premura 2 - Nordic Padel","og_description":"Babolat tar \u00e4nnu en g\u00e5ng ett kliv g\u00e4llande utveckling av &lt;a href=&quot;https:\/\/nordicpadel.com\/sv\/product-category\/padelskor\/&#8221;&gt;padelskor och g\u00f6r det b\u00e4sta \u00e4nnu b\u00e4ttre. Med nya Jet Premura 2 beh\u00e5ller Babolat allt som gjorde dess f\u00f6reg\u00e5ngare s\u00e5 popul\u00e4r och adderar ny teknologi som resulterar i det b\u00e4sta som padelmarknaden kan erbjuda.Otroligt l\u00e4tt &#8211; Utan att kompromissa med vare sig support eller [&hellip;]","og_url":"https:\/\/nordicpadel.com\/sv\/product\/babolat-jet-premura-2-2\/","og_site_name":"Nordic Padel","article_modified_time":"2026-01-18T23:38:08+00:00","og_image":[{"width":800,"height":800,"url":"https:\/\/nordicpadel.com\/sv\/wp-content\/uploads\/sites\/10\/2025\/11\/42607f3c4822e69ccef15bf93453e362.png","type":"image\/png"}],"twitter_card":"summary_large_image","twitter_misc":{"Ber\u00e4knad l\u00e4stid":"2 minuter"},"schema":{"@context":"https:\/\/schema.org","@graph":[{"@type":"WebPage","@id":"https:\/\/nordicpadel.com\/sv\/product\/babolat-jet-premura-2-2\/","url":"https:\/\/nordicpadel.com\/sv\/product\/babolat-jet-premura-2-2\/","name":"Babolat Jet Premura 2 - Nordic Padel","isPartOf":{"@id":"https:\/\/nordicpadel.com\/sv\/#website"},"primaryImageOfPage":{"@id":"https:\/\/nordicpadel.com\/sv\/product\/babolat-jet-premura-2-2\/#primaryimage"},"image":{"@id":"https:\/\/nordicpadel.com\/sv\/product\/babolat-jet-premura-2-2\/#primaryimage"},"thumbnailUrl":"https:\/\/nordicpadel.com\/sv\/wp-content\/uploads\/sites\/10\/2025\/11\/42607f3c4822e69ccef15bf93453e362.png","datePublished":"2025-11-26T17:18:48+00:00","dateModified":"2026-01-18T23:38:08+00:00","breadcrumb":{"@id":"https:\/\/nordicpadel.com\/sv\/product\/babolat-jet-premura-2-2\/#breadcrumb"},"inLanguage":"sv-SE","potentialAction":[{"@type":"ReadAction","target":["https:\/\/nordicpadel.com\/sv\/product\/babolat-jet-premura-2-2\/"]}]},{"@type":"ImageObject","inLanguage":"sv-SE","@id":"https:\/\/nordicpadel.com\/sv\/product\/babolat-jet-premura-2-2\/#primaryimage","url":"https:\/\/nordicpadel.com\/sv\/wp-content\/uploads\/sites\/10\/2025\/11\/42607f3c4822e69ccef15bf93453e362.png","contentUrl":"https:\/\/nordicpadel.com\/sv\/wp-content\/uploads\/sites\/10\/2025\/11\/42607f3c4822e69ccef15bf93453e362.png","width":800,"height":800,"caption":"Babolat Jet Premura 2"},{"@type":"BreadcrumbList","@id":"https:\/\/nordicpadel.com\/sv\/product\/babolat-jet-premura-2-2\/#breadcrumb","itemListElement":[{"@type":"ListItem","position":1,"name":"Hem","item":"https:\/\/nordicpadel.com\/sv\/"},{"@type":"ListItem","position":2,"name":"Shop","item":"https:\/\/nordicpadel.com\/sv\/shop\/"},{"@type":"ListItem","position":3,"name":"Babolat Jet Premura 2"}]},{"@type":"WebSite","@id":"https:\/\/nordicpadel.com\/sv\/#website","url":"https:\/\/nordicpadel.com\/sv\/","name":"Nordic Padel","description":"","publisher":{"@id":"https:\/\/nordicpadel.com\/sv\/#organization"},"potentialAction":[{"@type":"SearchAction","target":{"@type":"EntryPoint","urlTemplate":"https:\/\/nordicpadel.com\/sv\/?s={search_term_string}"},"query-input":"required name=search_term_string"}],"inLanguage":"sv-SE"},{"@type":"Organization","@id":"https:\/\/nordicpadel.com\/sv\/#organization","name":"Nordic Padel","url":"https:\/\/nordicpadel.com\/sv\/","logo":{"@type":"ImageObject","inLanguage":"sv-SE","@id":"https:\/\/nordicpadel.com\/sv\/#\/schema\/logo\/image\/","url":"https:\/\/nordicpadel.com\/sv\/wp-content\/uploads\/sites\/10\/2022\/12\/Nordic-Padel-small_1-1.png","contentUrl":"https:\/\/nordicpadel.com\/sv\/wp-content\/uploads\/sites\/10\/2022\/12\/Nordic-Padel-small_1-1.png","width":400,"height":119,"caption":"Nordic Padel"},"image":{"@id":"https:\/\/nordicpadel.com\/sv\/#\/schema\/logo\/image\/"}}]}},"brands":[],"_links":{"self":[{"href":"https:\/\/nordicpadel.com\/sv\/wp-json\/wp\/v2\/product\/89634","targetHints":{"allow":["GET"]}}],"collection":[{"href":"https:\/\/nordicpadel.com\/sv\/wp-json\/wp\/v2\/product"}],"about":[{"href":"https:\/\/nordicpadel.com\/sv\/wp-json\/wp\/v2\/types\/product"}],"replies":[{"embeddable":true,"href":"https:\/\/nordicpadel.com\/sv\/wp-json\/wp\/v2\/comments?post=89634"}],"wp:featuredmedia":[{"embeddable":true,"href":"https:\/\/nordicpadel.com\/sv\/wp-json\/wp\/v2\/media\/89631"}],"wp:attachment":[{"href":"https:\/\/nordicpadel.com\/sv\/wp-json\/wp\/v2\/media?parent=89634"}],"wp:term":[{"taxonomy":"pwb-brand","embeddable":true,"href":"https:\/\/nordicpadel.com\/sv\/wp-json\/wp\/v2\/pwb-brand?post=89634"},{"taxonomy":"product_cat","embeddable":true,"href":"https:\/\/nordicpadel.com\/sv\/wp-json\/wp\/v2\/product_cat?post=89634"},{"taxonomy":"product_tag","embeddable":true,"href":"https:\/\/nordicpadel.com\/sv\/wp-json\/wp\/v2\/product_tag?post=89634"},{"taxonomy":"woo-feed-brand","embeddable":true,"href":"https:\/\/nordicpadel.com\/sv\/wp-json\/wp\/v2\/woo-feed-brand?post=89634"}],"curies":[{"name":"wp","href":"https:\/\/api.w.org\/{rel}","templated":true}]}}