{"id":89624,"date":"2025-11-26T18:17:58","date_gmt":"2025-11-26T17:17:58","guid":{"rendered":"https:\/\/nordicpadel.com\/sv\/product\/wilson-pro-staff-v2-lt\/"},"modified":"2025-11-26T22:06:33","modified_gmt":"2025-11-26T21:06:33","slug":"wilson-pro-staff-v2-lt","status":"publish","type":"product","link":"https:\/\/nordicpadel.com\/sv\/product\/wilson-pro-staff-v2-lt\/","title":{"rendered":"Wilson Pro Staff V2 LT"},"content":{"rendered":"<p>Nya Wilson Pro Staff LT \u00e4r ett otoligt efterl\u00e4ngtat av <a href=\"https:\/\/nordicpadel.com\/sv\/product-category\/padelracket\/\">padelracket<\/a> som ger spelaren mycket kontroll och k\u00e4nsla i spelet.<br id=\"isPasted\"><br \/>Pro Staff V2 LT har en rund utformning f\u00f6r att skapa en stor sweetspot, vilket i sin tur g\u00f6r att \u00e4ven tr\u00e4ffar lite l\u00e4ngre ut mot ramen levererar bra fart, kontroll och k\u00e4nsla. Racketen reducerar vibrationer vid bolltr\u00e4ff p\u00e5 ett mycket effektivt s\u00e4tt vilket bidrar till en h\u00e4rlig tr\u00e4ffk\u00e4nsla. Dessutom \u00e4r den ca 10 gram l\u00e4ttare \u00e4n vanliga Pro Staff, vilket g\u00f6r den \u00e4n mer skonsam och l\u00e4tthanterlig.<\/p>\n<p>Kombinationen av den runda utformningen och den l\u00e5ga balansen ger spelaren mycket kontrollerat spel med h\u00f6g precision. Den l\u00e5ga balansen g\u00f6r \u00e4ven racket mer l\u00e4ttman\u00f6vrerat s\u00e5 att spelaren snabbt kan n\u00e5 bollen oavsett position p\u00e5 banan.<\/p>\n<p>Handtaget p\u00e5 <a href=\"https:\/\/nordicpadel.com\/sv\/product-category\/padelracket\/\">padelracket<\/a> \u00e4r dessutom lite l\u00e4ngre, vilket ger stora f\u00f6rdelar till spelarna som gillar att att spela med dubbelfattade backhands.<\/p>\n<p>Racket slagyta \u00e4r tillverkad i kolfiber vilket g\u00f6r racketen v\u00e4ldigt solid och bidrar till en snabb respons vid bolltr\u00e4ff, speciellt i det offensiva spelet. Samtidigt \u00e5terfinns Soft EVA Foam i k\u00e4rnan, vilket \u00e4r en mjukare k\u00e4rna fr\u00e5n Wilson, som g\u00f6r det mer skonsamt och bidrar till en sk\u00f6n tr\u00e4ffk\u00e4nsla. Denna k\u00e4rna hj\u00e4lper ocks\u00e5 spelare som kanske inte har den perfekta tekNiken eller styrkan bakom att f\u00e5 fart p\u00e5 bollen.<\/p>\n<p>Dessutom har Wilson adderat extra vikt vid sidan av <a href=\"https:\/\/nordicpadel.com\/sv\/product-category\/padelracket\/\">padelracket<\/a> f\u00f6r att skapa en st\u00f6rre sweetspot och ge en mer vridstyv och stabil ram.<\/p>\n<p>Ytan har en knottrig struktur och f\u00f6r att ge maximal spinn har Wilson \u00e4ven anv\u00e4nt sig av Sharp Hole Technology, som inneb\u00e4r att h\u00e5len \u00e4r borrade p\u00e5 ett speciellt s\u00e4tt f\u00f6r att bidra till just mer spinn och grepp om bollen.<\/p><\/p>\n","protected":false},"excerpt":{"rendered":"<p>Nya Wilson Pro Staff LT \u00e4r ett otoligt efterl\u00e4ngtat av padelracket som ger spelaren mycket kontroll och k\u00e4nsla i spelet.Pro Staff V2 LT har en rund utformning f\u00f6r att skapa en stor sweetspot, vilket i sin tur g\u00f6r att \u00e4ven tr\u00e4ffar lite l\u00e4ngre ut mot ramen levererar bra fart, kontroll och k\u00e4nsla. Racketen reducerar vibrationer [&hellip;]<\/p>\n","protected":false},"featured_media":89622,"comment_status":"open","ping_status":"closed","template":"","meta":[],"pwb-brand":[],"product_cat":[461],"product_tag":[],"woo-feed-brand":[],"class_list":{"0":"post-89624","1":"product","2":"type-product","3":"status-publish","4":"has-post-thumbnail","6":"product_cat-wilson","7":"pa_varumarke-wilson","9":"first","10":"outofstock","11":"taxable","12":"shipping-taxable","13":"purchasable","14":"product-type-simple"},"bundled_by":[],"bundle_stock_status":"outofstock","bundle_stock_quantity":0,"bundle_virtual":false,"bundle_layout":"","bundle_add_to_cart_form_location":"","bundle_editable_in_cart":false,"bundle_sold_individually_context":"","bundle_item_grouping":"","bundle_min_size":"","bundle_max_size":"","bundled_items":[],"bundle_sell_ids":[],"acf":[],"yoast_head":"<!-- This site is optimized with the Yoast SEO plugin v23.1 - https:\/\/yoast.com\/wordpress\/plugins\/seo\/ -->\n<title>Wilson Pro Staff V2 LT - Nordic Padel<\/title>\n<meta name=\"robots\" content=\"index, follow, max-snippet:-1, max-image-preview:large, max-video-preview:-1\" \/>\n<link rel=\"canonical\" href=\"https:\/\/nordicpadel.com\/sv\/product\/wilson-pro-staff-v2-lt\/\" \/>\n<meta property=\"og:locale\" content=\"sv_SE\" \/>\n<meta property=\"og:type\" content=\"article\" \/>\n<meta property=\"og:title\" content=\"Wilson Pro Staff V2 LT - Nordic Padel\" \/>\n<meta property=\"og:description\" content=\"Nya Wilson Pro Staff LT \u00e4r ett otoligt efterl\u00e4ngtat av padelracket som ger spelaren mycket kontroll och k\u00e4nsla i spelet.Pro Staff V2 LT har en rund utformning f\u00f6r att skapa en stor sweetspot, vilket i sin tur g\u00f6r att \u00e4ven tr\u00e4ffar lite l\u00e4ngre ut mot ramen levererar bra fart, kontroll och k\u00e4nsla. Racketen reducerar vibrationer [&hellip;]\" \/>\n<meta property=\"og:url\" content=\"https:\/\/nordicpadel.com\/sv\/product\/wilson-pro-staff-v2-lt\/\" \/>\n<meta property=\"og:site_name\" content=\"Nordic Padel\" \/>\n<meta property=\"article:modified_time\" content=\"2025-11-26T21:06:33+00:00\" \/>\n<meta property=\"og:image\" content=\"https:\/\/nordicpadel.com\/sv\/wp-content\/uploads\/sites\/10\/2025\/11\/848c8f6300cca157c1c8261c20d29c2c.png\" \/>\n\t<meta property=\"og:image:width\" content=\"800\" \/>\n\t<meta property=\"og:image:height\" content=\"800\" \/>\n\t<meta property=\"og:image:type\" content=\"image\/png\" \/>\n<meta name=\"twitter:card\" content=\"summary_large_image\" \/>\n<meta name=\"twitter:label1\" content=\"Ber\u00e4knad l\u00e4stid\" \/>\n\t<meta name=\"twitter:data1\" content=\"2 minuter\" \/>\n<script type=\"application\/ld+json\" class=\"yoast-schema-graph\">{\"@context\":\"https:\/\/schema.org\",\"@graph\":[{\"@type\":\"WebPage\",\"@id\":\"https:\/\/nordicpadel.com\/sv\/product\/wilson-pro-staff-v2-lt\/\",\"url\":\"https:\/\/nordicpadel.com\/sv\/product\/wilson-pro-staff-v2-lt\/\",\"name\":\"Wilson Pro Staff V2 LT - Nordic Padel\",\"isPartOf\":{\"@id\":\"https:\/\/nordicpadel.com\/sv\/#website\"},\"primaryImageOfPage\":{\"@id\":\"https:\/\/nordicpadel.com\/sv\/product\/wilson-pro-staff-v2-lt\/#primaryimage\"},\"image\":{\"@id\":\"https:\/\/nordicpadel.com\/sv\/product\/wilson-pro-staff-v2-lt\/#primaryimage\"},\"thumbnailUrl\":\"https:\/\/nordicpadel.com\/sv\/wp-content\/uploads\/sites\/10\/2025\/11\/848c8f6300cca157c1c8261c20d29c2c.png\",\"datePublished\":\"2025-11-26T17:17:58+00:00\",\"dateModified\":\"2025-11-26T21:06:33+00:00\",\"breadcrumb\":{\"@id\":\"https:\/\/nordicpadel.com\/sv\/product\/wilson-pro-staff-v2-lt\/#breadcrumb\"},\"inLanguage\":\"sv-SE\",\"potentialAction\":[{\"@type\":\"ReadAction\",\"target\":[\"https:\/\/nordicpadel.com\/sv\/product\/wilson-pro-staff-v2-lt\/\"]}]},{\"@type\":\"ImageObject\",\"inLanguage\":\"sv-SE\",\"@id\":\"https:\/\/nordicpadel.com\/sv\/product\/wilson-pro-staff-v2-lt\/#primaryimage\",\"url\":\"https:\/\/nordicpadel.com\/sv\/wp-content\/uploads\/sites\/10\/2025\/11\/848c8f6300cca157c1c8261c20d29c2c.png\",\"contentUrl\":\"https:\/\/nordicpadel.com\/sv\/wp-content\/uploads\/sites\/10\/2025\/11\/848c8f6300cca157c1c8261c20d29c2c.png\",\"width\":800,\"height\":800,\"caption\":\"Wilson Pro Staff V2 LT\"},{\"@type\":\"BreadcrumbList\",\"@id\":\"https:\/\/nordicpadel.com\/sv\/product\/wilson-pro-staff-v2-lt\/#breadcrumb\",\"itemListElement\":[{\"@type\":\"ListItem\",\"position\":1,\"name\":\"Hem\",\"item\":\"https:\/\/nordicpadel.com\/sv\/\"},{\"@type\":\"ListItem\",\"position\":2,\"name\":\"Shop\",\"item\":\"https:\/\/nordicpadel.com\/sv\/shop\/\"},{\"@type\":\"ListItem\",\"position\":3,\"name\":\"Wilson Pro Staff V2 LT\"}]},{\"@type\":\"WebSite\",\"@id\":\"https:\/\/nordicpadel.com\/sv\/#website\",\"url\":\"https:\/\/nordicpadel.com\/sv\/\",\"name\":\"Nordic Padel\",\"description\":\"\",\"publisher\":{\"@id\":\"https:\/\/nordicpadel.com\/sv\/#organization\"},\"potentialAction\":[{\"@type\":\"SearchAction\",\"target\":{\"@type\":\"EntryPoint\",\"urlTemplate\":\"https:\/\/nordicpadel.com\/sv\/?s={search_term_string}\"},\"query-input\":\"required name=search_term_string\"}],\"inLanguage\":\"sv-SE\"},{\"@type\":\"Organization\",\"@id\":\"https:\/\/nordicpadel.com\/sv\/#organization\",\"name\":\"Nordic Padel\",\"url\":\"https:\/\/nordicpadel.com\/sv\/\",\"logo\":{\"@type\":\"ImageObject\",\"inLanguage\":\"sv-SE\",\"@id\":\"https:\/\/nordicpadel.com\/sv\/#\/schema\/logo\/image\/\",\"url\":\"https:\/\/nordicpadel.com\/sv\/wp-content\/uploads\/sites\/10\/2022\/12\/Nordic-Padel-small_1-1.png\",\"contentUrl\":\"https:\/\/nordicpadel.com\/sv\/wp-content\/uploads\/sites\/10\/2022\/12\/Nordic-Padel-small_1-1.png\",\"width\":400,\"height\":119,\"caption\":\"Nordic Padel\"},\"image\":{\"@id\":\"https:\/\/nordicpadel.com\/sv\/#\/schema\/logo\/image\/\"}}]}<\/script>\n<!-- \/ Yoast SEO plugin. -->","yoast_head_json":{"title":"Wilson Pro Staff V2 LT - Nordic Padel","robots":{"index":"index","follow":"follow","max-snippet":"max-snippet:-1","max-image-preview":"max-image-preview:large","max-video-preview":"max-video-preview:-1"},"canonical":"https:\/\/nordicpadel.com\/sv\/product\/wilson-pro-staff-v2-lt\/","og_locale":"sv_SE","og_type":"article","og_title":"Wilson Pro Staff V2 LT - Nordic Padel","og_description":"Nya Wilson Pro Staff LT \u00e4r ett otoligt efterl\u00e4ngtat av padelracket som ger spelaren mycket kontroll och k\u00e4nsla i spelet.Pro Staff V2 LT har en rund utformning f\u00f6r att skapa en stor sweetspot, vilket i sin tur g\u00f6r att \u00e4ven tr\u00e4ffar lite l\u00e4ngre ut mot ramen levererar bra fart, kontroll och k\u00e4nsla. Racketen reducerar vibrationer [&hellip;]","og_url":"https:\/\/nordicpadel.com\/sv\/product\/wilson-pro-staff-v2-lt\/","og_site_name":"Nordic Padel","article_modified_time":"2025-11-26T21:06:33+00:00","og_image":[{"width":800,"height":800,"url":"https:\/\/nordicpadel.com\/sv\/wp-content\/uploads\/sites\/10\/2025\/11\/848c8f6300cca157c1c8261c20d29c2c.png","type":"image\/png"}],"twitter_card":"summary_large_image","twitter_misc":{"Ber\u00e4knad l\u00e4stid":"2 minuter"},"schema":{"@context":"https:\/\/schema.org","@graph":[{"@type":"WebPage","@id":"https:\/\/nordicpadel.com\/sv\/product\/wilson-pro-staff-v2-lt\/","url":"https:\/\/nordicpadel.com\/sv\/product\/wilson-pro-staff-v2-lt\/","name":"Wilson Pro Staff V2 LT - Nordic Padel","isPartOf":{"@id":"https:\/\/nordicpadel.com\/sv\/#website"},"primaryImageOfPage":{"@id":"https:\/\/nordicpadel.com\/sv\/product\/wilson-pro-staff-v2-lt\/#primaryimage"},"image":{"@id":"https:\/\/nordicpadel.com\/sv\/product\/wilson-pro-staff-v2-lt\/#primaryimage"},"thumbnailUrl":"https:\/\/nordicpadel.com\/sv\/wp-content\/uploads\/sites\/10\/2025\/11\/848c8f6300cca157c1c8261c20d29c2c.png","datePublished":"2025-11-26T17:17:58+00:00","dateModified":"2025-11-26T21:06:33+00:00","breadcrumb":{"@id":"https:\/\/nordicpadel.com\/sv\/product\/wilson-pro-staff-v2-lt\/#breadcrumb"},"inLanguage":"sv-SE","potentialAction":[{"@type":"ReadAction","target":["https:\/\/nordicpadel.com\/sv\/product\/wilson-pro-staff-v2-lt\/"]}]},{"@type":"ImageObject","inLanguage":"sv-SE","@id":"https:\/\/nordicpadel.com\/sv\/product\/wilson-pro-staff-v2-lt\/#primaryimage","url":"https:\/\/nordicpadel.com\/sv\/wp-content\/uploads\/sites\/10\/2025\/11\/848c8f6300cca157c1c8261c20d29c2c.png","contentUrl":"https:\/\/nordicpadel.com\/sv\/wp-content\/uploads\/sites\/10\/2025\/11\/848c8f6300cca157c1c8261c20d29c2c.png","width":800,"height":800,"caption":"Wilson Pro Staff V2 LT"},{"@type":"BreadcrumbList","@id":"https:\/\/nordicpadel.com\/sv\/product\/wilson-pro-staff-v2-lt\/#breadcrumb","itemListElement":[{"@type":"ListItem","position":1,"name":"Hem","item":"https:\/\/nordicpadel.com\/sv\/"},{"@type":"ListItem","position":2,"name":"Shop","item":"https:\/\/nordicpadel.com\/sv\/shop\/"},{"@type":"ListItem","position":3,"name":"Wilson Pro Staff V2 LT"}]},{"@type":"WebSite","@id":"https:\/\/nordicpadel.com\/sv\/#website","url":"https:\/\/nordicpadel.com\/sv\/","name":"Nordic Padel","description":"","publisher":{"@id":"https:\/\/nordicpadel.com\/sv\/#organization"},"potentialAction":[{"@type":"SearchAction","target":{"@type":"EntryPoint","urlTemplate":"https:\/\/nordicpadel.com\/sv\/?s={search_term_string}"},"query-input":"required name=search_term_string"}],"inLanguage":"sv-SE"},{"@type":"Organization","@id":"https:\/\/nordicpadel.com\/sv\/#organization","name":"Nordic Padel","url":"https:\/\/nordicpadel.com\/sv\/","logo":{"@type":"ImageObject","inLanguage":"sv-SE","@id":"https:\/\/nordicpadel.com\/sv\/#\/schema\/logo\/image\/","url":"https:\/\/nordicpadel.com\/sv\/wp-content\/uploads\/sites\/10\/2022\/12\/Nordic-Padel-small_1-1.png","contentUrl":"https:\/\/nordicpadel.com\/sv\/wp-content\/uploads\/sites\/10\/2022\/12\/Nordic-Padel-small_1-1.png","width":400,"height":119,"caption":"Nordic Padel"},"image":{"@id":"https:\/\/nordicpadel.com\/sv\/#\/schema\/logo\/image\/"}}]}},"brands":[],"_links":{"self":[{"href":"https:\/\/nordicpadel.com\/sv\/wp-json\/wp\/v2\/product\/89624","targetHints":{"allow":["GET"]}}],"collection":[{"href":"https:\/\/nordicpadel.com\/sv\/wp-json\/wp\/v2\/product"}],"about":[{"href":"https:\/\/nordicpadel.com\/sv\/wp-json\/wp\/v2\/types\/product"}],"replies":[{"embeddable":true,"href":"https:\/\/nordicpadel.com\/sv\/wp-json\/wp\/v2\/comments?post=89624"}],"wp:featuredmedia":[{"embeddable":true,"href":"https:\/\/nordicpadel.com\/sv\/wp-json\/wp\/v2\/media\/89622"}],"wp:attachment":[{"href":"https:\/\/nordicpadel.com\/sv\/wp-json\/wp\/v2\/media?parent=89624"}],"wp:term":[{"taxonomy":"pwb-brand","embeddable":true,"href":"https:\/\/nordicpadel.com\/sv\/wp-json\/wp\/v2\/pwb-brand?post=89624"},{"taxonomy":"product_cat","embeddable":true,"href":"https:\/\/nordicpadel.com\/sv\/wp-json\/wp\/v2\/product_cat?post=89624"},{"taxonomy":"product_tag","embeddable":true,"href":"https:\/\/nordicpadel.com\/sv\/wp-json\/wp\/v2\/product_tag?post=89624"},{"taxonomy":"woo-feed-brand","embeddable":true,"href":"https:\/\/nordicpadel.com\/sv\/wp-json\/wp\/v2\/woo-feed-brand?post=89624"}],"curies":[{"name":"wp","href":"https:\/\/api.w.org\/{rel}","templated":true}]}}