{"id":89617,"date":"2025-11-26T18:17:39","date_gmt":"2025-11-26T17:17:39","guid":{"rendered":"https:\/\/nordicpadel.com\/sv\/product\/asics-gel-padel-pro-5-w-5\/"},"modified":"2026-02-02T17:09:27","modified_gmt":"2026-02-02T16:09:27","slug":"asics-gel-padel-pro-5-w-5","status":"publish","type":"product","link":"https:\/\/nordicpadel.com\/sv\/product\/asics-gel-padel-pro-5-w-5\/","title":{"rendered":"Asics Gel Padel Pro 5 W"},"content":{"rendered":"<p>Asics Gel Padel Pro \u00e4r en l\u00e4tt och smidig sko speciellt framtagen f\u00f6r padel.<\/p>\n<p>Med en h\u00e4rlig passform och den l\u00e4tta vikten ger denna padelsko spelaren alla f\u00f6ruts\u00e4ttningar till ett b\u00e4ttre fotarbete p\u00e5 padelbanan.<\/p>\n<p>Undersulan har det klassiska grustennis\/padelm\u00f6nstret vilket ger b\u00e4sta m\u00f6jliga grepp p\u00e5 banan f\u00f6r maximal r\u00f6relsef\u00f6rm\u00e5ga.<br \/>L\u00e4s g\u00e4rna v\u00e5r <a href=\"https:\/\/nordicpadel.com\/sv\/guide-padelskor\/\">skoguide<\/a> som inneh\u00e5ller tips samt en storleksguide f\u00f6r att hj\u00e4lpa dig hitta r\u00e4tt skor.<\/p>\n","protected":false},"excerpt":{"rendered":"<p>Asics Gel Padel Pro \u00e4r en l\u00e4tt och smidig sko speciellt framtagen f\u00f6r padel. Med en h\u00e4rlig passform och den l\u00e4tta vikten ger denna padelsko spelaren alla f\u00f6ruts\u00e4ttningar till ett b\u00e4ttre fotarbete p\u00e5 padelbanan. Undersulan har det klassiska grustennis\/padelm\u00f6nstret vilket ger b\u00e4sta m\u00f6jliga grepp p\u00e5 banan f\u00f6r maximal r\u00f6relsef\u00f6rm\u00e5ga.L\u00e4s g\u00e4rna v\u00e5r skoguide som inneh\u00e5ller tips [&hellip;]<\/p>\n","protected":false},"featured_media":89611,"comment_status":"open","ping_status":"closed","template":"","meta":[],"pwb-brand":[],"product_cat":[37,467],"product_tag":[],"woo-feed-brand":[],"class_list":{"0":"post-89617","1":"product","2":"type-product","3":"status-publish","4":"has-post-thumbnail","6":"product_cat-dam","7":"product_cat-asics","8":"pa_varumarke-asics","10":"first","11":"instock","12":"sale","13":"taxable","14":"shipping-taxable","15":"purchasable","16":"product-type-variable"},"bundled_by":[],"bundle_stock_status":"instock","bundle_stock_quantity":1,"bundle_virtual":false,"bundle_layout":"","bundle_add_to_cart_form_location":"","bundle_editable_in_cart":false,"bundle_sold_individually_context":"","bundle_item_grouping":"","bundle_min_size":"","bundle_max_size":"","bundled_items":[],"bundle_sell_ids":[],"acf":[],"yoast_head":"<!-- This site is optimized with the Yoast SEO plugin v23.1 - https:\/\/yoast.com\/wordpress\/plugins\/seo\/ -->\n<title>Asics Gel Padel Pro 5 W - Nordic Padel<\/title>\n<meta name=\"robots\" content=\"index, follow, max-snippet:-1, max-image-preview:large, max-video-preview:-1\" \/>\n<link rel=\"canonical\" href=\"https:\/\/nordicpadel.com\/sv\/product\/asics-gel-padel-pro-5-w-5\/\" \/>\n<meta property=\"og:locale\" content=\"sv_SE\" \/>\n<meta property=\"og:type\" content=\"article\" \/>\n<meta property=\"og:title\" content=\"Asics Gel Padel Pro 5 W - Nordic Padel\" \/>\n<meta property=\"og:description\" content=\"Asics Gel Padel Pro \u00e4r en l\u00e4tt och smidig sko speciellt framtagen f\u00f6r padel. Med en h\u00e4rlig passform och den l\u00e4tta vikten ger denna padelsko spelaren alla f\u00f6ruts\u00e4ttningar till ett b\u00e4ttre fotarbete p\u00e5 padelbanan. Undersulan har det klassiska grustennis\/padelm\u00f6nstret vilket ger b\u00e4sta m\u00f6jliga grepp p\u00e5 banan f\u00f6r maximal r\u00f6relsef\u00f6rm\u00e5ga.L\u00e4s g\u00e4rna v\u00e5r skoguide som inneh\u00e5ller tips [&hellip;]\" \/>\n<meta property=\"og:url\" content=\"https:\/\/nordicpadel.com\/sv\/product\/asics-gel-padel-pro-5-w-5\/\" \/>\n<meta property=\"og:site_name\" content=\"Nordic Padel\" \/>\n<meta property=\"article:modified_time\" content=\"2026-02-02T16:09:27+00:00\" \/>\n<meta property=\"og:image\" content=\"https:\/\/nordicpadel.com\/sv\/wp-content\/uploads\/sites\/10\/2025\/11\/cfedca70cb68dde6c4bfe9ff3cb12b0c.png\" \/>\n\t<meta property=\"og:image:width\" content=\"800\" \/>\n\t<meta property=\"og:image:height\" content=\"800\" \/>\n\t<meta property=\"og:image:type\" content=\"image\/png\" \/>\n<meta name=\"twitter:card\" content=\"summary_large_image\" \/>\n<script type=\"application\/ld+json\" class=\"yoast-schema-graph\">{\"@context\":\"https:\/\/schema.org\",\"@graph\":[{\"@type\":\"WebPage\",\"@id\":\"https:\/\/nordicpadel.com\/sv\/product\/asics-gel-padel-pro-5-w-5\/\",\"url\":\"https:\/\/nordicpadel.com\/sv\/product\/asics-gel-padel-pro-5-w-5\/\",\"name\":\"Asics Gel Padel Pro 5 W - Nordic Padel\",\"isPartOf\":{\"@id\":\"https:\/\/nordicpadel.com\/sv\/#website\"},\"primaryImageOfPage\":{\"@id\":\"https:\/\/nordicpadel.com\/sv\/product\/asics-gel-padel-pro-5-w-5\/#primaryimage\"},\"image\":{\"@id\":\"https:\/\/nordicpadel.com\/sv\/product\/asics-gel-padel-pro-5-w-5\/#primaryimage\"},\"thumbnailUrl\":\"https:\/\/nordicpadel.com\/sv\/wp-content\/uploads\/sites\/10\/2025\/11\/cfedca70cb68dde6c4bfe9ff3cb12b0c.png\",\"datePublished\":\"2025-11-26T17:17:39+00:00\",\"dateModified\":\"2026-02-02T16:09:27+00:00\",\"breadcrumb\":{\"@id\":\"https:\/\/nordicpadel.com\/sv\/product\/asics-gel-padel-pro-5-w-5\/#breadcrumb\"},\"inLanguage\":\"sv-SE\",\"potentialAction\":[{\"@type\":\"ReadAction\",\"target\":[\"https:\/\/nordicpadel.com\/sv\/product\/asics-gel-padel-pro-5-w-5\/\"]}]},{\"@type\":\"ImageObject\",\"inLanguage\":\"sv-SE\",\"@id\":\"https:\/\/nordicpadel.com\/sv\/product\/asics-gel-padel-pro-5-w-5\/#primaryimage\",\"url\":\"https:\/\/nordicpadel.com\/sv\/wp-content\/uploads\/sites\/10\/2025\/11\/cfedca70cb68dde6c4bfe9ff3cb12b0c.png\",\"contentUrl\":\"https:\/\/nordicpadel.com\/sv\/wp-content\/uploads\/sites\/10\/2025\/11\/cfedca70cb68dde6c4bfe9ff3cb12b0c.png\",\"width\":800,\"height\":800,\"caption\":\"Asics Gel Padel Pro 5 W\"},{\"@type\":\"BreadcrumbList\",\"@id\":\"https:\/\/nordicpadel.com\/sv\/product\/asics-gel-padel-pro-5-w-5\/#breadcrumb\",\"itemListElement\":[{\"@type\":\"ListItem\",\"position\":1,\"name\":\"Hem\",\"item\":\"https:\/\/nordicpadel.com\/sv\/\"},{\"@type\":\"ListItem\",\"position\":2,\"name\":\"Shop\",\"item\":\"https:\/\/nordicpadel.com\/sv\/shop\/\"},{\"@type\":\"ListItem\",\"position\":3,\"name\":\"Asics Gel Padel Pro 5 W\"}]},{\"@type\":\"WebSite\",\"@id\":\"https:\/\/nordicpadel.com\/sv\/#website\",\"url\":\"https:\/\/nordicpadel.com\/sv\/\",\"name\":\"Nordic Padel\",\"description\":\"\",\"publisher\":{\"@id\":\"https:\/\/nordicpadel.com\/sv\/#organization\"},\"potentialAction\":[{\"@type\":\"SearchAction\",\"target\":{\"@type\":\"EntryPoint\",\"urlTemplate\":\"https:\/\/nordicpadel.com\/sv\/?s={search_term_string}\"},\"query-input\":\"required name=search_term_string\"}],\"inLanguage\":\"sv-SE\"},{\"@type\":\"Organization\",\"@id\":\"https:\/\/nordicpadel.com\/sv\/#organization\",\"name\":\"Nordic Padel\",\"url\":\"https:\/\/nordicpadel.com\/sv\/\",\"logo\":{\"@type\":\"ImageObject\",\"inLanguage\":\"sv-SE\",\"@id\":\"https:\/\/nordicpadel.com\/sv\/#\/schema\/logo\/image\/\",\"url\":\"https:\/\/nordicpadel.com\/sv\/wp-content\/uploads\/sites\/10\/2022\/12\/Nordic-Padel-small_1-1.png\",\"contentUrl\":\"https:\/\/nordicpadel.com\/sv\/wp-content\/uploads\/sites\/10\/2022\/12\/Nordic-Padel-small_1-1.png\",\"width\":400,\"height\":119,\"caption\":\"Nordic Padel\"},\"image\":{\"@id\":\"https:\/\/nordicpadel.com\/sv\/#\/schema\/logo\/image\/\"}}]}<\/script>\n<!-- \/ Yoast SEO plugin. -->","yoast_head_json":{"title":"Asics Gel Padel Pro 5 W - Nordic Padel","robots":{"index":"index","follow":"follow","max-snippet":"max-snippet:-1","max-image-preview":"max-image-preview:large","max-video-preview":"max-video-preview:-1"},"canonical":"https:\/\/nordicpadel.com\/sv\/product\/asics-gel-padel-pro-5-w-5\/","og_locale":"sv_SE","og_type":"article","og_title":"Asics Gel Padel Pro 5 W - Nordic Padel","og_description":"Asics Gel Padel Pro \u00e4r en l\u00e4tt och smidig sko speciellt framtagen f\u00f6r padel. Med en h\u00e4rlig passform och den l\u00e4tta vikten ger denna padelsko spelaren alla f\u00f6ruts\u00e4ttningar till ett b\u00e4ttre fotarbete p\u00e5 padelbanan. Undersulan har det klassiska grustennis\/padelm\u00f6nstret vilket ger b\u00e4sta m\u00f6jliga grepp p\u00e5 banan f\u00f6r maximal r\u00f6relsef\u00f6rm\u00e5ga.L\u00e4s g\u00e4rna v\u00e5r skoguide som inneh\u00e5ller tips [&hellip;]","og_url":"https:\/\/nordicpadel.com\/sv\/product\/asics-gel-padel-pro-5-w-5\/","og_site_name":"Nordic Padel","article_modified_time":"2026-02-02T16:09:27+00:00","og_image":[{"width":800,"height":800,"url":"https:\/\/nordicpadel.com\/sv\/wp-content\/uploads\/sites\/10\/2025\/11\/cfedca70cb68dde6c4bfe9ff3cb12b0c.png","type":"image\/png"}],"twitter_card":"summary_large_image","schema":{"@context":"https:\/\/schema.org","@graph":[{"@type":"WebPage","@id":"https:\/\/nordicpadel.com\/sv\/product\/asics-gel-padel-pro-5-w-5\/","url":"https:\/\/nordicpadel.com\/sv\/product\/asics-gel-padel-pro-5-w-5\/","name":"Asics Gel Padel Pro 5 W - Nordic Padel","isPartOf":{"@id":"https:\/\/nordicpadel.com\/sv\/#website"},"primaryImageOfPage":{"@id":"https:\/\/nordicpadel.com\/sv\/product\/asics-gel-padel-pro-5-w-5\/#primaryimage"},"image":{"@id":"https:\/\/nordicpadel.com\/sv\/product\/asics-gel-padel-pro-5-w-5\/#primaryimage"},"thumbnailUrl":"https:\/\/nordicpadel.com\/sv\/wp-content\/uploads\/sites\/10\/2025\/11\/cfedca70cb68dde6c4bfe9ff3cb12b0c.png","datePublished":"2025-11-26T17:17:39+00:00","dateModified":"2026-02-02T16:09:27+00:00","breadcrumb":{"@id":"https:\/\/nordicpadel.com\/sv\/product\/asics-gel-padel-pro-5-w-5\/#breadcrumb"},"inLanguage":"sv-SE","potentialAction":[{"@type":"ReadAction","target":["https:\/\/nordicpadel.com\/sv\/product\/asics-gel-padel-pro-5-w-5\/"]}]},{"@type":"ImageObject","inLanguage":"sv-SE","@id":"https:\/\/nordicpadel.com\/sv\/product\/asics-gel-padel-pro-5-w-5\/#primaryimage","url":"https:\/\/nordicpadel.com\/sv\/wp-content\/uploads\/sites\/10\/2025\/11\/cfedca70cb68dde6c4bfe9ff3cb12b0c.png","contentUrl":"https:\/\/nordicpadel.com\/sv\/wp-content\/uploads\/sites\/10\/2025\/11\/cfedca70cb68dde6c4bfe9ff3cb12b0c.png","width":800,"height":800,"caption":"Asics Gel Padel Pro 5 W"},{"@type":"BreadcrumbList","@id":"https:\/\/nordicpadel.com\/sv\/product\/asics-gel-padel-pro-5-w-5\/#breadcrumb","itemListElement":[{"@type":"ListItem","position":1,"name":"Hem","item":"https:\/\/nordicpadel.com\/sv\/"},{"@type":"ListItem","position":2,"name":"Shop","item":"https:\/\/nordicpadel.com\/sv\/shop\/"},{"@type":"ListItem","position":3,"name":"Asics Gel Padel Pro 5 W"}]},{"@type":"WebSite","@id":"https:\/\/nordicpadel.com\/sv\/#website","url":"https:\/\/nordicpadel.com\/sv\/","name":"Nordic Padel","description":"","publisher":{"@id":"https:\/\/nordicpadel.com\/sv\/#organization"},"potentialAction":[{"@type":"SearchAction","target":{"@type":"EntryPoint","urlTemplate":"https:\/\/nordicpadel.com\/sv\/?s={search_term_string}"},"query-input":"required name=search_term_string"}],"inLanguage":"sv-SE"},{"@type":"Organization","@id":"https:\/\/nordicpadel.com\/sv\/#organization","name":"Nordic Padel","url":"https:\/\/nordicpadel.com\/sv\/","logo":{"@type":"ImageObject","inLanguage":"sv-SE","@id":"https:\/\/nordicpadel.com\/sv\/#\/schema\/logo\/image\/","url":"https:\/\/nordicpadel.com\/sv\/wp-content\/uploads\/sites\/10\/2022\/12\/Nordic-Padel-small_1-1.png","contentUrl":"https:\/\/nordicpadel.com\/sv\/wp-content\/uploads\/sites\/10\/2022\/12\/Nordic-Padel-small_1-1.png","width":400,"height":119,"caption":"Nordic Padel"},"image":{"@id":"https:\/\/nordicpadel.com\/sv\/#\/schema\/logo\/image\/"}}]}},"brands":[],"_links":{"self":[{"href":"https:\/\/nordicpadel.com\/sv\/wp-json\/wp\/v2\/product\/89617","targetHints":{"allow":["GET"]}}],"collection":[{"href":"https:\/\/nordicpadel.com\/sv\/wp-json\/wp\/v2\/product"}],"about":[{"href":"https:\/\/nordicpadel.com\/sv\/wp-json\/wp\/v2\/types\/product"}],"replies":[{"embeddable":true,"href":"https:\/\/nordicpadel.com\/sv\/wp-json\/wp\/v2\/comments?post=89617"}],"wp:featuredmedia":[{"embeddable":true,"href":"https:\/\/nordicpadel.com\/sv\/wp-json\/wp\/v2\/media\/89611"}],"wp:attachment":[{"href":"https:\/\/nordicpadel.com\/sv\/wp-json\/wp\/v2\/media?parent=89617"}],"wp:term":[{"taxonomy":"pwb-brand","embeddable":true,"href":"https:\/\/nordicpadel.com\/sv\/wp-json\/wp\/v2\/pwb-brand?post=89617"},{"taxonomy":"product_cat","embeddable":true,"href":"https:\/\/nordicpadel.com\/sv\/wp-json\/wp\/v2\/product_cat?post=89617"},{"taxonomy":"product_tag","embeddable":true,"href":"https:\/\/nordicpadel.com\/sv\/wp-json\/wp\/v2\/product_tag?post=89617"},{"taxonomy":"woo-feed-brand","embeddable":true,"href":"https:\/\/nordicpadel.com\/sv\/wp-json\/wp\/v2\/woo-feed-brand?post=89617"}],"curies":[{"name":"wp","href":"https:\/\/api.w.org\/{rel}","templated":true}]}}