{"id":89366,"date":"2025-11-26T18:10:58","date_gmt":"2025-11-26T17:10:58","guid":{"rendered":"https:\/\/nordicpadel.com\/sv\/product\/adidas-courtjam-control-clay\/"},"modified":"2026-02-20T11:05:48","modified_gmt":"2026-02-20T10:05:48","slug":"adidas-courtjam-control-clay","status":"publish","type":"product","link":"https:\/\/nordicpadel.com\/sv\/product\/adidas-courtjam-control-clay\/","title":{"rendered":"Adidas Courtjam Control Clay"},"content":{"rendered":"<p>Prisv\u00e4rd sko fr\u00e5n Adidas med en sula anpassad f\u00f6r hala underlag, tack vare den typen av r\u00e4ffling som anv\u00e4nds p\u00e5 undersidan f\u00e5r du absolut b\u00e4sta grepp p\u00e5 banor med mer sand. Sk\u00f6n mesh p\u00e5 ovansidan s\u00e4kerst\u00e4ller komforten medans TPU i mellanfoten ger den stabilitet som kr\u00e4vs p\u00e5 tennisbanan och padelbanan. Skon \u00e4r mycket l\u00e4tt och smidig s\u00e5 du f\u00e5r en sk\u00f6n k\u00e4nsla n\u00e4r dus springer p\u00e5 banan. Vidare skall s\u00e4gas att Adidas har f\u00f6rst\u00e4rkt skon p\u00e5 mer utsatta st\u00e4llen d\u00e4r skon ofta l\u00e4ttare slit n\u00e4r man spelar. Klassisk ren design i svart och vitt ger dig den look som kr\u00e4vs p\u00e5 banan. F\u00e4rg: Svart med gr\u00f6na detaljer<br \/>L\u00e4s g\u00e4rna v\u00e5r <a href=\"https:\/\/nordicpadel.com\/sv\/guide-padelskor\/\">skoguide<\/a> som inneh\u00e5ller tips samt en storleksguide f\u00f6r att hj\u00e4lpa dig hitta r\u00e4tt skor.<\/p>\n","protected":false},"excerpt":{"rendered":"<p>Prisv\u00e4rd sko fr\u00e5n Adidas med en sula anpassad f\u00f6r hala underlag, tack vare den typen av r\u00e4ffling som anv\u00e4nds p\u00e5 undersidan f\u00e5r du absolut b\u00e4sta grepp p\u00e5 banor med mer sand. Sk\u00f6n mesh p\u00e5 ovansidan s\u00e4kerst\u00e4ller komforten medans TPU i mellanfoten ger den stabilitet som kr\u00e4vs p\u00e5 tennisbanan och padelbanan. Skon \u00e4r mycket l\u00e4tt och [&hellip;]<\/p>\n","protected":false},"featured_media":89356,"comment_status":"open","ping_status":"closed","template":"","meta":[],"pwb-brand":[],"product_cat":[458,38],"product_tag":[],"woo-feed-brand":[],"class_list":{"0":"post-89366","1":"product","2":"type-product","3":"status-publish","4":"has-post-thumbnail","6":"product_cat-adidas","7":"product_cat-herr","8":"pa_varumarke-adidas","10":"first","11":"outofstock","12":"sale","13":"taxable","14":"shipping-taxable","15":"purchasable","16":"product-type-simple"},"bundled_by":[],"bundle_stock_status":"outofstock","bundle_stock_quantity":0,"bundle_virtual":false,"bundle_layout":"","bundle_add_to_cart_form_location":"","bundle_editable_in_cart":false,"bundle_sold_individually_context":"","bundle_item_grouping":"","bundle_min_size":"","bundle_max_size":"","bundled_items":[],"bundle_sell_ids":[],"acf":[],"yoast_head":"<!-- This site is optimized with the Yoast SEO plugin v23.1 - https:\/\/yoast.com\/wordpress\/plugins\/seo\/ -->\n<title>Adidas Courtjam Control Clay - Nordic Padel<\/title>\n<meta name=\"robots\" content=\"index, follow, max-snippet:-1, max-image-preview:large, max-video-preview:-1\" \/>\n<link rel=\"canonical\" href=\"https:\/\/nordicpadel.com\/sv\/product\/adidas-courtjam-control-clay\/\" \/>\n<meta property=\"og:locale\" content=\"sv_SE\" \/>\n<meta property=\"og:type\" content=\"article\" \/>\n<meta property=\"og:title\" content=\"Adidas Courtjam Control Clay - Nordic Padel\" \/>\n<meta property=\"og:description\" content=\"Prisv\u00e4rd sko fr\u00e5n Adidas med en sula anpassad f\u00f6r hala underlag, tack vare den typen av r\u00e4ffling som anv\u00e4nds p\u00e5 undersidan f\u00e5r du absolut b\u00e4sta grepp p\u00e5 banor med mer sand. Sk\u00f6n mesh p\u00e5 ovansidan s\u00e4kerst\u00e4ller komforten medans TPU i mellanfoten ger den stabilitet som kr\u00e4vs p\u00e5 tennisbanan och padelbanan. Skon \u00e4r mycket l\u00e4tt och [&hellip;]\" \/>\n<meta property=\"og:url\" content=\"https:\/\/nordicpadel.com\/sv\/product\/adidas-courtjam-control-clay\/\" \/>\n<meta property=\"og:site_name\" content=\"Nordic Padel\" \/>\n<meta property=\"article:modified_time\" content=\"2026-02-20T10:05:48+00:00\" \/>\n<meta property=\"og:image\" content=\"https:\/\/nordicpadel.com\/sv\/wp-content\/uploads\/sites\/10\/2025\/11\/e260935df7df847a599804154e9f0fcd-1.png\" \/>\n\t<meta property=\"og:image:width\" content=\"800\" \/>\n\t<meta property=\"og:image:height\" content=\"800\" \/>\n\t<meta property=\"og:image:type\" content=\"image\/png\" \/>\n<meta name=\"twitter:card\" content=\"summary_large_image\" \/>\n<meta name=\"twitter:label1\" content=\"Ber\u00e4knad l\u00e4stid\" \/>\n\t<meta name=\"twitter:data1\" content=\"1 minut\" \/>\n<script type=\"application\/ld+json\" class=\"yoast-schema-graph\">{\"@context\":\"https:\/\/schema.org\",\"@graph\":[{\"@type\":\"WebPage\",\"@id\":\"https:\/\/nordicpadel.com\/sv\/product\/adidas-courtjam-control-clay\/\",\"url\":\"https:\/\/nordicpadel.com\/sv\/product\/adidas-courtjam-control-clay\/\",\"name\":\"Adidas Courtjam Control Clay - Nordic Padel\",\"isPartOf\":{\"@id\":\"https:\/\/nordicpadel.com\/sv\/#website\"},\"primaryImageOfPage\":{\"@id\":\"https:\/\/nordicpadel.com\/sv\/product\/adidas-courtjam-control-clay\/#primaryimage\"},\"image\":{\"@id\":\"https:\/\/nordicpadel.com\/sv\/product\/adidas-courtjam-control-clay\/#primaryimage\"},\"thumbnailUrl\":\"https:\/\/nordicpadel.com\/sv\/wp-content\/uploads\/sites\/10\/2025\/11\/e260935df7df847a599804154e9f0fcd-1.png\",\"datePublished\":\"2025-11-26T17:10:58+00:00\",\"dateModified\":\"2026-02-20T10:05:48+00:00\",\"breadcrumb\":{\"@id\":\"https:\/\/nordicpadel.com\/sv\/product\/adidas-courtjam-control-clay\/#breadcrumb\"},\"inLanguage\":\"sv-SE\",\"potentialAction\":[{\"@type\":\"ReadAction\",\"target\":[\"https:\/\/nordicpadel.com\/sv\/product\/adidas-courtjam-control-clay\/\"]}]},{\"@type\":\"ImageObject\",\"inLanguage\":\"sv-SE\",\"@id\":\"https:\/\/nordicpadel.com\/sv\/product\/adidas-courtjam-control-clay\/#primaryimage\",\"url\":\"https:\/\/nordicpadel.com\/sv\/wp-content\/uploads\/sites\/10\/2025\/11\/e260935df7df847a599804154e9f0fcd-1.png\",\"contentUrl\":\"https:\/\/nordicpadel.com\/sv\/wp-content\/uploads\/sites\/10\/2025\/11\/e260935df7df847a599804154e9f0fcd-1.png\",\"width\":800,\"height\":800,\"caption\":\"Adidas Courtjam Control Clay\"},{\"@type\":\"BreadcrumbList\",\"@id\":\"https:\/\/nordicpadel.com\/sv\/product\/adidas-courtjam-control-clay\/#breadcrumb\",\"itemListElement\":[{\"@type\":\"ListItem\",\"position\":1,\"name\":\"Hem\",\"item\":\"https:\/\/nordicpadel.com\/sv\/\"},{\"@type\":\"ListItem\",\"position\":2,\"name\":\"Shop\",\"item\":\"https:\/\/nordicpadel.com\/sv\/shop\/\"},{\"@type\":\"ListItem\",\"position\":3,\"name\":\"Adidas Courtjam Control Clay\"}]},{\"@type\":\"WebSite\",\"@id\":\"https:\/\/nordicpadel.com\/sv\/#website\",\"url\":\"https:\/\/nordicpadel.com\/sv\/\",\"name\":\"Nordic Padel\",\"description\":\"\",\"publisher\":{\"@id\":\"https:\/\/nordicpadel.com\/sv\/#organization\"},\"potentialAction\":[{\"@type\":\"SearchAction\",\"target\":{\"@type\":\"EntryPoint\",\"urlTemplate\":\"https:\/\/nordicpadel.com\/sv\/?s={search_term_string}\"},\"query-input\":\"required name=search_term_string\"}],\"inLanguage\":\"sv-SE\"},{\"@type\":\"Organization\",\"@id\":\"https:\/\/nordicpadel.com\/sv\/#organization\",\"name\":\"Nordic Padel\",\"url\":\"https:\/\/nordicpadel.com\/sv\/\",\"logo\":{\"@type\":\"ImageObject\",\"inLanguage\":\"sv-SE\",\"@id\":\"https:\/\/nordicpadel.com\/sv\/#\/schema\/logo\/image\/\",\"url\":\"https:\/\/nordicpadel.com\/sv\/wp-content\/uploads\/sites\/10\/2022\/12\/Nordic-Padel-small_1-1.png\",\"contentUrl\":\"https:\/\/nordicpadel.com\/sv\/wp-content\/uploads\/sites\/10\/2022\/12\/Nordic-Padel-small_1-1.png\",\"width\":400,\"height\":119,\"caption\":\"Nordic Padel\"},\"image\":{\"@id\":\"https:\/\/nordicpadel.com\/sv\/#\/schema\/logo\/image\/\"}}]}<\/script>\n<!-- \/ Yoast SEO plugin. -->","yoast_head_json":{"title":"Adidas Courtjam Control Clay - Nordic Padel","robots":{"index":"index","follow":"follow","max-snippet":"max-snippet:-1","max-image-preview":"max-image-preview:large","max-video-preview":"max-video-preview:-1"},"canonical":"https:\/\/nordicpadel.com\/sv\/product\/adidas-courtjam-control-clay\/","og_locale":"sv_SE","og_type":"article","og_title":"Adidas Courtjam Control Clay - Nordic Padel","og_description":"Prisv\u00e4rd sko fr\u00e5n Adidas med en sula anpassad f\u00f6r hala underlag, tack vare den typen av r\u00e4ffling som anv\u00e4nds p\u00e5 undersidan f\u00e5r du absolut b\u00e4sta grepp p\u00e5 banor med mer sand. Sk\u00f6n mesh p\u00e5 ovansidan s\u00e4kerst\u00e4ller komforten medans TPU i mellanfoten ger den stabilitet som kr\u00e4vs p\u00e5 tennisbanan och padelbanan. Skon \u00e4r mycket l\u00e4tt och [&hellip;]","og_url":"https:\/\/nordicpadel.com\/sv\/product\/adidas-courtjam-control-clay\/","og_site_name":"Nordic Padel","article_modified_time":"2026-02-20T10:05:48+00:00","og_image":[{"width":800,"height":800,"url":"https:\/\/nordicpadel.com\/sv\/wp-content\/uploads\/sites\/10\/2025\/11\/e260935df7df847a599804154e9f0fcd-1.png","type":"image\/png"}],"twitter_card":"summary_large_image","twitter_misc":{"Ber\u00e4knad l\u00e4stid":"1 minut"},"schema":{"@context":"https:\/\/schema.org","@graph":[{"@type":"WebPage","@id":"https:\/\/nordicpadel.com\/sv\/product\/adidas-courtjam-control-clay\/","url":"https:\/\/nordicpadel.com\/sv\/product\/adidas-courtjam-control-clay\/","name":"Adidas Courtjam Control Clay - Nordic Padel","isPartOf":{"@id":"https:\/\/nordicpadel.com\/sv\/#website"},"primaryImageOfPage":{"@id":"https:\/\/nordicpadel.com\/sv\/product\/adidas-courtjam-control-clay\/#primaryimage"},"image":{"@id":"https:\/\/nordicpadel.com\/sv\/product\/adidas-courtjam-control-clay\/#primaryimage"},"thumbnailUrl":"https:\/\/nordicpadel.com\/sv\/wp-content\/uploads\/sites\/10\/2025\/11\/e260935df7df847a599804154e9f0fcd-1.png","datePublished":"2025-11-26T17:10:58+00:00","dateModified":"2026-02-20T10:05:48+00:00","breadcrumb":{"@id":"https:\/\/nordicpadel.com\/sv\/product\/adidas-courtjam-control-clay\/#breadcrumb"},"inLanguage":"sv-SE","potentialAction":[{"@type":"ReadAction","target":["https:\/\/nordicpadel.com\/sv\/product\/adidas-courtjam-control-clay\/"]}]},{"@type":"ImageObject","inLanguage":"sv-SE","@id":"https:\/\/nordicpadel.com\/sv\/product\/adidas-courtjam-control-clay\/#primaryimage","url":"https:\/\/nordicpadel.com\/sv\/wp-content\/uploads\/sites\/10\/2025\/11\/e260935df7df847a599804154e9f0fcd-1.png","contentUrl":"https:\/\/nordicpadel.com\/sv\/wp-content\/uploads\/sites\/10\/2025\/11\/e260935df7df847a599804154e9f0fcd-1.png","width":800,"height":800,"caption":"Adidas Courtjam Control Clay"},{"@type":"BreadcrumbList","@id":"https:\/\/nordicpadel.com\/sv\/product\/adidas-courtjam-control-clay\/#breadcrumb","itemListElement":[{"@type":"ListItem","position":1,"name":"Hem","item":"https:\/\/nordicpadel.com\/sv\/"},{"@type":"ListItem","position":2,"name":"Shop","item":"https:\/\/nordicpadel.com\/sv\/shop\/"},{"@type":"ListItem","position":3,"name":"Adidas Courtjam Control Clay"}]},{"@type":"WebSite","@id":"https:\/\/nordicpadel.com\/sv\/#website","url":"https:\/\/nordicpadel.com\/sv\/","name":"Nordic Padel","description":"","publisher":{"@id":"https:\/\/nordicpadel.com\/sv\/#organization"},"potentialAction":[{"@type":"SearchAction","target":{"@type":"EntryPoint","urlTemplate":"https:\/\/nordicpadel.com\/sv\/?s={search_term_string}"},"query-input":"required name=search_term_string"}],"inLanguage":"sv-SE"},{"@type":"Organization","@id":"https:\/\/nordicpadel.com\/sv\/#organization","name":"Nordic Padel","url":"https:\/\/nordicpadel.com\/sv\/","logo":{"@type":"ImageObject","inLanguage":"sv-SE","@id":"https:\/\/nordicpadel.com\/sv\/#\/schema\/logo\/image\/","url":"https:\/\/nordicpadel.com\/sv\/wp-content\/uploads\/sites\/10\/2022\/12\/Nordic-Padel-small_1-1.png","contentUrl":"https:\/\/nordicpadel.com\/sv\/wp-content\/uploads\/sites\/10\/2022\/12\/Nordic-Padel-small_1-1.png","width":400,"height":119,"caption":"Nordic Padel"},"image":{"@id":"https:\/\/nordicpadel.com\/sv\/#\/schema\/logo\/image\/"}}]}},"brands":[],"_links":{"self":[{"href":"https:\/\/nordicpadel.com\/sv\/wp-json\/wp\/v2\/product\/89366","targetHints":{"allow":["GET"]}}],"collection":[{"href":"https:\/\/nordicpadel.com\/sv\/wp-json\/wp\/v2\/product"}],"about":[{"href":"https:\/\/nordicpadel.com\/sv\/wp-json\/wp\/v2\/types\/product"}],"replies":[{"embeddable":true,"href":"https:\/\/nordicpadel.com\/sv\/wp-json\/wp\/v2\/comments?post=89366"}],"wp:featuredmedia":[{"embeddable":true,"href":"https:\/\/nordicpadel.com\/sv\/wp-json\/wp\/v2\/media\/89356"}],"wp:attachment":[{"href":"https:\/\/nordicpadel.com\/sv\/wp-json\/wp\/v2\/media?parent=89366"}],"wp:term":[{"taxonomy":"pwb-brand","embeddable":true,"href":"https:\/\/nordicpadel.com\/sv\/wp-json\/wp\/v2\/pwb-brand?post=89366"},{"taxonomy":"product_cat","embeddable":true,"href":"https:\/\/nordicpadel.com\/sv\/wp-json\/wp\/v2\/product_cat?post=89366"},{"taxonomy":"product_tag","embeddable":true,"href":"https:\/\/nordicpadel.com\/sv\/wp-json\/wp\/v2\/product_tag?post=89366"},{"taxonomy":"woo-feed-brand","embeddable":true,"href":"https:\/\/nordicpadel.com\/sv\/wp-json\/wp\/v2\/woo-feed-brand?post=89366"}],"curies":[{"name":"wp","href":"https:\/\/api.w.org\/{rel}","templated":true}]}}