{"id":89171,"date":"2025-11-26T18:08:36","date_gmt":"2025-11-26T17:08:36","guid":{"rendered":"https:\/\/nordicpadel.com\/sv\/product\/head-gravity-elite\/"},"modified":"2025-12-17T13:49:40","modified_gmt":"2025-12-17T12:49:40","slug":"head-gravity-elite","status":"publish","type":"product","link":"https:\/\/nordicpadel.com\/sv\/product\/head-gravity-elite\/","title":{"rendered":"Head Gravity Elite"},"content":{"rendered":"<p>Head Gravity Pro 2022 \u00e4r ett kontrollinriktat <a href=\"https:\/\/nordicpadel.com\/sv\/product-category\/padelracket\/\">padelracket<\/a> i toppkvalitet med stor sweetspot och tr\u00e4ffyta som ger spelaren en mix av fart, k\u00e4nsla och v\u00e4ldigt bra kontroll. Ett m\u00e5ngsidigt kontrollinriktat <a href=\"https:\/\/nordicpadel.com\/sv\/product-category\/padelracket\/\">padelracket<\/a> som passar de flesta spelare oavsett spelniv\u00e5.<\/p>\n<p>Gravity Pro har en extra stor sweetspot, detta tack vare racketens runda form, teknologin \u201cMassive Sweetspot\u201d och nya konstruktionen \u201cAuxentic\u201d. Auxentic-konstruktionen ska ge en otrolig k\u00e4nsla i racketen ger spelaren access till mycket kraft och fart i sitt spel.<\/p>\n<p>Denna modell har \u00e4ven \u201cPower Foam\u201d teknologin, vilket \u00e4r ett mjukt material som ska svara extra snabbt f\u00f6r att ge spelaren en kraftfullare bolltr\u00e4ff, tillsammans med \u201cExtreme Spin\u201d, som \u00e4r en ruggad yta f\u00f6r att \u00f6ka spinn och skruv i bolltr\u00e4ffen.<\/p>\n<p>Slagytan \u00e4r utrustad i kolfiber f\u00f6r att bidra mer k\u00e4nsla och precision i dina slag, detta samtidigt g\u00f6r racket mer slitstarkt och h\u00e5llbart.<\/p>\n","protected":false},"excerpt":{"rendered":"<p>Head Gravity Pro 2022 \u00e4r ett kontrollinriktat padelracket i toppkvalitet med stor sweetspot och tr\u00e4ffyta som ger spelaren en mix av fart, k\u00e4nsla och v\u00e4ldigt bra kontroll. Ett m\u00e5ngsidigt kontrollinriktat padelracket som passar de flesta spelare oavsett spelniv\u00e5. Gravity Pro har en extra stor sweetspot, detta tack vare racketens runda form, teknologin \u201cMassive Sweetspot\u201d och [&hellip;]<\/p>\n","protected":false},"featured_media":89167,"comment_status":"open","ping_status":"closed","template":"","meta":[],"pwb-brand":[],"product_cat":[459],"product_tag":[],"woo-feed-brand":[],"class_list":{"0":"post-89171","1":"product","2":"type-product","3":"status-publish","4":"has-post-thumbnail","6":"product_cat-head","7":"pa_varumarke-head","9":"first","10":"outofstock","11":"sale","12":"taxable","13":"shipping-taxable","14":"purchasable","15":"product-type-simple"},"bundled_by":[],"bundle_stock_status":"outofstock","bundle_stock_quantity":0,"bundle_virtual":false,"bundle_layout":"","bundle_add_to_cart_form_location":"","bundle_editable_in_cart":false,"bundle_sold_individually_context":"","bundle_item_grouping":"","bundle_min_size":"","bundle_max_size":"","bundled_items":[],"bundle_sell_ids":[],"acf":[],"yoast_head":"<!-- This site is optimized with the Yoast SEO plugin v23.1 - https:\/\/yoast.com\/wordpress\/plugins\/seo\/ -->\n<title>Head Gravity Elite - Nordic Padel<\/title>\n<meta name=\"robots\" content=\"index, follow, max-snippet:-1, max-image-preview:large, max-video-preview:-1\" \/>\n<link rel=\"canonical\" href=\"https:\/\/nordicpadel.com\/sv\/product\/head-gravity-elite\/\" \/>\n<meta property=\"og:locale\" content=\"sv_SE\" \/>\n<meta property=\"og:type\" content=\"article\" \/>\n<meta property=\"og:title\" content=\"Head Gravity Elite - Nordic Padel\" \/>\n<meta property=\"og:description\" content=\"Head Gravity Pro 2022 \u00e4r ett kontrollinriktat padelracket i toppkvalitet med stor sweetspot och tr\u00e4ffyta som ger spelaren en mix av fart, k\u00e4nsla och v\u00e4ldigt bra kontroll. Ett m\u00e5ngsidigt kontrollinriktat padelracket som passar de flesta spelare oavsett spelniv\u00e5. Gravity Pro har en extra stor sweetspot, detta tack vare racketens runda form, teknologin \u201cMassive Sweetspot\u201d och [&hellip;]\" \/>\n<meta property=\"og:url\" content=\"https:\/\/nordicpadel.com\/sv\/product\/head-gravity-elite\/\" \/>\n<meta property=\"og:site_name\" content=\"Nordic Padel\" \/>\n<meta property=\"article:modified_time\" content=\"2025-12-17T12:49:40+00:00\" \/>\n<meta property=\"og:image\" content=\"https:\/\/nordicpadel.com\/sv\/wp-content\/uploads\/sites\/10\/2025\/11\/7d49c8082a6c7a4292e636bc0beb6bca.png\" \/>\n\t<meta property=\"og:image:width\" content=\"800\" \/>\n\t<meta property=\"og:image:height\" content=\"800\" \/>\n\t<meta property=\"og:image:type\" content=\"image\/png\" \/>\n<meta name=\"twitter:card\" content=\"summary_large_image\" \/>\n<meta name=\"twitter:label1\" content=\"Ber\u00e4knad l\u00e4stid\" \/>\n\t<meta name=\"twitter:data1\" content=\"1 minut\" \/>\n<script type=\"application\/ld+json\" class=\"yoast-schema-graph\">{\"@context\":\"https:\/\/schema.org\",\"@graph\":[{\"@type\":\"WebPage\",\"@id\":\"https:\/\/nordicpadel.com\/sv\/product\/head-gravity-elite\/\",\"url\":\"https:\/\/nordicpadel.com\/sv\/product\/head-gravity-elite\/\",\"name\":\"Head Gravity Elite - Nordic Padel\",\"isPartOf\":{\"@id\":\"https:\/\/nordicpadel.com\/sv\/#website\"},\"primaryImageOfPage\":{\"@id\":\"https:\/\/nordicpadel.com\/sv\/product\/head-gravity-elite\/#primaryimage\"},\"image\":{\"@id\":\"https:\/\/nordicpadel.com\/sv\/product\/head-gravity-elite\/#primaryimage\"},\"thumbnailUrl\":\"https:\/\/nordicpadel.com\/sv\/wp-content\/uploads\/sites\/10\/2025\/11\/7d49c8082a6c7a4292e636bc0beb6bca.png\",\"datePublished\":\"2025-11-26T17:08:36+00:00\",\"dateModified\":\"2025-12-17T12:49:40+00:00\",\"breadcrumb\":{\"@id\":\"https:\/\/nordicpadel.com\/sv\/product\/head-gravity-elite\/#breadcrumb\"},\"inLanguage\":\"sv-SE\",\"potentialAction\":[{\"@type\":\"ReadAction\",\"target\":[\"https:\/\/nordicpadel.com\/sv\/product\/head-gravity-elite\/\"]}]},{\"@type\":\"ImageObject\",\"inLanguage\":\"sv-SE\",\"@id\":\"https:\/\/nordicpadel.com\/sv\/product\/head-gravity-elite\/#primaryimage\",\"url\":\"https:\/\/nordicpadel.com\/sv\/wp-content\/uploads\/sites\/10\/2025\/11\/7d49c8082a6c7a4292e636bc0beb6bca.png\",\"contentUrl\":\"https:\/\/nordicpadel.com\/sv\/wp-content\/uploads\/sites\/10\/2025\/11\/7d49c8082a6c7a4292e636bc0beb6bca.png\",\"width\":800,\"height\":800,\"caption\":\"Head Gravity Elite\"},{\"@type\":\"BreadcrumbList\",\"@id\":\"https:\/\/nordicpadel.com\/sv\/product\/head-gravity-elite\/#breadcrumb\",\"itemListElement\":[{\"@type\":\"ListItem\",\"position\":1,\"name\":\"Hem\",\"item\":\"https:\/\/nordicpadel.com\/sv\/\"},{\"@type\":\"ListItem\",\"position\":2,\"name\":\"Shop\",\"item\":\"https:\/\/nordicpadel.com\/sv\/shop\/\"},{\"@type\":\"ListItem\",\"position\":3,\"name\":\"Head Gravity Elite\"}]},{\"@type\":\"WebSite\",\"@id\":\"https:\/\/nordicpadel.com\/sv\/#website\",\"url\":\"https:\/\/nordicpadel.com\/sv\/\",\"name\":\"Nordic Padel\",\"description\":\"\",\"publisher\":{\"@id\":\"https:\/\/nordicpadel.com\/sv\/#organization\"},\"potentialAction\":[{\"@type\":\"SearchAction\",\"target\":{\"@type\":\"EntryPoint\",\"urlTemplate\":\"https:\/\/nordicpadel.com\/sv\/?s={search_term_string}\"},\"query-input\":\"required name=search_term_string\"}],\"inLanguage\":\"sv-SE\"},{\"@type\":\"Organization\",\"@id\":\"https:\/\/nordicpadel.com\/sv\/#organization\",\"name\":\"Nordic Padel\",\"url\":\"https:\/\/nordicpadel.com\/sv\/\",\"logo\":{\"@type\":\"ImageObject\",\"inLanguage\":\"sv-SE\",\"@id\":\"https:\/\/nordicpadel.com\/sv\/#\/schema\/logo\/image\/\",\"url\":\"https:\/\/nordicpadel.com\/sv\/wp-content\/uploads\/sites\/10\/2022\/12\/Nordic-Padel-small_1-1.png\",\"contentUrl\":\"https:\/\/nordicpadel.com\/sv\/wp-content\/uploads\/sites\/10\/2022\/12\/Nordic-Padel-small_1-1.png\",\"width\":400,\"height\":119,\"caption\":\"Nordic Padel\"},\"image\":{\"@id\":\"https:\/\/nordicpadel.com\/sv\/#\/schema\/logo\/image\/\"}}]}<\/script>\n<!-- \/ Yoast SEO plugin. -->","yoast_head_json":{"title":"Head Gravity Elite - Nordic Padel","robots":{"index":"index","follow":"follow","max-snippet":"max-snippet:-1","max-image-preview":"max-image-preview:large","max-video-preview":"max-video-preview:-1"},"canonical":"https:\/\/nordicpadel.com\/sv\/product\/head-gravity-elite\/","og_locale":"sv_SE","og_type":"article","og_title":"Head Gravity Elite - Nordic Padel","og_description":"Head Gravity Pro 2022 \u00e4r ett kontrollinriktat padelracket i toppkvalitet med stor sweetspot och tr\u00e4ffyta som ger spelaren en mix av fart, k\u00e4nsla och v\u00e4ldigt bra kontroll. Ett m\u00e5ngsidigt kontrollinriktat padelracket som passar de flesta spelare oavsett spelniv\u00e5. Gravity Pro har en extra stor sweetspot, detta tack vare racketens runda form, teknologin \u201cMassive Sweetspot\u201d och [&hellip;]","og_url":"https:\/\/nordicpadel.com\/sv\/product\/head-gravity-elite\/","og_site_name":"Nordic Padel","article_modified_time":"2025-12-17T12:49:40+00:00","og_image":[{"width":800,"height":800,"url":"https:\/\/nordicpadel.com\/sv\/wp-content\/uploads\/sites\/10\/2025\/11\/7d49c8082a6c7a4292e636bc0beb6bca.png","type":"image\/png"}],"twitter_card":"summary_large_image","twitter_misc":{"Ber\u00e4knad l\u00e4stid":"1 minut"},"schema":{"@context":"https:\/\/schema.org","@graph":[{"@type":"WebPage","@id":"https:\/\/nordicpadel.com\/sv\/product\/head-gravity-elite\/","url":"https:\/\/nordicpadel.com\/sv\/product\/head-gravity-elite\/","name":"Head Gravity Elite - Nordic Padel","isPartOf":{"@id":"https:\/\/nordicpadel.com\/sv\/#website"},"primaryImageOfPage":{"@id":"https:\/\/nordicpadel.com\/sv\/product\/head-gravity-elite\/#primaryimage"},"image":{"@id":"https:\/\/nordicpadel.com\/sv\/product\/head-gravity-elite\/#primaryimage"},"thumbnailUrl":"https:\/\/nordicpadel.com\/sv\/wp-content\/uploads\/sites\/10\/2025\/11\/7d49c8082a6c7a4292e636bc0beb6bca.png","datePublished":"2025-11-26T17:08:36+00:00","dateModified":"2025-12-17T12:49:40+00:00","breadcrumb":{"@id":"https:\/\/nordicpadel.com\/sv\/product\/head-gravity-elite\/#breadcrumb"},"inLanguage":"sv-SE","potentialAction":[{"@type":"ReadAction","target":["https:\/\/nordicpadel.com\/sv\/product\/head-gravity-elite\/"]}]},{"@type":"ImageObject","inLanguage":"sv-SE","@id":"https:\/\/nordicpadel.com\/sv\/product\/head-gravity-elite\/#primaryimage","url":"https:\/\/nordicpadel.com\/sv\/wp-content\/uploads\/sites\/10\/2025\/11\/7d49c8082a6c7a4292e636bc0beb6bca.png","contentUrl":"https:\/\/nordicpadel.com\/sv\/wp-content\/uploads\/sites\/10\/2025\/11\/7d49c8082a6c7a4292e636bc0beb6bca.png","width":800,"height":800,"caption":"Head Gravity Elite"},{"@type":"BreadcrumbList","@id":"https:\/\/nordicpadel.com\/sv\/product\/head-gravity-elite\/#breadcrumb","itemListElement":[{"@type":"ListItem","position":1,"name":"Hem","item":"https:\/\/nordicpadel.com\/sv\/"},{"@type":"ListItem","position":2,"name":"Shop","item":"https:\/\/nordicpadel.com\/sv\/shop\/"},{"@type":"ListItem","position":3,"name":"Head Gravity Elite"}]},{"@type":"WebSite","@id":"https:\/\/nordicpadel.com\/sv\/#website","url":"https:\/\/nordicpadel.com\/sv\/","name":"Nordic Padel","description":"","publisher":{"@id":"https:\/\/nordicpadel.com\/sv\/#organization"},"potentialAction":[{"@type":"SearchAction","target":{"@type":"EntryPoint","urlTemplate":"https:\/\/nordicpadel.com\/sv\/?s={search_term_string}"},"query-input":"required name=search_term_string"}],"inLanguage":"sv-SE"},{"@type":"Organization","@id":"https:\/\/nordicpadel.com\/sv\/#organization","name":"Nordic Padel","url":"https:\/\/nordicpadel.com\/sv\/","logo":{"@type":"ImageObject","inLanguage":"sv-SE","@id":"https:\/\/nordicpadel.com\/sv\/#\/schema\/logo\/image\/","url":"https:\/\/nordicpadel.com\/sv\/wp-content\/uploads\/sites\/10\/2022\/12\/Nordic-Padel-small_1-1.png","contentUrl":"https:\/\/nordicpadel.com\/sv\/wp-content\/uploads\/sites\/10\/2022\/12\/Nordic-Padel-small_1-1.png","width":400,"height":119,"caption":"Nordic Padel"},"image":{"@id":"https:\/\/nordicpadel.com\/sv\/#\/schema\/logo\/image\/"}}]}},"brands":[],"_links":{"self":[{"href":"https:\/\/nordicpadel.com\/sv\/wp-json\/wp\/v2\/product\/89171","targetHints":{"allow":["GET"]}}],"collection":[{"href":"https:\/\/nordicpadel.com\/sv\/wp-json\/wp\/v2\/product"}],"about":[{"href":"https:\/\/nordicpadel.com\/sv\/wp-json\/wp\/v2\/types\/product"}],"replies":[{"embeddable":true,"href":"https:\/\/nordicpadel.com\/sv\/wp-json\/wp\/v2\/comments?post=89171"}],"wp:featuredmedia":[{"embeddable":true,"href":"https:\/\/nordicpadel.com\/sv\/wp-json\/wp\/v2\/media\/89167"}],"wp:attachment":[{"href":"https:\/\/nordicpadel.com\/sv\/wp-json\/wp\/v2\/media?parent=89171"}],"wp:term":[{"taxonomy":"pwb-brand","embeddable":true,"href":"https:\/\/nordicpadel.com\/sv\/wp-json\/wp\/v2\/pwb-brand?post=89171"},{"taxonomy":"product_cat","embeddable":true,"href":"https:\/\/nordicpadel.com\/sv\/wp-json\/wp\/v2\/product_cat?post=89171"},{"taxonomy":"product_tag","embeddable":true,"href":"https:\/\/nordicpadel.com\/sv\/wp-json\/wp\/v2\/product_tag?post=89171"},{"taxonomy":"woo-feed-brand","embeddable":true,"href":"https:\/\/nordicpadel.com\/sv\/wp-json\/wp\/v2\/woo-feed-brand?post=89171"}],"curies":[{"name":"wp","href":"https:\/\/api.w.org\/{rel}","templated":true}]}}