{"id":89143,"date":"2025-11-26T18:08:08","date_gmt":"2025-11-26T17:08:08","guid":{"rendered":"https:\/\/nordicpadel.com\/sv\/product\/bullpadel-flow-spo\/"},"modified":"2025-11-27T17:13:54","modified_gmt":"2025-11-27T16:13:54","slug":"bullpadel-flow-spo","status":"publish","type":"product","link":"https:\/\/nordicpadel.com\/sv\/product\/bullpadel-flow-spo\/","title":{"rendered":"Bullpadel Flow &#8220;SPO&#8221;"},"content":{"rendered":"<p>Limiterade Bullpadel Flow Swedish Padel Open \u00e4r h\u00e4r!<\/p>\n<p>Bullpadel Flow SPO v\u00e4ger ca 20-30 g mindre \u00e4n \u00f6vriga racketar inom Pro line-serien. Det g\u00f6r att racket passar f\u00f6r spelare som av olika sk\u00e4l s\u00f6ker ett l\u00e4ttare racket utan att ge avkall p\u00e5 \u00f6vriga spelegenskaper. Ett l\u00e4ttare racket \u00e4r ocks\u00e5 att rekommendera till den som har problem med armb\u00e5gen eller som har tendens till \u201dpadelarmb\u00e5ge\u201d.<\/p>\n<p>Flow \u00e4r ett hybridformat racket som ger pelaren en bra balans mellan fart och kontroll. Slagytan best\u00e5r av det nya materialet Fibrix, som \u00e4r en blandning av kolfiber och glasfiber som ger en fin mix va fart och kontroll.<\/p>\n<p>Skumgummik\u00e4rnan Adaptia som \u00e4r av typen Multieva, vilket \u00e4r en blandning av material med olika densitet. Det yttre lagret har en h\u00f6gre densitet som verkar vid snabba bollar och ger dem h\u00f6gre kraft, medan det inre lagret med en l\u00e4gre densitet verkar vid l\u00e5ngsammare bollar och f\u00f6rb\u00e4ttrar kontrollen.<\/p>\n<p>Precis som samtliga Bullpadel\u2019s Pro Line-racketar \u00e4r Flow modellen utrustat med vibrationsd\u00e4mpningssystemet Vibradrive, ett silikonmaterial som ligger l\u00e4ngs hela handtaget och d\u00e4mpar vibrationer. Handledsremmen \u00e4r tillverkad av ett bredare och sk\u00f6nare material i st\u00e4llet f\u00f6r det traditionella sn\u00f6ret.<\/p>\n<p>En transparent ramskyddstejp medf\u00f6ljer som s\u00e4tts p\u00e5 f\u00f6r att skydda racketets kanter mot slag och st\u00f6tar.<\/p>\n<p>3D Grain \u00e4r en teknologi man har applicerat som \u00e4r en ruggad yta som ger dig mer bett i bollen och d\u00e4rmed mer spin och effekt i ditt spel.<\/p>\n","protected":false},"excerpt":{"rendered":"<p>Limiterade Bullpadel Flow Swedish Padel Open \u00e4r h\u00e4r! Bullpadel Flow SPO v\u00e4ger ca 20-30 g mindre \u00e4n \u00f6vriga racketar inom Pro line-serien. Det g\u00f6r att racket passar f\u00f6r spelare som av olika sk\u00e4l s\u00f6ker ett l\u00e4ttare racket utan att ge avkall p\u00e5 \u00f6vriga spelegenskaper. Ett l\u00e4ttare racket \u00e4r ocks\u00e5 att rekommendera till den som har [&hellip;]<\/p>\n","protected":false},"featured_media":89141,"comment_status":"open","ping_status":"closed","template":"","meta":[],"pwb-brand":[],"product_cat":[457],"product_tag":[],"woo-feed-brand":[],"class_list":{"0":"post-89143","1":"product","2":"type-product","3":"status-publish","4":"has-post-thumbnail","6":"product_cat-bullpadel","7":"pa_varumarke-bullpadel","9":"first","10":"outofstock","11":"sale","12":"taxable","13":"shipping-taxable","14":"purchasable","15":"product-type-simple"},"bundled_by":[],"bundle_stock_status":"outofstock","bundle_stock_quantity":0,"bundle_virtual":false,"bundle_layout":"","bundle_add_to_cart_form_location":"","bundle_editable_in_cart":false,"bundle_sold_individually_context":"","bundle_item_grouping":"","bundle_min_size":"","bundle_max_size":"","bundled_items":[],"bundle_sell_ids":[],"acf":[],"yoast_head":"<!-- This site is optimized with the Yoast SEO plugin v23.1 - https:\/\/yoast.com\/wordpress\/plugins\/seo\/ -->\n<title>Bullpadel Flow &quot;SPO&quot; - Nordic Padel<\/title>\n<meta name=\"robots\" content=\"index, follow, max-snippet:-1, max-image-preview:large, max-video-preview:-1\" \/>\n<link rel=\"canonical\" href=\"https:\/\/nordicpadel.com\/sv\/product\/bullpadel-flow-spo\/\" \/>\n<meta property=\"og:locale\" content=\"sv_SE\" \/>\n<meta property=\"og:type\" content=\"article\" \/>\n<meta property=\"og:title\" content=\"Bullpadel Flow &quot;SPO&quot; - Nordic Padel\" \/>\n<meta property=\"og:description\" content=\"Limiterade Bullpadel Flow Swedish Padel Open \u00e4r h\u00e4r! Bullpadel Flow SPO v\u00e4ger ca 20-30 g mindre \u00e4n \u00f6vriga racketar inom Pro line-serien. Det g\u00f6r att racket passar f\u00f6r spelare som av olika sk\u00e4l s\u00f6ker ett l\u00e4ttare racket utan att ge avkall p\u00e5 \u00f6vriga spelegenskaper. Ett l\u00e4ttare racket \u00e4r ocks\u00e5 att rekommendera till den som har [&hellip;]\" \/>\n<meta property=\"og:url\" content=\"https:\/\/nordicpadel.com\/sv\/product\/bullpadel-flow-spo\/\" \/>\n<meta property=\"og:site_name\" content=\"Nordic Padel\" \/>\n<meta property=\"article:modified_time\" content=\"2025-11-27T16:13:54+00:00\" \/>\n<meta property=\"og:image\" content=\"https:\/\/nordicpadel.com\/sv\/wp-content\/uploads\/sites\/10\/2025\/11\/7791da133f19fc0f1f14d5dd7f434820.png\" \/>\n\t<meta property=\"og:image:width\" content=\"800\" \/>\n\t<meta property=\"og:image:height\" content=\"800\" \/>\n\t<meta property=\"og:image:type\" content=\"image\/png\" \/>\n<meta name=\"twitter:card\" content=\"summary_large_image\" \/>\n<meta name=\"twitter:label1\" content=\"Ber\u00e4knad l\u00e4stid\" \/>\n\t<meta name=\"twitter:data1\" content=\"1 minut\" \/>\n<script type=\"application\/ld+json\" class=\"yoast-schema-graph\">{\"@context\":\"https:\/\/schema.org\",\"@graph\":[{\"@type\":\"WebPage\",\"@id\":\"https:\/\/nordicpadel.com\/sv\/product\/bullpadel-flow-spo\/\",\"url\":\"https:\/\/nordicpadel.com\/sv\/product\/bullpadel-flow-spo\/\",\"name\":\"Bullpadel Flow \\\"SPO\\\" - Nordic Padel\",\"isPartOf\":{\"@id\":\"https:\/\/nordicpadel.com\/sv\/#website\"},\"primaryImageOfPage\":{\"@id\":\"https:\/\/nordicpadel.com\/sv\/product\/bullpadel-flow-spo\/#primaryimage\"},\"image\":{\"@id\":\"https:\/\/nordicpadel.com\/sv\/product\/bullpadel-flow-spo\/#primaryimage\"},\"thumbnailUrl\":\"https:\/\/nordicpadel.com\/sv\/wp-content\/uploads\/sites\/10\/2025\/11\/7791da133f19fc0f1f14d5dd7f434820.png\",\"datePublished\":\"2025-11-26T17:08:08+00:00\",\"dateModified\":\"2025-11-27T16:13:54+00:00\",\"breadcrumb\":{\"@id\":\"https:\/\/nordicpadel.com\/sv\/product\/bullpadel-flow-spo\/#breadcrumb\"},\"inLanguage\":\"sv-SE\",\"potentialAction\":[{\"@type\":\"ReadAction\",\"target\":[\"https:\/\/nordicpadel.com\/sv\/product\/bullpadel-flow-spo\/\"]}]},{\"@type\":\"ImageObject\",\"inLanguage\":\"sv-SE\",\"@id\":\"https:\/\/nordicpadel.com\/sv\/product\/bullpadel-flow-spo\/#primaryimage\",\"url\":\"https:\/\/nordicpadel.com\/sv\/wp-content\/uploads\/sites\/10\/2025\/11\/7791da133f19fc0f1f14d5dd7f434820.png\",\"contentUrl\":\"https:\/\/nordicpadel.com\/sv\/wp-content\/uploads\/sites\/10\/2025\/11\/7791da133f19fc0f1f14d5dd7f434820.png\",\"width\":800,\"height\":800,\"caption\":\"Bullpadel Flow \\\"SPO\\\"\"},{\"@type\":\"BreadcrumbList\",\"@id\":\"https:\/\/nordicpadel.com\/sv\/product\/bullpadel-flow-spo\/#breadcrumb\",\"itemListElement\":[{\"@type\":\"ListItem\",\"position\":1,\"name\":\"Hem\",\"item\":\"https:\/\/nordicpadel.com\/sv\/\"},{\"@type\":\"ListItem\",\"position\":2,\"name\":\"Shop\",\"item\":\"https:\/\/nordicpadel.com\/sv\/shop\/\"},{\"@type\":\"ListItem\",\"position\":3,\"name\":\"Bullpadel Flow &#8220;SPO&#8221;\"}]},{\"@type\":\"WebSite\",\"@id\":\"https:\/\/nordicpadel.com\/sv\/#website\",\"url\":\"https:\/\/nordicpadel.com\/sv\/\",\"name\":\"Nordic Padel\",\"description\":\"\",\"publisher\":{\"@id\":\"https:\/\/nordicpadel.com\/sv\/#organization\"},\"potentialAction\":[{\"@type\":\"SearchAction\",\"target\":{\"@type\":\"EntryPoint\",\"urlTemplate\":\"https:\/\/nordicpadel.com\/sv\/?s={search_term_string}\"},\"query-input\":\"required name=search_term_string\"}],\"inLanguage\":\"sv-SE\"},{\"@type\":\"Organization\",\"@id\":\"https:\/\/nordicpadel.com\/sv\/#organization\",\"name\":\"Nordic Padel\",\"url\":\"https:\/\/nordicpadel.com\/sv\/\",\"logo\":{\"@type\":\"ImageObject\",\"inLanguage\":\"sv-SE\",\"@id\":\"https:\/\/nordicpadel.com\/sv\/#\/schema\/logo\/image\/\",\"url\":\"https:\/\/nordicpadel.com\/sv\/wp-content\/uploads\/sites\/10\/2022\/12\/Nordic-Padel-small_1-1.png\",\"contentUrl\":\"https:\/\/nordicpadel.com\/sv\/wp-content\/uploads\/sites\/10\/2022\/12\/Nordic-Padel-small_1-1.png\",\"width\":400,\"height\":119,\"caption\":\"Nordic Padel\"},\"image\":{\"@id\":\"https:\/\/nordicpadel.com\/sv\/#\/schema\/logo\/image\/\"}}]}<\/script>\n<!-- \/ Yoast SEO plugin. -->","yoast_head_json":{"title":"Bullpadel Flow \"SPO\" - Nordic Padel","robots":{"index":"index","follow":"follow","max-snippet":"max-snippet:-1","max-image-preview":"max-image-preview:large","max-video-preview":"max-video-preview:-1"},"canonical":"https:\/\/nordicpadel.com\/sv\/product\/bullpadel-flow-spo\/","og_locale":"sv_SE","og_type":"article","og_title":"Bullpadel Flow \"SPO\" - Nordic Padel","og_description":"Limiterade Bullpadel Flow Swedish Padel Open \u00e4r h\u00e4r! Bullpadel Flow SPO v\u00e4ger ca 20-30 g mindre \u00e4n \u00f6vriga racketar inom Pro line-serien. Det g\u00f6r att racket passar f\u00f6r spelare som av olika sk\u00e4l s\u00f6ker ett l\u00e4ttare racket utan att ge avkall p\u00e5 \u00f6vriga spelegenskaper. Ett l\u00e4ttare racket \u00e4r ocks\u00e5 att rekommendera till den som har [&hellip;]","og_url":"https:\/\/nordicpadel.com\/sv\/product\/bullpadel-flow-spo\/","og_site_name":"Nordic Padel","article_modified_time":"2025-11-27T16:13:54+00:00","og_image":[{"width":800,"height":800,"url":"https:\/\/nordicpadel.com\/sv\/wp-content\/uploads\/sites\/10\/2025\/11\/7791da133f19fc0f1f14d5dd7f434820.png","type":"image\/png"}],"twitter_card":"summary_large_image","twitter_misc":{"Ber\u00e4knad l\u00e4stid":"1 minut"},"schema":{"@context":"https:\/\/schema.org","@graph":[{"@type":"WebPage","@id":"https:\/\/nordicpadel.com\/sv\/product\/bullpadel-flow-spo\/","url":"https:\/\/nordicpadel.com\/sv\/product\/bullpadel-flow-spo\/","name":"Bullpadel Flow \"SPO\" - Nordic Padel","isPartOf":{"@id":"https:\/\/nordicpadel.com\/sv\/#website"},"primaryImageOfPage":{"@id":"https:\/\/nordicpadel.com\/sv\/product\/bullpadel-flow-spo\/#primaryimage"},"image":{"@id":"https:\/\/nordicpadel.com\/sv\/product\/bullpadel-flow-spo\/#primaryimage"},"thumbnailUrl":"https:\/\/nordicpadel.com\/sv\/wp-content\/uploads\/sites\/10\/2025\/11\/7791da133f19fc0f1f14d5dd7f434820.png","datePublished":"2025-11-26T17:08:08+00:00","dateModified":"2025-11-27T16:13:54+00:00","breadcrumb":{"@id":"https:\/\/nordicpadel.com\/sv\/product\/bullpadel-flow-spo\/#breadcrumb"},"inLanguage":"sv-SE","potentialAction":[{"@type":"ReadAction","target":["https:\/\/nordicpadel.com\/sv\/product\/bullpadel-flow-spo\/"]}]},{"@type":"ImageObject","inLanguage":"sv-SE","@id":"https:\/\/nordicpadel.com\/sv\/product\/bullpadel-flow-spo\/#primaryimage","url":"https:\/\/nordicpadel.com\/sv\/wp-content\/uploads\/sites\/10\/2025\/11\/7791da133f19fc0f1f14d5dd7f434820.png","contentUrl":"https:\/\/nordicpadel.com\/sv\/wp-content\/uploads\/sites\/10\/2025\/11\/7791da133f19fc0f1f14d5dd7f434820.png","width":800,"height":800,"caption":"Bullpadel Flow \"SPO\""},{"@type":"BreadcrumbList","@id":"https:\/\/nordicpadel.com\/sv\/product\/bullpadel-flow-spo\/#breadcrumb","itemListElement":[{"@type":"ListItem","position":1,"name":"Hem","item":"https:\/\/nordicpadel.com\/sv\/"},{"@type":"ListItem","position":2,"name":"Shop","item":"https:\/\/nordicpadel.com\/sv\/shop\/"},{"@type":"ListItem","position":3,"name":"Bullpadel Flow &#8220;SPO&#8221;"}]},{"@type":"WebSite","@id":"https:\/\/nordicpadel.com\/sv\/#website","url":"https:\/\/nordicpadel.com\/sv\/","name":"Nordic Padel","description":"","publisher":{"@id":"https:\/\/nordicpadel.com\/sv\/#organization"},"potentialAction":[{"@type":"SearchAction","target":{"@type":"EntryPoint","urlTemplate":"https:\/\/nordicpadel.com\/sv\/?s={search_term_string}"},"query-input":"required name=search_term_string"}],"inLanguage":"sv-SE"},{"@type":"Organization","@id":"https:\/\/nordicpadel.com\/sv\/#organization","name":"Nordic Padel","url":"https:\/\/nordicpadel.com\/sv\/","logo":{"@type":"ImageObject","inLanguage":"sv-SE","@id":"https:\/\/nordicpadel.com\/sv\/#\/schema\/logo\/image\/","url":"https:\/\/nordicpadel.com\/sv\/wp-content\/uploads\/sites\/10\/2022\/12\/Nordic-Padel-small_1-1.png","contentUrl":"https:\/\/nordicpadel.com\/sv\/wp-content\/uploads\/sites\/10\/2022\/12\/Nordic-Padel-small_1-1.png","width":400,"height":119,"caption":"Nordic Padel"},"image":{"@id":"https:\/\/nordicpadel.com\/sv\/#\/schema\/logo\/image\/"}}]}},"brands":[],"_links":{"self":[{"href":"https:\/\/nordicpadel.com\/sv\/wp-json\/wp\/v2\/product\/89143","targetHints":{"allow":["GET"]}}],"collection":[{"href":"https:\/\/nordicpadel.com\/sv\/wp-json\/wp\/v2\/product"}],"about":[{"href":"https:\/\/nordicpadel.com\/sv\/wp-json\/wp\/v2\/types\/product"}],"replies":[{"embeddable":true,"href":"https:\/\/nordicpadel.com\/sv\/wp-json\/wp\/v2\/comments?post=89143"}],"wp:featuredmedia":[{"embeddable":true,"href":"https:\/\/nordicpadel.com\/sv\/wp-json\/wp\/v2\/media\/89141"}],"wp:attachment":[{"href":"https:\/\/nordicpadel.com\/sv\/wp-json\/wp\/v2\/media?parent=89143"}],"wp:term":[{"taxonomy":"pwb-brand","embeddable":true,"href":"https:\/\/nordicpadel.com\/sv\/wp-json\/wp\/v2\/pwb-brand?post=89143"},{"taxonomy":"product_cat","embeddable":true,"href":"https:\/\/nordicpadel.com\/sv\/wp-json\/wp\/v2\/product_cat?post=89143"},{"taxonomy":"product_tag","embeddable":true,"href":"https:\/\/nordicpadel.com\/sv\/wp-json\/wp\/v2\/product_tag?post=89143"},{"taxonomy":"woo-feed-brand","embeddable":true,"href":"https:\/\/nordicpadel.com\/sv\/wp-json\/wp\/v2\/woo-feed-brand?post=89143"}],"curies":[{"name":"wp","href":"https:\/\/api.w.org\/{rel}","templated":true}]}}