{"id":89135,"date":"2025-11-26T18:07:58","date_gmt":"2025-11-26T17:07:58","guid":{"rendered":"https:\/\/nordicpadel.com\/sv\/product\/bullpadel-next-hybrid-pro\/"},"modified":"2026-02-20T11:05:14","modified_gmt":"2026-02-20T10:05:14","slug":"bullpadel-next-hybrid-pro","status":"publish","type":"product","link":"https:\/\/nordicpadel.com\/sv\/product\/bullpadel-next-hybrid-pro\/","title":{"rendered":"Bullpadel Next Hybrid Pro"},"content":{"rendered":"<p>Den st\u00f6rsta skillnaden j\u00e4mf\u00f6rt med de tidigare modellerna \u00e4r dess sula, med en h\u00f6gre profil f\u00f6r st\u00f6rre d\u00e4mpning. \u00c4nnu en nyheten \u00e4r \u201cSUPPORT ARC\u201d, vilket \u00e4r ett st\u00f6d som skapar stabilitet i fotens b\u00e5gomr\u00e5de. Det b\u00f6r ocks\u00e5 noteras att det \u00e4r en hybridsula med dubbar och sillben, f\u00f6r st\u00f6rre r\u00f6relsefrihet, kompletterad med ROTOX-systemet. Strukturen har en LATERAL MOVEMENT l\u00e4ngsg\u00e5ende kanal som gynnar d\u00e4mpning, samtidigt som den har tv\u00e5 tv\u00e4rg\u00e5ende flexionkanaler f\u00f6r att underl\u00e4tta fotens naturliga r\u00f6relser vid b\u00f6jning. Dess meshdesign med tryck och v\u00e4rmef\u00f6rseglade funktioner g\u00f6r den till en unik och attraktiv sko perfekt anpassad f\u00f6r padelbanan. F\u00e4rg: Bl\u00e5svart<br \/>L\u00e4s g\u00e4rna v\u00e5r <a href=\"https:\/\/nordicpadel.com\/sv\/guide-padelskor\/\">skoguide<\/a> som inneh\u00e5ller tips samt en storleksguide f\u00f6r att hj\u00e4lpa dig hitta r\u00e4tt skor.<\/p>\n","protected":false},"excerpt":{"rendered":"<p>Den st\u00f6rsta skillnaden j\u00e4mf\u00f6rt med de tidigare modellerna \u00e4r dess sula, med en h\u00f6gre profil f\u00f6r st\u00f6rre d\u00e4mpning. \u00c4nnu en nyheten \u00e4r \u201cSUPPORT ARC\u201d, vilket \u00e4r ett st\u00f6d som skapar stabilitet i fotens b\u00e5gomr\u00e5de. Det b\u00f6r ocks\u00e5 noteras att det \u00e4r en hybridsula med dubbar och sillben, f\u00f6r st\u00f6rre r\u00f6relsefrihet, kompletterad med ROTOX-systemet. Strukturen har [&hellip;]<\/p>\n","protected":false},"featured_media":89131,"comment_status":"open","ping_status":"closed","template":"","meta":[],"pwb-brand":[],"product_cat":[457,38],"product_tag":[],"woo-feed-brand":[],"class_list":{"0":"post-89135","1":"product","2":"type-product","3":"status-publish","4":"has-post-thumbnail","6":"product_cat-bullpadel","7":"product_cat-herr","8":"pa_varumarke-bullpadel","10":"first","11":"outofstock","12":"sale","13":"taxable","14":"shipping-taxable","15":"purchasable","16":"product-type-simple"},"bundled_by":[],"bundle_stock_status":"outofstock","bundle_stock_quantity":0,"bundle_virtual":false,"bundle_layout":"","bundle_add_to_cart_form_location":"","bundle_editable_in_cart":false,"bundle_sold_individually_context":"","bundle_item_grouping":"","bundle_min_size":"","bundle_max_size":"","bundled_items":[],"bundle_sell_ids":[],"acf":[],"yoast_head":"<!-- This site is optimized with the Yoast SEO plugin v23.1 - https:\/\/yoast.com\/wordpress\/plugins\/seo\/ -->\n<title>Bullpadel Next Hybrid Pro - Nordic Padel<\/title>\n<meta name=\"robots\" content=\"index, follow, max-snippet:-1, max-image-preview:large, max-video-preview:-1\" \/>\n<link rel=\"canonical\" href=\"https:\/\/nordicpadel.com\/sv\/product\/bullpadel-next-hybrid-pro\/\" \/>\n<meta property=\"og:locale\" content=\"sv_SE\" \/>\n<meta property=\"og:type\" content=\"article\" \/>\n<meta property=\"og:title\" content=\"Bullpadel Next Hybrid Pro - Nordic Padel\" \/>\n<meta property=\"og:description\" content=\"Den st\u00f6rsta skillnaden j\u00e4mf\u00f6rt med de tidigare modellerna \u00e4r dess sula, med en h\u00f6gre profil f\u00f6r st\u00f6rre d\u00e4mpning. \u00c4nnu en nyheten \u00e4r \u201cSUPPORT ARC\u201d, vilket \u00e4r ett st\u00f6d som skapar stabilitet i fotens b\u00e5gomr\u00e5de. Det b\u00f6r ocks\u00e5 noteras att det \u00e4r en hybridsula med dubbar och sillben, f\u00f6r st\u00f6rre r\u00f6relsefrihet, kompletterad med ROTOX-systemet. Strukturen har [&hellip;]\" \/>\n<meta property=\"og:url\" content=\"https:\/\/nordicpadel.com\/sv\/product\/bullpadel-next-hybrid-pro\/\" \/>\n<meta property=\"og:site_name\" content=\"Nordic Padel\" \/>\n<meta property=\"article:modified_time\" content=\"2026-02-20T10:05:14+00:00\" \/>\n<meta property=\"og:image\" content=\"https:\/\/nordicpadel.com\/sv\/wp-content\/uploads\/sites\/10\/2025\/11\/2e74441df14a0e6d70e1e52278f33536-1.png\" \/>\n\t<meta property=\"og:image:width\" content=\"800\" \/>\n\t<meta property=\"og:image:height\" content=\"800\" \/>\n\t<meta property=\"og:image:type\" content=\"image\/png\" \/>\n<meta name=\"twitter:card\" content=\"summary_large_image\" \/>\n<meta name=\"twitter:label1\" content=\"Ber\u00e4knad l\u00e4stid\" \/>\n\t<meta name=\"twitter:data1\" content=\"1 minut\" \/>\n<script type=\"application\/ld+json\" class=\"yoast-schema-graph\">{\"@context\":\"https:\/\/schema.org\",\"@graph\":[{\"@type\":\"WebPage\",\"@id\":\"https:\/\/nordicpadel.com\/sv\/product\/bullpadel-next-hybrid-pro\/\",\"url\":\"https:\/\/nordicpadel.com\/sv\/product\/bullpadel-next-hybrid-pro\/\",\"name\":\"Bullpadel Next Hybrid Pro - Nordic Padel\",\"isPartOf\":{\"@id\":\"https:\/\/nordicpadel.com\/sv\/#website\"},\"primaryImageOfPage\":{\"@id\":\"https:\/\/nordicpadel.com\/sv\/product\/bullpadel-next-hybrid-pro\/#primaryimage\"},\"image\":{\"@id\":\"https:\/\/nordicpadel.com\/sv\/product\/bullpadel-next-hybrid-pro\/#primaryimage\"},\"thumbnailUrl\":\"https:\/\/nordicpadel.com\/sv\/wp-content\/uploads\/sites\/10\/2025\/11\/2e74441df14a0e6d70e1e52278f33536-1.png\",\"datePublished\":\"2025-11-26T17:07:58+00:00\",\"dateModified\":\"2026-02-20T10:05:14+00:00\",\"breadcrumb\":{\"@id\":\"https:\/\/nordicpadel.com\/sv\/product\/bullpadel-next-hybrid-pro\/#breadcrumb\"},\"inLanguage\":\"sv-SE\",\"potentialAction\":[{\"@type\":\"ReadAction\",\"target\":[\"https:\/\/nordicpadel.com\/sv\/product\/bullpadel-next-hybrid-pro\/\"]}]},{\"@type\":\"ImageObject\",\"inLanguage\":\"sv-SE\",\"@id\":\"https:\/\/nordicpadel.com\/sv\/product\/bullpadel-next-hybrid-pro\/#primaryimage\",\"url\":\"https:\/\/nordicpadel.com\/sv\/wp-content\/uploads\/sites\/10\/2025\/11\/2e74441df14a0e6d70e1e52278f33536-1.png\",\"contentUrl\":\"https:\/\/nordicpadel.com\/sv\/wp-content\/uploads\/sites\/10\/2025\/11\/2e74441df14a0e6d70e1e52278f33536-1.png\",\"width\":800,\"height\":800,\"caption\":\"Bullpadel Next Hybrid Pro\"},{\"@type\":\"BreadcrumbList\",\"@id\":\"https:\/\/nordicpadel.com\/sv\/product\/bullpadel-next-hybrid-pro\/#breadcrumb\",\"itemListElement\":[{\"@type\":\"ListItem\",\"position\":1,\"name\":\"Hem\",\"item\":\"https:\/\/nordicpadel.com\/sv\/\"},{\"@type\":\"ListItem\",\"position\":2,\"name\":\"Shop\",\"item\":\"https:\/\/nordicpadel.com\/sv\/shop\/\"},{\"@type\":\"ListItem\",\"position\":3,\"name\":\"Bullpadel Next Hybrid Pro\"}]},{\"@type\":\"WebSite\",\"@id\":\"https:\/\/nordicpadel.com\/sv\/#website\",\"url\":\"https:\/\/nordicpadel.com\/sv\/\",\"name\":\"Nordic Padel\",\"description\":\"\",\"publisher\":{\"@id\":\"https:\/\/nordicpadel.com\/sv\/#organization\"},\"potentialAction\":[{\"@type\":\"SearchAction\",\"target\":{\"@type\":\"EntryPoint\",\"urlTemplate\":\"https:\/\/nordicpadel.com\/sv\/?s={search_term_string}\"},\"query-input\":\"required name=search_term_string\"}],\"inLanguage\":\"sv-SE\"},{\"@type\":\"Organization\",\"@id\":\"https:\/\/nordicpadel.com\/sv\/#organization\",\"name\":\"Nordic Padel\",\"url\":\"https:\/\/nordicpadel.com\/sv\/\",\"logo\":{\"@type\":\"ImageObject\",\"inLanguage\":\"sv-SE\",\"@id\":\"https:\/\/nordicpadel.com\/sv\/#\/schema\/logo\/image\/\",\"url\":\"https:\/\/nordicpadel.com\/sv\/wp-content\/uploads\/sites\/10\/2022\/12\/Nordic-Padel-small_1-1.png\",\"contentUrl\":\"https:\/\/nordicpadel.com\/sv\/wp-content\/uploads\/sites\/10\/2022\/12\/Nordic-Padel-small_1-1.png\",\"width\":400,\"height\":119,\"caption\":\"Nordic Padel\"},\"image\":{\"@id\":\"https:\/\/nordicpadel.com\/sv\/#\/schema\/logo\/image\/\"}}]}<\/script>\n<!-- \/ Yoast SEO plugin. -->","yoast_head_json":{"title":"Bullpadel Next Hybrid Pro - Nordic Padel","robots":{"index":"index","follow":"follow","max-snippet":"max-snippet:-1","max-image-preview":"max-image-preview:large","max-video-preview":"max-video-preview:-1"},"canonical":"https:\/\/nordicpadel.com\/sv\/product\/bullpadel-next-hybrid-pro\/","og_locale":"sv_SE","og_type":"article","og_title":"Bullpadel Next Hybrid Pro - Nordic Padel","og_description":"Den st\u00f6rsta skillnaden j\u00e4mf\u00f6rt med de tidigare modellerna \u00e4r dess sula, med en h\u00f6gre profil f\u00f6r st\u00f6rre d\u00e4mpning. \u00c4nnu en nyheten \u00e4r \u201cSUPPORT ARC\u201d, vilket \u00e4r ett st\u00f6d som skapar stabilitet i fotens b\u00e5gomr\u00e5de. Det b\u00f6r ocks\u00e5 noteras att det \u00e4r en hybridsula med dubbar och sillben, f\u00f6r st\u00f6rre r\u00f6relsefrihet, kompletterad med ROTOX-systemet. Strukturen har [&hellip;]","og_url":"https:\/\/nordicpadel.com\/sv\/product\/bullpadel-next-hybrid-pro\/","og_site_name":"Nordic Padel","article_modified_time":"2026-02-20T10:05:14+00:00","og_image":[{"width":800,"height":800,"url":"https:\/\/nordicpadel.com\/sv\/wp-content\/uploads\/sites\/10\/2025\/11\/2e74441df14a0e6d70e1e52278f33536-1.png","type":"image\/png"}],"twitter_card":"summary_large_image","twitter_misc":{"Ber\u00e4knad l\u00e4stid":"1 minut"},"schema":{"@context":"https:\/\/schema.org","@graph":[{"@type":"WebPage","@id":"https:\/\/nordicpadel.com\/sv\/product\/bullpadel-next-hybrid-pro\/","url":"https:\/\/nordicpadel.com\/sv\/product\/bullpadel-next-hybrid-pro\/","name":"Bullpadel Next Hybrid Pro - Nordic Padel","isPartOf":{"@id":"https:\/\/nordicpadel.com\/sv\/#website"},"primaryImageOfPage":{"@id":"https:\/\/nordicpadel.com\/sv\/product\/bullpadel-next-hybrid-pro\/#primaryimage"},"image":{"@id":"https:\/\/nordicpadel.com\/sv\/product\/bullpadel-next-hybrid-pro\/#primaryimage"},"thumbnailUrl":"https:\/\/nordicpadel.com\/sv\/wp-content\/uploads\/sites\/10\/2025\/11\/2e74441df14a0e6d70e1e52278f33536-1.png","datePublished":"2025-11-26T17:07:58+00:00","dateModified":"2026-02-20T10:05:14+00:00","breadcrumb":{"@id":"https:\/\/nordicpadel.com\/sv\/product\/bullpadel-next-hybrid-pro\/#breadcrumb"},"inLanguage":"sv-SE","potentialAction":[{"@type":"ReadAction","target":["https:\/\/nordicpadel.com\/sv\/product\/bullpadel-next-hybrid-pro\/"]}]},{"@type":"ImageObject","inLanguage":"sv-SE","@id":"https:\/\/nordicpadel.com\/sv\/product\/bullpadel-next-hybrid-pro\/#primaryimage","url":"https:\/\/nordicpadel.com\/sv\/wp-content\/uploads\/sites\/10\/2025\/11\/2e74441df14a0e6d70e1e52278f33536-1.png","contentUrl":"https:\/\/nordicpadel.com\/sv\/wp-content\/uploads\/sites\/10\/2025\/11\/2e74441df14a0e6d70e1e52278f33536-1.png","width":800,"height":800,"caption":"Bullpadel Next Hybrid Pro"},{"@type":"BreadcrumbList","@id":"https:\/\/nordicpadel.com\/sv\/product\/bullpadel-next-hybrid-pro\/#breadcrumb","itemListElement":[{"@type":"ListItem","position":1,"name":"Hem","item":"https:\/\/nordicpadel.com\/sv\/"},{"@type":"ListItem","position":2,"name":"Shop","item":"https:\/\/nordicpadel.com\/sv\/shop\/"},{"@type":"ListItem","position":3,"name":"Bullpadel Next Hybrid Pro"}]},{"@type":"WebSite","@id":"https:\/\/nordicpadel.com\/sv\/#website","url":"https:\/\/nordicpadel.com\/sv\/","name":"Nordic Padel","description":"","publisher":{"@id":"https:\/\/nordicpadel.com\/sv\/#organization"},"potentialAction":[{"@type":"SearchAction","target":{"@type":"EntryPoint","urlTemplate":"https:\/\/nordicpadel.com\/sv\/?s={search_term_string}"},"query-input":"required name=search_term_string"}],"inLanguage":"sv-SE"},{"@type":"Organization","@id":"https:\/\/nordicpadel.com\/sv\/#organization","name":"Nordic Padel","url":"https:\/\/nordicpadel.com\/sv\/","logo":{"@type":"ImageObject","inLanguage":"sv-SE","@id":"https:\/\/nordicpadel.com\/sv\/#\/schema\/logo\/image\/","url":"https:\/\/nordicpadel.com\/sv\/wp-content\/uploads\/sites\/10\/2022\/12\/Nordic-Padel-small_1-1.png","contentUrl":"https:\/\/nordicpadel.com\/sv\/wp-content\/uploads\/sites\/10\/2022\/12\/Nordic-Padel-small_1-1.png","width":400,"height":119,"caption":"Nordic Padel"},"image":{"@id":"https:\/\/nordicpadel.com\/sv\/#\/schema\/logo\/image\/"}}]}},"brands":[],"_links":{"self":[{"href":"https:\/\/nordicpadel.com\/sv\/wp-json\/wp\/v2\/product\/89135","targetHints":{"allow":["GET"]}}],"collection":[{"href":"https:\/\/nordicpadel.com\/sv\/wp-json\/wp\/v2\/product"}],"about":[{"href":"https:\/\/nordicpadel.com\/sv\/wp-json\/wp\/v2\/types\/product"}],"replies":[{"embeddable":true,"href":"https:\/\/nordicpadel.com\/sv\/wp-json\/wp\/v2\/comments?post=89135"}],"wp:featuredmedia":[{"embeddable":true,"href":"https:\/\/nordicpadel.com\/sv\/wp-json\/wp\/v2\/media\/89131"}],"wp:attachment":[{"href":"https:\/\/nordicpadel.com\/sv\/wp-json\/wp\/v2\/media?parent=89135"}],"wp:term":[{"taxonomy":"pwb-brand","embeddable":true,"href":"https:\/\/nordicpadel.com\/sv\/wp-json\/wp\/v2\/pwb-brand?post=89135"},{"taxonomy":"product_cat","embeddable":true,"href":"https:\/\/nordicpadel.com\/sv\/wp-json\/wp\/v2\/product_cat?post=89135"},{"taxonomy":"product_tag","embeddable":true,"href":"https:\/\/nordicpadel.com\/sv\/wp-json\/wp\/v2\/product_tag?post=89135"},{"taxonomy":"woo-feed-brand","embeddable":true,"href":"https:\/\/nordicpadel.com\/sv\/wp-json\/wp\/v2\/woo-feed-brand?post=89135"}],"curies":[{"name":"wp","href":"https:\/\/api.w.org\/{rel}","templated":true}]}}