{"id":89130,"date":"2025-11-26T18:07:52","date_gmt":"2025-11-26T17:07:52","guid":{"rendered":"https:\/\/nordicpadel.com\/sv\/product\/asics-solution-swift-padel\/"},"modified":"2026-02-02T17:08:54","modified_gmt":"2026-02-02T16:08:54","slug":"asics-solution-swift-padel","status":"publish","type":"product","link":"https:\/\/nordicpadel.com\/sv\/product\/asics-solution-swift-padel\/","title":{"rendered":"Asics Solution Swift Padel"},"content":{"rendered":"<p>Asics Solution Swifft FF Padel \u00e4r en ny riktigt v\u00e4larbetad dedikerad <a href=\"https:\/\/nordicpadel.com\/sv\/product-category\/padelskor\/herr\/\">padelsko<\/a> ifr\u00e5n Asics som forts\u00e4tter att leverera h\u00f6gkvalitativa skor till racketssporter. Skorna \u00e4r utrustade med bra d\u00e4mpning b\u00e5de fram till och baktill, dessutom anv\u00e4nder Asics Flytefoam som \u00e4r ett l\u00e5gviktsmaterial som st\u00e5r emot tuff p\u00e5frestning. Twistruss teknologin i mellandelen av skon ger dig den stabilitet som en bra tennissko och <a href=\"https:\/\/nordicpadel.com\/sv\/product-category\/padelskor\/herr\/\">padelsko<\/a> skall ha. Passar till alla olika typer av underlag tack vare att Asics anv\u00e4nder sig utav en specifikt utvecklad padelsula som ger optimalt grepp p\u00e5 flera typer av padelunderlag. Detta \u00e4r ers\u00e4ttaren till Asics s\u00e5 popul\u00e4ra Lima-modell och Solution Swift FF Padel \u00e4r s\u00e5ledes j\u00e4mf\u00f6rbara med Asics Padel Lima-skon.<br \/>L\u00e4s g\u00e4rna v\u00e5r <a href=\"https:\/\/nordicpadel.com\/sv\/guide-padelskor\/\">skoguide<\/a> som inneh\u00e5ller tips samt en storleksguide f\u00f6r att hj\u00e4lpa dig hitta r\u00e4tt skor.<\/p>\n","protected":false},"excerpt":{"rendered":"<p>Asics Solution Swifft FF Padel \u00e4r en ny riktigt v\u00e4larbetad dedikerad padelsko ifr\u00e5n Asics som forts\u00e4tter att leverera h\u00f6gkvalitativa skor till racketssporter. Skorna \u00e4r utrustade med bra d\u00e4mpning b\u00e5de fram till och baktill, dessutom anv\u00e4nder Asics Flytefoam som \u00e4r ett l\u00e5gviktsmaterial som st\u00e5r emot tuff p\u00e5frestning. Twistruss teknologin i mellandelen av skon ger dig den [&hellip;]<\/p>\n","protected":false},"featured_media":89127,"comment_status":"open","ping_status":"closed","template":"","meta":[],"pwb-brand":[],"product_cat":[38],"product_tag":[],"woo-feed-brand":[],"class_list":{"0":"post-89130","1":"product","2":"type-product","3":"status-publish","4":"has-post-thumbnail","6":"product_cat-herr","7":"pa_varumarke-asics","9":"first","10":"outofstock","11":"sale","12":"taxable","13":"shipping-taxable","14":"purchasable","15":"product-type-variable"},"bundled_by":[],"bundle_stock_status":"outofstock","bundle_stock_quantity":0,"bundle_virtual":false,"bundle_layout":"","bundle_add_to_cart_form_location":"","bundle_editable_in_cart":false,"bundle_sold_individually_context":"","bundle_item_grouping":"","bundle_min_size":"","bundle_max_size":"","bundled_items":[],"bundle_sell_ids":[],"acf":[],"yoast_head":"<!-- This site is optimized with the Yoast SEO plugin v23.1 - https:\/\/yoast.com\/wordpress\/plugins\/seo\/ -->\n<title>Asics Solution Swift Padel - Nordic Padel<\/title>\n<meta name=\"robots\" content=\"index, follow, max-snippet:-1, max-image-preview:large, max-video-preview:-1\" \/>\n<link rel=\"canonical\" href=\"https:\/\/nordicpadel.com\/sv\/product\/asics-solution-swift-padel\/\" \/>\n<meta property=\"og:locale\" content=\"sv_SE\" \/>\n<meta property=\"og:type\" content=\"article\" \/>\n<meta property=\"og:title\" content=\"Asics Solution Swift Padel - Nordic Padel\" \/>\n<meta property=\"og:description\" content=\"Asics Solution Swifft FF Padel \u00e4r en ny riktigt v\u00e4larbetad dedikerad padelsko ifr\u00e5n Asics som forts\u00e4tter att leverera h\u00f6gkvalitativa skor till racketssporter. Skorna \u00e4r utrustade med bra d\u00e4mpning b\u00e5de fram till och baktill, dessutom anv\u00e4nder Asics Flytefoam som \u00e4r ett l\u00e5gviktsmaterial som st\u00e5r emot tuff p\u00e5frestning. Twistruss teknologin i mellandelen av skon ger dig den [&hellip;]\" \/>\n<meta property=\"og:url\" content=\"https:\/\/nordicpadel.com\/sv\/product\/asics-solution-swift-padel\/\" \/>\n<meta property=\"og:site_name\" content=\"Nordic Padel\" \/>\n<meta property=\"article:modified_time\" content=\"2026-02-02T16:08:54+00:00\" \/>\n<meta property=\"og:image\" content=\"https:\/\/nordicpadel.com\/sv\/wp-content\/uploads\/sites\/10\/2025\/11\/bce3859d63386eac47c5bb6b4b1059d6.png\" \/>\n\t<meta property=\"og:image:width\" content=\"800\" \/>\n\t<meta property=\"og:image:height\" content=\"800\" \/>\n\t<meta property=\"og:image:type\" content=\"image\/png\" \/>\n<meta name=\"twitter:card\" content=\"summary_large_image\" \/>\n<meta name=\"twitter:label1\" content=\"Ber\u00e4knad l\u00e4stid\" \/>\n\t<meta name=\"twitter:data1\" content=\"1 minut\" \/>\n<script type=\"application\/ld+json\" class=\"yoast-schema-graph\">{\"@context\":\"https:\/\/schema.org\",\"@graph\":[{\"@type\":\"WebPage\",\"@id\":\"https:\/\/nordicpadel.com\/sv\/product\/asics-solution-swift-padel\/\",\"url\":\"https:\/\/nordicpadel.com\/sv\/product\/asics-solution-swift-padel\/\",\"name\":\"Asics Solution Swift Padel - Nordic Padel\",\"isPartOf\":{\"@id\":\"https:\/\/nordicpadel.com\/sv\/#website\"},\"primaryImageOfPage\":{\"@id\":\"https:\/\/nordicpadel.com\/sv\/product\/asics-solution-swift-padel\/#primaryimage\"},\"image\":{\"@id\":\"https:\/\/nordicpadel.com\/sv\/product\/asics-solution-swift-padel\/#primaryimage\"},\"thumbnailUrl\":\"https:\/\/nordicpadel.com\/sv\/wp-content\/uploads\/sites\/10\/2025\/11\/bce3859d63386eac47c5bb6b4b1059d6.png\",\"datePublished\":\"2025-11-26T17:07:52+00:00\",\"dateModified\":\"2026-02-02T16:08:54+00:00\",\"breadcrumb\":{\"@id\":\"https:\/\/nordicpadel.com\/sv\/product\/asics-solution-swift-padel\/#breadcrumb\"},\"inLanguage\":\"sv-SE\",\"potentialAction\":[{\"@type\":\"ReadAction\",\"target\":[\"https:\/\/nordicpadel.com\/sv\/product\/asics-solution-swift-padel\/\"]}]},{\"@type\":\"ImageObject\",\"inLanguage\":\"sv-SE\",\"@id\":\"https:\/\/nordicpadel.com\/sv\/product\/asics-solution-swift-padel\/#primaryimage\",\"url\":\"https:\/\/nordicpadel.com\/sv\/wp-content\/uploads\/sites\/10\/2025\/11\/bce3859d63386eac47c5bb6b4b1059d6.png\",\"contentUrl\":\"https:\/\/nordicpadel.com\/sv\/wp-content\/uploads\/sites\/10\/2025\/11\/bce3859d63386eac47c5bb6b4b1059d6.png\",\"width\":800,\"height\":800,\"caption\":\"Asics Solution Swift Padel\"},{\"@type\":\"BreadcrumbList\",\"@id\":\"https:\/\/nordicpadel.com\/sv\/product\/asics-solution-swift-padel\/#breadcrumb\",\"itemListElement\":[{\"@type\":\"ListItem\",\"position\":1,\"name\":\"Hem\",\"item\":\"https:\/\/nordicpadel.com\/sv\/\"},{\"@type\":\"ListItem\",\"position\":2,\"name\":\"Shop\",\"item\":\"https:\/\/nordicpadel.com\/sv\/shop\/\"},{\"@type\":\"ListItem\",\"position\":3,\"name\":\"Asics Solution Swift Padel\"}]},{\"@type\":\"WebSite\",\"@id\":\"https:\/\/nordicpadel.com\/sv\/#website\",\"url\":\"https:\/\/nordicpadel.com\/sv\/\",\"name\":\"Nordic Padel\",\"description\":\"\",\"publisher\":{\"@id\":\"https:\/\/nordicpadel.com\/sv\/#organization\"},\"potentialAction\":[{\"@type\":\"SearchAction\",\"target\":{\"@type\":\"EntryPoint\",\"urlTemplate\":\"https:\/\/nordicpadel.com\/sv\/?s={search_term_string}\"},\"query-input\":\"required name=search_term_string\"}],\"inLanguage\":\"sv-SE\"},{\"@type\":\"Organization\",\"@id\":\"https:\/\/nordicpadel.com\/sv\/#organization\",\"name\":\"Nordic Padel\",\"url\":\"https:\/\/nordicpadel.com\/sv\/\",\"logo\":{\"@type\":\"ImageObject\",\"inLanguage\":\"sv-SE\",\"@id\":\"https:\/\/nordicpadel.com\/sv\/#\/schema\/logo\/image\/\",\"url\":\"https:\/\/nordicpadel.com\/sv\/wp-content\/uploads\/sites\/10\/2022\/12\/Nordic-Padel-small_1-1.png\",\"contentUrl\":\"https:\/\/nordicpadel.com\/sv\/wp-content\/uploads\/sites\/10\/2022\/12\/Nordic-Padel-small_1-1.png\",\"width\":400,\"height\":119,\"caption\":\"Nordic Padel\"},\"image\":{\"@id\":\"https:\/\/nordicpadel.com\/sv\/#\/schema\/logo\/image\/\"}}]}<\/script>\n<!-- \/ Yoast SEO plugin. -->","yoast_head_json":{"title":"Asics Solution Swift Padel - Nordic Padel","robots":{"index":"index","follow":"follow","max-snippet":"max-snippet:-1","max-image-preview":"max-image-preview:large","max-video-preview":"max-video-preview:-1"},"canonical":"https:\/\/nordicpadel.com\/sv\/product\/asics-solution-swift-padel\/","og_locale":"sv_SE","og_type":"article","og_title":"Asics Solution Swift Padel - Nordic Padel","og_description":"Asics Solution Swifft FF Padel \u00e4r en ny riktigt v\u00e4larbetad dedikerad padelsko ifr\u00e5n Asics som forts\u00e4tter att leverera h\u00f6gkvalitativa skor till racketssporter. Skorna \u00e4r utrustade med bra d\u00e4mpning b\u00e5de fram till och baktill, dessutom anv\u00e4nder Asics Flytefoam som \u00e4r ett l\u00e5gviktsmaterial som st\u00e5r emot tuff p\u00e5frestning. Twistruss teknologin i mellandelen av skon ger dig den [&hellip;]","og_url":"https:\/\/nordicpadel.com\/sv\/product\/asics-solution-swift-padel\/","og_site_name":"Nordic Padel","article_modified_time":"2026-02-02T16:08:54+00:00","og_image":[{"width":800,"height":800,"url":"https:\/\/nordicpadel.com\/sv\/wp-content\/uploads\/sites\/10\/2025\/11\/bce3859d63386eac47c5bb6b4b1059d6.png","type":"image\/png"}],"twitter_card":"summary_large_image","twitter_misc":{"Ber\u00e4knad l\u00e4stid":"1 minut"},"schema":{"@context":"https:\/\/schema.org","@graph":[{"@type":"WebPage","@id":"https:\/\/nordicpadel.com\/sv\/product\/asics-solution-swift-padel\/","url":"https:\/\/nordicpadel.com\/sv\/product\/asics-solution-swift-padel\/","name":"Asics Solution Swift Padel - Nordic Padel","isPartOf":{"@id":"https:\/\/nordicpadel.com\/sv\/#website"},"primaryImageOfPage":{"@id":"https:\/\/nordicpadel.com\/sv\/product\/asics-solution-swift-padel\/#primaryimage"},"image":{"@id":"https:\/\/nordicpadel.com\/sv\/product\/asics-solution-swift-padel\/#primaryimage"},"thumbnailUrl":"https:\/\/nordicpadel.com\/sv\/wp-content\/uploads\/sites\/10\/2025\/11\/bce3859d63386eac47c5bb6b4b1059d6.png","datePublished":"2025-11-26T17:07:52+00:00","dateModified":"2026-02-02T16:08:54+00:00","breadcrumb":{"@id":"https:\/\/nordicpadel.com\/sv\/product\/asics-solution-swift-padel\/#breadcrumb"},"inLanguage":"sv-SE","potentialAction":[{"@type":"ReadAction","target":["https:\/\/nordicpadel.com\/sv\/product\/asics-solution-swift-padel\/"]}]},{"@type":"ImageObject","inLanguage":"sv-SE","@id":"https:\/\/nordicpadel.com\/sv\/product\/asics-solution-swift-padel\/#primaryimage","url":"https:\/\/nordicpadel.com\/sv\/wp-content\/uploads\/sites\/10\/2025\/11\/bce3859d63386eac47c5bb6b4b1059d6.png","contentUrl":"https:\/\/nordicpadel.com\/sv\/wp-content\/uploads\/sites\/10\/2025\/11\/bce3859d63386eac47c5bb6b4b1059d6.png","width":800,"height":800,"caption":"Asics Solution Swift Padel"},{"@type":"BreadcrumbList","@id":"https:\/\/nordicpadel.com\/sv\/product\/asics-solution-swift-padel\/#breadcrumb","itemListElement":[{"@type":"ListItem","position":1,"name":"Hem","item":"https:\/\/nordicpadel.com\/sv\/"},{"@type":"ListItem","position":2,"name":"Shop","item":"https:\/\/nordicpadel.com\/sv\/shop\/"},{"@type":"ListItem","position":3,"name":"Asics Solution Swift Padel"}]},{"@type":"WebSite","@id":"https:\/\/nordicpadel.com\/sv\/#website","url":"https:\/\/nordicpadel.com\/sv\/","name":"Nordic Padel","description":"","publisher":{"@id":"https:\/\/nordicpadel.com\/sv\/#organization"},"potentialAction":[{"@type":"SearchAction","target":{"@type":"EntryPoint","urlTemplate":"https:\/\/nordicpadel.com\/sv\/?s={search_term_string}"},"query-input":"required name=search_term_string"}],"inLanguage":"sv-SE"},{"@type":"Organization","@id":"https:\/\/nordicpadel.com\/sv\/#organization","name":"Nordic Padel","url":"https:\/\/nordicpadel.com\/sv\/","logo":{"@type":"ImageObject","inLanguage":"sv-SE","@id":"https:\/\/nordicpadel.com\/sv\/#\/schema\/logo\/image\/","url":"https:\/\/nordicpadel.com\/sv\/wp-content\/uploads\/sites\/10\/2022\/12\/Nordic-Padel-small_1-1.png","contentUrl":"https:\/\/nordicpadel.com\/sv\/wp-content\/uploads\/sites\/10\/2022\/12\/Nordic-Padel-small_1-1.png","width":400,"height":119,"caption":"Nordic Padel"},"image":{"@id":"https:\/\/nordicpadel.com\/sv\/#\/schema\/logo\/image\/"}}]}},"brands":[],"_links":{"self":[{"href":"https:\/\/nordicpadel.com\/sv\/wp-json\/wp\/v2\/product\/89130","targetHints":{"allow":["GET"]}}],"collection":[{"href":"https:\/\/nordicpadel.com\/sv\/wp-json\/wp\/v2\/product"}],"about":[{"href":"https:\/\/nordicpadel.com\/sv\/wp-json\/wp\/v2\/types\/product"}],"replies":[{"embeddable":true,"href":"https:\/\/nordicpadel.com\/sv\/wp-json\/wp\/v2\/comments?post=89130"}],"wp:featuredmedia":[{"embeddable":true,"href":"https:\/\/nordicpadel.com\/sv\/wp-json\/wp\/v2\/media\/89127"}],"wp:attachment":[{"href":"https:\/\/nordicpadel.com\/sv\/wp-json\/wp\/v2\/media?parent=89130"}],"wp:term":[{"taxonomy":"pwb-brand","embeddable":true,"href":"https:\/\/nordicpadel.com\/sv\/wp-json\/wp\/v2\/pwb-brand?post=89130"},{"taxonomy":"product_cat","embeddable":true,"href":"https:\/\/nordicpadel.com\/sv\/wp-json\/wp\/v2\/product_cat?post=89130"},{"taxonomy":"product_tag","embeddable":true,"href":"https:\/\/nordicpadel.com\/sv\/wp-json\/wp\/v2\/product_tag?post=89130"},{"taxonomy":"woo-feed-brand","embeddable":true,"href":"https:\/\/nordicpadel.com\/sv\/wp-json\/wp\/v2\/woo-feed-brand?post=89130"}],"curies":[{"name":"wp","href":"https:\/\/api.w.org\/{rel}","templated":true}]}}