{"id":88801,"date":"2025-11-26T17:54:19","date_gmt":"2025-11-26T16:54:19","guid":{"rendered":"https:\/\/nordicpadel.com\/sv\/product\/prince-falcon\/"},"modified":"2025-11-27T17:07:49","modified_gmt":"2025-11-27T16:07:49","slug":"prince-falcon","status":"publish","type":"product","link":"https:\/\/nordicpadel.com\/sv\/product\/prince-falcon\/","title":{"rendered":"Prince Falcon"},"content":{"rendered":"<p><span id=\"isPasted\" style=\"font-family: sans-serif;font-size: 14px;font-style: normal;font-weight: 400;letter-spacing: normal;text-align: left;text-indent: 0px;text-transform: none;display: inline !important;float: none\">Prince Falcon \u00e4r ett diamantformat racket med h\u00f6g balansen och \u00e4r ett perfekt racket f\u00f6r spelaren som vill ha ett offensivt racket f\u00f6r att leverera vinnande slag.<\/span><\/p>\n<p>F\u00f6r att ytterligare ge mer fart har racket har ett v\u00e4ldigt styvt ytskikt p\u00e5 24k kolfiber och \u00e4r s\u00e5ledes ett v\u00e4ldigt responsivt racket f\u00f6r dig som s\u00f6ker en explosiv k\u00e4nsla i bolltr\u00e4ffen. Vidare har tr\u00e4ffytan Prince Shot Spin-teknik, som inneb\u00e4r att racket har en struktur p\u00e5 ytan vilket ger mer effekt vid t.ex. kickade smashar.&nbsp;<\/p>\n<p>F\u00f6r att ge \u00f6kad stabilitet i racket anv\u00e4nder sig Prince av sin TRIPLE THREAT-teknik som d\u00e5 f\u00f6rb\u00e4ttrar stabiliteten i varje slag.<\/p>\n","protected":false},"excerpt":{"rendered":"<p>Prince Falcon \u00e4r ett diamantformat racket med h\u00f6g balansen och \u00e4r ett perfekt racket f\u00f6r spelaren som vill ha ett offensivt racket f\u00f6r att leverera vinnande slag. F\u00f6r att ytterligare ge mer fart har racket har ett v\u00e4ldigt styvt ytskikt p\u00e5 24k kolfiber och \u00e4r s\u00e5ledes ett v\u00e4ldigt responsivt racket f\u00f6r dig som s\u00f6ker en [&hellip;]<\/p>\n","protected":false},"featured_media":88800,"comment_status":"open","ping_status":"closed","template":"","meta":[],"pwb-brand":[],"product_cat":[16],"product_tag":[],"woo-feed-brand":[],"class_list":{"0":"post-88801","1":"product","2":"type-product","3":"status-publish","4":"has-post-thumbnail","6":"product_cat-padelracket","7":"pa_varumarke-prince","9":"first","10":"outofstock","11":"sale","12":"taxable","13":"shipping-taxable","14":"purchasable","15":"product-type-simple"},"bundled_by":[],"bundle_stock_status":"outofstock","bundle_stock_quantity":0,"bundle_virtual":false,"bundle_layout":"","bundle_add_to_cart_form_location":"","bundle_editable_in_cart":false,"bundle_sold_individually_context":"","bundle_item_grouping":"","bundle_min_size":"","bundle_max_size":"","bundled_items":[],"bundle_sell_ids":[],"acf":[],"yoast_head":"<!-- This site is optimized with the Yoast SEO plugin v23.1 - https:\/\/yoast.com\/wordpress\/plugins\/seo\/ -->\n<title>Prince Falcon - Nordic Padel<\/title>\n<meta name=\"robots\" content=\"index, follow, max-snippet:-1, max-image-preview:large, max-video-preview:-1\" \/>\n<link rel=\"canonical\" href=\"https:\/\/nordicpadel.com\/sv\/product\/prince-falcon\/\" \/>\n<meta property=\"og:locale\" content=\"sv_SE\" \/>\n<meta property=\"og:type\" content=\"article\" \/>\n<meta property=\"og:title\" content=\"Prince Falcon - Nordic Padel\" \/>\n<meta property=\"og:description\" content=\"Prince Falcon \u00e4r ett diamantformat racket med h\u00f6g balansen och \u00e4r ett perfekt racket f\u00f6r spelaren som vill ha ett offensivt racket f\u00f6r att leverera vinnande slag. F\u00f6r att ytterligare ge mer fart har racket har ett v\u00e4ldigt styvt ytskikt p\u00e5 24k kolfiber och \u00e4r s\u00e5ledes ett v\u00e4ldigt responsivt racket f\u00f6r dig som s\u00f6ker en [&hellip;]\" \/>\n<meta property=\"og:url\" content=\"https:\/\/nordicpadel.com\/sv\/product\/prince-falcon\/\" \/>\n<meta property=\"og:site_name\" content=\"Nordic Padel\" \/>\n<meta property=\"article:modified_time\" content=\"2025-11-27T16:07:49+00:00\" \/>\n<meta property=\"og:image\" content=\"https:\/\/nordicpadel.com\/sv\/wp-content\/uploads\/sites\/10\/2025\/11\/70296a9244cc39184db28150f925506d.png\" \/>\n\t<meta property=\"og:image:width\" content=\"800\" \/>\n\t<meta property=\"og:image:height\" content=\"800\" \/>\n\t<meta property=\"og:image:type\" content=\"image\/png\" \/>\n<meta name=\"twitter:card\" content=\"summary_large_image\" \/>\n<meta name=\"twitter:label1\" content=\"Ber\u00e4knad l\u00e4stid\" \/>\n\t<meta name=\"twitter:data1\" content=\"1 minut\" \/>\n<script type=\"application\/ld+json\" class=\"yoast-schema-graph\">{\"@context\":\"https:\/\/schema.org\",\"@graph\":[{\"@type\":\"WebPage\",\"@id\":\"https:\/\/nordicpadel.com\/sv\/product\/prince-falcon\/\",\"url\":\"https:\/\/nordicpadel.com\/sv\/product\/prince-falcon\/\",\"name\":\"Prince Falcon - Nordic Padel\",\"isPartOf\":{\"@id\":\"https:\/\/nordicpadel.com\/sv\/#website\"},\"primaryImageOfPage\":{\"@id\":\"https:\/\/nordicpadel.com\/sv\/product\/prince-falcon\/#primaryimage\"},\"image\":{\"@id\":\"https:\/\/nordicpadel.com\/sv\/product\/prince-falcon\/#primaryimage\"},\"thumbnailUrl\":\"https:\/\/nordicpadel.com\/sv\/wp-content\/uploads\/sites\/10\/2025\/11\/70296a9244cc39184db28150f925506d.png\",\"datePublished\":\"2025-11-26T16:54:19+00:00\",\"dateModified\":\"2025-11-27T16:07:49+00:00\",\"breadcrumb\":{\"@id\":\"https:\/\/nordicpadel.com\/sv\/product\/prince-falcon\/#breadcrumb\"},\"inLanguage\":\"sv-SE\",\"potentialAction\":[{\"@type\":\"ReadAction\",\"target\":[\"https:\/\/nordicpadel.com\/sv\/product\/prince-falcon\/\"]}]},{\"@type\":\"ImageObject\",\"inLanguage\":\"sv-SE\",\"@id\":\"https:\/\/nordicpadel.com\/sv\/product\/prince-falcon\/#primaryimage\",\"url\":\"https:\/\/nordicpadel.com\/sv\/wp-content\/uploads\/sites\/10\/2025\/11\/70296a9244cc39184db28150f925506d.png\",\"contentUrl\":\"https:\/\/nordicpadel.com\/sv\/wp-content\/uploads\/sites\/10\/2025\/11\/70296a9244cc39184db28150f925506d.png\",\"width\":800,\"height\":800,\"caption\":\"Prince Falcon\"},{\"@type\":\"BreadcrumbList\",\"@id\":\"https:\/\/nordicpadel.com\/sv\/product\/prince-falcon\/#breadcrumb\",\"itemListElement\":[{\"@type\":\"ListItem\",\"position\":1,\"name\":\"Hem\",\"item\":\"https:\/\/nordicpadel.com\/sv\/\"},{\"@type\":\"ListItem\",\"position\":2,\"name\":\"Shop\",\"item\":\"https:\/\/nordicpadel.com\/sv\/shop\/\"},{\"@type\":\"ListItem\",\"position\":3,\"name\":\"Prince Falcon\"}]},{\"@type\":\"WebSite\",\"@id\":\"https:\/\/nordicpadel.com\/sv\/#website\",\"url\":\"https:\/\/nordicpadel.com\/sv\/\",\"name\":\"Nordic Padel\",\"description\":\"\",\"publisher\":{\"@id\":\"https:\/\/nordicpadel.com\/sv\/#organization\"},\"potentialAction\":[{\"@type\":\"SearchAction\",\"target\":{\"@type\":\"EntryPoint\",\"urlTemplate\":\"https:\/\/nordicpadel.com\/sv\/?s={search_term_string}\"},\"query-input\":\"required name=search_term_string\"}],\"inLanguage\":\"sv-SE\"},{\"@type\":\"Organization\",\"@id\":\"https:\/\/nordicpadel.com\/sv\/#organization\",\"name\":\"Nordic Padel\",\"url\":\"https:\/\/nordicpadel.com\/sv\/\",\"logo\":{\"@type\":\"ImageObject\",\"inLanguage\":\"sv-SE\",\"@id\":\"https:\/\/nordicpadel.com\/sv\/#\/schema\/logo\/image\/\",\"url\":\"https:\/\/nordicpadel.com\/sv\/wp-content\/uploads\/sites\/10\/2022\/12\/Nordic-Padel-small_1-1.png\",\"contentUrl\":\"https:\/\/nordicpadel.com\/sv\/wp-content\/uploads\/sites\/10\/2022\/12\/Nordic-Padel-small_1-1.png\",\"width\":400,\"height\":119,\"caption\":\"Nordic Padel\"},\"image\":{\"@id\":\"https:\/\/nordicpadel.com\/sv\/#\/schema\/logo\/image\/\"}}]}<\/script>\n<!-- \/ Yoast SEO plugin. -->","yoast_head_json":{"title":"Prince Falcon - Nordic Padel","robots":{"index":"index","follow":"follow","max-snippet":"max-snippet:-1","max-image-preview":"max-image-preview:large","max-video-preview":"max-video-preview:-1"},"canonical":"https:\/\/nordicpadel.com\/sv\/product\/prince-falcon\/","og_locale":"sv_SE","og_type":"article","og_title":"Prince Falcon - Nordic Padel","og_description":"Prince Falcon \u00e4r ett diamantformat racket med h\u00f6g balansen och \u00e4r ett perfekt racket f\u00f6r spelaren som vill ha ett offensivt racket f\u00f6r att leverera vinnande slag. F\u00f6r att ytterligare ge mer fart har racket har ett v\u00e4ldigt styvt ytskikt p\u00e5 24k kolfiber och \u00e4r s\u00e5ledes ett v\u00e4ldigt responsivt racket f\u00f6r dig som s\u00f6ker en [&hellip;]","og_url":"https:\/\/nordicpadel.com\/sv\/product\/prince-falcon\/","og_site_name":"Nordic Padel","article_modified_time":"2025-11-27T16:07:49+00:00","og_image":[{"width":800,"height":800,"url":"https:\/\/nordicpadel.com\/sv\/wp-content\/uploads\/sites\/10\/2025\/11\/70296a9244cc39184db28150f925506d.png","type":"image\/png"}],"twitter_card":"summary_large_image","twitter_misc":{"Ber\u00e4knad l\u00e4stid":"1 minut"},"schema":{"@context":"https:\/\/schema.org","@graph":[{"@type":"WebPage","@id":"https:\/\/nordicpadel.com\/sv\/product\/prince-falcon\/","url":"https:\/\/nordicpadel.com\/sv\/product\/prince-falcon\/","name":"Prince Falcon - Nordic Padel","isPartOf":{"@id":"https:\/\/nordicpadel.com\/sv\/#website"},"primaryImageOfPage":{"@id":"https:\/\/nordicpadel.com\/sv\/product\/prince-falcon\/#primaryimage"},"image":{"@id":"https:\/\/nordicpadel.com\/sv\/product\/prince-falcon\/#primaryimage"},"thumbnailUrl":"https:\/\/nordicpadel.com\/sv\/wp-content\/uploads\/sites\/10\/2025\/11\/70296a9244cc39184db28150f925506d.png","datePublished":"2025-11-26T16:54:19+00:00","dateModified":"2025-11-27T16:07:49+00:00","breadcrumb":{"@id":"https:\/\/nordicpadel.com\/sv\/product\/prince-falcon\/#breadcrumb"},"inLanguage":"sv-SE","potentialAction":[{"@type":"ReadAction","target":["https:\/\/nordicpadel.com\/sv\/product\/prince-falcon\/"]}]},{"@type":"ImageObject","inLanguage":"sv-SE","@id":"https:\/\/nordicpadel.com\/sv\/product\/prince-falcon\/#primaryimage","url":"https:\/\/nordicpadel.com\/sv\/wp-content\/uploads\/sites\/10\/2025\/11\/70296a9244cc39184db28150f925506d.png","contentUrl":"https:\/\/nordicpadel.com\/sv\/wp-content\/uploads\/sites\/10\/2025\/11\/70296a9244cc39184db28150f925506d.png","width":800,"height":800,"caption":"Prince Falcon"},{"@type":"BreadcrumbList","@id":"https:\/\/nordicpadel.com\/sv\/product\/prince-falcon\/#breadcrumb","itemListElement":[{"@type":"ListItem","position":1,"name":"Hem","item":"https:\/\/nordicpadel.com\/sv\/"},{"@type":"ListItem","position":2,"name":"Shop","item":"https:\/\/nordicpadel.com\/sv\/shop\/"},{"@type":"ListItem","position":3,"name":"Prince Falcon"}]},{"@type":"WebSite","@id":"https:\/\/nordicpadel.com\/sv\/#website","url":"https:\/\/nordicpadel.com\/sv\/","name":"Nordic Padel","description":"","publisher":{"@id":"https:\/\/nordicpadel.com\/sv\/#organization"},"potentialAction":[{"@type":"SearchAction","target":{"@type":"EntryPoint","urlTemplate":"https:\/\/nordicpadel.com\/sv\/?s={search_term_string}"},"query-input":"required name=search_term_string"}],"inLanguage":"sv-SE"},{"@type":"Organization","@id":"https:\/\/nordicpadel.com\/sv\/#organization","name":"Nordic Padel","url":"https:\/\/nordicpadel.com\/sv\/","logo":{"@type":"ImageObject","inLanguage":"sv-SE","@id":"https:\/\/nordicpadel.com\/sv\/#\/schema\/logo\/image\/","url":"https:\/\/nordicpadel.com\/sv\/wp-content\/uploads\/sites\/10\/2022\/12\/Nordic-Padel-small_1-1.png","contentUrl":"https:\/\/nordicpadel.com\/sv\/wp-content\/uploads\/sites\/10\/2022\/12\/Nordic-Padel-small_1-1.png","width":400,"height":119,"caption":"Nordic Padel"},"image":{"@id":"https:\/\/nordicpadel.com\/sv\/#\/schema\/logo\/image\/"}}]}},"brands":[],"_links":{"self":[{"href":"https:\/\/nordicpadel.com\/sv\/wp-json\/wp\/v2\/product\/88801","targetHints":{"allow":["GET"]}}],"collection":[{"href":"https:\/\/nordicpadel.com\/sv\/wp-json\/wp\/v2\/product"}],"about":[{"href":"https:\/\/nordicpadel.com\/sv\/wp-json\/wp\/v2\/types\/product"}],"replies":[{"embeddable":true,"href":"https:\/\/nordicpadel.com\/sv\/wp-json\/wp\/v2\/comments?post=88801"}],"wp:featuredmedia":[{"embeddable":true,"href":"https:\/\/nordicpadel.com\/sv\/wp-json\/wp\/v2\/media\/88800"}],"wp:attachment":[{"href":"https:\/\/nordicpadel.com\/sv\/wp-json\/wp\/v2\/media?parent=88801"}],"wp:term":[{"taxonomy":"pwb-brand","embeddable":true,"href":"https:\/\/nordicpadel.com\/sv\/wp-json\/wp\/v2\/pwb-brand?post=88801"},{"taxonomy":"product_cat","embeddable":true,"href":"https:\/\/nordicpadel.com\/sv\/wp-json\/wp\/v2\/product_cat?post=88801"},{"taxonomy":"product_tag","embeddable":true,"href":"https:\/\/nordicpadel.com\/sv\/wp-json\/wp\/v2\/product_tag?post=88801"},{"taxonomy":"woo-feed-brand","embeddable":true,"href":"https:\/\/nordicpadel.com\/sv\/wp-json\/wp\/v2\/woo-feed-brand?post=88801"}],"curies":[{"name":"wp","href":"https:\/\/api.w.org\/{rel}","templated":true}]}}